{"id":110982,"date":"2023-12-03T21:45:10","date_gmt":"2023-12-03T20:45:10","guid":{"rendered":"https:\/\/www.jootjeshaakcadeautjes.nl\/product\/korkenzieher-weinoeffner-rowable\/"},"modified":"2026-01-22T15:36:56","modified_gmt":"2026-01-22T14:36:56","slug":"korkenzieher-weinoeffner-rowable","status":"publish","type":"product","link":"https:\/\/www.jootjeshaakcadeautjes.nl\/de\/produkt\/korkenzieher-weinoeffner-rowable\/","title":{"rendered":"Korkenzieher \/ Wein\u00f6ffner &#8211; Rowable"},"content":{"rendered":"<h2>Korkenzieher \/ Wein\u00f6ffner &#8211; Rowable<\/h2>\n<p>Material: rostfreier Stahl<br \/>\nTyp: Korkenzieher\/Wein\u00f6ffner<\/p>\n<p>Reihbar mit Silikonperlen und Holzperlen. Perfekt f\u00fcr die Feiertage, eine Weinprobe, ein Treffen, einen Junggesellen- oder Junggesellinnenabschied. Personalisieren Sie nach Belieben mit Ihren eigenen Texten oder unseren speziellen Silikon-Gl\u00fcckspuppen und -k\u00f6rpern, damit sie perfekt zum Empf\u00e4nger dieses wunderbaren Geschenks passen! Die Hefteinlage ist etwa 5 cm lang. Zur Gr\u00f6\u00dfenabsch\u00e4tzung. Darauf passen bis zu 4 Silikonperlen von 16 mm rund.<\/p>\n<p>Reinigung: Bitte beachten Sie, dass die Holzperlen nicht in die Sp\u00fclmaschine geh\u00f6ren. Wir empfehlen, das gesamte Bratbesteck von Hand zu waschen. Die Gewindeenden des aufschraubbaren Teils halten nicht lange, wenn sie in der Sp\u00fclmaschine gereinigt werden.<\/p>\n","protected":false},"excerpt":{"rendered":"<p>Material: rostfreier Stahl<br \/>\nTyp: Korkenzieher\/Wein\u00f6ffner, ruderbar<\/p>\n","protected":false},"featured_media":110954,"template":"","meta":[],"product_brand":[],"product_cat":[18094,7186],"product_tag":[7226,7221,7205,7265,7208,7202,7196,7253,7257,7273,7238,7247,7214,7271,7268,7244,7260,7263,7199,7223,7250,7229,7232,7218,7211,7275,7241,7235],"class_list":{"0":"post-110982","1":"product","2":"type-product","3":"status-publish","4":"has-post-thumbnail","6":"product_cat-beadables-und-diy-artikel-weihnachten","7":"product_cat-weinkorken-und-flaschenoffner-mit-gewinde","8":"product_tag-aufreihbar","9":"product_tag-b2b-de","10":"product_tag-diy-de","11":"product_tag-gluck","12":"product_tag-gluckspuppe","13":"product_tag-hobby-de","14":"product_tag-holz","15":"product_tag-junggeselle","16":"product_tag-junggesellenabschied","17":"product_tag-konzept","18":"product_tag-korkenzieher","19":"product_tag-machen-sie-es-selbst","20":"product_tag-machen","21":"product_tag-markt-de","22":"product_tag-materialien","23":"product_tag-partei","24":"product_tag-partei-de","25":"product_tag-partei-de-2","26":"product_tag-perlen","27":"product_tag-personalisierte","28":"product_tag-personalisierte-geschenke","29":"product_tag-personalisierung","30":"product_tag-rostfreier-stahl","31":"product_tag-selbst","32":"product_tag-silikon","33":"product_tag-speichern","34":"product_tag-trinken","35":"product_tag-weinoffner","37":"first","38":"instock","39":"taxable","40":"shipping-taxable","41":"purchasable","42":"product-type-simple"},"bundled_by":[],"bundle_stock_status":"instock","bundle_stock_quantity":97,"bundle_virtual":false,"bundle_layout":"","bundle_add_to_cart_form_location":"","bundle_editable_in_cart":false,"bundle_sold_individually_context":"","bundle_item_grouping":"","bundle_min_size":"","bundle_max_size":"","bundle_price":[],"bundled_items":[],"bundle_sell_ids":[],"yoast_head":"<!-- This site is optimized with the Yoast SEO Premium plugin v26.4 (Yoast SEO v26.9) - https:\/\/yoast.com\/product\/yoast-seo-premium-wordpress\/ -->\n<title>Korkenzieher \/ Wein\u00f6ffner mit Gewinde | DIY | Jootjes<\/title>\n<meta name=\"description\" content=\"Kaufen Sie einen Korkenzieher und gestalten Sie ihn mit unseren Holz- und Silikonperlen ganz nach Ihrem Geschmack. Das perfekte Geschenk f\u00fcr Drinks\/Party.\" \/>\n<meta name=\"robots\" content=\"index, follow, max-snippet:-1, max-image-preview:large, max-video-preview:-1\" \/>\n<link rel=\"canonical\" href=\"https:\/\/www.jootjeshaakcadeautjes.nl\/de\/produkt\/korkenzieher-weinoeffner-rowable\/\" \/>\n<meta property=\"og:locale\" content=\"de_DE\" \/>\n<meta property=\"og:type\" content=\"article\" \/>\n<meta property=\"og:title\" content=\"Korkenzieher \/ Wein\u00f6ffner - Rowable\" \/>\n<meta property=\"og:description\" content=\"Kaufen Sie einen Korkenzieher und gestalten Sie ihn mit unseren Holz- und Silikonperlen ganz nach Ihrem Geschmack. Das perfekte Geschenk f\u00fcr Drinks\/Party.\" \/>\n<meta property=\"og:url\" content=\"https:\/\/www.jootjeshaakcadeautjes.nl\/de\/produkt\/korkenzieher-weinoeffner-rowable\/\" \/>\n<meta property=\"og:site_name\" content=\"Jootjes Haakcadeautjes\" \/>\n<meta property=\"article:modified_time\" content=\"2026-01-22T14:36:56+00:00\" \/>\n<meta property=\"og:image\" content=\"https:\/\/www.jootjeshaakcadeautjes.nl\/wp-content\/uploads\/2023\/12\/20231128_215829.jpg\" \/>\n\t<meta property=\"og:image:width\" content=\"2048\" \/>\n\t<meta property=\"og:image:height\" content=\"2048\" \/>\n\t<meta property=\"og:image:type\" content=\"image\/jpeg\" \/>\n<meta name=\"twitter:card\" content=\"summary_large_image\" \/>\n<meta name=\"twitter:label1\" content=\"Preis\" \/>\n\t<meta name=\"twitter:data1\" content=\"&euro;2.50 inkl. MwSt.\" \/>\n\t<meta name=\"twitter:label2\" content=\"Verf\u00fcgbarkeit\" \/>\n\t<meta name=\"twitter:data2\" content=\"Auf Lager\" \/>\n<script type=\"application\/ld+json\" class=\"yoast-schema-graph\">{\"@context\":\"https:\/\/schema.org\",\"@graph\":[{\"@type\":\"WebPage\",\"@id\":\"https:\/\/www.jootjeshaakcadeautjes.nl\/de\/produkt\/korkenzieher-weinoeffner-rowable\/\",\"url\":\"https:\/\/www.jootjeshaakcadeautjes.nl\/de\/produkt\/korkenzieher-weinoeffner-rowable\/\",\"name\":\"Korkenzieher \/ Wein\u00f6ffner mit Gewinde | DIY | Jootjes\",\"isPartOf\":{\"@id\":\"https:\/\/www.jootjeshaakcadeautjes.nl\/de\/#website\"},\"primaryImageOfPage\":{\"@id\":\"https:\/\/www.jootjeshaakcadeautjes.nl\/de\/produkt\/korkenzieher-weinoeffner-rowable\/#primaryimage\"},\"image\":{\"@id\":\"https:\/\/www.jootjeshaakcadeautjes.nl\/de\/produkt\/korkenzieher-weinoeffner-rowable\/#primaryimage\"},\"thumbnailUrl\":\"https:\/\/d1dyryakdmle7o.cloudfront.net\/wp-content\/uploads\/2023\/12\/20231128_215829.jpg\",\"datePublished\":\"2023-12-03T20:45:10+00:00\",\"dateModified\":\"2026-01-22T14:36:56+00:00\",\"description\":\"Kaufen Sie einen Korkenzieher und gestalten Sie ihn mit unseren Holz- und Silikonperlen ganz nach Ihrem Geschmack. Das perfekte Geschenk f\u00fcr Drinks\/Party.\",\"breadcrumb\":{\"@id\":\"https:\/\/www.jootjeshaakcadeautjes.nl\/de\/produkt\/korkenzieher-weinoeffner-rowable\/#breadcrumb\"},\"inLanguage\":\"de\",\"potentialAction\":[{\"@type\":\"ReadAction\",\"target\":[\"https:\/\/www.jootjeshaakcadeautjes.nl\/de\/produkt\/korkenzieher-weinoeffner-rowable\/\"]}]},{\"@type\":\"ImageObject\",\"inLanguage\":\"de\",\"@id\":\"https:\/\/www.jootjeshaakcadeautjes.nl\/de\/produkt\/korkenzieher-weinoeffner-rowable\/#primaryimage\",\"url\":\"https:\/\/d1dyryakdmle7o.cloudfront.net\/wp-content\/uploads\/2023\/12\/20231128_215829.jpg\",\"contentUrl\":\"https:\/\/d1dyryakdmle7o.cloudfront.net\/wp-content\/uploads\/2023\/12\/20231128_215829.jpg\",\"width\":2048,\"height\":2048,\"caption\":\"Basteable Korkenzieher personalisieren DIY Gro\u00dfhandel Drinks Bachelor Party Party Idee\"},{\"@type\":\"BreadcrumbList\",\"@id\":\"https:\/\/www.jootjeshaakcadeautjes.nl\/de\/produkt\/korkenzieher-weinoeffner-rowable\/#breadcrumb\",\"itemListElement\":[{\"@type\":\"ListItem\",\"position\":1,\"name\":\"Startseite\",\"item\":\"https:\/\/www.jootjeshaakcadeautjes.nl\/de\/\"},{\"@type\":\"ListItem\",\"position\":2,\"name\":\"Gro\u00dfhandel mit Silikonperlen &#8211; Business und Consumer\",\"item\":\"https:\/\/www.jootjeshaakcadeautjes.nl\/de\/shop\/\"},{\"@type\":\"ListItem\",\"position\":3,\"name\":\"Korkenzieher \/ Wein\u00f6ffner &#8211; Rowable\"}]},{\"@type\":\"WebSite\",\"@id\":\"https:\/\/www.jootjeshaakcadeautjes.nl\/de\/#website\",\"url\":\"https:\/\/www.jootjeshaakcadeautjes.nl\/de\/\",\"name\":\"Jootjes Haakcadeautjes\",\"description\":\"Silikonperlen Gro\u00dfhandel \",\"publisher\":{\"@id\":\"https:\/\/www.jootjeshaakcadeautjes.nl\/de\/#organization\"},\"potentialAction\":[{\"@type\":\"SearchAction\",\"target\":{\"@type\":\"EntryPoint\",\"urlTemplate\":\"https:\/\/www.jootjeshaakcadeautjes.nl\/de\/?s={search_term_string}\"},\"query-input\":{\"@type\":\"PropertyValueSpecification\",\"valueRequired\":true,\"valueName\":\"search_term_string\"}}],\"inLanguage\":\"de\"},{\"@type\":\"Organization\",\"@id\":\"https:\/\/www.jootjeshaakcadeautjes.nl\/de\/#organization\",\"name\":\"Jootjes Haakcadeautjes\",\"url\":\"https:\/\/www.jootjeshaakcadeautjes.nl\/de\/\",\"logo\":{\"@type\":\"ImageObject\",\"inLanguage\":\"de\",\"@id\":\"https:\/\/www.jootjeshaakcadeautjes.nl\/de\/#\/schema\/logo\/image\/\",\"url\":\"https:\/\/jootjes-haakcadeautjes-media.s3.amazonaws.com\/wp-content\/uploads\/2023\/05\/Logo-rond.png\",\"contentUrl\":\"https:\/\/jootjes-haakcadeautjes-media.s3.amazonaws.com\/wp-content\/uploads\/2023\/05\/Logo-rond.png\",\"width\":1222,\"height\":1222,\"caption\":\"Jootjes Haakcadeautjes\"},\"image\":{\"@id\":\"https:\/\/www.jootjeshaakcadeautjes.nl\/de\/#\/schema\/logo\/image\/\"}}]}<\/script>\n<meta property=\"product:price:amount\" content=\"2.50\" \/>\n<meta property=\"product:price:currency\" content=\"EUR\" \/>\n<meta property=\"og:availability\" content=\"instock\" \/>\n<meta property=\"product:availability\" content=\"instock\" \/>\n<meta property=\"product:retailer_item_id\" content=\"KRK-WIO-RIJG\" \/>\n<meta property=\"product:condition\" content=\"new\" \/>\n<!-- \/ Yoast SEO Premium plugin. -->","yoast_head_json":{"title":"Korkenzieher \/ Wein\u00f6ffner mit Gewinde | DIY | Jootjes","description":"Kaufen Sie einen Korkenzieher und gestalten Sie ihn mit unseren Holz- und Silikonperlen ganz nach Ihrem Geschmack. Das perfekte Geschenk f\u00fcr Drinks\/Party.","robots":{"index":"index","follow":"follow","max-snippet":"max-snippet:-1","max-image-preview":"max-image-preview:large","max-video-preview":"max-video-preview:-1"},"canonical":"https:\/\/www.jootjeshaakcadeautjes.nl\/de\/produkt\/korkenzieher-weinoeffner-rowable\/","og_locale":"de_DE","og_type":"article","og_title":"Korkenzieher \/ Wein\u00f6ffner - Rowable","og_description":"Kaufen Sie einen Korkenzieher und gestalten Sie ihn mit unseren Holz- und Silikonperlen ganz nach Ihrem Geschmack. Das perfekte Geschenk f\u00fcr Drinks\/Party.","og_url":"https:\/\/www.jootjeshaakcadeautjes.nl\/de\/produkt\/korkenzieher-weinoeffner-rowable\/","og_site_name":"Jootjes Haakcadeautjes","article_modified_time":"2026-01-22T14:36:56+00:00","og_image":[{"width":2048,"height":2048,"url":"https:\/\/www.jootjeshaakcadeautjes.nl\/wp-content\/uploads\/2023\/12\/20231128_215829.jpg","type":"image\/jpeg"}],"twitter_card":"summary_large_image","twitter_misc":{"Preis":"&euro;2.50 inkl. MwSt.","Verf\u00fcgbarkeit":"Auf Lager"},"schema":{"@context":"https:\/\/schema.org","@graph":[{"@type":"WebPage","@id":"https:\/\/www.jootjeshaakcadeautjes.nl\/de\/produkt\/korkenzieher-weinoeffner-rowable\/","url":"https:\/\/www.jootjeshaakcadeautjes.nl\/de\/produkt\/korkenzieher-weinoeffner-rowable\/","name":"Korkenzieher \/ Wein\u00f6ffner mit Gewinde | DIY | Jootjes","isPartOf":{"@id":"https:\/\/www.jootjeshaakcadeautjes.nl\/de\/#website"},"primaryImageOfPage":{"@id":"https:\/\/www.jootjeshaakcadeautjes.nl\/de\/produkt\/korkenzieher-weinoeffner-rowable\/#primaryimage"},"image":{"@id":"https:\/\/www.jootjeshaakcadeautjes.nl\/de\/produkt\/korkenzieher-weinoeffner-rowable\/#primaryimage"},"thumbnailUrl":"https:\/\/d1dyryakdmle7o.cloudfront.net\/wp-content\/uploads\/2023\/12\/20231128_215829.jpg","datePublished":"2023-12-03T20:45:10+00:00","dateModified":"2026-01-22T14:36:56+00:00","description":"Kaufen Sie einen Korkenzieher und gestalten Sie ihn mit unseren Holz- und Silikonperlen ganz nach Ihrem Geschmack. Das perfekte Geschenk f\u00fcr Drinks\/Party.","breadcrumb":{"@id":"https:\/\/www.jootjeshaakcadeautjes.nl\/de\/produkt\/korkenzieher-weinoeffner-rowable\/#breadcrumb"},"inLanguage":"de","potentialAction":[{"@type":"ReadAction","target":["https:\/\/www.jootjeshaakcadeautjes.nl\/de\/produkt\/korkenzieher-weinoeffner-rowable\/"]}]},{"@type":"ImageObject","inLanguage":"de","@id":"https:\/\/www.jootjeshaakcadeautjes.nl\/de\/produkt\/korkenzieher-weinoeffner-rowable\/#primaryimage","url":"https:\/\/d1dyryakdmle7o.cloudfront.net\/wp-content\/uploads\/2023\/12\/20231128_215829.jpg","contentUrl":"https:\/\/d1dyryakdmle7o.cloudfront.net\/wp-content\/uploads\/2023\/12\/20231128_215829.jpg","width":2048,"height":2048,"caption":"Basteable Korkenzieher personalisieren DIY Gro\u00dfhandel Drinks Bachelor Party Party Idee"},{"@type":"BreadcrumbList","@id":"https:\/\/www.jootjeshaakcadeautjes.nl\/de\/produkt\/korkenzieher-weinoeffner-rowable\/#breadcrumb","itemListElement":[{"@type":"ListItem","position":1,"name":"Startseite","item":"https:\/\/www.jootjeshaakcadeautjes.nl\/de\/"},{"@type":"ListItem","position":2,"name":"Gro\u00dfhandel mit Silikonperlen &#8211; Business und Consumer","item":"https:\/\/www.jootjeshaakcadeautjes.nl\/de\/shop\/"},{"@type":"ListItem","position":3,"name":"Korkenzieher \/ Wein\u00f6ffner &#8211; Rowable"}]},{"@type":"WebSite","@id":"https:\/\/www.jootjeshaakcadeautjes.nl\/de\/#website","url":"https:\/\/www.jootjeshaakcadeautjes.nl\/de\/","name":"Jootjes Haakcadeautjes","description":"Silikonperlen Gro\u00dfhandel ","publisher":{"@id":"https:\/\/www.jootjeshaakcadeautjes.nl\/de\/#organization"},"potentialAction":[{"@type":"SearchAction","target":{"@type":"EntryPoint","urlTemplate":"https:\/\/www.jootjeshaakcadeautjes.nl\/de\/?s={search_term_string}"},"query-input":{"@type":"PropertyValueSpecification","valueRequired":true,"valueName":"search_term_string"}}],"inLanguage":"de"},{"@type":"Organization","@id":"https:\/\/www.jootjeshaakcadeautjes.nl\/de\/#organization","name":"Jootjes Haakcadeautjes","url":"https:\/\/www.jootjeshaakcadeautjes.nl\/de\/","logo":{"@type":"ImageObject","inLanguage":"de","@id":"https:\/\/www.jootjeshaakcadeautjes.nl\/de\/#\/schema\/logo\/image\/","url":"https:\/\/jootjes-haakcadeautjes-media.s3.amazonaws.com\/wp-content\/uploads\/2023\/05\/Logo-rond.png","contentUrl":"https:\/\/jootjes-haakcadeautjes-media.s3.amazonaws.com\/wp-content\/uploads\/2023\/05\/Logo-rond.png","width":1222,"height":1222,"caption":"Jootjes Haakcadeautjes"},"image":{"@id":"https:\/\/www.jootjeshaakcadeautjes.nl\/de\/#\/schema\/logo\/image\/"}}]},"product_price_amount":"2.50","product_price_currency":"EUR","og_availability":"instock","product_availability":"instock","product_retailer_item_id":"KRK-WIO-RIJG","product_condition":"new"},"_links":{"self":[{"href":"https:\/\/www.jootjeshaakcadeautjes.nl\/de\/wp-json\/wp\/v2\/product\/110982","targetHints":{"allow":["GET"]}}],"collection":[{"href":"https:\/\/www.jootjeshaakcadeautjes.nl\/de\/wp-json\/wp\/v2\/product"}],"about":[{"href":"https:\/\/www.jootjeshaakcadeautjes.nl\/de\/wp-json\/wp\/v2\/types\/product"}],"version-history":[{"count":0,"href":"https:\/\/www.jootjeshaakcadeautjes.nl\/de\/wp-json\/wp\/v2\/product\/110982\/revisions"}],"wp:featuredmedia":[{"embeddable":true,"href":"https:\/\/www.jootjeshaakcadeautjes.nl\/de\/wp-json\/wp\/v2\/media\/110954"}],"wp:attachment":[{"href":"https:\/\/www.jootjeshaakcadeautjes.nl\/de\/wp-json\/wp\/v2\/media?parent=110982"}],"wp:term":[{"taxonomy":"product_brand","embeddable":true,"href":"https:\/\/www.jootjeshaakcadeautjes.nl\/de\/wp-json\/wp\/v2\/product_brand?post=110982"},{"taxonomy":"product_cat","embeddable":true,"href":"https:\/\/www.jootjeshaakcadeautjes.nl\/de\/wp-json\/wp\/v2\/product_cat?post=110982"},{"taxonomy":"product_tag","embeddable":true,"href":"https:\/\/www.jootjeshaakcadeautjes.nl\/de\/wp-json\/wp\/v2\/product_tag?post=110982"}],"curies":[{"name":"wp","href":"https:\/\/api.w.org\/{rel}","templated":true}]}}