{"id":117864,"date":"2024-04-04T14:15:12","date_gmt":"2024-04-04T13:15:12","guid":{"rendered":"https:\/\/www.jootjeshaakcadeautjes.nl\/product\/buchenholz-ringe-10-cm-15mm-dick-glaenzend-und-unbehandelt\/"},"modified":"2026-03-07T09:39:14","modified_gmt":"2026-03-07T08:39:14","slug":"buchenholz-ringe-10-cm-15mm-dick-glaenzend-und-unbehandelt","status":"publish","type":"product","link":"https:\/\/www.jootjeshaakcadeautjes.nl\/de\/produkt\/buchenholz-ringe-10-cm-15mm-dick-glaenzend-und-unbehandelt\/","title":{"rendered":"Ringe aus Buchenholz &#8211; 10 cm &#8211; 15 mm dick &#8211; glatt, gl\u00e4nzend und unbehandelt"},"content":{"rendered":"<h3><span style=\"color: #48046d;\">Buchenholzringe 10 cm &#8211; Buchenholzring 10 cm gro\u00df, 15 mm dick &#8211; Machen Sie Ihren eigenen Bei\u00dfring aus Holz &#8211; Extra glatt und gl\u00e4nzend, aber unbehandelt.<\/span><\/h3>\n<p><strong>Bezeichnung: <\/strong>Unbehandelte\/blanke Buchenringe 10 cm Durchmesser (Au\u00dfendurchmesser), glatt und gl\u00e4nzend ohne Behandlung. Sichtbare Holzmaserung.<br \/>\n<strong>Material: <\/strong>Unbehandelte, hochwertige, nat\u00fcrliche Buche, 15 mm stark. Im Gegensatz zu Vorhangringen und anderen minderwertigen Ringen werden sie ausschlie\u00dflich <span style=\"text-decoration: underline;\">ohne<\/span> chemische Zus\u00e4tze hergestellt.<br \/>\n<strong>Verarbeitung\/Gr\u00f6\u00dfe: <\/strong>Perfekt rund, 10 cm \/ 100 mm. Dicke 15 mm.<\/p>\n<p style=\"text-align: center;\">\n","protected":false},"excerpt":{"rendered":"<h4><span style=\"color: #48046d;\">Buchenholzringe 10,0 cm \/ 100 mm \/ 15 mm dick<\/span><\/h4>\n<ul>\n<li><span style=\"color: #000000;\">Ring aus Buchenholz.<\/span><\/li>\n<li><span style=\"color: #000000;\">Glatte und gl\u00e4nzende Oberfl\u00e4che mit sichtbarer Holzmaserung ohne Behandlung.<\/span><\/li>\n<li><span style=\"color: #000000;\">Naturprodukt  <\/span><\/li>\n<li><span style=\"color: #000000;\">Chemisch getestet und v\u00f6llig sicher<\/span><\/li>\n<\/ul>\n<p><span style=\"color: #000000;\">Au\u00dfenma\u00df 10,0 cm\/100 mm, 15mm dick<br \/>\nIdeale Gr\u00f6\u00dfe f\u00fcr die Herstellung eines Holzbei\u00dfringes<br \/>\n<\/span><span style=\"color: #000000;\">eines geh\u00e4kelten Bei\u00dfringes aus Holz.<\/span><\/p>\n<p>&nbsp;<\/p>\n","protected":false},"featured_media":89640,"template":"","meta":[],"product_brand":[],"product_cat":[8071,7380,8072,8070],"product_tag":[8074,8092,8086,8088,8087,8079,7385,7420,8090,7416,7890,8085,8046,7196,7442,8091,8083,8078,8081,8089],"class_list":{"0":"post-117864","1":"product","2":"type-product","3":"status-publish","4":"has-post-thumbnail","6":"product_cat-beisringe-baby-silikon-und-holz","7":"product_cat-herstellung-von-baby-beisspielzeug-materialien-fur-schnuller-und-beisringe","8":"product_cat-holzringe-fur-macrame-und-crochet","9":"product_cat-ringe-aus-holz","10":"product_tag-10-de","11":"product_tag-10-cm-de","12":"product_tag-15-mm-de","13":"product_tag-baby-turnhalle","14":"product_tag-babygymnastik","15":"product_tag-beisen","16":"product_tag-beisring","17":"product_tag-cm-de","18":"product_tag-gehakelter-ring","19":"product_tag-gummischnur","20":"product_tag-gummischnur-de","21":"product_tag-hasenohren","22":"product_tag-holz-de","23":"product_tag-holz","24":"product_tag-kinderwagenkette","25":"product_tag-klappern-de","26":"product_tag-klappern","27":"product_tag-ring-de","28":"product_tag-ringe","29":"product_tag-roh","31":"first","32":"instock","33":"taxable","34":"shipping-taxable","35":"purchasable","36":"product-type-simple"},"bundled_by":[],"bundle_stock_status":"instock","bundle_stock_quantity":205,"bundle_virtual":false,"bundle_layout":"","bundle_add_to_cart_form_location":"","bundle_editable_in_cart":false,"bundle_sold_individually_context":"","bundle_item_grouping":"","bundle_min_size":"","bundle_max_size":"","bundle_price":[],"bundled_items":[],"bundle_sell_ids":[],"yoast_head":"<!-- This site is optimized with the Yoast SEO Premium plugin v27.6 (Yoast SEO v27.6) - https:\/\/yoast.com\/product\/yoast-seo-premium-wordpress\/ -->\n<title>Holzringe 7 cm - Holzring 7 cm - Bei\u00dfring aus Holz selber machen<\/title>\n<meta name=\"description\" content=\"Suchen Sie Holzringe 7 cm f\u00fcr Ihren eigenen Bei\u00dfring aus Holz oder einen Holzring 70 mm f\u00fcr eine Holzrassel? Holzring 7 cm \u20ac0,80\/St\u00fcck!\" \/>\n<meta name=\"robots\" content=\"index, follow, max-snippet:-1, max-image-preview:large, max-video-preview:-1\" \/>\n<link rel=\"canonical\" href=\"https:\/\/www.jootjeshaakcadeautjes.nl\/de\/produkt\/buchenholz-ringe-10-cm-15mm-dick-glaenzend-und-unbehandelt\/\" \/>\n<meta property=\"og:locale\" content=\"de_DE\" \/>\n<meta property=\"og:type\" content=\"article\" \/>\n<meta property=\"og:title\" content=\"Ringe aus Buchenholz - 10 cm - 15 mm dick - glatt, gl\u00e4nzend und unbehandelt\" \/>\n<meta property=\"og:description\" content=\"Suchen Sie Holzringe 7 cm f\u00fcr Ihren eigenen Bei\u00dfring aus Holz oder einen Holzring 70 mm f\u00fcr eine Holzrassel? Holzring 7 cm \u20ac0,80\/St\u00fcck!\" \/>\n<meta property=\"og:url\" content=\"https:\/\/www.jootjeshaakcadeautjes.nl\/de\/produkt\/buchenholz-ringe-10-cm-15mm-dick-glaenzend-und-unbehandelt\/\" \/>\n<meta property=\"og:site_name\" content=\"Jootjes Haakcadeautjes\" \/>\n<meta property=\"article:modified_time\" content=\"2026-03-07T08:39:14+00:00\" \/>\n<meta property=\"og:image\" content=\"https:\/\/www.jootjeshaakcadeautjes.nl\/wp-content\/uploads\/2023\/07\/20200612_170146-2.jpg\" \/>\n\t<meta property=\"og:image:width\" content=\"2048\" \/>\n\t<meta property=\"og:image:height\" content=\"2048\" \/>\n\t<meta property=\"og:image:type\" content=\"image\/jpeg\" \/>\n<meta name=\"twitter:card\" content=\"summary_large_image\" \/>\n<meta name=\"twitter:label1\" content=\"Preis\" \/>\n\t<meta name=\"twitter:data1\" content=\"&euro;1.90 inkl. MwSt.\" \/>\n\t<meta name=\"twitter:label2\" content=\"Verf\u00fcgbarkeit\" \/>\n\t<meta name=\"twitter:data2\" content=\"Auf Lager\" \/>\n<script type=\"application\/ld+json\" class=\"yoast-schema-graph\">{\"@context\":\"https:\\\/\\\/schema.org\",\"@graph\":[{\"@type\":\"WebPage\",\"@id\":\"https:\\\/\\\/www.jootjeshaakcadeautjes.nl\\\/de\\\/produkt\\\/buchenholz-ringe-10-cm-15mm-dick-glaenzend-und-unbehandelt\\\/\",\"url\":\"https:\\\/\\\/www.jootjeshaakcadeautjes.nl\\\/de\\\/produkt\\\/buchenholz-ringe-10-cm-15mm-dick-glaenzend-und-unbehandelt\\\/\",\"name\":\"Holzringe 7 cm - Holzring 7 cm - Bei\u00dfring aus Holz selber machen\",\"isPartOf\":{\"@id\":\"https:\\\/\\\/www.jootjeshaakcadeautjes.nl\\\/de\\\/#website\"},\"primaryImageOfPage\":{\"@id\":\"https:\\\/\\\/www.jootjeshaakcadeautjes.nl\\\/de\\\/produkt\\\/buchenholz-ringe-10-cm-15mm-dick-glaenzend-und-unbehandelt\\\/#primaryimage\"},\"image\":{\"@id\":\"https:\\\/\\\/www.jootjeshaakcadeautjes.nl\\\/de\\\/produkt\\\/buchenholz-ringe-10-cm-15mm-dick-glaenzend-und-unbehandelt\\\/#primaryimage\"},\"thumbnailUrl\":\"https:\\\/\\\/d1dyryakdmle7o.cloudfront.net\\\/wp-content\\\/uploads\\\/2023\\\/07\\\/20200612_170146-2.jpg\",\"datePublished\":\"2024-04-04T13:15:12+00:00\",\"dateModified\":\"2026-03-07T08:39:14+00:00\",\"description\":\"Suchen Sie Holzringe 7 cm f\u00fcr Ihren eigenen Bei\u00dfring aus Holz oder einen Holzring 70 mm f\u00fcr eine Holzrassel? Holzring 7 cm \u20ac0,80\\\/St\u00fcck!\",\"breadcrumb\":{\"@id\":\"https:\\\/\\\/www.jootjeshaakcadeautjes.nl\\\/de\\\/produkt\\\/buchenholz-ringe-10-cm-15mm-dick-glaenzend-und-unbehandelt\\\/#breadcrumb\"},\"inLanguage\":\"de\",\"potentialAction\":[{\"@type\":\"ReadAction\",\"target\":[\"https:\\\/\\\/www.jootjeshaakcadeautjes.nl\\\/de\\\/produkt\\\/buchenholz-ringe-10-cm-15mm-dick-glaenzend-und-unbehandelt\\\/\"]}]},{\"@type\":\"ImageObject\",\"inLanguage\":\"de\",\"@id\":\"https:\\\/\\\/www.jootjeshaakcadeautjes.nl\\\/de\\\/produkt\\\/buchenholz-ringe-10-cm-15mm-dick-glaenzend-und-unbehandelt\\\/#primaryimage\",\"url\":\"https:\\\/\\\/d1dyryakdmle7o.cloudfront.net\\\/wp-content\\\/uploads\\\/2023\\\/07\\\/20200612_170146-2.jpg\",\"contentUrl\":\"https:\\\/\\\/d1dyryakdmle7o.cloudfront.net\\\/wp-content\\\/uploads\\\/2023\\\/07\\\/20200612_170146-2.jpg\",\"width\":2048,\"height\":2048,\"caption\":\"Buche Holz Ringe Bei\u00dfring bpa frei Baby Gro\u00dfhandel Schnuller Schnur babygym\"},{\"@type\":\"BreadcrumbList\",\"@id\":\"https:\\\/\\\/www.jootjeshaakcadeautjes.nl\\\/de\\\/produkt\\\/buchenholz-ringe-10-cm-15mm-dick-glaenzend-und-unbehandelt\\\/#breadcrumb\",\"itemListElement\":[{\"@type\":\"ListItem\",\"position\":1,\"name\":\"Startseite\",\"item\":\"https:\\\/\\\/www.jootjeshaakcadeautjes.nl\\\/de\\\/\"},{\"@type\":\"ListItem\",\"position\":2,\"name\":\"Gro\u00dfhandel mit Silikonperlen &#8211; Business und Consumer\",\"item\":\"https:\\\/\\\/www.jootjeshaakcadeautjes.nl\\\/de\\\/shop\\\/\"},{\"@type\":\"ListItem\",\"position\":3,\"name\":\"Ringe aus Buchenholz &#8211; 10 cm &#8211; 15 mm dick &#8211; glatt, gl\u00e4nzend und unbehandelt\"}]},{\"@type\":\"WebSite\",\"@id\":\"https:\\\/\\\/www.jootjeshaakcadeautjes.nl\\\/de\\\/#website\",\"url\":\"https:\\\/\\\/www.jootjeshaakcadeautjes.nl\\\/de\\\/\",\"name\":\"Jootjes Haakcadeautjes\",\"description\":\"Silikonperlen Gro\u00dfhandel \",\"publisher\":{\"@id\":\"https:\\\/\\\/www.jootjeshaakcadeautjes.nl\\\/de\\\/#organization\"},\"potentialAction\":[{\"@type\":\"SearchAction\",\"target\":{\"@type\":\"EntryPoint\",\"urlTemplate\":\"https:\\\/\\\/www.jootjeshaakcadeautjes.nl\\\/de\\\/?s={search_term_string}\"},\"query-input\":{\"@type\":\"PropertyValueSpecification\",\"valueRequired\":true,\"valueName\":\"search_term_string\"}}],\"inLanguage\":\"de\"},{\"@type\":\"Organization\",\"@id\":\"https:\\\/\\\/www.jootjeshaakcadeautjes.nl\\\/de\\\/#organization\",\"name\":\"Jootjes Haakcadeautjes\",\"url\":\"https:\\\/\\\/www.jootjeshaakcadeautjes.nl\\\/de\\\/\",\"logo\":{\"@type\":\"ImageObject\",\"inLanguage\":\"de\",\"@id\":\"https:\\\/\\\/www.jootjeshaakcadeautjes.nl\\\/de\\\/#\\\/schema\\\/logo\\\/image\\\/\",\"url\":\"https:\\\/\\\/d1dyryakdmle7o.cloudfront.net\\\/wp-content\\\/uploads\\\/2023\\\/05\\\/Logo-rond.png\",\"contentUrl\":\"https:\\\/\\\/d1dyryakdmle7o.cloudfront.net\\\/wp-content\\\/uploads\\\/2023\\\/05\\\/Logo-rond.png\",\"width\":1222,\"height\":1222,\"caption\":\"Jootjes Haakcadeautjes\"},\"image\":{\"@id\":\"https:\\\/\\\/www.jootjeshaakcadeautjes.nl\\\/de\\\/#\\\/schema\\\/logo\\\/image\\\/\"}}]}<\/script>\n<meta property=\"product:price:amount\" content=\"1.90\" \/>\n<meta property=\"product:price:currency\" content=\"EUR\" \/>\n<meta property=\"og:availability\" content=\"instock\" \/>\n<meta property=\"product:availability\" content=\"instock\" \/>\n<meta property=\"product:retailer_item_id\" content=\"RIN-BHO-010-15\" \/>\n<meta property=\"product:condition\" content=\"new\" \/>\n<!-- \/ Yoast SEO Premium plugin. -->","yoast_head_json":{"title":"Holzringe 7 cm - Holzring 7 cm - Bei\u00dfring aus Holz selber machen","description":"Suchen Sie Holzringe 7 cm f\u00fcr Ihren eigenen Bei\u00dfring aus Holz oder einen Holzring 70 mm f\u00fcr eine Holzrassel? Holzring 7 cm \u20ac0,80\/St\u00fcck!","robots":{"index":"index","follow":"follow","max-snippet":"max-snippet:-1","max-image-preview":"max-image-preview:large","max-video-preview":"max-video-preview:-1"},"canonical":"https:\/\/www.jootjeshaakcadeautjes.nl\/de\/produkt\/buchenholz-ringe-10-cm-15mm-dick-glaenzend-und-unbehandelt\/","og_locale":"de_DE","og_type":"article","og_title":"Ringe aus Buchenholz - 10 cm - 15 mm dick - glatt, gl\u00e4nzend und unbehandelt","og_description":"Suchen Sie Holzringe 7 cm f\u00fcr Ihren eigenen Bei\u00dfring aus Holz oder einen Holzring 70 mm f\u00fcr eine Holzrassel? Holzring 7 cm \u20ac0,80\/St\u00fcck!","og_url":"https:\/\/www.jootjeshaakcadeautjes.nl\/de\/produkt\/buchenholz-ringe-10-cm-15mm-dick-glaenzend-und-unbehandelt\/","og_site_name":"Jootjes Haakcadeautjes","article_modified_time":"2026-03-07T08:39:14+00:00","og_image":[{"width":2048,"height":2048,"url":"https:\/\/www.jootjeshaakcadeautjes.nl\/wp-content\/uploads\/2023\/07\/20200612_170146-2.jpg","type":"image\/jpeg"}],"twitter_card":"summary_large_image","twitter_misc":{"Preis":"&euro;1.90 inkl. MwSt.","Verf\u00fcgbarkeit":"Auf Lager"},"schema":{"@context":"https:\/\/schema.org","@graph":[{"@type":"WebPage","@id":"https:\/\/www.jootjeshaakcadeautjes.nl\/de\/produkt\/buchenholz-ringe-10-cm-15mm-dick-glaenzend-und-unbehandelt\/","url":"https:\/\/www.jootjeshaakcadeautjes.nl\/de\/produkt\/buchenholz-ringe-10-cm-15mm-dick-glaenzend-und-unbehandelt\/","name":"Holzringe 7 cm - Holzring 7 cm - Bei\u00dfring aus Holz selber machen","isPartOf":{"@id":"https:\/\/www.jootjeshaakcadeautjes.nl\/de\/#website"},"primaryImageOfPage":{"@id":"https:\/\/www.jootjeshaakcadeautjes.nl\/de\/produkt\/buchenholz-ringe-10-cm-15mm-dick-glaenzend-und-unbehandelt\/#primaryimage"},"image":{"@id":"https:\/\/www.jootjeshaakcadeautjes.nl\/de\/produkt\/buchenholz-ringe-10-cm-15mm-dick-glaenzend-und-unbehandelt\/#primaryimage"},"thumbnailUrl":"https:\/\/d1dyryakdmle7o.cloudfront.net\/wp-content\/uploads\/2023\/07\/20200612_170146-2.jpg","datePublished":"2024-04-04T13:15:12+00:00","dateModified":"2026-03-07T08:39:14+00:00","description":"Suchen Sie Holzringe 7 cm f\u00fcr Ihren eigenen Bei\u00dfring aus Holz oder einen Holzring 70 mm f\u00fcr eine Holzrassel? Holzring 7 cm \u20ac0,80\/St\u00fcck!","breadcrumb":{"@id":"https:\/\/www.jootjeshaakcadeautjes.nl\/de\/produkt\/buchenholz-ringe-10-cm-15mm-dick-glaenzend-und-unbehandelt\/#breadcrumb"},"inLanguage":"de","potentialAction":[{"@type":"ReadAction","target":["https:\/\/www.jootjeshaakcadeautjes.nl\/de\/produkt\/buchenholz-ringe-10-cm-15mm-dick-glaenzend-und-unbehandelt\/"]}]},{"@type":"ImageObject","inLanguage":"de","@id":"https:\/\/www.jootjeshaakcadeautjes.nl\/de\/produkt\/buchenholz-ringe-10-cm-15mm-dick-glaenzend-und-unbehandelt\/#primaryimage","url":"https:\/\/d1dyryakdmle7o.cloudfront.net\/wp-content\/uploads\/2023\/07\/20200612_170146-2.jpg","contentUrl":"https:\/\/d1dyryakdmle7o.cloudfront.net\/wp-content\/uploads\/2023\/07\/20200612_170146-2.jpg","width":2048,"height":2048,"caption":"Buche Holz Ringe Bei\u00dfring bpa frei Baby Gro\u00dfhandel Schnuller Schnur babygym"},{"@type":"BreadcrumbList","@id":"https:\/\/www.jootjeshaakcadeautjes.nl\/de\/produkt\/buchenholz-ringe-10-cm-15mm-dick-glaenzend-und-unbehandelt\/#breadcrumb","itemListElement":[{"@type":"ListItem","position":1,"name":"Startseite","item":"https:\/\/www.jootjeshaakcadeautjes.nl\/de\/"},{"@type":"ListItem","position":2,"name":"Gro\u00dfhandel mit Silikonperlen &#8211; Business und Consumer","item":"https:\/\/www.jootjeshaakcadeautjes.nl\/de\/shop\/"},{"@type":"ListItem","position":3,"name":"Ringe aus Buchenholz &#8211; 10 cm &#8211; 15 mm dick &#8211; glatt, gl\u00e4nzend und unbehandelt"}]},{"@type":"WebSite","@id":"https:\/\/www.jootjeshaakcadeautjes.nl\/de\/#website","url":"https:\/\/www.jootjeshaakcadeautjes.nl\/de\/","name":"Jootjes Haakcadeautjes","description":"Silikonperlen Gro\u00dfhandel ","publisher":{"@id":"https:\/\/www.jootjeshaakcadeautjes.nl\/de\/#organization"},"potentialAction":[{"@type":"SearchAction","target":{"@type":"EntryPoint","urlTemplate":"https:\/\/www.jootjeshaakcadeautjes.nl\/de\/?s={search_term_string}"},"query-input":{"@type":"PropertyValueSpecification","valueRequired":true,"valueName":"search_term_string"}}],"inLanguage":"de"},{"@type":"Organization","@id":"https:\/\/www.jootjeshaakcadeautjes.nl\/de\/#organization","name":"Jootjes Haakcadeautjes","url":"https:\/\/www.jootjeshaakcadeautjes.nl\/de\/","logo":{"@type":"ImageObject","inLanguage":"de","@id":"https:\/\/www.jootjeshaakcadeautjes.nl\/de\/#\/schema\/logo\/image\/","url":"https:\/\/d1dyryakdmle7o.cloudfront.net\/wp-content\/uploads\/2023\/05\/Logo-rond.png","contentUrl":"https:\/\/d1dyryakdmle7o.cloudfront.net\/wp-content\/uploads\/2023\/05\/Logo-rond.png","width":1222,"height":1222,"caption":"Jootjes Haakcadeautjes"},"image":{"@id":"https:\/\/www.jootjeshaakcadeautjes.nl\/de\/#\/schema\/logo\/image\/"}}]},"product_price_amount":"1.90","product_price_currency":"EUR","og_availability":"instock","product_availability":"instock","product_retailer_item_id":"RIN-BHO-010-15","product_condition":"new"},"_links":{"self":[{"href":"https:\/\/www.jootjeshaakcadeautjes.nl\/de\/wp-json\/wp\/v2\/product\/117864","targetHints":{"allow":["GET"]}}],"collection":[{"href":"https:\/\/www.jootjeshaakcadeautjes.nl\/de\/wp-json\/wp\/v2\/product"}],"about":[{"href":"https:\/\/www.jootjeshaakcadeautjes.nl\/de\/wp-json\/wp\/v2\/types\/product"}],"version-history":[{"count":0,"href":"https:\/\/www.jootjeshaakcadeautjes.nl\/de\/wp-json\/wp\/v2\/product\/117864\/revisions"}],"wp:featuredmedia":[{"embeddable":true,"href":"https:\/\/www.jootjeshaakcadeautjes.nl\/de\/wp-json\/wp\/v2\/media\/89640"}],"wp:attachment":[{"href":"https:\/\/www.jootjeshaakcadeautjes.nl\/de\/wp-json\/wp\/v2\/media?parent=117864"}],"wp:term":[{"taxonomy":"product_brand","embeddable":true,"href":"https:\/\/www.jootjeshaakcadeautjes.nl\/de\/wp-json\/wp\/v2\/product_brand?post=117864"},{"taxonomy":"product_cat","embeddable":true,"href":"https:\/\/www.jootjeshaakcadeautjes.nl\/de\/wp-json\/wp\/v2\/product_cat?post=117864"},{"taxonomy":"product_tag","embeddable":true,"href":"https:\/\/www.jootjeshaakcadeautjes.nl\/de\/wp-json\/wp\/v2\/product_tag?post=117864"}],"curies":[{"name":"wp","href":"https:\/\/api.w.org\/{rel}","templated":true}]}}