{"id":118144,"date":"2024-02-07T18:08:50","date_gmt":"2024-02-07T16:08:50","guid":{"rendered":"https:\/\/www.jootjeshaakcadeautjes.nl\/product\/silikon-perlen-paket-16-mm-lpb\/"},"modified":"2025-11-19T17:46:46","modified_gmt":"2025-11-19T16:46:46","slug":"silikon-perlen-paket-16-mm-lpb","status":"publish","type":"product","link":"https:\/\/www.jootjeshaakcadeautjes.nl\/de\/produkt\/silikon-perlen-paket-16-mm-lpb\/","title":{"rendered":"Silikonperlen &#8211; Gro\u00dfpackung &#8211; 50 St\u00fcck &#8211; 10% Rabatt &#8211; Helles Puderblau &#8211; 16 mm"},"content":{"rendered":"<h2>Gro\u00dfpackung &#8211; Silikonperlen &#8211; Rund 16 mm &#8211; Light Powder Blue &#8211; 50 St\u00fcck &#8211; 10% Rabatt!<\/h2>\n<p>Farbe: Helles Pulverblau<br \/>\nGr\u00f6\u00dfe: 16 mm rund<br \/>\nMenge: 50 St\u00fcck &#8211; Gro\u00dfpackung<\/p>\n<p>Unsere L\u00e4ufer in Gro\u00dfpackung! Kaufen Sie Ihre Perlen pro 50 St\u00fcck\/Beutel und erhalten Sie automatisch 10% Rabatt auf Ihren Einkauf!<\/p>\n","protected":false},"excerpt":{"rendered":"<p>Farbe: Helles Puderblau Gr\u00f6\u00dfe: 16 mm rund Anzahl: 50 St\u00fcck &#8211; Gro\u00dfpackung<\/p>\n","protected":false},"featured_media":71004,"template":"","meta":[],"product_brand":[],"product_cat":[7380,8098],"product_tag":[7685,7681,7510,8104,7385,8048,8099,7419,7205,7464,7416,8069,7202,7451,7397,7199,7211,7926,8101,7930,8105],"class_list":{"0":"post-118144","1":"product","2":"type-product","3":"status-publish","4":"has-post-thumbnail","6":"product_cat-herstellung-von-baby-beisspielzeug-materialien-fur-schnuller-und-beisringe","7":"product_cat-silikonperlen-grospackungen-gunstig-kaufen","8":"product_tag-16-de","9":"product_tag-16-mm-de","10":"product_tag-baby-de","11":"product_tag-baby-zubehor","12":"product_tag-beisring","13":"product_tag-bieroffner","14":"product_tag-billig","15":"product_tag-bpa-de","16":"product_tag-diy-de","17":"product_tag-groshandel","18":"product_tag-gummischnur","19":"product_tag-helles-pulverblau","20":"product_tag-hobby-de","21":"product_tag-kostenlos","22":"product_tag-mm-de","23":"product_tag-perlen","24":"product_tag-silikon","25":"product_tag-silikonperlen","26":"product_tag-waggonaufhanger","27":"product_tag-weinkorken","28":"product_tag-zubehor","30":"first","31":"instock","32":"sale","33":"taxable","34":"shipping-taxable","35":"purchasable","36":"product-type-simple"},"bundled_by":[],"bundle_stock_status":"instock","bundle_stock_quantity":9,"bundle_virtual":false,"bundle_layout":"","bundle_add_to_cart_form_location":"","bundle_editable_in_cart":false,"bundle_sold_individually_context":"","bundle_item_grouping":"","bundle_min_size":"","bundle_max_size":"","bundle_price":[],"bundled_items":[],"bundle_sell_ids":[],"yoast_head":"<!-- This site is optimized with the Yoast SEO Premium plugin v27.4 (Yoast SEO v27.5) - https:\/\/yoast.com\/product\/yoast-seo-premium-wordpress\/ -->\n<title>G\u00fcnstiger Satz Silikonperlen - Helles Pulverblau 16 mm<\/title>\n<meta name=\"description\" content=\"Kaufen Sie Ihre Silikonperlen g\u00fcnstig im Gro\u00dfhandel. Kaufen Sie die Farbe Light Powder Blue pro 50 St\u00fcck und Sie erhalten sofort 10%% Rabatt.\" \/>\n<meta name=\"robots\" content=\"index, follow, max-snippet:-1, max-image-preview:large, max-video-preview:-1\" \/>\n<link rel=\"canonical\" href=\"https:\/\/www.jootjeshaakcadeautjes.nl\/de\/produkt\/silikon-perlen-paket-16-mm-lpb\/\" \/>\n<meta property=\"og:locale\" content=\"de_DE\" \/>\n<meta property=\"og:type\" content=\"article\" \/>\n<meta property=\"og:title\" content=\"Silikonperlen - Gro\u00dfpackung - 50 St\u00fcck - 10% Rabatt - Helles Puderblau - 16 mm\" \/>\n<meta property=\"og:description\" content=\"Kaufen Sie Ihre Silikonperlen g\u00fcnstig im Gro\u00dfhandel. Kaufen Sie die Farbe Light Powder Blue pro 50 St\u00fcck und Sie erhalten sofort 10%% Rabatt.\" \/>\n<meta property=\"og:url\" content=\"https:\/\/www.jootjeshaakcadeautjes.nl\/de\/produkt\/silikon-perlen-paket-16-mm-lpb\/\" \/>\n<meta property=\"og:site_name\" content=\"Jootjes Haakcadeautjes\" \/>\n<meta property=\"article:modified_time\" content=\"2025-11-19T16:46:46+00:00\" \/>\n<meta property=\"og:image\" content=\"https:\/\/www.jootjeshaakcadeautjes.nl\/wp-content\/uploads\/2020\/08\/Siliconen-kralen-12-mm-bpa-vrij-baby-veilig-speenkoord-poeder-licht-blauw.jpg\" \/>\n\t<meta property=\"og:image:width\" content=\"1042\" \/>\n\t<meta property=\"og:image:height\" content=\"1042\" \/>\n\t<meta property=\"og:image:type\" content=\"image\/jpeg\" \/>\n<meta name=\"twitter:card\" content=\"summary_large_image\" \/>\n<meta name=\"twitter:label1\" content=\"Preis\" \/>\n\t<meta name=\"twitter:data1\" content=\"&euro;13.50 inkl. MwSt.\" \/>\n\t<meta name=\"twitter:label2\" content=\"Verf\u00fcgbarkeit\" \/>\n\t<meta name=\"twitter:data2\" content=\"Auf Lager\" \/>\n<script type=\"application\/ld+json\" class=\"yoast-schema-graph\">{\"@context\":\"https:\\\/\\\/schema.org\",\"@graph\":[{\"@type\":\"WebPage\",\"@id\":\"https:\\\/\\\/www.jootjeshaakcadeautjes.nl\\\/de\\\/produkt\\\/silikon-perlen-paket-16-mm-lpb\\\/\",\"url\":\"https:\\\/\\\/www.jootjeshaakcadeautjes.nl\\\/de\\\/produkt\\\/silikon-perlen-paket-16-mm-lpb\\\/\",\"name\":\"G\u00fcnstiger Satz Silikonperlen - Helles Pulverblau 16 mm\",\"isPartOf\":{\"@id\":\"https:\\\/\\\/www.jootjeshaakcadeautjes.nl\\\/de\\\/#website\"},\"primaryImageOfPage\":{\"@id\":\"https:\\\/\\\/www.jootjeshaakcadeautjes.nl\\\/de\\\/produkt\\\/silikon-perlen-paket-16-mm-lpb\\\/#primaryimage\"},\"image\":{\"@id\":\"https:\\\/\\\/www.jootjeshaakcadeautjes.nl\\\/de\\\/produkt\\\/silikon-perlen-paket-16-mm-lpb\\\/#primaryimage\"},\"thumbnailUrl\":\"https:\\\/\\\/d1dyryakdmle7o.cloudfront.net\\\/wp-content\\\/uploads\\\/2020\\\/08\\\/Siliconen-kralen-12-mm-bpa-vrij-baby-veilig-speenkoord-poeder-licht-blauw.jpg\",\"datePublished\":\"2024-02-07T16:08:50+00:00\",\"dateModified\":\"2025-11-19T16:46:46+00:00\",\"description\":\"Kaufen Sie Ihre Silikonperlen g\u00fcnstig im Gro\u00dfhandel. Kaufen Sie die Farbe Light Powder Blue pro 50 St\u00fcck und Sie erhalten sofort 10%% Rabatt.\",\"breadcrumb\":{\"@id\":\"https:\\\/\\\/www.jootjeshaakcadeautjes.nl\\\/de\\\/produkt\\\/silikon-perlen-paket-16-mm-lpb\\\/#breadcrumb\"},\"inLanguage\":\"de\",\"potentialAction\":[{\"@type\":\"ReadAction\",\"target\":[\"https:\\\/\\\/www.jootjeshaakcadeautjes.nl\\\/de\\\/produkt\\\/silikon-perlen-paket-16-mm-lpb\\\/\"]}]},{\"@type\":\"ImageObject\",\"inLanguage\":\"de\",\"@id\":\"https:\\\/\\\/www.jootjeshaakcadeautjes.nl\\\/de\\\/produkt\\\/silikon-perlen-paket-16-mm-lpb\\\/#primaryimage\",\"url\":\"https:\\\/\\\/d1dyryakdmle7o.cloudfront.net\\\/wp-content\\\/uploads\\\/2020\\\/08\\\/Siliconen-kralen-12-mm-bpa-vrij-baby-veilig-speenkoord-poeder-licht-blauw.jpg\",\"contentUrl\":\"https:\\\/\\\/d1dyryakdmle7o.cloudfront.net\\\/wp-content\\\/uploads\\\/2020\\\/08\\\/Siliconen-kralen-12-mm-bpa-vrij-baby-veilig-speenkoord-poeder-licht-blauw.jpg\",\"width\":1042,\"height\":1042,\"caption\":\"Silikonperlen 12 mm bpa frei Baby sicher Schnuller Schnur Pulver hellblau\"},{\"@type\":\"BreadcrumbList\",\"@id\":\"https:\\\/\\\/www.jootjeshaakcadeautjes.nl\\\/de\\\/produkt\\\/silikon-perlen-paket-16-mm-lpb\\\/#breadcrumb\",\"itemListElement\":[{\"@type\":\"ListItem\",\"position\":1,\"name\":\"Startseite\",\"item\":\"https:\\\/\\\/www.jootjeshaakcadeautjes.nl\\\/de\\\/\"},{\"@type\":\"ListItem\",\"position\":2,\"name\":\"Gro\u00dfhandel mit Silikonperlen &#8211; Business und Consumer\",\"item\":\"https:\\\/\\\/www.jootjeshaakcadeautjes.nl\\\/de\\\/shop\\\/\"},{\"@type\":\"ListItem\",\"position\":3,\"name\":\"Silikonperlen &#8211; Gro\u00dfpackung &#8211; 50 St\u00fcck &#8211; 10% Rabatt &#8211; Helles Puderblau &#8211; 16 mm\"}]},{\"@type\":\"WebSite\",\"@id\":\"https:\\\/\\\/www.jootjeshaakcadeautjes.nl\\\/de\\\/#website\",\"url\":\"https:\\\/\\\/www.jootjeshaakcadeautjes.nl\\\/de\\\/\",\"name\":\"Jootjes Haakcadeautjes\",\"description\":\"Silikonperlen Gro\u00dfhandel \",\"publisher\":{\"@id\":\"https:\\\/\\\/www.jootjeshaakcadeautjes.nl\\\/de\\\/#organization\"},\"potentialAction\":[{\"@type\":\"SearchAction\",\"target\":{\"@type\":\"EntryPoint\",\"urlTemplate\":\"https:\\\/\\\/www.jootjeshaakcadeautjes.nl\\\/de\\\/?s={search_term_string}\"},\"query-input\":{\"@type\":\"PropertyValueSpecification\",\"valueRequired\":true,\"valueName\":\"search_term_string\"}}],\"inLanguage\":\"de\"},{\"@type\":\"Organization\",\"@id\":\"https:\\\/\\\/www.jootjeshaakcadeautjes.nl\\\/de\\\/#organization\",\"name\":\"Jootjes Haakcadeautjes\",\"url\":\"https:\\\/\\\/www.jootjeshaakcadeautjes.nl\\\/de\\\/\",\"logo\":{\"@type\":\"ImageObject\",\"inLanguage\":\"de\",\"@id\":\"https:\\\/\\\/www.jootjeshaakcadeautjes.nl\\\/de\\\/#\\\/schema\\\/logo\\\/image\\\/\",\"url\":\"https:\\\/\\\/jootjes-haakcadeautjes-media.s3.amazonaws.com\\\/wp-content\\\/uploads\\\/2023\\\/05\\\/Logo-rond.png\",\"contentUrl\":\"https:\\\/\\\/jootjes-haakcadeautjes-media.s3.amazonaws.com\\\/wp-content\\\/uploads\\\/2023\\\/05\\\/Logo-rond.png\",\"width\":1222,\"height\":1222,\"caption\":\"Jootjes Haakcadeautjes\"},\"image\":{\"@id\":\"https:\\\/\\\/www.jootjeshaakcadeautjes.nl\\\/de\\\/#\\\/schema\\\/logo\\\/image\\\/\"}}]}<\/script>\n<meta property=\"product:price:amount\" content=\"13.50\" \/>\n<meta property=\"product:price:currency\" content=\"EUR\" \/>\n<meta property=\"og:availability\" content=\"instock\" \/>\n<meta property=\"product:availability\" content=\"instock\" \/>\n<meta property=\"product:retailer_item_id\" content=\"BLK-PK16-LPB\" \/>\n<meta property=\"product:condition\" content=\"new\" \/>\n<!-- \/ Yoast SEO Premium plugin. -->","yoast_head_json":{"title":"G\u00fcnstiger Satz Silikonperlen - Helles Pulverblau 16 mm","description":"Kaufen Sie Ihre Silikonperlen g\u00fcnstig im Gro\u00dfhandel. Kaufen Sie die Farbe Light Powder Blue pro 50 St\u00fcck und Sie erhalten sofort 10%% Rabatt.","robots":{"index":"index","follow":"follow","max-snippet":"max-snippet:-1","max-image-preview":"max-image-preview:large","max-video-preview":"max-video-preview:-1"},"canonical":"https:\/\/www.jootjeshaakcadeautjes.nl\/de\/produkt\/silikon-perlen-paket-16-mm-lpb\/","og_locale":"de_DE","og_type":"article","og_title":"Silikonperlen - Gro\u00dfpackung - 50 St\u00fcck - 10% Rabatt - Helles Puderblau - 16 mm","og_description":"Kaufen Sie Ihre Silikonperlen g\u00fcnstig im Gro\u00dfhandel. Kaufen Sie die Farbe Light Powder Blue pro 50 St\u00fcck und Sie erhalten sofort 10%% Rabatt.","og_url":"https:\/\/www.jootjeshaakcadeautjes.nl\/de\/produkt\/silikon-perlen-paket-16-mm-lpb\/","og_site_name":"Jootjes Haakcadeautjes","article_modified_time":"2025-11-19T16:46:46+00:00","og_image":[{"width":1042,"height":1042,"url":"https:\/\/www.jootjeshaakcadeautjes.nl\/wp-content\/uploads\/2020\/08\/Siliconen-kralen-12-mm-bpa-vrij-baby-veilig-speenkoord-poeder-licht-blauw.jpg","type":"image\/jpeg"}],"twitter_card":"summary_large_image","twitter_misc":{"Preis":"&euro;13.50 inkl. MwSt.","Verf\u00fcgbarkeit":"Auf Lager"},"schema":{"@context":"https:\/\/schema.org","@graph":[{"@type":"WebPage","@id":"https:\/\/www.jootjeshaakcadeautjes.nl\/de\/produkt\/silikon-perlen-paket-16-mm-lpb\/","url":"https:\/\/www.jootjeshaakcadeautjes.nl\/de\/produkt\/silikon-perlen-paket-16-mm-lpb\/","name":"G\u00fcnstiger Satz Silikonperlen - Helles Pulverblau 16 mm","isPartOf":{"@id":"https:\/\/www.jootjeshaakcadeautjes.nl\/de\/#website"},"primaryImageOfPage":{"@id":"https:\/\/www.jootjeshaakcadeautjes.nl\/de\/produkt\/silikon-perlen-paket-16-mm-lpb\/#primaryimage"},"image":{"@id":"https:\/\/www.jootjeshaakcadeautjes.nl\/de\/produkt\/silikon-perlen-paket-16-mm-lpb\/#primaryimage"},"thumbnailUrl":"https:\/\/d1dyryakdmle7o.cloudfront.net\/wp-content\/uploads\/2020\/08\/Siliconen-kralen-12-mm-bpa-vrij-baby-veilig-speenkoord-poeder-licht-blauw.jpg","datePublished":"2024-02-07T16:08:50+00:00","dateModified":"2025-11-19T16:46:46+00:00","description":"Kaufen Sie Ihre Silikonperlen g\u00fcnstig im Gro\u00dfhandel. Kaufen Sie die Farbe Light Powder Blue pro 50 St\u00fcck und Sie erhalten sofort 10%% Rabatt.","breadcrumb":{"@id":"https:\/\/www.jootjeshaakcadeautjes.nl\/de\/produkt\/silikon-perlen-paket-16-mm-lpb\/#breadcrumb"},"inLanguage":"de","potentialAction":[{"@type":"ReadAction","target":["https:\/\/www.jootjeshaakcadeautjes.nl\/de\/produkt\/silikon-perlen-paket-16-mm-lpb\/"]}]},{"@type":"ImageObject","inLanguage":"de","@id":"https:\/\/www.jootjeshaakcadeautjes.nl\/de\/produkt\/silikon-perlen-paket-16-mm-lpb\/#primaryimage","url":"https:\/\/d1dyryakdmle7o.cloudfront.net\/wp-content\/uploads\/2020\/08\/Siliconen-kralen-12-mm-bpa-vrij-baby-veilig-speenkoord-poeder-licht-blauw.jpg","contentUrl":"https:\/\/d1dyryakdmle7o.cloudfront.net\/wp-content\/uploads\/2020\/08\/Siliconen-kralen-12-mm-bpa-vrij-baby-veilig-speenkoord-poeder-licht-blauw.jpg","width":1042,"height":1042,"caption":"Silikonperlen 12 mm bpa frei Baby sicher Schnuller Schnur Pulver hellblau"},{"@type":"BreadcrumbList","@id":"https:\/\/www.jootjeshaakcadeautjes.nl\/de\/produkt\/silikon-perlen-paket-16-mm-lpb\/#breadcrumb","itemListElement":[{"@type":"ListItem","position":1,"name":"Startseite","item":"https:\/\/www.jootjeshaakcadeautjes.nl\/de\/"},{"@type":"ListItem","position":2,"name":"Gro\u00dfhandel mit Silikonperlen &#8211; Business und Consumer","item":"https:\/\/www.jootjeshaakcadeautjes.nl\/de\/shop\/"},{"@type":"ListItem","position":3,"name":"Silikonperlen &#8211; Gro\u00dfpackung &#8211; 50 St\u00fcck &#8211; 10% Rabatt &#8211; Helles Puderblau &#8211; 16 mm"}]},{"@type":"WebSite","@id":"https:\/\/www.jootjeshaakcadeautjes.nl\/de\/#website","url":"https:\/\/www.jootjeshaakcadeautjes.nl\/de\/","name":"Jootjes Haakcadeautjes","description":"Silikonperlen Gro\u00dfhandel ","publisher":{"@id":"https:\/\/www.jootjeshaakcadeautjes.nl\/de\/#organization"},"potentialAction":[{"@type":"SearchAction","target":{"@type":"EntryPoint","urlTemplate":"https:\/\/www.jootjeshaakcadeautjes.nl\/de\/?s={search_term_string}"},"query-input":{"@type":"PropertyValueSpecification","valueRequired":true,"valueName":"search_term_string"}}],"inLanguage":"de"},{"@type":"Organization","@id":"https:\/\/www.jootjeshaakcadeautjes.nl\/de\/#organization","name":"Jootjes Haakcadeautjes","url":"https:\/\/www.jootjeshaakcadeautjes.nl\/de\/","logo":{"@type":"ImageObject","inLanguage":"de","@id":"https:\/\/www.jootjeshaakcadeautjes.nl\/de\/#\/schema\/logo\/image\/","url":"https:\/\/jootjes-haakcadeautjes-media.s3.amazonaws.com\/wp-content\/uploads\/2023\/05\/Logo-rond.png","contentUrl":"https:\/\/jootjes-haakcadeautjes-media.s3.amazonaws.com\/wp-content\/uploads\/2023\/05\/Logo-rond.png","width":1222,"height":1222,"caption":"Jootjes Haakcadeautjes"},"image":{"@id":"https:\/\/www.jootjeshaakcadeautjes.nl\/de\/#\/schema\/logo\/image\/"}}]},"product_price_amount":"13.50","product_price_currency":"EUR","og_availability":"instock","product_availability":"instock","product_retailer_item_id":"BLK-PK16-LPB","product_condition":"new"},"_links":{"self":[{"href":"https:\/\/www.jootjeshaakcadeautjes.nl\/de\/wp-json\/wp\/v2\/product\/118144","targetHints":{"allow":["GET"]}}],"collection":[{"href":"https:\/\/www.jootjeshaakcadeautjes.nl\/de\/wp-json\/wp\/v2\/product"}],"about":[{"href":"https:\/\/www.jootjeshaakcadeautjes.nl\/de\/wp-json\/wp\/v2\/types\/product"}],"version-history":[{"count":0,"href":"https:\/\/www.jootjeshaakcadeautjes.nl\/de\/wp-json\/wp\/v2\/product\/118144\/revisions"}],"wp:featuredmedia":[{"embeddable":true,"href":"https:\/\/www.jootjeshaakcadeautjes.nl\/de\/wp-json\/wp\/v2\/media\/71004"}],"wp:attachment":[{"href":"https:\/\/www.jootjeshaakcadeautjes.nl\/de\/wp-json\/wp\/v2\/media?parent=118144"}],"wp:term":[{"taxonomy":"product_brand","embeddable":true,"href":"https:\/\/www.jootjeshaakcadeautjes.nl\/de\/wp-json\/wp\/v2\/product_brand?post=118144"},{"taxonomy":"product_cat","embeddable":true,"href":"https:\/\/www.jootjeshaakcadeautjes.nl\/de\/wp-json\/wp\/v2\/product_cat?post=118144"},{"taxonomy":"product_tag","embeddable":true,"href":"https:\/\/www.jootjeshaakcadeautjes.nl\/de\/wp-json\/wp\/v2\/product_tag?post=118144"}],"curies":[{"name":"wp","href":"https:\/\/api.w.org\/{rel}","templated":true}]}}