{"id":118207,"date":"2024-01-31T21:16:01","date_gmt":"2024-01-31T20:16:01","guid":{"rendered":"https:\/\/www.jootjeshaakcadeautjes.nl\/product\/silikonperlen-perlen\/"},"modified":"2025-03-11T04:59:29","modified_gmt":"2025-03-11T03:59:29","slug":"silikonperlen-perlen","status":"publish","type":"product","link":"https:\/\/www.jootjeshaakcadeautjes.nl\/de\/produkt\/silikonperlen-perlen\/","title":{"rendered":"Silikonperlen &#8211; Pebble &#8211; Nach Farbe einkaufen"},"content":{"rendered":"<h2>Einkaufen nach Farbe &#8211; Pebble<\/h2>\n<p>In diesem Produktdisplay haben wir unser gesamtes Pebble-Zubeh\u00f6r in einem Produkt geb\u00fcndelt. So k\u00f6nnen Sie einfach und schnell alle in Pebble erh\u00e4ltlichen Basisperlen und einfarbigen Luxusperlen bestellen. Dies macht es viel einfacher, alle Ihre Lieblings-Silikonperlen-Must-haves in einer bestimmten Farbe zu kaufen.<\/p>\n","protected":false},"excerpt":{"rendered":"<p>Farbe: Kieselstein<br \/>\nForm: W\u00e4hlen Sie die gew\u00fcnschte Form und Gr\u00f6\u00dfe.<br \/>\nMaterial: 100% babysicheres, bpa-freies Silikonmaterial, sicher getestet nach EN-71 Richtlinien und daher geeignet f\u00fcr CE-zertifizierte Fertigprodukte.<\/p>\n","protected":false},"featured_media":75763,"template":"","meta":[],"product_brand":[],"product_cat":[6991,7925],"product_tag":[7953,7510,7385,7419,7928,7935,7464,7416,7950,7563,8160,7442,7451,7444,7941,7520,7926,7945,7930],"class_list":{"0":"post-118207","1":"product","2":"type-product","3":"status-publish","4":"has-post-thumbnail","6":"product_cat-silikonperlen-bpa-frei-grosshandel","7":"product_cat-silikonperlen-einkaufen-nach-farbe","8":"product_tag-3d-beisring","9":"product_tag-baby-de","10":"product_tag-beisring","11":"product_tag-bpa-de","12":"product_tag-einkaufen","13":"product_tag-flaschenoffner","14":"product_tag-groshandel","15":"product_tag-gummischnur","16":"product_tag-jaszipper-de","17":"product_tag-kaufen","18":"product_tag-kieselstein","19":"product_tag-kinderwagenkette","20":"product_tag-kostenlos","21":"product_tag-schlusselanhanger","22":"product_tag-schnell","23":"product_tag-sicher","24":"product_tag-silikonperlen","25":"product_tag-taschenaufhanger-de","26":"product_tag-weinkorken","28":"first","29":"instock","30":"taxable","31":"shipping-taxable","32":"product-type-grouped"},"bundled_by":[],"bundle_stock_status":"instock","bundle_stock_quantity":null,"bundle_virtual":false,"bundle_layout":"","bundle_add_to_cart_form_location":"","bundle_editable_in_cart":false,"bundle_sold_individually_context":"","bundle_item_grouping":"","bundle_min_size":"","bundle_max_size":"","bundle_price":[],"bundled_items":[],"bundle_sell_ids":[],"yoast_head":"<!-- This site is optimized with the Yoast SEO Premium plugin v27.6 (Yoast SEO v27.6) - https:\/\/yoast.com\/product\/yoast-seo-premium-wordpress\/ -->\n<title>Silikonperlen - Kieselstein<\/title>\n<meta name=\"description\" content=\"Kaufen Sie unsere Silikonperlen in der Farbe Pebble f\u00fcr Schnullerschn\u00fcre, Bei\u00dfringe, Kinderwagenschn\u00fcre, Schl\u00fcsselanh\u00e4nger und vieles mehr.\" \/>\n<meta name=\"robots\" content=\"index, follow, max-snippet:-1, max-image-preview:large, max-video-preview:-1\" \/>\n<link rel=\"canonical\" href=\"https:\/\/www.jootjeshaakcadeautjes.nl\/de\/produkt\/silikonperlen-perlen\/\" \/>\n<meta property=\"og:locale\" content=\"de_DE\" \/>\n<meta property=\"og:type\" content=\"article\" \/>\n<meta property=\"og:title\" content=\"Silikonperlen - Pebble - Nach Farbe einkaufen\" \/>\n<meta property=\"og:description\" content=\"Kaufen Sie unsere Silikonperlen in der Farbe Pebble f\u00fcr Schnullerschn\u00fcre, Bei\u00dfringe, Kinderwagenschn\u00fcre, Schl\u00fcsselanh\u00e4nger und vieles mehr.\" \/>\n<meta property=\"og:url\" content=\"https:\/\/www.jootjeshaakcadeautjes.nl\/de\/produkt\/silikonperlen-perlen\/\" \/>\n<meta property=\"og:site_name\" content=\"Jootjes Haakcadeautjes\" \/>\n<meta property=\"article:modified_time\" content=\"2025-03-11T03:59:29+00:00\" \/>\n<meta property=\"og:image\" content=\"https:\/\/www.jootjeshaakcadeautjes.nl\/wp-content\/uploads\/2021\/04\/20210405_190116-scaled.jpg\" \/>\n\t<meta property=\"og:image:width\" content=\"2048\" \/>\n\t<meta property=\"og:image:height\" content=\"2048\" \/>\n\t<meta property=\"og:image:type\" content=\"image\/jpeg\" \/>\n<meta name=\"twitter:card\" content=\"summary_large_image\" \/>\n<meta name=\"twitter:label1\" content=\"Verf\u00fcgbarkeit\" \/>\n\t<meta name=\"twitter:data1\" content=\"Auf Lager\" \/>\n<script type=\"application\/ld+json\" class=\"yoast-schema-graph\">{\"@context\":\"https:\\\/\\\/schema.org\",\"@graph\":[{\"@type\":\"WebPage\",\"@id\":\"https:\\\/\\\/www.jootjeshaakcadeautjes.nl\\\/de\\\/produkt\\\/silikonperlen-perlen\\\/\",\"url\":\"https:\\\/\\\/www.jootjeshaakcadeautjes.nl\\\/de\\\/produkt\\\/silikonperlen-perlen\\\/\",\"name\":\"Silikonperlen - Kieselstein\",\"isPartOf\":{\"@id\":\"https:\\\/\\\/www.jootjeshaakcadeautjes.nl\\\/de\\\/#website\"},\"primaryImageOfPage\":{\"@id\":\"https:\\\/\\\/www.jootjeshaakcadeautjes.nl\\\/de\\\/produkt\\\/silikonperlen-perlen\\\/#primaryimage\"},\"image\":{\"@id\":\"https:\\\/\\\/www.jootjeshaakcadeautjes.nl\\\/de\\\/produkt\\\/silikonperlen-perlen\\\/#primaryimage\"},\"thumbnailUrl\":\"https:\\\/\\\/d1dyryakdmle7o.cloudfront.net\\\/wp-content\\\/uploads\\\/2021\\\/04\\\/20210405_190116-scaled.jpg\",\"datePublished\":\"2024-01-31T20:16:01+00:00\",\"dateModified\":\"2025-03-11T03:59:29+00:00\",\"description\":\"Kaufen Sie unsere Silikonperlen in der Farbe Pebble f\u00fcr Schnullerschn\u00fcre, Bei\u00dfringe, Kinderwagenschn\u00fcre, Schl\u00fcsselanh\u00e4nger und vieles mehr.\",\"breadcrumb\":{\"@id\":\"https:\\\/\\\/www.jootjeshaakcadeautjes.nl\\\/de\\\/produkt\\\/silikonperlen-perlen\\\/#breadcrumb\"},\"inLanguage\":\"de\",\"potentialAction\":[{\"@type\":\"ReadAction\",\"target\":[\"https:\\\/\\\/www.jootjeshaakcadeautjes.nl\\\/de\\\/produkt\\\/silikonperlen-perlen\\\/\"]}]},{\"@type\":\"ImageObject\",\"inLanguage\":\"de\",\"@id\":\"https:\\\/\\\/www.jootjeshaakcadeautjes.nl\\\/de\\\/produkt\\\/silikonperlen-perlen\\\/#primaryimage\",\"url\":\"https:\\\/\\\/d1dyryakdmle7o.cloudfront.net\\\/wp-content\\\/uploads\\\/2021\\\/04\\\/20210405_190116-scaled.jpg\",\"contentUrl\":\"https:\\\/\\\/d1dyryakdmle7o.cloudfront.net\\\/wp-content\\\/uploads\\\/2021\\\/04\\\/20210405_190116-scaled.jpg\",\"width\":2048,\"height\":2048,\"caption\":\"Silikon Perlen bpa frei Gro\u00dfhandel Schnuller Schnur Bei\u00dfring Kieselstein\"},{\"@type\":\"BreadcrumbList\",\"@id\":\"https:\\\/\\\/www.jootjeshaakcadeautjes.nl\\\/de\\\/produkt\\\/silikonperlen-perlen\\\/#breadcrumb\",\"itemListElement\":[{\"@type\":\"ListItem\",\"position\":1,\"name\":\"Startseite\",\"item\":\"https:\\\/\\\/www.jootjeshaakcadeautjes.nl\\\/de\\\/\"},{\"@type\":\"ListItem\",\"position\":2,\"name\":\"Gro\u00dfhandel mit Silikonperlen &#8211; Business und Consumer\",\"item\":\"https:\\\/\\\/www.jootjeshaakcadeautjes.nl\\\/de\\\/shop\\\/\"},{\"@type\":\"ListItem\",\"position\":3,\"name\":\"Silikonperlen &#8211; Pebble &#8211; Nach Farbe einkaufen\"}]},{\"@type\":\"WebSite\",\"@id\":\"https:\\\/\\\/www.jootjeshaakcadeautjes.nl\\\/de\\\/#website\",\"url\":\"https:\\\/\\\/www.jootjeshaakcadeautjes.nl\\\/de\\\/\",\"name\":\"Jootjes Haakcadeautjes\",\"description\":\"Silikonperlen Gro\u00dfhandel \",\"publisher\":{\"@id\":\"https:\\\/\\\/www.jootjeshaakcadeautjes.nl\\\/de\\\/#organization\"},\"potentialAction\":[{\"@type\":\"SearchAction\",\"target\":{\"@type\":\"EntryPoint\",\"urlTemplate\":\"https:\\\/\\\/www.jootjeshaakcadeautjes.nl\\\/de\\\/?s={search_term_string}\"},\"query-input\":{\"@type\":\"PropertyValueSpecification\",\"valueRequired\":true,\"valueName\":\"search_term_string\"}}],\"inLanguage\":\"de\"},{\"@type\":\"Organization\",\"@id\":\"https:\\\/\\\/www.jootjeshaakcadeautjes.nl\\\/de\\\/#organization\",\"name\":\"Jootjes Haakcadeautjes\",\"url\":\"https:\\\/\\\/www.jootjeshaakcadeautjes.nl\\\/de\\\/\",\"logo\":{\"@type\":\"ImageObject\",\"inLanguage\":\"de\",\"@id\":\"https:\\\/\\\/www.jootjeshaakcadeautjes.nl\\\/de\\\/#\\\/schema\\\/logo\\\/image\\\/\",\"url\":\"https:\\\/\\\/d1dyryakdmle7o.cloudfront.net\\\/wp-content\\\/uploads\\\/2023\\\/05\\\/Logo-rond.png\",\"contentUrl\":\"https:\\\/\\\/d1dyryakdmle7o.cloudfront.net\\\/wp-content\\\/uploads\\\/2023\\\/05\\\/Logo-rond.png\",\"width\":1222,\"height\":1222,\"caption\":\"Jootjes Haakcadeautjes\"},\"image\":{\"@id\":\"https:\\\/\\\/www.jootjeshaakcadeautjes.nl\\\/de\\\/#\\\/schema\\\/logo\\\/image\\\/\"}}]}<\/script>\n<meta property=\"og:availability\" content=\"instock\" \/>\n<meta property=\"product:availability\" content=\"instock\" \/>\n<meta property=\"product:retailer_item_id\" content=\"SLK-KRA-KZL\" \/>\n<meta property=\"product:condition\" content=\"new\" \/>\n<!-- \/ Yoast SEO Premium plugin. -->","yoast_head_json":{"title":"Silikonperlen - Kieselstein","description":"Kaufen Sie unsere Silikonperlen in der Farbe Pebble f\u00fcr Schnullerschn\u00fcre, Bei\u00dfringe, Kinderwagenschn\u00fcre, Schl\u00fcsselanh\u00e4nger und vieles mehr.","robots":{"index":"index","follow":"follow","max-snippet":"max-snippet:-1","max-image-preview":"max-image-preview:large","max-video-preview":"max-video-preview:-1"},"canonical":"https:\/\/www.jootjeshaakcadeautjes.nl\/de\/produkt\/silikonperlen-perlen\/","og_locale":"de_DE","og_type":"article","og_title":"Silikonperlen - Pebble - Nach Farbe einkaufen","og_description":"Kaufen Sie unsere Silikonperlen in der Farbe Pebble f\u00fcr Schnullerschn\u00fcre, Bei\u00dfringe, Kinderwagenschn\u00fcre, Schl\u00fcsselanh\u00e4nger und vieles mehr.","og_url":"https:\/\/www.jootjeshaakcadeautjes.nl\/de\/produkt\/silikonperlen-perlen\/","og_site_name":"Jootjes Haakcadeautjes","article_modified_time":"2025-03-11T03:59:29+00:00","og_image":[{"width":2048,"height":2048,"url":"https:\/\/www.jootjeshaakcadeautjes.nl\/wp-content\/uploads\/2021\/04\/20210405_190116-scaled.jpg","type":"image\/jpeg"}],"twitter_card":"summary_large_image","twitter_misc":{"Verf\u00fcgbarkeit":"Auf Lager"},"schema":{"@context":"https:\/\/schema.org","@graph":[{"@type":"WebPage","@id":"https:\/\/www.jootjeshaakcadeautjes.nl\/de\/produkt\/silikonperlen-perlen\/","url":"https:\/\/www.jootjeshaakcadeautjes.nl\/de\/produkt\/silikonperlen-perlen\/","name":"Silikonperlen - Kieselstein","isPartOf":{"@id":"https:\/\/www.jootjeshaakcadeautjes.nl\/de\/#website"},"primaryImageOfPage":{"@id":"https:\/\/www.jootjeshaakcadeautjes.nl\/de\/produkt\/silikonperlen-perlen\/#primaryimage"},"image":{"@id":"https:\/\/www.jootjeshaakcadeautjes.nl\/de\/produkt\/silikonperlen-perlen\/#primaryimage"},"thumbnailUrl":"https:\/\/d1dyryakdmle7o.cloudfront.net\/wp-content\/uploads\/2021\/04\/20210405_190116-scaled.jpg","datePublished":"2024-01-31T20:16:01+00:00","dateModified":"2025-03-11T03:59:29+00:00","description":"Kaufen Sie unsere Silikonperlen in der Farbe Pebble f\u00fcr Schnullerschn\u00fcre, Bei\u00dfringe, Kinderwagenschn\u00fcre, Schl\u00fcsselanh\u00e4nger und vieles mehr.","breadcrumb":{"@id":"https:\/\/www.jootjeshaakcadeautjes.nl\/de\/produkt\/silikonperlen-perlen\/#breadcrumb"},"inLanguage":"de","potentialAction":[{"@type":"ReadAction","target":["https:\/\/www.jootjeshaakcadeautjes.nl\/de\/produkt\/silikonperlen-perlen\/"]}]},{"@type":"ImageObject","inLanguage":"de","@id":"https:\/\/www.jootjeshaakcadeautjes.nl\/de\/produkt\/silikonperlen-perlen\/#primaryimage","url":"https:\/\/d1dyryakdmle7o.cloudfront.net\/wp-content\/uploads\/2021\/04\/20210405_190116-scaled.jpg","contentUrl":"https:\/\/d1dyryakdmle7o.cloudfront.net\/wp-content\/uploads\/2021\/04\/20210405_190116-scaled.jpg","width":2048,"height":2048,"caption":"Silikon Perlen bpa frei Gro\u00dfhandel Schnuller Schnur Bei\u00dfring Kieselstein"},{"@type":"BreadcrumbList","@id":"https:\/\/www.jootjeshaakcadeautjes.nl\/de\/produkt\/silikonperlen-perlen\/#breadcrumb","itemListElement":[{"@type":"ListItem","position":1,"name":"Startseite","item":"https:\/\/www.jootjeshaakcadeautjes.nl\/de\/"},{"@type":"ListItem","position":2,"name":"Gro\u00dfhandel mit Silikonperlen &#8211; Business und Consumer","item":"https:\/\/www.jootjeshaakcadeautjes.nl\/de\/shop\/"},{"@type":"ListItem","position":3,"name":"Silikonperlen &#8211; Pebble &#8211; Nach Farbe einkaufen"}]},{"@type":"WebSite","@id":"https:\/\/www.jootjeshaakcadeautjes.nl\/de\/#website","url":"https:\/\/www.jootjeshaakcadeautjes.nl\/de\/","name":"Jootjes Haakcadeautjes","description":"Silikonperlen Gro\u00dfhandel ","publisher":{"@id":"https:\/\/www.jootjeshaakcadeautjes.nl\/de\/#organization"},"potentialAction":[{"@type":"SearchAction","target":{"@type":"EntryPoint","urlTemplate":"https:\/\/www.jootjeshaakcadeautjes.nl\/de\/?s={search_term_string}"},"query-input":{"@type":"PropertyValueSpecification","valueRequired":true,"valueName":"search_term_string"}}],"inLanguage":"de"},{"@type":"Organization","@id":"https:\/\/www.jootjeshaakcadeautjes.nl\/de\/#organization","name":"Jootjes Haakcadeautjes","url":"https:\/\/www.jootjeshaakcadeautjes.nl\/de\/","logo":{"@type":"ImageObject","inLanguage":"de","@id":"https:\/\/www.jootjeshaakcadeautjes.nl\/de\/#\/schema\/logo\/image\/","url":"https:\/\/d1dyryakdmle7o.cloudfront.net\/wp-content\/uploads\/2023\/05\/Logo-rond.png","contentUrl":"https:\/\/d1dyryakdmle7o.cloudfront.net\/wp-content\/uploads\/2023\/05\/Logo-rond.png","width":1222,"height":1222,"caption":"Jootjes Haakcadeautjes"},"image":{"@id":"https:\/\/www.jootjeshaakcadeautjes.nl\/de\/#\/schema\/logo\/image\/"}}]},"og_availability":"instock","product_availability":"instock","product_retailer_item_id":"SLK-KRA-KZL","product_condition":"new"},"_links":{"self":[{"href":"https:\/\/www.jootjeshaakcadeautjes.nl\/de\/wp-json\/wp\/v2\/product\/118207","targetHints":{"allow":["GET"]}}],"collection":[{"href":"https:\/\/www.jootjeshaakcadeautjes.nl\/de\/wp-json\/wp\/v2\/product"}],"about":[{"href":"https:\/\/www.jootjeshaakcadeautjes.nl\/de\/wp-json\/wp\/v2\/types\/product"}],"version-history":[{"count":0,"href":"https:\/\/www.jootjeshaakcadeautjes.nl\/de\/wp-json\/wp\/v2\/product\/118207\/revisions"}],"wp:featuredmedia":[{"embeddable":true,"href":"https:\/\/www.jootjeshaakcadeautjes.nl\/de\/wp-json\/wp\/v2\/media\/75763"}],"wp:attachment":[{"href":"https:\/\/www.jootjeshaakcadeautjes.nl\/de\/wp-json\/wp\/v2\/media?parent=118207"}],"wp:term":[{"taxonomy":"product_brand","embeddable":true,"href":"https:\/\/www.jootjeshaakcadeautjes.nl\/de\/wp-json\/wp\/v2\/product_brand?post=118207"},{"taxonomy":"product_cat","embeddable":true,"href":"https:\/\/www.jootjeshaakcadeautjes.nl\/de\/wp-json\/wp\/v2\/product_cat?post=118207"},{"taxonomy":"product_tag","embeddable":true,"href":"https:\/\/www.jootjeshaakcadeautjes.nl\/de\/wp-json\/wp\/v2\/product_tag?post=118207"}],"curies":[{"name":"wp","href":"https:\/\/api.w.org\/{rel}","templated":true}]}}