{"id":118365,"date":"2023-12-21T19:09:29","date_gmt":"2023-12-21T18:09:29","guid":{"rendered":"https:\/\/www.jootjeshaakcadeautjes.nl\/product\/musketenhaken-schwarz\/"},"modified":"2025-10-02T16:30:18","modified_gmt":"2025-10-02T14:30:18","slug":"musketenhaken-schwarz","status":"publish","type":"product","link":"https:\/\/www.jootjeshaakcadeautjes.nl\/de\/produkt\/musketenhaken-schwarz\/","title":{"rendered":"Musketenhaken &#8211; Mattschwarz"},"content":{"rendered":"<h3>Musketenhaken &#8211; Schwarz<\/h3>\n<p>Die Musketenhaken werden h\u00e4ufig f\u00fcr die Herstellung von Gl\u00fccksbringern und anderen Schl\u00fcsselanh\u00e4ngern verwendet. Zum Beispiel Schl\u00fcsselanh\u00e4nger aus Holz- und Silikonperlen oder Taschenaufh\u00e4nger mit oder ohne Namen.<\/p>\n<p>Gl\u00fcckspuppen sind Puppen, die aus (Holz-)Perlen hergestellt werden. Das Gesicht ist aus einer <a href=\"https:\/\/www.jootjeshaakcadeautjes.nl\/de\/produkt\/holzperlen-gluecksbringer-puppe\/\">Holzperle mit Smiley<\/a> gemacht. Wie der Name schon sagt, sollen Gl\u00fcckspuppen jemandem viel Gl\u00fcck w\u00fcnschen und werden daher in Grundschulen h\u00e4ufig verschenkt oder verschenkt. Wenn man sie an einem Musketenhaken befestigt, kann man sie leicht an einer Tasche oder an einem Schl\u00fcsselbund aufh\u00e4ngen. Au\u00dferdem sind sie leicht herzustellen, so dass der gesamte Prozess nicht allzu viel Zeit in Anspruch nimmt.<\/p>\n<p>Musketenhaken f\u00fcr Schl\u00fcsselanh\u00e4nger werden auch h\u00e4ufig zur Herstellung von geh\u00e4kelten Schl\u00fcsselanh\u00e4ngern oder Schl\u00fcsselketten und Taschenanh\u00e4ngern aus Holz- und Silikonperlen verwendet. Daran kann dann auch ein kleines Pl\u00fcschtier befestigt werden, wie z. B. ein kleiner Pilz, geh\u00e4kelte Obstst\u00fccke (Kirschen oder andere) oder kleine geh\u00e4kelte Enten.<\/p>\n<p>&nbsp;<\/p>\n<p>&nbsp;<\/p>\n","protected":false},"excerpt":{"rendered":"<h4>Musketenhaken &#8211; Schwarz<\/h4>\n<p>Ideal zur Herstellung eines geh\u00e4kelten Schl\u00fcsselanh\u00e4ngers oder Gl\u00fccksbringers oder eines handgefertigten Schl\u00fcsselanh\u00e4ngers oder Taschenanh\u00e4ngers aus Holz- oder Silikonperlen mit oder ohne Namen. Zum Beispiel f\u00fcr eine Sporttasche.<\/p>\n","protected":false},"featured_media":112521,"template":"","meta":[],"product_brand":[],"product_cat":[8247,8267,8262],"product_tag":[7208,8268,8272,7549,8285,8278,7444,7651],"class_list":{"0":"post-118365","1":"product","2":"type-product","3":"status-publish","4":"has-post-thumbnail","6":"product_cat-bastelmaterial-hakelzubehor","7":"product_cat-lucky-dolls-diy-perlen-und-zubehor","8":"product_cat-schlusselanhanger-und-haken","9":"product_tag-gluckspuppe","10":"product_tag-hakchen","11":"product_tag-metall","12":"product_tag-mini-de","13":"product_tag-musketenhaken","14":"product_tag-musketeon","15":"product_tag-schlusselanhanger","16":"product_tag-schwarz","18":"first","19":"instock","20":"taxable","21":"shipping-taxable","22":"purchasable","23":"product-type-simple"},"bundled_by":[],"bundle_stock_status":"instock","bundle_stock_quantity":1122,"bundle_virtual":false,"bundle_layout":"","bundle_add_to_cart_form_location":"","bundle_editable_in_cart":false,"bundle_sold_individually_context":"","bundle_item_grouping":"","bundle_min_size":"","bundle_max_size":"","bundle_price":[],"bundled_items":[],"bundle_sell_ids":[],"yoast_head":"<!-- This site is optimized with the Yoast SEO Premium plugin v27.6 (Yoast SEO v27.6) - https:\/\/yoast.com\/product\/yoast-seo-premium-wordpress\/ -->\n<title>Musketenhaken - Mattschwarz - Jootjes Haakcadeautjes<\/title>\n<meta name=\"description\" content=\"Schl\u00fcsselanh\u00e4nger mit Musketenhaken mini zur Herstellung von Gl\u00fccksbringern, geh\u00e4kelten Schl\u00fcsselanh\u00e4ngern, Schl\u00fcssel- oder Taschenanh\u00e4ngern aus Holz oder Silikon.\" \/>\n<meta name=\"robots\" content=\"index, follow, max-snippet:-1, max-image-preview:large, max-video-preview:-1\" \/>\n<link rel=\"canonical\" href=\"https:\/\/www.jootjeshaakcadeautjes.nl\/de\/produkt\/musketenhaken-schwarz\/\" \/>\n<meta property=\"og:locale\" content=\"de_DE\" \/>\n<meta property=\"og:type\" content=\"article\" \/>\n<meta property=\"og:title\" content=\"Musketenhaken - Mattschwarz\" \/>\n<meta property=\"og:description\" content=\"Schl\u00fcsselanh\u00e4nger mit Musketenhaken mini zur Herstellung von Gl\u00fccksbringern, geh\u00e4kelten Schl\u00fcsselanh\u00e4ngern, Schl\u00fcssel- oder Taschenanh\u00e4ngern aus Holz oder Silikon.\" \/>\n<meta property=\"og:url\" content=\"https:\/\/www.jootjeshaakcadeautjes.nl\/de\/produkt\/musketenhaken-schwarz\/\" \/>\n<meta property=\"og:site_name\" content=\"Jootjes Haakcadeautjes\" \/>\n<meta property=\"article:modified_time\" content=\"2025-10-02T14:30:18+00:00\" \/>\n<meta property=\"og:image\" content=\"https:\/\/www.jootjeshaakcadeautjes.nl\/wp-content\/uploads\/2023\/12\/Remove-background-project-2.jpg\" \/>\n\t<meta property=\"og:image:width\" content=\"2048\" \/>\n\t<meta property=\"og:image:height\" content=\"2048\" \/>\n\t<meta property=\"og:image:type\" content=\"image\/jpeg\" \/>\n<meta name=\"twitter:card\" content=\"summary_large_image\" \/>\n<meta name=\"twitter:label1\" content=\"Preis\" \/>\n\t<meta name=\"twitter:data1\" content=\"&euro;0.32 inkl. MwSt.\" \/>\n\t<meta name=\"twitter:label2\" content=\"Verf\u00fcgbarkeit\" \/>\n\t<meta name=\"twitter:data2\" content=\"Auf Lager\" \/>\n<script type=\"application\/ld+json\" class=\"yoast-schema-graph\">{\"@context\":\"https:\\\/\\\/schema.org\",\"@graph\":[{\"@type\":\"WebPage\",\"@id\":\"https:\\\/\\\/www.jootjeshaakcadeautjes.nl\\\/de\\\/produkt\\\/musketenhaken-schwarz\\\/\",\"url\":\"https:\\\/\\\/www.jootjeshaakcadeautjes.nl\\\/de\\\/produkt\\\/musketenhaken-schwarz\\\/\",\"name\":\"Musketenhaken - Mattschwarz - Jootjes Haakcadeautjes\",\"isPartOf\":{\"@id\":\"https:\\\/\\\/www.jootjeshaakcadeautjes.nl\\\/de\\\/#website\"},\"primaryImageOfPage\":{\"@id\":\"https:\\\/\\\/www.jootjeshaakcadeautjes.nl\\\/de\\\/produkt\\\/musketenhaken-schwarz\\\/#primaryimage\"},\"image\":{\"@id\":\"https:\\\/\\\/www.jootjeshaakcadeautjes.nl\\\/de\\\/produkt\\\/musketenhaken-schwarz\\\/#primaryimage\"},\"thumbnailUrl\":\"https:\\\/\\\/d1dyryakdmle7o.cloudfront.net\\\/wp-content\\\/uploads\\\/2023\\\/12\\\/Remove-background-project-2.jpg\",\"datePublished\":\"2023-12-21T18:09:29+00:00\",\"dateModified\":\"2025-10-02T14:30:18+00:00\",\"description\":\"Schl\u00fcsselanh\u00e4nger mit Musketenhaken mini zur Herstellung von Gl\u00fccksbringern, geh\u00e4kelten Schl\u00fcsselanh\u00e4ngern, Schl\u00fcssel- oder Taschenanh\u00e4ngern aus Holz oder Silikon.\",\"breadcrumb\":{\"@id\":\"https:\\\/\\\/www.jootjeshaakcadeautjes.nl\\\/de\\\/produkt\\\/musketenhaken-schwarz\\\/#breadcrumb\"},\"inLanguage\":\"de\",\"potentialAction\":[{\"@type\":\"ReadAction\",\"target\":[\"https:\\\/\\\/www.jootjeshaakcadeautjes.nl\\\/de\\\/produkt\\\/musketenhaken-schwarz\\\/\"]}]},{\"@type\":\"ImageObject\",\"inLanguage\":\"de\",\"@id\":\"https:\\\/\\\/www.jootjeshaakcadeautjes.nl\\\/de\\\/produkt\\\/musketenhaken-schwarz\\\/#primaryimage\",\"url\":\"https:\\\/\\\/d1dyryakdmle7o.cloudfront.net\\\/wp-content\\\/uploads\\\/2023\\\/12\\\/Remove-background-project-2.jpg\",\"contentUrl\":\"https:\\\/\\\/d1dyryakdmle7o.cloudfront.net\\\/wp-content\\\/uploads\\\/2023\\\/12\\\/Remove-background-project-2.jpg\",\"width\":2048,\"height\":2048},{\"@type\":\"BreadcrumbList\",\"@id\":\"https:\\\/\\\/www.jootjeshaakcadeautjes.nl\\\/de\\\/produkt\\\/musketenhaken-schwarz\\\/#breadcrumb\",\"itemListElement\":[{\"@type\":\"ListItem\",\"position\":1,\"name\":\"Startseite\",\"item\":\"https:\\\/\\\/www.jootjeshaakcadeautjes.nl\\\/de\\\/\"},{\"@type\":\"ListItem\",\"position\":2,\"name\":\"Gro\u00dfhandel mit Silikonperlen &#8211; Business und Consumer\",\"item\":\"https:\\\/\\\/www.jootjeshaakcadeautjes.nl\\\/de\\\/shop\\\/\"},{\"@type\":\"ListItem\",\"position\":3,\"name\":\"Musketenhaken &#8211; Mattschwarz\"}]},{\"@type\":\"WebSite\",\"@id\":\"https:\\\/\\\/www.jootjeshaakcadeautjes.nl\\\/de\\\/#website\",\"url\":\"https:\\\/\\\/www.jootjeshaakcadeautjes.nl\\\/de\\\/\",\"name\":\"Jootjes Haakcadeautjes\",\"description\":\"Silikonperlen Gro\u00dfhandel \",\"publisher\":{\"@id\":\"https:\\\/\\\/www.jootjeshaakcadeautjes.nl\\\/de\\\/#organization\"},\"potentialAction\":[{\"@type\":\"SearchAction\",\"target\":{\"@type\":\"EntryPoint\",\"urlTemplate\":\"https:\\\/\\\/www.jootjeshaakcadeautjes.nl\\\/de\\\/?s={search_term_string}\"},\"query-input\":{\"@type\":\"PropertyValueSpecification\",\"valueRequired\":true,\"valueName\":\"search_term_string\"}}],\"inLanguage\":\"de\"},{\"@type\":\"Organization\",\"@id\":\"https:\\\/\\\/www.jootjeshaakcadeautjes.nl\\\/de\\\/#organization\",\"name\":\"Jootjes Haakcadeautjes\",\"url\":\"https:\\\/\\\/www.jootjeshaakcadeautjes.nl\\\/de\\\/\",\"logo\":{\"@type\":\"ImageObject\",\"inLanguage\":\"de\",\"@id\":\"https:\\\/\\\/www.jootjeshaakcadeautjes.nl\\\/de\\\/#\\\/schema\\\/logo\\\/image\\\/\",\"url\":\"https:\\\/\\\/d1dyryakdmle7o.cloudfront.net\\\/wp-content\\\/uploads\\\/2023\\\/05\\\/Logo-rond.png\",\"contentUrl\":\"https:\\\/\\\/d1dyryakdmle7o.cloudfront.net\\\/wp-content\\\/uploads\\\/2023\\\/05\\\/Logo-rond.png\",\"width\":1222,\"height\":1222,\"caption\":\"Jootjes Haakcadeautjes\"},\"image\":{\"@id\":\"https:\\\/\\\/www.jootjeshaakcadeautjes.nl\\\/de\\\/#\\\/schema\\\/logo\\\/image\\\/\"}}]}<\/script>\n<meta property=\"product:price:amount\" content=\"0.32\" \/>\n<meta property=\"product:price:currency\" content=\"EUR\" \/>\n<meta property=\"og:availability\" content=\"instock\" \/>\n<meta property=\"product:availability\" content=\"instock\" \/>\n<meta property=\"product:retailer_item_id\" content=\"MUS-HAA-ZRT\" \/>\n<meta property=\"product:condition\" content=\"new\" \/>\n<!-- \/ Yoast SEO Premium plugin. -->","yoast_head_json":{"title":"Musketenhaken - Mattschwarz - Jootjes Haakcadeautjes","description":"Schl\u00fcsselanh\u00e4nger mit Musketenhaken mini zur Herstellung von Gl\u00fccksbringern, geh\u00e4kelten Schl\u00fcsselanh\u00e4ngern, Schl\u00fcssel- oder Taschenanh\u00e4ngern aus Holz oder Silikon.","robots":{"index":"index","follow":"follow","max-snippet":"max-snippet:-1","max-image-preview":"max-image-preview:large","max-video-preview":"max-video-preview:-1"},"canonical":"https:\/\/www.jootjeshaakcadeautjes.nl\/de\/produkt\/musketenhaken-schwarz\/","og_locale":"de_DE","og_type":"article","og_title":"Musketenhaken - Mattschwarz","og_description":"Schl\u00fcsselanh\u00e4nger mit Musketenhaken mini zur Herstellung von Gl\u00fccksbringern, geh\u00e4kelten Schl\u00fcsselanh\u00e4ngern, Schl\u00fcssel- oder Taschenanh\u00e4ngern aus Holz oder Silikon.","og_url":"https:\/\/www.jootjeshaakcadeautjes.nl\/de\/produkt\/musketenhaken-schwarz\/","og_site_name":"Jootjes Haakcadeautjes","article_modified_time":"2025-10-02T14:30:18+00:00","og_image":[{"width":2048,"height":2048,"url":"https:\/\/www.jootjeshaakcadeautjes.nl\/wp-content\/uploads\/2023\/12\/Remove-background-project-2.jpg","type":"image\/jpeg"}],"twitter_card":"summary_large_image","twitter_misc":{"Preis":"&euro;0.32 inkl. MwSt.","Verf\u00fcgbarkeit":"Auf Lager"},"schema":{"@context":"https:\/\/schema.org","@graph":[{"@type":"WebPage","@id":"https:\/\/www.jootjeshaakcadeautjes.nl\/de\/produkt\/musketenhaken-schwarz\/","url":"https:\/\/www.jootjeshaakcadeautjes.nl\/de\/produkt\/musketenhaken-schwarz\/","name":"Musketenhaken - Mattschwarz - Jootjes Haakcadeautjes","isPartOf":{"@id":"https:\/\/www.jootjeshaakcadeautjes.nl\/de\/#website"},"primaryImageOfPage":{"@id":"https:\/\/www.jootjeshaakcadeautjes.nl\/de\/produkt\/musketenhaken-schwarz\/#primaryimage"},"image":{"@id":"https:\/\/www.jootjeshaakcadeautjes.nl\/de\/produkt\/musketenhaken-schwarz\/#primaryimage"},"thumbnailUrl":"https:\/\/d1dyryakdmle7o.cloudfront.net\/wp-content\/uploads\/2023\/12\/Remove-background-project-2.jpg","datePublished":"2023-12-21T18:09:29+00:00","dateModified":"2025-10-02T14:30:18+00:00","description":"Schl\u00fcsselanh\u00e4nger mit Musketenhaken mini zur Herstellung von Gl\u00fccksbringern, geh\u00e4kelten Schl\u00fcsselanh\u00e4ngern, Schl\u00fcssel- oder Taschenanh\u00e4ngern aus Holz oder Silikon.","breadcrumb":{"@id":"https:\/\/www.jootjeshaakcadeautjes.nl\/de\/produkt\/musketenhaken-schwarz\/#breadcrumb"},"inLanguage":"de","potentialAction":[{"@type":"ReadAction","target":["https:\/\/www.jootjeshaakcadeautjes.nl\/de\/produkt\/musketenhaken-schwarz\/"]}]},{"@type":"ImageObject","inLanguage":"de","@id":"https:\/\/www.jootjeshaakcadeautjes.nl\/de\/produkt\/musketenhaken-schwarz\/#primaryimage","url":"https:\/\/d1dyryakdmle7o.cloudfront.net\/wp-content\/uploads\/2023\/12\/Remove-background-project-2.jpg","contentUrl":"https:\/\/d1dyryakdmle7o.cloudfront.net\/wp-content\/uploads\/2023\/12\/Remove-background-project-2.jpg","width":2048,"height":2048},{"@type":"BreadcrumbList","@id":"https:\/\/www.jootjeshaakcadeautjes.nl\/de\/produkt\/musketenhaken-schwarz\/#breadcrumb","itemListElement":[{"@type":"ListItem","position":1,"name":"Startseite","item":"https:\/\/www.jootjeshaakcadeautjes.nl\/de\/"},{"@type":"ListItem","position":2,"name":"Gro\u00dfhandel mit Silikonperlen &#8211; Business und Consumer","item":"https:\/\/www.jootjeshaakcadeautjes.nl\/de\/shop\/"},{"@type":"ListItem","position":3,"name":"Musketenhaken &#8211; Mattschwarz"}]},{"@type":"WebSite","@id":"https:\/\/www.jootjeshaakcadeautjes.nl\/de\/#website","url":"https:\/\/www.jootjeshaakcadeautjes.nl\/de\/","name":"Jootjes Haakcadeautjes","description":"Silikonperlen Gro\u00dfhandel ","publisher":{"@id":"https:\/\/www.jootjeshaakcadeautjes.nl\/de\/#organization"},"potentialAction":[{"@type":"SearchAction","target":{"@type":"EntryPoint","urlTemplate":"https:\/\/www.jootjeshaakcadeautjes.nl\/de\/?s={search_term_string}"},"query-input":{"@type":"PropertyValueSpecification","valueRequired":true,"valueName":"search_term_string"}}],"inLanguage":"de"},{"@type":"Organization","@id":"https:\/\/www.jootjeshaakcadeautjes.nl\/de\/#organization","name":"Jootjes Haakcadeautjes","url":"https:\/\/www.jootjeshaakcadeautjes.nl\/de\/","logo":{"@type":"ImageObject","inLanguage":"de","@id":"https:\/\/www.jootjeshaakcadeautjes.nl\/de\/#\/schema\/logo\/image\/","url":"https:\/\/d1dyryakdmle7o.cloudfront.net\/wp-content\/uploads\/2023\/05\/Logo-rond.png","contentUrl":"https:\/\/d1dyryakdmle7o.cloudfront.net\/wp-content\/uploads\/2023\/05\/Logo-rond.png","width":1222,"height":1222,"caption":"Jootjes Haakcadeautjes"},"image":{"@id":"https:\/\/www.jootjeshaakcadeautjes.nl\/de\/#\/schema\/logo\/image\/"}}]},"product_price_amount":"0.32","product_price_currency":"EUR","og_availability":"instock","product_availability":"instock","product_retailer_item_id":"MUS-HAA-ZRT","product_condition":"new"},"_links":{"self":[{"href":"https:\/\/www.jootjeshaakcadeautjes.nl\/de\/wp-json\/wp\/v2\/product\/118365","targetHints":{"allow":["GET"]}}],"collection":[{"href":"https:\/\/www.jootjeshaakcadeautjes.nl\/de\/wp-json\/wp\/v2\/product"}],"about":[{"href":"https:\/\/www.jootjeshaakcadeautjes.nl\/de\/wp-json\/wp\/v2\/types\/product"}],"version-history":[{"count":0,"href":"https:\/\/www.jootjeshaakcadeautjes.nl\/de\/wp-json\/wp\/v2\/product\/118365\/revisions"}],"wp:featuredmedia":[{"embeddable":true,"href":"https:\/\/www.jootjeshaakcadeautjes.nl\/de\/wp-json\/wp\/v2\/media\/112521"}],"wp:attachment":[{"href":"https:\/\/www.jootjeshaakcadeautjes.nl\/de\/wp-json\/wp\/v2\/media?parent=118365"}],"wp:term":[{"taxonomy":"product_brand","embeddable":true,"href":"https:\/\/www.jootjeshaakcadeautjes.nl\/de\/wp-json\/wp\/v2\/product_brand?post=118365"},{"taxonomy":"product_cat","embeddable":true,"href":"https:\/\/www.jootjeshaakcadeautjes.nl\/de\/wp-json\/wp\/v2\/product_cat?post=118365"},{"taxonomy":"product_tag","embeddable":true,"href":"https:\/\/www.jootjeshaakcadeautjes.nl\/de\/wp-json\/wp\/v2\/product_tag?post=118365"}],"curies":[{"name":"wp","href":"https:\/\/api.w.org\/{rel}","templated":true}]}}