{"id":118367,"date":"2024-01-05T13:16:03","date_gmt":"2024-01-05T12:16:03","guid":{"rendered":"https:\/\/www.jootjeshaakcadeautjes.nl\/product\/holzzahnwolke-mit-zwei-loechern-grosser-saitenaufhaenger-zahnfleisch-figur-buche\/"},"modified":"2025-08-22T13:53:47","modified_gmt":"2025-08-22T11:53:47","slug":"holzzahnwolke-mit-zwei-loechern-grosser-saitenaufhaenger-zahnfleisch-figur-buche","status":"publish","type":"product","link":"https:\/\/www.jootjeshaakcadeautjes.nl\/de\/produkt\/holzzahnwolke-mit-zwei-loechern-grosser-saitenaufhaenger-zahnfleisch-figur-buche\/","title":{"rendered":"Bei\u00dfring aus Holz &#8211; Wolke mit zwei L\u00f6chern Gro\u00df &#8211; Lanyard-Anh\u00e4nger &#8211; Bei\u00dffigur &#8211; Buchenholz"},"content":{"rendered":"<h1><strong>Bei\u00dfring aus Holz &#8211; Wolke mit zwei L\u00f6chern Gro\u00df &#8211; Spielfadenanh\u00e4nger &#8211; Bei\u00dffigur<\/strong><\/h1>\n<p><span style=\"color: #000000;\">Der Holzanh\u00e4nger oder Ring in Form einer Wolke mit zwei L\u00f6chern Large ist aus unbehandeltem (nicht lackiertem, gebeiztem oder ge\u00f6ltem) Buchenholz gefertigt.  <\/span><\/p>\n<p><span style=\"color: #000000;\">Die h\u00f6lzerne Bei\u00dffigur Variante Cloud with Two Holes Large ist aus einem Naturprodukt hergestellt. Infolgedessen k\u00f6nnen sie manchmal minimale Anomalien aufweisen.  <\/span><span style=\"color: #000000;\">Wenn die Abweichung inakzeptabel ist, werden die Produkte recycelt und nicht verkauft. So k\u00f6nnen wir Ihnen stets hohe Qualit\u00e4t bieten  <\/span><span style=\"color: #000000;\">Holzring\/Holzpendel Garantie.<\/span><\/p>\n<p><span style=\"color: #000000;\">Die Holzapplikationen werden h\u00e4ufig f\u00fcr die Herstellung von Babyspielzeug aus Holz verwendet, wie z. B. Bei\u00dfringe, Rasseln, Stillketten, handgefertigte Schnullerhalter oder Kinderwagenschnallen.  <\/span><\/p>\n<div id=\"attachment_318\" class=\"wp-caption aligncenter\">Sie k\u00f6nnen auch eine Perlenschnur durch beide L\u00f6cher f\u00fchren.<\/div>\n<p>&nbsp;<\/p>\n","protected":false},"excerpt":{"rendered":"<ul>\n<li>Hergestellt aus rohem Holz (nicht lackiert, gebeizt oder ge\u00f6lt)<\/li>\n<li>Holzring Variante: Wolke mit zwei L\u00f6chern Gro\u00df<\/li>\n<\/ul>\n<p>Bestellen Sie jetzt eine s\u00fc\u00dfe Wolke mit zwei L\u00f6chern Large f\u00fcr Ihr handgefertigtes Bei\u00dfspielzeug!<\/p>\n<p>Weitere Informationen zur Verwendung finden Sie am Ende der Seite.<\/p>\n","protected":false},"featured_media":72689,"template":"","meta":[],"product_brand":[],"product_cat":[],"product_tag":[],"class_list":{"0":"post-118367","1":"product","2":"type-product","3":"status-publish","4":"has-post-thumbnail","7":"first","8":"outofstock","9":"sale","10":"taxable","11":"shipping-taxable","12":"purchasable","13":"product-type-simple"},"bundled_by":[],"bundle_stock_status":"outofstock","bundle_stock_quantity":0,"bundle_virtual":false,"bundle_layout":"","bundle_add_to_cart_form_location":"","bundle_editable_in_cart":false,"bundle_sold_individually_context":"","bundle_item_grouping":"","bundle_min_size":"","bundle_max_size":"","bundle_price":[],"bundled_items":[],"bundle_sell_ids":[],"yoast_head":"<!-- This site is optimized with the Yoast SEO Premium plugin v26.4 (Yoast SEO v26.9) - https:\/\/yoast.com\/product\/yoast-seo-premium-wordpress\/ -->\n<title>Bei\u00dfring aus Holz - Wolke mit zwei L\u00f6chern - Herstellung von Babyspielzeug aus Holz<\/title>\n<meta name=\"description\" content=\"H\u00f6lzerne Bei\u00dffigur Cloud mit zwei L\u00f6chern f\u00fcr Ihr handgemachtes Babyspielzeug. Zum Beispiel f\u00fcr einen Bei\u00dfring, eine Rassel oder einen Kinderwagenaufh\u00e4nger aus Holz.\" \/>\n<meta name=\"robots\" content=\"index, follow, max-snippet:-1, max-image-preview:large, max-video-preview:-1\" \/>\n<link rel=\"canonical\" href=\"https:\/\/www.jootjeshaakcadeautjes.nl\/de\/produkt\/holzzahnwolke-mit-zwei-loechern-grosser-saitenaufhaenger-zahnfleisch-figur-buche\/\" \/>\n<meta property=\"og:locale\" content=\"de_DE\" \/>\n<meta property=\"og:type\" content=\"article\" \/>\n<meta property=\"og:title\" content=\"Bei\u00dfring aus Holz - Wolke mit zwei L\u00f6chern Gro\u00df - Lanyard-Anh\u00e4nger - Bei\u00dffigur - Buchenholz\" \/>\n<meta property=\"og:description\" content=\"H\u00f6lzerne Bei\u00dffigur Cloud mit zwei L\u00f6chern f\u00fcr Ihr handgemachtes Babyspielzeug. Zum Beispiel f\u00fcr einen Bei\u00dfring, eine Rassel oder einen Kinderwagenaufh\u00e4nger aus Holz.\" \/>\n<meta property=\"og:url\" content=\"https:\/\/www.jootjeshaakcadeautjes.nl\/de\/produkt\/holzzahnwolke-mit-zwei-loechern-grosser-saitenaufhaenger-zahnfleisch-figur-buche\/\" \/>\n<meta property=\"og:site_name\" content=\"Jootjes Haakcadeautjes\" \/>\n<meta property=\"article:modified_time\" content=\"2025-08-22T11:53:47+00:00\" \/>\n<meta property=\"og:image\" content=\"https:\/\/www.jootjeshaakcadeautjes.nl\/wp-content\/uploads\/2020\/10\/20201004_201554.jpg\" \/>\n\t<meta property=\"og:image:width\" content=\"1415\" \/>\n\t<meta property=\"og:image:height\" content=\"1415\" \/>\n\t<meta property=\"og:image:type\" content=\"image\/jpeg\" \/>\n<meta name=\"twitter:card\" content=\"summary_large_image\" \/>\n<meta name=\"twitter:label1\" content=\"Preis\" \/>\n\t<meta name=\"twitter:data1\" content=\"&euro;1.20 inkl. MwSt.\" \/>\n\t<meta name=\"twitter:label2\" content=\"Verf\u00fcgbarkeit\" \/>\n\t<meta name=\"twitter:data2\" content=\"ausverkauft\" \/>\n<script type=\"application\/ld+json\" class=\"yoast-schema-graph\">{\"@context\":\"https:\/\/schema.org\",\"@graph\":[{\"@type\":\"WebPage\",\"@id\":\"https:\/\/www.jootjeshaakcadeautjes.nl\/de\/produkt\/holzzahnwolke-mit-zwei-loechern-grosser-saitenaufhaenger-zahnfleisch-figur-buche\/\",\"url\":\"https:\/\/www.jootjeshaakcadeautjes.nl\/de\/produkt\/holzzahnwolke-mit-zwei-loechern-grosser-saitenaufhaenger-zahnfleisch-figur-buche\/\",\"name\":\"Bei\u00dfring aus Holz - Wolke mit zwei L\u00f6chern - Herstellung von Babyspielzeug aus Holz\",\"isPartOf\":{\"@id\":\"https:\/\/www.jootjeshaakcadeautjes.nl\/de\/#website\"},\"primaryImageOfPage\":{\"@id\":\"https:\/\/www.jootjeshaakcadeautjes.nl\/de\/produkt\/holzzahnwolke-mit-zwei-loechern-grosser-saitenaufhaenger-zahnfleisch-figur-buche\/#primaryimage\"},\"image\":{\"@id\":\"https:\/\/www.jootjeshaakcadeautjes.nl\/de\/produkt\/holzzahnwolke-mit-zwei-loechern-grosser-saitenaufhaenger-zahnfleisch-figur-buche\/#primaryimage\"},\"thumbnailUrl\":\"https:\/\/d1dyryakdmle7o.cloudfront.net\/wp-content\/uploads\/2020\/10\/20201004_201554.jpg\",\"datePublished\":\"2024-01-05T12:16:03+00:00\",\"dateModified\":\"2025-08-22T11:53:47+00:00\",\"description\":\"H\u00f6lzerne Bei\u00dffigur Cloud mit zwei L\u00f6chern f\u00fcr Ihr handgemachtes Babyspielzeug. Zum Beispiel f\u00fcr einen Bei\u00dfring, eine Rassel oder einen Kinderwagenaufh\u00e4nger aus Holz.\",\"breadcrumb\":{\"@id\":\"https:\/\/www.jootjeshaakcadeautjes.nl\/de\/produkt\/holzzahnwolke-mit-zwei-loechern-grosser-saitenaufhaenger-zahnfleisch-figur-buche\/#breadcrumb\"},\"inLanguage\":\"de\",\"potentialAction\":[{\"@type\":\"ReadAction\",\"target\":[\"https:\/\/www.jootjeshaakcadeautjes.nl\/de\/produkt\/holzzahnwolke-mit-zwei-loechern-grosser-saitenaufhaenger-zahnfleisch-figur-buche\/\"]}]},{\"@type\":\"ImageObject\",\"inLanguage\":\"de\",\"@id\":\"https:\/\/www.jootjeshaakcadeautjes.nl\/de\/produkt\/holzzahnwolke-mit-zwei-loechern-grosser-saitenaufhaenger-zahnfleisch-figur-buche\/#primaryimage\",\"url\":\"https:\/\/d1dyryakdmle7o.cloudfront.net\/wp-content\/uploads\/2020\/10\/20201004_201554.jpg\",\"contentUrl\":\"https:\/\/d1dyryakdmle7o.cloudfront.net\/wp-content\/uploads\/2020\/10\/20201004_201554.jpg\",\"width\":1415,\"height\":1415,\"caption\":\"H\u00f6lzerne Zahnungsfigur Wolke mit 2 L\u00f6chern Buchenholz Baby sicher Gro\u00dfhandel\"},{\"@type\":\"BreadcrumbList\",\"@id\":\"https:\/\/www.jootjeshaakcadeautjes.nl\/de\/produkt\/holzzahnwolke-mit-zwei-loechern-grosser-saitenaufhaenger-zahnfleisch-figur-buche\/#breadcrumb\",\"itemListElement\":[{\"@type\":\"ListItem\",\"position\":1,\"name\":\"Startseite\",\"item\":\"https:\/\/www.jootjeshaakcadeautjes.nl\/de\/\"},{\"@type\":\"ListItem\",\"position\":2,\"name\":\"Gro\u00dfhandel mit Silikonperlen &#8211; Business und Consumer\",\"item\":\"https:\/\/www.jootjeshaakcadeautjes.nl\/de\/shop\/\"},{\"@type\":\"ListItem\",\"position\":3,\"name\":\"Bei\u00dfring aus Holz &#8211; Wolke mit zwei L\u00f6chern Gro\u00df &#8211; Lanyard-Anh\u00e4nger &#8211; Bei\u00dffigur &#8211; Buchenholz\"}]},{\"@type\":\"WebSite\",\"@id\":\"https:\/\/www.jootjeshaakcadeautjes.nl\/de\/#website\",\"url\":\"https:\/\/www.jootjeshaakcadeautjes.nl\/de\/\",\"name\":\"Jootjes Haakcadeautjes\",\"description\":\"Silikonperlen Gro\u00dfhandel \",\"publisher\":{\"@id\":\"https:\/\/www.jootjeshaakcadeautjes.nl\/de\/#organization\"},\"potentialAction\":[{\"@type\":\"SearchAction\",\"target\":{\"@type\":\"EntryPoint\",\"urlTemplate\":\"https:\/\/www.jootjeshaakcadeautjes.nl\/de\/?s={search_term_string}\"},\"query-input\":{\"@type\":\"PropertyValueSpecification\",\"valueRequired\":true,\"valueName\":\"search_term_string\"}}],\"inLanguage\":\"de\"},{\"@type\":\"Organization\",\"@id\":\"https:\/\/www.jootjeshaakcadeautjes.nl\/de\/#organization\",\"name\":\"Jootjes Haakcadeautjes\",\"url\":\"https:\/\/www.jootjeshaakcadeautjes.nl\/de\/\",\"logo\":{\"@type\":\"ImageObject\",\"inLanguage\":\"de\",\"@id\":\"https:\/\/www.jootjeshaakcadeautjes.nl\/de\/#\/schema\/logo\/image\/\",\"url\":\"https:\/\/jootjes-haakcadeautjes-media.s3.amazonaws.com\/wp-content\/uploads\/2023\/05\/Logo-rond.png\",\"contentUrl\":\"https:\/\/jootjes-haakcadeautjes-media.s3.amazonaws.com\/wp-content\/uploads\/2023\/05\/Logo-rond.png\",\"width\":1222,\"height\":1222,\"caption\":\"Jootjes Haakcadeautjes\"},\"image\":{\"@id\":\"https:\/\/www.jootjeshaakcadeautjes.nl\/de\/#\/schema\/logo\/image\/\"}}]}<\/script>\n<meta property=\"product:price:amount\" content=\"1.20\" \/>\n<meta property=\"product:price:currency\" content=\"EUR\" \/>\n<meta property=\"og:availability\" content=\"out of stock\" \/>\n<meta property=\"product:availability\" content=\"out of stock\" \/>\n<meta property=\"product:retailer_item_id\" content=\"HOU-BTF-WMTG\" \/>\n<meta property=\"product:condition\" content=\"new\" \/>\n<!-- \/ Yoast SEO Premium plugin. -->","yoast_head_json":{"title":"Bei\u00dfring aus Holz - Wolke mit zwei L\u00f6chern - Herstellung von Babyspielzeug aus Holz","description":"H\u00f6lzerne Bei\u00dffigur Cloud mit zwei L\u00f6chern f\u00fcr Ihr handgemachtes Babyspielzeug. Zum Beispiel f\u00fcr einen Bei\u00dfring, eine Rassel oder einen Kinderwagenaufh\u00e4nger aus Holz.","robots":{"index":"index","follow":"follow","max-snippet":"max-snippet:-1","max-image-preview":"max-image-preview:large","max-video-preview":"max-video-preview:-1"},"canonical":"https:\/\/www.jootjeshaakcadeautjes.nl\/de\/produkt\/holzzahnwolke-mit-zwei-loechern-grosser-saitenaufhaenger-zahnfleisch-figur-buche\/","og_locale":"de_DE","og_type":"article","og_title":"Bei\u00dfring aus Holz - Wolke mit zwei L\u00f6chern Gro\u00df - Lanyard-Anh\u00e4nger - Bei\u00dffigur - Buchenholz","og_description":"H\u00f6lzerne Bei\u00dffigur Cloud mit zwei L\u00f6chern f\u00fcr Ihr handgemachtes Babyspielzeug. Zum Beispiel f\u00fcr einen Bei\u00dfring, eine Rassel oder einen Kinderwagenaufh\u00e4nger aus Holz.","og_url":"https:\/\/www.jootjeshaakcadeautjes.nl\/de\/produkt\/holzzahnwolke-mit-zwei-loechern-grosser-saitenaufhaenger-zahnfleisch-figur-buche\/","og_site_name":"Jootjes Haakcadeautjes","article_modified_time":"2025-08-22T11:53:47+00:00","og_image":[{"width":1415,"height":1415,"url":"https:\/\/www.jootjeshaakcadeautjes.nl\/wp-content\/uploads\/2020\/10\/20201004_201554.jpg","type":"image\/jpeg"}],"twitter_card":"summary_large_image","twitter_misc":{"Preis":"&euro;1.20 inkl. MwSt.","Verf\u00fcgbarkeit":"ausverkauft"},"schema":{"@context":"https:\/\/schema.org","@graph":[{"@type":"WebPage","@id":"https:\/\/www.jootjeshaakcadeautjes.nl\/de\/produkt\/holzzahnwolke-mit-zwei-loechern-grosser-saitenaufhaenger-zahnfleisch-figur-buche\/","url":"https:\/\/www.jootjeshaakcadeautjes.nl\/de\/produkt\/holzzahnwolke-mit-zwei-loechern-grosser-saitenaufhaenger-zahnfleisch-figur-buche\/","name":"Bei\u00dfring aus Holz - Wolke mit zwei L\u00f6chern - Herstellung von Babyspielzeug aus Holz","isPartOf":{"@id":"https:\/\/www.jootjeshaakcadeautjes.nl\/de\/#website"},"primaryImageOfPage":{"@id":"https:\/\/www.jootjeshaakcadeautjes.nl\/de\/produkt\/holzzahnwolke-mit-zwei-loechern-grosser-saitenaufhaenger-zahnfleisch-figur-buche\/#primaryimage"},"image":{"@id":"https:\/\/www.jootjeshaakcadeautjes.nl\/de\/produkt\/holzzahnwolke-mit-zwei-loechern-grosser-saitenaufhaenger-zahnfleisch-figur-buche\/#primaryimage"},"thumbnailUrl":"https:\/\/d1dyryakdmle7o.cloudfront.net\/wp-content\/uploads\/2020\/10\/20201004_201554.jpg","datePublished":"2024-01-05T12:16:03+00:00","dateModified":"2025-08-22T11:53:47+00:00","description":"H\u00f6lzerne Bei\u00dffigur Cloud mit zwei L\u00f6chern f\u00fcr Ihr handgemachtes Babyspielzeug. Zum Beispiel f\u00fcr einen Bei\u00dfring, eine Rassel oder einen Kinderwagenaufh\u00e4nger aus Holz.","breadcrumb":{"@id":"https:\/\/www.jootjeshaakcadeautjes.nl\/de\/produkt\/holzzahnwolke-mit-zwei-loechern-grosser-saitenaufhaenger-zahnfleisch-figur-buche\/#breadcrumb"},"inLanguage":"de","potentialAction":[{"@type":"ReadAction","target":["https:\/\/www.jootjeshaakcadeautjes.nl\/de\/produkt\/holzzahnwolke-mit-zwei-loechern-grosser-saitenaufhaenger-zahnfleisch-figur-buche\/"]}]},{"@type":"ImageObject","inLanguage":"de","@id":"https:\/\/www.jootjeshaakcadeautjes.nl\/de\/produkt\/holzzahnwolke-mit-zwei-loechern-grosser-saitenaufhaenger-zahnfleisch-figur-buche\/#primaryimage","url":"https:\/\/d1dyryakdmle7o.cloudfront.net\/wp-content\/uploads\/2020\/10\/20201004_201554.jpg","contentUrl":"https:\/\/d1dyryakdmle7o.cloudfront.net\/wp-content\/uploads\/2020\/10\/20201004_201554.jpg","width":1415,"height":1415,"caption":"H\u00f6lzerne Zahnungsfigur Wolke mit 2 L\u00f6chern Buchenholz Baby sicher Gro\u00dfhandel"},{"@type":"BreadcrumbList","@id":"https:\/\/www.jootjeshaakcadeautjes.nl\/de\/produkt\/holzzahnwolke-mit-zwei-loechern-grosser-saitenaufhaenger-zahnfleisch-figur-buche\/#breadcrumb","itemListElement":[{"@type":"ListItem","position":1,"name":"Startseite","item":"https:\/\/www.jootjeshaakcadeautjes.nl\/de\/"},{"@type":"ListItem","position":2,"name":"Gro\u00dfhandel mit Silikonperlen &#8211; Business und Consumer","item":"https:\/\/www.jootjeshaakcadeautjes.nl\/de\/shop\/"},{"@type":"ListItem","position":3,"name":"Bei\u00dfring aus Holz &#8211; Wolke mit zwei L\u00f6chern Gro\u00df &#8211; Lanyard-Anh\u00e4nger &#8211; Bei\u00dffigur &#8211; Buchenholz"}]},{"@type":"WebSite","@id":"https:\/\/www.jootjeshaakcadeautjes.nl\/de\/#website","url":"https:\/\/www.jootjeshaakcadeautjes.nl\/de\/","name":"Jootjes Haakcadeautjes","description":"Silikonperlen Gro\u00dfhandel ","publisher":{"@id":"https:\/\/www.jootjeshaakcadeautjes.nl\/de\/#organization"},"potentialAction":[{"@type":"SearchAction","target":{"@type":"EntryPoint","urlTemplate":"https:\/\/www.jootjeshaakcadeautjes.nl\/de\/?s={search_term_string}"},"query-input":{"@type":"PropertyValueSpecification","valueRequired":true,"valueName":"search_term_string"}}],"inLanguage":"de"},{"@type":"Organization","@id":"https:\/\/www.jootjeshaakcadeautjes.nl\/de\/#organization","name":"Jootjes Haakcadeautjes","url":"https:\/\/www.jootjeshaakcadeautjes.nl\/de\/","logo":{"@type":"ImageObject","inLanguage":"de","@id":"https:\/\/www.jootjeshaakcadeautjes.nl\/de\/#\/schema\/logo\/image\/","url":"https:\/\/jootjes-haakcadeautjes-media.s3.amazonaws.com\/wp-content\/uploads\/2023\/05\/Logo-rond.png","contentUrl":"https:\/\/jootjes-haakcadeautjes-media.s3.amazonaws.com\/wp-content\/uploads\/2023\/05\/Logo-rond.png","width":1222,"height":1222,"caption":"Jootjes Haakcadeautjes"},"image":{"@id":"https:\/\/www.jootjeshaakcadeautjes.nl\/de\/#\/schema\/logo\/image\/"}}]},"product_price_amount":"1.20","product_price_currency":"EUR","og_availability":"out of stock","product_availability":"out of stock","product_retailer_item_id":"HOU-BTF-WMTG","product_condition":"new"},"_links":{"self":[{"href":"https:\/\/www.jootjeshaakcadeautjes.nl\/de\/wp-json\/wp\/v2\/product\/118367","targetHints":{"allow":["GET"]}}],"collection":[{"href":"https:\/\/www.jootjeshaakcadeautjes.nl\/de\/wp-json\/wp\/v2\/product"}],"about":[{"href":"https:\/\/www.jootjeshaakcadeautjes.nl\/de\/wp-json\/wp\/v2\/types\/product"}],"version-history":[{"count":0,"href":"https:\/\/www.jootjeshaakcadeautjes.nl\/de\/wp-json\/wp\/v2\/product\/118367\/revisions"}],"wp:featuredmedia":[{"embeddable":true,"href":"https:\/\/www.jootjeshaakcadeautjes.nl\/de\/wp-json\/wp\/v2\/media\/72689"}],"wp:attachment":[{"href":"https:\/\/www.jootjeshaakcadeautjes.nl\/de\/wp-json\/wp\/v2\/media?parent=118367"}],"wp:term":[{"taxonomy":"product_brand","embeddable":true,"href":"https:\/\/www.jootjeshaakcadeautjes.nl\/de\/wp-json\/wp\/v2\/product_brand?post=118367"},{"taxonomy":"product_cat","embeddable":true,"href":"https:\/\/www.jootjeshaakcadeautjes.nl\/de\/wp-json\/wp\/v2\/product_cat?post=118367"},{"taxonomy":"product_tag","embeddable":true,"href":"https:\/\/www.jootjeshaakcadeautjes.nl\/de\/wp-json\/wp\/v2\/product_tag?post=118367"}],"curies":[{"name":"wp","href":"https:\/\/api.w.org\/{rel}","templated":true}]}}