{"id":118368,"date":"2024-01-09T20:24:03","date_gmt":"2024-01-09T18:24:03","guid":{"rendered":"https:\/\/www.jootjeshaakcadeautjes.nl\/product\/arbeitsmatte-silikon-hobby-matte-handwerkermatte-altrosa\/"},"modified":"2025-04-01T19:44:57","modified_gmt":"2025-04-01T18:44:57","slug":"arbeitsmatte-silikon-hobby-matte-handwerkermatte-altrosa","status":"publish","type":"product","link":"https:\/\/www.jootjeshaakcadeautjes.nl\/de\/produkt\/arbeitsmatte-silikon-hobby-matte-handwerkermatte-altrosa\/","title":{"rendered":"Arbeitsmatte Silikon &#8211; Hobby Matte \/ Bastelmatte &#8211; 39,5 x 30 cm &#8211; Altrosa"},"content":{"rendered":"<h2>Arbeitsmatte Silikon &#8211; Bastelmatte \/ Craft mat &#8211; Altrosa<\/h2>\n<ul>\n<li><strong>Farbe:<\/strong> Altrosa<\/li>\n<li><strong>Material:<\/strong> hochwertiges Silikon<\/li>\n<li><strong>Hitze- und abriebfest<\/strong><\/li>\n<\/ul>\n","protected":false},"excerpt":{"rendered":"<ul>\n<li><strong>Farbe:<\/strong> Altrosa<\/li>\n<li><strong>Material:<\/strong> hochwertiges Silikon<\/li>\n<li><strong>Hitze- und abriebfest<\/strong><\/li>\n<li><strong>Gr\u00f6\u00dfe:<\/strong> 39,5 x 30 cm<\/li>\n<\/ul>\n","protected":false},"featured_media":114189,"template":"","meta":[],"product_brand":[],"product_cat":[8276,8247,7380,19510,8279],"product_tag":[8290,8291,7385,7419,8307,7464,7416,8302,7202,8287,8292,8298,7451,7214,7223,7229,8312,8082,8280,7218,7211,7930],"class_list":{"0":"post-118368","1":"product","2":"type-product","3":"status-publish","4":"has-post-thumbnail","6":"product_cat-alle-werkzeuge-nadeln-kombizange-schere-alle","7":"product_cat-bastelmaterial-hakelzubehor","8":"product_cat-herstellung-von-baby-beisspielzeug-materialien-fur-schnuller-und-beisringe","9":"product_cat-platzsets","10":"product_cat-tools-workmat-beadboard-schnullerkordel-beisring-und-mehr","11":"product_tag-alt-de","12":"product_tag-arbeitsmatte","13":"product_tag-beisring","14":"product_tag-bpa-de","15":"product_tag-dekoration","16":"product_tag-groshandel","17":"product_tag-gummischnur","18":"product_tag-hitzebestandig","19":"product_tag-hobby-de","20":"product_tag-hobby-materialien","21":"product_tag-hobbymatte","22":"product_tag-hochwertige","23":"product_tag-kostenlos","24":"product_tag-machen","25":"product_tag-personalisierte","26":"product_tag-personalisierung","27":"product_tag-raum","28":"product_tag-rosa-de-2","29":"product_tag-schere","30":"product_tag-selbst","31":"product_tag-silikon","32":"product_tag-weinkorken","34":"first","35":"instock","36":"taxable","37":"shipping-taxable","38":"purchasable","39":"product-type-simple"},"bundled_by":[],"bundle_stock_status":"instock","bundle_stock_quantity":3,"bundle_virtual":false,"bundle_layout":"","bundle_add_to_cart_form_location":"","bundle_editable_in_cart":false,"bundle_sold_individually_context":"","bundle_item_grouping":"","bundle_min_size":"","bundle_max_size":"","bundle_price":[],"bundled_items":[],"bundle_sell_ids":[],"yoast_head":"<!-- This site is optimized with the Yoast SEO Premium plugin v27.6 (Yoast SEO v27.6) - https:\/\/yoast.com\/product\/yoast-seo-premium-wordpress\/ -->\n<title>Arbeitsmatte Silikon - Hobby Matte \/ Bastelmatte - 39,5 x 30 cm - Altrosa - Jootjes Haakcadeautjes<\/title>\n<meta name=\"description\" content=\"Kaufen Sie hier die Silikon-Arbeitsmatte in der Farbe Altrosa f\u00fcr die Herstellung von Schnullerkordeln und Bei\u00dfringen. Bestellen Sie heute bis 16:00 Uhr!\" \/>\n<meta name=\"robots\" content=\"index, follow, max-snippet:-1, max-image-preview:large, max-video-preview:-1\" \/>\n<link rel=\"canonical\" href=\"https:\/\/www.jootjeshaakcadeautjes.nl\/de\/produkt\/arbeitsmatte-silikon-hobby-matte-handwerkermatte-altrosa\/\" \/>\n<meta property=\"og:locale\" content=\"de_DE\" \/>\n<meta property=\"og:type\" content=\"article\" \/>\n<meta property=\"og:title\" content=\"Arbeitsmatte Silikon - Hobby Matte \/ Bastelmatte - 39,5 x 30 cm - Altrosa\" \/>\n<meta property=\"og:description\" content=\"Kaufen Sie hier die Silikon-Arbeitsmatte in der Farbe Altrosa f\u00fcr die Herstellung von Schnullerkordeln und Bei\u00dfringen. Bestellen Sie heute bis 16:00 Uhr!\" \/>\n<meta property=\"og:url\" content=\"https:\/\/www.jootjeshaakcadeautjes.nl\/de\/produkt\/arbeitsmatte-silikon-hobby-matte-handwerkermatte-altrosa\/\" \/>\n<meta property=\"og:site_name\" content=\"Jootjes Haakcadeautjes\" \/>\n<meta property=\"article:modified_time\" content=\"2025-04-01T18:44:57+00:00\" \/>\n<meta property=\"og:image\" content=\"https:\/\/www.jootjeshaakcadeautjes.nl\/wp-content\/uploads\/2024\/01\/IMG-20231229-WA0005.jpg\" \/>\n\t<meta property=\"og:image:width\" content=\"800\" \/>\n\t<meta property=\"og:image:height\" content=\"800\" \/>\n\t<meta property=\"og:image:type\" content=\"image\/jpeg\" \/>\n<meta name=\"twitter:card\" content=\"summary_large_image\" \/>\n<meta name=\"twitter:label1\" content=\"Preis\" \/>\n\t<meta name=\"twitter:data1\" content=\"&euro;9.95 inkl. MwSt.\" \/>\n\t<meta name=\"twitter:label2\" content=\"Verf\u00fcgbarkeit\" \/>\n\t<meta name=\"twitter:data2\" content=\"Auf Lager\" \/>\n<script type=\"application\/ld+json\" class=\"yoast-schema-graph\">{\"@context\":\"https:\\\/\\\/schema.org\",\"@graph\":[{\"@type\":\"WebPage\",\"@id\":\"https:\\\/\\\/www.jootjeshaakcadeautjes.nl\\\/de\\\/produkt\\\/arbeitsmatte-silikon-hobby-matte-handwerkermatte-altrosa\\\/\",\"url\":\"https:\\\/\\\/www.jootjeshaakcadeautjes.nl\\\/de\\\/produkt\\\/arbeitsmatte-silikon-hobby-matte-handwerkermatte-altrosa\\\/\",\"name\":\"Arbeitsmatte Silikon - Hobby Matte \\\/ Bastelmatte - 39,5 x 30 cm - Altrosa - Jootjes Haakcadeautjes\",\"isPartOf\":{\"@id\":\"https:\\\/\\\/www.jootjeshaakcadeautjes.nl\\\/de\\\/#website\"},\"primaryImageOfPage\":{\"@id\":\"https:\\\/\\\/www.jootjeshaakcadeautjes.nl\\\/de\\\/produkt\\\/arbeitsmatte-silikon-hobby-matte-handwerkermatte-altrosa\\\/#primaryimage\"},\"image\":{\"@id\":\"https:\\\/\\\/www.jootjeshaakcadeautjes.nl\\\/de\\\/produkt\\\/arbeitsmatte-silikon-hobby-matte-handwerkermatte-altrosa\\\/#primaryimage\"},\"thumbnailUrl\":\"https:\\\/\\\/d1dyryakdmle7o.cloudfront.net\\\/wp-content\\\/uploads\\\/2024\\\/01\\\/IMG-20231229-WA0005.jpg\",\"datePublished\":\"2024-01-09T18:24:03+00:00\",\"dateModified\":\"2025-04-01T18:44:57+00:00\",\"description\":\"Kaufen Sie hier die Silikon-Arbeitsmatte in der Farbe Altrosa f\u00fcr die Herstellung von Schnullerkordeln und Bei\u00dfringen. Bestellen Sie heute bis 16:00 Uhr!\",\"breadcrumb\":{\"@id\":\"https:\\\/\\\/www.jootjeshaakcadeautjes.nl\\\/de\\\/produkt\\\/arbeitsmatte-silikon-hobby-matte-handwerkermatte-altrosa\\\/#breadcrumb\"},\"inLanguage\":\"de\",\"potentialAction\":[{\"@type\":\"ReadAction\",\"target\":[\"https:\\\/\\\/www.jootjeshaakcadeautjes.nl\\\/de\\\/produkt\\\/arbeitsmatte-silikon-hobby-matte-handwerkermatte-altrosa\\\/\"]}]},{\"@type\":\"ImageObject\",\"inLanguage\":\"de\",\"@id\":\"https:\\\/\\\/www.jootjeshaakcadeautjes.nl\\\/de\\\/produkt\\\/arbeitsmatte-silikon-hobby-matte-handwerkermatte-altrosa\\\/#primaryimage\",\"url\":\"https:\\\/\\\/d1dyryakdmle7o.cloudfront.net\\\/wp-content\\\/uploads\\\/2024\\\/01\\\/IMG-20231229-WA0005.jpg\",\"contentUrl\":\"https:\\\/\\\/d1dyryakdmle7o.cloudfront.net\\\/wp-content\\\/uploads\\\/2024\\\/01\\\/IMG-20231229-WA0005.jpg\",\"width\":800,\"height\":800,\"caption\":\"Silikon Bastelmatten Arbeitsmatten f\u00fcr selbstgemachte Schnuller Schn\u00fcre Bei\u00dfringe Silikonperlen Gro\u00dfhandel in Farbe altrosa\"},{\"@type\":\"BreadcrumbList\",\"@id\":\"https:\\\/\\\/www.jootjeshaakcadeautjes.nl\\\/de\\\/produkt\\\/arbeitsmatte-silikon-hobby-matte-handwerkermatte-altrosa\\\/#breadcrumb\",\"itemListElement\":[{\"@type\":\"ListItem\",\"position\":1,\"name\":\"Startseite\",\"item\":\"https:\\\/\\\/www.jootjeshaakcadeautjes.nl\\\/de\\\/\"},{\"@type\":\"ListItem\",\"position\":2,\"name\":\"Gro\u00dfhandel mit Silikonperlen &#8211; Business und Consumer\",\"item\":\"https:\\\/\\\/www.jootjeshaakcadeautjes.nl\\\/de\\\/shop\\\/\"},{\"@type\":\"ListItem\",\"position\":3,\"name\":\"Arbeitsmatte Silikon &#8211; Hobby Matte \\\/ Bastelmatte &#8211; 39,5 x 30 cm &#8211; Altrosa\"}]},{\"@type\":\"WebSite\",\"@id\":\"https:\\\/\\\/www.jootjeshaakcadeautjes.nl\\\/de\\\/#website\",\"url\":\"https:\\\/\\\/www.jootjeshaakcadeautjes.nl\\\/de\\\/\",\"name\":\"Jootjes Haakcadeautjes\",\"description\":\"Silikonperlen Gro\u00dfhandel \",\"publisher\":{\"@id\":\"https:\\\/\\\/www.jootjeshaakcadeautjes.nl\\\/de\\\/#organization\"},\"potentialAction\":[{\"@type\":\"SearchAction\",\"target\":{\"@type\":\"EntryPoint\",\"urlTemplate\":\"https:\\\/\\\/www.jootjeshaakcadeautjes.nl\\\/de\\\/?s={search_term_string}\"},\"query-input\":{\"@type\":\"PropertyValueSpecification\",\"valueRequired\":true,\"valueName\":\"search_term_string\"}}],\"inLanguage\":\"de\"},{\"@type\":\"Organization\",\"@id\":\"https:\\\/\\\/www.jootjeshaakcadeautjes.nl\\\/de\\\/#organization\",\"name\":\"Jootjes Haakcadeautjes\",\"url\":\"https:\\\/\\\/www.jootjeshaakcadeautjes.nl\\\/de\\\/\",\"logo\":{\"@type\":\"ImageObject\",\"inLanguage\":\"de\",\"@id\":\"https:\\\/\\\/www.jootjeshaakcadeautjes.nl\\\/de\\\/#\\\/schema\\\/logo\\\/image\\\/\",\"url\":\"https:\\\/\\\/d1dyryakdmle7o.cloudfront.net\\\/wp-content\\\/uploads\\\/2023\\\/05\\\/Logo-rond.png\",\"contentUrl\":\"https:\\\/\\\/d1dyryakdmle7o.cloudfront.net\\\/wp-content\\\/uploads\\\/2023\\\/05\\\/Logo-rond.png\",\"width\":1222,\"height\":1222,\"caption\":\"Jootjes Haakcadeautjes\"},\"image\":{\"@id\":\"https:\\\/\\\/www.jootjeshaakcadeautjes.nl\\\/de\\\/#\\\/schema\\\/logo\\\/image\\\/\"}}]}<\/script>\n<meta property=\"product:price:amount\" content=\"9.95\" \/>\n<meta property=\"product:price:currency\" content=\"EUR\" \/>\n<meta property=\"og:availability\" content=\"instock\" \/>\n<meta property=\"product:availability\" content=\"instock\" \/>\n<meta property=\"product:retailer_item_id\" content=\"SIL-WRK-MAT-ORO\" \/>\n<meta property=\"product:condition\" content=\"new\" \/>\n<!-- \/ Yoast SEO Premium plugin. -->","yoast_head_json":{"title":"Arbeitsmatte Silikon - Hobby Matte \/ Bastelmatte - 39,5 x 30 cm - Altrosa - Jootjes Haakcadeautjes","description":"Kaufen Sie hier die Silikon-Arbeitsmatte in der Farbe Altrosa f\u00fcr die Herstellung von Schnullerkordeln und Bei\u00dfringen. Bestellen Sie heute bis 16:00 Uhr!","robots":{"index":"index","follow":"follow","max-snippet":"max-snippet:-1","max-image-preview":"max-image-preview:large","max-video-preview":"max-video-preview:-1"},"canonical":"https:\/\/www.jootjeshaakcadeautjes.nl\/de\/produkt\/arbeitsmatte-silikon-hobby-matte-handwerkermatte-altrosa\/","og_locale":"de_DE","og_type":"article","og_title":"Arbeitsmatte Silikon - Hobby Matte \/ Bastelmatte - 39,5 x 30 cm - Altrosa","og_description":"Kaufen Sie hier die Silikon-Arbeitsmatte in der Farbe Altrosa f\u00fcr die Herstellung von Schnullerkordeln und Bei\u00dfringen. Bestellen Sie heute bis 16:00 Uhr!","og_url":"https:\/\/www.jootjeshaakcadeautjes.nl\/de\/produkt\/arbeitsmatte-silikon-hobby-matte-handwerkermatte-altrosa\/","og_site_name":"Jootjes Haakcadeautjes","article_modified_time":"2025-04-01T18:44:57+00:00","og_image":[{"width":800,"height":800,"url":"https:\/\/www.jootjeshaakcadeautjes.nl\/wp-content\/uploads\/2024\/01\/IMG-20231229-WA0005.jpg","type":"image\/jpeg"}],"twitter_card":"summary_large_image","twitter_misc":{"Preis":"&euro;9.95 inkl. MwSt.","Verf\u00fcgbarkeit":"Auf Lager"},"schema":{"@context":"https:\/\/schema.org","@graph":[{"@type":"WebPage","@id":"https:\/\/www.jootjeshaakcadeautjes.nl\/de\/produkt\/arbeitsmatte-silikon-hobby-matte-handwerkermatte-altrosa\/","url":"https:\/\/www.jootjeshaakcadeautjes.nl\/de\/produkt\/arbeitsmatte-silikon-hobby-matte-handwerkermatte-altrosa\/","name":"Arbeitsmatte Silikon - Hobby Matte \/ Bastelmatte - 39,5 x 30 cm - Altrosa - Jootjes Haakcadeautjes","isPartOf":{"@id":"https:\/\/www.jootjeshaakcadeautjes.nl\/de\/#website"},"primaryImageOfPage":{"@id":"https:\/\/www.jootjeshaakcadeautjes.nl\/de\/produkt\/arbeitsmatte-silikon-hobby-matte-handwerkermatte-altrosa\/#primaryimage"},"image":{"@id":"https:\/\/www.jootjeshaakcadeautjes.nl\/de\/produkt\/arbeitsmatte-silikon-hobby-matte-handwerkermatte-altrosa\/#primaryimage"},"thumbnailUrl":"https:\/\/d1dyryakdmle7o.cloudfront.net\/wp-content\/uploads\/2024\/01\/IMG-20231229-WA0005.jpg","datePublished":"2024-01-09T18:24:03+00:00","dateModified":"2025-04-01T18:44:57+00:00","description":"Kaufen Sie hier die Silikon-Arbeitsmatte in der Farbe Altrosa f\u00fcr die Herstellung von Schnullerkordeln und Bei\u00dfringen. Bestellen Sie heute bis 16:00 Uhr!","breadcrumb":{"@id":"https:\/\/www.jootjeshaakcadeautjes.nl\/de\/produkt\/arbeitsmatte-silikon-hobby-matte-handwerkermatte-altrosa\/#breadcrumb"},"inLanguage":"de","potentialAction":[{"@type":"ReadAction","target":["https:\/\/www.jootjeshaakcadeautjes.nl\/de\/produkt\/arbeitsmatte-silikon-hobby-matte-handwerkermatte-altrosa\/"]}]},{"@type":"ImageObject","inLanguage":"de","@id":"https:\/\/www.jootjeshaakcadeautjes.nl\/de\/produkt\/arbeitsmatte-silikon-hobby-matte-handwerkermatte-altrosa\/#primaryimage","url":"https:\/\/d1dyryakdmle7o.cloudfront.net\/wp-content\/uploads\/2024\/01\/IMG-20231229-WA0005.jpg","contentUrl":"https:\/\/d1dyryakdmle7o.cloudfront.net\/wp-content\/uploads\/2024\/01\/IMG-20231229-WA0005.jpg","width":800,"height":800,"caption":"Silikon Bastelmatten Arbeitsmatten f\u00fcr selbstgemachte Schnuller Schn\u00fcre Bei\u00dfringe Silikonperlen Gro\u00dfhandel in Farbe altrosa"},{"@type":"BreadcrumbList","@id":"https:\/\/www.jootjeshaakcadeautjes.nl\/de\/produkt\/arbeitsmatte-silikon-hobby-matte-handwerkermatte-altrosa\/#breadcrumb","itemListElement":[{"@type":"ListItem","position":1,"name":"Startseite","item":"https:\/\/www.jootjeshaakcadeautjes.nl\/de\/"},{"@type":"ListItem","position":2,"name":"Gro\u00dfhandel mit Silikonperlen &#8211; Business und Consumer","item":"https:\/\/www.jootjeshaakcadeautjes.nl\/de\/shop\/"},{"@type":"ListItem","position":3,"name":"Arbeitsmatte Silikon &#8211; Hobby Matte \/ Bastelmatte &#8211; 39,5 x 30 cm &#8211; Altrosa"}]},{"@type":"WebSite","@id":"https:\/\/www.jootjeshaakcadeautjes.nl\/de\/#website","url":"https:\/\/www.jootjeshaakcadeautjes.nl\/de\/","name":"Jootjes Haakcadeautjes","description":"Silikonperlen Gro\u00dfhandel ","publisher":{"@id":"https:\/\/www.jootjeshaakcadeautjes.nl\/de\/#organization"},"potentialAction":[{"@type":"SearchAction","target":{"@type":"EntryPoint","urlTemplate":"https:\/\/www.jootjeshaakcadeautjes.nl\/de\/?s={search_term_string}"},"query-input":{"@type":"PropertyValueSpecification","valueRequired":true,"valueName":"search_term_string"}}],"inLanguage":"de"},{"@type":"Organization","@id":"https:\/\/www.jootjeshaakcadeautjes.nl\/de\/#organization","name":"Jootjes Haakcadeautjes","url":"https:\/\/www.jootjeshaakcadeautjes.nl\/de\/","logo":{"@type":"ImageObject","inLanguage":"de","@id":"https:\/\/www.jootjeshaakcadeautjes.nl\/de\/#\/schema\/logo\/image\/","url":"https:\/\/d1dyryakdmle7o.cloudfront.net\/wp-content\/uploads\/2023\/05\/Logo-rond.png","contentUrl":"https:\/\/d1dyryakdmle7o.cloudfront.net\/wp-content\/uploads\/2023\/05\/Logo-rond.png","width":1222,"height":1222,"caption":"Jootjes Haakcadeautjes"},"image":{"@id":"https:\/\/www.jootjeshaakcadeautjes.nl\/de\/#\/schema\/logo\/image\/"}}]},"product_price_amount":"9.95","product_price_currency":"EUR","og_availability":"instock","product_availability":"instock","product_retailer_item_id":"SIL-WRK-MAT-ORO","product_condition":"new"},"_links":{"self":[{"href":"https:\/\/www.jootjeshaakcadeautjes.nl\/de\/wp-json\/wp\/v2\/product\/118368","targetHints":{"allow":["GET"]}}],"collection":[{"href":"https:\/\/www.jootjeshaakcadeautjes.nl\/de\/wp-json\/wp\/v2\/product"}],"about":[{"href":"https:\/\/www.jootjeshaakcadeautjes.nl\/de\/wp-json\/wp\/v2\/types\/product"}],"version-history":[{"count":0,"href":"https:\/\/www.jootjeshaakcadeautjes.nl\/de\/wp-json\/wp\/v2\/product\/118368\/revisions"}],"wp:featuredmedia":[{"embeddable":true,"href":"https:\/\/www.jootjeshaakcadeautjes.nl\/de\/wp-json\/wp\/v2\/media\/114189"}],"wp:attachment":[{"href":"https:\/\/www.jootjeshaakcadeautjes.nl\/de\/wp-json\/wp\/v2\/media?parent=118368"}],"wp:term":[{"taxonomy":"product_brand","embeddable":true,"href":"https:\/\/www.jootjeshaakcadeautjes.nl\/de\/wp-json\/wp\/v2\/product_brand?post=118368"},{"taxonomy":"product_cat","embeddable":true,"href":"https:\/\/www.jootjeshaakcadeautjes.nl\/de\/wp-json\/wp\/v2\/product_cat?post=118368"},{"taxonomy":"product_tag","embeddable":true,"href":"https:\/\/www.jootjeshaakcadeautjes.nl\/de\/wp-json\/wp\/v2\/product_tag?post=118368"}],"curies":[{"name":"wp","href":"https:\/\/api.w.org\/{rel}","templated":true}]}}