{"id":118385,"date":"2023-12-21T16:48:40","date_gmt":"2023-12-21T15:48:40","guid":{"rendered":"https:\/\/www.jootjeshaakcadeautjes.nl\/product\/anhaengsel-bar-blau\/"},"modified":"2025-07-18T17:04:22","modified_gmt":"2025-07-18T15:04:22","slug":"anhaengsel-bar-blau","status":"publish","type":"product","link":"https:\/\/www.jootjeshaakcadeautjes.nl\/de\/produkt\/anhaengsel-bar-blau\/","title":{"rendered":"Anh\u00e4nger mit Gewinde &#8211; Stange &#8211; Blau"},"content":{"rendered":"<h1>Anh\u00e4nger mit Gewinde &#8211; Stange &#8211; Blau<\/h1>\n<ul>\n<li>Anh\u00e4nger aus rostfreiem Stahl mit Gewinde in der Farbe Blau.<\/li>\n<li>Die Stange hat auf beiden Seiten eine Kugel, die man abschraubt.<\/li>\n<li>Alle Perlen (au\u00dfer Acryl-Buchstabenperlen) passen darauf.<\/li>\n<li>Der Abstand zwischen den Kugeln betr\u00e4gt etwa 6 cm.<\/li>\n<li>Sehr sch\u00f6n als Weihnachtsschmuck\/Dekoration f\u00fcr den Weihnachtsbaum.<\/li>\n<\/ul>\n","protected":false},"excerpt":{"rendered":"<ul>\n<li>Anh\u00e4nger aus rostfreiem Stahl mit Gewinde in der Farbe Blau.<\/li>\n<li>Die Stange hat auf beiden Seiten eine Kugel, die man abschraubt.<\/li>\n<li>Alle Perlen (au\u00dfer Acryl-Buchstabenperlen) passen darauf<\/li>\n<li>Der Abstand zwischen den Kugeln betr\u00e4gt etwa 6 cm.<\/li>\n<li>Sehr sch\u00f6n als Weihnachtsdekoration\/Schmuck f\u00fcr den Weihnachtsbaum<\/li>\n<\/ul>\n","protected":false},"featured_media":113523,"template":"","meta":[],"product_brand":[],"product_cat":[7194,8247,8260],"product_tag":[7984,7226,8270,7683,7205,7400,7464,7196,7214,7199,7232,7444,7218,7211,8275,7615,8265],"class_list":{"0":"post-118385","1":"product","2":"type-product","3":"status-publish","4":"has-post-thumbnail","6":"product_cat-basteable-produkte-alle-basteable-produkte","7":"product_cat-bastelmaterial-hakelzubehor","8":"product_cat-schlusselanhanger-mit-gewinde-diy-schlusselanhanger","9":"product_tag-anhanger","10":"product_tag-aufreihbar","11":"product_tag-balle-de","12":"product_tag-blau","13":"product_tag-diy-de","14":"product_tag-eingraviert","15":"product_tag-groshandel","16":"product_tag-holz","17":"product_tag-machen","18":"product_tag-perlen","19":"product_tag-rostfreier-stahl","20":"product_tag-schlusselanhanger","21":"product_tag-selbst","22":"product_tag-silikon","23":"product_tag-stab","24":"product_tag-weihnachten-de","25":"product_tag-weihnachtsbaum","27":"first","28":"instock","29":"taxable","30":"shipping-taxable","31":"purchasable","32":"product-type-simple"},"bundled_by":["150872","150880"],"bundle_stock_status":"instock","bundle_stock_quantity":29,"bundle_virtual":false,"bundle_layout":"","bundle_add_to_cart_form_location":"","bundle_editable_in_cart":false,"bundle_sold_individually_context":"","bundle_item_grouping":"","bundle_min_size":"","bundle_max_size":"","bundle_price":[],"bundled_items":[],"bundle_sell_ids":[],"yoast_head":"<!-- This site is optimized with the Yoast SEO Premium plugin v27.6 (Yoast SEO v27.6) - https:\/\/yoast.com\/product\/yoast-seo-premium-wordpress\/ -->\n<title>Anh\u00e4nger mit Gewinde - Stange - Blau - Jootjes Haakcadeautjes<\/title>\n<meta name=\"description\" content=\"Auff\u00e4delbare DIY-Anh\u00e4nger in der Farbe Blau. F\u00e4deln Sie Perlen auf den Stab, ein pers\u00f6nliches Geschenk. Sehr sch\u00f6n als Weihnachtsschmuck\/Dekoration f\u00fcr den Weihnachtsbaum\" \/>\n<meta name=\"robots\" content=\"index, follow, max-snippet:-1, max-image-preview:large, max-video-preview:-1\" \/>\n<link rel=\"canonical\" href=\"https:\/\/www.jootjeshaakcadeautjes.nl\/de\/produkt\/anhaengsel-bar-blau\/\" \/>\n<meta property=\"og:locale\" content=\"de_DE\" \/>\n<meta property=\"og:type\" content=\"article\" \/>\n<meta property=\"og:title\" content=\"Anh\u00e4nger mit Gewinde - Stange - Blau\" \/>\n<meta property=\"og:description\" content=\"Auff\u00e4delbare DIY-Anh\u00e4nger in der Farbe Blau. F\u00e4deln Sie Perlen auf den Stab, ein pers\u00f6nliches Geschenk. Sehr sch\u00f6n als Weihnachtsschmuck\/Dekoration f\u00fcr den Weihnachtsbaum\" \/>\n<meta property=\"og:url\" content=\"https:\/\/www.jootjeshaakcadeautjes.nl\/de\/produkt\/anhaengsel-bar-blau\/\" \/>\n<meta property=\"og:site_name\" content=\"Jootjes Haakcadeautjes\" \/>\n<meta property=\"article:modified_time\" content=\"2025-07-18T15:04:22+00:00\" \/>\n<meta property=\"og:image\" content=\"https:\/\/www.jootjeshaakcadeautjes.nl\/wp-content\/uploads\/2023\/12\/Remove-background-project.png\" \/>\n\t<meta property=\"og:image:width\" content=\"2048\" \/>\n\t<meta property=\"og:image:height\" content=\"2048\" \/>\n\t<meta property=\"og:image:type\" content=\"image\/png\" \/>\n<meta name=\"twitter:card\" content=\"summary_large_image\" \/>\n<meta name=\"twitter:label1\" content=\"Preis\" \/>\n\t<meta name=\"twitter:data1\" content=\"&euro;0.75 inkl. MwSt.\" \/>\n\t<meta name=\"twitter:label2\" content=\"Verf\u00fcgbarkeit\" \/>\n\t<meta name=\"twitter:data2\" content=\"Auf Lager\" \/>\n<script type=\"application\/ld+json\" class=\"yoast-schema-graph\">{\"@context\":\"https:\\\/\\\/schema.org\",\"@graph\":[{\"@type\":\"WebPage\",\"@id\":\"https:\\\/\\\/www.jootjeshaakcadeautjes.nl\\\/de\\\/produkt\\\/anhaengsel-bar-blau\\\/\",\"url\":\"https:\\\/\\\/www.jootjeshaakcadeautjes.nl\\\/de\\\/produkt\\\/anhaengsel-bar-blau\\\/\",\"name\":\"Anh\u00e4nger mit Gewinde - Stange - Blau - Jootjes Haakcadeautjes\",\"isPartOf\":{\"@id\":\"https:\\\/\\\/www.jootjeshaakcadeautjes.nl\\\/de\\\/#website\"},\"primaryImageOfPage\":{\"@id\":\"https:\\\/\\\/www.jootjeshaakcadeautjes.nl\\\/de\\\/produkt\\\/anhaengsel-bar-blau\\\/#primaryimage\"},\"image\":{\"@id\":\"https:\\\/\\\/www.jootjeshaakcadeautjes.nl\\\/de\\\/produkt\\\/anhaengsel-bar-blau\\\/#primaryimage\"},\"thumbnailUrl\":\"https:\\\/\\\/d1dyryakdmle7o.cloudfront.net\\\/wp-content\\\/uploads\\\/2023\\\/12\\\/Remove-background-project.png\",\"datePublished\":\"2023-12-21T15:48:40+00:00\",\"dateModified\":\"2025-07-18T15:04:22+00:00\",\"description\":\"Auff\u00e4delbare DIY-Anh\u00e4nger in der Farbe Blau. F\u00e4deln Sie Perlen auf den Stab, ein pers\u00f6nliches Geschenk. Sehr sch\u00f6n als Weihnachtsschmuck\\\/Dekoration f\u00fcr den Weihnachtsbaum\",\"breadcrumb\":{\"@id\":\"https:\\\/\\\/www.jootjeshaakcadeautjes.nl\\\/de\\\/produkt\\\/anhaengsel-bar-blau\\\/#breadcrumb\"},\"inLanguage\":\"de\",\"potentialAction\":[{\"@type\":\"ReadAction\",\"target\":[\"https:\\\/\\\/www.jootjeshaakcadeautjes.nl\\\/de\\\/produkt\\\/anhaengsel-bar-blau\\\/\"]}]},{\"@type\":\"ImageObject\",\"inLanguage\":\"de\",\"@id\":\"https:\\\/\\\/www.jootjeshaakcadeautjes.nl\\\/de\\\/produkt\\\/anhaengsel-bar-blau\\\/#primaryimage\",\"url\":\"https:\\\/\\\/d1dyryakdmle7o.cloudfront.net\\\/wp-content\\\/uploads\\\/2023\\\/12\\\/Remove-background-project.png\",\"contentUrl\":\"https:\\\/\\\/d1dyryakdmle7o.cloudfront.net\\\/wp-content\\\/uploads\\\/2023\\\/12\\\/Remove-background-project.png\",\"width\":2048,\"height\":2048},{\"@type\":\"BreadcrumbList\",\"@id\":\"https:\\\/\\\/www.jootjeshaakcadeautjes.nl\\\/de\\\/produkt\\\/anhaengsel-bar-blau\\\/#breadcrumb\",\"itemListElement\":[{\"@type\":\"ListItem\",\"position\":1,\"name\":\"Startseite\",\"item\":\"https:\\\/\\\/www.jootjeshaakcadeautjes.nl\\\/de\\\/\"},{\"@type\":\"ListItem\",\"position\":2,\"name\":\"Gro\u00dfhandel mit Silikonperlen &#8211; Business und Consumer\",\"item\":\"https:\\\/\\\/www.jootjeshaakcadeautjes.nl\\\/de\\\/shop\\\/\"},{\"@type\":\"ListItem\",\"position\":3,\"name\":\"Anh\u00e4nger mit Gewinde &#8211; Stange &#8211; Blau\"}]},{\"@type\":\"WebSite\",\"@id\":\"https:\\\/\\\/www.jootjeshaakcadeautjes.nl\\\/de\\\/#website\",\"url\":\"https:\\\/\\\/www.jootjeshaakcadeautjes.nl\\\/de\\\/\",\"name\":\"Jootjes Haakcadeautjes\",\"description\":\"Silikonperlen Gro\u00dfhandel \",\"publisher\":{\"@id\":\"https:\\\/\\\/www.jootjeshaakcadeautjes.nl\\\/de\\\/#organization\"},\"potentialAction\":[{\"@type\":\"SearchAction\",\"target\":{\"@type\":\"EntryPoint\",\"urlTemplate\":\"https:\\\/\\\/www.jootjeshaakcadeautjes.nl\\\/de\\\/?s={search_term_string}\"},\"query-input\":{\"@type\":\"PropertyValueSpecification\",\"valueRequired\":true,\"valueName\":\"search_term_string\"}}],\"inLanguage\":\"de\"},{\"@type\":\"Organization\",\"@id\":\"https:\\\/\\\/www.jootjeshaakcadeautjes.nl\\\/de\\\/#organization\",\"name\":\"Jootjes Haakcadeautjes\",\"url\":\"https:\\\/\\\/www.jootjeshaakcadeautjes.nl\\\/de\\\/\",\"logo\":{\"@type\":\"ImageObject\",\"inLanguage\":\"de\",\"@id\":\"https:\\\/\\\/www.jootjeshaakcadeautjes.nl\\\/de\\\/#\\\/schema\\\/logo\\\/image\\\/\",\"url\":\"https:\\\/\\\/d1dyryakdmle7o.cloudfront.net\\\/wp-content\\\/uploads\\\/2023\\\/05\\\/Logo-rond.png\",\"contentUrl\":\"https:\\\/\\\/d1dyryakdmle7o.cloudfront.net\\\/wp-content\\\/uploads\\\/2023\\\/05\\\/Logo-rond.png\",\"width\":1222,\"height\":1222,\"caption\":\"Jootjes Haakcadeautjes\"},\"image\":{\"@id\":\"https:\\\/\\\/www.jootjeshaakcadeautjes.nl\\\/de\\\/#\\\/schema\\\/logo\\\/image\\\/\"}}]}<\/script>\n<meta property=\"product:price:amount\" content=\"0.75\" \/>\n<meta property=\"product:price:currency\" content=\"EUR\" \/>\n<meta property=\"og:availability\" content=\"instock\" \/>\n<meta property=\"product:availability\" content=\"instock\" \/>\n<meta property=\"product:retailer_item_id\" content=\"RIJG-HAN-BLA\" \/>\n<meta property=\"product:condition\" content=\"new\" \/>\n<!-- \/ Yoast SEO Premium plugin. -->","yoast_head_json":{"title":"Anh\u00e4nger mit Gewinde - Stange - Blau - Jootjes Haakcadeautjes","description":"Auff\u00e4delbare DIY-Anh\u00e4nger in der Farbe Blau. F\u00e4deln Sie Perlen auf den Stab, ein pers\u00f6nliches Geschenk. Sehr sch\u00f6n als Weihnachtsschmuck\/Dekoration f\u00fcr den Weihnachtsbaum","robots":{"index":"index","follow":"follow","max-snippet":"max-snippet:-1","max-image-preview":"max-image-preview:large","max-video-preview":"max-video-preview:-1"},"canonical":"https:\/\/www.jootjeshaakcadeautjes.nl\/de\/produkt\/anhaengsel-bar-blau\/","og_locale":"de_DE","og_type":"article","og_title":"Anh\u00e4nger mit Gewinde - Stange - Blau","og_description":"Auff\u00e4delbare DIY-Anh\u00e4nger in der Farbe Blau. F\u00e4deln Sie Perlen auf den Stab, ein pers\u00f6nliches Geschenk. Sehr sch\u00f6n als Weihnachtsschmuck\/Dekoration f\u00fcr den Weihnachtsbaum","og_url":"https:\/\/www.jootjeshaakcadeautjes.nl\/de\/produkt\/anhaengsel-bar-blau\/","og_site_name":"Jootjes Haakcadeautjes","article_modified_time":"2025-07-18T15:04:22+00:00","og_image":[{"width":2048,"height":2048,"url":"https:\/\/www.jootjeshaakcadeautjes.nl\/wp-content\/uploads\/2023\/12\/Remove-background-project.png","type":"image\/png"}],"twitter_card":"summary_large_image","twitter_misc":{"Preis":"&euro;0.75 inkl. MwSt.","Verf\u00fcgbarkeit":"Auf Lager"},"schema":{"@context":"https:\/\/schema.org","@graph":[{"@type":"WebPage","@id":"https:\/\/www.jootjeshaakcadeautjes.nl\/de\/produkt\/anhaengsel-bar-blau\/","url":"https:\/\/www.jootjeshaakcadeautjes.nl\/de\/produkt\/anhaengsel-bar-blau\/","name":"Anh\u00e4nger mit Gewinde - Stange - Blau - Jootjes Haakcadeautjes","isPartOf":{"@id":"https:\/\/www.jootjeshaakcadeautjes.nl\/de\/#website"},"primaryImageOfPage":{"@id":"https:\/\/www.jootjeshaakcadeautjes.nl\/de\/produkt\/anhaengsel-bar-blau\/#primaryimage"},"image":{"@id":"https:\/\/www.jootjeshaakcadeautjes.nl\/de\/produkt\/anhaengsel-bar-blau\/#primaryimage"},"thumbnailUrl":"https:\/\/d1dyryakdmle7o.cloudfront.net\/wp-content\/uploads\/2023\/12\/Remove-background-project.png","datePublished":"2023-12-21T15:48:40+00:00","dateModified":"2025-07-18T15:04:22+00:00","description":"Auff\u00e4delbare DIY-Anh\u00e4nger in der Farbe Blau. F\u00e4deln Sie Perlen auf den Stab, ein pers\u00f6nliches Geschenk. Sehr sch\u00f6n als Weihnachtsschmuck\/Dekoration f\u00fcr den Weihnachtsbaum","breadcrumb":{"@id":"https:\/\/www.jootjeshaakcadeautjes.nl\/de\/produkt\/anhaengsel-bar-blau\/#breadcrumb"},"inLanguage":"de","potentialAction":[{"@type":"ReadAction","target":["https:\/\/www.jootjeshaakcadeautjes.nl\/de\/produkt\/anhaengsel-bar-blau\/"]}]},{"@type":"ImageObject","inLanguage":"de","@id":"https:\/\/www.jootjeshaakcadeautjes.nl\/de\/produkt\/anhaengsel-bar-blau\/#primaryimage","url":"https:\/\/d1dyryakdmle7o.cloudfront.net\/wp-content\/uploads\/2023\/12\/Remove-background-project.png","contentUrl":"https:\/\/d1dyryakdmle7o.cloudfront.net\/wp-content\/uploads\/2023\/12\/Remove-background-project.png","width":2048,"height":2048},{"@type":"BreadcrumbList","@id":"https:\/\/www.jootjeshaakcadeautjes.nl\/de\/produkt\/anhaengsel-bar-blau\/#breadcrumb","itemListElement":[{"@type":"ListItem","position":1,"name":"Startseite","item":"https:\/\/www.jootjeshaakcadeautjes.nl\/de\/"},{"@type":"ListItem","position":2,"name":"Gro\u00dfhandel mit Silikonperlen &#8211; Business und Consumer","item":"https:\/\/www.jootjeshaakcadeautjes.nl\/de\/shop\/"},{"@type":"ListItem","position":3,"name":"Anh\u00e4nger mit Gewinde &#8211; Stange &#8211; Blau"}]},{"@type":"WebSite","@id":"https:\/\/www.jootjeshaakcadeautjes.nl\/de\/#website","url":"https:\/\/www.jootjeshaakcadeautjes.nl\/de\/","name":"Jootjes Haakcadeautjes","description":"Silikonperlen Gro\u00dfhandel ","publisher":{"@id":"https:\/\/www.jootjeshaakcadeautjes.nl\/de\/#organization"},"potentialAction":[{"@type":"SearchAction","target":{"@type":"EntryPoint","urlTemplate":"https:\/\/www.jootjeshaakcadeautjes.nl\/de\/?s={search_term_string}"},"query-input":{"@type":"PropertyValueSpecification","valueRequired":true,"valueName":"search_term_string"}}],"inLanguage":"de"},{"@type":"Organization","@id":"https:\/\/www.jootjeshaakcadeautjes.nl\/de\/#organization","name":"Jootjes Haakcadeautjes","url":"https:\/\/www.jootjeshaakcadeautjes.nl\/de\/","logo":{"@type":"ImageObject","inLanguage":"de","@id":"https:\/\/www.jootjeshaakcadeautjes.nl\/de\/#\/schema\/logo\/image\/","url":"https:\/\/d1dyryakdmle7o.cloudfront.net\/wp-content\/uploads\/2023\/05\/Logo-rond.png","contentUrl":"https:\/\/d1dyryakdmle7o.cloudfront.net\/wp-content\/uploads\/2023\/05\/Logo-rond.png","width":1222,"height":1222,"caption":"Jootjes Haakcadeautjes"},"image":{"@id":"https:\/\/www.jootjeshaakcadeautjes.nl\/de\/#\/schema\/logo\/image\/"}}]},"product_price_amount":"0.75","product_price_currency":"EUR","og_availability":"instock","product_availability":"instock","product_retailer_item_id":"RIJG-HAN-BLA","product_condition":"new"},"_links":{"self":[{"href":"https:\/\/www.jootjeshaakcadeautjes.nl\/de\/wp-json\/wp\/v2\/product\/118385","targetHints":{"allow":["GET"]}}],"collection":[{"href":"https:\/\/www.jootjeshaakcadeautjes.nl\/de\/wp-json\/wp\/v2\/product"}],"about":[{"href":"https:\/\/www.jootjeshaakcadeautjes.nl\/de\/wp-json\/wp\/v2\/types\/product"}],"version-history":[{"count":0,"href":"https:\/\/www.jootjeshaakcadeautjes.nl\/de\/wp-json\/wp\/v2\/product\/118385\/revisions"}],"wp:featuredmedia":[{"embeddable":true,"href":"https:\/\/www.jootjeshaakcadeautjes.nl\/de\/wp-json\/wp\/v2\/media\/113523"}],"wp:attachment":[{"href":"https:\/\/www.jootjeshaakcadeautjes.nl\/de\/wp-json\/wp\/v2\/media?parent=118385"}],"wp:term":[{"taxonomy":"product_brand","embeddable":true,"href":"https:\/\/www.jootjeshaakcadeautjes.nl\/de\/wp-json\/wp\/v2\/product_brand?post=118385"},{"taxonomy":"product_cat","embeddable":true,"href":"https:\/\/www.jootjeshaakcadeautjes.nl\/de\/wp-json\/wp\/v2\/product_cat?post=118385"},{"taxonomy":"product_tag","embeddable":true,"href":"https:\/\/www.jootjeshaakcadeautjes.nl\/de\/wp-json\/wp\/v2\/product_tag?post=118385"}],"curies":[{"name":"wp","href":"https:\/\/api.w.org\/{rel}","templated":true}]}}