{"id":118420,"date":"2023-12-11T15:28:00","date_gmt":"2023-12-11T14:28:00","guid":{"rendered":"https:\/\/www.jootjeshaakcadeautjes.nl\/product\/holz-ring-graviert-buche-owl-7-cm\/"},"modified":"2026-01-03T11:46:25","modified_gmt":"2026-01-03T10:46:25","slug":"holz-ring-graviert-buche-owl-7-cm","status":"publish","type":"product","link":"https:\/\/www.jootjeshaakcadeautjes.nl\/de\/produkt\/holz-ring-graviert-buche-owl-7-cm\/","title":{"rendered":"Holzring &#8211; Graviert &#8211; Buchenholz &#8211; Uhu &#8211; 7 cm"},"content":{"rendered":"<h1>Holzring &#8211; Graviert &#8211; Buchenholz &#8211; Uhu<\/h1>\n<ul>\n<li>Holzringe aus Buchenholz, Gr\u00f6\u00dfe 7 cm.<\/li>\n<li>Eingraviert mit Text Eule<\/li>\n<li>Perfekt f\u00fcr die Eule &#8211; Eule aus dem Buch Crocheting Animals for Baby &#8211; Rosanne Briggeman &#8211; KNUFL<\/li>\n<li>Hochwertiges, babygerechtes Buchenholz<\/li>\n<li>Sicher nach EN-71 und frei von Formaldehyd<\/li>\n<\/ul>\n<p>Perfekt geeignet f\u00fcr Bei\u00dfringe, Baby-Turnhallen, Kinderwagenaufh\u00e4nger und vieles mehr.<\/p>\n","protected":false},"excerpt":{"rendered":"<ul>\n<li>Holzringe aus Buchenholz, Gr\u00f6\u00dfe 7 cm.<\/li>\n<li>Eingraviert mit Text Eule<\/li>\n<li>Perfekt f\u00fcr die Eule &#8211; Eule aus dem Buch Crocheting Animals for Baby &#8211; Rosanne Briggeman &#8211; KNUFL<\/li>\n<li>Hochwertiges, babygerechtes Buchenholz<\/li>\n<li>Sicher nach EN-71 und frei von Formaldehyd<\/li>\n<\/ul>\n","protected":false},"featured_media":99563,"template":"","meta":[],"product_brand":[],"product_cat":[8226,8072,6995,7184,7191],"product_tag":[7226,7385,8039,8127,8047,7420,8041,7400,8036,8042,8397,8388,8032,8029,7935,8034,7919,7416,8393,8046,7196,8384,8050,7199,7223,8052,8038,8078,8383,7444,8380,8394,7930,8040,8028],"class_list":{"0":"post-118420","1":"product","2":"type-product","3":"status-publish","4":"has-post-thumbnail","6":"product_cat-gravierte-holzringe-fur-schnullerschnur-und-beisring","7":"product_cat-holzringe-fur-macrame-und-crochet","8":"product_cat-lasergravieren-alle-produkte","9":"product_cat-neue-produkte","10":"product_cat-vollstandige-palette","11":"product_tag-aufreihbar","12":"product_tag-beisring","13":"product_tag-benutzerdefinierte","14":"product_tag-blatter","15":"product_tag-buche","16":"product_tag-cm-de","17":"product_tag-eigene","18":"product_tag-eingraviert","19":"product_tag-eingraviert-de","20":"product_tag-entwurf","21":"product_tag-eule-de","22":"product_tag-eule","23":"product_tag-ferien","24":"product_tag-flasche","25":"product_tag-flaschenoffner","26":"product_tag-gelasert","27":"product_tag-grose","28":"product_tag-gummischnur","29":"product_tag-hakeltiere-fur-babys","30":"product_tag-holz-de","31":"product_tag-holz","32":"product_tag-knufl-de","33":"product_tag-offner","34":"product_tag-perlen","35":"product_tag-personalisierte","36":"product_tag-prasentiert-de","37":"product_tag-prasentiert","38":"product_tag-ring-de","39":"product_tag-rosanne-briggeman-de","40":"product_tag-schlusselanhanger","41":"product_tag-tier","42":"product_tag-unternehmen","43":"product_tag-weinkorken","44":"product_tag-wunsch","45":"product_tag-zu","47":"first","48":"instock","49":"taxable","50":"shipping-taxable","51":"purchasable","52":"product-type-simple"},"bundled_by":[],"bundle_stock_status":"instock","bundle_stock_quantity":29,"bundle_virtual":false,"bundle_layout":"","bundle_add_to_cart_form_location":"","bundle_editable_in_cart":false,"bundle_sold_individually_context":"","bundle_item_grouping":"","bundle_min_size":"","bundle_max_size":"","bundle_price":[],"bundled_items":[],"bundle_sell_ids":[],"yoast_head":"<!-- This site is optimized with the Yoast SEO Premium plugin v26.4 (Yoast SEO v26.9) - https:\/\/yoast.com\/product\/yoast-seo-premium-wordpress\/ -->\n<title>Holzring - Graviert - Buchenholz - Uhu - 7 cm - Jootjes Haakcadeautjes<\/title>\n<meta name=\"description\" content=\"Gravierter Holzring mit Text Eule - Owl Zur Verwendung in Bei\u00dfringen, Kinderwagenaufh\u00e4ngern und mehr. Babysichere Gravuren.\" \/>\n<meta name=\"robots\" content=\"index, follow, max-snippet:-1, max-image-preview:large, max-video-preview:-1\" \/>\n<link rel=\"canonical\" href=\"https:\/\/www.jootjeshaakcadeautjes.nl\/de\/produkt\/holz-ring-graviert-buche-owl-7-cm\/\" \/>\n<meta property=\"og:locale\" content=\"de_DE\" \/>\n<meta property=\"og:type\" content=\"article\" \/>\n<meta property=\"og:title\" content=\"Holzring - Graviert - Buchenholz - Uhu - 7 cm\" \/>\n<meta property=\"og:description\" content=\"Gravierter Holzring mit Text Eule - Owl Zur Verwendung in Bei\u00dfringen, Kinderwagenaufh\u00e4ngern und mehr. Babysichere Gravuren.\" \/>\n<meta property=\"og:url\" content=\"https:\/\/www.jootjeshaakcadeautjes.nl\/de\/produkt\/holz-ring-graviert-buche-owl-7-cm\/\" \/>\n<meta property=\"og:site_name\" content=\"Jootjes Haakcadeautjes\" \/>\n<meta property=\"article:modified_time\" content=\"2026-01-03T10:46:25+00:00\" \/>\n<meta property=\"og:image\" content=\"https:\/\/www.jootjeshaakcadeautjes.nl\/wp-content\/uploads\/2023\/08\/Foto-volgt-1.jpg\" \/>\n\t<meta property=\"og:image:width\" content=\"1080\" \/>\n\t<meta property=\"og:image:height\" content=\"1080\" \/>\n\t<meta property=\"og:image:type\" content=\"image\/jpeg\" \/>\n<meta name=\"twitter:card\" content=\"summary_large_image\" \/>\n<meta name=\"twitter:label1\" content=\"Preis\" \/>\n\t<meta name=\"twitter:data1\" content=\"&euro;2.35 inkl. MwSt.\" \/>\n\t<meta name=\"twitter:label2\" content=\"Verf\u00fcgbarkeit\" \/>\n\t<meta name=\"twitter:data2\" content=\"Auf Lager\" \/>\n<script type=\"application\/ld+json\" class=\"yoast-schema-graph\">{\"@context\":\"https:\/\/schema.org\",\"@graph\":[{\"@type\":\"WebPage\",\"@id\":\"https:\/\/www.jootjeshaakcadeautjes.nl\/de\/produkt\/holz-ring-graviert-buche-owl-7-cm\/\",\"url\":\"https:\/\/www.jootjeshaakcadeautjes.nl\/de\/produkt\/holz-ring-graviert-buche-owl-7-cm\/\",\"name\":\"Holzring - Graviert - Buchenholz - Uhu - 7 cm - Jootjes Haakcadeautjes\",\"isPartOf\":{\"@id\":\"https:\/\/www.jootjeshaakcadeautjes.nl\/de\/#website\"},\"primaryImageOfPage\":{\"@id\":\"https:\/\/www.jootjeshaakcadeautjes.nl\/de\/produkt\/holz-ring-graviert-buche-owl-7-cm\/#primaryimage\"},\"image\":{\"@id\":\"https:\/\/www.jootjeshaakcadeautjes.nl\/de\/produkt\/holz-ring-graviert-buche-owl-7-cm\/#primaryimage\"},\"thumbnailUrl\":\"https:\/\/d1dyryakdmle7o.cloudfront.net\/wp-content\/uploads\/2023\/08\/Foto-volgt-1.jpg\",\"datePublished\":\"2023-12-11T14:28:00+00:00\",\"dateModified\":\"2026-01-03T10:46:25+00:00\",\"description\":\"Gravierter Holzring mit Text Eule - Owl Zur Verwendung in Bei\u00dfringen, Kinderwagenaufh\u00e4ngern und mehr. Babysichere Gravuren.\",\"breadcrumb\":{\"@id\":\"https:\/\/www.jootjeshaakcadeautjes.nl\/de\/produkt\/holz-ring-graviert-buche-owl-7-cm\/#breadcrumb\"},\"inLanguage\":\"de\",\"potentialAction\":[{\"@type\":\"ReadAction\",\"target\":[\"https:\/\/www.jootjeshaakcadeautjes.nl\/de\/produkt\/holz-ring-graviert-buche-owl-7-cm\/\"]}]},{\"@type\":\"ImageObject\",\"inLanguage\":\"de\",\"@id\":\"https:\/\/www.jootjeshaakcadeautjes.nl\/de\/produkt\/holz-ring-graviert-buche-owl-7-cm\/#primaryimage\",\"url\":\"https:\/\/d1dyryakdmle7o.cloudfront.net\/wp-content\/uploads\/2023\/08\/Foto-volgt-1.jpg\",\"contentUrl\":\"https:\/\/d1dyryakdmle7o.cloudfront.net\/wp-content\/uploads\/2023\/08\/Foto-volgt-1.jpg\",\"width\":1080,\"height\":1080,\"caption\":\"folgt\"},{\"@type\":\"BreadcrumbList\",\"@id\":\"https:\/\/www.jootjeshaakcadeautjes.nl\/de\/produkt\/holz-ring-graviert-buche-owl-7-cm\/#breadcrumb\",\"itemListElement\":[{\"@type\":\"ListItem\",\"position\":1,\"name\":\"Startseite\",\"item\":\"https:\/\/www.jootjeshaakcadeautjes.nl\/de\/\"},{\"@type\":\"ListItem\",\"position\":2,\"name\":\"Gro\u00dfhandel mit Silikonperlen &#8211; Business und Consumer\",\"item\":\"https:\/\/www.jootjeshaakcadeautjes.nl\/de\/shop\/\"},{\"@type\":\"ListItem\",\"position\":3,\"name\":\"Holzring &#8211; Graviert &#8211; Buchenholz &#8211; Uhu &#8211; 7 cm\"}]},{\"@type\":\"WebSite\",\"@id\":\"https:\/\/www.jootjeshaakcadeautjes.nl\/de\/#website\",\"url\":\"https:\/\/www.jootjeshaakcadeautjes.nl\/de\/\",\"name\":\"Jootjes Haakcadeautjes\",\"description\":\"Silikonperlen Gro\u00dfhandel \",\"publisher\":{\"@id\":\"https:\/\/www.jootjeshaakcadeautjes.nl\/de\/#organization\"},\"potentialAction\":[{\"@type\":\"SearchAction\",\"target\":{\"@type\":\"EntryPoint\",\"urlTemplate\":\"https:\/\/www.jootjeshaakcadeautjes.nl\/de\/?s={search_term_string}\"},\"query-input\":{\"@type\":\"PropertyValueSpecification\",\"valueRequired\":true,\"valueName\":\"search_term_string\"}}],\"inLanguage\":\"de\"},{\"@type\":\"Organization\",\"@id\":\"https:\/\/www.jootjeshaakcadeautjes.nl\/de\/#organization\",\"name\":\"Jootjes Haakcadeautjes\",\"url\":\"https:\/\/www.jootjeshaakcadeautjes.nl\/de\/\",\"logo\":{\"@type\":\"ImageObject\",\"inLanguage\":\"de\",\"@id\":\"https:\/\/www.jootjeshaakcadeautjes.nl\/de\/#\/schema\/logo\/image\/\",\"url\":\"https:\/\/jootjes-haakcadeautjes-media.s3.amazonaws.com\/wp-content\/uploads\/2023\/05\/Logo-rond.png\",\"contentUrl\":\"https:\/\/jootjes-haakcadeautjes-media.s3.amazonaws.com\/wp-content\/uploads\/2023\/05\/Logo-rond.png\",\"width\":1222,\"height\":1222,\"caption\":\"Jootjes Haakcadeautjes\"},\"image\":{\"@id\":\"https:\/\/www.jootjeshaakcadeautjes.nl\/de\/#\/schema\/logo\/image\/\"}}]}<\/script>\n<meta property=\"product:price:amount\" content=\"2.35\" \/>\n<meta property=\"product:price:currency\" content=\"EUR\" \/>\n<meta property=\"og:availability\" content=\"instock\" \/>\n<meta property=\"product:availability\" content=\"instock\" \/>\n<meta property=\"product:retailer_item_id\" content=\"GRI-R70-OEH\" \/>\n<meta property=\"product:condition\" content=\"new\" \/>\n<!-- \/ Yoast SEO Premium plugin. -->","yoast_head_json":{"title":"Holzring - Graviert - Buchenholz - Uhu - 7 cm - Jootjes Haakcadeautjes","description":"Gravierter Holzring mit Text Eule - Owl Zur Verwendung in Bei\u00dfringen, Kinderwagenaufh\u00e4ngern und mehr. Babysichere Gravuren.","robots":{"index":"index","follow":"follow","max-snippet":"max-snippet:-1","max-image-preview":"max-image-preview:large","max-video-preview":"max-video-preview:-1"},"canonical":"https:\/\/www.jootjeshaakcadeautjes.nl\/de\/produkt\/holz-ring-graviert-buche-owl-7-cm\/","og_locale":"de_DE","og_type":"article","og_title":"Holzring - Graviert - Buchenholz - Uhu - 7 cm","og_description":"Gravierter Holzring mit Text Eule - Owl Zur Verwendung in Bei\u00dfringen, Kinderwagenaufh\u00e4ngern und mehr. Babysichere Gravuren.","og_url":"https:\/\/www.jootjeshaakcadeautjes.nl\/de\/produkt\/holz-ring-graviert-buche-owl-7-cm\/","og_site_name":"Jootjes Haakcadeautjes","article_modified_time":"2026-01-03T10:46:25+00:00","og_image":[{"width":1080,"height":1080,"url":"https:\/\/www.jootjeshaakcadeautjes.nl\/wp-content\/uploads\/2023\/08\/Foto-volgt-1.jpg","type":"image\/jpeg"}],"twitter_card":"summary_large_image","twitter_misc":{"Preis":"&euro;2.35 inkl. MwSt.","Verf\u00fcgbarkeit":"Auf Lager"},"schema":{"@context":"https:\/\/schema.org","@graph":[{"@type":"WebPage","@id":"https:\/\/www.jootjeshaakcadeautjes.nl\/de\/produkt\/holz-ring-graviert-buche-owl-7-cm\/","url":"https:\/\/www.jootjeshaakcadeautjes.nl\/de\/produkt\/holz-ring-graviert-buche-owl-7-cm\/","name":"Holzring - Graviert - Buchenholz - Uhu - 7 cm - Jootjes Haakcadeautjes","isPartOf":{"@id":"https:\/\/www.jootjeshaakcadeautjes.nl\/de\/#website"},"primaryImageOfPage":{"@id":"https:\/\/www.jootjeshaakcadeautjes.nl\/de\/produkt\/holz-ring-graviert-buche-owl-7-cm\/#primaryimage"},"image":{"@id":"https:\/\/www.jootjeshaakcadeautjes.nl\/de\/produkt\/holz-ring-graviert-buche-owl-7-cm\/#primaryimage"},"thumbnailUrl":"https:\/\/d1dyryakdmle7o.cloudfront.net\/wp-content\/uploads\/2023\/08\/Foto-volgt-1.jpg","datePublished":"2023-12-11T14:28:00+00:00","dateModified":"2026-01-03T10:46:25+00:00","description":"Gravierter Holzring mit Text Eule - Owl Zur Verwendung in Bei\u00dfringen, Kinderwagenaufh\u00e4ngern und mehr. Babysichere Gravuren.","breadcrumb":{"@id":"https:\/\/www.jootjeshaakcadeautjes.nl\/de\/produkt\/holz-ring-graviert-buche-owl-7-cm\/#breadcrumb"},"inLanguage":"de","potentialAction":[{"@type":"ReadAction","target":["https:\/\/www.jootjeshaakcadeautjes.nl\/de\/produkt\/holz-ring-graviert-buche-owl-7-cm\/"]}]},{"@type":"ImageObject","inLanguage":"de","@id":"https:\/\/www.jootjeshaakcadeautjes.nl\/de\/produkt\/holz-ring-graviert-buche-owl-7-cm\/#primaryimage","url":"https:\/\/d1dyryakdmle7o.cloudfront.net\/wp-content\/uploads\/2023\/08\/Foto-volgt-1.jpg","contentUrl":"https:\/\/d1dyryakdmle7o.cloudfront.net\/wp-content\/uploads\/2023\/08\/Foto-volgt-1.jpg","width":1080,"height":1080,"caption":"folgt"},{"@type":"BreadcrumbList","@id":"https:\/\/www.jootjeshaakcadeautjes.nl\/de\/produkt\/holz-ring-graviert-buche-owl-7-cm\/#breadcrumb","itemListElement":[{"@type":"ListItem","position":1,"name":"Startseite","item":"https:\/\/www.jootjeshaakcadeautjes.nl\/de\/"},{"@type":"ListItem","position":2,"name":"Gro\u00dfhandel mit Silikonperlen &#8211; Business und Consumer","item":"https:\/\/www.jootjeshaakcadeautjes.nl\/de\/shop\/"},{"@type":"ListItem","position":3,"name":"Holzring &#8211; Graviert &#8211; Buchenholz &#8211; Uhu &#8211; 7 cm"}]},{"@type":"WebSite","@id":"https:\/\/www.jootjeshaakcadeautjes.nl\/de\/#website","url":"https:\/\/www.jootjeshaakcadeautjes.nl\/de\/","name":"Jootjes Haakcadeautjes","description":"Silikonperlen Gro\u00dfhandel ","publisher":{"@id":"https:\/\/www.jootjeshaakcadeautjes.nl\/de\/#organization"},"potentialAction":[{"@type":"SearchAction","target":{"@type":"EntryPoint","urlTemplate":"https:\/\/www.jootjeshaakcadeautjes.nl\/de\/?s={search_term_string}"},"query-input":{"@type":"PropertyValueSpecification","valueRequired":true,"valueName":"search_term_string"}}],"inLanguage":"de"},{"@type":"Organization","@id":"https:\/\/www.jootjeshaakcadeautjes.nl\/de\/#organization","name":"Jootjes Haakcadeautjes","url":"https:\/\/www.jootjeshaakcadeautjes.nl\/de\/","logo":{"@type":"ImageObject","inLanguage":"de","@id":"https:\/\/www.jootjeshaakcadeautjes.nl\/de\/#\/schema\/logo\/image\/","url":"https:\/\/jootjes-haakcadeautjes-media.s3.amazonaws.com\/wp-content\/uploads\/2023\/05\/Logo-rond.png","contentUrl":"https:\/\/jootjes-haakcadeautjes-media.s3.amazonaws.com\/wp-content\/uploads\/2023\/05\/Logo-rond.png","width":1222,"height":1222,"caption":"Jootjes Haakcadeautjes"},"image":{"@id":"https:\/\/www.jootjeshaakcadeautjes.nl\/de\/#\/schema\/logo\/image\/"}}]},"product_price_amount":"2.35","product_price_currency":"EUR","og_availability":"instock","product_availability":"instock","product_retailer_item_id":"GRI-R70-OEH","product_condition":"new"},"_links":{"self":[{"href":"https:\/\/www.jootjeshaakcadeautjes.nl\/de\/wp-json\/wp\/v2\/product\/118420","targetHints":{"allow":["GET"]}}],"collection":[{"href":"https:\/\/www.jootjeshaakcadeautjes.nl\/de\/wp-json\/wp\/v2\/product"}],"about":[{"href":"https:\/\/www.jootjeshaakcadeautjes.nl\/de\/wp-json\/wp\/v2\/types\/product"}],"version-history":[{"count":0,"href":"https:\/\/www.jootjeshaakcadeautjes.nl\/de\/wp-json\/wp\/v2\/product\/118420\/revisions"}],"wp:featuredmedia":[{"embeddable":true,"href":"https:\/\/www.jootjeshaakcadeautjes.nl\/de\/wp-json\/wp\/v2\/media\/99563"}],"wp:attachment":[{"href":"https:\/\/www.jootjeshaakcadeautjes.nl\/de\/wp-json\/wp\/v2\/media?parent=118420"}],"wp:term":[{"taxonomy":"product_brand","embeddable":true,"href":"https:\/\/www.jootjeshaakcadeautjes.nl\/de\/wp-json\/wp\/v2\/product_brand?post=118420"},{"taxonomy":"product_cat","embeddable":true,"href":"https:\/\/www.jootjeshaakcadeautjes.nl\/de\/wp-json\/wp\/v2\/product_cat?post=118420"},{"taxonomy":"product_tag","embeddable":true,"href":"https:\/\/www.jootjeshaakcadeautjes.nl\/de\/wp-json\/wp\/v2\/product_tag?post=118420"}],"curies":[{"name":"wp","href":"https:\/\/api.w.org\/{rel}","templated":true}]}}