{"id":118464,"date":"2023-11-25T19:10:57","date_gmt":"2023-11-25T17:10:57","guid":{"rendered":"https:\/\/www.jootjeshaakcadeautjes.nl\/product\/silikonperlen-oval-12-mm-terrakotta-perlen-druck\/"},"modified":"2025-03-11T04:55:05","modified_gmt":"2025-03-11T03:55:05","slug":"silikonperlen-oval-12-mm-terrakotta-perlen-druck","status":"publish","type":"product","link":"https:\/\/www.jootjeshaakcadeautjes.nl\/de\/produkt\/silikonperlen-oval-12-mm-terrakotta-perlen-druck\/","title":{"rendered":"Silikonperlen &#8211; Oval &#8211; 12 mm &#8211; Terracotta Perlendruck"},"content":{"rendered":"<h1>Silikonperlen &#8211; Oval &#8211; 12 mm &#8211; Terracotta Perle<\/h1>\n<h3>Spezifikationen:<\/h3>\n<ul>\n<li>Gr\u00f6\u00dfe: 12 mm<\/li>\n<li>Typ: Oval, 12 mm, Abstandshalter f\u00fcr Buchstabenperlen<\/li>\n<li>Farbe: Terrakotta, Perleffekt<\/li>\n<\/ul>\n<h3>Sichere und haltbare ovale 12-mm-Silikonperlen<\/h3>\n<p>Unsere ovalen 12-mm-Silikonperlen sind die ideale Wahl sowohl f\u00fcr Babys als auch f\u00fcr \u00e4ltere Kinder, die das Bed\u00fcrfnis haben, auf etwas zu kauen. Diese weichen und doch robusten Perlen sind f\u00fcr eine Vielzahl von Anwendungen geeignet. Diese ovalen 12-mm-Silikonperlen lassen sich perfekt mit dem Rest unseres Sortiments an <a href=\"https:\/\/www.jootjeshaakcadeautjes.nl\/de\/product-categorie\/herstellung-von-baby-beisspielzeug-materialien-fur-schnuller-und-beisringe\/silikonperlen-bpa-frei-grosshandel\/\">Silikonperlen<\/a> und <a href=\"https:\/\/www.jootjeshaakcadeautjes.nl\/de\/product-categorie\/herstellung-von-baby-beisspielzeug-materialien-fur-schnuller-und-beisringe\/holzperlen-schnullerband-und-beisring-alle-holzperlen\/\">Holzperlen<\/a> kombinieren.<\/p>\n<p>Unser Angebot an Silikonperlen finden Sie hier: <a href=\"https:\/\/www.jootjeshaakcadeautjes.nl\/de\/product-categorie\/herstellung-von-baby-beisspielzeug-materialien-fur-schnuller-und-beisringe\/silikonperlen-bpa-frei-grosshandel\/\">Silikonperlen<\/a><br \/>\nUnser Angebot an Holzperlen finden Sie hier: <a href=\"https:\/\/www.jootjeshaakcadeautjes.nl\/de\/product-categorie\/herstellung-von-baby-beisspielzeug-materialien-fur-schnuller-und-beisringe\/holzperlen-schnullerband-und-beisring-alle-holzperlen\/\">Holzperlen<\/a><br \/>\nUnser Angebot an gravierten Holzperlen finden Sie hier: <a href=\"https:\/\/www.jootjeshaakcadeautjes.nl\/de\/product-categorie\/lasergravieren-alle-produkte\/gravierte-holzperlen-fur-schnullerschnur-und-beisring\/\">Gravierte Holzperlen<\/a><\/p>\n<h3>Leicht zu reinigen und zu k\u00fchlen<\/h3>\n<p>Unsere Silikonperlen sind leicht zu pflegen. Sie k\u00f6nnen zur gr\u00fcndlichen Reinigung in die Sp\u00fclmaschine (in der obersten Schublade) gegeben werden, was aber nur bei starker Verschmutzung notwendig ist. F\u00fcr den t\u00e4glichen Gebrauch ist eine milde Schaumbildung ausreichend. Stellen Sie sicher, dass die Perlen vollst\u00e4ndig getrocknet sind, bevor Sie sie Ihrem Kind geben. Au\u00dferdem kann man die Silikonperlen im K\u00fchlschrank k\u00fchlen, was beim Zahnen Erleichterung verschafft.<\/p>\n<h3>Sicherheit geht vor<\/h3>\n<p>Sicherheit ist unsere Priorit\u00e4t. Vergewissern Sie sich immer, dass die Silikonperlen sicher befestigt sind, und \u00fcberpr\u00fcfen Sie Ihre Kreationen regelm\u00e4\u00dfig auf Abnutzung und Verschlei\u00df. Es ist wichtig, daran zu denken, dass Sie f\u00fcr die Produkte, die Sie herstellen, verantwortlich sind. Jootjes Haakcadeautjes kann keine Verantwortung f\u00fcr Sch\u00e4den oder Lockerungen aufgrund von Verschlei\u00df \u00fcbernehmen. Daher empfehlen wir, handgefertigtes Bei\u00dfspielzeug nur unter Aufsicht von Erwachsenen zu verwenden, um jegliche Risiken zu minimieren.<\/p>\n<p><a href=\"https:\/\/www.jootjeshaakcadeautjes.nl\/de\/herstellung-von-babyspielzeug-tutorials\/zahnring-herstellen-manual\/\">Unsere Anleitung zur Herstellung eines Bei\u00dfrings finden Sie hier: Wie man einen Bei\u00dfring herstellt.<\/a><\/p>\n<h2>Entdecken Sie die Vielseitigkeit und Sicherheit unserer ovalen Silikonperlen<\/h2>\n<p>Entdecken Sie jetzt die unbegrenzten M\u00f6glichkeiten unserer ovalen Silikonperlen und kreieren Sie mit Sicherheit die sch\u00f6nsten und haltbarsten handgefertigten St\u00fccke. Sicherheit, Langlebigkeit und Vielseitigkeit vereinen sich in unseren hochwertigen Perlen, die sich perfekt f\u00fcr verschiedene Anwendungen eignen. Egal, ob Sie Bei\u00dfringe, Kinderwagenschnuller, Schnullerkabel oder (sensorische) Schl\u00fcsselanh\u00e4nger herstellen, diese Perlen sind ein Muss f\u00fcr Ihre Sammlung.<\/p>\n<h2>Qualit\u00e4t und Sicherheit unserer Silikonperlen<\/h2>\n<p>Alle unsere Silikonperlen sind:<\/p>\n<ul>\n<li>BPA-frei<\/li>\n<li>Phthalat- und toxinfrei<\/li>\n<li>PVC-frei<\/li>\n<li>Bleifrei<\/li>\n<li>Geeignet f\u00fcr CE-zertifizierte Endprodukte<\/li>\n<li>Silikonperlen in medizinischer Qualit\u00e4t<\/li>\n<\/ul>\n","protected":false},"excerpt":{"rendered":"<p>Farbe: Terrakotta, Perlendruck<\/p>\n<p>&#8211; Typ: Silikonperlen, Oval, auch bekannt als Abstandshalter.<br \/>\n&#8211; Gr\u00f6\u00dfe: 12 mm<br \/>\n&#8211; Einzeln verkauft<br \/>\n&#8211; Frei von BPA, Phthalaten, Blei, PVC und Toxinen<br \/>\n&#8211; Geeignet f\u00fcr CE-zertifizierte Endprodukte<br \/>\n&#8211; Silikonperlen in medizinischer Qualit\u00e4t<br \/>\n&#8211; Cool zum Zahnen<br \/>\n&#8211; Geschirrsp\u00fcler-freundlich<br \/>\n&#8211; Leicht zu reinigen mit Gesichtsreiniger oder milder Seifenlauge<\/p>\n<p>&nbsp;<\/p>\n","protected":false},"featured_media":111932,"template":"","meta":[],"product_brand":[],"product_cat":[7380,6991,8124,8018],"product_tag":[7531,7550,8115,7555,7510,7385,7419,7452,7205,7565,7464,7416,8153,7451,8033,7397,8165,7540,7662,7199,7223,7905,7893,8162,8158,7520,7211,7926,7918,7988],"class_list":{"0":"post-118464","1":"product","2":"type-product","3":"status-publish","4":"has-post-thumbnail","6":"product_cat-herstellung-von-baby-beisspielzeug-materialien-fur-schnuller-und-beisringe","7":"product_cat-silikonperlen-bpa-frei-grosshandel","8":"product_cat-silikonperlen-perlen","9":"product_cat-silikonperlen-mit-druck-alle-drucke-leopard-panther-giraffe-zebra-rosen-blatter-und-mehr","10":"product_tag-12-de","11":"product_tag-12-mm-de","12":"product_tag-12mm-de","13":"product_tag-armband-de","14":"product_tag-baby-de","15":"product_tag-beisring","16":"product_tag-bpa-de","17":"product_tag-bpa-frei","18":"product_tag-diy-de","19":"product_tag-drucken","20":"product_tag-groshandel","21":"product_tag-gummischnur","22":"product_tag-kette","23":"product_tag-kostenlos","24":"product_tag-metallisch","25":"product_tag-mm-de","26":"product_tag-mondstein","27":"product_tag-oval-de","28":"product_tag-perle-de","29":"product_tag-perlen","30":"product_tag-personalisierte","31":"product_tag-phthalat","32":"product_tag-pvc-de","33":"product_tag-schlusselringe","34":"product_tag-selber-machen","35":"product_tag-sicher","36":"product_tag-silikon","37":"product_tag-silikonperlen","38":"product_tag-terrakotta","39":"product_tag-zertifiziert","41":"first","42":"instock","43":"taxable","44":"shipping-taxable","45":"purchasable","46":"product-type-simple"},"bundled_by":["236518"],"bundle_stock_status":"instock","bundle_stock_quantity":268,"bundle_virtual":false,"bundle_layout":"","bundle_add_to_cart_form_location":"","bundle_editable_in_cart":false,"bundle_sold_individually_context":"","bundle_item_grouping":"","bundle_min_size":"","bundle_max_size":"","bundle_price":[],"bundled_items":[],"bundle_sell_ids":[],"yoast_head":"<!-- This site is optimized with the Yoast SEO Premium plugin v27.6 (Yoast SEO v27.6) - https:\/\/yoast.com\/product\/yoast-seo-premium-wordpress\/ -->\n<title>Silikonperlen - Oval - 12 mm - Terracotta Perlendruck - Baby<\/title>\n<meta name=\"description\" content=\"Silikonperlen - Golddruck. BPA-, phthalat- und PVC-frei. Direkt von uns, den Gro\u00dfh\u00e4ndlern. Babysicher f\u00fcr Schnullerschnur und Bei\u00dfring.\" \/>\n<meta name=\"robots\" content=\"index, follow, max-snippet:-1, max-image-preview:large, max-video-preview:-1\" \/>\n<link rel=\"canonical\" href=\"https:\/\/www.jootjeshaakcadeautjes.nl\/de\/produkt\/silikonperlen-oval-12-mm-terrakotta-perlen-druck\/\" \/>\n<meta property=\"og:locale\" content=\"de_DE\" \/>\n<meta property=\"og:type\" content=\"article\" \/>\n<meta property=\"og:title\" content=\"Silikonperlen - Oval - 12 mm - Terracotta Perlendruck\" \/>\n<meta property=\"og:description\" content=\"Silikonperlen - Golddruck. BPA-, phthalat- und PVC-frei. Direkt von uns, den Gro\u00dfh\u00e4ndlern. Babysicher f\u00fcr Schnullerschnur und Bei\u00dfring.\" \/>\n<meta property=\"og:url\" content=\"https:\/\/www.jootjeshaakcadeautjes.nl\/de\/produkt\/silikonperlen-oval-12-mm-terrakotta-perlen-druck\/\" \/>\n<meta property=\"og:site_name\" content=\"Jootjes Haakcadeautjes\" \/>\n<meta property=\"article:modified_time\" content=\"2025-03-11T03:55:05+00:00\" \/>\n<meta property=\"og:image\" content=\"https:\/\/www.jootjeshaakcadeautjes.nl\/wp-content\/uploads\/2023\/12\/20231210_204254.jpg\" \/>\n\t<meta property=\"og:image:width\" content=\"2048\" \/>\n\t<meta property=\"og:image:height\" content=\"2048\" \/>\n\t<meta property=\"og:image:type\" content=\"image\/jpeg\" \/>\n<meta name=\"twitter:card\" content=\"summary_large_image\" \/>\n<meta name=\"twitter:label1\" content=\"Preis\" \/>\n\t<meta name=\"twitter:data1\" content=\"&euro;0.26 inkl. MwSt.\" \/>\n\t<meta name=\"twitter:label2\" content=\"Verf\u00fcgbarkeit\" \/>\n\t<meta name=\"twitter:data2\" content=\"Auf Lager\" \/>\n<script type=\"application\/ld+json\" class=\"yoast-schema-graph\">{\"@context\":\"https:\\\/\\\/schema.org\",\"@graph\":[{\"@type\":\"WebPage\",\"@id\":\"https:\\\/\\\/www.jootjeshaakcadeautjes.nl\\\/de\\\/produkt\\\/silikonperlen-oval-12-mm-terrakotta-perlen-druck\\\/\",\"url\":\"https:\\\/\\\/www.jootjeshaakcadeautjes.nl\\\/de\\\/produkt\\\/silikonperlen-oval-12-mm-terrakotta-perlen-druck\\\/\",\"name\":\"Silikonperlen - Oval - 12 mm - Terracotta Perlendruck - Baby\",\"isPartOf\":{\"@id\":\"https:\\\/\\\/www.jootjeshaakcadeautjes.nl\\\/de\\\/#website\"},\"primaryImageOfPage\":{\"@id\":\"https:\\\/\\\/www.jootjeshaakcadeautjes.nl\\\/de\\\/produkt\\\/silikonperlen-oval-12-mm-terrakotta-perlen-druck\\\/#primaryimage\"},\"image\":{\"@id\":\"https:\\\/\\\/www.jootjeshaakcadeautjes.nl\\\/de\\\/produkt\\\/silikonperlen-oval-12-mm-terrakotta-perlen-druck\\\/#primaryimage\"},\"thumbnailUrl\":\"https:\\\/\\\/d1dyryakdmle7o.cloudfront.net\\\/wp-content\\\/uploads\\\/2023\\\/12\\\/20231210_204254.jpg\",\"datePublished\":\"2023-11-25T17:10:57+00:00\",\"dateModified\":\"2025-03-11T03:55:05+00:00\",\"description\":\"Silikonperlen - Golddruck. BPA-, phthalat- und PVC-frei. Direkt von uns, den Gro\u00dfh\u00e4ndlern. Babysicher f\u00fcr Schnullerschnur und Bei\u00dfring.\",\"breadcrumb\":{\"@id\":\"https:\\\/\\\/www.jootjeshaakcadeautjes.nl\\\/de\\\/produkt\\\/silikonperlen-oval-12-mm-terrakotta-perlen-druck\\\/#breadcrumb\"},\"inLanguage\":\"de\",\"potentialAction\":[{\"@type\":\"ReadAction\",\"target\":[\"https:\\\/\\\/www.jootjeshaakcadeautjes.nl\\\/de\\\/produkt\\\/silikonperlen-oval-12-mm-terrakotta-perlen-druck\\\/\"]}]},{\"@type\":\"ImageObject\",\"inLanguage\":\"de\",\"@id\":\"https:\\\/\\\/www.jootjeshaakcadeautjes.nl\\\/de\\\/produkt\\\/silikonperlen-oval-12-mm-terrakotta-perlen-druck\\\/#primaryimage\",\"url\":\"https:\\\/\\\/d1dyryakdmle7o.cloudfront.net\\\/wp-content\\\/uploads\\\/2023\\\/12\\\/20231210_204254.jpg\",\"contentUrl\":\"https:\\\/\\\/d1dyryakdmle7o.cloudfront.net\\\/wp-content\\\/uploads\\\/2023\\\/12\\\/20231210_204254.jpg\",\"width\":2048,\"height\":2048,\"caption\":\"Lachsfarbener Perlendruck\"},{\"@type\":\"BreadcrumbList\",\"@id\":\"https:\\\/\\\/www.jootjeshaakcadeautjes.nl\\\/de\\\/produkt\\\/silikonperlen-oval-12-mm-terrakotta-perlen-druck\\\/#breadcrumb\",\"itemListElement\":[{\"@type\":\"ListItem\",\"position\":1,\"name\":\"Startseite\",\"item\":\"https:\\\/\\\/www.jootjeshaakcadeautjes.nl\\\/de\\\/\"},{\"@type\":\"ListItem\",\"position\":2,\"name\":\"Gro\u00dfhandel mit Silikonperlen &#8211; Business und Consumer\",\"item\":\"https:\\\/\\\/www.jootjeshaakcadeautjes.nl\\\/de\\\/shop\\\/\"},{\"@type\":\"ListItem\",\"position\":3,\"name\":\"Silikonperlen &#8211; Oval &#8211; 12 mm &#8211; Terracotta Perlendruck\"}]},{\"@type\":\"WebSite\",\"@id\":\"https:\\\/\\\/www.jootjeshaakcadeautjes.nl\\\/de\\\/#website\",\"url\":\"https:\\\/\\\/www.jootjeshaakcadeautjes.nl\\\/de\\\/\",\"name\":\"Jootjes Haakcadeautjes\",\"description\":\"Silikonperlen Gro\u00dfhandel \",\"publisher\":{\"@id\":\"https:\\\/\\\/www.jootjeshaakcadeautjes.nl\\\/de\\\/#organization\"},\"potentialAction\":[{\"@type\":\"SearchAction\",\"target\":{\"@type\":\"EntryPoint\",\"urlTemplate\":\"https:\\\/\\\/www.jootjeshaakcadeautjes.nl\\\/de\\\/?s={search_term_string}\"},\"query-input\":{\"@type\":\"PropertyValueSpecification\",\"valueRequired\":true,\"valueName\":\"search_term_string\"}}],\"inLanguage\":\"de\"},{\"@type\":\"Organization\",\"@id\":\"https:\\\/\\\/www.jootjeshaakcadeautjes.nl\\\/de\\\/#organization\",\"name\":\"Jootjes Haakcadeautjes\",\"url\":\"https:\\\/\\\/www.jootjeshaakcadeautjes.nl\\\/de\\\/\",\"logo\":{\"@type\":\"ImageObject\",\"inLanguage\":\"de\",\"@id\":\"https:\\\/\\\/www.jootjeshaakcadeautjes.nl\\\/de\\\/#\\\/schema\\\/logo\\\/image\\\/\",\"url\":\"https:\\\/\\\/d1dyryakdmle7o.cloudfront.net\\\/wp-content\\\/uploads\\\/2023\\\/05\\\/Logo-rond.png\",\"contentUrl\":\"https:\\\/\\\/d1dyryakdmle7o.cloudfront.net\\\/wp-content\\\/uploads\\\/2023\\\/05\\\/Logo-rond.png\",\"width\":1222,\"height\":1222,\"caption\":\"Jootjes Haakcadeautjes\"},\"image\":{\"@id\":\"https:\\\/\\\/www.jootjeshaakcadeautjes.nl\\\/de\\\/#\\\/schema\\\/logo\\\/image\\\/\"}}]}<\/script>\n<meta property=\"product:price:amount\" content=\"0.26\" \/>\n<meta property=\"product:price:currency\" content=\"EUR\" \/>\n<meta property=\"og:availability\" content=\"instock\" \/>\n<meta property=\"product:availability\" content=\"instock\" \/>\n<meta property=\"product:retailer_item_id\" content=\"SKR-012-OPTCT\" \/>\n<meta property=\"product:condition\" content=\"new\" \/>\n<!-- \/ Yoast SEO Premium plugin. -->","yoast_head_json":{"title":"Silikonperlen - Oval - 12 mm - Terracotta Perlendruck - Baby","description":"Silikonperlen - Golddruck. BPA-, phthalat- und PVC-frei. Direkt von uns, den Gro\u00dfh\u00e4ndlern. Babysicher f\u00fcr Schnullerschnur und Bei\u00dfring.","robots":{"index":"index","follow":"follow","max-snippet":"max-snippet:-1","max-image-preview":"max-image-preview:large","max-video-preview":"max-video-preview:-1"},"canonical":"https:\/\/www.jootjeshaakcadeautjes.nl\/de\/produkt\/silikonperlen-oval-12-mm-terrakotta-perlen-druck\/","og_locale":"de_DE","og_type":"article","og_title":"Silikonperlen - Oval - 12 mm - Terracotta Perlendruck","og_description":"Silikonperlen - Golddruck. BPA-, phthalat- und PVC-frei. Direkt von uns, den Gro\u00dfh\u00e4ndlern. Babysicher f\u00fcr Schnullerschnur und Bei\u00dfring.","og_url":"https:\/\/www.jootjeshaakcadeautjes.nl\/de\/produkt\/silikonperlen-oval-12-mm-terrakotta-perlen-druck\/","og_site_name":"Jootjes Haakcadeautjes","article_modified_time":"2025-03-11T03:55:05+00:00","og_image":[{"width":2048,"height":2048,"url":"https:\/\/www.jootjeshaakcadeautjes.nl\/wp-content\/uploads\/2023\/12\/20231210_204254.jpg","type":"image\/jpeg"}],"twitter_card":"summary_large_image","twitter_misc":{"Preis":"&euro;0.26 inkl. MwSt.","Verf\u00fcgbarkeit":"Auf Lager"},"schema":{"@context":"https:\/\/schema.org","@graph":[{"@type":"WebPage","@id":"https:\/\/www.jootjeshaakcadeautjes.nl\/de\/produkt\/silikonperlen-oval-12-mm-terrakotta-perlen-druck\/","url":"https:\/\/www.jootjeshaakcadeautjes.nl\/de\/produkt\/silikonperlen-oval-12-mm-terrakotta-perlen-druck\/","name":"Silikonperlen - Oval - 12 mm - Terracotta Perlendruck - Baby","isPartOf":{"@id":"https:\/\/www.jootjeshaakcadeautjes.nl\/de\/#website"},"primaryImageOfPage":{"@id":"https:\/\/www.jootjeshaakcadeautjes.nl\/de\/produkt\/silikonperlen-oval-12-mm-terrakotta-perlen-druck\/#primaryimage"},"image":{"@id":"https:\/\/www.jootjeshaakcadeautjes.nl\/de\/produkt\/silikonperlen-oval-12-mm-terrakotta-perlen-druck\/#primaryimage"},"thumbnailUrl":"https:\/\/d1dyryakdmle7o.cloudfront.net\/wp-content\/uploads\/2023\/12\/20231210_204254.jpg","datePublished":"2023-11-25T17:10:57+00:00","dateModified":"2025-03-11T03:55:05+00:00","description":"Silikonperlen - Golddruck. BPA-, phthalat- und PVC-frei. Direkt von uns, den Gro\u00dfh\u00e4ndlern. Babysicher f\u00fcr Schnullerschnur und Bei\u00dfring.","breadcrumb":{"@id":"https:\/\/www.jootjeshaakcadeautjes.nl\/de\/produkt\/silikonperlen-oval-12-mm-terrakotta-perlen-druck\/#breadcrumb"},"inLanguage":"de","potentialAction":[{"@type":"ReadAction","target":["https:\/\/www.jootjeshaakcadeautjes.nl\/de\/produkt\/silikonperlen-oval-12-mm-terrakotta-perlen-druck\/"]}]},{"@type":"ImageObject","inLanguage":"de","@id":"https:\/\/www.jootjeshaakcadeautjes.nl\/de\/produkt\/silikonperlen-oval-12-mm-terrakotta-perlen-druck\/#primaryimage","url":"https:\/\/d1dyryakdmle7o.cloudfront.net\/wp-content\/uploads\/2023\/12\/20231210_204254.jpg","contentUrl":"https:\/\/d1dyryakdmle7o.cloudfront.net\/wp-content\/uploads\/2023\/12\/20231210_204254.jpg","width":2048,"height":2048,"caption":"Lachsfarbener Perlendruck"},{"@type":"BreadcrumbList","@id":"https:\/\/www.jootjeshaakcadeautjes.nl\/de\/produkt\/silikonperlen-oval-12-mm-terrakotta-perlen-druck\/#breadcrumb","itemListElement":[{"@type":"ListItem","position":1,"name":"Startseite","item":"https:\/\/www.jootjeshaakcadeautjes.nl\/de\/"},{"@type":"ListItem","position":2,"name":"Gro\u00dfhandel mit Silikonperlen &#8211; Business und Consumer","item":"https:\/\/www.jootjeshaakcadeautjes.nl\/de\/shop\/"},{"@type":"ListItem","position":3,"name":"Silikonperlen &#8211; Oval &#8211; 12 mm &#8211; Terracotta Perlendruck"}]},{"@type":"WebSite","@id":"https:\/\/www.jootjeshaakcadeautjes.nl\/de\/#website","url":"https:\/\/www.jootjeshaakcadeautjes.nl\/de\/","name":"Jootjes Haakcadeautjes","description":"Silikonperlen Gro\u00dfhandel ","publisher":{"@id":"https:\/\/www.jootjeshaakcadeautjes.nl\/de\/#organization"},"potentialAction":[{"@type":"SearchAction","target":{"@type":"EntryPoint","urlTemplate":"https:\/\/www.jootjeshaakcadeautjes.nl\/de\/?s={search_term_string}"},"query-input":{"@type":"PropertyValueSpecification","valueRequired":true,"valueName":"search_term_string"}}],"inLanguage":"de"},{"@type":"Organization","@id":"https:\/\/www.jootjeshaakcadeautjes.nl\/de\/#organization","name":"Jootjes Haakcadeautjes","url":"https:\/\/www.jootjeshaakcadeautjes.nl\/de\/","logo":{"@type":"ImageObject","inLanguage":"de","@id":"https:\/\/www.jootjeshaakcadeautjes.nl\/de\/#\/schema\/logo\/image\/","url":"https:\/\/d1dyryakdmle7o.cloudfront.net\/wp-content\/uploads\/2023\/05\/Logo-rond.png","contentUrl":"https:\/\/d1dyryakdmle7o.cloudfront.net\/wp-content\/uploads\/2023\/05\/Logo-rond.png","width":1222,"height":1222,"caption":"Jootjes Haakcadeautjes"},"image":{"@id":"https:\/\/www.jootjeshaakcadeautjes.nl\/de\/#\/schema\/logo\/image\/"}}]},"product_price_amount":"0.26","product_price_currency":"EUR","og_availability":"instock","product_availability":"instock","product_retailer_item_id":"SKR-012-OPTCT","product_condition":"new"},"_links":{"self":[{"href":"https:\/\/www.jootjeshaakcadeautjes.nl\/de\/wp-json\/wp\/v2\/product\/118464","targetHints":{"allow":["GET"]}}],"collection":[{"href":"https:\/\/www.jootjeshaakcadeautjes.nl\/de\/wp-json\/wp\/v2\/product"}],"about":[{"href":"https:\/\/www.jootjeshaakcadeautjes.nl\/de\/wp-json\/wp\/v2\/types\/product"}],"version-history":[{"count":0,"href":"https:\/\/www.jootjeshaakcadeautjes.nl\/de\/wp-json\/wp\/v2\/product\/118464\/revisions"}],"wp:featuredmedia":[{"embeddable":true,"href":"https:\/\/www.jootjeshaakcadeautjes.nl\/de\/wp-json\/wp\/v2\/media\/111932"}],"wp:attachment":[{"href":"https:\/\/www.jootjeshaakcadeautjes.nl\/de\/wp-json\/wp\/v2\/media?parent=118464"}],"wp:term":[{"taxonomy":"product_brand","embeddable":true,"href":"https:\/\/www.jootjeshaakcadeautjes.nl\/de\/wp-json\/wp\/v2\/product_brand?post=118464"},{"taxonomy":"product_cat","embeddable":true,"href":"https:\/\/www.jootjeshaakcadeautjes.nl\/de\/wp-json\/wp\/v2\/product_cat?post=118464"},{"taxonomy":"product_tag","embeddable":true,"href":"https:\/\/www.jootjeshaakcadeautjes.nl\/de\/wp-json\/wp\/v2\/product_tag?post=118464"}],"curies":[{"name":"wp","href":"https:\/\/api.w.org\/{rel}","templated":true}]}}