{"id":118501,"date":"2023-12-08T13:14:11","date_gmt":"2023-12-08T12:14:11","guid":{"rendered":"https:\/\/www.jootjeshaakcadeautjes.nl\/product\/telefonmontageplatte\/"},"modified":"2025-12-01T21:46:39","modified_gmt":"2025-12-01T20:46:39","slug":"telefonmontageplatte","status":"publish","type":"product","link":"https:\/\/www.jootjeshaakcadeautjes.nl\/de\/produkt\/telefonmontageplatte\/","title":{"rendered":"Telefonbefestigungsplatten &#8211; Transparenter Kunststoff &#8211; F\u00fcr Telefonkabel \/ Aufh\u00e4nger &#8211; Pro St\u00fcck"},"content":{"rendered":"<h2>Telefonbefestigungsplatten &#8211; Transparenter Kunststoff &#8211; F\u00fcr Telefonkabel \/ Aufh\u00e4nger &#8211; Pro St\u00fcck<\/h2>\n<p>Material: Kunststoff mit Metall\u00f6se<br \/>\nFarbe: Transparent<\/p>\n<h3>Wie k\u00f6nnen Sie diese Bilder verwenden?<\/h3>\n<p>Sie legen diese Kunststoffplatten zwischen Ihr Telefon und Ihre Handyh\u00fclle. An der Unterseite des Geh\u00e4uses befindet sich eigentlich immer ein Loch, durch das man das Ladeger\u00e4t in das Telefon stecken kann. Durch diese \u00d6ffnung lassen Sie die Metall\u00f6se herausragen. Legen Sie Ihr Telefon anschlie\u00dfend wieder in die H\u00fclle. Der Kunststoff-\/Gummiteil ist also der einzige Teil, der Ihr Telefon ber\u00fchrt. Nicht das Metallteil. Beim Einlegen des Telefons dr\u00fcckt man auf den B\u00fcgel, wo das Ganze festgeklemmt wird. Sie haben dann als Endergebnis nur Ihr Telefon in seiner H\u00fclle, wie Sie es kennen, aber mit einer hervorstehenden \u00d6se an der Unterseite. Daran k\u00f6nnen Sie dann ein Telefonkabel oder einen Anh\u00e4nger befestigen.<\/p>\n<h3>Wie fertige ich eine Telefonschnur oder einen Anh\u00e4nger an?<\/h3>\n<p>Sie finden auch Musketenhaken in unserem Webshop. Die einfachste Art, eine Telefonschnur zu basteln, ist die Verwendung von Satinkordel und Musketonhaken, die zusammen eine Schl\u00fcsselschnur ergeben, aber mit Silikonperlen. Sie k\u00f6nnen die Kn\u00f6pfe der Satinkordel einfach in die Perlen stecken, so wie Sie es mit einem Schl\u00fcsselring oder einer Schnullerschnur machen. Der Vorteil: Sie k\u00f6nnen die Telefonschnur ganz nach Ihren W\u00fcnschen gestalten, verlieren nie wieder Ihr Telefon und k\u00f6nnen so auch die L\u00e4nge der Telefonschnur selbst bestimmen. Ein Anh\u00e4nger kann \u00e4hnlich wie ein Schl\u00fcsselanh\u00e4nger hergestellt werden.<\/p>\n","protected":false},"excerpt":{"rendered":"<p>Material: Kunststoff mit Metall\u00f6se Farbe: Transparent Zum Befestigen von Telefonkabeln oder Silikonperlen-Anh\u00e4ngern<\/p>\n","protected":false},"featured_media":111577,"template":"","meta":[],"product_brand":[],"product_cat":[7194,8247,7184,8260,8262,7191],"product_tag":[8443,7984,8421,8438,8441,8448,8451,8449,8274,8427,8433,8285,7926,8430,8447],"class_list":{"0":"post-118501","1":"product","2":"type-product","3":"status-publish","4":"has-post-thumbnail","6":"product_cat-basteable-produkte-alle-basteable-produkte","7":"product_cat-bastelmaterial-hakelzubehor","8":"product_cat-neue-produkte","9":"product_cat-schlusselanhanger-mit-gewinde-diy-schlusselanhanger","10":"product_cat-schlusselanhanger-und-haken","11":"product_cat-vollstandige-palette","12":"product_tag-anhangen","13":"product_tag-anhanger","14":"product_tag-auge","15":"product_tag-befestigung","16":"product_tag-bild","17":"product_tag-handy-anhanger","18":"product_tag-handyhulle","19":"product_tag-klammern","20":"product_tag-mit","21":"product_tag-mobil","22":"product_tag-mobiltelefon","23":"product_tag-musketenhaken","24":"product_tag-silikonperlen","25":"product_tag-telefon","26":"product_tag-telefonkabel","28":"first","29":"instock","30":"taxable","31":"shipping-taxable","32":"purchasable","33":"product-type-simple"},"bundled_by":["157339"],"bundle_stock_status":"instock","bundle_stock_quantity":705,"bundle_virtual":false,"bundle_layout":"","bundle_add_to_cart_form_location":"","bundle_editable_in_cart":false,"bundle_sold_individually_context":"","bundle_item_grouping":"","bundle_min_size":"","bundle_max_size":"","bundle_price":[],"bundled_items":[],"bundle_sell_ids":[],"yoast_head":"<!-- This site is optimized with the Yoast SEO Premium plugin v26.4 (Yoast SEO v26.9) - https:\/\/yoast.com\/product\/yoast-seo-premium-wordpress\/ -->\n<title>Telefonmontageplatte - Transparenter Kunststoff - Mit \u00d6se<\/title>\n<meta name=\"description\" content=\"Kaufen Sie hier Ihre transparente Kunststoffhalterung f\u00fcr Ihr Handy. F\u00fcr Telefonkabel oder Silikonperlen-Handy-Anh\u00e4nger.\" \/>\n<meta name=\"robots\" content=\"index, follow, max-snippet:-1, max-image-preview:large, max-video-preview:-1\" \/>\n<link rel=\"canonical\" href=\"https:\/\/www.jootjeshaakcadeautjes.nl\/de\/produkt\/telefonmontageplatte\/\" \/>\n<meta property=\"og:locale\" content=\"de_DE\" \/>\n<meta property=\"og:type\" content=\"article\" \/>\n<meta property=\"og:title\" content=\"Telefonbefestigungsplatten - Transparenter Kunststoff - F\u00fcr Telefonkabel \/ Aufh\u00e4nger - Pro St\u00fcck\" \/>\n<meta property=\"og:description\" content=\"Kaufen Sie hier Ihre transparente Kunststoffhalterung f\u00fcr Ihr Handy. F\u00fcr Telefonkabel oder Silikonperlen-Handy-Anh\u00e4nger.\" \/>\n<meta property=\"og:url\" content=\"https:\/\/www.jootjeshaakcadeautjes.nl\/de\/produkt\/telefonmontageplatte\/\" \/>\n<meta property=\"og:site_name\" content=\"Jootjes Haakcadeautjes\" \/>\n<meta property=\"article:modified_time\" content=\"2025-12-01T20:46:39+00:00\" \/>\n<meta property=\"og:image\" content=\"https:\/\/www.jootjeshaakcadeautjes.nl\/wp-content\/uploads\/2023\/12\/Untitled-3-1.jpg\" \/>\n\t<meta property=\"og:image:width\" content=\"2048\" \/>\n\t<meta property=\"og:image:height\" content=\"2048\" \/>\n\t<meta property=\"og:image:type\" content=\"image\/jpeg\" \/>\n<meta name=\"twitter:card\" content=\"summary_large_image\" \/>\n<meta name=\"twitter:label1\" content=\"Preis\" \/>\n\t<meta name=\"twitter:data1\" content=\"&euro;0.40 inkl. MwSt.\" \/>\n\t<meta name=\"twitter:label2\" content=\"Verf\u00fcgbarkeit\" \/>\n\t<meta name=\"twitter:data2\" content=\"Auf Lager\" \/>\n<script type=\"application\/ld+json\" class=\"yoast-schema-graph\">{\"@context\":\"https:\/\/schema.org\",\"@graph\":[{\"@type\":\"WebPage\",\"@id\":\"https:\/\/www.jootjeshaakcadeautjes.nl\/de\/produkt\/telefonmontageplatte\/\",\"url\":\"https:\/\/www.jootjeshaakcadeautjes.nl\/de\/produkt\/telefonmontageplatte\/\",\"name\":\"Telefonmontageplatte - Transparenter Kunststoff - Mit \u00d6se\",\"isPartOf\":{\"@id\":\"https:\/\/www.jootjeshaakcadeautjes.nl\/de\/#website\"},\"primaryImageOfPage\":{\"@id\":\"https:\/\/www.jootjeshaakcadeautjes.nl\/de\/produkt\/telefonmontageplatte\/#primaryimage\"},\"image\":{\"@id\":\"https:\/\/www.jootjeshaakcadeautjes.nl\/de\/produkt\/telefonmontageplatte\/#primaryimage\"},\"thumbnailUrl\":\"https:\/\/d1dyryakdmle7o.cloudfront.net\/wp-content\/uploads\/2023\/12\/Untitled-3-1.jpg\",\"datePublished\":\"2023-12-08T12:14:11+00:00\",\"dateModified\":\"2025-12-01T20:46:39+00:00\",\"description\":\"Kaufen Sie hier Ihre transparente Kunststoffhalterung f\u00fcr Ihr Handy. F\u00fcr Telefonkabel oder Silikonperlen-Handy-Anh\u00e4nger.\",\"breadcrumb\":{\"@id\":\"https:\/\/www.jootjeshaakcadeautjes.nl\/de\/produkt\/telefonmontageplatte\/#breadcrumb\"},\"inLanguage\":\"de\",\"potentialAction\":[{\"@type\":\"ReadAction\",\"target\":[\"https:\/\/www.jootjeshaakcadeautjes.nl\/de\/produkt\/telefonmontageplatte\/\"]}]},{\"@type\":\"ImageObject\",\"inLanguage\":\"de\",\"@id\":\"https:\/\/www.jootjeshaakcadeautjes.nl\/de\/produkt\/telefonmontageplatte\/#primaryimage\",\"url\":\"https:\/\/d1dyryakdmle7o.cloudfront.net\/wp-content\/uploads\/2023\/12\/Untitled-3-1.jpg\",\"contentUrl\":\"https:\/\/d1dyryakdmle7o.cloudfront.net\/wp-content\/uploads\/2023\/12\/Untitled-3-1.jpg\",\"width\":2048,\"height\":2048,\"caption\":\"Telefonbefestigungsplatten - Transparenter Kunststoff - F\u00fcr Telefonkabel \/ Anh\u00e4nger Silikonperlen\"},{\"@type\":\"BreadcrumbList\",\"@id\":\"https:\/\/www.jootjeshaakcadeautjes.nl\/de\/produkt\/telefonmontageplatte\/#breadcrumb\",\"itemListElement\":[{\"@type\":\"ListItem\",\"position\":1,\"name\":\"Startseite\",\"item\":\"https:\/\/www.jootjeshaakcadeautjes.nl\/de\/\"},{\"@type\":\"ListItem\",\"position\":2,\"name\":\"Gro\u00dfhandel mit Silikonperlen &#8211; Business und Consumer\",\"item\":\"https:\/\/www.jootjeshaakcadeautjes.nl\/de\/shop\/\"},{\"@type\":\"ListItem\",\"position\":3,\"name\":\"Telefonbefestigungsplatten &#8211; Transparenter Kunststoff &#8211; F\u00fcr Telefonkabel \/ Aufh\u00e4nger &#8211; Pro St\u00fcck\"}]},{\"@type\":\"WebSite\",\"@id\":\"https:\/\/www.jootjeshaakcadeautjes.nl\/de\/#website\",\"url\":\"https:\/\/www.jootjeshaakcadeautjes.nl\/de\/\",\"name\":\"Jootjes Haakcadeautjes\",\"description\":\"Silikonperlen Gro\u00dfhandel \",\"publisher\":{\"@id\":\"https:\/\/www.jootjeshaakcadeautjes.nl\/de\/#organization\"},\"potentialAction\":[{\"@type\":\"SearchAction\",\"target\":{\"@type\":\"EntryPoint\",\"urlTemplate\":\"https:\/\/www.jootjeshaakcadeautjes.nl\/de\/?s={search_term_string}\"},\"query-input\":{\"@type\":\"PropertyValueSpecification\",\"valueRequired\":true,\"valueName\":\"search_term_string\"}}],\"inLanguage\":\"de\"},{\"@type\":\"Organization\",\"@id\":\"https:\/\/www.jootjeshaakcadeautjes.nl\/de\/#organization\",\"name\":\"Jootjes Haakcadeautjes\",\"url\":\"https:\/\/www.jootjeshaakcadeautjes.nl\/de\/\",\"logo\":{\"@type\":\"ImageObject\",\"inLanguage\":\"de\",\"@id\":\"https:\/\/www.jootjeshaakcadeautjes.nl\/de\/#\/schema\/logo\/image\/\",\"url\":\"https:\/\/jootjes-haakcadeautjes-media.s3.amazonaws.com\/wp-content\/uploads\/2023\/05\/Logo-rond.png\",\"contentUrl\":\"https:\/\/jootjes-haakcadeautjes-media.s3.amazonaws.com\/wp-content\/uploads\/2023\/05\/Logo-rond.png\",\"width\":1222,\"height\":1222,\"caption\":\"Jootjes Haakcadeautjes\"},\"image\":{\"@id\":\"https:\/\/www.jootjeshaakcadeautjes.nl\/de\/#\/schema\/logo\/image\/\"}}]}<\/script>\n<meta property=\"product:price:amount\" content=\"0.40\" \/>\n<meta property=\"product:price:currency\" content=\"EUR\" \/>\n<meta property=\"og:availability\" content=\"instock\" \/>\n<meta property=\"product:availability\" content=\"instock\" \/>\n<meta property=\"product:retailer_item_id\" content=\"MOB-TEL-HAN\" \/>\n<meta property=\"product:condition\" content=\"new\" \/>\n<!-- \/ Yoast SEO Premium plugin. -->","yoast_head_json":{"title":"Telefonmontageplatte - Transparenter Kunststoff - Mit \u00d6se","description":"Kaufen Sie hier Ihre transparente Kunststoffhalterung f\u00fcr Ihr Handy. F\u00fcr Telefonkabel oder Silikonperlen-Handy-Anh\u00e4nger.","robots":{"index":"index","follow":"follow","max-snippet":"max-snippet:-1","max-image-preview":"max-image-preview:large","max-video-preview":"max-video-preview:-1"},"canonical":"https:\/\/www.jootjeshaakcadeautjes.nl\/de\/produkt\/telefonmontageplatte\/","og_locale":"de_DE","og_type":"article","og_title":"Telefonbefestigungsplatten - Transparenter Kunststoff - F\u00fcr Telefonkabel \/ Aufh\u00e4nger - Pro St\u00fcck","og_description":"Kaufen Sie hier Ihre transparente Kunststoffhalterung f\u00fcr Ihr Handy. F\u00fcr Telefonkabel oder Silikonperlen-Handy-Anh\u00e4nger.","og_url":"https:\/\/www.jootjeshaakcadeautjes.nl\/de\/produkt\/telefonmontageplatte\/","og_site_name":"Jootjes Haakcadeautjes","article_modified_time":"2025-12-01T20:46:39+00:00","og_image":[{"width":2048,"height":2048,"url":"https:\/\/www.jootjeshaakcadeautjes.nl\/wp-content\/uploads\/2023\/12\/Untitled-3-1.jpg","type":"image\/jpeg"}],"twitter_card":"summary_large_image","twitter_misc":{"Preis":"&euro;0.40 inkl. MwSt.","Verf\u00fcgbarkeit":"Auf Lager"},"schema":{"@context":"https:\/\/schema.org","@graph":[{"@type":"WebPage","@id":"https:\/\/www.jootjeshaakcadeautjes.nl\/de\/produkt\/telefonmontageplatte\/","url":"https:\/\/www.jootjeshaakcadeautjes.nl\/de\/produkt\/telefonmontageplatte\/","name":"Telefonmontageplatte - Transparenter Kunststoff - Mit \u00d6se","isPartOf":{"@id":"https:\/\/www.jootjeshaakcadeautjes.nl\/de\/#website"},"primaryImageOfPage":{"@id":"https:\/\/www.jootjeshaakcadeautjes.nl\/de\/produkt\/telefonmontageplatte\/#primaryimage"},"image":{"@id":"https:\/\/www.jootjeshaakcadeautjes.nl\/de\/produkt\/telefonmontageplatte\/#primaryimage"},"thumbnailUrl":"https:\/\/d1dyryakdmle7o.cloudfront.net\/wp-content\/uploads\/2023\/12\/Untitled-3-1.jpg","datePublished":"2023-12-08T12:14:11+00:00","dateModified":"2025-12-01T20:46:39+00:00","description":"Kaufen Sie hier Ihre transparente Kunststoffhalterung f\u00fcr Ihr Handy. F\u00fcr Telefonkabel oder Silikonperlen-Handy-Anh\u00e4nger.","breadcrumb":{"@id":"https:\/\/www.jootjeshaakcadeautjes.nl\/de\/produkt\/telefonmontageplatte\/#breadcrumb"},"inLanguage":"de","potentialAction":[{"@type":"ReadAction","target":["https:\/\/www.jootjeshaakcadeautjes.nl\/de\/produkt\/telefonmontageplatte\/"]}]},{"@type":"ImageObject","inLanguage":"de","@id":"https:\/\/www.jootjeshaakcadeautjes.nl\/de\/produkt\/telefonmontageplatte\/#primaryimage","url":"https:\/\/d1dyryakdmle7o.cloudfront.net\/wp-content\/uploads\/2023\/12\/Untitled-3-1.jpg","contentUrl":"https:\/\/d1dyryakdmle7o.cloudfront.net\/wp-content\/uploads\/2023\/12\/Untitled-3-1.jpg","width":2048,"height":2048,"caption":"Telefonbefestigungsplatten - Transparenter Kunststoff - F\u00fcr Telefonkabel \/ Anh\u00e4nger Silikonperlen"},{"@type":"BreadcrumbList","@id":"https:\/\/www.jootjeshaakcadeautjes.nl\/de\/produkt\/telefonmontageplatte\/#breadcrumb","itemListElement":[{"@type":"ListItem","position":1,"name":"Startseite","item":"https:\/\/www.jootjeshaakcadeautjes.nl\/de\/"},{"@type":"ListItem","position":2,"name":"Gro\u00dfhandel mit Silikonperlen &#8211; Business und Consumer","item":"https:\/\/www.jootjeshaakcadeautjes.nl\/de\/shop\/"},{"@type":"ListItem","position":3,"name":"Telefonbefestigungsplatten &#8211; Transparenter Kunststoff &#8211; F\u00fcr Telefonkabel \/ Aufh\u00e4nger &#8211; Pro St\u00fcck"}]},{"@type":"WebSite","@id":"https:\/\/www.jootjeshaakcadeautjes.nl\/de\/#website","url":"https:\/\/www.jootjeshaakcadeautjes.nl\/de\/","name":"Jootjes Haakcadeautjes","description":"Silikonperlen Gro\u00dfhandel ","publisher":{"@id":"https:\/\/www.jootjeshaakcadeautjes.nl\/de\/#organization"},"potentialAction":[{"@type":"SearchAction","target":{"@type":"EntryPoint","urlTemplate":"https:\/\/www.jootjeshaakcadeautjes.nl\/de\/?s={search_term_string}"},"query-input":{"@type":"PropertyValueSpecification","valueRequired":true,"valueName":"search_term_string"}}],"inLanguage":"de"},{"@type":"Organization","@id":"https:\/\/www.jootjeshaakcadeautjes.nl\/de\/#organization","name":"Jootjes Haakcadeautjes","url":"https:\/\/www.jootjeshaakcadeautjes.nl\/de\/","logo":{"@type":"ImageObject","inLanguage":"de","@id":"https:\/\/www.jootjeshaakcadeautjes.nl\/de\/#\/schema\/logo\/image\/","url":"https:\/\/jootjes-haakcadeautjes-media.s3.amazonaws.com\/wp-content\/uploads\/2023\/05\/Logo-rond.png","contentUrl":"https:\/\/jootjes-haakcadeautjes-media.s3.amazonaws.com\/wp-content\/uploads\/2023\/05\/Logo-rond.png","width":1222,"height":1222,"caption":"Jootjes Haakcadeautjes"},"image":{"@id":"https:\/\/www.jootjeshaakcadeautjes.nl\/de\/#\/schema\/logo\/image\/"}}]},"product_price_amount":"0.40","product_price_currency":"EUR","og_availability":"instock","product_availability":"instock","product_retailer_item_id":"MOB-TEL-HAN","product_condition":"new"},"_links":{"self":[{"href":"https:\/\/www.jootjeshaakcadeautjes.nl\/de\/wp-json\/wp\/v2\/product\/118501","targetHints":{"allow":["GET"]}}],"collection":[{"href":"https:\/\/www.jootjeshaakcadeautjes.nl\/de\/wp-json\/wp\/v2\/product"}],"about":[{"href":"https:\/\/www.jootjeshaakcadeautjes.nl\/de\/wp-json\/wp\/v2\/types\/product"}],"version-history":[{"count":0,"href":"https:\/\/www.jootjeshaakcadeautjes.nl\/de\/wp-json\/wp\/v2\/product\/118501\/revisions"}],"wp:featuredmedia":[{"embeddable":true,"href":"https:\/\/www.jootjeshaakcadeautjes.nl\/de\/wp-json\/wp\/v2\/media\/111577"}],"wp:attachment":[{"href":"https:\/\/www.jootjeshaakcadeautjes.nl\/de\/wp-json\/wp\/v2\/media?parent=118501"}],"wp:term":[{"taxonomy":"product_brand","embeddable":true,"href":"https:\/\/www.jootjeshaakcadeautjes.nl\/de\/wp-json\/wp\/v2\/product_brand?post=118501"},{"taxonomy":"product_cat","embeddable":true,"href":"https:\/\/www.jootjeshaakcadeautjes.nl\/de\/wp-json\/wp\/v2\/product_cat?post=118501"},{"taxonomy":"product_tag","embeddable":true,"href":"https:\/\/www.jootjeshaakcadeautjes.nl\/de\/wp-json\/wp\/v2\/product_tag?post=118501"}],"curies":[{"name":"wp","href":"https:\/\/api.w.org\/{rel}","templated":true}]}}