{"id":118527,"date":"2023-12-04T01:05:41","date_gmt":"2023-12-03T23:05:41","guid":{"rendered":"https:\/\/www.jootjeshaakcadeautjes.nl\/product\/armband-ausloesbar-rosa-gold\/"},"modified":"2025-03-11T17:27:37","modified_gmt":"2025-03-11T16:27:37","slug":"armband-ausloesbar-rosa-gold","status":"publish","type":"product","link":"https:\/\/www.jootjeshaakcadeautjes.nl\/de\/produkt\/armband-ausloesbar-rosa-gold\/","title":{"rendered":"Armband &#8211; Reihbar 3 MM &#8211; Edelstahl &#8211; Kupfer \/ Rose Gold"},"content":{"rendered":"<h2>Armband &#8211; Reihbar &#8211; Edelstahl &#8211; Kupfer \/ Rose Gold<\/h2>\n<p>Material: rostfreier Stahl<br \/>\nTyp: F\u00e4delbarer Armreif<br \/>\nFarbe: Kupfer \/ Rose Gold<\/p>\n<p>Reihbar mit Silikonperlen und Holzperlen. Perfekt, um sich selbst ein wundersch\u00f6nes Geschenk zu machen, das Sie ganz nach Ihrem Geschmack gestalten k\u00f6nnen. Wenn Sie ein echter Beadboss sind und die wundervollsten Perlenkreationen herstellen, dann haben Sie sich ein wunderbares Geschenk verdient, das wirklich perfekt f\u00fcr Ihre Lieblingsbesch\u00e4ftigung ist. Super stylisch und sofort das perfekte Schild f\u00fcr Ihr Unternehmen. Schlie\u00dflich werden Sie garantiert Fragen zu diesem Armband bekommen! Ideal auch als Geschenk f\u00fcr ein Familienmitglied, einen Freund oder einen Kollegen! Gestalten Sie das Armband ganz nach Ihrem Geschmack. Sie k\u00f6nnen auch perfekt einen Namen darauf reflektieren. In diesem Fall empfehlen wir jedoch 10-mm-Perlen. Diese sind die beste \u00dcbereinstimmung im Format.<\/p>\n<p>Haftungsausschluss; im Laufe der Zeit\/bei intensivem Gebrauch kann sich die Farbe des Armbands leicht abnutzen.<\/p>\n","protected":false},"excerpt":{"rendered":"<p>Material: Edelstahl Typ: F\u00e4delarmband Farbe: Kupfer \/ Rose Gold<\/p>\n","protected":false},"featured_media":111005,"template":"","meta":[],"product_brand":[],"product_cat":[8425,7194,7184],"product_tag":[7555,7226,7221,7205,7394,7265,7208,8284,7202,7196,7253,7257,8426,7273,7238,8444,7247,7214,7271,7268,7244,7260,7263,7199,7223,7250,7229,7660,7232,8158,7218,7211,7275,7241,7235],"class_list":{"0":"post-118527","1":"product","2":"type-product","3":"status-publish","4":"has-post-thumbnail","6":"product_cat-armbander-mit-gewinde","7":"product_cat-basteable-produkte-alle-basteable-produkte","8":"product_cat-neue-produkte","9":"product_tag-armband-de","10":"product_tag-aufreihbar","11":"product_tag-b2b-de","12":"product_tag-diy-de","13":"product_tag-geschenk-de","14":"product_tag-gluck","15":"product_tag-gluckspuppe","16":"product_tag-gold-de","17":"product_tag-hobby-de","18":"product_tag-holz","19":"product_tag-junggeselle","20":"product_tag-junggesellenabschied","21":"product_tag-kollege","22":"product_tag-konzept","23":"product_tag-korkenzieher","24":"product_tag-kupfer-de","25":"product_tag-machen-sie-es-selbst","26":"product_tag-machen","27":"product_tag-markt-de","28":"product_tag-materialien","29":"product_tag-partei","30":"product_tag-partei-de","31":"product_tag-partei-de-2","32":"product_tag-perlen","33":"product_tag-personalisierte","34":"product_tag-personalisierte-geschenke","35":"product_tag-personalisierung","36":"product_tag-rose-de","37":"product_tag-rostfreier-stahl","38":"product_tag-selber-machen","39":"product_tag-selbst","40":"product_tag-silikon","41":"product_tag-speichern","42":"product_tag-trinken","43":"product_tag-weinoffner","45":"first","46":"instock","47":"taxable","48":"shipping-taxable","49":"purchasable","50":"product-type-simple"},"bundled_by":[],"bundle_stock_status":"instock","bundle_stock_quantity":33,"bundle_virtual":false,"bundle_layout":"","bundle_add_to_cart_form_location":"","bundle_editable_in_cart":false,"bundle_sold_individually_context":"","bundle_item_grouping":"","bundle_min_size":"","bundle_max_size":"","bundle_price":[],"bundled_items":[],"bundle_sell_ids":[],"yoast_head":"<!-- This site is optimized with the Yoast SEO Premium plugin v27.4 (Yoast SEO v27.5) - https:\/\/yoast.com\/product\/yoast-seo-premium-wordpress\/ -->\n<title>F\u00e4delarmband Kupfer \/ Rose Gold | DIY | Jootjes<\/title>\n<meta name=\"description\" content=\"Kaufen Sie ein auff\u00e4delbares Armband und gestalten Sie es mit unseren Holz- und Silikonperlen ganz nach Ihren W\u00fcnschen. Das perfekte Geschenk f\u00fcr Mama, Oma und mehr.\" \/>\n<meta name=\"robots\" content=\"index, follow, max-snippet:-1, max-image-preview:large, max-video-preview:-1\" \/>\n<link rel=\"canonical\" href=\"https:\/\/www.jootjeshaakcadeautjes.nl\/de\/produkt\/armband-ausloesbar-rosa-gold\/\" \/>\n<meta property=\"og:locale\" content=\"de_DE\" \/>\n<meta property=\"og:type\" content=\"article\" \/>\n<meta property=\"og:title\" content=\"Armband - Reihbar 3 MM - Edelstahl - Kupfer \/ Rose Gold\" \/>\n<meta property=\"og:description\" content=\"Kaufen Sie ein auff\u00e4delbares Armband und gestalten Sie es mit unseren Holz- und Silikonperlen ganz nach Ihren W\u00fcnschen. Das perfekte Geschenk f\u00fcr Mama, Oma und mehr.\" \/>\n<meta property=\"og:url\" content=\"https:\/\/www.jootjeshaakcadeautjes.nl\/de\/produkt\/armband-ausloesbar-rosa-gold\/\" \/>\n<meta property=\"og:site_name\" content=\"Jootjes Haakcadeautjes\" \/>\n<meta property=\"article:modified_time\" content=\"2025-03-11T16:27:37+00:00\" \/>\n<meta property=\"og:image\" content=\"https:\/\/www.jootjeshaakcadeautjes.nl\/wp-content\/uploads\/2023\/12\/Untitled-2.jpg\" \/>\n\t<meta property=\"og:image:width\" content=\"2048\" \/>\n\t<meta property=\"og:image:height\" content=\"2048\" \/>\n\t<meta property=\"og:image:type\" content=\"image\/jpeg\" \/>\n<meta name=\"twitter:card\" content=\"summary_large_image\" \/>\n<meta name=\"twitter:label1\" content=\"Preis\" \/>\n\t<meta name=\"twitter:data1\" content=\"&euro;2.99 inkl. MwSt.\" \/>\n\t<meta name=\"twitter:label2\" content=\"Verf\u00fcgbarkeit\" \/>\n\t<meta name=\"twitter:data2\" content=\"Auf Lager\" \/>\n<script type=\"application\/ld+json\" class=\"yoast-schema-graph\">{\"@context\":\"https:\\\/\\\/schema.org\",\"@graph\":[{\"@type\":\"WebPage\",\"@id\":\"https:\\\/\\\/www.jootjeshaakcadeautjes.nl\\\/de\\\/produkt\\\/armband-ausloesbar-rosa-gold\\\/\",\"url\":\"https:\\\/\\\/www.jootjeshaakcadeautjes.nl\\\/de\\\/produkt\\\/armband-ausloesbar-rosa-gold\\\/\",\"name\":\"F\u00e4delarmband Kupfer \\\/ Rose Gold | DIY | Jootjes\",\"isPartOf\":{\"@id\":\"https:\\\/\\\/www.jootjeshaakcadeautjes.nl\\\/de\\\/#website\"},\"primaryImageOfPage\":{\"@id\":\"https:\\\/\\\/www.jootjeshaakcadeautjes.nl\\\/de\\\/produkt\\\/armband-ausloesbar-rosa-gold\\\/#primaryimage\"},\"image\":{\"@id\":\"https:\\\/\\\/www.jootjeshaakcadeautjes.nl\\\/de\\\/produkt\\\/armband-ausloesbar-rosa-gold\\\/#primaryimage\"},\"thumbnailUrl\":\"https:\\\/\\\/d1dyryakdmle7o.cloudfront.net\\\/wp-content\\\/uploads\\\/2023\\\/12\\\/Untitled-2.jpg\",\"datePublished\":\"2023-12-03T23:05:41+00:00\",\"dateModified\":\"2025-03-11T16:27:37+00:00\",\"description\":\"Kaufen Sie ein auff\u00e4delbares Armband und gestalten Sie es mit unseren Holz- und Silikonperlen ganz nach Ihren W\u00fcnschen. Das perfekte Geschenk f\u00fcr Mama, Oma und mehr.\",\"breadcrumb\":{\"@id\":\"https:\\\/\\\/www.jootjeshaakcadeautjes.nl\\\/de\\\/produkt\\\/armband-ausloesbar-rosa-gold\\\/#breadcrumb\"},\"inLanguage\":\"de\",\"potentialAction\":[{\"@type\":\"ReadAction\",\"target\":[\"https:\\\/\\\/www.jootjeshaakcadeautjes.nl\\\/de\\\/produkt\\\/armband-ausloesbar-rosa-gold\\\/\"]}]},{\"@type\":\"ImageObject\",\"inLanguage\":\"de\",\"@id\":\"https:\\\/\\\/www.jootjeshaakcadeautjes.nl\\\/de\\\/produkt\\\/armband-ausloesbar-rosa-gold\\\/#primaryimage\",\"url\":\"https:\\\/\\\/d1dyryakdmle7o.cloudfront.net\\\/wp-content\\\/uploads\\\/2023\\\/12\\\/Untitled-2.jpg\",\"contentUrl\":\"https:\\\/\\\/d1dyryakdmle7o.cloudfront.net\\\/wp-content\\\/uploads\\\/2023\\\/12\\\/Untitled-2.jpg\",\"width\":2048,\"height\":2048,\"caption\":\"Armband mit Gewinde Geschenk Kupfer personalisiert Muttertag Oma Mutter Freund Kollege Geschenk Silikonperlen\"},{\"@type\":\"BreadcrumbList\",\"@id\":\"https:\\\/\\\/www.jootjeshaakcadeautjes.nl\\\/de\\\/produkt\\\/armband-ausloesbar-rosa-gold\\\/#breadcrumb\",\"itemListElement\":[{\"@type\":\"ListItem\",\"position\":1,\"name\":\"Startseite\",\"item\":\"https:\\\/\\\/www.jootjeshaakcadeautjes.nl\\\/de\\\/\"},{\"@type\":\"ListItem\",\"position\":2,\"name\":\"Gro\u00dfhandel mit Silikonperlen &#8211; Business und Consumer\",\"item\":\"https:\\\/\\\/www.jootjeshaakcadeautjes.nl\\\/de\\\/shop\\\/\"},{\"@type\":\"ListItem\",\"position\":3,\"name\":\"Armband &#8211; Reihbar 3 MM &#8211; Edelstahl &#8211; Kupfer \\\/ Rose Gold\"}]},{\"@type\":\"WebSite\",\"@id\":\"https:\\\/\\\/www.jootjeshaakcadeautjes.nl\\\/de\\\/#website\",\"url\":\"https:\\\/\\\/www.jootjeshaakcadeautjes.nl\\\/de\\\/\",\"name\":\"Jootjes Haakcadeautjes\",\"description\":\"Silikonperlen Gro\u00dfhandel \",\"publisher\":{\"@id\":\"https:\\\/\\\/www.jootjeshaakcadeautjes.nl\\\/de\\\/#organization\"},\"potentialAction\":[{\"@type\":\"SearchAction\",\"target\":{\"@type\":\"EntryPoint\",\"urlTemplate\":\"https:\\\/\\\/www.jootjeshaakcadeautjes.nl\\\/de\\\/?s={search_term_string}\"},\"query-input\":{\"@type\":\"PropertyValueSpecification\",\"valueRequired\":true,\"valueName\":\"search_term_string\"}}],\"inLanguage\":\"de\"},{\"@type\":\"Organization\",\"@id\":\"https:\\\/\\\/www.jootjeshaakcadeautjes.nl\\\/de\\\/#organization\",\"name\":\"Jootjes Haakcadeautjes\",\"url\":\"https:\\\/\\\/www.jootjeshaakcadeautjes.nl\\\/de\\\/\",\"logo\":{\"@type\":\"ImageObject\",\"inLanguage\":\"de\",\"@id\":\"https:\\\/\\\/www.jootjeshaakcadeautjes.nl\\\/de\\\/#\\\/schema\\\/logo\\\/image\\\/\",\"url\":\"https:\\\/\\\/jootjes-haakcadeautjes-media.s3.amazonaws.com\\\/wp-content\\\/uploads\\\/2023\\\/05\\\/Logo-rond.png\",\"contentUrl\":\"https:\\\/\\\/jootjes-haakcadeautjes-media.s3.amazonaws.com\\\/wp-content\\\/uploads\\\/2023\\\/05\\\/Logo-rond.png\",\"width\":1222,\"height\":1222,\"caption\":\"Jootjes Haakcadeautjes\"},\"image\":{\"@id\":\"https:\\\/\\\/www.jootjeshaakcadeautjes.nl\\\/de\\\/#\\\/schema\\\/logo\\\/image\\\/\"}}]}<\/script>\n<meta property=\"product:price:amount\" content=\"2.99\" \/>\n<meta property=\"product:price:currency\" content=\"EUR\" \/>\n<meta property=\"og:availability\" content=\"instock\" \/>\n<meta property=\"product:availability\" content=\"instock\" \/>\n<meta property=\"product:retailer_item_id\" content=\"RIJG-ARM-KPRG\" \/>\n<meta property=\"product:condition\" content=\"new\" \/>\n<!-- \/ Yoast SEO Premium plugin. -->","yoast_head_json":{"title":"F\u00e4delarmband Kupfer \/ Rose Gold | DIY | Jootjes","description":"Kaufen Sie ein auff\u00e4delbares Armband und gestalten Sie es mit unseren Holz- und Silikonperlen ganz nach Ihren W\u00fcnschen. Das perfekte Geschenk f\u00fcr Mama, Oma und mehr.","robots":{"index":"index","follow":"follow","max-snippet":"max-snippet:-1","max-image-preview":"max-image-preview:large","max-video-preview":"max-video-preview:-1"},"canonical":"https:\/\/www.jootjeshaakcadeautjes.nl\/de\/produkt\/armband-ausloesbar-rosa-gold\/","og_locale":"de_DE","og_type":"article","og_title":"Armband - Reihbar 3 MM - Edelstahl - Kupfer \/ Rose Gold","og_description":"Kaufen Sie ein auff\u00e4delbares Armband und gestalten Sie es mit unseren Holz- und Silikonperlen ganz nach Ihren W\u00fcnschen. Das perfekte Geschenk f\u00fcr Mama, Oma und mehr.","og_url":"https:\/\/www.jootjeshaakcadeautjes.nl\/de\/produkt\/armband-ausloesbar-rosa-gold\/","og_site_name":"Jootjes Haakcadeautjes","article_modified_time":"2025-03-11T16:27:37+00:00","og_image":[{"width":2048,"height":2048,"url":"https:\/\/www.jootjeshaakcadeautjes.nl\/wp-content\/uploads\/2023\/12\/Untitled-2.jpg","type":"image\/jpeg"}],"twitter_card":"summary_large_image","twitter_misc":{"Preis":"&euro;2.99 inkl. MwSt.","Verf\u00fcgbarkeit":"Auf Lager"},"schema":{"@context":"https:\/\/schema.org","@graph":[{"@type":"WebPage","@id":"https:\/\/www.jootjeshaakcadeautjes.nl\/de\/produkt\/armband-ausloesbar-rosa-gold\/","url":"https:\/\/www.jootjeshaakcadeautjes.nl\/de\/produkt\/armband-ausloesbar-rosa-gold\/","name":"F\u00e4delarmband Kupfer \/ Rose Gold | DIY | Jootjes","isPartOf":{"@id":"https:\/\/www.jootjeshaakcadeautjes.nl\/de\/#website"},"primaryImageOfPage":{"@id":"https:\/\/www.jootjeshaakcadeautjes.nl\/de\/produkt\/armband-ausloesbar-rosa-gold\/#primaryimage"},"image":{"@id":"https:\/\/www.jootjeshaakcadeautjes.nl\/de\/produkt\/armband-ausloesbar-rosa-gold\/#primaryimage"},"thumbnailUrl":"https:\/\/d1dyryakdmle7o.cloudfront.net\/wp-content\/uploads\/2023\/12\/Untitled-2.jpg","datePublished":"2023-12-03T23:05:41+00:00","dateModified":"2025-03-11T16:27:37+00:00","description":"Kaufen Sie ein auff\u00e4delbares Armband und gestalten Sie es mit unseren Holz- und Silikonperlen ganz nach Ihren W\u00fcnschen. Das perfekte Geschenk f\u00fcr Mama, Oma und mehr.","breadcrumb":{"@id":"https:\/\/www.jootjeshaakcadeautjes.nl\/de\/produkt\/armband-ausloesbar-rosa-gold\/#breadcrumb"},"inLanguage":"de","potentialAction":[{"@type":"ReadAction","target":["https:\/\/www.jootjeshaakcadeautjes.nl\/de\/produkt\/armband-ausloesbar-rosa-gold\/"]}]},{"@type":"ImageObject","inLanguage":"de","@id":"https:\/\/www.jootjeshaakcadeautjes.nl\/de\/produkt\/armband-ausloesbar-rosa-gold\/#primaryimage","url":"https:\/\/d1dyryakdmle7o.cloudfront.net\/wp-content\/uploads\/2023\/12\/Untitled-2.jpg","contentUrl":"https:\/\/d1dyryakdmle7o.cloudfront.net\/wp-content\/uploads\/2023\/12\/Untitled-2.jpg","width":2048,"height":2048,"caption":"Armband mit Gewinde Geschenk Kupfer personalisiert Muttertag Oma Mutter Freund Kollege Geschenk Silikonperlen"},{"@type":"BreadcrumbList","@id":"https:\/\/www.jootjeshaakcadeautjes.nl\/de\/produkt\/armband-ausloesbar-rosa-gold\/#breadcrumb","itemListElement":[{"@type":"ListItem","position":1,"name":"Startseite","item":"https:\/\/www.jootjeshaakcadeautjes.nl\/de\/"},{"@type":"ListItem","position":2,"name":"Gro\u00dfhandel mit Silikonperlen &#8211; Business und Consumer","item":"https:\/\/www.jootjeshaakcadeautjes.nl\/de\/shop\/"},{"@type":"ListItem","position":3,"name":"Armband &#8211; Reihbar 3 MM &#8211; Edelstahl &#8211; Kupfer \/ Rose Gold"}]},{"@type":"WebSite","@id":"https:\/\/www.jootjeshaakcadeautjes.nl\/de\/#website","url":"https:\/\/www.jootjeshaakcadeautjes.nl\/de\/","name":"Jootjes Haakcadeautjes","description":"Silikonperlen Gro\u00dfhandel ","publisher":{"@id":"https:\/\/www.jootjeshaakcadeautjes.nl\/de\/#organization"},"potentialAction":[{"@type":"SearchAction","target":{"@type":"EntryPoint","urlTemplate":"https:\/\/www.jootjeshaakcadeautjes.nl\/de\/?s={search_term_string}"},"query-input":{"@type":"PropertyValueSpecification","valueRequired":true,"valueName":"search_term_string"}}],"inLanguage":"de"},{"@type":"Organization","@id":"https:\/\/www.jootjeshaakcadeautjes.nl\/de\/#organization","name":"Jootjes Haakcadeautjes","url":"https:\/\/www.jootjeshaakcadeautjes.nl\/de\/","logo":{"@type":"ImageObject","inLanguage":"de","@id":"https:\/\/www.jootjeshaakcadeautjes.nl\/de\/#\/schema\/logo\/image\/","url":"https:\/\/jootjes-haakcadeautjes-media.s3.amazonaws.com\/wp-content\/uploads\/2023\/05\/Logo-rond.png","contentUrl":"https:\/\/jootjes-haakcadeautjes-media.s3.amazonaws.com\/wp-content\/uploads\/2023\/05\/Logo-rond.png","width":1222,"height":1222,"caption":"Jootjes Haakcadeautjes"},"image":{"@id":"https:\/\/www.jootjeshaakcadeautjes.nl\/de\/#\/schema\/logo\/image\/"}}]},"product_price_amount":"2.99","product_price_currency":"EUR","og_availability":"instock","product_availability":"instock","product_retailer_item_id":"RIJG-ARM-KPRG","product_condition":"new"},"_links":{"self":[{"href":"https:\/\/www.jootjeshaakcadeautjes.nl\/de\/wp-json\/wp\/v2\/product\/118527","targetHints":{"allow":["GET"]}}],"collection":[{"href":"https:\/\/www.jootjeshaakcadeautjes.nl\/de\/wp-json\/wp\/v2\/product"}],"about":[{"href":"https:\/\/www.jootjeshaakcadeautjes.nl\/de\/wp-json\/wp\/v2\/types\/product"}],"version-history":[{"count":0,"href":"https:\/\/www.jootjeshaakcadeautjes.nl\/de\/wp-json\/wp\/v2\/product\/118527\/revisions"}],"wp:featuredmedia":[{"embeddable":true,"href":"https:\/\/www.jootjeshaakcadeautjes.nl\/de\/wp-json\/wp\/v2\/media\/111005"}],"wp:attachment":[{"href":"https:\/\/www.jootjeshaakcadeautjes.nl\/de\/wp-json\/wp\/v2\/media?parent=118527"}],"wp:term":[{"taxonomy":"product_brand","embeddable":true,"href":"https:\/\/www.jootjeshaakcadeautjes.nl\/de\/wp-json\/wp\/v2\/product_brand?post=118527"},{"taxonomy":"product_cat","embeddable":true,"href":"https:\/\/www.jootjeshaakcadeautjes.nl\/de\/wp-json\/wp\/v2\/product_cat?post=118527"},{"taxonomy":"product_tag","embeddable":true,"href":"https:\/\/www.jootjeshaakcadeautjes.nl\/de\/wp-json\/wp\/v2\/product_tag?post=118527"}],"curies":[{"name":"wp","href":"https:\/\/api.w.org\/{rel}","templated":true}]}}