{"id":118548,"date":"2023-12-04T20:09:52","date_gmt":"2023-12-04T18:09:52","guid":{"rendered":"https:\/\/www.jootjeshaakcadeautjes.nl\/product\/diy-duft-anhaenger-champagner-matte\/"},"modified":"2026-01-08T17:15:13","modified_gmt":"2026-01-08T16:15:13","slug":"diy-duft-anhaenger-champagner-matte","status":"publish","type":"product","link":"https:\/\/www.jootjeshaakcadeautjes.nl\/de\/produkt\/diy-duft-anhaenger-champagner-matte\/","title":{"rendered":"DIY-Duftanh\u00e4nger &#8211; Auto &#8211; Champagner-Matte"},"content":{"rendered":"<h1>DIY-Duftanh\u00e4nger &#8211; Auto &#8211; Champagner-Matte<\/h1>\n<ul>\n<li>Farbe: Champagner matt<\/li>\n<li>Material: Glas, Buche, rostfreier Stahl, Kunststoffkappe<\/li>\n<li>Formatinhalt: 10 ml, leer geliefert<\/li>\n<li>Inkl. Kunststoffkappe (gegen Auslaufen)<\/li>\n<li>Zur Verwendung mit duftenden (\u00e4therischen) \u00d6len<\/li>\n<li>\u00d6l ohne Alkohol gegen Buchenschalenspaltung verwenden<\/li>\n<\/ul>\n","protected":false},"excerpt":{"rendered":"<ul>\n<li>Farbe: Champagner matt<\/li>\n<li>Material: Glas, Buche, rostfreier Stahl, Kunststoffkappe<\/li>\n<li>Formatinhalt: 10 ml, leer geliefert<\/li>\n<li>Inkl. Kunststoffkappe (gegen Auslaufen)<\/li>\n<li>Zur Verwendung mit duftenden (\u00e4therischen) \u00d6len<\/li>\n<li>\u00d6l ohne Alkohol gegen Buchenschalenspaltung verwenden<\/li>\n<\/ul>\n","protected":false},"featured_media":111073,"template":"","meta":[],"product_brand":[],"product_cat":[8247,8455,7184],"product_tag":[8074,8473,8472,7532,8047,8475,8456,7205,8465,8462,7196,8046,8474,8460,8458,8464,8468,8469,7199,7211],"class_list":{"0":"post-118548","1":"product","2":"type-product","3":"status-publish","4":"has-post-thumbnail","6":"product_cat-bastelmaterial-hakelzubehor","7":"product_cat-duft-anhanger-diy-perlen-duft-anhanger-auto","8":"product_cat-neue-produkte","9":"product_tag-10-de","10":"product_tag-alkohol","11":"product_tag-atherisch","12":"product_tag-auto-de","13":"product_tag-buche","14":"product_tag-champagner-matt","15":"product_tag-dekoration-de","16":"product_tag-diy-de","17":"product_tag-duftanhanger","18":"product_tag-glas-de","19":"product_tag-holz","20":"product_tag-holz-de","21":"product_tag-kappe","22":"product_tag-ml-de","23":"product_tag-ohne","24":"product_tag-ol","25":"product_tag-parfumiert","26":"product_tag-parfumiert-de","27":"product_tag-perlen","28":"product_tag-silikon","30":"first","31":"outofstock","32":"sale","33":"taxable","34":"shipping-taxable","35":"purchasable","36":"product-type-simple"},"bundled_by":[],"bundle_stock_status":"outofstock","bundle_stock_quantity":0,"bundle_virtual":false,"bundle_layout":"","bundle_add_to_cart_form_location":"","bundle_editable_in_cart":false,"bundle_sold_individually_context":"","bundle_item_grouping":"","bundle_min_size":"","bundle_max_size":"","bundle_price":[],"bundled_items":[],"bundle_sell_ids":[],"yoast_head":"<!-- This site is optimized with the Yoast SEO Premium plugin v27.6 (Yoast SEO v27.6) - https:\/\/yoast.com\/product\/yoast-seo-premium-wordpress\/ -->\n<title>DIY-Duftanh\u00e4nger - Auto - Champagner-Matte - Jootjes Haakcadeautjes<\/title>\n<meta name=\"description\" content=\"DIY-Duftanh\u00e4nger f\u00fcr die Farbe Champagne Mat im Auto. Kombinieren Sie mit Silikon und Holzperlen, um Ihren pers\u00f6nlichen Duftanh\u00e4nger zu kreieren.\" \/>\n<meta name=\"robots\" content=\"index, follow, max-snippet:-1, max-image-preview:large, max-video-preview:-1\" \/>\n<link rel=\"canonical\" href=\"https:\/\/www.jootjeshaakcadeautjes.nl\/de\/produkt\/diy-duft-anhaenger-champagner-matte\/\" \/>\n<meta property=\"og:locale\" content=\"de_DE\" \/>\n<meta property=\"og:type\" content=\"article\" \/>\n<meta property=\"og:title\" content=\"DIY-Duftanh\u00e4nger - Auto - Champagner-Matte\" \/>\n<meta property=\"og:description\" content=\"DIY-Duftanh\u00e4nger f\u00fcr die Farbe Champagne Mat im Auto. Kombinieren Sie mit Silikon und Holzperlen, um Ihren pers\u00f6nlichen Duftanh\u00e4nger zu kreieren.\" \/>\n<meta property=\"og:url\" content=\"https:\/\/www.jootjeshaakcadeautjes.nl\/de\/produkt\/diy-duft-anhaenger-champagner-matte\/\" \/>\n<meta property=\"og:site_name\" content=\"Jootjes Haakcadeautjes\" \/>\n<meta property=\"article:modified_time\" content=\"2026-01-08T16:15:13+00:00\" \/>\n<meta property=\"og:image\" content=\"https:\/\/www.jootjeshaakcadeautjes.nl\/wp-content\/uploads\/2023\/12\/20231113_113059.jpg\" \/>\n\t<meta property=\"og:image:width\" content=\"2048\" \/>\n\t<meta property=\"og:image:height\" content=\"2048\" \/>\n\t<meta property=\"og:image:type\" content=\"image\/jpeg\" \/>\n<meta name=\"twitter:card\" content=\"summary_large_image\" \/>\n<meta name=\"twitter:label1\" content=\"Preis\" \/>\n\t<meta name=\"twitter:data1\" content=\"&euro;1.75 inkl. MwSt.\" \/>\n\t<meta name=\"twitter:label2\" content=\"Verf\u00fcgbarkeit\" \/>\n\t<meta name=\"twitter:data2\" content=\"ausverkauft\" \/>\n<script type=\"application\/ld+json\" class=\"yoast-schema-graph\">{\"@context\":\"https:\\\/\\\/schema.org\",\"@graph\":[{\"@type\":\"WebPage\",\"@id\":\"https:\\\/\\\/www.jootjeshaakcadeautjes.nl\\\/de\\\/produkt\\\/diy-duft-anhaenger-champagner-matte\\\/\",\"url\":\"https:\\\/\\\/www.jootjeshaakcadeautjes.nl\\\/de\\\/produkt\\\/diy-duft-anhaenger-champagner-matte\\\/\",\"name\":\"DIY-Duftanh\u00e4nger - Auto - Champagner-Matte - Jootjes Haakcadeautjes\",\"isPartOf\":{\"@id\":\"https:\\\/\\\/www.jootjeshaakcadeautjes.nl\\\/de\\\/#website\"},\"primaryImageOfPage\":{\"@id\":\"https:\\\/\\\/www.jootjeshaakcadeautjes.nl\\\/de\\\/produkt\\\/diy-duft-anhaenger-champagner-matte\\\/#primaryimage\"},\"image\":{\"@id\":\"https:\\\/\\\/www.jootjeshaakcadeautjes.nl\\\/de\\\/produkt\\\/diy-duft-anhaenger-champagner-matte\\\/#primaryimage\"},\"thumbnailUrl\":\"https:\\\/\\\/d1dyryakdmle7o.cloudfront.net\\\/wp-content\\\/uploads\\\/2023\\\/12\\\/20231113_113059.jpg\",\"datePublished\":\"2023-12-04T18:09:52+00:00\",\"dateModified\":\"2026-01-08T16:15:13+00:00\",\"description\":\"DIY-Duftanh\u00e4nger f\u00fcr die Farbe Champagne Mat im Auto. Kombinieren Sie mit Silikon und Holzperlen, um Ihren pers\u00f6nlichen Duftanh\u00e4nger zu kreieren.\",\"breadcrumb\":{\"@id\":\"https:\\\/\\\/www.jootjeshaakcadeautjes.nl\\\/de\\\/produkt\\\/diy-duft-anhaenger-champagner-matte\\\/#breadcrumb\"},\"inLanguage\":\"de\",\"potentialAction\":[{\"@type\":\"ReadAction\",\"target\":[\"https:\\\/\\\/www.jootjeshaakcadeautjes.nl\\\/de\\\/produkt\\\/diy-duft-anhaenger-champagner-matte\\\/\"]}]},{\"@type\":\"ImageObject\",\"inLanguage\":\"de\",\"@id\":\"https:\\\/\\\/www.jootjeshaakcadeautjes.nl\\\/de\\\/produkt\\\/diy-duft-anhaenger-champagner-matte\\\/#primaryimage\",\"url\":\"https:\\\/\\\/d1dyryakdmle7o.cloudfront.net\\\/wp-content\\\/uploads\\\/2023\\\/12\\\/20231113_113059.jpg\",\"contentUrl\":\"https:\\\/\\\/d1dyryakdmle7o.cloudfront.net\\\/wp-content\\\/uploads\\\/2023\\\/12\\\/20231113_113059.jpg\",\"width\":2048,\"height\":2048},{\"@type\":\"BreadcrumbList\",\"@id\":\"https:\\\/\\\/www.jootjeshaakcadeautjes.nl\\\/de\\\/produkt\\\/diy-duft-anhaenger-champagner-matte\\\/#breadcrumb\",\"itemListElement\":[{\"@type\":\"ListItem\",\"position\":1,\"name\":\"Startseite\",\"item\":\"https:\\\/\\\/www.jootjeshaakcadeautjes.nl\\\/de\\\/\"},{\"@type\":\"ListItem\",\"position\":2,\"name\":\"Gro\u00dfhandel mit Silikonperlen &#8211; Business und Consumer\",\"item\":\"https:\\\/\\\/www.jootjeshaakcadeautjes.nl\\\/de\\\/shop\\\/\"},{\"@type\":\"ListItem\",\"position\":3,\"name\":\"DIY-Duftanh\u00e4nger &#8211; Auto &#8211; Champagner-Matte\"}]},{\"@type\":\"WebSite\",\"@id\":\"https:\\\/\\\/www.jootjeshaakcadeautjes.nl\\\/de\\\/#website\",\"url\":\"https:\\\/\\\/www.jootjeshaakcadeautjes.nl\\\/de\\\/\",\"name\":\"Jootjes Haakcadeautjes\",\"description\":\"Silikonperlen Gro\u00dfhandel \",\"publisher\":{\"@id\":\"https:\\\/\\\/www.jootjeshaakcadeautjes.nl\\\/de\\\/#organization\"},\"potentialAction\":[{\"@type\":\"SearchAction\",\"target\":{\"@type\":\"EntryPoint\",\"urlTemplate\":\"https:\\\/\\\/www.jootjeshaakcadeautjes.nl\\\/de\\\/?s={search_term_string}\"},\"query-input\":{\"@type\":\"PropertyValueSpecification\",\"valueRequired\":true,\"valueName\":\"search_term_string\"}}],\"inLanguage\":\"de\"},{\"@type\":\"Organization\",\"@id\":\"https:\\\/\\\/www.jootjeshaakcadeautjes.nl\\\/de\\\/#organization\",\"name\":\"Jootjes Haakcadeautjes\",\"url\":\"https:\\\/\\\/www.jootjeshaakcadeautjes.nl\\\/de\\\/\",\"logo\":{\"@type\":\"ImageObject\",\"inLanguage\":\"de\",\"@id\":\"https:\\\/\\\/www.jootjeshaakcadeautjes.nl\\\/de\\\/#\\\/schema\\\/logo\\\/image\\\/\",\"url\":\"https:\\\/\\\/d1dyryakdmle7o.cloudfront.net\\\/wp-content\\\/uploads\\\/2023\\\/05\\\/Logo-rond.png\",\"contentUrl\":\"https:\\\/\\\/d1dyryakdmle7o.cloudfront.net\\\/wp-content\\\/uploads\\\/2023\\\/05\\\/Logo-rond.png\",\"width\":1222,\"height\":1222,\"caption\":\"Jootjes Haakcadeautjes\"},\"image\":{\"@id\":\"https:\\\/\\\/www.jootjeshaakcadeautjes.nl\\\/de\\\/#\\\/schema\\\/logo\\\/image\\\/\"}}]}<\/script>\n<meta property=\"product:price:amount\" content=\"1.75\" \/>\n<meta property=\"product:price:currency\" content=\"EUR\" \/>\n<meta property=\"og:availability\" content=\"out of stock\" \/>\n<meta property=\"product:availability\" content=\"out of stock\" \/>\n<meta property=\"product:retailer_item_id\" content=\"GEU-HAN-CHM\" \/>\n<meta property=\"product:condition\" content=\"new\" \/>\n<!-- \/ Yoast SEO Premium plugin. -->","yoast_head_json":{"title":"DIY-Duftanh\u00e4nger - Auto - Champagner-Matte - Jootjes Haakcadeautjes","description":"DIY-Duftanh\u00e4nger f\u00fcr die Farbe Champagne Mat im Auto. Kombinieren Sie mit Silikon und Holzperlen, um Ihren pers\u00f6nlichen Duftanh\u00e4nger zu kreieren.","robots":{"index":"index","follow":"follow","max-snippet":"max-snippet:-1","max-image-preview":"max-image-preview:large","max-video-preview":"max-video-preview:-1"},"canonical":"https:\/\/www.jootjeshaakcadeautjes.nl\/de\/produkt\/diy-duft-anhaenger-champagner-matte\/","og_locale":"de_DE","og_type":"article","og_title":"DIY-Duftanh\u00e4nger - Auto - Champagner-Matte","og_description":"DIY-Duftanh\u00e4nger f\u00fcr die Farbe Champagne Mat im Auto. Kombinieren Sie mit Silikon und Holzperlen, um Ihren pers\u00f6nlichen Duftanh\u00e4nger zu kreieren.","og_url":"https:\/\/www.jootjeshaakcadeautjes.nl\/de\/produkt\/diy-duft-anhaenger-champagner-matte\/","og_site_name":"Jootjes Haakcadeautjes","article_modified_time":"2026-01-08T16:15:13+00:00","og_image":[{"width":2048,"height":2048,"url":"https:\/\/www.jootjeshaakcadeautjes.nl\/wp-content\/uploads\/2023\/12\/20231113_113059.jpg","type":"image\/jpeg"}],"twitter_card":"summary_large_image","twitter_misc":{"Preis":"&euro;1.75 inkl. MwSt.","Verf\u00fcgbarkeit":"ausverkauft"},"schema":{"@context":"https:\/\/schema.org","@graph":[{"@type":"WebPage","@id":"https:\/\/www.jootjeshaakcadeautjes.nl\/de\/produkt\/diy-duft-anhaenger-champagner-matte\/","url":"https:\/\/www.jootjeshaakcadeautjes.nl\/de\/produkt\/diy-duft-anhaenger-champagner-matte\/","name":"DIY-Duftanh\u00e4nger - Auto - Champagner-Matte - Jootjes Haakcadeautjes","isPartOf":{"@id":"https:\/\/www.jootjeshaakcadeautjes.nl\/de\/#website"},"primaryImageOfPage":{"@id":"https:\/\/www.jootjeshaakcadeautjes.nl\/de\/produkt\/diy-duft-anhaenger-champagner-matte\/#primaryimage"},"image":{"@id":"https:\/\/www.jootjeshaakcadeautjes.nl\/de\/produkt\/diy-duft-anhaenger-champagner-matte\/#primaryimage"},"thumbnailUrl":"https:\/\/d1dyryakdmle7o.cloudfront.net\/wp-content\/uploads\/2023\/12\/20231113_113059.jpg","datePublished":"2023-12-04T18:09:52+00:00","dateModified":"2026-01-08T16:15:13+00:00","description":"DIY-Duftanh\u00e4nger f\u00fcr die Farbe Champagne Mat im Auto. Kombinieren Sie mit Silikon und Holzperlen, um Ihren pers\u00f6nlichen Duftanh\u00e4nger zu kreieren.","breadcrumb":{"@id":"https:\/\/www.jootjeshaakcadeautjes.nl\/de\/produkt\/diy-duft-anhaenger-champagner-matte\/#breadcrumb"},"inLanguage":"de","potentialAction":[{"@type":"ReadAction","target":["https:\/\/www.jootjeshaakcadeautjes.nl\/de\/produkt\/diy-duft-anhaenger-champagner-matte\/"]}]},{"@type":"ImageObject","inLanguage":"de","@id":"https:\/\/www.jootjeshaakcadeautjes.nl\/de\/produkt\/diy-duft-anhaenger-champagner-matte\/#primaryimage","url":"https:\/\/d1dyryakdmle7o.cloudfront.net\/wp-content\/uploads\/2023\/12\/20231113_113059.jpg","contentUrl":"https:\/\/d1dyryakdmle7o.cloudfront.net\/wp-content\/uploads\/2023\/12\/20231113_113059.jpg","width":2048,"height":2048},{"@type":"BreadcrumbList","@id":"https:\/\/www.jootjeshaakcadeautjes.nl\/de\/produkt\/diy-duft-anhaenger-champagner-matte\/#breadcrumb","itemListElement":[{"@type":"ListItem","position":1,"name":"Startseite","item":"https:\/\/www.jootjeshaakcadeautjes.nl\/de\/"},{"@type":"ListItem","position":2,"name":"Gro\u00dfhandel mit Silikonperlen &#8211; Business und Consumer","item":"https:\/\/www.jootjeshaakcadeautjes.nl\/de\/shop\/"},{"@type":"ListItem","position":3,"name":"DIY-Duftanh\u00e4nger &#8211; Auto &#8211; Champagner-Matte"}]},{"@type":"WebSite","@id":"https:\/\/www.jootjeshaakcadeautjes.nl\/de\/#website","url":"https:\/\/www.jootjeshaakcadeautjes.nl\/de\/","name":"Jootjes Haakcadeautjes","description":"Silikonperlen Gro\u00dfhandel ","publisher":{"@id":"https:\/\/www.jootjeshaakcadeautjes.nl\/de\/#organization"},"potentialAction":[{"@type":"SearchAction","target":{"@type":"EntryPoint","urlTemplate":"https:\/\/www.jootjeshaakcadeautjes.nl\/de\/?s={search_term_string}"},"query-input":{"@type":"PropertyValueSpecification","valueRequired":true,"valueName":"search_term_string"}}],"inLanguage":"de"},{"@type":"Organization","@id":"https:\/\/www.jootjeshaakcadeautjes.nl\/de\/#organization","name":"Jootjes Haakcadeautjes","url":"https:\/\/www.jootjeshaakcadeautjes.nl\/de\/","logo":{"@type":"ImageObject","inLanguage":"de","@id":"https:\/\/www.jootjeshaakcadeautjes.nl\/de\/#\/schema\/logo\/image\/","url":"https:\/\/d1dyryakdmle7o.cloudfront.net\/wp-content\/uploads\/2023\/05\/Logo-rond.png","contentUrl":"https:\/\/d1dyryakdmle7o.cloudfront.net\/wp-content\/uploads\/2023\/05\/Logo-rond.png","width":1222,"height":1222,"caption":"Jootjes Haakcadeautjes"},"image":{"@id":"https:\/\/www.jootjeshaakcadeautjes.nl\/de\/#\/schema\/logo\/image\/"}}]},"product_price_amount":"1.75","product_price_currency":"EUR","og_availability":"out of stock","product_availability":"out of stock","product_retailer_item_id":"GEU-HAN-CHM","product_condition":"new"},"_links":{"self":[{"href":"https:\/\/www.jootjeshaakcadeautjes.nl\/de\/wp-json\/wp\/v2\/product\/118548","targetHints":{"allow":["GET"]}}],"collection":[{"href":"https:\/\/www.jootjeshaakcadeautjes.nl\/de\/wp-json\/wp\/v2\/product"}],"about":[{"href":"https:\/\/www.jootjeshaakcadeautjes.nl\/de\/wp-json\/wp\/v2\/types\/product"}],"version-history":[{"count":0,"href":"https:\/\/www.jootjeshaakcadeautjes.nl\/de\/wp-json\/wp\/v2\/product\/118548\/revisions"}],"wp:featuredmedia":[{"embeddable":true,"href":"https:\/\/www.jootjeshaakcadeautjes.nl\/de\/wp-json\/wp\/v2\/media\/111073"}],"wp:attachment":[{"href":"https:\/\/www.jootjeshaakcadeautjes.nl\/de\/wp-json\/wp\/v2\/media?parent=118548"}],"wp:term":[{"taxonomy":"product_brand","embeddable":true,"href":"https:\/\/www.jootjeshaakcadeautjes.nl\/de\/wp-json\/wp\/v2\/product_brand?post=118548"},{"taxonomy":"product_cat","embeddable":true,"href":"https:\/\/www.jootjeshaakcadeautjes.nl\/de\/wp-json\/wp\/v2\/product_cat?post=118548"},{"taxonomy":"product_tag","embeddable":true,"href":"https:\/\/www.jootjeshaakcadeautjes.nl\/de\/wp-json\/wp\/v2\/product_tag?post=118548"}],"curies":[{"name":"wp","href":"https:\/\/api.w.org\/{rel}","templated":true}]}}