{"id":118898,"date":"2023-11-03T21:04:21","date_gmt":"2023-11-03T20:04:21","guid":{"rendered":"https:\/\/www.jootjeshaakcadeautjes.nl\/product\/silikon-perlen-froehliche-weihnachten-sekt\/"},"modified":"2025-08-15T16:42:02","modified_gmt":"2025-08-15T14:42:02","slug":"silikon-perlen-froehliche-weihnachten-sekt","status":"publish","type":"product","link":"https:\/\/www.jootjeshaakcadeautjes.nl\/de\/produkt\/silikon-perlen-froehliche-weihnachten-sekt\/","title":{"rendered":"Silikonperle &#8211; Graviert &#8211; Frohe Weihnachten &#8211; Champagner Nugget"},"content":{"rendered":"<h1>Silikonperle &#8211; Graviert &#8211; <span class=\"TextRun Highlight SCXW74440067 BCX9\" lang=\"EN-US\" data-contrast=\"auto\"><br \/>\n  <span class=\"NormalTextRun SCXW74440067 BCX9\">Fr\u00f6hliche Weihnachten Champagner Nugget<\/span><br \/>\n<\/span> &#8211; 20 mm<\/h1>\n<ul>\n<li>Spezial-Silikonperlen nach Ma\u00df &#8211; 20 mm &#8211; Champagne Nugget<\/li>\n<li>Diese Perlen werden mit einer speziellen, einzigartigen Fertigungstechnik hergestellt!<\/li>\n<li>Farbe Champagner Nugget<\/li>\n<li>Graviert mit dem Text Frohe Weihnachten!<\/li>\n<li>Bohrung von oben nach unten<\/li>\n<li>Hochwertiges, babysicheres Silikon<\/li>\n<li>Unbedenklich nach EN-71 chemischen Tests!<\/li>\n<\/ul>\n<p>Perfekt f\u00fcr die Verwendung auf unseren Weinkorken, Schl\u00fcsselanh\u00e4ngern, Flaschen\u00f6ffnern, Kleiderb\u00fcgeln und mehr.<\/p>\n","protected":false},"excerpt":{"rendered":"<ul>\n<li>Speziell angefertigte Silikonperlen &#8211; 20 mm -. <span class=\"TextRun Highlight SCXW74440067 BCX9\" lang=\"EN-US\" data-contrast=\"auto\"><br \/>\n  <span class=\"NormalTextRun SCXW74440067 BCX9\">Frohe Weihnachten Champagner Nugget<\/span><br \/>\n<\/span><\/li>\n<li>Diese Perlen werden mit einer speziellen, einzigartigen Fertigungstechnik hergestellt!<\/li>\n<li>Farbe Champagner Nugget<\/li>\n<li>Graviert mit dem Text Merry Christmass!<\/li>\n<li>Bohrung von oben nach unten<\/li>\n<li>Hochwertiges, babysicheres Silikon<\/li>\n<li>Unbedenklich nach EN-71 chemischen Tests!<\/li>\n<\/ul>\n<p>Perfekt f\u00fcr die Verwendung auf unseren Weinkorken, Schl\u00fcsselanh\u00e4ngern, Flaschen\u00f6ffnern, Kleiderb\u00fcgeln und mehr.<\/p>\n","protected":false},"featured_media":103952,"template":"","meta":[],"product_brand":[],"product_cat":[16044,6995,17987,18014,7983,14591],"product_tag":[7226,8039,8139,8643,8412,8041,8036,7400,8042,8032,8029,7935,7551,8034,7919,8345,8027,7199,7223,8038,7444,7211,7930,8040,8028],"class_list":{"0":"post-118898","1":"product","2":"type-product","3":"status-publish","4":"has-post-thumbnail","6":"product_cat-gravierte-silikonperlen-fur-schnullerschnur-und-beisring","7":"product_cat-lasergravieren-alle-produkte","8":"product_cat-siliconen-kralen-kerstmis-de","9":"product_cat-siliconen-kralen-kerst-de","10":"product_cat-silikonperlen-exklusiv-bei-jootjes","11":"product_cat-silikonperlen-mehrfarbig-mit-text","12":"product_tag-aufreihbar","13":"product_tag-benutzerdefinierte","14":"product_tag-champagner","15":"product_tag-champagner-nugget","16":"product_tag-der-weihnachtsmann","17":"product_tag-eigene","18":"product_tag-eingraviert-de","19":"product_tag-eingraviert","20":"product_tag-entwurf","21":"product_tag-ferien","22":"product_tag-flasche","23":"product_tag-flaschenoffner","24":"product_tag-frohe-weihnachten","25":"product_tag-gelasert","26":"product_tag-grose","27":"product_tag-notizbuch","28":"product_tag-nugget-de","29":"product_tag-perlen","30":"product_tag-personalisierte","31":"product_tag-prasentiert","32":"product_tag-schlusselanhanger","33":"product_tag-silikon","34":"product_tag-weinkorken","35":"product_tag-wunsch","36":"product_tag-zu","38":"first","39":"instock","40":"taxable","41":"shipping-taxable","42":"purchasable","43":"product-type-simple"},"bundled_by":[],"bundle_stock_status":"instock","bundle_stock_quantity":44,"bundle_virtual":false,"bundle_layout":"","bundle_add_to_cart_form_location":"","bundle_editable_in_cart":false,"bundle_sold_individually_context":"","bundle_item_grouping":"","bundle_min_size":"","bundle_max_size":"","bundle_price":[],"bundled_items":[],"bundle_sell_ids":[],"yoast_head":"<!-- This site is optimized with the Yoast SEO Premium plugin v27.6 (Yoast SEO v27.6) - https:\/\/yoast.com\/product\/yoast-seo-premium-wordpress\/ -->\n<title>Silikonperle - Gravur - Frohe Weihnachten Champagner<\/title>\n<meta name=\"description\" content=\"Gravierte Silikonperlen Merry Christmas Champagne Nugget mit 20 mm Durchmesser. Perfekt f\u00fcr einen Perlenstift, einen Weinstopper oder ein Notizbuch.\" \/>\n<meta name=\"robots\" content=\"index, follow, max-snippet:-1, max-image-preview:large, max-video-preview:-1\" \/>\n<link rel=\"canonical\" href=\"https:\/\/www.jootjeshaakcadeautjes.nl\/de\/produkt\/silikon-perlen-froehliche-weihnachten-sekt\/\" \/>\n<meta property=\"og:locale\" content=\"de_DE\" \/>\n<meta property=\"og:type\" content=\"article\" \/>\n<meta property=\"og:title\" content=\"Silikonperle - Graviert - Frohe Weihnachten - Champagner Nugget\" \/>\n<meta property=\"og:description\" content=\"Gravierte Silikonperlen Merry Christmas Champagne Nugget mit 20 mm Durchmesser. Perfekt f\u00fcr einen Perlenstift, einen Weinstopper oder ein Notizbuch.\" \/>\n<meta property=\"og:url\" content=\"https:\/\/www.jootjeshaakcadeautjes.nl\/de\/produkt\/silikon-perlen-froehliche-weihnachten-sekt\/\" \/>\n<meta property=\"og:site_name\" content=\"Jootjes Haakcadeautjes\" \/>\n<meta property=\"article:modified_time\" content=\"2025-08-15T14:42:02+00:00\" \/>\n<meta property=\"og:image\" content=\"https:\/\/www.jootjeshaakcadeautjes.nl\/wp-content\/uploads\/2023\/11\/20231103_004459.jpg\" \/>\n\t<meta property=\"og:image:width\" content=\"2048\" \/>\n\t<meta property=\"og:image:height\" content=\"2048\" \/>\n\t<meta property=\"og:image:type\" content=\"image\/jpeg\" \/>\n<meta name=\"twitter:card\" content=\"summary_large_image\" \/>\n<meta name=\"twitter:label1\" content=\"Preis\" \/>\n\t<meta name=\"twitter:data1\" content=\"&euro;1.25 inkl. MwSt.\" \/>\n\t<meta name=\"twitter:label2\" content=\"Verf\u00fcgbarkeit\" \/>\n\t<meta name=\"twitter:data2\" content=\"Auf Lager\" \/>\n<script type=\"application\/ld+json\" class=\"yoast-schema-graph\">{\"@context\":\"https:\\\/\\\/schema.org\",\"@graph\":[{\"@type\":\"WebPage\",\"@id\":\"https:\\\/\\\/www.jootjeshaakcadeautjes.nl\\\/de\\\/produkt\\\/silikon-perlen-froehliche-weihnachten-sekt\\\/\",\"url\":\"https:\\\/\\\/www.jootjeshaakcadeautjes.nl\\\/de\\\/produkt\\\/silikon-perlen-froehliche-weihnachten-sekt\\\/\",\"name\":\"Silikonperle - Gravur - Frohe Weihnachten Champagner\",\"isPartOf\":{\"@id\":\"https:\\\/\\\/www.jootjeshaakcadeautjes.nl\\\/de\\\/#website\"},\"primaryImageOfPage\":{\"@id\":\"https:\\\/\\\/www.jootjeshaakcadeautjes.nl\\\/de\\\/produkt\\\/silikon-perlen-froehliche-weihnachten-sekt\\\/#primaryimage\"},\"image\":{\"@id\":\"https:\\\/\\\/www.jootjeshaakcadeautjes.nl\\\/de\\\/produkt\\\/silikon-perlen-froehliche-weihnachten-sekt\\\/#primaryimage\"},\"thumbnailUrl\":\"https:\\\/\\\/d1dyryakdmle7o.cloudfront.net\\\/wp-content\\\/uploads\\\/2023\\\/11\\\/20231103_004459.jpg\",\"datePublished\":\"2023-11-03T20:04:21+00:00\",\"dateModified\":\"2025-08-15T14:42:02+00:00\",\"description\":\"Gravierte Silikonperlen Merry Christmas Champagne Nugget mit 20 mm Durchmesser. Perfekt f\u00fcr einen Perlenstift, einen Weinstopper oder ein Notizbuch.\",\"breadcrumb\":{\"@id\":\"https:\\\/\\\/www.jootjeshaakcadeautjes.nl\\\/de\\\/produkt\\\/silikon-perlen-froehliche-weihnachten-sekt\\\/#breadcrumb\"},\"inLanguage\":\"de\",\"potentialAction\":[{\"@type\":\"ReadAction\",\"target\":[\"https:\\\/\\\/www.jootjeshaakcadeautjes.nl\\\/de\\\/produkt\\\/silikon-perlen-froehliche-weihnachten-sekt\\\/\"]}]},{\"@type\":\"ImageObject\",\"inLanguage\":\"de\",\"@id\":\"https:\\\/\\\/www.jootjeshaakcadeautjes.nl\\\/de\\\/produkt\\\/silikon-perlen-froehliche-weihnachten-sekt\\\/#primaryimage\",\"url\":\"https:\\\/\\\/d1dyryakdmle7o.cloudfront.net\\\/wp-content\\\/uploads\\\/2023\\\/11\\\/20231103_004459.jpg\",\"contentUrl\":\"https:\\\/\\\/d1dyryakdmle7o.cloudfront.net\\\/wp-content\\\/uploads\\\/2023\\\/11\\\/20231103_004459.jpg\",\"width\":2048,\"height\":2048},{\"@type\":\"BreadcrumbList\",\"@id\":\"https:\\\/\\\/www.jootjeshaakcadeautjes.nl\\\/de\\\/produkt\\\/silikon-perlen-froehliche-weihnachten-sekt\\\/#breadcrumb\",\"itemListElement\":[{\"@type\":\"ListItem\",\"position\":1,\"name\":\"Startseite\",\"item\":\"https:\\\/\\\/www.jootjeshaakcadeautjes.nl\\\/de\\\/\"},{\"@type\":\"ListItem\",\"position\":2,\"name\":\"Gro\u00dfhandel mit Silikonperlen &#8211; Business und Consumer\",\"item\":\"https:\\\/\\\/www.jootjeshaakcadeautjes.nl\\\/de\\\/shop\\\/\"},{\"@type\":\"ListItem\",\"position\":3,\"name\":\"Silikonperle &#8211; Graviert &#8211; Frohe Weihnachten &#8211; Champagner Nugget\"}]},{\"@type\":\"WebSite\",\"@id\":\"https:\\\/\\\/www.jootjeshaakcadeautjes.nl\\\/de\\\/#website\",\"url\":\"https:\\\/\\\/www.jootjeshaakcadeautjes.nl\\\/de\\\/\",\"name\":\"Jootjes Haakcadeautjes\",\"description\":\"Silikonperlen Gro\u00dfhandel \",\"publisher\":{\"@id\":\"https:\\\/\\\/www.jootjeshaakcadeautjes.nl\\\/de\\\/#organization\"},\"potentialAction\":[{\"@type\":\"SearchAction\",\"target\":{\"@type\":\"EntryPoint\",\"urlTemplate\":\"https:\\\/\\\/www.jootjeshaakcadeautjes.nl\\\/de\\\/?s={search_term_string}\"},\"query-input\":{\"@type\":\"PropertyValueSpecification\",\"valueRequired\":true,\"valueName\":\"search_term_string\"}}],\"inLanguage\":\"de\"},{\"@type\":\"Organization\",\"@id\":\"https:\\\/\\\/www.jootjeshaakcadeautjes.nl\\\/de\\\/#organization\",\"name\":\"Jootjes Haakcadeautjes\",\"url\":\"https:\\\/\\\/www.jootjeshaakcadeautjes.nl\\\/de\\\/\",\"logo\":{\"@type\":\"ImageObject\",\"inLanguage\":\"de\",\"@id\":\"https:\\\/\\\/www.jootjeshaakcadeautjes.nl\\\/de\\\/#\\\/schema\\\/logo\\\/image\\\/\",\"url\":\"https:\\\/\\\/d1dyryakdmle7o.cloudfront.net\\\/wp-content\\\/uploads\\\/2023\\\/05\\\/Logo-rond.png\",\"contentUrl\":\"https:\\\/\\\/d1dyryakdmle7o.cloudfront.net\\\/wp-content\\\/uploads\\\/2023\\\/05\\\/Logo-rond.png\",\"width\":1222,\"height\":1222,\"caption\":\"Jootjes Haakcadeautjes\"},\"image\":{\"@id\":\"https:\\\/\\\/www.jootjeshaakcadeautjes.nl\\\/de\\\/#\\\/schema\\\/logo\\\/image\\\/\"}}]}<\/script>\n<meta property=\"product:price:amount\" content=\"1.25\" \/>\n<meta property=\"product:price:currency\" content=\"EUR\" \/>\n<meta property=\"og:availability\" content=\"instock\" \/>\n<meta property=\"product:availability\" content=\"instock\" \/>\n<meta property=\"product:retailer_item_id\" content=\"GKRS-020-MC-CHM\" \/>\n<meta property=\"product:condition\" content=\"new\" \/>\n<!-- \/ Yoast SEO Premium plugin. -->","yoast_head_json":{"title":"Silikonperle - Gravur - Frohe Weihnachten Champagner","description":"Gravierte Silikonperlen Merry Christmas Champagne Nugget mit 20 mm Durchmesser. Perfekt f\u00fcr einen Perlenstift, einen Weinstopper oder ein Notizbuch.","robots":{"index":"index","follow":"follow","max-snippet":"max-snippet:-1","max-image-preview":"max-image-preview:large","max-video-preview":"max-video-preview:-1"},"canonical":"https:\/\/www.jootjeshaakcadeautjes.nl\/de\/produkt\/silikon-perlen-froehliche-weihnachten-sekt\/","og_locale":"de_DE","og_type":"article","og_title":"Silikonperle - Graviert - Frohe Weihnachten - Champagner Nugget","og_description":"Gravierte Silikonperlen Merry Christmas Champagne Nugget mit 20 mm Durchmesser. Perfekt f\u00fcr einen Perlenstift, einen Weinstopper oder ein Notizbuch.","og_url":"https:\/\/www.jootjeshaakcadeautjes.nl\/de\/produkt\/silikon-perlen-froehliche-weihnachten-sekt\/","og_site_name":"Jootjes Haakcadeautjes","article_modified_time":"2025-08-15T14:42:02+00:00","og_image":[{"width":2048,"height":2048,"url":"https:\/\/www.jootjeshaakcadeautjes.nl\/wp-content\/uploads\/2023\/11\/20231103_004459.jpg","type":"image\/jpeg"}],"twitter_card":"summary_large_image","twitter_misc":{"Preis":"&euro;1.25 inkl. MwSt.","Verf\u00fcgbarkeit":"Auf Lager"},"schema":{"@context":"https:\/\/schema.org","@graph":[{"@type":"WebPage","@id":"https:\/\/www.jootjeshaakcadeautjes.nl\/de\/produkt\/silikon-perlen-froehliche-weihnachten-sekt\/","url":"https:\/\/www.jootjeshaakcadeautjes.nl\/de\/produkt\/silikon-perlen-froehliche-weihnachten-sekt\/","name":"Silikonperle - Gravur - Frohe Weihnachten Champagner","isPartOf":{"@id":"https:\/\/www.jootjeshaakcadeautjes.nl\/de\/#website"},"primaryImageOfPage":{"@id":"https:\/\/www.jootjeshaakcadeautjes.nl\/de\/produkt\/silikon-perlen-froehliche-weihnachten-sekt\/#primaryimage"},"image":{"@id":"https:\/\/www.jootjeshaakcadeautjes.nl\/de\/produkt\/silikon-perlen-froehliche-weihnachten-sekt\/#primaryimage"},"thumbnailUrl":"https:\/\/d1dyryakdmle7o.cloudfront.net\/wp-content\/uploads\/2023\/11\/20231103_004459.jpg","datePublished":"2023-11-03T20:04:21+00:00","dateModified":"2025-08-15T14:42:02+00:00","description":"Gravierte Silikonperlen Merry Christmas Champagne Nugget mit 20 mm Durchmesser. Perfekt f\u00fcr einen Perlenstift, einen Weinstopper oder ein Notizbuch.","breadcrumb":{"@id":"https:\/\/www.jootjeshaakcadeautjes.nl\/de\/produkt\/silikon-perlen-froehliche-weihnachten-sekt\/#breadcrumb"},"inLanguage":"de","potentialAction":[{"@type":"ReadAction","target":["https:\/\/www.jootjeshaakcadeautjes.nl\/de\/produkt\/silikon-perlen-froehliche-weihnachten-sekt\/"]}]},{"@type":"ImageObject","inLanguage":"de","@id":"https:\/\/www.jootjeshaakcadeautjes.nl\/de\/produkt\/silikon-perlen-froehliche-weihnachten-sekt\/#primaryimage","url":"https:\/\/d1dyryakdmle7o.cloudfront.net\/wp-content\/uploads\/2023\/11\/20231103_004459.jpg","contentUrl":"https:\/\/d1dyryakdmle7o.cloudfront.net\/wp-content\/uploads\/2023\/11\/20231103_004459.jpg","width":2048,"height":2048},{"@type":"BreadcrumbList","@id":"https:\/\/www.jootjeshaakcadeautjes.nl\/de\/produkt\/silikon-perlen-froehliche-weihnachten-sekt\/#breadcrumb","itemListElement":[{"@type":"ListItem","position":1,"name":"Startseite","item":"https:\/\/www.jootjeshaakcadeautjes.nl\/de\/"},{"@type":"ListItem","position":2,"name":"Gro\u00dfhandel mit Silikonperlen &#8211; Business und Consumer","item":"https:\/\/www.jootjeshaakcadeautjes.nl\/de\/shop\/"},{"@type":"ListItem","position":3,"name":"Silikonperle &#8211; Graviert &#8211; Frohe Weihnachten &#8211; Champagner Nugget"}]},{"@type":"WebSite","@id":"https:\/\/www.jootjeshaakcadeautjes.nl\/de\/#website","url":"https:\/\/www.jootjeshaakcadeautjes.nl\/de\/","name":"Jootjes Haakcadeautjes","description":"Silikonperlen Gro\u00dfhandel ","publisher":{"@id":"https:\/\/www.jootjeshaakcadeautjes.nl\/de\/#organization"},"potentialAction":[{"@type":"SearchAction","target":{"@type":"EntryPoint","urlTemplate":"https:\/\/www.jootjeshaakcadeautjes.nl\/de\/?s={search_term_string}"},"query-input":{"@type":"PropertyValueSpecification","valueRequired":true,"valueName":"search_term_string"}}],"inLanguage":"de"},{"@type":"Organization","@id":"https:\/\/www.jootjeshaakcadeautjes.nl\/de\/#organization","name":"Jootjes Haakcadeautjes","url":"https:\/\/www.jootjeshaakcadeautjes.nl\/de\/","logo":{"@type":"ImageObject","inLanguage":"de","@id":"https:\/\/www.jootjeshaakcadeautjes.nl\/de\/#\/schema\/logo\/image\/","url":"https:\/\/d1dyryakdmle7o.cloudfront.net\/wp-content\/uploads\/2023\/05\/Logo-rond.png","contentUrl":"https:\/\/d1dyryakdmle7o.cloudfront.net\/wp-content\/uploads\/2023\/05\/Logo-rond.png","width":1222,"height":1222,"caption":"Jootjes Haakcadeautjes"},"image":{"@id":"https:\/\/www.jootjeshaakcadeautjes.nl\/de\/#\/schema\/logo\/image\/"}}]},"product_price_amount":"1.25","product_price_currency":"EUR","og_availability":"instock","product_availability":"instock","product_retailer_item_id":"GKRS-020-MC-CHM","product_condition":"new"},"_links":{"self":[{"href":"https:\/\/www.jootjeshaakcadeautjes.nl\/de\/wp-json\/wp\/v2\/product\/118898","targetHints":{"allow":["GET"]}}],"collection":[{"href":"https:\/\/www.jootjeshaakcadeautjes.nl\/de\/wp-json\/wp\/v2\/product"}],"about":[{"href":"https:\/\/www.jootjeshaakcadeautjes.nl\/de\/wp-json\/wp\/v2\/types\/product"}],"version-history":[{"count":0,"href":"https:\/\/www.jootjeshaakcadeautjes.nl\/de\/wp-json\/wp\/v2\/product\/118898\/revisions"}],"wp:featuredmedia":[{"embeddable":true,"href":"https:\/\/www.jootjeshaakcadeautjes.nl\/de\/wp-json\/wp\/v2\/media\/103952"}],"wp:attachment":[{"href":"https:\/\/www.jootjeshaakcadeautjes.nl\/de\/wp-json\/wp\/v2\/media?parent=118898"}],"wp:term":[{"taxonomy":"product_brand","embeddable":true,"href":"https:\/\/www.jootjeshaakcadeautjes.nl\/de\/wp-json\/wp\/v2\/product_brand?post=118898"},{"taxonomy":"product_cat","embeddable":true,"href":"https:\/\/www.jootjeshaakcadeautjes.nl\/de\/wp-json\/wp\/v2\/product_cat?post=118898"},{"taxonomy":"product_tag","embeddable":true,"href":"https:\/\/www.jootjeshaakcadeautjes.nl\/de\/wp-json\/wp\/v2\/product_tag?post=118898"}],"curies":[{"name":"wp","href":"https:\/\/api.w.org\/{rel}","templated":true}]}}