{"id":118916,"date":"2023-11-03T21:38:35","date_gmt":"2023-11-03T19:38:35","guid":{"rendered":"https:\/\/www.jootjeshaakcadeautjes.nl\/product\/silikon-perlen-oval-12-mm-exklusiv-joes-print-rock-n-roses\/"},"modified":"2026-01-08T17:25:43","modified_gmt":"2026-01-08T16:25:43","slug":"silikon-perlen-oval-12-mm-exklusiv-joes-print-rock-n-roses","status":"publish","type":"product","link":"https:\/\/www.jootjeshaakcadeautjes.nl\/de\/produkt\/silikon-perlen-oval-12-mm-exklusiv-joes-print-rock-n-roses\/","title":{"rendered":"Silikonperlen &#8211; Oval &#8211; 12 mm &#8211; Rock &#8216;n Roses Druck"},"content":{"rendered":"<h1>Silikonperlen &#8211; Oval &#8211; 12 mm &#8211; Rock &#8216;n Roses<\/h1>\n<h3>Spezifikationen:<\/h3>\n<ul>\n<li>Gr\u00f6\u00dfe: 12 mm<\/li>\n<\/ul>\n<p>Alle unsere Silikonperlen sind 100% BPA-, blei-, toxin-, phthalat- und PVC-frei. Unsere Silikonkugeln sind daher von medizinischer Qualit\u00e4t und f\u00fcr die Verwendung in Kinderzahnspielzeug geeignet. Die runden 20-mm-Perlen eignen sich u. a. f\u00fcr Bei\u00dfringe, Schnullerketten, Stillketten, Taschenanh\u00e4nger oder Babygymnastik.<\/p>\n<h3>Qualit\u00e4t und Sicherheit unserer Silikonperlen<\/h3>\n<p>Alle unsere Silikonperlen sind:<\/p>\n<ul>\n<li>BPA-frei<\/li>\n<li>Phthalat- und toxinfrei<\/li>\n<li>PVC-frei<\/li>\n<li>Bleifrei<\/li>\n<li>Geeignet f\u00fcr CE-zertifizierte Endprodukte<\/li>\n<li>Silikonperlen in medizinischer Qualit\u00e4t<\/li>\n<\/ul>\n<h4>Reparieren:<\/h4>\n<p>Die Silikonperlen lassen sich leicht auf eine Wachs- oder Satinkordel auff\u00e4deln. Binden Sie den Bei\u00dfring aus Silikonperlen sehr gut und mehrmals. Diese Perlen eignen sich gut als Abstandshalter zwischen Buchstabenperlen. Diese sind nicht nur eine sch\u00f6ne Abwechslung, sondern helfen auch dabei, einen Bei\u00dfring runder zu machen, in den man Buchstabenperlen einsetzen m\u00f6chte. Die Buchstabenperlen aus Silikon sind n\u00e4mlich quadratisch. Wenn Sie diese in Bei\u00dfringen ohne Abstandshalter verwenden, erhalten Sie ein Segment, das sich nicht mit Ihnen verbiegt, sondern gerade bleiben will. Durch die Form der ovalen Abstandshalter kann sich dieses Segment mitbiegen. Auch bei der Verwendung in einer Schnurattrappe bleibt diese Schnurattrappe flexibler.<\/p>\n<h4>Reinigung:<\/h4>\n<p>Diese ovalen Silikonperlen sind daher sowohl f\u00fcr Babys als auch f\u00fcr \u00e4ltere Kinder geeignet, die gerne in etwas hineinbei\u00dfen. Daher nutzen sie sich kaum ab. Dar\u00fcber hinaus sind die Perlen leicht zu reinigen. Diese Silikonperlen k\u00f6nnen problemlos in die Sp\u00fclmaschine oder in Seifenwasser gegeben werden. Lassen Sie sie dann gr\u00fcndlich trocknen, bevor Sie sie wieder an ein Kind weitergeben. Die Silikonperlen k\u00f6nnen auch gek\u00fchlt werden. Sie eignen sich daher sehr gut zur Schmerzlinderung beim Zahnen.<\/p>\n<p><em>Befestigen Sie die Silikonperlen immer ordnungsgem\u00e4\u00df und \u00fcberpr\u00fcfen Sie Ihre Anfertigung regelm\u00e4\u00dfig, z. B. auf Abnutzung und Verschlei\u00df. Hierf\u00fcr sind Sie selbst verantwortlich. Jootjes Haakcadeautjes pr\u00fcft Ihr fertiges Produkt nicht und kann daher keine Sch\u00e4den oder Lockerungen aufgrund von Abnutzung annehmen. Wir raten dazu, handgefertigtes Kinderspielzeug nur unter Aufsicht von Erwachsenen zu verwenden, um gef\u00e4hrliche Situationen zu vermeiden.<\/em><\/p>\n<h3>Womit lassen sich diese Perlen gut kombinieren?<\/h3>\n<p>Alle unsere Perlen lassen sich gut miteinander kombinieren. Wir f\u00fchren m\u00f6glichst viele Perlenarten in den gleichen Farben. Dies ist jedoch nicht immer m\u00f6glich. Dabei macht es auch Spa\u00df, Farben und Formen zu kombinieren. Dies hat eine stimulierende Wirkung auf die Entwicklung des Kindes. Je pelziger, desto besser. Wie bereits erw\u00e4hnt, eignen sich diese Perlen gut f\u00fcr die Verwendung mit Buchstabenperlen, sowohl f\u00fcr Bei\u00dfringe als auch f\u00fcr Schnuller.<\/p>\n<p>&nbsp;<\/p>\n<p>&nbsp;<\/p>\n","protected":false},"excerpt":{"rendered":"<p>Farbcode Rock &#8216;n Roses<\/p>\n<p>&#8211; Typ: Silikonperlen Oval<br \/>\n&#8211; Gr\u00f6\u00dfe: 12 mm<br \/>\n&#8211; Einzeln verkauft, nirgends billiger<br \/>\n&#8211; Frei von BPA, Phthalaten, Blei, PVC und Toxinen<br \/>\n&#8211; Geeignet f\u00fcr CE-zertifizierte Endprodukte<br \/>\n&#8211; Silikonperlen in medizinischer Qualit\u00e4t<br \/>\n&#8211; Im K\u00fchlschrank k\u00fchlbar<br \/>\n&#8211; Sp\u00fclmaschinentauglich<\/p>\n","protected":false},"featured_media":103893,"template":"","meta":[],"product_brand":[],"product_cat":[7380,7184,8204,6991,8018],"product_tag":[7531,7550,7385,7419,7452,7565,8609,7416,7442,7451,7397,8616,7540,7199,7490,8622,7211,7483,7427,7499,7557,7435],"class_list":{"0":"post-118916","1":"product","2":"type-product","3":"status-publish","4":"has-post-thumbnail","6":"product_cat-herstellung-von-baby-beisspielzeug-materialien-fur-schnuller-und-beisringe","7":"product_cat-neue-produkte","8":"product_cat-silikonperlen-blumendrucke","9":"product_cat-silikonperlen-bpa-frei-grosshandel","10":"product_cat-silikonperlen-mit-druck-alle-drucke-leopard-panther-giraffe-zebra-rosen-blatter-und-mehr","11":"product_tag-12-de","12":"product_tag-12-mm-de","13":"product_tag-beisring","14":"product_tag-bpa-de","15":"product_tag-bpa-frei","16":"product_tag-drucken","17":"product_tag-felsen","18":"product_tag-gummischnur","19":"product_tag-kinderwagenkette","20":"product_tag-kostenlos","21":"product_tag-mm-de","22":"product_tag-n-de","23":"product_tag-oval-de","24":"product_tag-perlen","25":"product_tag-phthalate","26":"product_tag-rosen","27":"product_tag-silikon","28":"product_tag-silikon-de","29":"product_tag-still-halskette","30":"product_tag-taschenaufhanger","31":"product_tag-teiler","32":"product_tag-wulst","34":"first","35":"instock","36":"taxable","37":"shipping-taxable","38":"purchasable","39":"product-type-simple"},"bundled_by":["168273"],"bundle_stock_status":"instock","bundle_stock_quantity":354,"bundle_virtual":false,"bundle_layout":"","bundle_add_to_cart_form_location":"","bundle_editable_in_cart":false,"bundle_sold_individually_context":"","bundle_item_grouping":"","bundle_min_size":"","bundle_max_size":"","bundle_price":[],"bundled_items":[],"bundle_sell_ids":[],"yoast_head":"<!-- This site is optimized with the Yoast SEO Premium plugin v27.4 (Yoast SEO v27.5) - https:\/\/yoast.com\/product\/yoast-seo-premium-wordpress\/ -->\n<title>Silikonperlen - Oval - 12 mm - Rock &#039;n Roses Druck - Jootjes Crochet Gifts<\/title>\n<meta name=\"description\" content=\"Die ovalen Abstandshalter aus Silikon in der Farbe Salbeigr\u00fcn 12 mm sind BPA-, blei-, gift-, phthalat- und PVC-frei, CE-gekennzeichnet.\" \/>\n<meta name=\"robots\" content=\"index, follow, max-snippet:-1, max-image-preview:large, max-video-preview:-1\" \/>\n<link rel=\"canonical\" href=\"https:\/\/www.jootjeshaakcadeautjes.nl\/de\/produkt\/silikon-perlen-oval-12-mm-exklusiv-joes-print-rock-n-roses\/\" \/>\n<meta property=\"og:locale\" content=\"de_DE\" \/>\n<meta property=\"og:type\" content=\"article\" \/>\n<meta property=\"og:title\" content=\"Silikonperlen - Oval - 12 mm - Rock &#039;n Roses Druck\" \/>\n<meta property=\"og:description\" content=\"Die ovalen Abstandshalter aus Silikon in der Farbe Salbeigr\u00fcn 12 mm sind BPA-, blei-, gift-, phthalat- und PVC-frei, CE-gekennzeichnet.\" \/>\n<meta property=\"og:url\" content=\"https:\/\/www.jootjeshaakcadeautjes.nl\/de\/produkt\/silikon-perlen-oval-12-mm-exklusiv-joes-print-rock-n-roses\/\" \/>\n<meta property=\"og:site_name\" content=\"Jootjes Haakcadeautjes\" \/>\n<meta property=\"article:modified_time\" content=\"2026-01-08T16:25:43+00:00\" \/>\n<meta property=\"og:image\" content=\"https:\/\/www.jootjeshaakcadeautjes.nl\/wp-content\/uploads\/2023\/11\/20231023_125451.jpg\" \/>\n\t<meta property=\"og:image:width\" content=\"2048\" \/>\n\t<meta property=\"og:image:height\" content=\"2048\" \/>\n\t<meta property=\"og:image:type\" content=\"image\/jpeg\" \/>\n<meta name=\"twitter:card\" content=\"summary_large_image\" \/>\n<meta name=\"twitter:label1\" content=\"Preis\" \/>\n\t<meta name=\"twitter:data1\" content=\"&euro;0.26 inkl. MwSt.\" \/>\n\t<meta name=\"twitter:label2\" content=\"Verf\u00fcgbarkeit\" \/>\n\t<meta name=\"twitter:data2\" content=\"Auf Lager\" \/>\n<script type=\"application\/ld+json\" class=\"yoast-schema-graph\">{\"@context\":\"https:\\\/\\\/schema.org\",\"@graph\":[{\"@type\":\"WebPage\",\"@id\":\"https:\\\/\\\/www.jootjeshaakcadeautjes.nl\\\/de\\\/produkt\\\/silikon-perlen-oval-12-mm-exklusiv-joes-print-rock-n-roses\\\/\",\"url\":\"https:\\\/\\\/www.jootjeshaakcadeautjes.nl\\\/de\\\/produkt\\\/silikon-perlen-oval-12-mm-exklusiv-joes-print-rock-n-roses\\\/\",\"name\":\"Silikonperlen - Oval - 12 mm - Rock 'n Roses Druck - Jootjes Crochet Gifts\",\"isPartOf\":{\"@id\":\"https:\\\/\\\/www.jootjeshaakcadeautjes.nl\\\/de\\\/#website\"},\"primaryImageOfPage\":{\"@id\":\"https:\\\/\\\/www.jootjeshaakcadeautjes.nl\\\/de\\\/produkt\\\/silikon-perlen-oval-12-mm-exklusiv-joes-print-rock-n-roses\\\/#primaryimage\"},\"image\":{\"@id\":\"https:\\\/\\\/www.jootjeshaakcadeautjes.nl\\\/de\\\/produkt\\\/silikon-perlen-oval-12-mm-exklusiv-joes-print-rock-n-roses\\\/#primaryimage\"},\"thumbnailUrl\":\"https:\\\/\\\/d1dyryakdmle7o.cloudfront.net\\\/wp-content\\\/uploads\\\/2023\\\/11\\\/20231023_125451.jpg\",\"datePublished\":\"2023-11-03T19:38:35+00:00\",\"dateModified\":\"2026-01-08T16:25:43+00:00\",\"description\":\"Die ovalen Abstandshalter aus Silikon in der Farbe Salbeigr\u00fcn 12 mm sind BPA-, blei-, gift-, phthalat- und PVC-frei, CE-gekennzeichnet.\",\"breadcrumb\":{\"@id\":\"https:\\\/\\\/www.jootjeshaakcadeautjes.nl\\\/de\\\/produkt\\\/silikon-perlen-oval-12-mm-exklusiv-joes-print-rock-n-roses\\\/#breadcrumb\"},\"inLanguage\":\"de\",\"potentialAction\":[{\"@type\":\"ReadAction\",\"target\":[\"https:\\\/\\\/www.jootjeshaakcadeautjes.nl\\\/de\\\/produkt\\\/silikon-perlen-oval-12-mm-exklusiv-joes-print-rock-n-roses\\\/\"]}]},{\"@type\":\"ImageObject\",\"inLanguage\":\"de\",\"@id\":\"https:\\\/\\\/www.jootjeshaakcadeautjes.nl\\\/de\\\/produkt\\\/silikon-perlen-oval-12-mm-exklusiv-joes-print-rock-n-roses\\\/#primaryimage\",\"url\":\"https:\\\/\\\/d1dyryakdmle7o.cloudfront.net\\\/wp-content\\\/uploads\\\/2023\\\/11\\\/20231023_125451.jpg\",\"contentUrl\":\"https:\\\/\\\/d1dyryakdmle7o.cloudfront.net\\\/wp-content\\\/uploads\\\/2023\\\/11\\\/20231023_125451.jpg\",\"width\":2048,\"height\":2048},{\"@type\":\"BreadcrumbList\",\"@id\":\"https:\\\/\\\/www.jootjeshaakcadeautjes.nl\\\/de\\\/produkt\\\/silikon-perlen-oval-12-mm-exklusiv-joes-print-rock-n-roses\\\/#breadcrumb\",\"itemListElement\":[{\"@type\":\"ListItem\",\"position\":1,\"name\":\"Startseite\",\"item\":\"https:\\\/\\\/www.jootjeshaakcadeautjes.nl\\\/de\\\/\"},{\"@type\":\"ListItem\",\"position\":2,\"name\":\"Gro\u00dfhandel mit Silikonperlen &#8211; Business und Consumer\",\"item\":\"https:\\\/\\\/www.jootjeshaakcadeautjes.nl\\\/de\\\/shop\\\/\"},{\"@type\":\"ListItem\",\"position\":3,\"name\":\"Silikonperlen &#8211; Oval &#8211; 12 mm &#8211; Rock &#8216;n Roses Druck\"}]},{\"@type\":\"WebSite\",\"@id\":\"https:\\\/\\\/www.jootjeshaakcadeautjes.nl\\\/de\\\/#website\",\"url\":\"https:\\\/\\\/www.jootjeshaakcadeautjes.nl\\\/de\\\/\",\"name\":\"Jootjes Haakcadeautjes\",\"description\":\"Silikonperlen Gro\u00dfhandel \",\"publisher\":{\"@id\":\"https:\\\/\\\/www.jootjeshaakcadeautjes.nl\\\/de\\\/#organization\"},\"potentialAction\":[{\"@type\":\"SearchAction\",\"target\":{\"@type\":\"EntryPoint\",\"urlTemplate\":\"https:\\\/\\\/www.jootjeshaakcadeautjes.nl\\\/de\\\/?s={search_term_string}\"},\"query-input\":{\"@type\":\"PropertyValueSpecification\",\"valueRequired\":true,\"valueName\":\"search_term_string\"}}],\"inLanguage\":\"de\"},{\"@type\":\"Organization\",\"@id\":\"https:\\\/\\\/www.jootjeshaakcadeautjes.nl\\\/de\\\/#organization\",\"name\":\"Jootjes Haakcadeautjes\",\"url\":\"https:\\\/\\\/www.jootjeshaakcadeautjes.nl\\\/de\\\/\",\"logo\":{\"@type\":\"ImageObject\",\"inLanguage\":\"de\",\"@id\":\"https:\\\/\\\/www.jootjeshaakcadeautjes.nl\\\/de\\\/#\\\/schema\\\/logo\\\/image\\\/\",\"url\":\"https:\\\/\\\/jootjes-haakcadeautjes-media.s3.amazonaws.com\\\/wp-content\\\/uploads\\\/2023\\\/05\\\/Logo-rond.png\",\"contentUrl\":\"https:\\\/\\\/jootjes-haakcadeautjes-media.s3.amazonaws.com\\\/wp-content\\\/uploads\\\/2023\\\/05\\\/Logo-rond.png\",\"width\":1222,\"height\":1222,\"caption\":\"Jootjes Haakcadeautjes\"},\"image\":{\"@id\":\"https:\\\/\\\/www.jootjeshaakcadeautjes.nl\\\/de\\\/#\\\/schema\\\/logo\\\/image\\\/\"}}]}<\/script>\n<meta property=\"product:price:amount\" content=\"0.26\" \/>\n<meta property=\"product:price:currency\" content=\"EUR\" \/>\n<meta property=\"og:availability\" content=\"instock\" \/>\n<meta property=\"product:availability\" content=\"instock\" \/>\n<meta property=\"product:retailer_item_id\" content=\"SKR-OTS-RNR\" \/>\n<meta property=\"product:condition\" content=\"new\" \/>\n<!-- \/ Yoast SEO Premium plugin. -->","yoast_head_json":{"title":"Silikonperlen - Oval - 12 mm - Rock 'n Roses Druck - Jootjes Crochet Gifts","description":"Die ovalen Abstandshalter aus Silikon in der Farbe Salbeigr\u00fcn 12 mm sind BPA-, blei-, gift-, phthalat- und PVC-frei, CE-gekennzeichnet.","robots":{"index":"index","follow":"follow","max-snippet":"max-snippet:-1","max-image-preview":"max-image-preview:large","max-video-preview":"max-video-preview:-1"},"canonical":"https:\/\/www.jootjeshaakcadeautjes.nl\/de\/produkt\/silikon-perlen-oval-12-mm-exklusiv-joes-print-rock-n-roses\/","og_locale":"de_DE","og_type":"article","og_title":"Silikonperlen - Oval - 12 mm - Rock 'n Roses Druck","og_description":"Die ovalen Abstandshalter aus Silikon in der Farbe Salbeigr\u00fcn 12 mm sind BPA-, blei-, gift-, phthalat- und PVC-frei, CE-gekennzeichnet.","og_url":"https:\/\/www.jootjeshaakcadeautjes.nl\/de\/produkt\/silikon-perlen-oval-12-mm-exklusiv-joes-print-rock-n-roses\/","og_site_name":"Jootjes Haakcadeautjes","article_modified_time":"2026-01-08T16:25:43+00:00","og_image":[{"width":2048,"height":2048,"url":"https:\/\/www.jootjeshaakcadeautjes.nl\/wp-content\/uploads\/2023\/11\/20231023_125451.jpg","type":"image\/jpeg"}],"twitter_card":"summary_large_image","twitter_misc":{"Preis":"&euro;0.26 inkl. MwSt.","Verf\u00fcgbarkeit":"Auf Lager"},"schema":{"@context":"https:\/\/schema.org","@graph":[{"@type":"WebPage","@id":"https:\/\/www.jootjeshaakcadeautjes.nl\/de\/produkt\/silikon-perlen-oval-12-mm-exklusiv-joes-print-rock-n-roses\/","url":"https:\/\/www.jootjeshaakcadeautjes.nl\/de\/produkt\/silikon-perlen-oval-12-mm-exklusiv-joes-print-rock-n-roses\/","name":"Silikonperlen - Oval - 12 mm - Rock 'n Roses Druck - Jootjes Crochet Gifts","isPartOf":{"@id":"https:\/\/www.jootjeshaakcadeautjes.nl\/de\/#website"},"primaryImageOfPage":{"@id":"https:\/\/www.jootjeshaakcadeautjes.nl\/de\/produkt\/silikon-perlen-oval-12-mm-exklusiv-joes-print-rock-n-roses\/#primaryimage"},"image":{"@id":"https:\/\/www.jootjeshaakcadeautjes.nl\/de\/produkt\/silikon-perlen-oval-12-mm-exklusiv-joes-print-rock-n-roses\/#primaryimage"},"thumbnailUrl":"https:\/\/d1dyryakdmle7o.cloudfront.net\/wp-content\/uploads\/2023\/11\/20231023_125451.jpg","datePublished":"2023-11-03T19:38:35+00:00","dateModified":"2026-01-08T16:25:43+00:00","description":"Die ovalen Abstandshalter aus Silikon in der Farbe Salbeigr\u00fcn 12 mm sind BPA-, blei-, gift-, phthalat- und PVC-frei, CE-gekennzeichnet.","breadcrumb":{"@id":"https:\/\/www.jootjeshaakcadeautjes.nl\/de\/produkt\/silikon-perlen-oval-12-mm-exklusiv-joes-print-rock-n-roses\/#breadcrumb"},"inLanguage":"de","potentialAction":[{"@type":"ReadAction","target":["https:\/\/www.jootjeshaakcadeautjes.nl\/de\/produkt\/silikon-perlen-oval-12-mm-exklusiv-joes-print-rock-n-roses\/"]}]},{"@type":"ImageObject","inLanguage":"de","@id":"https:\/\/www.jootjeshaakcadeautjes.nl\/de\/produkt\/silikon-perlen-oval-12-mm-exklusiv-joes-print-rock-n-roses\/#primaryimage","url":"https:\/\/d1dyryakdmle7o.cloudfront.net\/wp-content\/uploads\/2023\/11\/20231023_125451.jpg","contentUrl":"https:\/\/d1dyryakdmle7o.cloudfront.net\/wp-content\/uploads\/2023\/11\/20231023_125451.jpg","width":2048,"height":2048},{"@type":"BreadcrumbList","@id":"https:\/\/www.jootjeshaakcadeautjes.nl\/de\/produkt\/silikon-perlen-oval-12-mm-exklusiv-joes-print-rock-n-roses\/#breadcrumb","itemListElement":[{"@type":"ListItem","position":1,"name":"Startseite","item":"https:\/\/www.jootjeshaakcadeautjes.nl\/de\/"},{"@type":"ListItem","position":2,"name":"Gro\u00dfhandel mit Silikonperlen &#8211; Business und Consumer","item":"https:\/\/www.jootjeshaakcadeautjes.nl\/de\/shop\/"},{"@type":"ListItem","position":3,"name":"Silikonperlen &#8211; Oval &#8211; 12 mm &#8211; Rock &#8216;n Roses Druck"}]},{"@type":"WebSite","@id":"https:\/\/www.jootjeshaakcadeautjes.nl\/de\/#website","url":"https:\/\/www.jootjeshaakcadeautjes.nl\/de\/","name":"Jootjes Haakcadeautjes","description":"Silikonperlen Gro\u00dfhandel ","publisher":{"@id":"https:\/\/www.jootjeshaakcadeautjes.nl\/de\/#organization"},"potentialAction":[{"@type":"SearchAction","target":{"@type":"EntryPoint","urlTemplate":"https:\/\/www.jootjeshaakcadeautjes.nl\/de\/?s={search_term_string}"},"query-input":{"@type":"PropertyValueSpecification","valueRequired":true,"valueName":"search_term_string"}}],"inLanguage":"de"},{"@type":"Organization","@id":"https:\/\/www.jootjeshaakcadeautjes.nl\/de\/#organization","name":"Jootjes Haakcadeautjes","url":"https:\/\/www.jootjeshaakcadeautjes.nl\/de\/","logo":{"@type":"ImageObject","inLanguage":"de","@id":"https:\/\/www.jootjeshaakcadeautjes.nl\/de\/#\/schema\/logo\/image\/","url":"https:\/\/jootjes-haakcadeautjes-media.s3.amazonaws.com\/wp-content\/uploads\/2023\/05\/Logo-rond.png","contentUrl":"https:\/\/jootjes-haakcadeautjes-media.s3.amazonaws.com\/wp-content\/uploads\/2023\/05\/Logo-rond.png","width":1222,"height":1222,"caption":"Jootjes Haakcadeautjes"},"image":{"@id":"https:\/\/www.jootjeshaakcadeautjes.nl\/de\/#\/schema\/logo\/image\/"}}]},"product_price_amount":"0.26","product_price_currency":"EUR","og_availability":"instock","product_availability":"instock","product_retailer_item_id":"SKR-OTS-RNR","product_condition":"new"},"_links":{"self":[{"href":"https:\/\/www.jootjeshaakcadeautjes.nl\/de\/wp-json\/wp\/v2\/product\/118916","targetHints":{"allow":["GET"]}}],"collection":[{"href":"https:\/\/www.jootjeshaakcadeautjes.nl\/de\/wp-json\/wp\/v2\/product"}],"about":[{"href":"https:\/\/www.jootjeshaakcadeautjes.nl\/de\/wp-json\/wp\/v2\/types\/product"}],"version-history":[{"count":0,"href":"https:\/\/www.jootjeshaakcadeautjes.nl\/de\/wp-json\/wp\/v2\/product\/118916\/revisions"}],"wp:featuredmedia":[{"embeddable":true,"href":"https:\/\/www.jootjeshaakcadeautjes.nl\/de\/wp-json\/wp\/v2\/media\/103893"}],"wp:attachment":[{"href":"https:\/\/www.jootjeshaakcadeautjes.nl\/de\/wp-json\/wp\/v2\/media?parent=118916"}],"wp:term":[{"taxonomy":"product_brand","embeddable":true,"href":"https:\/\/www.jootjeshaakcadeautjes.nl\/de\/wp-json\/wp\/v2\/product_brand?post=118916"},{"taxonomy":"product_cat","embeddable":true,"href":"https:\/\/www.jootjeshaakcadeautjes.nl\/de\/wp-json\/wp\/v2\/product_cat?post=118916"},{"taxonomy":"product_tag","embeddable":true,"href":"https:\/\/www.jootjeshaakcadeautjes.nl\/de\/wp-json\/wp\/v2\/product_tag?post=118916"}],"curies":[{"name":"wp","href":"https:\/\/api.w.org\/{rel}","templated":true}]}}