{"id":118964,"date":"2023-11-03T16:45:45","date_gmt":"2023-11-03T14:45:45","guid":{"rendered":"https:\/\/www.jootjeshaakcadeautjes.nl\/product\/silikonperlen-schale-metallic-perle-weiss-senkrecht-gewinde-loch\/"},"modified":"2025-03-11T04:44:28","modified_gmt":"2025-03-11T03:44:28","slug":"silikonperlen-schale-metallic-perle-weiss-senkrecht-gewinde-loch","status":"publish","type":"product","link":"https:\/\/www.jootjeshaakcadeautjes.nl\/de\/produkt\/silikonperlen-schale-metallic-perle-weiss-senkrecht-gewinde-loch\/","title":{"rendered":"Silikonperlen &#8211; Schleife &#8211; Metallic Perlwei\u00df &#8211; Vertikale Gewindebohrung"},"content":{"rendered":"<h2>Silikonperlen &#8211; Schleife &#8211; <span class=\"TextRun Highlight SCXW71288928 BCX9\" lang=\"EN-US\" data-contrast=\"auto\"><br \/>\n  <span class=\"NormalTextRun SCXW71288928 BCX9\">Metallic Perlwei\u00df<\/span><br \/>\n<\/span><span class=\"TextRun Highlight SCXW220957046 BCX9\" lang=\"EN-US\" data-contrast=\"auto\"><br \/>\n  <span class=\"NormalTextRun SCXW220957046 BCX9\"> <\/span><br \/>\n<\/span><span class=\"TextRun Highlight SCXW35544629 BCX9\" lang=\"EN-US\" data-contrast=\"auto\"><br \/>\n  <span class=\"NormalTextRun SCXW35544629 BCX9\"> <\/span><br \/>\n<\/span>&#8211; Senkrecht<\/h2>\n<p>Farbcode:  <span class=\"NormalTextRun SCXW195015249 BCX9\">Leicht <\/span><span class=\"NormalTextRun SpellingErrorV2Themed SCXW195015249 BCX9\">Puder<\/span><span class=\"NormalTextRun SCXW195015249 BCX9\"> Blau <\/span> <\/p>\n<p>Typ: Schleife Gr\u00f6\u00dfe: 16 x 26 mm Material: Silikon, BPA-frei, phthalatfrei, PVC-frei, cadmiumfrei Zertifiziert: CE und EN-71<\/p>\n<p>&nbsp;<\/p>\n<p>&nbsp;<\/p>\n","protected":false},"excerpt":{"rendered":"<p>Farbcode: <span class=\"TextRun Highlight SCXW71288928 BCX9\" lang=\"EN-US\" data-contrast=\"auto\"><span class=\"NormalTextRun SCXW71288928 BCX9\">Metallisch Perlwei\u00df<\/span><\/span><\/p>\n<p>Typ: Schleife Gr\u00f6\u00dfe: 16 x 26 mm Material: Silikon, BPA-frei, phthalatfrei, PVC-frei, cadmiumfrei Zertifiziert: CE und EN-71<\/p>\n","protected":false},"featured_media":83124,"template":"","meta":[],"product_brand":[],"product_cat":[7380,6991,8109],"product_tag":[7385,7995,7419,7901,8112,7464,7416,7442,7451,8114,8172,8033,7662,7199,7905,7893,7211,8110,7632,7435,7999],"class_list":{"0":"post-118964","1":"product","2":"type-product","3":"status-publish","4":"has-post-thumbnail","6":"product_cat-herstellung-von-baby-beisspielzeug-materialien-fur-schnuller-und-beisringe","7":"product_cat-silikonperlen-bpa-frei-grosshandel","8":"product_cat-silikonperlen-schleife-vertikal","9":"product_tag-beisring","10":"product_tag-bogen","11":"product_tag-bpa-de","12":"product_tag-en-71-de","13":"product_tag-gewinde","14":"product_tag-groshandel","15":"product_tag-gummischnur","16":"product_tag-kinderwagenkette","17":"product_tag-kostenlos","18":"product_tag-loch","19":"product_tag-metallic-perlweis","20":"product_tag-metallisch","21":"product_tag-perle-de","22":"product_tag-perlen","23":"product_tag-phthalat","24":"product_tag-pvc-de","25":"product_tag-silikon","26":"product_tag-vertikal","27":"product_tag-weis","28":"product_tag-wulst","29":"product_tag-zertifiziert-de","31":"first","32":"instock","33":"taxable","34":"shipping-taxable","35":"purchasable","36":"product-type-simple"},"bundled_by":["260415"],"bundle_stock_status":"instock","bundle_stock_quantity":68,"bundle_virtual":false,"bundle_layout":"","bundle_add_to_cart_form_location":"","bundle_editable_in_cart":false,"bundle_sold_individually_context":"","bundle_item_grouping":"","bundle_min_size":"","bundle_max_size":"","bundle_price":[],"bundled_items":[],"bundle_sell_ids":[],"yoast_head":"<!-- This site is optimized with the Yoast SEO Premium plugin v27.6 (Yoast SEO v27.6) - https:\/\/yoast.com\/product\/yoast-seo-premium-wordpress\/ -->\n<title>Silikonperlen - Schleife - Metallic Perlwei\u00df - Vertikale Gewindebohrung - Gro\u00dfhandel mit babysicheren Perlen<\/title>\n<meta name=\"description\" content=\"Silikonperlenschleife schwarz. Direkt von unserem Gro\u00dfh\u00e4ndler, BPA-frei, CE-zertifiziert. Unter anderem f\u00fcr Schnullerschnur oder Kinderwagenaufh\u00e4nger.\" \/>\n<meta name=\"robots\" content=\"index, follow, max-snippet:-1, max-image-preview:large, max-video-preview:-1\" \/>\n<link rel=\"canonical\" href=\"https:\/\/www.jootjeshaakcadeautjes.nl\/de\/produkt\/silikonperlen-schale-metallic-perle-weiss-senkrecht-gewinde-loch\/\" \/>\n<meta property=\"og:locale\" content=\"de_DE\" \/>\n<meta property=\"og:type\" content=\"article\" \/>\n<meta property=\"og:title\" content=\"Silikonperlen - Schleife - Metallic Perlwei\u00df - Vertikale Gewindebohrung\" \/>\n<meta property=\"og:description\" content=\"Silikonperlenschleife schwarz. Direkt von unserem Gro\u00dfh\u00e4ndler, BPA-frei, CE-zertifiziert. Unter anderem f\u00fcr Schnullerschnur oder Kinderwagenaufh\u00e4nger.\" \/>\n<meta property=\"og:url\" content=\"https:\/\/www.jootjeshaakcadeautjes.nl\/de\/produkt\/silikonperlen-schale-metallic-perle-weiss-senkrecht-gewinde-loch\/\" \/>\n<meta property=\"og:site_name\" content=\"Jootjes Haakcadeautjes\" \/>\n<meta property=\"article:modified_time\" content=\"2025-03-11T03:44:28+00:00\" \/>\n<meta property=\"og:image\" content=\"https:\/\/www.jootjeshaakcadeautjes.nl\/wp-content\/uploads\/2022\/10\/Siliconen-kralen-bpa-vrij-Metallic-Parel-wit-strik-groothandel-speenkoord-bijtring.jpg\" \/>\n\t<meta property=\"og:image:width\" content=\"2048\" \/>\n\t<meta property=\"og:image:height\" content=\"2048\" \/>\n\t<meta property=\"og:image:type\" content=\"image\/jpeg\" \/>\n<meta name=\"twitter:card\" content=\"summary_large_image\" \/>\n<meta name=\"twitter:label1\" content=\"Preis\" \/>\n\t<meta name=\"twitter:data1\" content=\"&euro;0.85 inkl. MwSt.\" \/>\n\t<meta name=\"twitter:label2\" content=\"Verf\u00fcgbarkeit\" \/>\n\t<meta name=\"twitter:data2\" content=\"Auf Lager\" \/>\n<script type=\"application\/ld+json\" class=\"yoast-schema-graph\">{\"@context\":\"https:\\\/\\\/schema.org\",\"@graph\":[{\"@type\":\"WebPage\",\"@id\":\"https:\\\/\\\/www.jootjeshaakcadeautjes.nl\\\/de\\\/produkt\\\/silikonperlen-schale-metallic-perle-weiss-senkrecht-gewinde-loch\\\/\",\"url\":\"https:\\\/\\\/www.jootjeshaakcadeautjes.nl\\\/de\\\/produkt\\\/silikonperlen-schale-metallic-perle-weiss-senkrecht-gewinde-loch\\\/\",\"name\":\"Silikonperlen - Schleife - Metallic Perlwei\u00df - Vertikale Gewindebohrung - Gro\u00dfhandel mit babysicheren Perlen\",\"isPartOf\":{\"@id\":\"https:\\\/\\\/www.jootjeshaakcadeautjes.nl\\\/de\\\/#website\"},\"primaryImageOfPage\":{\"@id\":\"https:\\\/\\\/www.jootjeshaakcadeautjes.nl\\\/de\\\/produkt\\\/silikonperlen-schale-metallic-perle-weiss-senkrecht-gewinde-loch\\\/#primaryimage\"},\"image\":{\"@id\":\"https:\\\/\\\/www.jootjeshaakcadeautjes.nl\\\/de\\\/produkt\\\/silikonperlen-schale-metallic-perle-weiss-senkrecht-gewinde-loch\\\/#primaryimage\"},\"thumbnailUrl\":\"https:\\\/\\\/d1dyryakdmle7o.cloudfront.net\\\/wp-content\\\/uploads\\\/2022\\\/10\\\/Siliconen-kralen-bpa-vrij-Metallic-Parel-wit-strik-groothandel-speenkoord-bijtring.jpg\",\"datePublished\":\"2023-11-03T14:45:45+00:00\",\"dateModified\":\"2025-03-11T03:44:28+00:00\",\"description\":\"Silikonperlenschleife schwarz. Direkt von unserem Gro\u00dfh\u00e4ndler, BPA-frei, CE-zertifiziert. Unter anderem f\u00fcr Schnullerschnur oder Kinderwagenaufh\u00e4nger.\",\"breadcrumb\":{\"@id\":\"https:\\\/\\\/www.jootjeshaakcadeautjes.nl\\\/de\\\/produkt\\\/silikonperlen-schale-metallic-perle-weiss-senkrecht-gewinde-loch\\\/#breadcrumb\"},\"inLanguage\":\"de\",\"potentialAction\":[{\"@type\":\"ReadAction\",\"target\":[\"https:\\\/\\\/www.jootjeshaakcadeautjes.nl\\\/de\\\/produkt\\\/silikonperlen-schale-metallic-perle-weiss-senkrecht-gewinde-loch\\\/\"]}]},{\"@type\":\"ImageObject\",\"inLanguage\":\"de\",\"@id\":\"https:\\\/\\\/www.jootjeshaakcadeautjes.nl\\\/de\\\/produkt\\\/silikonperlen-schale-metallic-perle-weiss-senkrecht-gewinde-loch\\\/#primaryimage\",\"url\":\"https:\\\/\\\/d1dyryakdmle7o.cloudfront.net\\\/wp-content\\\/uploads\\\/2022\\\/10\\\/Siliconen-kralen-bpa-vrij-Metallic-Parel-wit-strik-groothandel-speenkoord-bijtring.jpg\",\"contentUrl\":\"https:\\\/\\\/d1dyryakdmle7o.cloudfront.net\\\/wp-content\\\/uploads\\\/2022\\\/10\\\/Siliconen-kralen-bpa-vrij-Metallic-Parel-wit-strik-groothandel-speenkoord-bijtring.jpg\",\"width\":2048,\"height\":2048,\"caption\":\"Silikon Perlen bpa frei Metallic Pearl wei\u00df Bogen Gro\u00dfhandel Schnuller Schnur Bei\u00dfring\"},{\"@type\":\"BreadcrumbList\",\"@id\":\"https:\\\/\\\/www.jootjeshaakcadeautjes.nl\\\/de\\\/produkt\\\/silikonperlen-schale-metallic-perle-weiss-senkrecht-gewinde-loch\\\/#breadcrumb\",\"itemListElement\":[{\"@type\":\"ListItem\",\"position\":1,\"name\":\"Startseite\",\"item\":\"https:\\\/\\\/www.jootjeshaakcadeautjes.nl\\\/de\\\/\"},{\"@type\":\"ListItem\",\"position\":2,\"name\":\"Gro\u00dfhandel mit Silikonperlen &#8211; Business und Consumer\",\"item\":\"https:\\\/\\\/www.jootjeshaakcadeautjes.nl\\\/de\\\/shop\\\/\"},{\"@type\":\"ListItem\",\"position\":3,\"name\":\"Silikonperlen &#8211; Schleife &#8211; Metallic Perlwei\u00df &#8211; Vertikale Gewindebohrung\"}]},{\"@type\":\"WebSite\",\"@id\":\"https:\\\/\\\/www.jootjeshaakcadeautjes.nl\\\/de\\\/#website\",\"url\":\"https:\\\/\\\/www.jootjeshaakcadeautjes.nl\\\/de\\\/\",\"name\":\"Jootjes Haakcadeautjes\",\"description\":\"Silikonperlen Gro\u00dfhandel \",\"publisher\":{\"@id\":\"https:\\\/\\\/www.jootjeshaakcadeautjes.nl\\\/de\\\/#organization\"},\"potentialAction\":[{\"@type\":\"SearchAction\",\"target\":{\"@type\":\"EntryPoint\",\"urlTemplate\":\"https:\\\/\\\/www.jootjeshaakcadeautjes.nl\\\/de\\\/?s={search_term_string}\"},\"query-input\":{\"@type\":\"PropertyValueSpecification\",\"valueRequired\":true,\"valueName\":\"search_term_string\"}}],\"inLanguage\":\"de\"},{\"@type\":\"Organization\",\"@id\":\"https:\\\/\\\/www.jootjeshaakcadeautjes.nl\\\/de\\\/#organization\",\"name\":\"Jootjes Haakcadeautjes\",\"url\":\"https:\\\/\\\/www.jootjeshaakcadeautjes.nl\\\/de\\\/\",\"logo\":{\"@type\":\"ImageObject\",\"inLanguage\":\"de\",\"@id\":\"https:\\\/\\\/www.jootjeshaakcadeautjes.nl\\\/de\\\/#\\\/schema\\\/logo\\\/image\\\/\",\"url\":\"https:\\\/\\\/d1dyryakdmle7o.cloudfront.net\\\/wp-content\\\/uploads\\\/2023\\\/05\\\/Logo-rond.png\",\"contentUrl\":\"https:\\\/\\\/d1dyryakdmle7o.cloudfront.net\\\/wp-content\\\/uploads\\\/2023\\\/05\\\/Logo-rond.png\",\"width\":1222,\"height\":1222,\"caption\":\"Jootjes Haakcadeautjes\"},\"image\":{\"@id\":\"https:\\\/\\\/www.jootjeshaakcadeautjes.nl\\\/de\\\/#\\\/schema\\\/logo\\\/image\\\/\"}}]}<\/script>\n<meta property=\"product:price:amount\" content=\"0.85\" \/>\n<meta property=\"product:price:currency\" content=\"EUR\" \/>\n<meta property=\"og:availability\" content=\"instock\" \/>\n<meta property=\"product:availability\" content=\"instock\" \/>\n<meta property=\"product:retailer_item_id\" content=\"SKR-STRIK-VMPW\" \/>\n<meta property=\"product:condition\" content=\"new\" \/>\n<!-- \/ Yoast SEO Premium plugin. -->","yoast_head_json":{"title":"Silikonperlen - Schleife - Metallic Perlwei\u00df - Vertikale Gewindebohrung - Gro\u00dfhandel mit babysicheren Perlen","description":"Silikonperlenschleife schwarz. Direkt von unserem Gro\u00dfh\u00e4ndler, BPA-frei, CE-zertifiziert. Unter anderem f\u00fcr Schnullerschnur oder Kinderwagenaufh\u00e4nger.","robots":{"index":"index","follow":"follow","max-snippet":"max-snippet:-1","max-image-preview":"max-image-preview:large","max-video-preview":"max-video-preview:-1"},"canonical":"https:\/\/www.jootjeshaakcadeautjes.nl\/de\/produkt\/silikonperlen-schale-metallic-perle-weiss-senkrecht-gewinde-loch\/","og_locale":"de_DE","og_type":"article","og_title":"Silikonperlen - Schleife - Metallic Perlwei\u00df - Vertikale Gewindebohrung","og_description":"Silikonperlenschleife schwarz. Direkt von unserem Gro\u00dfh\u00e4ndler, BPA-frei, CE-zertifiziert. Unter anderem f\u00fcr Schnullerschnur oder Kinderwagenaufh\u00e4nger.","og_url":"https:\/\/www.jootjeshaakcadeautjes.nl\/de\/produkt\/silikonperlen-schale-metallic-perle-weiss-senkrecht-gewinde-loch\/","og_site_name":"Jootjes Haakcadeautjes","article_modified_time":"2025-03-11T03:44:28+00:00","og_image":[{"width":2048,"height":2048,"url":"https:\/\/www.jootjeshaakcadeautjes.nl\/wp-content\/uploads\/2022\/10\/Siliconen-kralen-bpa-vrij-Metallic-Parel-wit-strik-groothandel-speenkoord-bijtring.jpg","type":"image\/jpeg"}],"twitter_card":"summary_large_image","twitter_misc":{"Preis":"&euro;0.85 inkl. MwSt.","Verf\u00fcgbarkeit":"Auf Lager"},"schema":{"@context":"https:\/\/schema.org","@graph":[{"@type":"WebPage","@id":"https:\/\/www.jootjeshaakcadeautjes.nl\/de\/produkt\/silikonperlen-schale-metallic-perle-weiss-senkrecht-gewinde-loch\/","url":"https:\/\/www.jootjeshaakcadeautjes.nl\/de\/produkt\/silikonperlen-schale-metallic-perle-weiss-senkrecht-gewinde-loch\/","name":"Silikonperlen - Schleife - Metallic Perlwei\u00df - Vertikale Gewindebohrung - Gro\u00dfhandel mit babysicheren Perlen","isPartOf":{"@id":"https:\/\/www.jootjeshaakcadeautjes.nl\/de\/#website"},"primaryImageOfPage":{"@id":"https:\/\/www.jootjeshaakcadeautjes.nl\/de\/produkt\/silikonperlen-schale-metallic-perle-weiss-senkrecht-gewinde-loch\/#primaryimage"},"image":{"@id":"https:\/\/www.jootjeshaakcadeautjes.nl\/de\/produkt\/silikonperlen-schale-metallic-perle-weiss-senkrecht-gewinde-loch\/#primaryimage"},"thumbnailUrl":"https:\/\/d1dyryakdmle7o.cloudfront.net\/wp-content\/uploads\/2022\/10\/Siliconen-kralen-bpa-vrij-Metallic-Parel-wit-strik-groothandel-speenkoord-bijtring.jpg","datePublished":"2023-11-03T14:45:45+00:00","dateModified":"2025-03-11T03:44:28+00:00","description":"Silikonperlenschleife schwarz. Direkt von unserem Gro\u00dfh\u00e4ndler, BPA-frei, CE-zertifiziert. Unter anderem f\u00fcr Schnullerschnur oder Kinderwagenaufh\u00e4nger.","breadcrumb":{"@id":"https:\/\/www.jootjeshaakcadeautjes.nl\/de\/produkt\/silikonperlen-schale-metallic-perle-weiss-senkrecht-gewinde-loch\/#breadcrumb"},"inLanguage":"de","potentialAction":[{"@type":"ReadAction","target":["https:\/\/www.jootjeshaakcadeautjes.nl\/de\/produkt\/silikonperlen-schale-metallic-perle-weiss-senkrecht-gewinde-loch\/"]}]},{"@type":"ImageObject","inLanguage":"de","@id":"https:\/\/www.jootjeshaakcadeautjes.nl\/de\/produkt\/silikonperlen-schale-metallic-perle-weiss-senkrecht-gewinde-loch\/#primaryimage","url":"https:\/\/d1dyryakdmle7o.cloudfront.net\/wp-content\/uploads\/2022\/10\/Siliconen-kralen-bpa-vrij-Metallic-Parel-wit-strik-groothandel-speenkoord-bijtring.jpg","contentUrl":"https:\/\/d1dyryakdmle7o.cloudfront.net\/wp-content\/uploads\/2022\/10\/Siliconen-kralen-bpa-vrij-Metallic-Parel-wit-strik-groothandel-speenkoord-bijtring.jpg","width":2048,"height":2048,"caption":"Silikon Perlen bpa frei Metallic Pearl wei\u00df Bogen Gro\u00dfhandel Schnuller Schnur Bei\u00dfring"},{"@type":"BreadcrumbList","@id":"https:\/\/www.jootjeshaakcadeautjes.nl\/de\/produkt\/silikonperlen-schale-metallic-perle-weiss-senkrecht-gewinde-loch\/#breadcrumb","itemListElement":[{"@type":"ListItem","position":1,"name":"Startseite","item":"https:\/\/www.jootjeshaakcadeautjes.nl\/de\/"},{"@type":"ListItem","position":2,"name":"Gro\u00dfhandel mit Silikonperlen &#8211; Business und Consumer","item":"https:\/\/www.jootjeshaakcadeautjes.nl\/de\/shop\/"},{"@type":"ListItem","position":3,"name":"Silikonperlen &#8211; Schleife &#8211; Metallic Perlwei\u00df &#8211; Vertikale Gewindebohrung"}]},{"@type":"WebSite","@id":"https:\/\/www.jootjeshaakcadeautjes.nl\/de\/#website","url":"https:\/\/www.jootjeshaakcadeautjes.nl\/de\/","name":"Jootjes Haakcadeautjes","description":"Silikonperlen Gro\u00dfhandel ","publisher":{"@id":"https:\/\/www.jootjeshaakcadeautjes.nl\/de\/#organization"},"potentialAction":[{"@type":"SearchAction","target":{"@type":"EntryPoint","urlTemplate":"https:\/\/www.jootjeshaakcadeautjes.nl\/de\/?s={search_term_string}"},"query-input":{"@type":"PropertyValueSpecification","valueRequired":true,"valueName":"search_term_string"}}],"inLanguage":"de"},{"@type":"Organization","@id":"https:\/\/www.jootjeshaakcadeautjes.nl\/de\/#organization","name":"Jootjes Haakcadeautjes","url":"https:\/\/www.jootjeshaakcadeautjes.nl\/de\/","logo":{"@type":"ImageObject","inLanguage":"de","@id":"https:\/\/www.jootjeshaakcadeautjes.nl\/de\/#\/schema\/logo\/image\/","url":"https:\/\/d1dyryakdmle7o.cloudfront.net\/wp-content\/uploads\/2023\/05\/Logo-rond.png","contentUrl":"https:\/\/d1dyryakdmle7o.cloudfront.net\/wp-content\/uploads\/2023\/05\/Logo-rond.png","width":1222,"height":1222,"caption":"Jootjes Haakcadeautjes"},"image":{"@id":"https:\/\/www.jootjeshaakcadeautjes.nl\/de\/#\/schema\/logo\/image\/"}}]},"product_price_amount":"0.85","product_price_currency":"EUR","og_availability":"instock","product_availability":"instock","product_retailer_item_id":"SKR-STRIK-VMPW","product_condition":"new"},"_links":{"self":[{"href":"https:\/\/www.jootjeshaakcadeautjes.nl\/de\/wp-json\/wp\/v2\/product\/118964","targetHints":{"allow":["GET"]}}],"collection":[{"href":"https:\/\/www.jootjeshaakcadeautjes.nl\/de\/wp-json\/wp\/v2\/product"}],"about":[{"href":"https:\/\/www.jootjeshaakcadeautjes.nl\/de\/wp-json\/wp\/v2\/types\/product"}],"version-history":[{"count":0,"href":"https:\/\/www.jootjeshaakcadeautjes.nl\/de\/wp-json\/wp\/v2\/product\/118964\/revisions"}],"wp:featuredmedia":[{"embeddable":true,"href":"https:\/\/www.jootjeshaakcadeautjes.nl\/de\/wp-json\/wp\/v2\/media\/83124"}],"wp:attachment":[{"href":"https:\/\/www.jootjeshaakcadeautjes.nl\/de\/wp-json\/wp\/v2\/media?parent=118964"}],"wp:term":[{"taxonomy":"product_brand","embeddable":true,"href":"https:\/\/www.jootjeshaakcadeautjes.nl\/de\/wp-json\/wp\/v2\/product_brand?post=118964"},{"taxonomy":"product_cat","embeddable":true,"href":"https:\/\/www.jootjeshaakcadeautjes.nl\/de\/wp-json\/wp\/v2\/product_cat?post=118964"},{"taxonomy":"product_tag","embeddable":true,"href":"https:\/\/www.jootjeshaakcadeautjes.nl\/de\/wp-json\/wp\/v2\/product_tag?post=118964"}],"curies":[{"name":"wp","href":"https:\/\/api.w.org\/{rel}","templated":true}]}}