{"id":119142,"date":"2023-10-29T16:42:56","date_gmt":"2023-10-29T14:42:56","guid":{"rendered":"https:\/\/www.jootjeshaakcadeautjes.nl\/product\/zubehoer-garn-kit-ladybird-knufl\/"},"modified":"2025-03-11T04:37:53","modified_gmt":"2025-03-11T03:37:53","slug":"zubehoer-garn-kit-ladybird-knufl","status":"publish","type":"product","link":"https:\/\/www.jootjeshaakcadeautjes.nl\/de\/produkt\/zubehoer-garn-kit-ladybird-knufl\/","title":{"rendered":"Zubeh\u00f6r \/ Garnset &#8211; <u>Komplettset<\/u> &#8211; Rassel, Becher und Karussell Marienk\u00e4fer &#8211; Knufl"},"content":{"rendered":"<h2>Zubeh\u00f6r \/ Garnset &#8211; Rassel, Wippe und Karussell Marienk\u00e4fer &#8211; Knufl<\/h2>\n<p>Mit diesem Bausatz lassen sich sowohl die Marienk\u00e4fer-Rassel als auch der Kinderwagen-Spanner von Knufl ganz einfach herstellen. Die Satinschnur zum Einf\u00e4deln und Spannen der Kinderwagenkette wird mit diesem Set geliefert. Dies liegt daran, dass wir dieses Produkt f\u00fcr besser und sicherer halten als elastische Produkte und dass Textilkleber bei dieser Art der Herstellung nicht verwendet werden sollte.<\/p>\n<p>Nicht enthalten:<\/p>\n<ul>\n<li><a href=\"https:\/\/www.jootjeshaakcadeautjes.nl\/de\/produkt\/tiere-rochet-fuer-baby-rosanne-briggeman-knufl\/\">Das Buch Animals Crochet for Baby. Wenn Sie sie noch nicht haben, k\u00f6nnen Sie sie hier kaufen.  <\/a><\/li>\n<li><a href=\"https:\/\/www.jootjeshaakcadeautjes.nl\/de\/produkt\/haekelnadeln-set-softgrip-gross\/\">H\u00e4kelnadel 2,5 mm &gt;&gt; Wenn Sie noch keine H\u00e4kelnadel haben, k\u00f6nnen Sie sie hier finden.<\/a><\/li>\n<li><a href=\"https:\/\/www.jootjeshaakcadeautjes.nl\/de\/product-categorie\/bastelmaterial-hakelzubehor\/stickereischere\/\">Hobbyschere &gt;&gt; Wenn Sie noch keine Stickschere haben, finden Sie sie hier.<\/a><\/li>\n<li><a href=\"https:\/\/www.jootjeshaakcadeautjes.nl\/de\/produkt\/einfaedeln-der-nadel\/\">F\u00e4delnadel &gt;&gt; Falls Sie noch keine haben, finden Sie sie hier.  <\/a><\/li>\n<li>F\u00fcllung*<\/li>\n<\/ul>\n<p>*Wir empfehlen ein g\u00fcnstiges, waschbares Kissen, zum Beispiel von Action. Dieser l\u00e4sst sich leicht entleeren und eignet sich hervorragend als F\u00fcllung.<\/p>\n","protected":false},"excerpt":{"rendered":"<p>Mit diesem Bausatz lassen sich sowohl die Rassel, die Wippe als auch der Marienk\u00e4fer-Kinderwagen von Knufl ganz einfach herstellen. Die Satinschnur zum Einf\u00e4deln und Spannen der Kinderwagenkette wird mit diesem Set geliefert. Dies liegt daran, dass wir dieses Produkt f\u00fcr besser und sicherer halten als elastische Produkte und dass Textilkleber bei dieser Art der Herstellung nicht verwendet werden sollte.<\/p>\n<p>Nicht enthalten:<\/p>\n<ul>\n<li><a href=\"https:\/\/www.jootjeshaakcadeautjes.nl\/product\/dieren-haken-voor-de-baby-rosanne-briggeman-knufl\/\">Das Buch Animals Crochet for Baby. Wenn Sie sie noch nicht haben, k\u00f6nnen Sie sie hier kaufen.  <\/a><\/li>\n<li><a href=\"https:\/\/www.jootjeshaakcadeautjes.nl\/product\/haaknaalden-set-softgrip-groot\/\">H\u00e4kelnadel 2,5 mm &gt;&gt; Wenn Sie noch keine H\u00e4kelnadel haben, finden Sie sie hier.<\/a><\/li>\n<li><a href=\"https:\/\/www.jootjeshaakcadeautjes.nl\/product-categorie\/haakbenodigdheden\/borduurschaartjes\/\">Hobbyschere &gt;&gt; Wenn Sie noch keine Stickschere haben, finden Sie sie hier.<\/a><\/li>\n<li><a href=\"https:\/\/www.jootjeshaakcadeautjes.nl\/product\/rijgnaald\/\">F\u00e4delnadel &gt;&gt; Falls Sie noch keine haben, finden Sie sie hier.  <\/a><\/li>\n<li>F\u00fcllung*<\/li>\n<\/ul>\n<p>*Wir empfehlen ein g\u00fcnstiges, waschbares Kissen, zum Beispiel von Action. Dieser l\u00e4sst sich leicht entleeren und eignet sich hervorragend als F\u00fcllung.<\/p>\n","protected":false},"featured_media":101940,"template":"","meta":[],"product_brand":[],"product_cat":[8247,8506],"product_tag":[7510,8737,8735,8739,7525,8282,8738,8734,8740,8268,8393,7442,8083,8384,8461,8733,8736,8579,8528],"class_list":{"0":"post-119142","1":"product","2":"type-product","3":"status-publish","4":"has-post-thumbnail","6":"product_cat-bastelmaterial-hakelzubehor","7":"product_cat-hakelbucher-und-bausatze","8":"product_tag-baby-de","9":"product_tag-becher-de","10":"product_tag-briggeman-de","11":"product_tag-deluxe-de","12":"product_tag-die","13":"product_tag-fur-de","14":"product_tag-garnpackung","15":"product_tag-gesamte","16":"product_tag-gesamtsatz","17":"product_tag-hakchen","18":"product_tag-hakeltiere-fur-babys","19":"product_tag-kinderwagenkette","20":"product_tag-klappern","21":"product_tag-knufl-de","22":"product_tag-liefert","23":"product_tag-marienkafer","24":"product_tag-rosanne-de","25":"product_tag-stapelturm","26":"product_tag-tiere","28":"first","29":"outofstock","30":"virtual","31":"taxable","32":"product-type-bundle"},"bundled_by":[],"bundle_stock_status":"outofstock","bundle_stock_quantity":0,"bundle_virtual":false,"bundle_layout":"default","bundle_add_to_cart_form_location":"default","bundle_editable_in_cart":false,"bundle_sold_individually_context":"product","bundle_item_grouping":"parent","bundle_min_size":"","bundle_max_size":"","bundle_price":{"price":{"min":{"incl_tax":"39.35","excl_tax":"32.520661"},"max":{"incl_tax":"39.35","excl_tax":"32.520661"}},"regular_price":{"min":{"incl_tax":"39.35","excl_tax":"32.520661"},"max":{"incl_tax":"39.35","excl_tax":"32.520661"}}},"bundled_items":[],"bundle_sell_ids":[],"yoast_head":"<!-- This site is optimized with the Yoast SEO Premium plugin v27.6 (Yoast SEO v27.6) - https:\/\/yoast.com\/product\/yoast-seo-premium-wordpress\/ -->\n<title>Zubeh\u00f6r \/ Garnset - Komplettset - Rassel, Becher und Karussell Marienk\u00e4fer - Knufl - Jootjes Haakcadeautjes<\/title>\n<meta name=\"description\" content=\"Bestellen Sie hier Ihr Material f\u00fcr das Marienk\u00e4fer-Gesamtset aus dem Buch Crocheting Animals for Baby von Rosanne Briggeman \/ Knufl.\" \/>\n<meta name=\"robots\" content=\"index, follow, max-snippet:-1, max-image-preview:large, max-video-preview:-1\" \/>\n<link rel=\"canonical\" href=\"https:\/\/www.jootjeshaakcadeautjes.nl\/de\/produkt\/zubehoer-garn-kit-ladybird-knufl\/\" \/>\n<meta property=\"og:locale\" content=\"de_DE\" \/>\n<meta property=\"og:type\" content=\"article\" \/>\n<meta property=\"og:title\" content=\"Zubeh\u00f6r \/ Garnset - Komplettset - Rassel, Becher und Karussell Marienk\u00e4fer - Knufl\" \/>\n<meta property=\"og:description\" content=\"Bestellen Sie hier Ihr Material f\u00fcr das Marienk\u00e4fer-Gesamtset aus dem Buch Crocheting Animals for Baby von Rosanne Briggeman \/ Knufl.\" \/>\n<meta property=\"og:url\" content=\"https:\/\/www.jootjeshaakcadeautjes.nl\/de\/produkt\/zubehoer-garn-kit-ladybird-knufl\/\" \/>\n<meta property=\"og:site_name\" content=\"Jootjes Haakcadeautjes\" \/>\n<meta property=\"article:modified_time\" content=\"2025-03-11T03:37:53+00:00\" \/>\n<meta property=\"og:image\" content=\"https:\/\/www.jootjeshaakcadeautjes.nl\/wp-content\/uploads\/2023\/10\/Untitled-4.png\" \/>\n\t<meta property=\"og:image:width\" content=\"1080\" \/>\n\t<meta property=\"og:image:height\" content=\"1080\" \/>\n\t<meta property=\"og:image:type\" content=\"image\/png\" \/>\n<meta name=\"twitter:card\" content=\"summary_large_image\" \/>\n<meta name=\"twitter:label1\" content=\"Preis\" \/>\n\t<meta name=\"twitter:data1\" content=\"&euro;39.35 inkl. MwSt.\" \/>\n\t<meta name=\"twitter:label2\" content=\"Verf\u00fcgbarkeit\" \/>\n\t<meta name=\"twitter:data2\" content=\"ausverkauft\" \/>\n<script type=\"application\/ld+json\" class=\"yoast-schema-graph\">{\"@context\":\"https:\\\/\\\/schema.org\",\"@graph\":[{\"@type\":\"WebPage\",\"@id\":\"https:\\\/\\\/www.jootjeshaakcadeautjes.nl\\\/de\\\/produkt\\\/zubehoer-garn-kit-ladybird-knufl\\\/\",\"url\":\"https:\\\/\\\/www.jootjeshaakcadeautjes.nl\\\/de\\\/produkt\\\/zubehoer-garn-kit-ladybird-knufl\\\/\",\"name\":\"Zubeh\u00f6r \\\/ Garnset - Komplettset - Rassel, Becher und Karussell Marienk\u00e4fer - Knufl - Jootjes Haakcadeautjes\",\"isPartOf\":{\"@id\":\"https:\\\/\\\/www.jootjeshaakcadeautjes.nl\\\/de\\\/#website\"},\"primaryImageOfPage\":{\"@id\":\"https:\\\/\\\/www.jootjeshaakcadeautjes.nl\\\/de\\\/produkt\\\/zubehoer-garn-kit-ladybird-knufl\\\/#primaryimage\"},\"image\":{\"@id\":\"https:\\\/\\\/www.jootjeshaakcadeautjes.nl\\\/de\\\/produkt\\\/zubehoer-garn-kit-ladybird-knufl\\\/#primaryimage\"},\"thumbnailUrl\":\"https:\\\/\\\/d1dyryakdmle7o.cloudfront.net\\\/wp-content\\\/uploads\\\/2023\\\/10\\\/Untitled-4.png\",\"datePublished\":\"2023-10-29T14:42:56+00:00\",\"dateModified\":\"2025-03-11T03:37:53+00:00\",\"description\":\"Bestellen Sie hier Ihr Material f\u00fcr das Marienk\u00e4fer-Gesamtset aus dem Buch Crocheting Animals for Baby von Rosanne Briggeman \\\/ Knufl.\",\"breadcrumb\":{\"@id\":\"https:\\\/\\\/www.jootjeshaakcadeautjes.nl\\\/de\\\/produkt\\\/zubehoer-garn-kit-ladybird-knufl\\\/#breadcrumb\"},\"inLanguage\":\"de\",\"potentialAction\":[{\"@type\":\"ReadAction\",\"target\":[\"https:\\\/\\\/www.jootjeshaakcadeautjes.nl\\\/de\\\/produkt\\\/zubehoer-garn-kit-ladybird-knufl\\\/\"]}]},{\"@type\":\"ImageObject\",\"inLanguage\":\"de\",\"@id\":\"https:\\\/\\\/www.jootjeshaakcadeautjes.nl\\\/de\\\/produkt\\\/zubehoer-garn-kit-ladybird-knufl\\\/#primaryimage\",\"url\":\"https:\\\/\\\/d1dyryakdmle7o.cloudfront.net\\\/wp-content\\\/uploads\\\/2023\\\/10\\\/Untitled-4.png\",\"contentUrl\":\"https:\\\/\\\/d1dyryakdmle7o.cloudfront.net\\\/wp-content\\\/uploads\\\/2023\\\/10\\\/Untitled-4.png\",\"width\":1080,\"height\":1080,\"caption\":\"Rassel Wippe Wagon Spanner Marienk\u00e4fer Knufl DIY H\u00e4kel-Baby-Set\"},{\"@type\":\"BreadcrumbList\",\"@id\":\"https:\\\/\\\/www.jootjeshaakcadeautjes.nl\\\/de\\\/produkt\\\/zubehoer-garn-kit-ladybird-knufl\\\/#breadcrumb\",\"itemListElement\":[{\"@type\":\"ListItem\",\"position\":1,\"name\":\"Startseite\",\"item\":\"https:\\\/\\\/www.jootjeshaakcadeautjes.nl\\\/de\\\/\"},{\"@type\":\"ListItem\",\"position\":2,\"name\":\"Gro\u00dfhandel mit Silikonperlen &#8211; Business und Consumer\",\"item\":\"https:\\\/\\\/www.jootjeshaakcadeautjes.nl\\\/de\\\/shop\\\/\"},{\"@type\":\"ListItem\",\"position\":3,\"name\":\"Zubeh\u00f6r \\\/ Garnset &#8211; Komplettset &#8211; Rassel, Becher und Karussell Marienk\u00e4fer &#8211; Knufl\"}]},{\"@type\":\"WebSite\",\"@id\":\"https:\\\/\\\/www.jootjeshaakcadeautjes.nl\\\/de\\\/#website\",\"url\":\"https:\\\/\\\/www.jootjeshaakcadeautjes.nl\\\/de\\\/\",\"name\":\"Jootjes Haakcadeautjes\",\"description\":\"Silikonperlen Gro\u00dfhandel \",\"publisher\":{\"@id\":\"https:\\\/\\\/www.jootjeshaakcadeautjes.nl\\\/de\\\/#organization\"},\"potentialAction\":[{\"@type\":\"SearchAction\",\"target\":{\"@type\":\"EntryPoint\",\"urlTemplate\":\"https:\\\/\\\/www.jootjeshaakcadeautjes.nl\\\/de\\\/?s={search_term_string}\"},\"query-input\":{\"@type\":\"PropertyValueSpecification\",\"valueRequired\":true,\"valueName\":\"search_term_string\"}}],\"inLanguage\":\"de\"},{\"@type\":\"Organization\",\"@id\":\"https:\\\/\\\/www.jootjeshaakcadeautjes.nl\\\/de\\\/#organization\",\"name\":\"Jootjes Haakcadeautjes\",\"url\":\"https:\\\/\\\/www.jootjeshaakcadeautjes.nl\\\/de\\\/\",\"logo\":{\"@type\":\"ImageObject\",\"inLanguage\":\"de\",\"@id\":\"https:\\\/\\\/www.jootjeshaakcadeautjes.nl\\\/de\\\/#\\\/schema\\\/logo\\\/image\\\/\",\"url\":\"https:\\\/\\\/d1dyryakdmle7o.cloudfront.net\\\/wp-content\\\/uploads\\\/2023\\\/05\\\/Logo-rond.png\",\"contentUrl\":\"https:\\\/\\\/d1dyryakdmle7o.cloudfront.net\\\/wp-content\\\/uploads\\\/2023\\\/05\\\/Logo-rond.png\",\"width\":1222,\"height\":1222,\"caption\":\"Jootjes Haakcadeautjes\"},\"image\":{\"@id\":\"https:\\\/\\\/www.jootjeshaakcadeautjes.nl\\\/de\\\/#\\\/schema\\\/logo\\\/image\\\/\"}}]}<\/script>\n<meta property=\"product:price:amount\" content=\"39.35\" \/>\n<meta property=\"product:price:currency\" content=\"EUR\" \/>\n<meta property=\"og:availability\" content=\"out of stock\" \/>\n<meta property=\"product:availability\" content=\"out of stock\" \/>\n<meta property=\"product:retailer_item_id\" content=\"PAK-UIL-LVH-KNUFL-1-2\" \/>\n<meta property=\"product:condition\" content=\"new\" \/>\n<!-- \/ Yoast SEO Premium plugin. -->","yoast_head_json":{"title":"Zubeh\u00f6r \/ Garnset - Komplettset - Rassel, Becher und Karussell Marienk\u00e4fer - Knufl - Jootjes Haakcadeautjes","description":"Bestellen Sie hier Ihr Material f\u00fcr das Marienk\u00e4fer-Gesamtset aus dem Buch Crocheting Animals for Baby von Rosanne Briggeman \/ Knufl.","robots":{"index":"index","follow":"follow","max-snippet":"max-snippet:-1","max-image-preview":"max-image-preview:large","max-video-preview":"max-video-preview:-1"},"canonical":"https:\/\/www.jootjeshaakcadeautjes.nl\/de\/produkt\/zubehoer-garn-kit-ladybird-knufl\/","og_locale":"de_DE","og_type":"article","og_title":"Zubeh\u00f6r \/ Garnset - Komplettset - Rassel, Becher und Karussell Marienk\u00e4fer - Knufl","og_description":"Bestellen Sie hier Ihr Material f\u00fcr das Marienk\u00e4fer-Gesamtset aus dem Buch Crocheting Animals for Baby von Rosanne Briggeman \/ Knufl.","og_url":"https:\/\/www.jootjeshaakcadeautjes.nl\/de\/produkt\/zubehoer-garn-kit-ladybird-knufl\/","og_site_name":"Jootjes Haakcadeautjes","article_modified_time":"2025-03-11T03:37:53+00:00","og_image":[{"width":1080,"height":1080,"url":"https:\/\/www.jootjeshaakcadeautjes.nl\/wp-content\/uploads\/2023\/10\/Untitled-4.png","type":"image\/png"}],"twitter_card":"summary_large_image","twitter_misc":{"Preis":"&euro;39.35 inkl. MwSt.","Verf\u00fcgbarkeit":"ausverkauft"},"schema":{"@context":"https:\/\/schema.org","@graph":[{"@type":"WebPage","@id":"https:\/\/www.jootjeshaakcadeautjes.nl\/de\/produkt\/zubehoer-garn-kit-ladybird-knufl\/","url":"https:\/\/www.jootjeshaakcadeautjes.nl\/de\/produkt\/zubehoer-garn-kit-ladybird-knufl\/","name":"Zubeh\u00f6r \/ Garnset - Komplettset - Rassel, Becher und Karussell Marienk\u00e4fer - Knufl - Jootjes Haakcadeautjes","isPartOf":{"@id":"https:\/\/www.jootjeshaakcadeautjes.nl\/de\/#website"},"primaryImageOfPage":{"@id":"https:\/\/www.jootjeshaakcadeautjes.nl\/de\/produkt\/zubehoer-garn-kit-ladybird-knufl\/#primaryimage"},"image":{"@id":"https:\/\/www.jootjeshaakcadeautjes.nl\/de\/produkt\/zubehoer-garn-kit-ladybird-knufl\/#primaryimage"},"thumbnailUrl":"https:\/\/d1dyryakdmle7o.cloudfront.net\/wp-content\/uploads\/2023\/10\/Untitled-4.png","datePublished":"2023-10-29T14:42:56+00:00","dateModified":"2025-03-11T03:37:53+00:00","description":"Bestellen Sie hier Ihr Material f\u00fcr das Marienk\u00e4fer-Gesamtset aus dem Buch Crocheting Animals for Baby von Rosanne Briggeman \/ Knufl.","breadcrumb":{"@id":"https:\/\/www.jootjeshaakcadeautjes.nl\/de\/produkt\/zubehoer-garn-kit-ladybird-knufl\/#breadcrumb"},"inLanguage":"de","potentialAction":[{"@type":"ReadAction","target":["https:\/\/www.jootjeshaakcadeautjes.nl\/de\/produkt\/zubehoer-garn-kit-ladybird-knufl\/"]}]},{"@type":"ImageObject","inLanguage":"de","@id":"https:\/\/www.jootjeshaakcadeautjes.nl\/de\/produkt\/zubehoer-garn-kit-ladybird-knufl\/#primaryimage","url":"https:\/\/d1dyryakdmle7o.cloudfront.net\/wp-content\/uploads\/2023\/10\/Untitled-4.png","contentUrl":"https:\/\/d1dyryakdmle7o.cloudfront.net\/wp-content\/uploads\/2023\/10\/Untitled-4.png","width":1080,"height":1080,"caption":"Rassel Wippe Wagon Spanner Marienk\u00e4fer Knufl DIY H\u00e4kel-Baby-Set"},{"@type":"BreadcrumbList","@id":"https:\/\/www.jootjeshaakcadeautjes.nl\/de\/produkt\/zubehoer-garn-kit-ladybird-knufl\/#breadcrumb","itemListElement":[{"@type":"ListItem","position":1,"name":"Startseite","item":"https:\/\/www.jootjeshaakcadeautjes.nl\/de\/"},{"@type":"ListItem","position":2,"name":"Gro\u00dfhandel mit Silikonperlen &#8211; Business und Consumer","item":"https:\/\/www.jootjeshaakcadeautjes.nl\/de\/shop\/"},{"@type":"ListItem","position":3,"name":"Zubeh\u00f6r \/ Garnset &#8211; Komplettset &#8211; Rassel, Becher und Karussell Marienk\u00e4fer &#8211; Knufl"}]},{"@type":"WebSite","@id":"https:\/\/www.jootjeshaakcadeautjes.nl\/de\/#website","url":"https:\/\/www.jootjeshaakcadeautjes.nl\/de\/","name":"Jootjes Haakcadeautjes","description":"Silikonperlen Gro\u00dfhandel ","publisher":{"@id":"https:\/\/www.jootjeshaakcadeautjes.nl\/de\/#organization"},"potentialAction":[{"@type":"SearchAction","target":{"@type":"EntryPoint","urlTemplate":"https:\/\/www.jootjeshaakcadeautjes.nl\/de\/?s={search_term_string}"},"query-input":{"@type":"PropertyValueSpecification","valueRequired":true,"valueName":"search_term_string"}}],"inLanguage":"de"},{"@type":"Organization","@id":"https:\/\/www.jootjeshaakcadeautjes.nl\/de\/#organization","name":"Jootjes Haakcadeautjes","url":"https:\/\/www.jootjeshaakcadeautjes.nl\/de\/","logo":{"@type":"ImageObject","inLanguage":"de","@id":"https:\/\/www.jootjeshaakcadeautjes.nl\/de\/#\/schema\/logo\/image\/","url":"https:\/\/d1dyryakdmle7o.cloudfront.net\/wp-content\/uploads\/2023\/05\/Logo-rond.png","contentUrl":"https:\/\/d1dyryakdmle7o.cloudfront.net\/wp-content\/uploads\/2023\/05\/Logo-rond.png","width":1222,"height":1222,"caption":"Jootjes Haakcadeautjes"},"image":{"@id":"https:\/\/www.jootjeshaakcadeautjes.nl\/de\/#\/schema\/logo\/image\/"}}]},"product_price_amount":"39.35","product_price_currency":"EUR","og_availability":"out of stock","product_availability":"out of stock","product_retailer_item_id":"PAK-UIL-LVH-KNUFL-1-2","product_condition":"new"},"_links":{"self":[{"href":"https:\/\/www.jootjeshaakcadeautjes.nl\/de\/wp-json\/wp\/v2\/product\/119142","targetHints":{"allow":["GET"]}}],"collection":[{"href":"https:\/\/www.jootjeshaakcadeautjes.nl\/de\/wp-json\/wp\/v2\/product"}],"about":[{"href":"https:\/\/www.jootjeshaakcadeautjes.nl\/de\/wp-json\/wp\/v2\/types\/product"}],"version-history":[{"count":0,"href":"https:\/\/www.jootjeshaakcadeautjes.nl\/de\/wp-json\/wp\/v2\/product\/119142\/revisions"}],"wp:featuredmedia":[{"embeddable":true,"href":"https:\/\/www.jootjeshaakcadeautjes.nl\/de\/wp-json\/wp\/v2\/media\/101940"}],"wp:attachment":[{"href":"https:\/\/www.jootjeshaakcadeautjes.nl\/de\/wp-json\/wp\/v2\/media?parent=119142"}],"wp:term":[{"taxonomy":"product_brand","embeddable":true,"href":"https:\/\/www.jootjeshaakcadeautjes.nl\/de\/wp-json\/wp\/v2\/product_brand?post=119142"},{"taxonomy":"product_cat","embeddable":true,"href":"https:\/\/www.jootjeshaakcadeautjes.nl\/de\/wp-json\/wp\/v2\/product_cat?post=119142"},{"taxonomy":"product_tag","embeddable":true,"href":"https:\/\/www.jootjeshaakcadeautjes.nl\/de\/wp-json\/wp\/v2\/product_tag?post=119142"}],"curies":[{"name":"wp","href":"https:\/\/api.w.org\/{rel}","templated":true}]}}