{"id":119143,"date":"2023-10-29T16:18:00","date_gmt":"2023-10-29T15:18:00","guid":{"rendered":"https:\/\/www.jootjeshaakcadeautjes.nl\/product\/zubehoer-garnpaket-klapperpferd-knufl\/"},"modified":"2025-03-11T04:37:53","modified_gmt":"2025-03-11T03:37:53","slug":"zubehoer-garnpaket-klapperpferd-knufl","status":"publish","type":"product","link":"https:\/\/www.jootjeshaakcadeautjes.nl\/de\/produkt\/zubehoer-garnpaket-klapperpferd-knufl\/","title":{"rendered":"Verbrauchsmaterial \/ Garnpaket &#8211; Rasselpferd &#8211; Knufl"},"content":{"rendered":"<h2>Verbrauchsmaterial \/ Garnpaket &#8211; Rasselpferd &#8211; Knufl<\/h2>\n<p>Mit diesem Bausatz l\u00e4sst sich Knufl&#8217;s Rasselpferd ganz einfach basteln.<\/p>\n<p>Nicht enthalten:<\/p>\n<ul>\n<li><a href=\"https:\/\/www.jootjeshaakcadeautjes.nl\/de\/produkt\/tiere-rochet-fuer-baby-rosanne-briggeman-knufl\/\">Das Buch Animals Crochet for Baby. Wenn Sie sie noch nicht haben, k\u00f6nnen Sie sie hier kaufen.  <\/a><\/li>\n<li><a href=\"https:\/\/www.jootjeshaakcadeautjes.nl\/de\/produkt\/haekelnadeln-set-softgrip-gross\/\">H\u00e4kelnadel 2,5 mm &gt;&gt; Wenn Sie noch keine H\u00e4kelnadel haben, k\u00f6nnen Sie sie hier finden.<\/a><\/li>\n<li><a href=\"https:\/\/www.jootjeshaakcadeautjes.nl\/de\/product-categorie\/bastelmaterial-hakelzubehor\/stickereischere\/\">Hobbyschere &gt;&gt; Wenn Sie noch keine Stickschere haben, finden Sie sie hier.<\/a><\/li>\n<li><a href=\"https:\/\/www.jootjeshaakcadeautjes.nl\/de\/produkt\/einfaedeln-der-nadel\/\">F\u00e4delnadel &gt;&gt; Falls Sie noch keine haben, finden Sie sie hier.  <\/a><\/li>\n<li>F\u00fcllung*<\/li>\n<\/ul>\n<p>*Wir empfehlen ein g\u00fcnstiges, waschbares Kissen, zum Beispiel von Action. Dieser l\u00e4sst sich leicht entleeren und eignet sich hervorragend als F\u00fcllung.<\/p>\n","protected":false},"excerpt":{"rendered":"<p>Mit diesem Bausatz l\u00e4sst sich Knufl&#8217;s Rasselpferd ganz einfach basteln.<\/p>\n<p>Nicht enthalten:<\/p>\n<ul>\n<li><a href=\"https:\/\/www.jootjeshaakcadeautjes.nl\/product\/dieren-haken-voor-de-baby-rosanne-briggeman-knufl\/\">Das Buch Animals Crochet for Baby. Wenn Sie sie noch nicht haben, k\u00f6nnen Sie sie hier kaufen.  <\/a><\/li>\n<li><a href=\"https:\/\/www.jootjeshaakcadeautjes.nl\/product\/haaknaalden-set-softgrip-groot\/\">H\u00e4kelnadel 2,5 mm &gt;&gt; Wenn Sie noch keine H\u00e4kelnadel haben, k\u00f6nnen Sie sie hier finden.<\/a><\/li>\n<li><a href=\"https:\/\/www.jootjeshaakcadeautjes.nl\/product-categorie\/haakbenodigdheden\/borduurschaartjes\/\">Hobbyschere &gt;&gt; Wenn Sie noch keine Stickschere haben, finden Sie sie hier.<\/a><\/li>\n<li><a href=\"https:\/\/www.jootjeshaakcadeautjes.nl\/product\/rijgnaald\/\">F\u00e4delnadel &gt;&gt; Falls Sie noch keine haben, finden Sie sie hier.  <\/a><\/li>\n<li>F\u00fcllung*<\/li>\n<\/ul>\n<p>*Wir empfehlen ein g\u00fcnstiges, waschbares Kissen, zum Beispiel von Action. Dieser l\u00e4sst sich leicht entleeren und eignet sich hervorragend als F\u00fcllung.<\/p>\n","protected":false},"featured_media":101933,"template":"","meta":[],"product_brand":[],"product_cat":[8247,8506,18290],"product_tag":[7510,8735,7525,7205,8282,8738,8268,8523,8743,8393,8083,8384,8745,8461,8741,8736,8528],"class_list":{"0":"post-119143","1":"product","2":"type-product","3":"status-publish","4":"has-post-thumbnail","6":"product_cat-bastelmaterial-hakelzubehor","7":"product_cat-hakelbucher-und-bausatze","8":"product_cat-thema-sinterklaas","9":"product_tag-baby-de","10":"product_tag-briggeman-de","11":"product_tag-die","12":"product_tag-diy-de","13":"product_tag-fur-de","14":"product_tag-garnpackung","15":"product_tag-hakchen","16":"product_tag-hakelmuster","17":"product_tag-hakelset","18":"product_tag-hakeltiere-fur-babys","19":"product_tag-klappern","20":"product_tag-knufl-de","21":"product_tag-kuschelige-decke","22":"product_tag-liefert","23":"product_tag-pferd","24":"product_tag-rosanne-de","25":"product_tag-tiere","27":"first","28":"instock","29":"virtual","30":"taxable","31":"product-type-bundle"},"bundled_by":[],"bundle_stock_status":"instock","bundle_stock_quantity":7,"bundle_virtual":false,"bundle_layout":"default","bundle_add_to_cart_form_location":"default","bundle_editable_in_cart":false,"bundle_sold_individually_context":"product","bundle_item_grouping":"parent","bundle_min_size":"","bundle_max_size":"","bundle_price":{"price":{"min":{"incl_tax":"10.5","excl_tax":"8.677686"},"max":{"incl_tax":"10.5","excl_tax":"8.677686"}},"regular_price":{"min":{"incl_tax":"10.5","excl_tax":"8.677686"},"max":{"incl_tax":"10.5","excl_tax":"8.677686"}}},"bundled_items":[],"bundle_sell_ids":[],"yoast_head":"<!-- This site is optimized with the Yoast SEO Premium plugin v27.6 (Yoast SEO v27.6) - https:\/\/yoast.com\/product\/yoast-seo-premium-wordpress\/ -->\n<title>Verbrauchsmaterial \/ Garnpaket - Rasselpferd - Knufl - Jootjes Haakcadeautjes<\/title>\n<meta name=\"description\" content=\"Bestellen Sie hier Ihr Zubeh\u00f6r f\u00fcr die Pferderassel Tiere h\u00e4keln f\u00fcr Baby von Rosanne Briggeman \/ Knufl. Set Klapperpferd.\" \/>\n<meta name=\"robots\" content=\"index, follow, max-snippet:-1, max-image-preview:large, max-video-preview:-1\" \/>\n<link rel=\"canonical\" href=\"https:\/\/www.jootjeshaakcadeautjes.nl\/de\/produkt\/zubehoer-garnpaket-klapperpferd-knufl\/\" \/>\n<meta property=\"og:locale\" content=\"de_DE\" \/>\n<meta property=\"og:type\" content=\"article\" \/>\n<meta property=\"og:title\" content=\"Verbrauchsmaterial \/ Garnpaket - Rasselpferd - Knufl\" \/>\n<meta property=\"og:description\" content=\"Bestellen Sie hier Ihr Zubeh\u00f6r f\u00fcr die Pferderassel Tiere h\u00e4keln f\u00fcr Baby von Rosanne Briggeman \/ Knufl. Set Klapperpferd.\" \/>\n<meta property=\"og:url\" content=\"https:\/\/www.jootjeshaakcadeautjes.nl\/de\/produkt\/zubehoer-garnpaket-klapperpferd-knufl\/\" \/>\n<meta property=\"og:site_name\" content=\"Jootjes Haakcadeautjes\" \/>\n<meta property=\"article:modified_time\" content=\"2025-03-11T03:37:53+00:00\" \/>\n<meta property=\"og:image\" content=\"https:\/\/www.jootjeshaakcadeautjes.nl\/wp-content\/uploads\/2023\/10\/Untitled.png\" \/>\n\t<meta property=\"og:image:width\" content=\"1080\" \/>\n\t<meta property=\"og:image:height\" content=\"1080\" \/>\n\t<meta property=\"og:image:type\" content=\"image\/png\" \/>\n<meta name=\"twitter:card\" content=\"summary_large_image\" \/>\n<meta name=\"twitter:label1\" content=\"Preis\" \/>\n\t<meta name=\"twitter:data1\" content=\"&euro;10.50 inkl. MwSt.\" \/>\n\t<meta name=\"twitter:label2\" content=\"Verf\u00fcgbarkeit\" \/>\n\t<meta name=\"twitter:data2\" content=\"Auf Lager\" \/>\n<script type=\"application\/ld+json\" class=\"yoast-schema-graph\">{\"@context\":\"https:\\\/\\\/schema.org\",\"@graph\":[{\"@type\":\"WebPage\",\"@id\":\"https:\\\/\\\/www.jootjeshaakcadeautjes.nl\\\/de\\\/produkt\\\/zubehoer-garnpaket-klapperpferd-knufl\\\/\",\"url\":\"https:\\\/\\\/www.jootjeshaakcadeautjes.nl\\\/de\\\/produkt\\\/zubehoer-garnpaket-klapperpferd-knufl\\\/\",\"name\":\"Verbrauchsmaterial \\\/ Garnpaket - Rasselpferd - Knufl - Jootjes Haakcadeautjes\",\"isPartOf\":{\"@id\":\"https:\\\/\\\/www.jootjeshaakcadeautjes.nl\\\/de\\\/#website\"},\"primaryImageOfPage\":{\"@id\":\"https:\\\/\\\/www.jootjeshaakcadeautjes.nl\\\/de\\\/produkt\\\/zubehoer-garnpaket-klapperpferd-knufl\\\/#primaryimage\"},\"image\":{\"@id\":\"https:\\\/\\\/www.jootjeshaakcadeautjes.nl\\\/de\\\/produkt\\\/zubehoer-garnpaket-klapperpferd-knufl\\\/#primaryimage\"},\"thumbnailUrl\":\"https:\\\/\\\/d1dyryakdmle7o.cloudfront.net\\\/wp-content\\\/uploads\\\/2023\\\/10\\\/Untitled.png\",\"datePublished\":\"2023-10-29T15:18:00+00:00\",\"dateModified\":\"2025-03-11T03:37:53+00:00\",\"description\":\"Bestellen Sie hier Ihr Zubeh\u00f6r f\u00fcr die Pferderassel Tiere h\u00e4keln f\u00fcr Baby von Rosanne Briggeman \\\/ Knufl. Set Klapperpferd.\",\"breadcrumb\":{\"@id\":\"https:\\\/\\\/www.jootjeshaakcadeautjes.nl\\\/de\\\/produkt\\\/zubehoer-garnpaket-klapperpferd-knufl\\\/#breadcrumb\"},\"inLanguage\":\"de\",\"potentialAction\":[{\"@type\":\"ReadAction\",\"target\":[\"https:\\\/\\\/www.jootjeshaakcadeautjes.nl\\\/de\\\/produkt\\\/zubehoer-garnpaket-klapperpferd-knufl\\\/\"]}]},{\"@type\":\"ImageObject\",\"inLanguage\":\"de\",\"@id\":\"https:\\\/\\\/www.jootjeshaakcadeautjes.nl\\\/de\\\/produkt\\\/zubehoer-garnpaket-klapperpferd-knufl\\\/#primaryimage\",\"url\":\"https:\\\/\\\/d1dyryakdmle7o.cloudfront.net\\\/wp-content\\\/uploads\\\/2023\\\/10\\\/Untitled.png\",\"contentUrl\":\"https:\\\/\\\/d1dyryakdmle7o.cloudfront.net\\\/wp-content\\\/uploads\\\/2023\\\/10\\\/Untitled.png\",\"width\":1080,\"height\":1080},{\"@type\":\"BreadcrumbList\",\"@id\":\"https:\\\/\\\/www.jootjeshaakcadeautjes.nl\\\/de\\\/produkt\\\/zubehoer-garnpaket-klapperpferd-knufl\\\/#breadcrumb\",\"itemListElement\":[{\"@type\":\"ListItem\",\"position\":1,\"name\":\"Startseite\",\"item\":\"https:\\\/\\\/www.jootjeshaakcadeautjes.nl\\\/de\\\/\"},{\"@type\":\"ListItem\",\"position\":2,\"name\":\"Gro\u00dfhandel mit Silikonperlen &#8211; Business und Consumer\",\"item\":\"https:\\\/\\\/www.jootjeshaakcadeautjes.nl\\\/de\\\/shop\\\/\"},{\"@type\":\"ListItem\",\"position\":3,\"name\":\"Verbrauchsmaterial \\\/ Garnpaket &#8211; Rasselpferd &#8211; Knufl\"}]},{\"@type\":\"WebSite\",\"@id\":\"https:\\\/\\\/www.jootjeshaakcadeautjes.nl\\\/de\\\/#website\",\"url\":\"https:\\\/\\\/www.jootjeshaakcadeautjes.nl\\\/de\\\/\",\"name\":\"Jootjes Haakcadeautjes\",\"description\":\"Silikonperlen Gro\u00dfhandel \",\"publisher\":{\"@id\":\"https:\\\/\\\/www.jootjeshaakcadeautjes.nl\\\/de\\\/#organization\"},\"potentialAction\":[{\"@type\":\"SearchAction\",\"target\":{\"@type\":\"EntryPoint\",\"urlTemplate\":\"https:\\\/\\\/www.jootjeshaakcadeautjes.nl\\\/de\\\/?s={search_term_string}\"},\"query-input\":{\"@type\":\"PropertyValueSpecification\",\"valueRequired\":true,\"valueName\":\"search_term_string\"}}],\"inLanguage\":\"de\"},{\"@type\":\"Organization\",\"@id\":\"https:\\\/\\\/www.jootjeshaakcadeautjes.nl\\\/de\\\/#organization\",\"name\":\"Jootjes Haakcadeautjes\",\"url\":\"https:\\\/\\\/www.jootjeshaakcadeautjes.nl\\\/de\\\/\",\"logo\":{\"@type\":\"ImageObject\",\"inLanguage\":\"de\",\"@id\":\"https:\\\/\\\/www.jootjeshaakcadeautjes.nl\\\/de\\\/#\\\/schema\\\/logo\\\/image\\\/\",\"url\":\"https:\\\/\\\/d1dyryakdmle7o.cloudfront.net\\\/wp-content\\\/uploads\\\/2023\\\/05\\\/Logo-rond.png\",\"contentUrl\":\"https:\\\/\\\/d1dyryakdmle7o.cloudfront.net\\\/wp-content\\\/uploads\\\/2023\\\/05\\\/Logo-rond.png\",\"width\":1222,\"height\":1222,\"caption\":\"Jootjes Haakcadeautjes\"},\"image\":{\"@id\":\"https:\\\/\\\/www.jootjeshaakcadeautjes.nl\\\/de\\\/#\\\/schema\\\/logo\\\/image\\\/\"}}]}<\/script>\n<meta property=\"product:price:amount\" content=\"10.50\" \/>\n<meta property=\"product:price:currency\" content=\"EUR\" \/>\n<meta property=\"og:availability\" content=\"instock\" \/>\n<meta property=\"product:availability\" content=\"instock\" \/>\n<meta property=\"product:retailer_item_id\" content=\"PAK-RMP-KNF\" \/>\n<meta property=\"product:condition\" content=\"new\" \/>\n<!-- \/ Yoast SEO Premium plugin. -->","yoast_head_json":{"title":"Verbrauchsmaterial \/ Garnpaket - Rasselpferd - Knufl - Jootjes Haakcadeautjes","description":"Bestellen Sie hier Ihr Zubeh\u00f6r f\u00fcr die Pferderassel Tiere h\u00e4keln f\u00fcr Baby von Rosanne Briggeman \/ Knufl. Set Klapperpferd.","robots":{"index":"index","follow":"follow","max-snippet":"max-snippet:-1","max-image-preview":"max-image-preview:large","max-video-preview":"max-video-preview:-1"},"canonical":"https:\/\/www.jootjeshaakcadeautjes.nl\/de\/produkt\/zubehoer-garnpaket-klapperpferd-knufl\/","og_locale":"de_DE","og_type":"article","og_title":"Verbrauchsmaterial \/ Garnpaket - Rasselpferd - Knufl","og_description":"Bestellen Sie hier Ihr Zubeh\u00f6r f\u00fcr die Pferderassel Tiere h\u00e4keln f\u00fcr Baby von Rosanne Briggeman \/ Knufl. Set Klapperpferd.","og_url":"https:\/\/www.jootjeshaakcadeautjes.nl\/de\/produkt\/zubehoer-garnpaket-klapperpferd-knufl\/","og_site_name":"Jootjes Haakcadeautjes","article_modified_time":"2025-03-11T03:37:53+00:00","og_image":[{"width":1080,"height":1080,"url":"https:\/\/www.jootjeshaakcadeautjes.nl\/wp-content\/uploads\/2023\/10\/Untitled.png","type":"image\/png"}],"twitter_card":"summary_large_image","twitter_misc":{"Preis":"&euro;10.50 inkl. MwSt.","Verf\u00fcgbarkeit":"Auf Lager"},"schema":{"@context":"https:\/\/schema.org","@graph":[{"@type":"WebPage","@id":"https:\/\/www.jootjeshaakcadeautjes.nl\/de\/produkt\/zubehoer-garnpaket-klapperpferd-knufl\/","url":"https:\/\/www.jootjeshaakcadeautjes.nl\/de\/produkt\/zubehoer-garnpaket-klapperpferd-knufl\/","name":"Verbrauchsmaterial \/ Garnpaket - Rasselpferd - Knufl - Jootjes Haakcadeautjes","isPartOf":{"@id":"https:\/\/www.jootjeshaakcadeautjes.nl\/de\/#website"},"primaryImageOfPage":{"@id":"https:\/\/www.jootjeshaakcadeautjes.nl\/de\/produkt\/zubehoer-garnpaket-klapperpferd-knufl\/#primaryimage"},"image":{"@id":"https:\/\/www.jootjeshaakcadeautjes.nl\/de\/produkt\/zubehoer-garnpaket-klapperpferd-knufl\/#primaryimage"},"thumbnailUrl":"https:\/\/d1dyryakdmle7o.cloudfront.net\/wp-content\/uploads\/2023\/10\/Untitled.png","datePublished":"2023-10-29T15:18:00+00:00","dateModified":"2025-03-11T03:37:53+00:00","description":"Bestellen Sie hier Ihr Zubeh\u00f6r f\u00fcr die Pferderassel Tiere h\u00e4keln f\u00fcr Baby von Rosanne Briggeman \/ Knufl. Set Klapperpferd.","breadcrumb":{"@id":"https:\/\/www.jootjeshaakcadeautjes.nl\/de\/produkt\/zubehoer-garnpaket-klapperpferd-knufl\/#breadcrumb"},"inLanguage":"de","potentialAction":[{"@type":"ReadAction","target":["https:\/\/www.jootjeshaakcadeautjes.nl\/de\/produkt\/zubehoer-garnpaket-klapperpferd-knufl\/"]}]},{"@type":"ImageObject","inLanguage":"de","@id":"https:\/\/www.jootjeshaakcadeautjes.nl\/de\/produkt\/zubehoer-garnpaket-klapperpferd-knufl\/#primaryimage","url":"https:\/\/d1dyryakdmle7o.cloudfront.net\/wp-content\/uploads\/2023\/10\/Untitled.png","contentUrl":"https:\/\/d1dyryakdmle7o.cloudfront.net\/wp-content\/uploads\/2023\/10\/Untitled.png","width":1080,"height":1080},{"@type":"BreadcrumbList","@id":"https:\/\/www.jootjeshaakcadeautjes.nl\/de\/produkt\/zubehoer-garnpaket-klapperpferd-knufl\/#breadcrumb","itemListElement":[{"@type":"ListItem","position":1,"name":"Startseite","item":"https:\/\/www.jootjeshaakcadeautjes.nl\/de\/"},{"@type":"ListItem","position":2,"name":"Gro\u00dfhandel mit Silikonperlen &#8211; Business und Consumer","item":"https:\/\/www.jootjeshaakcadeautjes.nl\/de\/shop\/"},{"@type":"ListItem","position":3,"name":"Verbrauchsmaterial \/ Garnpaket &#8211; Rasselpferd &#8211; Knufl"}]},{"@type":"WebSite","@id":"https:\/\/www.jootjeshaakcadeautjes.nl\/de\/#website","url":"https:\/\/www.jootjeshaakcadeautjes.nl\/de\/","name":"Jootjes Haakcadeautjes","description":"Silikonperlen Gro\u00dfhandel ","publisher":{"@id":"https:\/\/www.jootjeshaakcadeautjes.nl\/de\/#organization"},"potentialAction":[{"@type":"SearchAction","target":{"@type":"EntryPoint","urlTemplate":"https:\/\/www.jootjeshaakcadeautjes.nl\/de\/?s={search_term_string}"},"query-input":{"@type":"PropertyValueSpecification","valueRequired":true,"valueName":"search_term_string"}}],"inLanguage":"de"},{"@type":"Organization","@id":"https:\/\/www.jootjeshaakcadeautjes.nl\/de\/#organization","name":"Jootjes Haakcadeautjes","url":"https:\/\/www.jootjeshaakcadeautjes.nl\/de\/","logo":{"@type":"ImageObject","inLanguage":"de","@id":"https:\/\/www.jootjeshaakcadeautjes.nl\/de\/#\/schema\/logo\/image\/","url":"https:\/\/d1dyryakdmle7o.cloudfront.net\/wp-content\/uploads\/2023\/05\/Logo-rond.png","contentUrl":"https:\/\/d1dyryakdmle7o.cloudfront.net\/wp-content\/uploads\/2023\/05\/Logo-rond.png","width":1222,"height":1222,"caption":"Jootjes Haakcadeautjes"},"image":{"@id":"https:\/\/www.jootjeshaakcadeautjes.nl\/de\/#\/schema\/logo\/image\/"}}]},"product_price_amount":"10.50","product_price_currency":"EUR","og_availability":"instock","product_availability":"instock","product_retailer_item_id":"PAK-RMP-KNF","product_condition":"new"},"_links":{"self":[{"href":"https:\/\/www.jootjeshaakcadeautjes.nl\/de\/wp-json\/wp\/v2\/product\/119143","targetHints":{"allow":["GET"]}}],"collection":[{"href":"https:\/\/www.jootjeshaakcadeautjes.nl\/de\/wp-json\/wp\/v2\/product"}],"about":[{"href":"https:\/\/www.jootjeshaakcadeautjes.nl\/de\/wp-json\/wp\/v2\/types\/product"}],"version-history":[{"count":0,"href":"https:\/\/www.jootjeshaakcadeautjes.nl\/de\/wp-json\/wp\/v2\/product\/119143\/revisions"}],"wp:featuredmedia":[{"embeddable":true,"href":"https:\/\/www.jootjeshaakcadeautjes.nl\/de\/wp-json\/wp\/v2\/media\/101933"}],"wp:attachment":[{"href":"https:\/\/www.jootjeshaakcadeautjes.nl\/de\/wp-json\/wp\/v2\/media?parent=119143"}],"wp:term":[{"taxonomy":"product_brand","embeddable":true,"href":"https:\/\/www.jootjeshaakcadeautjes.nl\/de\/wp-json\/wp\/v2\/product_brand?post=119143"},{"taxonomy":"product_cat","embeddable":true,"href":"https:\/\/www.jootjeshaakcadeautjes.nl\/de\/wp-json\/wp\/v2\/product_cat?post=119143"},{"taxonomy":"product_tag","embeddable":true,"href":"https:\/\/www.jootjeshaakcadeautjes.nl\/de\/wp-json\/wp\/v2\/product_tag?post=119143"}],"curies":[{"name":"wp","href":"https:\/\/api.w.org\/{rel}","templated":true}]}}