{"id":119173,"date":"2023-10-29T16:02:51","date_gmt":"2023-10-29T15:02:51","guid":{"rendered":"https:\/\/www.jootjeshaakcadeautjes.nl\/product\/langlebig-cosy-2230-dunkelbraun\/"},"modified":"2026-02-02T18:51:02","modified_gmt":"2026-02-02T17:51:02","slug":"langlebig-cosy-2230-dunkelbraun","status":"publish","type":"product","link":"https:\/\/www.jootjeshaakcadeautjes.nl\/de\/produkt\/langlebig-cosy-2230-dunkelbraun\/","title":{"rendered":"Dauerhaft kuschelig &#8211; Farbe 2230 Dunkelbraun"},"content":{"rendered":"<h1>Dauerhaft kuschelig &#8211; Farbe 2230 Dunkelbraun<\/h1>\n<p>Durable Cosy ist eine Garnmischung aus 58% Baumwolle und 42% Acrylgarn mit einem wunderbar weichen Effekt. Der seidige Look verleiht Ihren H\u00e4kel- und Strickwaren ein besonders luxuri\u00f6ses Gef\u00fchl. Die H\u00e4kelbaumwolle besteht aus 100% mercerisierter Baumwolle. Geeignet zum H\u00e4keln oder Stricken von Amigurumi \/ Kuscheltieren f\u00fcr Babys. Perfekt f\u00fcr die Herstellung von Geschenken f\u00fcr die Mutterschaft oder f\u00fcr die Babyparty.<\/p>\n<p>Farbe: 2230 Dunkelbraun<\/p>\n","protected":false},"excerpt":{"rendered":"<p>Dauerhaft gem\u00fctlich &#8211; 2230 Dunkelbraun<br \/>\n58% Baumwolle, 42% Polyacryl<\/p>\n<table style=\"height: 227px;\" border=\"0\" width=\"373\">\n<tbody>\n<tr>\n<td>Material<\/td>\n<td>58% Baumwolle, 42% Polyacryl<\/td>\n<\/tr>\n<tr>\n<td>Gewicht<\/td>\n<td>50 g<\/td>\n<\/tr>\n<tr>\n<td>L\u00e4nge<\/td>\n<td>ca. 105 Meter<\/td>\n<\/tr>\n<tr>\n<td>Empfohlene Nadel<\/td>\n<td>4 &#8211; 4,5 mm<\/td>\n<\/tr>\n<tr>\n<td><\/td>\n<td><\/td>\n<\/tr>\n<tr>\n<td><\/td>\n<td><\/td>\n<\/tr>\n<\/tbody>\n<\/table>\n","protected":false},"featured_media":101902,"template":"","meta":[],"product_brand":[],"product_cat":[8247,8748,8747],"product_tag":[8756,8305,7510,8755,8757,8751,8752,8758,7464,8268,8754,8749,8753],"class_list":{"0":"post-119173","1":"product","2":"type-product","3":"status-publish","4":"has-post-thumbnail","6":"product_cat-bastelmaterial-hakelzubehor","7":"product_cat-durable-coral-wolle-und-garn-pluschtiere-und-amigurumi-baby","8":"product_cat-wolle-und-garn","9":"product_tag-2230-de","10":"product_tag-amigurumi-de","11":"product_tag-baby-de","12":"product_tag-dauerhaft","13":"product_tag-dunkelbraun","14":"product_tag-farbe","15":"product_tag-garn","16":"product_tag-gemutlich","17":"product_tag-groshandel","18":"product_tag-hakchen","19":"product_tag-hakeln-fur-baby","20":"product_tag-stricken","21":"product_tag-wolle","22":"product_shipping_class-paketversand-erforderlich","24":"first","25":"instock","26":"taxable","27":"shipping-taxable","28":"purchasable","29":"product-type-simple"},"bundled_by":[],"bundle_stock_status":"instock","bundle_stock_quantity":7,"bundle_virtual":false,"bundle_layout":"","bundle_add_to_cart_form_location":"","bundle_editable_in_cart":false,"bundle_sold_individually_context":"","bundle_item_grouping":"","bundle_min_size":"","bundle_max_size":"","bundle_price":[],"bundled_items":[],"bundle_sell_ids":[],"yoast_head":"<!-- This site is optimized with the Yoast SEO Premium plugin v27.6 (Yoast SEO v27.6) - https:\/\/yoast.com\/product\/yoast-seo-premium-wordpress\/ -->\n<title>Dauerhaft kuschelig - Farbe 2230 Dunkelbraun - Jootjes Haakcadeautjes<\/title>\n<meta name=\"description\" content=\"Strapazierf\u00e4higes Kuschelgarn - Farbe 2230 Dunkelbraun, direkt ab Lager lieferbar. Perfekt zum H\u00e4keln f\u00fcr Babys, z. B. Stofftiere\/Amigurumi und mehr.\" \/>\n<meta name=\"robots\" content=\"index, follow, max-snippet:-1, max-image-preview:large, max-video-preview:-1\" \/>\n<link rel=\"canonical\" href=\"https:\/\/www.jootjeshaakcadeautjes.nl\/de\/produkt\/langlebig-cosy-2230-dunkelbraun\/\" \/>\n<meta property=\"og:locale\" content=\"de_DE\" \/>\n<meta property=\"og:type\" content=\"article\" \/>\n<meta property=\"og:title\" content=\"Dauerhaft kuschelig - Farbe 2230 Dunkelbraun\" \/>\n<meta property=\"og:description\" content=\"Strapazierf\u00e4higes Kuschelgarn - Farbe 2230 Dunkelbraun, direkt ab Lager lieferbar. Perfekt zum H\u00e4keln f\u00fcr Babys, z. B. Stofftiere\/Amigurumi und mehr.\" \/>\n<meta property=\"og:url\" content=\"https:\/\/www.jootjeshaakcadeautjes.nl\/de\/produkt\/langlebig-cosy-2230-dunkelbraun\/\" \/>\n<meta property=\"og:site_name\" content=\"Jootjes Haakcadeautjes\" \/>\n<meta property=\"article:modified_time\" content=\"2026-02-02T17:51:02+00:00\" \/>\n<meta property=\"og:image\" content=\"https:\/\/www.jootjeshaakcadeautjes.nl\/wp-content\/uploads\/2023\/10\/durable-cosy-fine-010.67__2230.jpg\" \/>\n\t<meta property=\"og:image:width\" content=\"700\" \/>\n\t<meta property=\"og:image:height\" content=\"700\" \/>\n\t<meta property=\"og:image:type\" content=\"image\/jpeg\" \/>\n<meta name=\"twitter:card\" content=\"summary_large_image\" \/>\n<meta name=\"twitter:label1\" content=\"Preis\" \/>\n\t<meta name=\"twitter:data1\" content=\"&euro;3.60 inkl. MwSt.\" \/>\n\t<meta name=\"twitter:label2\" content=\"Verf\u00fcgbarkeit\" \/>\n\t<meta name=\"twitter:data2\" content=\"Auf Lager\" \/>\n<script type=\"application\/ld+json\" class=\"yoast-schema-graph\">{\"@context\":\"https:\\\/\\\/schema.org\",\"@graph\":[{\"@type\":\"WebPage\",\"@id\":\"https:\\\/\\\/www.jootjeshaakcadeautjes.nl\\\/de\\\/produkt\\\/langlebig-cosy-2230-dunkelbraun\\\/\",\"url\":\"https:\\\/\\\/www.jootjeshaakcadeautjes.nl\\\/de\\\/produkt\\\/langlebig-cosy-2230-dunkelbraun\\\/\",\"name\":\"Dauerhaft kuschelig - Farbe 2230 Dunkelbraun - Jootjes Haakcadeautjes\",\"isPartOf\":{\"@id\":\"https:\\\/\\\/www.jootjeshaakcadeautjes.nl\\\/de\\\/#website\"},\"primaryImageOfPage\":{\"@id\":\"https:\\\/\\\/www.jootjeshaakcadeautjes.nl\\\/de\\\/produkt\\\/langlebig-cosy-2230-dunkelbraun\\\/#primaryimage\"},\"image\":{\"@id\":\"https:\\\/\\\/www.jootjeshaakcadeautjes.nl\\\/de\\\/produkt\\\/langlebig-cosy-2230-dunkelbraun\\\/#primaryimage\"},\"thumbnailUrl\":\"https:\\\/\\\/d1dyryakdmle7o.cloudfront.net\\\/wp-content\\\/uploads\\\/2023\\\/10\\\/durable-cosy-fine-010.67__2230.jpg\",\"datePublished\":\"2023-10-29T15:02:51+00:00\",\"dateModified\":\"2026-02-02T17:51:02+00:00\",\"description\":\"Strapazierf\u00e4higes Kuschelgarn - Farbe 2230 Dunkelbraun, direkt ab Lager lieferbar. Perfekt zum H\u00e4keln f\u00fcr Babys, z. B. Stofftiere\\\/Amigurumi und mehr.\",\"breadcrumb\":{\"@id\":\"https:\\\/\\\/www.jootjeshaakcadeautjes.nl\\\/de\\\/produkt\\\/langlebig-cosy-2230-dunkelbraun\\\/#breadcrumb\"},\"inLanguage\":\"de\",\"potentialAction\":[{\"@type\":\"ReadAction\",\"target\":[\"https:\\\/\\\/www.jootjeshaakcadeautjes.nl\\\/de\\\/produkt\\\/langlebig-cosy-2230-dunkelbraun\\\/\"]}]},{\"@type\":\"ImageObject\",\"inLanguage\":\"de\",\"@id\":\"https:\\\/\\\/www.jootjeshaakcadeautjes.nl\\\/de\\\/produkt\\\/langlebig-cosy-2230-dunkelbraun\\\/#primaryimage\",\"url\":\"https:\\\/\\\/d1dyryakdmle7o.cloudfront.net\\\/wp-content\\\/uploads\\\/2023\\\/10\\\/durable-cosy-fine-010.67__2230.jpg\",\"contentUrl\":\"https:\\\/\\\/d1dyryakdmle7o.cloudfront.net\\\/wp-content\\\/uploads\\\/2023\\\/10\\\/durable-cosy-fine-010.67__2230.jpg\",\"width\":700,\"height\":700,\"caption\":\"Langlebiges Cosy Fine 2230 Dunkelbraun H\u00e4kelgarn\"},{\"@type\":\"BreadcrumbList\",\"@id\":\"https:\\\/\\\/www.jootjeshaakcadeautjes.nl\\\/de\\\/produkt\\\/langlebig-cosy-2230-dunkelbraun\\\/#breadcrumb\",\"itemListElement\":[{\"@type\":\"ListItem\",\"position\":1,\"name\":\"Startseite\",\"item\":\"https:\\\/\\\/www.jootjeshaakcadeautjes.nl\\\/de\\\/\"},{\"@type\":\"ListItem\",\"position\":2,\"name\":\"Gro\u00dfhandel mit Silikonperlen &#8211; Business und Consumer\",\"item\":\"https:\\\/\\\/www.jootjeshaakcadeautjes.nl\\\/de\\\/shop\\\/\"},{\"@type\":\"ListItem\",\"position\":3,\"name\":\"Dauerhaft kuschelig &#8211; Farbe 2230 Dunkelbraun\"}]},{\"@type\":\"WebSite\",\"@id\":\"https:\\\/\\\/www.jootjeshaakcadeautjes.nl\\\/de\\\/#website\",\"url\":\"https:\\\/\\\/www.jootjeshaakcadeautjes.nl\\\/de\\\/\",\"name\":\"Jootjes Haakcadeautjes\",\"description\":\"Silikonperlen Gro\u00dfhandel \",\"publisher\":{\"@id\":\"https:\\\/\\\/www.jootjeshaakcadeautjes.nl\\\/de\\\/#organization\"},\"potentialAction\":[{\"@type\":\"SearchAction\",\"target\":{\"@type\":\"EntryPoint\",\"urlTemplate\":\"https:\\\/\\\/www.jootjeshaakcadeautjes.nl\\\/de\\\/?s={search_term_string}\"},\"query-input\":{\"@type\":\"PropertyValueSpecification\",\"valueRequired\":true,\"valueName\":\"search_term_string\"}}],\"inLanguage\":\"de\"},{\"@type\":\"Organization\",\"@id\":\"https:\\\/\\\/www.jootjeshaakcadeautjes.nl\\\/de\\\/#organization\",\"name\":\"Jootjes Haakcadeautjes\",\"url\":\"https:\\\/\\\/www.jootjeshaakcadeautjes.nl\\\/de\\\/\",\"logo\":{\"@type\":\"ImageObject\",\"inLanguage\":\"de\",\"@id\":\"https:\\\/\\\/www.jootjeshaakcadeautjes.nl\\\/de\\\/#\\\/schema\\\/logo\\\/image\\\/\",\"url\":\"https:\\\/\\\/d1dyryakdmle7o.cloudfront.net\\\/wp-content\\\/uploads\\\/2023\\\/05\\\/Logo-rond.png\",\"contentUrl\":\"https:\\\/\\\/d1dyryakdmle7o.cloudfront.net\\\/wp-content\\\/uploads\\\/2023\\\/05\\\/Logo-rond.png\",\"width\":1222,\"height\":1222,\"caption\":\"Jootjes Haakcadeautjes\"},\"image\":{\"@id\":\"https:\\\/\\\/www.jootjeshaakcadeautjes.nl\\\/de\\\/#\\\/schema\\\/logo\\\/image\\\/\"}}]}<\/script>\n<meta property=\"product:price:amount\" content=\"3.60\" \/>\n<meta property=\"product:price:currency\" content=\"EUR\" \/>\n<meta property=\"og:availability\" content=\"instock\" \/>\n<meta property=\"product:availability\" content=\"instock\" \/>\n<meta property=\"product:retailer_item_id\" content=\"DUR-COS-2230\" \/>\n<meta property=\"product:condition\" content=\"new\" \/>\n<!-- \/ Yoast SEO Premium plugin. -->","yoast_head_json":{"title":"Dauerhaft kuschelig - Farbe 2230 Dunkelbraun - Jootjes Haakcadeautjes","description":"Strapazierf\u00e4higes Kuschelgarn - Farbe 2230 Dunkelbraun, direkt ab Lager lieferbar. Perfekt zum H\u00e4keln f\u00fcr Babys, z. B. Stofftiere\/Amigurumi und mehr.","robots":{"index":"index","follow":"follow","max-snippet":"max-snippet:-1","max-image-preview":"max-image-preview:large","max-video-preview":"max-video-preview:-1"},"canonical":"https:\/\/www.jootjeshaakcadeautjes.nl\/de\/produkt\/langlebig-cosy-2230-dunkelbraun\/","og_locale":"de_DE","og_type":"article","og_title":"Dauerhaft kuschelig - Farbe 2230 Dunkelbraun","og_description":"Strapazierf\u00e4higes Kuschelgarn - Farbe 2230 Dunkelbraun, direkt ab Lager lieferbar. Perfekt zum H\u00e4keln f\u00fcr Babys, z. B. Stofftiere\/Amigurumi und mehr.","og_url":"https:\/\/www.jootjeshaakcadeautjes.nl\/de\/produkt\/langlebig-cosy-2230-dunkelbraun\/","og_site_name":"Jootjes Haakcadeautjes","article_modified_time":"2026-02-02T17:51:02+00:00","og_image":[{"width":700,"height":700,"url":"https:\/\/www.jootjeshaakcadeautjes.nl\/wp-content\/uploads\/2023\/10\/durable-cosy-fine-010.67__2230.jpg","type":"image\/jpeg"}],"twitter_card":"summary_large_image","twitter_misc":{"Preis":"&euro;3.60 inkl. MwSt.","Verf\u00fcgbarkeit":"Auf Lager"},"schema":{"@context":"https:\/\/schema.org","@graph":[{"@type":"WebPage","@id":"https:\/\/www.jootjeshaakcadeautjes.nl\/de\/produkt\/langlebig-cosy-2230-dunkelbraun\/","url":"https:\/\/www.jootjeshaakcadeautjes.nl\/de\/produkt\/langlebig-cosy-2230-dunkelbraun\/","name":"Dauerhaft kuschelig - Farbe 2230 Dunkelbraun - Jootjes Haakcadeautjes","isPartOf":{"@id":"https:\/\/www.jootjeshaakcadeautjes.nl\/de\/#website"},"primaryImageOfPage":{"@id":"https:\/\/www.jootjeshaakcadeautjes.nl\/de\/produkt\/langlebig-cosy-2230-dunkelbraun\/#primaryimage"},"image":{"@id":"https:\/\/www.jootjeshaakcadeautjes.nl\/de\/produkt\/langlebig-cosy-2230-dunkelbraun\/#primaryimage"},"thumbnailUrl":"https:\/\/d1dyryakdmle7o.cloudfront.net\/wp-content\/uploads\/2023\/10\/durable-cosy-fine-010.67__2230.jpg","datePublished":"2023-10-29T15:02:51+00:00","dateModified":"2026-02-02T17:51:02+00:00","description":"Strapazierf\u00e4higes Kuschelgarn - Farbe 2230 Dunkelbraun, direkt ab Lager lieferbar. Perfekt zum H\u00e4keln f\u00fcr Babys, z. B. Stofftiere\/Amigurumi und mehr.","breadcrumb":{"@id":"https:\/\/www.jootjeshaakcadeautjes.nl\/de\/produkt\/langlebig-cosy-2230-dunkelbraun\/#breadcrumb"},"inLanguage":"de","potentialAction":[{"@type":"ReadAction","target":["https:\/\/www.jootjeshaakcadeautjes.nl\/de\/produkt\/langlebig-cosy-2230-dunkelbraun\/"]}]},{"@type":"ImageObject","inLanguage":"de","@id":"https:\/\/www.jootjeshaakcadeautjes.nl\/de\/produkt\/langlebig-cosy-2230-dunkelbraun\/#primaryimage","url":"https:\/\/d1dyryakdmle7o.cloudfront.net\/wp-content\/uploads\/2023\/10\/durable-cosy-fine-010.67__2230.jpg","contentUrl":"https:\/\/d1dyryakdmle7o.cloudfront.net\/wp-content\/uploads\/2023\/10\/durable-cosy-fine-010.67__2230.jpg","width":700,"height":700,"caption":"Langlebiges Cosy Fine 2230 Dunkelbraun H\u00e4kelgarn"},{"@type":"BreadcrumbList","@id":"https:\/\/www.jootjeshaakcadeautjes.nl\/de\/produkt\/langlebig-cosy-2230-dunkelbraun\/#breadcrumb","itemListElement":[{"@type":"ListItem","position":1,"name":"Startseite","item":"https:\/\/www.jootjeshaakcadeautjes.nl\/de\/"},{"@type":"ListItem","position":2,"name":"Gro\u00dfhandel mit Silikonperlen &#8211; Business und Consumer","item":"https:\/\/www.jootjeshaakcadeautjes.nl\/de\/shop\/"},{"@type":"ListItem","position":3,"name":"Dauerhaft kuschelig &#8211; Farbe 2230 Dunkelbraun"}]},{"@type":"WebSite","@id":"https:\/\/www.jootjeshaakcadeautjes.nl\/de\/#website","url":"https:\/\/www.jootjeshaakcadeautjes.nl\/de\/","name":"Jootjes Haakcadeautjes","description":"Silikonperlen Gro\u00dfhandel ","publisher":{"@id":"https:\/\/www.jootjeshaakcadeautjes.nl\/de\/#organization"},"potentialAction":[{"@type":"SearchAction","target":{"@type":"EntryPoint","urlTemplate":"https:\/\/www.jootjeshaakcadeautjes.nl\/de\/?s={search_term_string}"},"query-input":{"@type":"PropertyValueSpecification","valueRequired":true,"valueName":"search_term_string"}}],"inLanguage":"de"},{"@type":"Organization","@id":"https:\/\/www.jootjeshaakcadeautjes.nl\/de\/#organization","name":"Jootjes Haakcadeautjes","url":"https:\/\/www.jootjeshaakcadeautjes.nl\/de\/","logo":{"@type":"ImageObject","inLanguage":"de","@id":"https:\/\/www.jootjeshaakcadeautjes.nl\/de\/#\/schema\/logo\/image\/","url":"https:\/\/d1dyryakdmle7o.cloudfront.net\/wp-content\/uploads\/2023\/05\/Logo-rond.png","contentUrl":"https:\/\/d1dyryakdmle7o.cloudfront.net\/wp-content\/uploads\/2023\/05\/Logo-rond.png","width":1222,"height":1222,"caption":"Jootjes Haakcadeautjes"},"image":{"@id":"https:\/\/www.jootjeshaakcadeautjes.nl\/de\/#\/schema\/logo\/image\/"}}]},"product_price_amount":"3.60","product_price_currency":"EUR","og_availability":"instock","product_availability":"instock","product_retailer_item_id":"DUR-COS-2230","product_condition":"new"},"_links":{"self":[{"href":"https:\/\/www.jootjeshaakcadeautjes.nl\/de\/wp-json\/wp\/v2\/product\/119173","targetHints":{"allow":["GET"]}}],"collection":[{"href":"https:\/\/www.jootjeshaakcadeautjes.nl\/de\/wp-json\/wp\/v2\/product"}],"about":[{"href":"https:\/\/www.jootjeshaakcadeautjes.nl\/de\/wp-json\/wp\/v2\/types\/product"}],"version-history":[{"count":0,"href":"https:\/\/www.jootjeshaakcadeautjes.nl\/de\/wp-json\/wp\/v2\/product\/119173\/revisions"}],"wp:featuredmedia":[{"embeddable":true,"href":"https:\/\/www.jootjeshaakcadeautjes.nl\/de\/wp-json\/wp\/v2\/media\/101902"}],"wp:attachment":[{"href":"https:\/\/www.jootjeshaakcadeautjes.nl\/de\/wp-json\/wp\/v2\/media?parent=119173"}],"wp:term":[{"taxonomy":"product_brand","embeddable":true,"href":"https:\/\/www.jootjeshaakcadeautjes.nl\/de\/wp-json\/wp\/v2\/product_brand?post=119173"},{"taxonomy":"product_cat","embeddable":true,"href":"https:\/\/www.jootjeshaakcadeautjes.nl\/de\/wp-json\/wp\/v2\/product_cat?post=119173"},{"taxonomy":"product_tag","embeddable":true,"href":"https:\/\/www.jootjeshaakcadeautjes.nl\/de\/wp-json\/wp\/v2\/product_tag?post=119173"}],"curies":[{"name":"wp","href":"https:\/\/api.w.org\/{rel}","templated":true}]}}