{"id":119210,"date":"2023-10-26T21:54:30","date_gmt":"2023-10-26T19:54:30","guid":{"rendered":"https:\/\/www.jootjeshaakcadeautjes.nl\/product\/buchstabenperlen-holz-14-mm-rund\/"},"modified":"2026-04-10T17:17:22","modified_gmt":"2026-04-10T15:17:22","slug":"buchstabenperlen-holz-14-mm-rund","status":"publish","type":"product","link":"https:\/\/www.jootjeshaakcadeautjes.nl\/de\/produkt\/buchstabenperlen-holz-14-mm-rund\/","title":{"rendered":"Holzbuchstaben-Perlen &#8211; rund &#8211; 14 mm &#8211; pro St\u00fcck"},"content":{"rendered":"<h1>Buchstabenperlen Holz &#8211; 14 mm &#8211; rund<\/h1>\n<h2>Spezifikationen:<\/h2>\n<ul>\n<li>Gr\u00f6\u00dfe 14 mm rund<\/li>\n<li>Buchstabenkugeln aus Buchenholz roh und sicher mit Gravur.<\/li>\n<li>BPA-, Phthalat-, PVC-, blei- und toxinfrei<\/li>\n<li>Geeignet f\u00fcr CE-zertifizierte Endprodukte<\/li>\n<li>Die Buchstabenperlen sind in allen Buchstaben des Alphabets erh\u00e4ltlich<\/li>\n<\/ul>\n<p>Diese sch\u00f6nen Holzperlen mit Buchstaben werden h\u00e4ufig verwendet, um einen Namen an einer Schnullerschnur, einem Bei\u00dfring, einer Kinderwagenschaukel oder einem Babygym anzubringen. So k\u00f6nnen Sie im Handumdrehen ein wundersch\u00f6nes personalisiertes Mutterschaftsgeschenk oder ein h\u00fcbsches Spielzeug f\u00fcr Ihr eigenes Kind anfertigen.<\/p>\n<h2>Qualit\u00e4t und Sicherheit:<\/h2>\n<p>Alle unsere Holzmaterialien sind absolut kindersicher und unbehandelt mit babygerechter Gravur. Diese Buchstabenperlen sind daher sowohl f\u00fcr Babys als auch f\u00fcr \u00e4ltere Kinder geeignet, die gerne in etwas hineinbei\u00dfen. Die Perlen sind f\u00fcr CE-zertifizierte Endprodukte geeignet und robust. Daher nutzen sie sich kaum ab. Au\u00dferdem sind die h\u00f6lzernen Buchstabenperlen leicht zu reinigen.<\/p>\n<p><em>Befestigen Sie immer alle Perlen ordnungsgem\u00e4\u00df und \u00fcberpr\u00fcfen Sie Ihre Anfertigung regelm\u00e4\u00dfig, z. B. auf Abnutzung und Verschlei\u00df. Hierf\u00fcr sind Sie selbst verantwortlich. Jootjes Haakcadeautjes pr\u00fcft Ihr fertiges Produkt nicht und kann daher keine Sch\u00e4den oder Lockerungen aufgrund von Abnutzung annehmen. Wir raten dazu, handgefertigtes Kinderspielzeug nur unter Aufsicht von Erwachsenen zu verwenden, um gef\u00e4hrliche Situationen zu vermeiden.<\/em><\/p>\n","protected":false},"excerpt":{"rendered":"<ul>\n<li>Variante: Buchstaben A bis Z.<\/li>\n<li>Buchstabenperlen aus Holz, ganzes Alphabet.<\/li>\n<li>BPA-, Phthalat-, PVC-, blei- und toxinfrei. Frei von Formaldehyd. Geeignet f\u00fcr CE-zertifizierte Endprodukte.<\/li>\n<li>Einzeln verkauft.<\/li>\n<li>Rund, 14 mm.<\/li>\n<li>Die Buchstaben sind horizontal (die L\u00f6cher sind von links nach rechts).<\/li>\n<li>Beide Seiten enthalten den gew\u00e4hlten Buchstaben.<\/li>\n<\/ul>\n","protected":false},"featured_media":68712,"template":"","meta":[],"product_brand":[],"product_cat":[8505,8765,7380,8764,8045],"product_tag":[7459,7510,7385,7452,8047,8742,8766,7394,7890,7416,8774,8046,7196,7442,8776,7397,8772,7199,8744,7223,8514,8769,7444,8517,7520,7427,7536],"class_list":{"0":"post-119210","1":"product","2":"type-product","3":"status-publish","4":"has-post-thumbnail","6":"product_cat-buchstabenperlen-schnullerschnur-und-beisring","7":"product_cat-buchstabenperlen-aus-holz-rund-und-quadratisch","8":"product_cat-herstellung-von-baby-beisspielzeug-materialien-fur-schnuller-und-beisringe","9":"product_cat-holzerne-buchstabenperlen","10":"product_cat-holzperlen-schnullerband-und-beisring-alle-holzperlen","11":"product_tag-14-de","12":"product_tag-baby-de","13":"product_tag-beisring","14":"product_tag-bpa-frei","15":"product_tag-buche","16":"product_tag-buchstabenperle","17":"product_tag-fraulein","18":"product_tag-geschenk-de","19":"product_tag-gummischnur-de","20":"product_tag-gummischnur","21":"product_tag-hoch","22":"product_tag-holz-de","23":"product_tag-holz","24":"product_tag-kinderwagenkette","25":"product_tag-meister","26":"product_tag-mm-de","27":"product_tag-namentlich","28":"product_tag-perlen","29":"product_tag-perlen-mit-buchstaben","30":"product_tag-personalisierte","31":"product_tag-platz","32":"product_tag-qualitat","33":"product_tag-schlusselanhanger","34":"product_tag-schreiben","35":"product_tag-sicher","36":"product_tag-still-halskette","37":"product_tag-um","39":"first","40":"instock","41":"taxable","42":"shipping-taxable","43":"purchasable","44":"product-type-variable"},"bundled_by":[],"bundle_stock_status":"instock","bundle_stock_quantity":null,"bundle_virtual":false,"bundle_layout":"","bundle_add_to_cart_form_location":"","bundle_editable_in_cart":false,"bundle_sold_individually_context":"","bundle_item_grouping":"","bundle_min_size":"","bundle_max_size":"","bundle_price":[],"bundled_items":[],"bundle_sell_ids":[],"yoast_head":"<!-- This site is optimized with the Yoast SEO Premium plugin v27.6 (Yoast SEO v27.6) - https:\/\/yoast.com\/product\/yoast-seo-premium-wordpress\/ -->\n<title>Holzbuchstaben-Perlen - rund - 14 mm - pro St\u00fcck - Jootjes Haakcadeautjes<\/title>\n<meta name=\"description\" content=\"Buchstabenperlen aus Holz 14 mm rund, Buchstaben eingraviert und sicher. Ab Lager lieferbar. Sch\u00f6n an Schnullerschnur, Kinderwagenschnur oder Bei\u00dfring.\" \/>\n<meta name=\"robots\" content=\"index, follow, max-snippet:-1, max-image-preview:large, max-video-preview:-1\" \/>\n<link rel=\"canonical\" href=\"https:\/\/www.jootjeshaakcadeautjes.nl\/de\/produkt\/buchstabenperlen-holz-14-mm-rund\/\" \/>\n<meta property=\"og:locale\" content=\"de_DE\" \/>\n<meta property=\"og:type\" content=\"article\" \/>\n<meta property=\"og:title\" content=\"Holzbuchstaben-Perlen - rund - 14 mm - pro St\u00fcck\" \/>\n<meta property=\"og:description\" content=\"Buchstabenperlen aus Holz 14 mm rund, Buchstaben eingraviert und sicher. Ab Lager lieferbar. Sch\u00f6n an Schnullerschnur, Kinderwagenschnur oder Bei\u00dfring.\" \/>\n<meta property=\"og:url\" content=\"https:\/\/www.jootjeshaakcadeautjes.nl\/de\/produkt\/buchstabenperlen-holz-14-mm-rund\/\" \/>\n<meta property=\"og:site_name\" content=\"Jootjes Haakcadeautjes\" \/>\n<meta property=\"article:modified_time\" content=\"2026-04-10T15:17:22+00:00\" \/>\n<meta property=\"og:image\" content=\"https:\/\/www.jootjeshaakcadeautjes.nl\/wp-content\/uploads\/2020\/04\/20200330_205613-2.jpg\" \/>\n\t<meta property=\"og:image:width\" content=\"1338\" \/>\n\t<meta property=\"og:image:height\" content=\"1338\" \/>\n\t<meta property=\"og:image:type\" content=\"image\/jpeg\" \/>\n<meta name=\"twitter:card\" content=\"summary_large_image\" \/>\n<meta name=\"twitter:label1\" content=\"Verf\u00fcgbarkeit\" \/>\n\t<meta name=\"twitter:data1\" content=\"Auf Lager\" \/>\n<script type=\"application\/ld+json\" class=\"yoast-schema-graph\">{\"@context\":\"https:\\\/\\\/schema.org\",\"@graph\":[{\"@type\":\"WebPage\",\"@id\":\"https:\\\/\\\/www.jootjeshaakcadeautjes.nl\\\/de\\\/produkt\\\/buchstabenperlen-holz-14-mm-rund\\\/\",\"url\":\"https:\\\/\\\/www.jootjeshaakcadeautjes.nl\\\/de\\\/produkt\\\/buchstabenperlen-holz-14-mm-rund\\\/\",\"name\":\"Holzbuchstaben-Perlen - rund - 14 mm - pro St\u00fcck - Jootjes Haakcadeautjes\",\"isPartOf\":{\"@id\":\"https:\\\/\\\/www.jootjeshaakcadeautjes.nl\\\/de\\\/#website\"},\"primaryImageOfPage\":{\"@id\":\"https:\\\/\\\/www.jootjeshaakcadeautjes.nl\\\/de\\\/produkt\\\/buchstabenperlen-holz-14-mm-rund\\\/#primaryimage\"},\"image\":{\"@id\":\"https:\\\/\\\/www.jootjeshaakcadeautjes.nl\\\/de\\\/produkt\\\/buchstabenperlen-holz-14-mm-rund\\\/#primaryimage\"},\"thumbnailUrl\":\"https:\\\/\\\/d1dyryakdmle7o.cloudfront.net\\\/wp-content\\\/uploads\\\/2020\\\/04\\\/20200330_205613-2.jpg\",\"datePublished\":\"2023-10-26T19:54:30+00:00\",\"dateModified\":\"2026-04-10T15:17:22+00:00\",\"description\":\"Buchstabenperlen aus Holz 14 mm rund, Buchstaben eingraviert und sicher. Ab Lager lieferbar. Sch\u00f6n an Schnullerschnur, Kinderwagenschnur oder Bei\u00dfring.\",\"breadcrumb\":{\"@id\":\"https:\\\/\\\/www.jootjeshaakcadeautjes.nl\\\/de\\\/produkt\\\/buchstabenperlen-holz-14-mm-rund\\\/#breadcrumb\"},\"inLanguage\":\"de\",\"potentialAction\":[{\"@type\":\"ReadAction\",\"target\":[\"https:\\\/\\\/www.jootjeshaakcadeautjes.nl\\\/de\\\/produkt\\\/buchstabenperlen-holz-14-mm-rund\\\/\"]}]},{\"@type\":\"ImageObject\",\"inLanguage\":\"de\",\"@id\":\"https:\\\/\\\/www.jootjeshaakcadeautjes.nl\\\/de\\\/produkt\\\/buchstabenperlen-holz-14-mm-rund\\\/#primaryimage\",\"url\":\"https:\\\/\\\/d1dyryakdmle7o.cloudfront.net\\\/wp-content\\\/uploads\\\/2020\\\/04\\\/20200330_205613-2.jpg\",\"contentUrl\":\"https:\\\/\\\/d1dyryakdmle7o.cloudfront.net\\\/wp-content\\\/uploads\\\/2020\\\/04\\\/20200330_205613-2.jpg\",\"width\":1338,\"height\":1338,\"caption\":\"Holzperlen mit Buchstaben rund 14 mm\"},{\"@type\":\"BreadcrumbList\",\"@id\":\"https:\\\/\\\/www.jootjeshaakcadeautjes.nl\\\/de\\\/produkt\\\/buchstabenperlen-holz-14-mm-rund\\\/#breadcrumb\",\"itemListElement\":[{\"@type\":\"ListItem\",\"position\":1,\"name\":\"Startseite\",\"item\":\"https:\\\/\\\/www.jootjeshaakcadeautjes.nl\\\/de\\\/\"},{\"@type\":\"ListItem\",\"position\":2,\"name\":\"Gro\u00dfhandel mit Silikonperlen &#8211; Business und Consumer\",\"item\":\"https:\\\/\\\/www.jootjeshaakcadeautjes.nl\\\/de\\\/shop\\\/\"},{\"@type\":\"ListItem\",\"position\":3,\"name\":\"Holzbuchstaben-Perlen &#8211; rund &#8211; 14 mm &#8211; pro St\u00fcck\"}]},{\"@type\":\"WebSite\",\"@id\":\"https:\\\/\\\/www.jootjeshaakcadeautjes.nl\\\/de\\\/#website\",\"url\":\"https:\\\/\\\/www.jootjeshaakcadeautjes.nl\\\/de\\\/\",\"name\":\"Jootjes Haakcadeautjes\",\"description\":\"Silikonperlen Gro\u00dfhandel \",\"publisher\":{\"@id\":\"https:\\\/\\\/www.jootjeshaakcadeautjes.nl\\\/de\\\/#organization\"},\"potentialAction\":[{\"@type\":\"SearchAction\",\"target\":{\"@type\":\"EntryPoint\",\"urlTemplate\":\"https:\\\/\\\/www.jootjeshaakcadeautjes.nl\\\/de\\\/?s={search_term_string}\"},\"query-input\":{\"@type\":\"PropertyValueSpecification\",\"valueRequired\":true,\"valueName\":\"search_term_string\"}}],\"inLanguage\":\"de\"},{\"@type\":\"Organization\",\"@id\":\"https:\\\/\\\/www.jootjeshaakcadeautjes.nl\\\/de\\\/#organization\",\"name\":\"Jootjes Haakcadeautjes\",\"url\":\"https:\\\/\\\/www.jootjeshaakcadeautjes.nl\\\/de\\\/\",\"logo\":{\"@type\":\"ImageObject\",\"inLanguage\":\"de\",\"@id\":\"https:\\\/\\\/www.jootjeshaakcadeautjes.nl\\\/de\\\/#\\\/schema\\\/logo\\\/image\\\/\",\"url\":\"https:\\\/\\\/d1dyryakdmle7o.cloudfront.net\\\/wp-content\\\/uploads\\\/2023\\\/05\\\/Logo-rond.png\",\"contentUrl\":\"https:\\\/\\\/d1dyryakdmle7o.cloudfront.net\\\/wp-content\\\/uploads\\\/2023\\\/05\\\/Logo-rond.png\",\"width\":1222,\"height\":1222,\"caption\":\"Jootjes Haakcadeautjes\"},\"image\":{\"@id\":\"https:\\\/\\\/www.jootjeshaakcadeautjes.nl\\\/de\\\/#\\\/schema\\\/logo\\\/image\\\/\"}}]}<\/script>\n<meta property=\"og:availability\" content=\"instock\" \/>\n<meta property=\"product:availability\" content=\"instock\" \/>\n<meta property=\"product:retailer_item_id\" content=\"HLK-014\" \/>\n<meta property=\"product:condition\" content=\"new\" \/>\n<!-- \/ Yoast SEO Premium plugin. -->","yoast_head_json":{"title":"Holzbuchstaben-Perlen - rund - 14 mm - pro St\u00fcck - Jootjes Haakcadeautjes","description":"Buchstabenperlen aus Holz 14 mm rund, Buchstaben eingraviert und sicher. Ab Lager lieferbar. Sch\u00f6n an Schnullerschnur, Kinderwagenschnur oder Bei\u00dfring.","robots":{"index":"index","follow":"follow","max-snippet":"max-snippet:-1","max-image-preview":"max-image-preview:large","max-video-preview":"max-video-preview:-1"},"canonical":"https:\/\/www.jootjeshaakcadeautjes.nl\/de\/produkt\/buchstabenperlen-holz-14-mm-rund\/","og_locale":"de_DE","og_type":"article","og_title":"Holzbuchstaben-Perlen - rund - 14 mm - pro St\u00fcck","og_description":"Buchstabenperlen aus Holz 14 mm rund, Buchstaben eingraviert und sicher. Ab Lager lieferbar. Sch\u00f6n an Schnullerschnur, Kinderwagenschnur oder Bei\u00dfring.","og_url":"https:\/\/www.jootjeshaakcadeautjes.nl\/de\/produkt\/buchstabenperlen-holz-14-mm-rund\/","og_site_name":"Jootjes Haakcadeautjes","article_modified_time":"2026-04-10T15:17:22+00:00","og_image":[{"width":1338,"height":1338,"url":"https:\/\/www.jootjeshaakcadeautjes.nl\/wp-content\/uploads\/2020\/04\/20200330_205613-2.jpg","type":"image\/jpeg"}],"twitter_card":"summary_large_image","twitter_misc":{"Verf\u00fcgbarkeit":"Auf Lager"},"schema":{"@context":"https:\/\/schema.org","@graph":[{"@type":"WebPage","@id":"https:\/\/www.jootjeshaakcadeautjes.nl\/de\/produkt\/buchstabenperlen-holz-14-mm-rund\/","url":"https:\/\/www.jootjeshaakcadeautjes.nl\/de\/produkt\/buchstabenperlen-holz-14-mm-rund\/","name":"Holzbuchstaben-Perlen - rund - 14 mm - pro St\u00fcck - Jootjes Haakcadeautjes","isPartOf":{"@id":"https:\/\/www.jootjeshaakcadeautjes.nl\/de\/#website"},"primaryImageOfPage":{"@id":"https:\/\/www.jootjeshaakcadeautjes.nl\/de\/produkt\/buchstabenperlen-holz-14-mm-rund\/#primaryimage"},"image":{"@id":"https:\/\/www.jootjeshaakcadeautjes.nl\/de\/produkt\/buchstabenperlen-holz-14-mm-rund\/#primaryimage"},"thumbnailUrl":"https:\/\/d1dyryakdmle7o.cloudfront.net\/wp-content\/uploads\/2020\/04\/20200330_205613-2.jpg","datePublished":"2023-10-26T19:54:30+00:00","dateModified":"2026-04-10T15:17:22+00:00","description":"Buchstabenperlen aus Holz 14 mm rund, Buchstaben eingraviert und sicher. Ab Lager lieferbar. Sch\u00f6n an Schnullerschnur, Kinderwagenschnur oder Bei\u00dfring.","breadcrumb":{"@id":"https:\/\/www.jootjeshaakcadeautjes.nl\/de\/produkt\/buchstabenperlen-holz-14-mm-rund\/#breadcrumb"},"inLanguage":"de","potentialAction":[{"@type":"ReadAction","target":["https:\/\/www.jootjeshaakcadeautjes.nl\/de\/produkt\/buchstabenperlen-holz-14-mm-rund\/"]}]},{"@type":"ImageObject","inLanguage":"de","@id":"https:\/\/www.jootjeshaakcadeautjes.nl\/de\/produkt\/buchstabenperlen-holz-14-mm-rund\/#primaryimage","url":"https:\/\/d1dyryakdmle7o.cloudfront.net\/wp-content\/uploads\/2020\/04\/20200330_205613-2.jpg","contentUrl":"https:\/\/d1dyryakdmle7o.cloudfront.net\/wp-content\/uploads\/2020\/04\/20200330_205613-2.jpg","width":1338,"height":1338,"caption":"Holzperlen mit Buchstaben rund 14 mm"},{"@type":"BreadcrumbList","@id":"https:\/\/www.jootjeshaakcadeautjes.nl\/de\/produkt\/buchstabenperlen-holz-14-mm-rund\/#breadcrumb","itemListElement":[{"@type":"ListItem","position":1,"name":"Startseite","item":"https:\/\/www.jootjeshaakcadeautjes.nl\/de\/"},{"@type":"ListItem","position":2,"name":"Gro\u00dfhandel mit Silikonperlen &#8211; Business und Consumer","item":"https:\/\/www.jootjeshaakcadeautjes.nl\/de\/shop\/"},{"@type":"ListItem","position":3,"name":"Holzbuchstaben-Perlen &#8211; rund &#8211; 14 mm &#8211; pro St\u00fcck"}]},{"@type":"WebSite","@id":"https:\/\/www.jootjeshaakcadeautjes.nl\/de\/#website","url":"https:\/\/www.jootjeshaakcadeautjes.nl\/de\/","name":"Jootjes Haakcadeautjes","description":"Silikonperlen Gro\u00dfhandel ","publisher":{"@id":"https:\/\/www.jootjeshaakcadeautjes.nl\/de\/#organization"},"potentialAction":[{"@type":"SearchAction","target":{"@type":"EntryPoint","urlTemplate":"https:\/\/www.jootjeshaakcadeautjes.nl\/de\/?s={search_term_string}"},"query-input":{"@type":"PropertyValueSpecification","valueRequired":true,"valueName":"search_term_string"}}],"inLanguage":"de"},{"@type":"Organization","@id":"https:\/\/www.jootjeshaakcadeautjes.nl\/de\/#organization","name":"Jootjes Haakcadeautjes","url":"https:\/\/www.jootjeshaakcadeautjes.nl\/de\/","logo":{"@type":"ImageObject","inLanguage":"de","@id":"https:\/\/www.jootjeshaakcadeautjes.nl\/de\/#\/schema\/logo\/image\/","url":"https:\/\/d1dyryakdmle7o.cloudfront.net\/wp-content\/uploads\/2023\/05\/Logo-rond.png","contentUrl":"https:\/\/d1dyryakdmle7o.cloudfront.net\/wp-content\/uploads\/2023\/05\/Logo-rond.png","width":1222,"height":1222,"caption":"Jootjes Haakcadeautjes"},"image":{"@id":"https:\/\/www.jootjeshaakcadeautjes.nl\/de\/#\/schema\/logo\/image\/"}}]},"og_availability":"instock","product_availability":"instock","product_retailer_item_id":"HLK-014","product_condition":"new"},"_links":{"self":[{"href":"https:\/\/www.jootjeshaakcadeautjes.nl\/de\/wp-json\/wp\/v2\/product\/119210","targetHints":{"allow":["GET"]}}],"collection":[{"href":"https:\/\/www.jootjeshaakcadeautjes.nl\/de\/wp-json\/wp\/v2\/product"}],"about":[{"href":"https:\/\/www.jootjeshaakcadeautjes.nl\/de\/wp-json\/wp\/v2\/types\/product"}],"version-history":[{"count":0,"href":"https:\/\/www.jootjeshaakcadeautjes.nl\/de\/wp-json\/wp\/v2\/product\/119210\/revisions"}],"wp:featuredmedia":[{"embeddable":true,"href":"https:\/\/www.jootjeshaakcadeautjes.nl\/de\/wp-json\/wp\/v2\/media\/68712"}],"wp:attachment":[{"href":"https:\/\/www.jootjeshaakcadeautjes.nl\/de\/wp-json\/wp\/v2\/media?parent=119210"}],"wp:term":[{"taxonomy":"product_brand","embeddable":true,"href":"https:\/\/www.jootjeshaakcadeautjes.nl\/de\/wp-json\/wp\/v2\/product_brand?post=119210"},{"taxonomy":"product_cat","embeddable":true,"href":"https:\/\/www.jootjeshaakcadeautjes.nl\/de\/wp-json\/wp\/v2\/product_cat?post=119210"},{"taxonomy":"product_tag","embeddable":true,"href":"https:\/\/www.jootjeshaakcadeautjes.nl\/de\/wp-json\/wp\/v2\/product_tag?post=119210"}],"curies":[{"name":"wp","href":"https:\/\/api.w.org\/{rel}","templated":true}]}}