{"id":119298,"date":"2023-10-14T19:53:16","date_gmt":"2023-10-14T17:53:16","guid":{"rendered":"https:\/\/www.jootjeshaakcadeautjes.nl\/product\/silikonperlen-mini-zirkel-14-x-3-mm-champagner-nugget\/"},"modified":"2025-06-10T08:48:30","modified_gmt":"2025-06-10T06:48:30","slug":"silikonperlen-mini-zirkel-14-x-3-mm-champagner-nugget","status":"publish","type":"product","link":"https:\/\/www.jootjeshaakcadeautjes.nl\/de\/produkt\/silikonperlen-mini-zirkel-14-x-3-mm-champagner-nugget\/","title":{"rendered":"Silikonperlen &#8211; Mini-Ring &#8211; 14 x 3 mm &#8211; Exklusiver Jootjes Druck &#8211; Champagne Nugget Druck"},"content":{"rendered":"<h1>Silikonperlen &#8211; Mini Circlets &#8211; 14 x 3 mm &#8211; Champagne Nugget<\/h1>\n<ul>\n<li>Gr\u00f6\u00dfe: 14 x 3 mm, diese Perlen sind eine fast exakte Verkleinerung der gr\u00f6\u00dferen circlets.<\/li>\n<\/ul>\n<p>Alle unsere Silikonperlen sind 100% BPA-, blei-, toxin-, phthalat- und PVC-frei. Unsere Silikonkugeln sind daher von medizinischer Qualit\u00e4t und f\u00fcr die Verwendung in Kinderzahnspielzeug geeignet. Die runden 20-mm-Perlen eignen sich u. a. f\u00fcr Bei\u00dfringe, Schnullerketten, Stillketten, Taschenanh\u00e4nger oder Babygymnastik.<\/p>\n<h3>Qualit\u00e4t und Sicherheit unserer Silikonperlen<\/h3>\n<p>Alle unsere Silikonperlen sind:<\/p>\n<ul>\n<li>BPA-frei<\/li>\n<li>Phthalat- und toxinfrei<\/li>\n<li>PVC-frei<\/li>\n<li>Bleifrei<\/li>\n<li>Geeignet f\u00fcr CE-zertifizierte Endprodukte<\/li>\n<li>Silikonperlen in medizinischer Qualit\u00e4t<\/li>\n<\/ul>\n<h4>Reparieren:<\/h4>\n<p>Die Silikonperlen lassen sich leicht auf eine Wachs- oder Satinkordel auff\u00e4deln. Binden Sie Ihr Projekt (Schnuller\/Bei\u00dfring) sehr gut und mehrmals. Diese Perlen eignen sich auch gut als Abstandshalter zwischen Buchstabenperlen.<\/p>\n<h4>Reinigung:<\/h4>\n<p>Diese Mini-Silikonkugeln sind daher sowohl f\u00fcr Babys als auch f\u00fcr \u00e4ltere Kinder geeignet, die gerne in etwas hineinbei\u00dfen. Daher nutzen sie sich kaum ab. Dar\u00fcber hinaus sind die Perlen leicht zu reinigen. Diese Silikonperlen k\u00f6nnen problemlos in die Sp\u00fclmaschine oder in Seifenwasser gegeben werden. Lassen Sie sie dann gr\u00fcndlich trocknen, bevor Sie sie wieder an ein Kind weitergeben. Die Silikonperlen k\u00f6nnen auch gek\u00fchlt werden. Sie eignen sich daher sehr gut zur Schmerzlinderung beim Zahnen.<\/p>\n<p><em>Befestigen Sie die Silikonperlen immer ordnungsgem\u00e4\u00df und \u00fcberpr\u00fcfen Sie Ihre Anfertigung regelm\u00e4\u00dfig, z. B. auf Abnutzung und Verschlei\u00df. Hierf\u00fcr sind Sie selbst verantwortlich. Jootjes Haakcadeautjes pr\u00fcft Ihr fertiges Produkt nicht und kann daher keine Sch\u00e4den oder Lockerungen aufgrund von Abnutzung annehmen. Wir raten dazu, handgefertigtes Kinderspielzeug nur unter Aufsicht von Erwachsenen zu verwenden, um gef\u00e4hrliche Situationen zu vermeiden.<\/em><\/p>\n<h3>Womit lassen sich diese Perlen gut kombinieren?<\/h3>\n<p>Alle unsere Perlen lassen sich gut miteinander kombinieren. Wir f\u00fchren m\u00f6glichst viele Perlenarten in den gleichen Farben. Dies ist jedoch nicht immer m\u00f6glich. Dabei macht es auch Spa\u00df, Farben und Formen zu kombinieren. Dies hat eine stimulierende Wirkung auf die Entwicklung des Kindes. Je pelziger, desto besser. Wie bereits erw\u00e4hnt, eignen sich diese Perlen gut f\u00fcr die Verwendung mit Buchstabenperlen, sowohl f\u00fcr Bei\u00dfringe als auch f\u00fcr Schnuller.<\/p>\n<p>&nbsp;<\/p>\n<p>&nbsp;<\/p>\n","protected":false},"excerpt":{"rendered":"<p>Farbcode Champagne Nugget<\/p>\n<p>&#8211; Typ: Silikonperlen Mini Circlet<br \/>\n&#8211; Gr\u00f6\u00dfe: 12&#215;4 mm<br \/>\n&#8211; Einzeln verkauft, nirgends billiger<br \/>\n&#8211; Frei von BPA, Phthalaten, Blei, PVC und Toxinen<br \/>\n&#8211; Geeignet f\u00fcr CE-zertifizierte Endprodukte<br \/>\n&#8211; Silikonperlen in medizinischer Qualit\u00e4t<br \/>\n&#8211; Im K\u00fchlschrank k\u00fchlbar<br \/>\n&#8211; Sp\u00fclmaschinentauglich<\/p>\n","protected":false},"featured_media":102120,"template":"","meta":[],"product_brand":[],"product_cat":[7380,7184,6991,7983,8030,8018],"product_tag":[7459,7537,7385,7419,7452,8139,7565,7464,7416,7442,7451,7575,7549,7397,8027,7199,7490,7483,7211,7427,7499,7557,7435],"class_list":{"0":"post-119298","1":"product","2":"type-product","3":"status-publish","4":"has-post-thumbnail","6":"product_cat-herstellung-von-baby-beisspielzeug-materialien-fur-schnuller-und-beisringe","7":"product_cat-neue-produkte","8":"product_cat-silikonperlen-bpa-frei-grosshandel","9":"product_cat-silikonperlen-exklusiv-bei-jootjes","10":"product_cat-silikonperlen-metallic-nugget-prints","11":"product_cat-silikonperlen-mit-druck-alle-drucke-leopard-panther-giraffe-zebra-rosen-blatter-und-mehr","12":"product_tag-14-de","13":"product_tag-14-mm-de","14":"product_tag-beisring","15":"product_tag-bpa-de","16":"product_tag-bpa-frei","17":"product_tag-champagner","18":"product_tag-drucken","19":"product_tag-groshandel","20":"product_tag-gummischnur","21":"product_tag-kinderwagenkette","22":"product_tag-kostenlos","23":"product_tag-kreislauf","24":"product_tag-mini-de","25":"product_tag-mm-de","26":"product_tag-nugget-de","27":"product_tag-perlen","28":"product_tag-phthalate","29":"product_tag-silikon-de","30":"product_tag-silikon","31":"product_tag-still-halskette","32":"product_tag-taschenaufhanger","33":"product_tag-teiler","34":"product_tag-wulst","36":"first","37":"instock","38":"taxable","39":"shipping-taxable","40":"purchasable","41":"product-type-simple"},"bundled_by":["148213","157368"],"bundle_stock_status":"instock","bundle_stock_quantity":230,"bundle_virtual":false,"bundle_layout":"","bundle_add_to_cart_form_location":"","bundle_editable_in_cart":false,"bundle_sold_individually_context":"","bundle_item_grouping":"","bundle_min_size":"","bundle_max_size":"","bundle_price":[],"bundled_items":[],"bundle_sell_ids":[],"yoast_head":"<!-- This site is optimized with the Yoast SEO Premium plugin v27.4 (Yoast SEO v27.5) - https:\/\/yoast.com\/product\/yoast-seo-premium-wordpress\/ -->\n<title>Silikonperlen - Mini-Ring - 14 x 3 mm - Exklusiver Jootjes Druck - Champagne Nugget Druck - Jootjes Crochet Gifts<\/title>\n<meta name=\"description\" content=\"Die ovalen Abstandshalter aus Silikon in der Farbe Salbeigr\u00fcn 12 mm sind BPA-, blei-, gift-, phthalat- und PVC-frei, CE-gekennzeichnet.\" \/>\n<meta name=\"robots\" content=\"index, follow, max-snippet:-1, max-image-preview:large, max-video-preview:-1\" \/>\n<link rel=\"canonical\" href=\"https:\/\/www.jootjeshaakcadeautjes.nl\/de\/produkt\/silikonperlen-mini-zirkel-14-x-3-mm-champagner-nugget\/\" \/>\n<meta property=\"og:locale\" content=\"de_DE\" \/>\n<meta property=\"og:type\" content=\"article\" \/>\n<meta property=\"og:title\" content=\"Silikonperlen - Mini-Ring - 14 x 3 mm - Exklusiver Jootjes Druck - Champagne Nugget Druck\" \/>\n<meta property=\"og:description\" content=\"Die ovalen Abstandshalter aus Silikon in der Farbe Salbeigr\u00fcn 12 mm sind BPA-, blei-, gift-, phthalat- und PVC-frei, CE-gekennzeichnet.\" \/>\n<meta property=\"og:url\" content=\"https:\/\/www.jootjeshaakcadeautjes.nl\/de\/produkt\/silikonperlen-mini-zirkel-14-x-3-mm-champagner-nugget\/\" \/>\n<meta property=\"og:site_name\" content=\"Jootjes Haakcadeautjes\" \/>\n<meta property=\"article:modified_time\" content=\"2025-06-10T06:48:30+00:00\" \/>\n<meta property=\"og:image\" content=\"https:\/\/www.jootjeshaakcadeautjes.nl\/wp-content\/uploads\/2023\/10\/20231023_214729.jpg\" \/>\n\t<meta property=\"og:image:width\" content=\"2048\" \/>\n\t<meta property=\"og:image:height\" content=\"2048\" \/>\n\t<meta property=\"og:image:type\" content=\"image\/jpeg\" \/>\n<meta name=\"twitter:card\" content=\"summary_large_image\" \/>\n<meta name=\"twitter:label1\" content=\"Preis\" \/>\n\t<meta name=\"twitter:data1\" content=\"&euro;0.40 inkl. MwSt.\" \/>\n\t<meta name=\"twitter:label2\" content=\"Verf\u00fcgbarkeit\" \/>\n\t<meta name=\"twitter:data2\" content=\"Auf Lager\" \/>\n<script type=\"application\/ld+json\" class=\"yoast-schema-graph\">{\"@context\":\"https:\\\/\\\/schema.org\",\"@graph\":[{\"@type\":\"WebPage\",\"@id\":\"https:\\\/\\\/www.jootjeshaakcadeautjes.nl\\\/de\\\/produkt\\\/silikonperlen-mini-zirkel-14-x-3-mm-champagner-nugget\\\/\",\"url\":\"https:\\\/\\\/www.jootjeshaakcadeautjes.nl\\\/de\\\/produkt\\\/silikonperlen-mini-zirkel-14-x-3-mm-champagner-nugget\\\/\",\"name\":\"Silikonperlen - Mini-Ring - 14 x 3 mm - Exklusiver Jootjes Druck - Champagne Nugget Druck - Jootjes Crochet Gifts\",\"isPartOf\":{\"@id\":\"https:\\\/\\\/www.jootjeshaakcadeautjes.nl\\\/de\\\/#website\"},\"primaryImageOfPage\":{\"@id\":\"https:\\\/\\\/www.jootjeshaakcadeautjes.nl\\\/de\\\/produkt\\\/silikonperlen-mini-zirkel-14-x-3-mm-champagner-nugget\\\/#primaryimage\"},\"image\":{\"@id\":\"https:\\\/\\\/www.jootjeshaakcadeautjes.nl\\\/de\\\/produkt\\\/silikonperlen-mini-zirkel-14-x-3-mm-champagner-nugget\\\/#primaryimage\"},\"thumbnailUrl\":\"https:\\\/\\\/d1dyryakdmle7o.cloudfront.net\\\/wp-content\\\/uploads\\\/2023\\\/10\\\/20231023_214729.jpg\",\"datePublished\":\"2023-10-14T17:53:16+00:00\",\"dateModified\":\"2025-06-10T06:48:30+00:00\",\"description\":\"Die ovalen Abstandshalter aus Silikon in der Farbe Salbeigr\u00fcn 12 mm sind BPA-, blei-, gift-, phthalat- und PVC-frei, CE-gekennzeichnet.\",\"breadcrumb\":{\"@id\":\"https:\\\/\\\/www.jootjeshaakcadeautjes.nl\\\/de\\\/produkt\\\/silikonperlen-mini-zirkel-14-x-3-mm-champagner-nugget\\\/#breadcrumb\"},\"inLanguage\":\"de\",\"potentialAction\":[{\"@type\":\"ReadAction\",\"target\":[\"https:\\\/\\\/www.jootjeshaakcadeautjes.nl\\\/de\\\/produkt\\\/silikonperlen-mini-zirkel-14-x-3-mm-champagner-nugget\\\/\"]}]},{\"@type\":\"ImageObject\",\"inLanguage\":\"de\",\"@id\":\"https:\\\/\\\/www.jootjeshaakcadeautjes.nl\\\/de\\\/produkt\\\/silikonperlen-mini-zirkel-14-x-3-mm-champagner-nugget\\\/#primaryimage\",\"url\":\"https:\\\/\\\/d1dyryakdmle7o.cloudfront.net\\\/wp-content\\\/uploads\\\/2023\\\/10\\\/20231023_214729.jpg\",\"contentUrl\":\"https:\\\/\\\/d1dyryakdmle7o.cloudfront.net\\\/wp-content\\\/uploads\\\/2023\\\/10\\\/20231023_214729.jpg\",\"width\":2048,\"height\":2048,\"caption\":\"Silikon Perlen Mini Circlet 14 x 3 mm Champagner Nugget Druck Schnuller Schnur Bei\u00dfring Gro\u00dfhandel\"},{\"@type\":\"BreadcrumbList\",\"@id\":\"https:\\\/\\\/www.jootjeshaakcadeautjes.nl\\\/de\\\/produkt\\\/silikonperlen-mini-zirkel-14-x-3-mm-champagner-nugget\\\/#breadcrumb\",\"itemListElement\":[{\"@type\":\"ListItem\",\"position\":1,\"name\":\"Startseite\",\"item\":\"https:\\\/\\\/www.jootjeshaakcadeautjes.nl\\\/de\\\/\"},{\"@type\":\"ListItem\",\"position\":2,\"name\":\"Gro\u00dfhandel mit Silikonperlen &#8211; Business und Consumer\",\"item\":\"https:\\\/\\\/www.jootjeshaakcadeautjes.nl\\\/de\\\/shop\\\/\"},{\"@type\":\"ListItem\",\"position\":3,\"name\":\"Silikonperlen &#8211; Mini-Ring &#8211; 14 x 3 mm &#8211; Exklusiver Jootjes Druck &#8211; Champagne Nugget Druck\"}]},{\"@type\":\"WebSite\",\"@id\":\"https:\\\/\\\/www.jootjeshaakcadeautjes.nl\\\/de\\\/#website\",\"url\":\"https:\\\/\\\/www.jootjeshaakcadeautjes.nl\\\/de\\\/\",\"name\":\"Jootjes Haakcadeautjes\",\"description\":\"Silikonperlen Gro\u00dfhandel \",\"publisher\":{\"@id\":\"https:\\\/\\\/www.jootjeshaakcadeautjes.nl\\\/de\\\/#organization\"},\"potentialAction\":[{\"@type\":\"SearchAction\",\"target\":{\"@type\":\"EntryPoint\",\"urlTemplate\":\"https:\\\/\\\/www.jootjeshaakcadeautjes.nl\\\/de\\\/?s={search_term_string}\"},\"query-input\":{\"@type\":\"PropertyValueSpecification\",\"valueRequired\":true,\"valueName\":\"search_term_string\"}}],\"inLanguage\":\"de\"},{\"@type\":\"Organization\",\"@id\":\"https:\\\/\\\/www.jootjeshaakcadeautjes.nl\\\/de\\\/#organization\",\"name\":\"Jootjes Haakcadeautjes\",\"url\":\"https:\\\/\\\/www.jootjeshaakcadeautjes.nl\\\/de\\\/\",\"logo\":{\"@type\":\"ImageObject\",\"inLanguage\":\"de\",\"@id\":\"https:\\\/\\\/www.jootjeshaakcadeautjes.nl\\\/de\\\/#\\\/schema\\\/logo\\\/image\\\/\",\"url\":\"https:\\\/\\\/jootjes-haakcadeautjes-media.s3.amazonaws.com\\\/wp-content\\\/uploads\\\/2023\\\/05\\\/Logo-rond.png\",\"contentUrl\":\"https:\\\/\\\/jootjes-haakcadeautjes-media.s3.amazonaws.com\\\/wp-content\\\/uploads\\\/2023\\\/05\\\/Logo-rond.png\",\"width\":1222,\"height\":1222,\"caption\":\"Jootjes Haakcadeautjes\"},\"image\":{\"@id\":\"https:\\\/\\\/www.jootjeshaakcadeautjes.nl\\\/de\\\/#\\\/schema\\\/logo\\\/image\\\/\"}}]}<\/script>\n<meta property=\"product:price:amount\" content=\"0.40\" \/>\n<meta property=\"product:price:currency\" content=\"EUR\" \/>\n<meta property=\"og:availability\" content=\"instock\" \/>\n<meta property=\"product:availability\" content=\"instock\" \/>\n<meta property=\"product:retailer_item_id\" content=\"SKR-MIC-CPN\" \/>\n<meta property=\"product:condition\" content=\"new\" \/>\n<!-- \/ Yoast SEO Premium plugin. -->","yoast_head_json":{"title":"Silikonperlen - Mini-Ring - 14 x 3 mm - Exklusiver Jootjes Druck - Champagne Nugget Druck - Jootjes Crochet Gifts","description":"Die ovalen Abstandshalter aus Silikon in der Farbe Salbeigr\u00fcn 12 mm sind BPA-, blei-, gift-, phthalat- und PVC-frei, CE-gekennzeichnet.","robots":{"index":"index","follow":"follow","max-snippet":"max-snippet:-1","max-image-preview":"max-image-preview:large","max-video-preview":"max-video-preview:-1"},"canonical":"https:\/\/www.jootjeshaakcadeautjes.nl\/de\/produkt\/silikonperlen-mini-zirkel-14-x-3-mm-champagner-nugget\/","og_locale":"de_DE","og_type":"article","og_title":"Silikonperlen - Mini-Ring - 14 x 3 mm - Exklusiver Jootjes Druck - Champagne Nugget Druck","og_description":"Die ovalen Abstandshalter aus Silikon in der Farbe Salbeigr\u00fcn 12 mm sind BPA-, blei-, gift-, phthalat- und PVC-frei, CE-gekennzeichnet.","og_url":"https:\/\/www.jootjeshaakcadeautjes.nl\/de\/produkt\/silikonperlen-mini-zirkel-14-x-3-mm-champagner-nugget\/","og_site_name":"Jootjes Haakcadeautjes","article_modified_time":"2025-06-10T06:48:30+00:00","og_image":[{"width":2048,"height":2048,"url":"https:\/\/www.jootjeshaakcadeautjes.nl\/wp-content\/uploads\/2023\/10\/20231023_214729.jpg","type":"image\/jpeg"}],"twitter_card":"summary_large_image","twitter_misc":{"Preis":"&euro;0.40 inkl. MwSt.","Verf\u00fcgbarkeit":"Auf Lager"},"schema":{"@context":"https:\/\/schema.org","@graph":[{"@type":"WebPage","@id":"https:\/\/www.jootjeshaakcadeautjes.nl\/de\/produkt\/silikonperlen-mini-zirkel-14-x-3-mm-champagner-nugget\/","url":"https:\/\/www.jootjeshaakcadeautjes.nl\/de\/produkt\/silikonperlen-mini-zirkel-14-x-3-mm-champagner-nugget\/","name":"Silikonperlen - Mini-Ring - 14 x 3 mm - Exklusiver Jootjes Druck - Champagne Nugget Druck - Jootjes Crochet Gifts","isPartOf":{"@id":"https:\/\/www.jootjeshaakcadeautjes.nl\/de\/#website"},"primaryImageOfPage":{"@id":"https:\/\/www.jootjeshaakcadeautjes.nl\/de\/produkt\/silikonperlen-mini-zirkel-14-x-3-mm-champagner-nugget\/#primaryimage"},"image":{"@id":"https:\/\/www.jootjeshaakcadeautjes.nl\/de\/produkt\/silikonperlen-mini-zirkel-14-x-3-mm-champagner-nugget\/#primaryimage"},"thumbnailUrl":"https:\/\/d1dyryakdmle7o.cloudfront.net\/wp-content\/uploads\/2023\/10\/20231023_214729.jpg","datePublished":"2023-10-14T17:53:16+00:00","dateModified":"2025-06-10T06:48:30+00:00","description":"Die ovalen Abstandshalter aus Silikon in der Farbe Salbeigr\u00fcn 12 mm sind BPA-, blei-, gift-, phthalat- und PVC-frei, CE-gekennzeichnet.","breadcrumb":{"@id":"https:\/\/www.jootjeshaakcadeautjes.nl\/de\/produkt\/silikonperlen-mini-zirkel-14-x-3-mm-champagner-nugget\/#breadcrumb"},"inLanguage":"de","potentialAction":[{"@type":"ReadAction","target":["https:\/\/www.jootjeshaakcadeautjes.nl\/de\/produkt\/silikonperlen-mini-zirkel-14-x-3-mm-champagner-nugget\/"]}]},{"@type":"ImageObject","inLanguage":"de","@id":"https:\/\/www.jootjeshaakcadeautjes.nl\/de\/produkt\/silikonperlen-mini-zirkel-14-x-3-mm-champagner-nugget\/#primaryimage","url":"https:\/\/d1dyryakdmle7o.cloudfront.net\/wp-content\/uploads\/2023\/10\/20231023_214729.jpg","contentUrl":"https:\/\/d1dyryakdmle7o.cloudfront.net\/wp-content\/uploads\/2023\/10\/20231023_214729.jpg","width":2048,"height":2048,"caption":"Silikon Perlen Mini Circlet 14 x 3 mm Champagner Nugget Druck Schnuller Schnur Bei\u00dfring Gro\u00dfhandel"},{"@type":"BreadcrumbList","@id":"https:\/\/www.jootjeshaakcadeautjes.nl\/de\/produkt\/silikonperlen-mini-zirkel-14-x-3-mm-champagner-nugget\/#breadcrumb","itemListElement":[{"@type":"ListItem","position":1,"name":"Startseite","item":"https:\/\/www.jootjeshaakcadeautjes.nl\/de\/"},{"@type":"ListItem","position":2,"name":"Gro\u00dfhandel mit Silikonperlen &#8211; Business und Consumer","item":"https:\/\/www.jootjeshaakcadeautjes.nl\/de\/shop\/"},{"@type":"ListItem","position":3,"name":"Silikonperlen &#8211; Mini-Ring &#8211; 14 x 3 mm &#8211; Exklusiver Jootjes Druck &#8211; Champagne Nugget Druck"}]},{"@type":"WebSite","@id":"https:\/\/www.jootjeshaakcadeautjes.nl\/de\/#website","url":"https:\/\/www.jootjeshaakcadeautjes.nl\/de\/","name":"Jootjes Haakcadeautjes","description":"Silikonperlen Gro\u00dfhandel ","publisher":{"@id":"https:\/\/www.jootjeshaakcadeautjes.nl\/de\/#organization"},"potentialAction":[{"@type":"SearchAction","target":{"@type":"EntryPoint","urlTemplate":"https:\/\/www.jootjeshaakcadeautjes.nl\/de\/?s={search_term_string}"},"query-input":{"@type":"PropertyValueSpecification","valueRequired":true,"valueName":"search_term_string"}}],"inLanguage":"de"},{"@type":"Organization","@id":"https:\/\/www.jootjeshaakcadeautjes.nl\/de\/#organization","name":"Jootjes Haakcadeautjes","url":"https:\/\/www.jootjeshaakcadeautjes.nl\/de\/","logo":{"@type":"ImageObject","inLanguage":"de","@id":"https:\/\/www.jootjeshaakcadeautjes.nl\/de\/#\/schema\/logo\/image\/","url":"https:\/\/jootjes-haakcadeautjes-media.s3.amazonaws.com\/wp-content\/uploads\/2023\/05\/Logo-rond.png","contentUrl":"https:\/\/jootjes-haakcadeautjes-media.s3.amazonaws.com\/wp-content\/uploads\/2023\/05\/Logo-rond.png","width":1222,"height":1222,"caption":"Jootjes Haakcadeautjes"},"image":{"@id":"https:\/\/www.jootjeshaakcadeautjes.nl\/de\/#\/schema\/logo\/image\/"}}]},"product_price_amount":"0.40","product_price_currency":"EUR","og_availability":"instock","product_availability":"instock","product_retailer_item_id":"SKR-MIC-CPN","product_condition":"new"},"_links":{"self":[{"href":"https:\/\/www.jootjeshaakcadeautjes.nl\/de\/wp-json\/wp\/v2\/product\/119298","targetHints":{"allow":["GET"]}}],"collection":[{"href":"https:\/\/www.jootjeshaakcadeautjes.nl\/de\/wp-json\/wp\/v2\/product"}],"about":[{"href":"https:\/\/www.jootjeshaakcadeautjes.nl\/de\/wp-json\/wp\/v2\/types\/product"}],"version-history":[{"count":0,"href":"https:\/\/www.jootjeshaakcadeautjes.nl\/de\/wp-json\/wp\/v2\/product\/119298\/revisions"}],"wp:featuredmedia":[{"embeddable":true,"href":"https:\/\/www.jootjeshaakcadeautjes.nl\/de\/wp-json\/wp\/v2\/media\/102120"}],"wp:attachment":[{"href":"https:\/\/www.jootjeshaakcadeautjes.nl\/de\/wp-json\/wp\/v2\/media?parent=119298"}],"wp:term":[{"taxonomy":"product_brand","embeddable":true,"href":"https:\/\/www.jootjeshaakcadeautjes.nl\/de\/wp-json\/wp\/v2\/product_brand?post=119298"},{"taxonomy":"product_cat","embeddable":true,"href":"https:\/\/www.jootjeshaakcadeautjes.nl\/de\/wp-json\/wp\/v2\/product_cat?post=119298"},{"taxonomy":"product_tag","embeddable":true,"href":"https:\/\/www.jootjeshaakcadeautjes.nl\/de\/wp-json\/wp\/v2\/product_tag?post=119298"}],"curies":[{"name":"wp","href":"https:\/\/api.w.org\/{rel}","templated":true}]}}