{"id":119551,"date":"2023-07-27T00:09:59","date_gmt":"2023-07-26T22:09:59","guid":{"rendered":"https:\/\/www.jootjeshaakcadeautjes.nl\/product\/supplies-yarn-kit-cart-hanger-monkey-knufl\/"},"modified":"2025-10-11T16:52:44","modified_gmt":"2025-10-11T14:52:44","slug":"supplies-yarn-kit-cart-hanger-monkey-knufl","status":"publish","type":"product","link":"https:\/\/www.jootjeshaakcadeautjes.nl\/de\/produkt\/supplies-yarn-kit-cart-hanger-monkey-knufl\/","title":{"rendered":"Zubeh\u00f6r \/ Garnpaket &#8211; Affen-Anh\u00e4nger &#8211; Knufl"},"content":{"rendered":"<h2>Zubeh\u00f6r \/ Garnpaket &#8211; Affen-Anh\u00e4nger &#8211; Knufl<\/h2>\n<p>Mit diesem Bausatz ist es super einfach, Knufl&#8217;s Wagon Hanger Monkey zu basteln.<\/p>\n<p>Nicht enthalten:<\/p>\n<ul>\n<li><a href=\"https:\/\/www.jootjeshaakcadeautjes.nl\/product\/dieren-haken-voor-de-baby-rosanne-briggeman-knufl\/\">Das Buch Animals Crochet for Baby. Wenn Sie sie noch nicht haben, k\u00f6nnen Sie sie hier kaufen.  <\/a><\/li>\n<li><a href=\"https:\/\/www.jootjeshaakcadeautjes.nl\/de\/product\/haekelnadeln-set-softgrip-gross\/\">H\u00e4kelnadel 2,5 mm &gt;&gt; Wenn Sie noch keine H\u00e4kelnadel haben, k\u00f6nnen Sie sie hier finden.<\/a><\/li>\n<li><a href=\"https:\/\/www.jootjeshaakcadeautjes.nl\/de\/product-categorie\/bastelmaterial-hakelzubehor\/stickereischere\/\">Hobbyschere &gt;&gt; Wenn Sie noch keine Stickschere haben, finden Sie sie hier.<\/a><\/li>\n<li><a href=\"https:\/\/www.jootjeshaakcadeautjes.nl\/de\/product\/einfaedeln-der-nadel\/\">F\u00e4delnadel &gt;&gt; Falls Sie noch keine haben, finden Sie sie hier.  <\/a><\/li>\n<li>F\u00fcllung*<\/li>\n<\/ul>\n<p>*Wir empfehlen ein g\u00fcnstiges, waschbares Kissen, zum Beispiel von Action. Dieser l\u00e4sst sich leicht entleeren und eignet sich hervorragend als F\u00fcllung.<\/p>\n","protected":false},"excerpt":{"rendered":"<p>Mit diesem Bausatz ist es super einfach, Knufl&#8217;s Wagon Hanger Monkey zu basteln.<\/p>\n<p>Nicht enthalten:<\/p>\n<ul>\n<li><a href=\"https:\/\/www.jootjeshaakcadeautjes.nl\/product\/dieren-haken-voor-de-baby-rosanne-briggeman-knufl\/\">Das Buch Animals Crochet for Baby. Wenn Sie sie noch nicht haben, k\u00f6nnen Sie sie hier kaufen.  <\/a><\/li>\n<li><a href=\"https:\/\/www.jootjeshaakcadeautjes.nl\/de\/product\/haekelnadeln-set-softgrip-gross\/\">H\u00e4kelnadel 2,5 mm &gt;&gt; Wenn Sie noch keine H\u00e4kelnadel haben, k\u00f6nnen Sie sie hier finden.<\/a><\/li>\n<li><a href=\"https:\/\/www.jootjeshaakcadeautjes.nl\/de\/product-categorie\/bastelmaterial-hakelzubehor\/stickereischere\/\">Hobbyschere &gt;&gt; Wenn Sie noch keine Stickschere haben, finden Sie sie hier.<\/a><\/li>\n<li><a href=\"https:\/\/www.jootjeshaakcadeautjes.nl\/de\/product\/einfaedeln-der-nadel\/\">F\u00e4delnadel &gt;&gt; Falls Sie noch keine haben, finden Sie sie hier.  <\/a><\/li>\n<li>F\u00fcllung*<\/li>\n<\/ul>\n","protected":false},"featured_media":119555,"template":"","meta":[],"product_brand":[],"product_cat":[8247,8506],"product_tag":[8759,7510,8735,7525,8282,8738,8268,8393,8384,8461,8736,8528,8101],"class_list":{"0":"post-119551","1":"product","2":"type-product","3":"status-publish","4":"has-post-thumbnail","6":"product_cat-bastelmaterial-hakelzubehor","7":"product_cat-hakelbucher-und-bausatze","8":"product_tag-affen","9":"product_tag-baby-de","10":"product_tag-briggeman-de","11":"product_tag-die","12":"product_tag-fur-de","13":"product_tag-garnpackung","14":"product_tag-hakchen","15":"product_tag-hakeltiere-fur-babys","16":"product_tag-knufl-de","17":"product_tag-liefert","18":"product_tag-rosanne-de","19":"product_tag-tiere","20":"product_tag-waggonaufhanger","22":"first","23":"outofstock","24":"virtual","25":"taxable","26":"purchasable","27":"product-type-bundle"},"bundled_by":[],"bundle_stock_status":"outofstock","bundle_stock_quantity":0,"bundle_virtual":false,"bundle_layout":"default","bundle_add_to_cart_form_location":"default","bundle_editable_in_cart":false,"bundle_sold_individually_context":"product","bundle_item_grouping":"parent","bundle_min_size":"","bundle_max_size":"","bundle_price":{"price":{"min":{"incl_tax":"15.9","excl_tax":"13.14"},"max":{"incl_tax":"15.9","excl_tax":"13.14"}},"regular_price":{"min":{"incl_tax":"15.9","excl_tax":"13.14"},"max":{"incl_tax":"15.9","excl_tax":"13.14"}}},"bundled_items":[{"bundled_item_id":23008,"product_id":123146,"menu_order":0,"quantity_min":1,"quantity_max":1,"quantity_default":1,"priced_individually":false,"shipped_individually":false,"override_title":false,"title":"Sicherheitsaugen 6 mm &#8211; Schwarz &#8211; pro Paar","override_description":true,"description":"","optional":false,"hide_thumbnail":false,"discount":"","override_variations":false,"allowed_variations":[""],"override_default_variation_attributes":false,"default_variation_attributes":[],"single_product_visibility":"visible","cart_visibility":"visible","order_visibility":"visible","single_product_price_visibility":"visible","cart_price_visibility":"visible","order_price_visibility":"visible","stock_status":"out_of_stock"},{"bundled_item_id":243,"product_id":119523,"menu_order":1,"quantity_min":1,"quantity_max":1,"quantity_default":1,"priced_individually":false,"shipped_individually":false,"override_title":false,"title":"Silikon-Bei\u00dfring &#8211; Monstera Leaf &#8211; Pistazie","override_description":true,"description":"","optional":false,"hide_thumbnail":false,"discount":"","override_variations":false,"allowed_variations":[""],"override_default_variation_attributes":false,"default_variation_attributes":[],"single_product_visibility":"visible","cart_visibility":"visible","order_visibility":"visible","single_product_price_visibility":"visible","cart_price_visibility":"visible","order_price_visibility":"visible","stock_status":"in_stock"},{"bundled_item_id":23009,"product_id":122219,"menu_order":2,"quantity_min":10,"quantity_max":10,"quantity_default":10,"priced_individually":false,"shipped_individually":false,"override_title":false,"title":"Silikonperlen 9 mm &#8211; Rund &#8211; Pistazie","override_description":true,"description":"","optional":false,"hide_thumbnail":false,"discount":"","override_variations":false,"allowed_variations":[""],"override_default_variation_attributes":false,"default_variation_attributes":[],"single_product_visibility":"visible","cart_visibility":"visible","order_visibility":"visible","single_product_price_visibility":"visible","cart_price_visibility":"visible","order_price_visibility":"visible","stock_status":"out_of_stock"},{"bundled_item_id":23010,"product_id":123787,"menu_order":3,"quantity_min":2,"quantity_max":2,"quantity_default":2,"priced_individually":false,"shipped_individually":false,"override_title":false,"title":"Silikonperlen &#8211; 16 mm &#8211; Rund &#8211; Pistazie","override_description":true,"description":"","optional":false,"hide_thumbnail":false,"discount":"","override_variations":false,"allowed_variations":[""],"override_default_variation_attributes":false,"default_variation_attributes":[],"single_product_visibility":"visible","cart_visibility":"visible","order_visibility":"visible","single_product_price_visibility":"visible","cart_price_visibility":"visible","order_price_visibility":"visible","stock_status":"in_stock"},{"bundled_item_id":23011,"product_id":122666,"menu_order":4,"quantity_min":2,"quantity_max":2,"quantity_default":2,"priced_individually":false,"shipped_individually":false,"override_title":false,"title":"Ringe aus Buchenholz &#8211; 3,0 cm &#8211; glatt, gl\u00e4nzend und unbehandelt","override_description":true,"description":"","optional":false,"hide_thumbnail":false,"discount":"","override_variations":false,"allowed_variations":[""],"override_default_variation_attributes":false,"default_variation_attributes":[],"single_product_visibility":"visible","cart_visibility":"visible","order_visibility":"visible","single_product_price_visibility":"visible","cart_price_visibility":"visible","order_price_visibility":"visible","stock_status":"in_stock"},{"bundled_item_id":23012,"product_id":119626,"menu_order":5,"quantity_min":1,"quantity_max":1,"quantity_default":1,"priced_individually":false,"shipped_individually":false,"override_title":false,"title":"Holzperle &#8211; Graviert &#8211; Buchenholz &#8211; Affe &#8211; 20 mm","override_description":true,"description":"","optional":false,"hide_thumbnail":false,"discount":"","override_variations":false,"allowed_variations":[""],"override_default_variation_attributes":false,"default_variation_attributes":[],"single_product_visibility":"visible","cart_visibility":"visible","order_visibility":"visible","single_product_price_visibility":"visible","cart_price_visibility":"visible","order_price_visibility":"visible","stock_status":"in_stock"},{"bundled_item_id":23013,"product_id":123510,"menu_order":6,"quantity_min":1,"quantity_max":1,"quantity_default":1,"priced_individually":false,"shipped_individually":false,"override_title":false,"title":"Schnullerclips aus Holz &#8211; Nuckelclip Monstera Blatt &#8211; Buchenholz","override_description":true,"description":"","optional":false,"hide_thumbnail":false,"discount":"","override_variations":false,"allowed_variations":[""],"override_default_variation_attributes":false,"default_variation_attributes":[],"single_product_visibility":"visible","cart_visibility":"visible","order_visibility":"visible","single_product_price_visibility":"visible","cart_price_visibility":"visible","order_price_visibility":"visible","stock_status":"in_stock"},{"bundled_item_id":23014,"product_id":123372,"menu_order":7,"quantity_min":1,"quantity_max":1,"quantity_default":1,"priced_individually":false,"shipped_individually":false,"override_title":false,"title":"Satinkordel 2 mm &#8211; Wei\u00df &#8211; pro Meter","override_description":true,"description":"","optional":false,"hide_thumbnail":false,"discount":"","override_variations":false,"allowed_variations":[""],"override_default_variation_attributes":false,"default_variation_attributes":[],"single_product_visibility":"visible","cart_visibility":"visible","order_visibility":"visible","single_product_price_visibility":"visible","cart_price_visibility":"visible","order_price_visibility":"visible","stock_status":"in_stock"},{"bundled_item_id":23015,"product_id":119754,"menu_order":8,"quantity_min":1,"quantity_max":1,"quantity_default":1,"priced_individually":false,"shipped_individually":false,"override_title":false,"title":"Dauerhafte Koralle &#8211; Farbe 2230 Dunkelbraun","override_description":true,"description":"","optional":false,"hide_thumbnail":false,"discount":"","override_variations":false,"allowed_variations":[""],"override_default_variation_attributes":false,"default_variation_attributes":[],"single_product_visibility":"visible","cart_visibility":"visible","order_visibility":"visible","single_product_price_visibility":"visible","cart_price_visibility":"visible","order_price_visibility":"visible","stock_status":"in_stock"},{"bundled_item_id":23016,"product_id":119720,"menu_order":9,"quantity_min":1,"quantity_max":1,"quantity_default":1,"priced_individually":false,"shipped_individually":false,"override_title":false,"title":"Dauerhafte Koralle &#8211; Farbe 2223 Liver","override_description":true,"description":"","optional":false,"hide_thumbnail":false,"discount":"","override_variations":false,"allowed_variations":[""],"override_default_variation_attributes":false,"default_variation_attributes":[],"single_product_visibility":"visible","cart_visibility":"visible","order_visibility":"visible","single_product_price_visibility":"visible","cart_price_visibility":"visible","order_price_visibility":"visible","stock_status":"in_stock"},{"bundled_item_id":23017,"product_id":123712,"menu_order":10,"quantity_min":1,"quantity_max":1,"quantity_default":1,"priced_individually":true,"shipped_individually":false,"override_title":false,"title":"Rasselperlen &#8211; 24 mm &#8211; Wei\u00df","override_description":true,"description":"","optional":false,"hide_thumbnail":false,"discount":"","override_variations":false,"allowed_variations":[""],"override_default_variation_attributes":false,"default_variation_attributes":[],"single_product_visibility":"visible","cart_visibility":"visible","order_visibility":"visible","single_product_price_visibility":"visible","cart_price_visibility":"visible","order_price_visibility":"visible","stock_status":"in_stock"}],"bundle_sell_ids":[],"yoast_head":"<!-- This site is optimized with the Yoast SEO Premium plugin v27.6 (Yoast SEO v27.6) - https:\/\/yoast.com\/product\/yoast-seo-premium-wordpress\/ -->\n<title>Zubeh\u00f6r \/ Garnpaket - Affen-Anh\u00e4nger - Knufl - Jootjes Haakcadeautjes<\/title>\n<meta name=\"description\" content=\"Bestellen Sie Ihr Material f\u00fcr den Monkey Wagon Hanger aus dem Buch Crocheting Animals for Baby von Rosanne Briggeman \/ Knufl hier. Klapperaffe.\" \/>\n<meta name=\"robots\" content=\"index, follow, max-snippet:-1, max-image-preview:large, max-video-preview:-1\" \/>\n<link rel=\"canonical\" href=\"https:\/\/www.jootjeshaakcadeautjes.nl\/de\/produkt\/supplies-yarn-kit-cart-hanger-monkey-knufl\/\" \/>\n<meta property=\"og:locale\" content=\"de_DE\" \/>\n<meta property=\"og:type\" content=\"article\" \/>\n<meta property=\"og:title\" content=\"Zubeh\u00f6r \/ Garnpaket - Affen-Anh\u00e4nger - Knufl\" \/>\n<meta property=\"og:description\" content=\"Bestellen Sie Ihr Material f\u00fcr den Monkey Wagon Hanger aus dem Buch Crocheting Animals for Baby von Rosanne Briggeman \/ Knufl hier. Klapperaffe.\" \/>\n<meta property=\"og:url\" content=\"https:\/\/www.jootjeshaakcadeautjes.nl\/de\/produkt\/supplies-yarn-kit-cart-hanger-monkey-knufl\/\" \/>\n<meta property=\"og:site_name\" content=\"Jootjes Haakcadeautjes\" \/>\n<meta property=\"article:modified_time\" content=\"2025-10-11T14:52:44+00:00\" \/>\n<meta property=\"og:image\" content=\"https:\/\/www.jootjeshaakcadeautjes.nl\/wp-content\/uploads\/2023\/08\/Wagenhanger-Aapje-Rosanne-Briggeman-Knufl-Garenpakket-Benodigdheden-Groothandel-Haken.jpg\" \/>\n\t<meta property=\"og:image:width\" content=\"951\" \/>\n\t<meta property=\"og:image:height\" content=\"909\" \/>\n\t<meta property=\"og:image:type\" content=\"image\/jpeg\" \/>\n<meta name=\"twitter:card\" content=\"summary_large_image\" \/>\n<meta name=\"twitter:label1\" content=\"Preis\" \/>\n\t<meta name=\"twitter:data1\" content=\"&euro;15.45 inkl. MwSt.\" \/>\n\t<meta name=\"twitter:label2\" content=\"Verf\u00fcgbarkeit\" \/>\n\t<meta name=\"twitter:data2\" content=\"ausverkauft\" \/>\n<script type=\"application\/ld+json\" class=\"yoast-schema-graph\">{\"@context\":\"https:\\\/\\\/schema.org\",\"@graph\":[{\"@type\":\"WebPage\",\"@id\":\"https:\\\/\\\/www.jootjeshaakcadeautjes.nl\\\/de\\\/produkt\\\/supplies-yarn-kit-cart-hanger-monkey-knufl\\\/\",\"url\":\"https:\\\/\\\/www.jootjeshaakcadeautjes.nl\\\/de\\\/produkt\\\/supplies-yarn-kit-cart-hanger-monkey-knufl\\\/\",\"name\":\"Zubeh\u00f6r \\\/ Garnpaket - Affen-Anh\u00e4nger - Knufl - Jootjes Haakcadeautjes\",\"isPartOf\":{\"@id\":\"https:\\\/\\\/www.jootjeshaakcadeautjes.nl\\\/de\\\/#website\"},\"primaryImageOfPage\":{\"@id\":\"https:\\\/\\\/www.jootjeshaakcadeautjes.nl\\\/de\\\/produkt\\\/supplies-yarn-kit-cart-hanger-monkey-knufl\\\/#primaryimage\"},\"image\":{\"@id\":\"https:\\\/\\\/www.jootjeshaakcadeautjes.nl\\\/de\\\/produkt\\\/supplies-yarn-kit-cart-hanger-monkey-knufl\\\/#primaryimage\"},\"thumbnailUrl\":\"https:\\\/\\\/d1dyryakdmle7o.cloudfront.net\\\/wp-content\\\/uploads\\\/2023\\\/08\\\/Wagenhanger-Aapje-Rosanne-Briggeman-Knufl-Garenpakket-Benodigdheden-Groothandel-Haken.jpg\",\"datePublished\":\"2023-07-26T22:09:59+00:00\",\"dateModified\":\"2025-10-11T14:52:44+00:00\",\"description\":\"Bestellen Sie Ihr Material f\u00fcr den Monkey Wagon Hanger aus dem Buch Crocheting Animals for Baby von Rosanne Briggeman \\\/ Knufl hier. Klapperaffe.\",\"breadcrumb\":{\"@id\":\"https:\\\/\\\/www.jootjeshaakcadeautjes.nl\\\/de\\\/produkt\\\/supplies-yarn-kit-cart-hanger-monkey-knufl\\\/#breadcrumb\"},\"inLanguage\":\"de\",\"potentialAction\":[{\"@type\":\"ReadAction\",\"target\":[\"https:\\\/\\\/www.jootjeshaakcadeautjes.nl\\\/de\\\/produkt\\\/supplies-yarn-kit-cart-hanger-monkey-knufl\\\/\"]}]},{\"@type\":\"ImageObject\",\"inLanguage\":\"de\",\"@id\":\"https:\\\/\\\/www.jootjeshaakcadeautjes.nl\\\/de\\\/produkt\\\/supplies-yarn-kit-cart-hanger-monkey-knufl\\\/#primaryimage\",\"url\":\"https:\\\/\\\/d1dyryakdmle7o.cloudfront.net\\\/wp-content\\\/uploads\\\/2023\\\/08\\\/Wagenhanger-Aapje-Rosanne-Briggeman-Knufl-Garenpakket-Benodigdheden-Groothandel-Haken.jpg\",\"contentUrl\":\"https:\\\/\\\/d1dyryakdmle7o.cloudfront.net\\\/wp-content\\\/uploads\\\/2023\\\/08\\\/Wagenhanger-Aapje-Rosanne-Briggeman-Knufl-Garenpakket-Benodigdheden-Groothandel-Haken.jpg\",\"width\":951,\"height\":909,\"caption\":\"Wagon Hanger Monkey Rosanne Briggeman Knufl Yarn Package Supplies Gro\u00dfhandel Crochet\"},{\"@type\":\"BreadcrumbList\",\"@id\":\"https:\\\/\\\/www.jootjeshaakcadeautjes.nl\\\/de\\\/produkt\\\/supplies-yarn-kit-cart-hanger-monkey-knufl\\\/#breadcrumb\",\"itemListElement\":[{\"@type\":\"ListItem\",\"position\":1,\"name\":\"Startseite\",\"item\":\"https:\\\/\\\/www.jootjeshaakcadeautjes.nl\\\/de\\\/\"},{\"@type\":\"ListItem\",\"position\":2,\"name\":\"Gro\u00dfhandel mit Silikonperlen &#8211; Business und Consumer\",\"item\":\"https:\\\/\\\/www.jootjeshaakcadeautjes.nl\\\/de\\\/shop\\\/\"},{\"@type\":\"ListItem\",\"position\":3,\"name\":\"Zubeh\u00f6r \\\/ Garnpaket &#8211; Affen-Anh\u00e4nger &#8211; Knufl\"}]},{\"@type\":\"WebSite\",\"@id\":\"https:\\\/\\\/www.jootjeshaakcadeautjes.nl\\\/de\\\/#website\",\"url\":\"https:\\\/\\\/www.jootjeshaakcadeautjes.nl\\\/de\\\/\",\"name\":\"Jootjes Haakcadeautjes\",\"description\":\"Silikonperlen Gro\u00dfhandel \",\"publisher\":{\"@id\":\"https:\\\/\\\/www.jootjeshaakcadeautjes.nl\\\/de\\\/#organization\"},\"potentialAction\":[{\"@type\":\"SearchAction\",\"target\":{\"@type\":\"EntryPoint\",\"urlTemplate\":\"https:\\\/\\\/www.jootjeshaakcadeautjes.nl\\\/de\\\/?s={search_term_string}\"},\"query-input\":{\"@type\":\"PropertyValueSpecification\",\"valueRequired\":true,\"valueName\":\"search_term_string\"}}],\"inLanguage\":\"de\"},{\"@type\":\"Organization\",\"@id\":\"https:\\\/\\\/www.jootjeshaakcadeautjes.nl\\\/de\\\/#organization\",\"name\":\"Jootjes Haakcadeautjes\",\"url\":\"https:\\\/\\\/www.jootjeshaakcadeautjes.nl\\\/de\\\/\",\"logo\":{\"@type\":\"ImageObject\",\"inLanguage\":\"de\",\"@id\":\"https:\\\/\\\/www.jootjeshaakcadeautjes.nl\\\/de\\\/#\\\/schema\\\/logo\\\/image\\\/\",\"url\":\"https:\\\/\\\/d1dyryakdmle7o.cloudfront.net\\\/wp-content\\\/uploads\\\/2023\\\/05\\\/Logo-rond.png\",\"contentUrl\":\"https:\\\/\\\/d1dyryakdmle7o.cloudfront.net\\\/wp-content\\\/uploads\\\/2023\\\/05\\\/Logo-rond.png\",\"width\":1222,\"height\":1222,\"caption\":\"Jootjes Haakcadeautjes\"},\"image\":{\"@id\":\"https:\\\/\\\/www.jootjeshaakcadeautjes.nl\\\/de\\\/#\\\/schema\\\/logo\\\/image\\\/\"}}]}<\/script>\n<meta property=\"product:price:amount\" content=\"15.45\" \/>\n<meta property=\"product:price:currency\" content=\"EUR\" \/>\n<meta property=\"og:availability\" content=\"out of stock\" \/>\n<meta property=\"product:availability\" content=\"out of stock\" \/>\n<meta property=\"product:retailer_item_id\" content=\"PAK-AAP-WAG-KNUFL\" \/>\n<meta property=\"product:condition\" content=\"new\" \/>\n<!-- \/ Yoast SEO Premium plugin. -->","yoast_head_json":{"title":"Zubeh\u00f6r \/ Garnpaket - Affen-Anh\u00e4nger - Knufl - Jootjes Haakcadeautjes","description":"Bestellen Sie Ihr Material f\u00fcr den Monkey Wagon Hanger aus dem Buch Crocheting Animals for Baby von Rosanne Briggeman \/ Knufl hier. Klapperaffe.","robots":{"index":"index","follow":"follow","max-snippet":"max-snippet:-1","max-image-preview":"max-image-preview:large","max-video-preview":"max-video-preview:-1"},"canonical":"https:\/\/www.jootjeshaakcadeautjes.nl\/de\/produkt\/supplies-yarn-kit-cart-hanger-monkey-knufl\/","og_locale":"de_DE","og_type":"article","og_title":"Zubeh\u00f6r \/ Garnpaket - Affen-Anh\u00e4nger - Knufl","og_description":"Bestellen Sie Ihr Material f\u00fcr den Monkey Wagon Hanger aus dem Buch Crocheting Animals for Baby von Rosanne Briggeman \/ Knufl hier. Klapperaffe.","og_url":"https:\/\/www.jootjeshaakcadeautjes.nl\/de\/produkt\/supplies-yarn-kit-cart-hanger-monkey-knufl\/","og_site_name":"Jootjes Haakcadeautjes","article_modified_time":"2025-10-11T14:52:44+00:00","og_image":[{"width":951,"height":909,"url":"https:\/\/www.jootjeshaakcadeautjes.nl\/wp-content\/uploads\/2023\/08\/Wagenhanger-Aapje-Rosanne-Briggeman-Knufl-Garenpakket-Benodigdheden-Groothandel-Haken.jpg","type":"image\/jpeg"}],"twitter_card":"summary_large_image","twitter_misc":{"Preis":"&euro;15.45 inkl. MwSt.","Verf\u00fcgbarkeit":"ausverkauft"},"schema":{"@context":"https:\/\/schema.org","@graph":[{"@type":"WebPage","@id":"https:\/\/www.jootjeshaakcadeautjes.nl\/de\/produkt\/supplies-yarn-kit-cart-hanger-monkey-knufl\/","url":"https:\/\/www.jootjeshaakcadeautjes.nl\/de\/produkt\/supplies-yarn-kit-cart-hanger-monkey-knufl\/","name":"Zubeh\u00f6r \/ Garnpaket - Affen-Anh\u00e4nger - Knufl - Jootjes Haakcadeautjes","isPartOf":{"@id":"https:\/\/www.jootjeshaakcadeautjes.nl\/de\/#website"},"primaryImageOfPage":{"@id":"https:\/\/www.jootjeshaakcadeautjes.nl\/de\/produkt\/supplies-yarn-kit-cart-hanger-monkey-knufl\/#primaryimage"},"image":{"@id":"https:\/\/www.jootjeshaakcadeautjes.nl\/de\/produkt\/supplies-yarn-kit-cart-hanger-monkey-knufl\/#primaryimage"},"thumbnailUrl":"https:\/\/d1dyryakdmle7o.cloudfront.net\/wp-content\/uploads\/2023\/08\/Wagenhanger-Aapje-Rosanne-Briggeman-Knufl-Garenpakket-Benodigdheden-Groothandel-Haken.jpg","datePublished":"2023-07-26T22:09:59+00:00","dateModified":"2025-10-11T14:52:44+00:00","description":"Bestellen Sie Ihr Material f\u00fcr den Monkey Wagon Hanger aus dem Buch Crocheting Animals for Baby von Rosanne Briggeman \/ Knufl hier. Klapperaffe.","breadcrumb":{"@id":"https:\/\/www.jootjeshaakcadeautjes.nl\/de\/produkt\/supplies-yarn-kit-cart-hanger-monkey-knufl\/#breadcrumb"},"inLanguage":"de","potentialAction":[{"@type":"ReadAction","target":["https:\/\/www.jootjeshaakcadeautjes.nl\/de\/produkt\/supplies-yarn-kit-cart-hanger-monkey-knufl\/"]}]},{"@type":"ImageObject","inLanguage":"de","@id":"https:\/\/www.jootjeshaakcadeautjes.nl\/de\/produkt\/supplies-yarn-kit-cart-hanger-monkey-knufl\/#primaryimage","url":"https:\/\/d1dyryakdmle7o.cloudfront.net\/wp-content\/uploads\/2023\/08\/Wagenhanger-Aapje-Rosanne-Briggeman-Knufl-Garenpakket-Benodigdheden-Groothandel-Haken.jpg","contentUrl":"https:\/\/d1dyryakdmle7o.cloudfront.net\/wp-content\/uploads\/2023\/08\/Wagenhanger-Aapje-Rosanne-Briggeman-Knufl-Garenpakket-Benodigdheden-Groothandel-Haken.jpg","width":951,"height":909,"caption":"Wagon Hanger Monkey Rosanne Briggeman Knufl Yarn Package Supplies Gro\u00dfhandel Crochet"},{"@type":"BreadcrumbList","@id":"https:\/\/www.jootjeshaakcadeautjes.nl\/de\/produkt\/supplies-yarn-kit-cart-hanger-monkey-knufl\/#breadcrumb","itemListElement":[{"@type":"ListItem","position":1,"name":"Startseite","item":"https:\/\/www.jootjeshaakcadeautjes.nl\/de\/"},{"@type":"ListItem","position":2,"name":"Gro\u00dfhandel mit Silikonperlen &#8211; Business und Consumer","item":"https:\/\/www.jootjeshaakcadeautjes.nl\/de\/shop\/"},{"@type":"ListItem","position":3,"name":"Zubeh\u00f6r \/ Garnpaket &#8211; Affen-Anh\u00e4nger &#8211; Knufl"}]},{"@type":"WebSite","@id":"https:\/\/www.jootjeshaakcadeautjes.nl\/de\/#website","url":"https:\/\/www.jootjeshaakcadeautjes.nl\/de\/","name":"Jootjes Haakcadeautjes","description":"Silikonperlen Gro\u00dfhandel ","publisher":{"@id":"https:\/\/www.jootjeshaakcadeautjes.nl\/de\/#organization"},"potentialAction":[{"@type":"SearchAction","target":{"@type":"EntryPoint","urlTemplate":"https:\/\/www.jootjeshaakcadeautjes.nl\/de\/?s={search_term_string}"},"query-input":{"@type":"PropertyValueSpecification","valueRequired":true,"valueName":"search_term_string"}}],"inLanguage":"de"},{"@type":"Organization","@id":"https:\/\/www.jootjeshaakcadeautjes.nl\/de\/#organization","name":"Jootjes Haakcadeautjes","url":"https:\/\/www.jootjeshaakcadeautjes.nl\/de\/","logo":{"@type":"ImageObject","inLanguage":"de","@id":"https:\/\/www.jootjeshaakcadeautjes.nl\/de\/#\/schema\/logo\/image\/","url":"https:\/\/d1dyryakdmle7o.cloudfront.net\/wp-content\/uploads\/2023\/05\/Logo-rond.png","contentUrl":"https:\/\/d1dyryakdmle7o.cloudfront.net\/wp-content\/uploads\/2023\/05\/Logo-rond.png","width":1222,"height":1222,"caption":"Jootjes Haakcadeautjes"},"image":{"@id":"https:\/\/www.jootjeshaakcadeautjes.nl\/de\/#\/schema\/logo\/image\/"}}]},"product_price_amount":"15.45","product_price_currency":"EUR","og_availability":"out of stock","product_availability":"out of stock","product_retailer_item_id":"PAK-AAP-WAG-KNUFL","product_condition":"new"},"_links":{"self":[{"href":"https:\/\/www.jootjeshaakcadeautjes.nl\/de\/wp-json\/wp\/v2\/product\/119551","targetHints":{"allow":["GET"]}}],"collection":[{"href":"https:\/\/www.jootjeshaakcadeautjes.nl\/de\/wp-json\/wp\/v2\/product"}],"about":[{"href":"https:\/\/www.jootjeshaakcadeautjes.nl\/de\/wp-json\/wp\/v2\/types\/product"}],"version-history":[{"count":0,"href":"https:\/\/www.jootjeshaakcadeautjes.nl\/de\/wp-json\/wp\/v2\/product\/119551\/revisions"}],"wp:featuredmedia":[{"embeddable":true,"href":"https:\/\/www.jootjeshaakcadeautjes.nl\/de\/wp-json\/wp\/v2\/media\/119555"}],"wp:attachment":[{"href":"https:\/\/www.jootjeshaakcadeautjes.nl\/de\/wp-json\/wp\/v2\/media?parent=119551"}],"wp:term":[{"taxonomy":"product_brand","embeddable":true,"href":"https:\/\/www.jootjeshaakcadeautjes.nl\/de\/wp-json\/wp\/v2\/product_brand?post=119551"},{"taxonomy":"product_cat","embeddable":true,"href":"https:\/\/www.jootjeshaakcadeautjes.nl\/de\/wp-json\/wp\/v2\/product_cat?post=119551"},{"taxonomy":"product_tag","embeddable":true,"href":"https:\/\/www.jootjeshaakcadeautjes.nl\/de\/wp-json\/wp\/v2\/product_tag?post=119551"}],"curies":[{"name":"wp","href":"https:\/\/api.w.org\/{rel}","templated":true}]}}