{"id":119559,"date":"2023-07-27T13:03:00","date_gmt":"2023-07-27T12:03:00","guid":{"rendered":"https:\/\/www.jootjeshaakcadeautjes.nl\/product\/vorraete-garnpaket-klapperkrake-knufl\/"},"modified":"2025-03-11T04:32:28","modified_gmt":"2025-03-11T03:32:28","slug":"vorraete-garnpaket-klapperkrake-knufl","status":"publish","type":"product","link":"https:\/\/www.jootjeshaakcadeautjes.nl\/de\/produkt\/vorraete-garnpaket-klapperkrake-knufl\/","title":{"rendered":"Zubeh\u00f6r \/ Garnpaket &#8211; Rasselkrake &#8211; Knufl"},"content":{"rendered":"<h2>Zubeh\u00f6r \/ Garnpaket &#8211; Rasselkrake &#8211; Knufl<\/h2>\n<p>Mit diesem Bausatz l\u00e4sst sich Knufl&#8217;s Klapper-Krake ganz einfach basteln.<\/p>\n<p>Nicht enthalten:<\/p>\n<ul>\n<li><a href=\"https:\/\/www.jootjeshaakcadeautjes.nl\/de\/produkt\/tiere-rochet-fuer-baby-rosanne-briggeman-knufl\/\">Das Buch Animals Crochet for Baby. Wenn Sie sie noch nicht haben, k\u00f6nnen Sie sie hier kaufen.  <\/a><\/li>\n<li><a href=\"https:\/\/www.jootjeshaakcadeautjes.nl\/de\/produkt\/haekelnadeln-set-softgrip-gross\/\">H\u00e4kelnadel 2,5 mm &gt;&gt; Wenn Sie noch keine H\u00e4kelnadel haben, k\u00f6nnen Sie sie hier finden.<\/a><\/li>\n<li><a href=\"https:\/\/www.jootjeshaakcadeautjes.nl\/de\/product-categorie\/bastelmaterial-hakelzubehor\/stickereischere\/\">Hobbyschere &gt;&gt; Wenn Sie noch keine Stickschere haben, finden Sie sie hier.<\/a><\/li>\n<li><a href=\"https:\/\/www.jootjeshaakcadeautjes.nl\/de\/produkt\/einfaedeln-der-nadel\/\">F\u00e4delnadel &gt;&gt; Falls Sie noch keine haben, finden Sie sie hier.  <\/a><\/li>\n<li>F\u00fcllung*<\/li>\n<\/ul>\n<p>*Wir empfehlen ein g\u00fcnstiges, waschbares Kissen, zum Beispiel von Action. Dieser l\u00e4sst sich leicht entleeren und eignet sich hervorragend als F\u00fcllung.<\/p>\n","protected":false},"excerpt":{"rendered":"<p>Mit diesem Bausatz l\u00e4sst sich Knufl&#8217;s Klapper-Krake ganz einfach basteln.<\/p>\n<p>Nicht enthalten:<\/p>\n<ul>\n<li><a href=\"https:\/\/www.jootjeshaakcadeautjes.nl\/product\/dieren-haken-voor-de-baby-rosanne-briggeman-knufl\/\">Das Buch Animals Crochet for Baby. Wenn Sie sie noch nicht haben, k\u00f6nnen Sie sie hier kaufen.  <\/a><\/li>\n<li><a href=\"https:\/\/www.jootjeshaakcadeautjes.nl\/product\/haaknaalden-set-softgrip-groot\/\">H\u00e4kelnadel 2,5 mm &gt;&gt; Wenn Sie noch keine H\u00e4kelnadel haben, k\u00f6nnen Sie sie hier finden.<\/a><\/li>\n<li><a href=\"https:\/\/www.jootjeshaakcadeautjes.nl\/product-categorie\/haakbenodigdheden\/borduurschaartjes\/\">Hobbyschere &gt;&gt; Wenn Sie noch keine Stickschere haben, finden Sie sie hier.<\/a><\/li>\n<li><a href=\"https:\/\/www.jootjeshaakcadeautjes.nl\/product\/rijgnaald\/\">F\u00e4delnadel &gt;&gt; Falls Sie noch keine haben, finden Sie sie hier.  <\/a><\/li>\n<li>F\u00fcllung*<\/li>\n<\/ul>\n","protected":false},"featured_media":119572,"template":"","meta":[],"product_brand":[],"product_cat":[8247,8506],"product_tag":[7510,8735,7525,8282,8738,8268,8393,8083,8384,8461,8818,8736,8528],"class_list":{"0":"post-119559","1":"product","2":"type-product","3":"status-publish","4":"has-post-thumbnail","6":"product_cat-bastelmaterial-hakelzubehor","7":"product_cat-hakelbucher-und-bausatze","8":"product_tag-baby-de","9":"product_tag-briggeman-de","10":"product_tag-die","11":"product_tag-fur-de","12":"product_tag-garnpackung","13":"product_tag-hakchen","14":"product_tag-hakeltiere-fur-babys","15":"product_tag-klappern","16":"product_tag-knufl-de","17":"product_tag-liefert","18":"product_tag-oktopus","19":"product_tag-rosanne-de","20":"product_tag-tiere","22":"first","23":"instock","24":"virtual","25":"taxable","26":"product-type-bundle"},"bundled_by":[],"bundle_stock_status":"instock","bundle_stock_quantity":4,"bundle_virtual":false,"bundle_layout":"default","bundle_add_to_cart_form_location":"default","bundle_editable_in_cart":false,"bundle_sold_individually_context":"product","bundle_item_grouping":"parent","bundle_min_size":"","bundle_max_size":"","bundle_price":{"price":{"min":{"incl_tax":"9.45","excl_tax":"7.809917"},"max":{"incl_tax":"9.45","excl_tax":"7.809917"}},"regular_price":{"min":{"incl_tax":"9.45","excl_tax":"7.809917"},"max":{"incl_tax":"9.45","excl_tax":"7.809917"}}},"bundled_items":[],"bundle_sell_ids":[],"yoast_head":"<!-- This site is optimized with the Yoast SEO Premium plugin v27.6 (Yoast SEO v27.6) - https:\/\/yoast.com\/product\/yoast-seo-premium-wordpress\/ -->\n<title>Zubeh\u00f6r \/ Garnpaket - Rasselkrake - Knufl - Jootjes Haakcadeautjes<\/title>\n<meta name=\"description\" content=\"Bestellen Sie Ihr Material f\u00fcr den Oktopus aus dem Buch Crocheting Animals for Baby von Rosanne Briggeman \/ Knufl hier. Rassel-Oktopus.\" \/>\n<meta name=\"robots\" content=\"index, follow, max-snippet:-1, max-image-preview:large, max-video-preview:-1\" \/>\n<link rel=\"canonical\" href=\"https:\/\/www.jootjeshaakcadeautjes.nl\/de\/produkt\/vorraete-garnpaket-klapperkrake-knufl\/\" \/>\n<meta property=\"og:locale\" content=\"de_DE\" \/>\n<meta property=\"og:type\" content=\"article\" \/>\n<meta property=\"og:title\" content=\"Zubeh\u00f6r \/ Garnpaket - Rasselkrake - Knufl\" \/>\n<meta property=\"og:description\" content=\"Bestellen Sie Ihr Material f\u00fcr den Oktopus aus dem Buch Crocheting Animals for Baby von Rosanne Briggeman \/ Knufl hier. Rassel-Oktopus.\" \/>\n<meta property=\"og:url\" content=\"https:\/\/www.jootjeshaakcadeautjes.nl\/de\/produkt\/vorraete-garnpaket-klapperkrake-knufl\/\" \/>\n<meta property=\"og:site_name\" content=\"Jootjes Haakcadeautjes\" \/>\n<meta property=\"article:modified_time\" content=\"2025-03-11T03:32:28+00:00\" \/>\n<meta property=\"og:image\" content=\"https:\/\/www.jootjeshaakcadeautjes.nl\/wp-content\/uploads\/2023\/08\/Rammelaar-Octopus-Rosanne-Briggeman-Knufl-Garenpakket-Benodigdheden-Groothandel-Haken.jpg\" \/>\n\t<meta property=\"og:image:width\" content=\"951\" \/>\n\t<meta property=\"og:image:height\" content=\"914\" \/>\n\t<meta property=\"og:image:type\" content=\"image\/jpeg\" \/>\n<meta name=\"twitter:card\" content=\"summary_large_image\" \/>\n<meta name=\"twitter:label1\" content=\"Preis\" \/>\n\t<meta name=\"twitter:data1\" content=\"&euro;9.45 inkl. MwSt.\" \/>\n\t<meta name=\"twitter:label2\" content=\"Verf\u00fcgbarkeit\" \/>\n\t<meta name=\"twitter:data2\" content=\"Auf Lager\" \/>\n<script type=\"application\/ld+json\" class=\"yoast-schema-graph\">{\"@context\":\"https:\\\/\\\/schema.org\",\"@graph\":[{\"@type\":\"WebPage\",\"@id\":\"https:\\\/\\\/www.jootjeshaakcadeautjes.nl\\\/de\\\/produkt\\\/vorraete-garnpaket-klapperkrake-knufl\\\/\",\"url\":\"https:\\\/\\\/www.jootjeshaakcadeautjes.nl\\\/de\\\/produkt\\\/vorraete-garnpaket-klapperkrake-knufl\\\/\",\"name\":\"Zubeh\u00f6r \\\/ Garnpaket - Rasselkrake - Knufl - Jootjes Haakcadeautjes\",\"isPartOf\":{\"@id\":\"https:\\\/\\\/www.jootjeshaakcadeautjes.nl\\\/de\\\/#website\"},\"primaryImageOfPage\":{\"@id\":\"https:\\\/\\\/www.jootjeshaakcadeautjes.nl\\\/de\\\/produkt\\\/vorraete-garnpaket-klapperkrake-knufl\\\/#primaryimage\"},\"image\":{\"@id\":\"https:\\\/\\\/www.jootjeshaakcadeautjes.nl\\\/de\\\/produkt\\\/vorraete-garnpaket-klapperkrake-knufl\\\/#primaryimage\"},\"thumbnailUrl\":\"https:\\\/\\\/d1dyryakdmle7o.cloudfront.net\\\/wp-content\\\/uploads\\\/2023\\\/08\\\/Rammelaar-Octopus-Rosanne-Briggeman-Knufl-Garenpakket-Benodigdheden-Groothandel-Haken.jpg\",\"datePublished\":\"2023-07-27T12:03:00+00:00\",\"dateModified\":\"2025-03-11T03:32:28+00:00\",\"description\":\"Bestellen Sie Ihr Material f\u00fcr den Oktopus aus dem Buch Crocheting Animals for Baby von Rosanne Briggeman \\\/ Knufl hier. Rassel-Oktopus.\",\"breadcrumb\":{\"@id\":\"https:\\\/\\\/www.jootjeshaakcadeautjes.nl\\\/de\\\/produkt\\\/vorraete-garnpaket-klapperkrake-knufl\\\/#breadcrumb\"},\"inLanguage\":\"de\",\"potentialAction\":[{\"@type\":\"ReadAction\",\"target\":[\"https:\\\/\\\/www.jootjeshaakcadeautjes.nl\\\/de\\\/produkt\\\/vorraete-garnpaket-klapperkrake-knufl\\\/\"]}]},{\"@type\":\"ImageObject\",\"inLanguage\":\"de\",\"@id\":\"https:\\\/\\\/www.jootjeshaakcadeautjes.nl\\\/de\\\/produkt\\\/vorraete-garnpaket-klapperkrake-knufl\\\/#primaryimage\",\"url\":\"https:\\\/\\\/d1dyryakdmle7o.cloudfront.net\\\/wp-content\\\/uploads\\\/2023\\\/08\\\/Rammelaar-Octopus-Rosanne-Briggeman-Knufl-Garenpakket-Benodigdheden-Groothandel-Haken.jpg\",\"contentUrl\":\"https:\\\/\\\/d1dyryakdmle7o.cloudfront.net\\\/wp-content\\\/uploads\\\/2023\\\/08\\\/Rammelaar-Octopus-Rosanne-Briggeman-Knufl-Garenpakket-Benodigdheden-Groothandel-Haken.jpg\",\"width\":951,\"height\":914,\"caption\":\"Rammelaar Octopus Rosanne Briggeman Knufl Garenpakket Benodigdheden Groothandel Haken\"},{\"@type\":\"BreadcrumbList\",\"@id\":\"https:\\\/\\\/www.jootjeshaakcadeautjes.nl\\\/de\\\/produkt\\\/vorraete-garnpaket-klapperkrake-knufl\\\/#breadcrumb\",\"itemListElement\":[{\"@type\":\"ListItem\",\"position\":1,\"name\":\"Startseite\",\"item\":\"https:\\\/\\\/www.jootjeshaakcadeautjes.nl\\\/de\\\/\"},{\"@type\":\"ListItem\",\"position\":2,\"name\":\"Gro\u00dfhandel mit Silikonperlen &#8211; Business und Consumer\",\"item\":\"https:\\\/\\\/www.jootjeshaakcadeautjes.nl\\\/de\\\/shop\\\/\"},{\"@type\":\"ListItem\",\"position\":3,\"name\":\"Zubeh\u00f6r \\\/ Garnpaket &#8211; Rasselkrake &#8211; Knufl\"}]},{\"@type\":\"WebSite\",\"@id\":\"https:\\\/\\\/www.jootjeshaakcadeautjes.nl\\\/de\\\/#website\",\"url\":\"https:\\\/\\\/www.jootjeshaakcadeautjes.nl\\\/de\\\/\",\"name\":\"Jootjes Haakcadeautjes\",\"description\":\"Silikonperlen Gro\u00dfhandel \",\"publisher\":{\"@id\":\"https:\\\/\\\/www.jootjeshaakcadeautjes.nl\\\/de\\\/#organization\"},\"potentialAction\":[{\"@type\":\"SearchAction\",\"target\":{\"@type\":\"EntryPoint\",\"urlTemplate\":\"https:\\\/\\\/www.jootjeshaakcadeautjes.nl\\\/de\\\/?s={search_term_string}\"},\"query-input\":{\"@type\":\"PropertyValueSpecification\",\"valueRequired\":true,\"valueName\":\"search_term_string\"}}],\"inLanguage\":\"de\"},{\"@type\":\"Organization\",\"@id\":\"https:\\\/\\\/www.jootjeshaakcadeautjes.nl\\\/de\\\/#organization\",\"name\":\"Jootjes Haakcadeautjes\",\"url\":\"https:\\\/\\\/www.jootjeshaakcadeautjes.nl\\\/de\\\/\",\"logo\":{\"@type\":\"ImageObject\",\"inLanguage\":\"de\",\"@id\":\"https:\\\/\\\/www.jootjeshaakcadeautjes.nl\\\/de\\\/#\\\/schema\\\/logo\\\/image\\\/\",\"url\":\"https:\\\/\\\/d1dyryakdmle7o.cloudfront.net\\\/wp-content\\\/uploads\\\/2023\\\/05\\\/Logo-rond.png\",\"contentUrl\":\"https:\\\/\\\/d1dyryakdmle7o.cloudfront.net\\\/wp-content\\\/uploads\\\/2023\\\/05\\\/Logo-rond.png\",\"width\":1222,\"height\":1222,\"caption\":\"Jootjes Haakcadeautjes\"},\"image\":{\"@id\":\"https:\\\/\\\/www.jootjeshaakcadeautjes.nl\\\/de\\\/#\\\/schema\\\/logo\\\/image\\\/\"}}]}<\/script>\n<meta property=\"product:price:amount\" content=\"9.45\" \/>\n<meta property=\"product:price:currency\" content=\"EUR\" \/>\n<meta property=\"og:availability\" content=\"instock\" \/>\n<meta property=\"product:availability\" content=\"instock\" \/>\n<meta property=\"product:retailer_item_id\" content=\"PAK-ROCT-KNUFL\" \/>\n<meta property=\"product:condition\" content=\"new\" \/>\n<!-- \/ Yoast SEO Premium plugin. -->","yoast_head_json":{"title":"Zubeh\u00f6r \/ Garnpaket - Rasselkrake - Knufl - Jootjes Haakcadeautjes","description":"Bestellen Sie Ihr Material f\u00fcr den Oktopus aus dem Buch Crocheting Animals for Baby von Rosanne Briggeman \/ Knufl hier. Rassel-Oktopus.","robots":{"index":"index","follow":"follow","max-snippet":"max-snippet:-1","max-image-preview":"max-image-preview:large","max-video-preview":"max-video-preview:-1"},"canonical":"https:\/\/www.jootjeshaakcadeautjes.nl\/de\/produkt\/vorraete-garnpaket-klapperkrake-knufl\/","og_locale":"de_DE","og_type":"article","og_title":"Zubeh\u00f6r \/ Garnpaket - Rasselkrake - Knufl","og_description":"Bestellen Sie Ihr Material f\u00fcr den Oktopus aus dem Buch Crocheting Animals for Baby von Rosanne Briggeman \/ Knufl hier. Rassel-Oktopus.","og_url":"https:\/\/www.jootjeshaakcadeautjes.nl\/de\/produkt\/vorraete-garnpaket-klapperkrake-knufl\/","og_site_name":"Jootjes Haakcadeautjes","article_modified_time":"2025-03-11T03:32:28+00:00","og_image":[{"width":951,"height":914,"url":"https:\/\/www.jootjeshaakcadeautjes.nl\/wp-content\/uploads\/2023\/08\/Rammelaar-Octopus-Rosanne-Briggeman-Knufl-Garenpakket-Benodigdheden-Groothandel-Haken.jpg","type":"image\/jpeg"}],"twitter_card":"summary_large_image","twitter_misc":{"Preis":"&euro;9.45 inkl. MwSt.","Verf\u00fcgbarkeit":"Auf Lager"},"schema":{"@context":"https:\/\/schema.org","@graph":[{"@type":"WebPage","@id":"https:\/\/www.jootjeshaakcadeautjes.nl\/de\/produkt\/vorraete-garnpaket-klapperkrake-knufl\/","url":"https:\/\/www.jootjeshaakcadeautjes.nl\/de\/produkt\/vorraete-garnpaket-klapperkrake-knufl\/","name":"Zubeh\u00f6r \/ Garnpaket - Rasselkrake - Knufl - Jootjes Haakcadeautjes","isPartOf":{"@id":"https:\/\/www.jootjeshaakcadeautjes.nl\/de\/#website"},"primaryImageOfPage":{"@id":"https:\/\/www.jootjeshaakcadeautjes.nl\/de\/produkt\/vorraete-garnpaket-klapperkrake-knufl\/#primaryimage"},"image":{"@id":"https:\/\/www.jootjeshaakcadeautjes.nl\/de\/produkt\/vorraete-garnpaket-klapperkrake-knufl\/#primaryimage"},"thumbnailUrl":"https:\/\/d1dyryakdmle7o.cloudfront.net\/wp-content\/uploads\/2023\/08\/Rammelaar-Octopus-Rosanne-Briggeman-Knufl-Garenpakket-Benodigdheden-Groothandel-Haken.jpg","datePublished":"2023-07-27T12:03:00+00:00","dateModified":"2025-03-11T03:32:28+00:00","description":"Bestellen Sie Ihr Material f\u00fcr den Oktopus aus dem Buch Crocheting Animals for Baby von Rosanne Briggeman \/ Knufl hier. Rassel-Oktopus.","breadcrumb":{"@id":"https:\/\/www.jootjeshaakcadeautjes.nl\/de\/produkt\/vorraete-garnpaket-klapperkrake-knufl\/#breadcrumb"},"inLanguage":"de","potentialAction":[{"@type":"ReadAction","target":["https:\/\/www.jootjeshaakcadeautjes.nl\/de\/produkt\/vorraete-garnpaket-klapperkrake-knufl\/"]}]},{"@type":"ImageObject","inLanguage":"de","@id":"https:\/\/www.jootjeshaakcadeautjes.nl\/de\/produkt\/vorraete-garnpaket-klapperkrake-knufl\/#primaryimage","url":"https:\/\/d1dyryakdmle7o.cloudfront.net\/wp-content\/uploads\/2023\/08\/Rammelaar-Octopus-Rosanne-Briggeman-Knufl-Garenpakket-Benodigdheden-Groothandel-Haken.jpg","contentUrl":"https:\/\/d1dyryakdmle7o.cloudfront.net\/wp-content\/uploads\/2023\/08\/Rammelaar-Octopus-Rosanne-Briggeman-Knufl-Garenpakket-Benodigdheden-Groothandel-Haken.jpg","width":951,"height":914,"caption":"Rammelaar Octopus Rosanne Briggeman Knufl Garenpakket Benodigdheden Groothandel Haken"},{"@type":"BreadcrumbList","@id":"https:\/\/www.jootjeshaakcadeautjes.nl\/de\/produkt\/vorraete-garnpaket-klapperkrake-knufl\/#breadcrumb","itemListElement":[{"@type":"ListItem","position":1,"name":"Startseite","item":"https:\/\/www.jootjeshaakcadeautjes.nl\/de\/"},{"@type":"ListItem","position":2,"name":"Gro\u00dfhandel mit Silikonperlen &#8211; Business und Consumer","item":"https:\/\/www.jootjeshaakcadeautjes.nl\/de\/shop\/"},{"@type":"ListItem","position":3,"name":"Zubeh\u00f6r \/ Garnpaket &#8211; Rasselkrake &#8211; Knufl"}]},{"@type":"WebSite","@id":"https:\/\/www.jootjeshaakcadeautjes.nl\/de\/#website","url":"https:\/\/www.jootjeshaakcadeautjes.nl\/de\/","name":"Jootjes Haakcadeautjes","description":"Silikonperlen Gro\u00dfhandel ","publisher":{"@id":"https:\/\/www.jootjeshaakcadeautjes.nl\/de\/#organization"},"potentialAction":[{"@type":"SearchAction","target":{"@type":"EntryPoint","urlTemplate":"https:\/\/www.jootjeshaakcadeautjes.nl\/de\/?s={search_term_string}"},"query-input":{"@type":"PropertyValueSpecification","valueRequired":true,"valueName":"search_term_string"}}],"inLanguage":"de"},{"@type":"Organization","@id":"https:\/\/www.jootjeshaakcadeautjes.nl\/de\/#organization","name":"Jootjes Haakcadeautjes","url":"https:\/\/www.jootjeshaakcadeautjes.nl\/de\/","logo":{"@type":"ImageObject","inLanguage":"de","@id":"https:\/\/www.jootjeshaakcadeautjes.nl\/de\/#\/schema\/logo\/image\/","url":"https:\/\/d1dyryakdmle7o.cloudfront.net\/wp-content\/uploads\/2023\/05\/Logo-rond.png","contentUrl":"https:\/\/d1dyryakdmle7o.cloudfront.net\/wp-content\/uploads\/2023\/05\/Logo-rond.png","width":1222,"height":1222,"caption":"Jootjes Haakcadeautjes"},"image":{"@id":"https:\/\/www.jootjeshaakcadeautjes.nl\/de\/#\/schema\/logo\/image\/"}}]},"product_price_amount":"9.45","product_price_currency":"EUR","og_availability":"instock","product_availability":"instock","product_retailer_item_id":"PAK-ROCT-KNUFL","product_condition":"new"},"_links":{"self":[{"href":"https:\/\/www.jootjeshaakcadeautjes.nl\/de\/wp-json\/wp\/v2\/product\/119559","targetHints":{"allow":["GET"]}}],"collection":[{"href":"https:\/\/www.jootjeshaakcadeautjes.nl\/de\/wp-json\/wp\/v2\/product"}],"about":[{"href":"https:\/\/www.jootjeshaakcadeautjes.nl\/de\/wp-json\/wp\/v2\/types\/product"}],"version-history":[{"count":0,"href":"https:\/\/www.jootjeshaakcadeautjes.nl\/de\/wp-json\/wp\/v2\/product\/119559\/revisions"}],"wp:featuredmedia":[{"embeddable":true,"href":"https:\/\/www.jootjeshaakcadeautjes.nl\/de\/wp-json\/wp\/v2\/media\/119572"}],"wp:attachment":[{"href":"https:\/\/www.jootjeshaakcadeautjes.nl\/de\/wp-json\/wp\/v2\/media?parent=119559"}],"wp:term":[{"taxonomy":"product_brand","embeddable":true,"href":"https:\/\/www.jootjeshaakcadeautjes.nl\/de\/wp-json\/wp\/v2\/product_brand?post=119559"},{"taxonomy":"product_cat","embeddable":true,"href":"https:\/\/www.jootjeshaakcadeautjes.nl\/de\/wp-json\/wp\/v2\/product_cat?post=119559"},{"taxonomy":"product_tag","embeddable":true,"href":"https:\/\/www.jootjeshaakcadeautjes.nl\/de\/wp-json\/wp\/v2\/product_tag?post=119559"}],"curies":[{"name":"wp","href":"https:\/\/api.w.org\/{rel}","templated":true}]}}