{"id":119564,"date":"2023-08-11T20:27:46","date_gmt":"2023-08-11T18:27:46","guid":{"rendered":"https:\/\/www.jootjeshaakcadeautjes.nl\/product\/taumelkugel-schaukelhaken\/"},"modified":"2026-02-17T17:09:37","modified_gmt":"2026-02-17T16:09:37","slug":"taumelkugel-schaukelhaken","status":"publish","type":"product","link":"https:\/\/www.jootjeshaakcadeautjes.nl\/de\/produkt\/taumelkugel-schaukelhaken\/","title":{"rendered":"Wackelball &#8211; Tumble Ball &#8211; 110 mm &#8211; Wei\u00df\/Creme"},"content":{"rendered":"<h2>Wackelball &#8211; Tumble Ball &#8211; 110 mm &#8211; Wei\u00df\/Creme<\/h2>\n<p>Gestalten Sie mit diesen Wackelkugeln Ihr eigenes sch\u00f6nes Becherglas. Ein handgefertigter Becher ist ein perfektes Babygeschenk, zum Beispiel f\u00fcr eine Mutterschaftsfeier oder eine Babyparty. Es gibt viele sch\u00f6ne Muster f\u00fcr die Herstellung eines eigenen Bechers. Schauen Sie sich z. B. die Muster von Rosanne Briggeman\/Knufl oder Joke Postma\/Jookz an.<\/p>\n<p>Diese Wackelb\u00e4lle machen so ein s\u00fc\u00dfes Ger\u00e4usch, dass sie das perfekte Spielzeug f\u00fcr Ihr Kind sind. Es braucht nicht viel, um diesen Wobble-Ball zum Klingen zu bringen. Daher sind diese Wobble Balls bereits f\u00fcr Kleinkinder geeignet. Durch die gro\u00dfe, schwere Glocke, deren Schwerpunkt unten liegt, purzelt und bimmelt dieser Ball auf lustige Art und Weise hin und her.<\/p>\n<p>Beim H\u00e4keln der Kugel sollte man darauf achten, dass alles, was man oben hinzuf\u00fcgt (z. B. ein geh\u00e4kelter Kopf, K\u00f6rper oder eine Figur), richtig in der Mitte der Wackelkugel platziert wird (und nicht zu gro\u00df\/schlapp geh\u00e4kelt wird). In diesem Fall wackelt der Ball aufgrund des fehlenden Gleichgewichts nicht so gut.<\/p>\n<p>Diese gro\u00dfen Wackelkugeln sind 110 mm hoch und haben die Farben wei\u00df und creme.<\/p>\n<p>Fester niedriger Preis von unserem Gro\u00dfhandel, nirgendwo billiger. Kaufen Sie Ihren Wobble-Ball hier!<\/p>\n","protected":false},"excerpt":{"rendered":"<p>Wackelkugel &#8211; Tumbler<\/p>\n<p>Gr\u00f6\u00dfe: 110 mm<br \/>\nFarbe: Wei\u00df<\/p>\n<p>Geeignet f\u00fcr Muster von u.a. Joke Postma (Jookz) und Rosanne Briggeman (Knufl).<\/p>\n","protected":false},"featured_media":119574,"template":"","meta":[],"product_brand":[],"product_cat":[8247,8794],"product_tag":[8820,8737,8811,8268,8754,8393,8795,7658,8383,8802,8807,8749,8809,7632],"class_list":{"0":"post-119564","1":"product","2":"type-product","3":"status-publish","4":"has-post-thumbnail","6":"product_cat-bastelmaterial-hakelzubehor","7":"product_cat-wackelkugel","8":"product_tag-110-mm-de","9":"product_tag-becher-de","10":"product_tag-becherhaken","11":"product_tag-hakchen","12":"product_tag-hakeln-fur-baby","13":"product_tag-hakeltiere-fur-babys","14":"product_tag-jookz-de","15":"product_tag-kugel-de","16":"product_tag-rosanne-briggeman-de","17":"product_tag-scherzartikel-postma","18":"product_tag-schleuderball","19":"product_tag-stricken","20":"product_tag-wackeln","21":"product_tag-weis","22":"product_shipping_class-paketversand-erforderlich","24":"first","25":"instock","26":"taxable","27":"shipping-taxable","28":"purchasable","29":"product-type-simple"},"bundled_by":["119601"],"bundle_stock_status":"instock","bundle_stock_quantity":36,"bundle_virtual":false,"bundle_layout":"","bundle_add_to_cart_form_location":"","bundle_editable_in_cart":false,"bundle_sold_individually_context":"","bundle_item_grouping":"","bundle_min_size":"","bundle_max_size":"","bundle_price":[],"bundled_items":[],"bundle_sell_ids":[],"yoast_head":"<!-- This site is optimized with the Yoast SEO Premium plugin v27.6 (Yoast SEO v27.6) - https:\/\/yoast.com\/product\/yoast-seo-premium-wordpress\/ -->\n<title>Wackelball - Tumble Ball - 110 mm - Wei\u00df\/Creme - Jootjes Haakcadeautjes<\/title>\n<meta name=\"description\" content=\"Wackelkugel wei\u00df 110 mm. Tumble Ball \/ Tumbler f\u00fcr H\u00e4kelmuster Joke Postma (Jookz) und Rosanne Briggeman (KNUFL). Babybecher h\u00e4keln.\" \/>\n<meta name=\"robots\" content=\"index, follow, max-snippet:-1, max-image-preview:large, max-video-preview:-1\" \/>\n<link rel=\"canonical\" href=\"https:\/\/www.jootjeshaakcadeautjes.nl\/de\/produkt\/taumelkugel-schaukelhaken\/\" \/>\n<meta property=\"og:locale\" content=\"de_DE\" \/>\n<meta property=\"og:type\" content=\"article\" \/>\n<meta property=\"og:title\" content=\"Wackelball - Tumble Ball - 110 mm - Wei\u00df\/Creme\" \/>\n<meta property=\"og:description\" content=\"Wackelkugel wei\u00df 110 mm. Tumble Ball \/ Tumbler f\u00fcr H\u00e4kelmuster Joke Postma (Jookz) und Rosanne Briggeman (KNUFL). Babybecher h\u00e4keln.\" \/>\n<meta property=\"og:url\" content=\"https:\/\/www.jootjeshaakcadeautjes.nl\/de\/produkt\/taumelkugel-schaukelhaken\/\" \/>\n<meta property=\"og:site_name\" content=\"Jootjes Haakcadeautjes\" \/>\n<meta property=\"article:modified_time\" content=\"2026-02-17T16:09:37+00:00\" \/>\n<meta property=\"og:image\" content=\"https:\/\/www.jootjeshaakcadeautjes.nl\/wp-content\/uploads\/2023\/08\/6556-009.jpg\" \/>\n\t<meta property=\"og:image:width\" content=\"583\" \/>\n\t<meta property=\"og:image:height\" content=\"583\" \/>\n\t<meta property=\"og:image:type\" content=\"image\/jpeg\" \/>\n<meta name=\"twitter:card\" content=\"summary_large_image\" \/>\n<meta name=\"twitter:label1\" content=\"Preis\" \/>\n\t<meta name=\"twitter:data1\" content=\"&euro;7.95 inkl. MwSt.\" \/>\n\t<meta name=\"twitter:label2\" content=\"Verf\u00fcgbarkeit\" \/>\n\t<meta name=\"twitter:data2\" content=\"Auf Lager\" \/>\n<script type=\"application\/ld+json\" class=\"yoast-schema-graph\">{\"@context\":\"https:\\\/\\\/schema.org\",\"@graph\":[{\"@type\":\"WebPage\",\"@id\":\"https:\\\/\\\/www.jootjeshaakcadeautjes.nl\\\/de\\\/produkt\\\/taumelkugel-schaukelhaken\\\/\",\"url\":\"https:\\\/\\\/www.jootjeshaakcadeautjes.nl\\\/de\\\/produkt\\\/taumelkugel-schaukelhaken\\\/\",\"name\":\"Wackelball - Tumble Ball - 110 mm - Wei\u00df\\\/Creme - Jootjes Haakcadeautjes\",\"isPartOf\":{\"@id\":\"https:\\\/\\\/www.jootjeshaakcadeautjes.nl\\\/de\\\/#website\"},\"primaryImageOfPage\":{\"@id\":\"https:\\\/\\\/www.jootjeshaakcadeautjes.nl\\\/de\\\/produkt\\\/taumelkugel-schaukelhaken\\\/#primaryimage\"},\"image\":{\"@id\":\"https:\\\/\\\/www.jootjeshaakcadeautjes.nl\\\/de\\\/produkt\\\/taumelkugel-schaukelhaken\\\/#primaryimage\"},\"thumbnailUrl\":\"https:\\\/\\\/d1dyryakdmle7o.cloudfront.net\\\/wp-content\\\/uploads\\\/2023\\\/08\\\/6556-009.jpg\",\"datePublished\":\"2023-08-11T18:27:46+00:00\",\"dateModified\":\"2026-02-17T16:09:37+00:00\",\"description\":\"Wackelkugel wei\u00df 110 mm. Tumble Ball \\\/ Tumbler f\u00fcr H\u00e4kelmuster Joke Postma (Jookz) und Rosanne Briggeman (KNUFL). Babybecher h\u00e4keln.\",\"breadcrumb\":{\"@id\":\"https:\\\/\\\/www.jootjeshaakcadeautjes.nl\\\/de\\\/produkt\\\/taumelkugel-schaukelhaken\\\/#breadcrumb\"},\"inLanguage\":\"de\",\"potentialAction\":[{\"@type\":\"ReadAction\",\"target\":[\"https:\\\/\\\/www.jootjeshaakcadeautjes.nl\\\/de\\\/produkt\\\/taumelkugel-schaukelhaken\\\/\"]}]},{\"@type\":\"ImageObject\",\"inLanguage\":\"de\",\"@id\":\"https:\\\/\\\/www.jootjeshaakcadeautjes.nl\\\/de\\\/produkt\\\/taumelkugel-schaukelhaken\\\/#primaryimage\",\"url\":\"https:\\\/\\\/d1dyryakdmle7o.cloudfront.net\\\/wp-content\\\/uploads\\\/2023\\\/08\\\/6556-009.jpg\",\"contentUrl\":\"https:\\\/\\\/d1dyryakdmle7o.cloudfront.net\\\/wp-content\\\/uploads\\\/2023\\\/08\\\/6556-009.jpg\",\"width\":583,\"height\":583,\"caption\":\"Wobble ball tuimelbal tuimelaar 110 mm wit jookz rosanne briggeman knufl dieren haken voor de baby\"},{\"@type\":\"BreadcrumbList\",\"@id\":\"https:\\\/\\\/www.jootjeshaakcadeautjes.nl\\\/de\\\/produkt\\\/taumelkugel-schaukelhaken\\\/#breadcrumb\",\"itemListElement\":[{\"@type\":\"ListItem\",\"position\":1,\"name\":\"Startseite\",\"item\":\"https:\\\/\\\/www.jootjeshaakcadeautjes.nl\\\/de\\\/\"},{\"@type\":\"ListItem\",\"position\":2,\"name\":\"Gro\u00dfhandel mit Silikonperlen &#8211; Business und Consumer\",\"item\":\"https:\\\/\\\/www.jootjeshaakcadeautjes.nl\\\/de\\\/shop\\\/\"},{\"@type\":\"ListItem\",\"position\":3,\"name\":\"Wackelball &#8211; Tumble Ball &#8211; 110 mm &#8211; Wei\u00df\\\/Creme\"}]},{\"@type\":\"WebSite\",\"@id\":\"https:\\\/\\\/www.jootjeshaakcadeautjes.nl\\\/de\\\/#website\",\"url\":\"https:\\\/\\\/www.jootjeshaakcadeautjes.nl\\\/de\\\/\",\"name\":\"Jootjes Haakcadeautjes\",\"description\":\"Silikonperlen Gro\u00dfhandel \",\"publisher\":{\"@id\":\"https:\\\/\\\/www.jootjeshaakcadeautjes.nl\\\/de\\\/#organization\"},\"potentialAction\":[{\"@type\":\"SearchAction\",\"target\":{\"@type\":\"EntryPoint\",\"urlTemplate\":\"https:\\\/\\\/www.jootjeshaakcadeautjes.nl\\\/de\\\/?s={search_term_string}\"},\"query-input\":{\"@type\":\"PropertyValueSpecification\",\"valueRequired\":true,\"valueName\":\"search_term_string\"}}],\"inLanguage\":\"de\"},{\"@type\":\"Organization\",\"@id\":\"https:\\\/\\\/www.jootjeshaakcadeautjes.nl\\\/de\\\/#organization\",\"name\":\"Jootjes Haakcadeautjes\",\"url\":\"https:\\\/\\\/www.jootjeshaakcadeautjes.nl\\\/de\\\/\",\"logo\":{\"@type\":\"ImageObject\",\"inLanguage\":\"de\",\"@id\":\"https:\\\/\\\/www.jootjeshaakcadeautjes.nl\\\/de\\\/#\\\/schema\\\/logo\\\/image\\\/\",\"url\":\"https:\\\/\\\/d1dyryakdmle7o.cloudfront.net\\\/wp-content\\\/uploads\\\/2023\\\/05\\\/Logo-rond.png\",\"contentUrl\":\"https:\\\/\\\/d1dyryakdmle7o.cloudfront.net\\\/wp-content\\\/uploads\\\/2023\\\/05\\\/Logo-rond.png\",\"width\":1222,\"height\":1222,\"caption\":\"Jootjes Haakcadeautjes\"},\"image\":{\"@id\":\"https:\\\/\\\/www.jootjeshaakcadeautjes.nl\\\/de\\\/#\\\/schema\\\/logo\\\/image\\\/\"}}]}<\/script>\n<meta property=\"product:price:amount\" content=\"7.95\" \/>\n<meta property=\"product:price:currency\" content=\"EUR\" \/>\n<meta property=\"og:availability\" content=\"instock\" \/>\n<meta property=\"product:availability\" content=\"instock\" \/>\n<meta property=\"product:retailer_item_id\" content=\"WBB-110-WIT\" \/>\n<meta property=\"product:condition\" content=\"new\" \/>\n<!-- \/ Yoast SEO Premium plugin. -->","yoast_head_json":{"title":"Wackelball - Tumble Ball - 110 mm - Wei\u00df\/Creme - Jootjes Haakcadeautjes","description":"Wackelkugel wei\u00df 110 mm. Tumble Ball \/ Tumbler f\u00fcr H\u00e4kelmuster Joke Postma (Jookz) und Rosanne Briggeman (KNUFL). Babybecher h\u00e4keln.","robots":{"index":"index","follow":"follow","max-snippet":"max-snippet:-1","max-image-preview":"max-image-preview:large","max-video-preview":"max-video-preview:-1"},"canonical":"https:\/\/www.jootjeshaakcadeautjes.nl\/de\/produkt\/taumelkugel-schaukelhaken\/","og_locale":"de_DE","og_type":"article","og_title":"Wackelball - Tumble Ball - 110 mm - Wei\u00df\/Creme","og_description":"Wackelkugel wei\u00df 110 mm. Tumble Ball \/ Tumbler f\u00fcr H\u00e4kelmuster Joke Postma (Jookz) und Rosanne Briggeman (KNUFL). Babybecher h\u00e4keln.","og_url":"https:\/\/www.jootjeshaakcadeautjes.nl\/de\/produkt\/taumelkugel-schaukelhaken\/","og_site_name":"Jootjes Haakcadeautjes","article_modified_time":"2026-02-17T16:09:37+00:00","og_image":[{"width":583,"height":583,"url":"https:\/\/www.jootjeshaakcadeautjes.nl\/wp-content\/uploads\/2023\/08\/6556-009.jpg","type":"image\/jpeg"}],"twitter_card":"summary_large_image","twitter_misc":{"Preis":"&euro;7.95 inkl. MwSt.","Verf\u00fcgbarkeit":"Auf Lager"},"schema":{"@context":"https:\/\/schema.org","@graph":[{"@type":"WebPage","@id":"https:\/\/www.jootjeshaakcadeautjes.nl\/de\/produkt\/taumelkugel-schaukelhaken\/","url":"https:\/\/www.jootjeshaakcadeautjes.nl\/de\/produkt\/taumelkugel-schaukelhaken\/","name":"Wackelball - Tumble Ball - 110 mm - Wei\u00df\/Creme - Jootjes Haakcadeautjes","isPartOf":{"@id":"https:\/\/www.jootjeshaakcadeautjes.nl\/de\/#website"},"primaryImageOfPage":{"@id":"https:\/\/www.jootjeshaakcadeautjes.nl\/de\/produkt\/taumelkugel-schaukelhaken\/#primaryimage"},"image":{"@id":"https:\/\/www.jootjeshaakcadeautjes.nl\/de\/produkt\/taumelkugel-schaukelhaken\/#primaryimage"},"thumbnailUrl":"https:\/\/d1dyryakdmle7o.cloudfront.net\/wp-content\/uploads\/2023\/08\/6556-009.jpg","datePublished":"2023-08-11T18:27:46+00:00","dateModified":"2026-02-17T16:09:37+00:00","description":"Wackelkugel wei\u00df 110 mm. Tumble Ball \/ Tumbler f\u00fcr H\u00e4kelmuster Joke Postma (Jookz) und Rosanne Briggeman (KNUFL). Babybecher h\u00e4keln.","breadcrumb":{"@id":"https:\/\/www.jootjeshaakcadeautjes.nl\/de\/produkt\/taumelkugel-schaukelhaken\/#breadcrumb"},"inLanguage":"de","potentialAction":[{"@type":"ReadAction","target":["https:\/\/www.jootjeshaakcadeautjes.nl\/de\/produkt\/taumelkugel-schaukelhaken\/"]}]},{"@type":"ImageObject","inLanguage":"de","@id":"https:\/\/www.jootjeshaakcadeautjes.nl\/de\/produkt\/taumelkugel-schaukelhaken\/#primaryimage","url":"https:\/\/d1dyryakdmle7o.cloudfront.net\/wp-content\/uploads\/2023\/08\/6556-009.jpg","contentUrl":"https:\/\/d1dyryakdmle7o.cloudfront.net\/wp-content\/uploads\/2023\/08\/6556-009.jpg","width":583,"height":583,"caption":"Wobble ball tuimelbal tuimelaar 110 mm wit jookz rosanne briggeman knufl dieren haken voor de baby"},{"@type":"BreadcrumbList","@id":"https:\/\/www.jootjeshaakcadeautjes.nl\/de\/produkt\/taumelkugel-schaukelhaken\/#breadcrumb","itemListElement":[{"@type":"ListItem","position":1,"name":"Startseite","item":"https:\/\/www.jootjeshaakcadeautjes.nl\/de\/"},{"@type":"ListItem","position":2,"name":"Gro\u00dfhandel mit Silikonperlen &#8211; Business und Consumer","item":"https:\/\/www.jootjeshaakcadeautjes.nl\/de\/shop\/"},{"@type":"ListItem","position":3,"name":"Wackelball &#8211; Tumble Ball &#8211; 110 mm &#8211; Wei\u00df\/Creme"}]},{"@type":"WebSite","@id":"https:\/\/www.jootjeshaakcadeautjes.nl\/de\/#website","url":"https:\/\/www.jootjeshaakcadeautjes.nl\/de\/","name":"Jootjes Haakcadeautjes","description":"Silikonperlen Gro\u00dfhandel ","publisher":{"@id":"https:\/\/www.jootjeshaakcadeautjes.nl\/de\/#organization"},"potentialAction":[{"@type":"SearchAction","target":{"@type":"EntryPoint","urlTemplate":"https:\/\/www.jootjeshaakcadeautjes.nl\/de\/?s={search_term_string}"},"query-input":{"@type":"PropertyValueSpecification","valueRequired":true,"valueName":"search_term_string"}}],"inLanguage":"de"},{"@type":"Organization","@id":"https:\/\/www.jootjeshaakcadeautjes.nl\/de\/#organization","name":"Jootjes Haakcadeautjes","url":"https:\/\/www.jootjeshaakcadeautjes.nl\/de\/","logo":{"@type":"ImageObject","inLanguage":"de","@id":"https:\/\/www.jootjeshaakcadeautjes.nl\/de\/#\/schema\/logo\/image\/","url":"https:\/\/d1dyryakdmle7o.cloudfront.net\/wp-content\/uploads\/2023\/05\/Logo-rond.png","contentUrl":"https:\/\/d1dyryakdmle7o.cloudfront.net\/wp-content\/uploads\/2023\/05\/Logo-rond.png","width":1222,"height":1222,"caption":"Jootjes Haakcadeautjes"},"image":{"@id":"https:\/\/www.jootjeshaakcadeautjes.nl\/de\/#\/schema\/logo\/image\/"}}]},"product_price_amount":"7.95","product_price_currency":"EUR","og_availability":"instock","product_availability":"instock","product_retailer_item_id":"WBB-110-WIT","product_condition":"new"},"_links":{"self":[{"href":"https:\/\/www.jootjeshaakcadeautjes.nl\/de\/wp-json\/wp\/v2\/product\/119564","targetHints":{"allow":["GET"]}}],"collection":[{"href":"https:\/\/www.jootjeshaakcadeautjes.nl\/de\/wp-json\/wp\/v2\/product"}],"about":[{"href":"https:\/\/www.jootjeshaakcadeautjes.nl\/de\/wp-json\/wp\/v2\/types\/product"}],"version-history":[{"count":0,"href":"https:\/\/www.jootjeshaakcadeautjes.nl\/de\/wp-json\/wp\/v2\/product\/119564\/revisions"}],"wp:featuredmedia":[{"embeddable":true,"href":"https:\/\/www.jootjeshaakcadeautjes.nl\/de\/wp-json\/wp\/v2\/media\/119574"}],"wp:attachment":[{"href":"https:\/\/www.jootjeshaakcadeautjes.nl\/de\/wp-json\/wp\/v2\/media?parent=119564"}],"wp:term":[{"taxonomy":"product_brand","embeddable":true,"href":"https:\/\/www.jootjeshaakcadeautjes.nl\/de\/wp-json\/wp\/v2\/product_brand?post=119564"},{"taxonomy":"product_cat","embeddable":true,"href":"https:\/\/www.jootjeshaakcadeautjes.nl\/de\/wp-json\/wp\/v2\/product_cat?post=119564"},{"taxonomy":"product_tag","embeddable":true,"href":"https:\/\/www.jootjeshaakcadeautjes.nl\/de\/wp-json\/wp\/v2\/product_tag?post=119564"}],"curies":[{"name":"wp","href":"https:\/\/api.w.org\/{rel}","templated":true}]}}