{"id":119580,"date":"2023-08-09T14:58:02","date_gmt":"2023-08-09T13:58:02","guid":{"rendered":"https:\/\/www.jootjeshaakcadeautjes.nl\/product\/schutzbrillen-12-mm-blaue-haken\/"},"modified":"2025-03-11T04:32:28","modified_gmt":"2025-03-11T03:32:28","slug":"schutzbrillen-12-mm-blaue-haken","status":"publish","type":"product","link":"https:\/\/www.jootjeshaakcadeautjes.nl\/de\/produkt\/schutzbrillen-12-mm-blaue-haken\/","title":{"rendered":"Sicherheitsaugen 12 mm &#8211; Blau &#8211; als Paar"},"content":{"rendered":"<p><strong><strong style=\"font-size: 1.5rem;\">Sicherheitsaugen <\/strong><strong style=\"font-size: 1.5rem;\">12 mm blau<\/strong><strong style=\"font-size: 1.5rem;\">.<\/strong><\/strong><\/p>\n<p>Sicherheitsaugen zum H\u00e4keln und Stricken (Pl\u00fcschtiere\/Amigurumi).<br \/>\nSie werden paarweise verkauft, so dass Sie f\u00fcr einen Satz nur einen bestellen m\u00fcssen.<br \/>\n(1 St\u00fcck = 2 \u00d6sen + 2 R\u00fcckseiten).<\/p>\n<p>Kratzfrei und mit einer stabilen Sicherheitskappe, die sich nicht abl\u00f6st!<\/p>\n<p><strong>Wozu verwenden Sie diese Sicherheitsaugen?<\/strong><\/p>\n<p>Sicherheitsaugen 12 mm (blau) werden h\u00e4ufig f\u00fcr die Herstellung von Pl\u00fcschtieren verwendet. Die Sicherheits\u00f6sen f\u00fcr Pl\u00fcschtiere sollten daher von hoher Qualit\u00e4t sein und sich nicht leicht l\u00f6sen, um die Sicherheit von (kleinen) Kindern zu gew\u00e4hrleisten. Wenn die Pl\u00fcschtiere geh\u00e4kelt sind, werden sie auch als Amigurumi bezeichnet. Diese Augen werden daher manchmal als Sicherheitsaugen f\u00fcr Amigurumi bezeichnet. Unsere \u00d6sen haben einen sehr stabilen Verschluss. Daher ist es etwas m\u00fchsam, sie anzubringen, aber wenn sie einmal angebracht sind, lassen sie sich nicht mehr so leicht entfernen.<\/p>\n","protected":false},"excerpt":{"rendered":"<p><strong>Sicherheitsaugen blau 12 mm gro\u00df.<\/strong><\/p>\n<p>Werden pro 2er-Set verkauft<br \/>\n(2 \u00d6sen + 2 R\u00fcckseiten).<\/p>\n<p>Kratzerfrei!<\/p>\n","protected":false},"featured_media":119587,"template":"","meta":[],"product_brand":[],"product_cat":[8247,8823,7191],"product_tag":[7531,7550,8115,8305,7683,7397,8824,8827,8829],"class_list":{"0":"post-119580","1":"product","2":"type-product","3":"status-publish","4":"has-post-thumbnail","6":"product_cat-bastelmaterial-hakelzubehor","7":"product_cat-sicherheitsaugen-fur-stofftiere","8":"product_cat-vollstandige-palette","9":"product_tag-12-de","10":"product_tag-12-mm-de","11":"product_tag-12mm-de","12":"product_tag-amigurumi-de","13":"product_tag-blau","14":"product_tag-mm-de","15":"product_tag-sicherheitsauge","16":"product_tag-sicherheitsaugen","17":"product_tag-sicherheitsaugen-de","19":"first","20":"instock","21":"taxable","22":"shipping-taxable","23":"purchasable","24":"product-type-simple"},"bundled_by":[],"bundle_stock_status":"instock","bundle_stock_quantity":54,"bundle_virtual":false,"bundle_layout":"","bundle_add_to_cart_form_location":"","bundle_editable_in_cart":false,"bundle_sold_individually_context":"","bundle_item_grouping":"","bundle_min_size":"","bundle_max_size":"","bundle_price":[],"bundled_items":[],"bundle_sell_ids":[],"yoast_head":"<!-- This site is optimized with the Yoast SEO Premium plugin v26.4 (Yoast SEO v26.9) - https:\/\/yoast.com\/product\/yoast-seo-premium-wordpress\/ -->\n<title>Sicherheitsaugen 12 mm blau - h\u00e4keln und stricken - Jootjes Crochet presents<\/title>\n<meta name=\"description\" content=\"Sicherheitsaugen 12 mm blau f\u00fcr Stofftiere\/Amigurumi h\u00e4keln und stricken. Hohe Qualit\u00e4t, l\u00f6st sich nicht ab. Seit Jahren ein Favorit aller H\u00e4klerinnen.\" \/>\n<meta name=\"robots\" content=\"index, follow, max-snippet:-1, max-image-preview:large, max-video-preview:-1\" \/>\n<link rel=\"canonical\" href=\"https:\/\/www.jootjeshaakcadeautjes.nl\/de\/produkt\/schutzbrillen-12-mm-blaue-haken\/\" \/>\n<meta property=\"og:locale\" content=\"de_DE\" \/>\n<meta property=\"og:type\" content=\"article\" \/>\n<meta property=\"og:title\" content=\"Sicherheitsaugen 12 mm - Blau - als Paar\" \/>\n<meta property=\"og:description\" content=\"Sicherheitsaugen 12 mm blau f\u00fcr Stofftiere\/Amigurumi h\u00e4keln und stricken. Hohe Qualit\u00e4t, l\u00f6st sich nicht ab. Seit Jahren ein Favorit aller H\u00e4klerinnen.\" \/>\n<meta property=\"og:url\" content=\"https:\/\/www.jootjeshaakcadeautjes.nl\/de\/produkt\/schutzbrillen-12-mm-blaue-haken\/\" \/>\n<meta property=\"og:site_name\" content=\"Jootjes Haakcadeautjes\" \/>\n<meta property=\"article:modified_time\" content=\"2025-03-11T03:32:28+00:00\" \/>\n<meta property=\"og:image\" content=\"https:\/\/www.jootjeshaakcadeautjes.nl\/wp-content\/uploads\/2023\/08\/IMG_20161216_120216.jpg\" \/>\n\t<meta property=\"og:image:width\" content=\"779\" \/>\n\t<meta property=\"og:image:height\" content=\"777\" \/>\n\t<meta property=\"og:image:type\" content=\"image\/jpeg\" \/>\n<meta name=\"twitter:card\" content=\"summary_large_image\" \/>\n<meta name=\"twitter:label1\" content=\"Preis\" \/>\n\t<meta name=\"twitter:data1\" content=\"&euro;0.35 inkl. MwSt.\" \/>\n\t<meta name=\"twitter:label2\" content=\"Verf\u00fcgbarkeit\" \/>\n\t<meta name=\"twitter:data2\" content=\"Auf Lager\" \/>\n<script type=\"application\/ld+json\" class=\"yoast-schema-graph\">{\"@context\":\"https:\/\/schema.org\",\"@graph\":[{\"@type\":\"WebPage\",\"@id\":\"https:\/\/www.jootjeshaakcadeautjes.nl\/de\/produkt\/schutzbrillen-12-mm-blaue-haken\/\",\"url\":\"https:\/\/www.jootjeshaakcadeautjes.nl\/de\/produkt\/schutzbrillen-12-mm-blaue-haken\/\",\"name\":\"Sicherheitsaugen 12 mm blau - h\u00e4keln und stricken - Jootjes Crochet presents\",\"isPartOf\":{\"@id\":\"https:\/\/www.jootjeshaakcadeautjes.nl\/de\/#website\"},\"primaryImageOfPage\":{\"@id\":\"https:\/\/www.jootjeshaakcadeautjes.nl\/de\/produkt\/schutzbrillen-12-mm-blaue-haken\/#primaryimage\"},\"image\":{\"@id\":\"https:\/\/www.jootjeshaakcadeautjes.nl\/de\/produkt\/schutzbrillen-12-mm-blaue-haken\/#primaryimage\"},\"thumbnailUrl\":\"https:\/\/d1dyryakdmle7o.cloudfront.net\/wp-content\/uploads\/2023\/08\/IMG_20161216_120216.jpg\",\"datePublished\":\"2023-08-09T13:58:02+00:00\",\"dateModified\":\"2025-03-11T03:32:28+00:00\",\"description\":\"Sicherheitsaugen 12 mm blau f\u00fcr Stofftiere\/Amigurumi h\u00e4keln und stricken. Hohe Qualit\u00e4t, l\u00f6st sich nicht ab. Seit Jahren ein Favorit aller H\u00e4klerinnen.\",\"breadcrumb\":{\"@id\":\"https:\/\/www.jootjeshaakcadeautjes.nl\/de\/produkt\/schutzbrillen-12-mm-blaue-haken\/#breadcrumb\"},\"inLanguage\":\"de\",\"potentialAction\":[{\"@type\":\"ReadAction\",\"target\":[\"https:\/\/www.jootjeshaakcadeautjes.nl\/de\/produkt\/schutzbrillen-12-mm-blaue-haken\/\"]}]},{\"@type\":\"ImageObject\",\"inLanguage\":\"de\",\"@id\":\"https:\/\/www.jootjeshaakcadeautjes.nl\/de\/produkt\/schutzbrillen-12-mm-blaue-haken\/#primaryimage\",\"url\":\"https:\/\/d1dyryakdmle7o.cloudfront.net\/wp-content\/uploads\/2023\/08\/IMG_20161216_120216.jpg\",\"contentUrl\":\"https:\/\/d1dyryakdmle7o.cloudfront.net\/wp-content\/uploads\/2023\/08\/IMG_20161216_120216.jpg\",\"width\":779,\"height\":777},{\"@type\":\"BreadcrumbList\",\"@id\":\"https:\/\/www.jootjeshaakcadeautjes.nl\/de\/produkt\/schutzbrillen-12-mm-blaue-haken\/#breadcrumb\",\"itemListElement\":[{\"@type\":\"ListItem\",\"position\":1,\"name\":\"Startseite\",\"item\":\"https:\/\/www.jootjeshaakcadeautjes.nl\/de\/\"},{\"@type\":\"ListItem\",\"position\":2,\"name\":\"Gro\u00dfhandel mit Silikonperlen &#8211; Business und Consumer\",\"item\":\"https:\/\/www.jootjeshaakcadeautjes.nl\/de\/shop\/\"},{\"@type\":\"ListItem\",\"position\":3,\"name\":\"Sicherheitsaugen 12 mm &#8211; Blau &#8211; als Paar\"}]},{\"@type\":\"WebSite\",\"@id\":\"https:\/\/www.jootjeshaakcadeautjes.nl\/de\/#website\",\"url\":\"https:\/\/www.jootjeshaakcadeautjes.nl\/de\/\",\"name\":\"Jootjes Haakcadeautjes\",\"description\":\"Silikonperlen Gro\u00dfhandel \",\"publisher\":{\"@id\":\"https:\/\/www.jootjeshaakcadeautjes.nl\/de\/#organization\"},\"potentialAction\":[{\"@type\":\"SearchAction\",\"target\":{\"@type\":\"EntryPoint\",\"urlTemplate\":\"https:\/\/www.jootjeshaakcadeautjes.nl\/de\/?s={search_term_string}\"},\"query-input\":{\"@type\":\"PropertyValueSpecification\",\"valueRequired\":true,\"valueName\":\"search_term_string\"}}],\"inLanguage\":\"de\"},{\"@type\":\"Organization\",\"@id\":\"https:\/\/www.jootjeshaakcadeautjes.nl\/de\/#organization\",\"name\":\"Jootjes Haakcadeautjes\",\"url\":\"https:\/\/www.jootjeshaakcadeautjes.nl\/de\/\",\"logo\":{\"@type\":\"ImageObject\",\"inLanguage\":\"de\",\"@id\":\"https:\/\/www.jootjeshaakcadeautjes.nl\/de\/#\/schema\/logo\/image\/\",\"url\":\"https:\/\/jootjes-haakcadeautjes-media.s3.amazonaws.com\/wp-content\/uploads\/2023\/05\/Logo-rond.png\",\"contentUrl\":\"https:\/\/jootjes-haakcadeautjes-media.s3.amazonaws.com\/wp-content\/uploads\/2023\/05\/Logo-rond.png\",\"width\":1222,\"height\":1222,\"caption\":\"Jootjes Haakcadeautjes\"},\"image\":{\"@id\":\"https:\/\/www.jootjeshaakcadeautjes.nl\/de\/#\/schema\/logo\/image\/\"}}]}<\/script>\n<meta property=\"product:price:amount\" content=\"0.35\" \/>\n<meta property=\"product:price:currency\" content=\"EUR\" \/>\n<meta property=\"og:availability\" content=\"instock\" \/>\n<meta property=\"product:availability\" content=\"instock\" \/>\n<meta property=\"product:retailer_item_id\" content=\"VHO-BLW-012\" \/>\n<meta property=\"product:condition\" content=\"new\" \/>\n<!-- \/ Yoast SEO Premium plugin. -->","yoast_head_json":{"title":"Sicherheitsaugen 12 mm blau - h\u00e4keln und stricken - Jootjes Crochet presents","description":"Sicherheitsaugen 12 mm blau f\u00fcr Stofftiere\/Amigurumi h\u00e4keln und stricken. Hohe Qualit\u00e4t, l\u00f6st sich nicht ab. Seit Jahren ein Favorit aller H\u00e4klerinnen.","robots":{"index":"index","follow":"follow","max-snippet":"max-snippet:-1","max-image-preview":"max-image-preview:large","max-video-preview":"max-video-preview:-1"},"canonical":"https:\/\/www.jootjeshaakcadeautjes.nl\/de\/produkt\/schutzbrillen-12-mm-blaue-haken\/","og_locale":"de_DE","og_type":"article","og_title":"Sicherheitsaugen 12 mm - Blau - als Paar","og_description":"Sicherheitsaugen 12 mm blau f\u00fcr Stofftiere\/Amigurumi h\u00e4keln und stricken. Hohe Qualit\u00e4t, l\u00f6st sich nicht ab. Seit Jahren ein Favorit aller H\u00e4klerinnen.","og_url":"https:\/\/www.jootjeshaakcadeautjes.nl\/de\/produkt\/schutzbrillen-12-mm-blaue-haken\/","og_site_name":"Jootjes Haakcadeautjes","article_modified_time":"2025-03-11T03:32:28+00:00","og_image":[{"width":779,"height":777,"url":"https:\/\/www.jootjeshaakcadeautjes.nl\/wp-content\/uploads\/2023\/08\/IMG_20161216_120216.jpg","type":"image\/jpeg"}],"twitter_card":"summary_large_image","twitter_misc":{"Preis":"&euro;0.35 inkl. MwSt.","Verf\u00fcgbarkeit":"Auf Lager"},"schema":{"@context":"https:\/\/schema.org","@graph":[{"@type":"WebPage","@id":"https:\/\/www.jootjeshaakcadeautjes.nl\/de\/produkt\/schutzbrillen-12-mm-blaue-haken\/","url":"https:\/\/www.jootjeshaakcadeautjes.nl\/de\/produkt\/schutzbrillen-12-mm-blaue-haken\/","name":"Sicherheitsaugen 12 mm blau - h\u00e4keln und stricken - Jootjes Crochet presents","isPartOf":{"@id":"https:\/\/www.jootjeshaakcadeautjes.nl\/de\/#website"},"primaryImageOfPage":{"@id":"https:\/\/www.jootjeshaakcadeautjes.nl\/de\/produkt\/schutzbrillen-12-mm-blaue-haken\/#primaryimage"},"image":{"@id":"https:\/\/www.jootjeshaakcadeautjes.nl\/de\/produkt\/schutzbrillen-12-mm-blaue-haken\/#primaryimage"},"thumbnailUrl":"https:\/\/d1dyryakdmle7o.cloudfront.net\/wp-content\/uploads\/2023\/08\/IMG_20161216_120216.jpg","datePublished":"2023-08-09T13:58:02+00:00","dateModified":"2025-03-11T03:32:28+00:00","description":"Sicherheitsaugen 12 mm blau f\u00fcr Stofftiere\/Amigurumi h\u00e4keln und stricken. Hohe Qualit\u00e4t, l\u00f6st sich nicht ab. Seit Jahren ein Favorit aller H\u00e4klerinnen.","breadcrumb":{"@id":"https:\/\/www.jootjeshaakcadeautjes.nl\/de\/produkt\/schutzbrillen-12-mm-blaue-haken\/#breadcrumb"},"inLanguage":"de","potentialAction":[{"@type":"ReadAction","target":["https:\/\/www.jootjeshaakcadeautjes.nl\/de\/produkt\/schutzbrillen-12-mm-blaue-haken\/"]}]},{"@type":"ImageObject","inLanguage":"de","@id":"https:\/\/www.jootjeshaakcadeautjes.nl\/de\/produkt\/schutzbrillen-12-mm-blaue-haken\/#primaryimage","url":"https:\/\/d1dyryakdmle7o.cloudfront.net\/wp-content\/uploads\/2023\/08\/IMG_20161216_120216.jpg","contentUrl":"https:\/\/d1dyryakdmle7o.cloudfront.net\/wp-content\/uploads\/2023\/08\/IMG_20161216_120216.jpg","width":779,"height":777},{"@type":"BreadcrumbList","@id":"https:\/\/www.jootjeshaakcadeautjes.nl\/de\/produkt\/schutzbrillen-12-mm-blaue-haken\/#breadcrumb","itemListElement":[{"@type":"ListItem","position":1,"name":"Startseite","item":"https:\/\/www.jootjeshaakcadeautjes.nl\/de\/"},{"@type":"ListItem","position":2,"name":"Gro\u00dfhandel mit Silikonperlen &#8211; Business und Consumer","item":"https:\/\/www.jootjeshaakcadeautjes.nl\/de\/shop\/"},{"@type":"ListItem","position":3,"name":"Sicherheitsaugen 12 mm &#8211; Blau &#8211; als Paar"}]},{"@type":"WebSite","@id":"https:\/\/www.jootjeshaakcadeautjes.nl\/de\/#website","url":"https:\/\/www.jootjeshaakcadeautjes.nl\/de\/","name":"Jootjes Haakcadeautjes","description":"Silikonperlen Gro\u00dfhandel ","publisher":{"@id":"https:\/\/www.jootjeshaakcadeautjes.nl\/de\/#organization"},"potentialAction":[{"@type":"SearchAction","target":{"@type":"EntryPoint","urlTemplate":"https:\/\/www.jootjeshaakcadeautjes.nl\/de\/?s={search_term_string}"},"query-input":{"@type":"PropertyValueSpecification","valueRequired":true,"valueName":"search_term_string"}}],"inLanguage":"de"},{"@type":"Organization","@id":"https:\/\/www.jootjeshaakcadeautjes.nl\/de\/#organization","name":"Jootjes Haakcadeautjes","url":"https:\/\/www.jootjeshaakcadeautjes.nl\/de\/","logo":{"@type":"ImageObject","inLanguage":"de","@id":"https:\/\/www.jootjeshaakcadeautjes.nl\/de\/#\/schema\/logo\/image\/","url":"https:\/\/jootjes-haakcadeautjes-media.s3.amazonaws.com\/wp-content\/uploads\/2023\/05\/Logo-rond.png","contentUrl":"https:\/\/jootjes-haakcadeautjes-media.s3.amazonaws.com\/wp-content\/uploads\/2023\/05\/Logo-rond.png","width":1222,"height":1222,"caption":"Jootjes Haakcadeautjes"},"image":{"@id":"https:\/\/www.jootjeshaakcadeautjes.nl\/de\/#\/schema\/logo\/image\/"}}]},"product_price_amount":"0.35","product_price_currency":"EUR","og_availability":"instock","product_availability":"instock","product_retailer_item_id":"VHO-BLW-012","product_condition":"new"},"_links":{"self":[{"href":"https:\/\/www.jootjeshaakcadeautjes.nl\/de\/wp-json\/wp\/v2\/product\/119580","targetHints":{"allow":["GET"]}}],"collection":[{"href":"https:\/\/www.jootjeshaakcadeautjes.nl\/de\/wp-json\/wp\/v2\/product"}],"about":[{"href":"https:\/\/www.jootjeshaakcadeautjes.nl\/de\/wp-json\/wp\/v2\/types\/product"}],"version-history":[{"count":0,"href":"https:\/\/www.jootjeshaakcadeautjes.nl\/de\/wp-json\/wp\/v2\/product\/119580\/revisions"}],"wp:featuredmedia":[{"embeddable":true,"href":"https:\/\/www.jootjeshaakcadeautjes.nl\/de\/wp-json\/wp\/v2\/media\/119587"}],"wp:attachment":[{"href":"https:\/\/www.jootjeshaakcadeautjes.nl\/de\/wp-json\/wp\/v2\/media?parent=119580"}],"wp:term":[{"taxonomy":"product_brand","embeddable":true,"href":"https:\/\/www.jootjeshaakcadeautjes.nl\/de\/wp-json\/wp\/v2\/product_brand?post=119580"},{"taxonomy":"product_cat","embeddable":true,"href":"https:\/\/www.jootjeshaakcadeautjes.nl\/de\/wp-json\/wp\/v2\/product_cat?post=119580"},{"taxonomy":"product_tag","embeddable":true,"href":"https:\/\/www.jootjeshaakcadeautjes.nl\/de\/wp-json\/wp\/v2\/product_tag?post=119580"}],"curies":[{"name":"wp","href":"https:\/\/api.w.org\/{rel}","templated":true}]}}