{"id":119589,"date":"2023-07-27T01:08:05","date_gmt":"2023-07-27T00:08:05","guid":{"rendered":"https:\/\/www.jootjeshaakcadeautjes.nl\/product\/silikon-beissring-monstera-blatt-raucher-gelb\/"},"modified":"2025-05-26T13:53:29","modified_gmt":"2025-05-26T11:53:29","slug":"silikon-beissring-monstera-blatt-raucher-gelb","status":"publish","type":"product","link":"https:\/\/www.jootjeshaakcadeautjes.nl\/de\/produkt\/silikon-beissring-monstera-blatt-raucher-gelb\/","title":{"rendered":"Silikon-Bei\u00dfring &#8211; Monstera Leaf &#8211; Ockergelb"},"content":{"rendered":"<h3>Silikon-Bei\u00dfring &#8211; Monstera Leaf &#8211; Ockergelb<\/h3>\n<p>Der Silikon-Bei\u00dfring Monstera Leaf ist aus BPA-freiem Silikon hergestellt. Das bedeutet, dass die Produkte als sicher f\u00fcr die Verwendung in Kinderspielzeug befunden wurden. Die Silikonanwendung enth\u00e4lt keine sch\u00e4dlichen Substanzen. Unsere Produkte erf\u00fcllen daher alle erforderlichen Zertifizierungen. Achten Sie immer auf die Abnutzung von Spielzeug und werfen Sie es gegebenenfalls weg. Dies gilt f\u00fcr jede Art von Babyspielzeug.<\/p>\n<p>Diese Monstera Leaf sind in vielen verschiedenen Farben erh\u00e4ltlich: Moosgr\u00fcn, Pistazie, Beere, Blutrot, Apfelgr\u00fcn, Ockergelb, Weide, Pfirsichrosa, Mittleres Puderblau, Helles Puderblau, Champagnerrosa, Pfirsich, Pfirsich, Pfirsich Puff, Alte Spitze, Zartrosa, Wei\u00df und Hellgrau. Es gibt auch andere Bisswunden in verschiedenen Farben, unter anderem.<\/p>\n<p>Silikonapplikationen werden ebenso wie Holzapplikationen h\u00e4ufig f\u00fcr die Herstellung von handgefertigtem Babyspielzeug verwendet. Die Applikationen lassen sich gut mit unseren Silikonperlen kombinieren.<\/p>\n<p>&nbsp;<\/p>\n","protected":false},"excerpt":{"rendered":"<p>Typ: Bei\u00dfring Variante: Monstera Leaf Ockergelb Hergestellt aus BPA-freiem Silikon. Chemisch unbedenklich getestet nach EN-71, 100% kindersicher. F\u00fcr weitere Informationen zur Verwendung, lesen Sie bitte unten auf der Seite.<\/p>\n","protected":false},"featured_media":119598,"template":"","meta":[],"product_brand":[],"product_cat":[8608,7380,7191],"product_tag":[7510,8087,8079,8061,7385,8804,7562,8331,7419,8057,7464,7416,8268,8754,8504,8795,7986,8384,7451,8797,8806,8621,7960,7520,7211,8799,7988],"class_list":{"0":"post-119589","1":"product","2":"type-product","3":"status-publish","4":"has-post-thumbnail","6":"product_cat-beisfiguren-aus-silikon-beisring-beisanhanger","7":"product_cat-herstellung-von-baby-beisspielzeug-materialien-fur-schnuller-und-beisringe","8":"product_cat-vollstandige-palette","9":"product_tag-baby-de","10":"product_tag-babygymnastik","11":"product_tag-beisen","12":"product_tag-beisring-de","13":"product_tag-beisring","14":"product_tag-beisringe","15":"product_tag-bisswunde","16":"product_tag-blatt","17":"product_tag-bpa-de","18":"product_tag-gelb","19":"product_tag-groshandel","20":"product_tag-gummischnur","21":"product_tag-hakchen","22":"product_tag-hakeln-fur-baby","23":"product_tag-himmlisch","24":"product_tag-jookz-de","25":"product_tag-kindersicher","26":"product_tag-knufl-de","27":"product_tag-kostenlos","28":"product_tag-monstera-de","29":"product_tag-monstera-blatt","30":"product_tag-ockerfarben","31":"product_tag-ressource","32":"product_tag-sicher","33":"product_tag-silikon","34":"product_tag-sitzend","35":"product_tag-zertifiziert","37":"first","38":"outofstock","39":"taxable","40":"shipping-taxable","41":"purchasable","42":"product-type-simple"},"bundled_by":[],"bundle_stock_status":"outofstock","bundle_stock_quantity":0,"bundle_virtual":false,"bundle_layout":"","bundle_add_to_cart_form_location":"","bundle_editable_in_cart":false,"bundle_sold_individually_context":"","bundle_item_grouping":"","bundle_min_size":"","bundle_max_size":"","bundle_price":[],"bundled_items":[],"bundle_sell_ids":[],"yoast_head":"<!-- This site is optimized with the Yoast SEO Premium plugin v27.6 (Yoast SEO v27.6) - https:\/\/yoast.com\/product\/yoast-seo-premium-wordpress\/ -->\n<title>- Bissanzeiger -<\/title>\n<meta name=\"description\" content=\"Silikon Figur Monstera Leaf Ocker Gelb BPA frei, 100%% Baby sicher. F\u00fcr Bei\u00dfring oder f\u00fcr auf Schnullerschnur. Passend zu unseren Monstera-Perlen.\" \/>\n<meta name=\"robots\" content=\"index, follow, max-snippet:-1, max-image-preview:large, max-video-preview:-1\" \/>\n<link rel=\"canonical\" href=\"https:\/\/www.jootjeshaakcadeautjes.nl\/de\/produkt\/silikon-beissring-monstera-blatt-raucher-gelb\/\" \/>\n<meta property=\"og:locale\" content=\"de_DE\" \/>\n<meta property=\"og:type\" content=\"article\" \/>\n<meta property=\"og:title\" content=\"Silikon-Bei\u00dfring - Monstera Leaf - Ockergelb\" \/>\n<meta property=\"og:description\" content=\"Silikon Figur Monstera Leaf Ocker Gelb BPA frei, 100%% Baby sicher. F\u00fcr Bei\u00dfring oder f\u00fcr auf Schnullerschnur. Passend zu unseren Monstera-Perlen.\" \/>\n<meta property=\"og:url\" content=\"https:\/\/www.jootjeshaakcadeautjes.nl\/de\/produkt\/silikon-beissring-monstera-blatt-raucher-gelb\/\" \/>\n<meta property=\"og:site_name\" content=\"Jootjes Haakcadeautjes\" \/>\n<meta property=\"article:modified_time\" content=\"2025-05-26T11:53:29+00:00\" \/>\n<meta property=\"og:image\" content=\"https:\/\/www.jootjeshaakcadeautjes.nl\/wp-content\/uploads\/2023\/08\/20201210_000035.jpg\" \/>\n\t<meta property=\"og:image:width\" content=\"1944\" \/>\n\t<meta property=\"og:image:height\" content=\"1944\" \/>\n\t<meta property=\"og:image:type\" content=\"image\/jpeg\" \/>\n<meta name=\"twitter:card\" content=\"summary_large_image\" \/>\n<meta name=\"twitter:label1\" content=\"Preis\" \/>\n\t<meta name=\"twitter:data1\" content=\"&euro;3.50 inkl. MwSt.\" \/>\n\t<meta name=\"twitter:label2\" content=\"Verf\u00fcgbarkeit\" \/>\n\t<meta name=\"twitter:data2\" content=\"ausverkauft\" \/>\n<script type=\"application\/ld+json\" class=\"yoast-schema-graph\">{\"@context\":\"https:\\\/\\\/schema.org\",\"@graph\":[{\"@type\":\"WebPage\",\"@id\":\"https:\\\/\\\/www.jootjeshaakcadeautjes.nl\\\/de\\\/produkt\\\/silikon-beissring-monstera-blatt-raucher-gelb\\\/\",\"url\":\"https:\\\/\\\/www.jootjeshaakcadeautjes.nl\\\/de\\\/produkt\\\/silikon-beissring-monstera-blatt-raucher-gelb\\\/\",\"name\":\"- Bissanzeiger -\",\"isPartOf\":{\"@id\":\"https:\\\/\\\/www.jootjeshaakcadeautjes.nl\\\/de\\\/#website\"},\"primaryImageOfPage\":{\"@id\":\"https:\\\/\\\/www.jootjeshaakcadeautjes.nl\\\/de\\\/produkt\\\/silikon-beissring-monstera-blatt-raucher-gelb\\\/#primaryimage\"},\"image\":{\"@id\":\"https:\\\/\\\/www.jootjeshaakcadeautjes.nl\\\/de\\\/produkt\\\/silikon-beissring-monstera-blatt-raucher-gelb\\\/#primaryimage\"},\"thumbnailUrl\":\"https:\\\/\\\/d1dyryakdmle7o.cloudfront.net\\\/wp-content\\\/uploads\\\/2023\\\/08\\\/20201210_000035.jpg\",\"datePublished\":\"2023-07-27T00:08:05+00:00\",\"dateModified\":\"2025-05-26T11:53:29+00:00\",\"description\":\"Silikon Figur Monstera Leaf Ocker Gelb BPA frei, 100%% Baby sicher. F\u00fcr Bei\u00dfring oder f\u00fcr auf Schnullerschnur. Passend zu unseren Monstera-Perlen.\",\"breadcrumb\":{\"@id\":\"https:\\\/\\\/www.jootjeshaakcadeautjes.nl\\\/de\\\/produkt\\\/silikon-beissring-monstera-blatt-raucher-gelb\\\/#breadcrumb\"},\"inLanguage\":\"de\",\"potentialAction\":[{\"@type\":\"ReadAction\",\"target\":[\"https:\\\/\\\/www.jootjeshaakcadeautjes.nl\\\/de\\\/produkt\\\/silikon-beissring-monstera-blatt-raucher-gelb\\\/\"]}]},{\"@type\":\"ImageObject\",\"inLanguage\":\"de\",\"@id\":\"https:\\\/\\\/www.jootjeshaakcadeautjes.nl\\\/de\\\/produkt\\\/silikon-beissring-monstera-blatt-raucher-gelb\\\/#primaryimage\",\"url\":\"https:\\\/\\\/d1dyryakdmle7o.cloudfront.net\\\/wp-content\\\/uploads\\\/2023\\\/08\\\/20201210_000035.jpg\",\"contentUrl\":\"https:\\\/\\\/d1dyryakdmle7o.cloudfront.net\\\/wp-content\\\/uploads\\\/2023\\\/08\\\/20201210_000035.jpg\",\"width\":1944,\"height\":1944,\"caption\":\"Monstera Blatt Silikon Bei\u00dfspielzeug bpa frei Gro\u00dfhandel Baby ockergelb\"},{\"@type\":\"BreadcrumbList\",\"@id\":\"https:\\\/\\\/www.jootjeshaakcadeautjes.nl\\\/de\\\/produkt\\\/silikon-beissring-monstera-blatt-raucher-gelb\\\/#breadcrumb\",\"itemListElement\":[{\"@type\":\"ListItem\",\"position\":1,\"name\":\"Startseite\",\"item\":\"https:\\\/\\\/www.jootjeshaakcadeautjes.nl\\\/de\\\/\"},{\"@type\":\"ListItem\",\"position\":2,\"name\":\"Gro\u00dfhandel mit Silikonperlen &#8211; Business und Consumer\",\"item\":\"https:\\\/\\\/www.jootjeshaakcadeautjes.nl\\\/de\\\/shop\\\/\"},{\"@type\":\"ListItem\",\"position\":3,\"name\":\"Silikon-Bei\u00dfring &#8211; Monstera Leaf &#8211; Ockergelb\"}]},{\"@type\":\"WebSite\",\"@id\":\"https:\\\/\\\/www.jootjeshaakcadeautjes.nl\\\/de\\\/#website\",\"url\":\"https:\\\/\\\/www.jootjeshaakcadeautjes.nl\\\/de\\\/\",\"name\":\"Jootjes Haakcadeautjes\",\"description\":\"Silikonperlen Gro\u00dfhandel \",\"publisher\":{\"@id\":\"https:\\\/\\\/www.jootjeshaakcadeautjes.nl\\\/de\\\/#organization\"},\"potentialAction\":[{\"@type\":\"SearchAction\",\"target\":{\"@type\":\"EntryPoint\",\"urlTemplate\":\"https:\\\/\\\/www.jootjeshaakcadeautjes.nl\\\/de\\\/?s={search_term_string}\"},\"query-input\":{\"@type\":\"PropertyValueSpecification\",\"valueRequired\":true,\"valueName\":\"search_term_string\"}}],\"inLanguage\":\"de\"},{\"@type\":\"Organization\",\"@id\":\"https:\\\/\\\/www.jootjeshaakcadeautjes.nl\\\/de\\\/#organization\",\"name\":\"Jootjes Haakcadeautjes\",\"url\":\"https:\\\/\\\/www.jootjeshaakcadeautjes.nl\\\/de\\\/\",\"logo\":{\"@type\":\"ImageObject\",\"inLanguage\":\"de\",\"@id\":\"https:\\\/\\\/www.jootjeshaakcadeautjes.nl\\\/de\\\/#\\\/schema\\\/logo\\\/image\\\/\",\"url\":\"https:\\\/\\\/d1dyryakdmle7o.cloudfront.net\\\/wp-content\\\/uploads\\\/2023\\\/05\\\/Logo-rond.png\",\"contentUrl\":\"https:\\\/\\\/d1dyryakdmle7o.cloudfront.net\\\/wp-content\\\/uploads\\\/2023\\\/05\\\/Logo-rond.png\",\"width\":1222,\"height\":1222,\"caption\":\"Jootjes Haakcadeautjes\"},\"image\":{\"@id\":\"https:\\\/\\\/www.jootjeshaakcadeautjes.nl\\\/de\\\/#\\\/schema\\\/logo\\\/image\\\/\"}}]}<\/script>\n<meta property=\"product:price:amount\" content=\"3.50\" \/>\n<meta property=\"product:price:currency\" content=\"EUR\" \/>\n<meta property=\"og:availability\" content=\"out of stock\" \/>\n<meta property=\"product:availability\" content=\"out of stock\" \/>\n<meta property=\"product:retailer_item_id\" content=\"SIL-MSB-OGE\" \/>\n<meta property=\"product:condition\" content=\"new\" \/>\n<!-- \/ Yoast SEO Premium plugin. -->","yoast_head_json":{"title":"- Bissanzeiger -","description":"Silikon Figur Monstera Leaf Ocker Gelb BPA frei, 100%% Baby sicher. F\u00fcr Bei\u00dfring oder f\u00fcr auf Schnullerschnur. Passend zu unseren Monstera-Perlen.","robots":{"index":"index","follow":"follow","max-snippet":"max-snippet:-1","max-image-preview":"max-image-preview:large","max-video-preview":"max-video-preview:-1"},"canonical":"https:\/\/www.jootjeshaakcadeautjes.nl\/de\/produkt\/silikon-beissring-monstera-blatt-raucher-gelb\/","og_locale":"de_DE","og_type":"article","og_title":"Silikon-Bei\u00dfring - Monstera Leaf - Ockergelb","og_description":"Silikon Figur Monstera Leaf Ocker Gelb BPA frei, 100%% Baby sicher. F\u00fcr Bei\u00dfring oder f\u00fcr auf Schnullerschnur. Passend zu unseren Monstera-Perlen.","og_url":"https:\/\/www.jootjeshaakcadeautjes.nl\/de\/produkt\/silikon-beissring-monstera-blatt-raucher-gelb\/","og_site_name":"Jootjes Haakcadeautjes","article_modified_time":"2025-05-26T11:53:29+00:00","og_image":[{"width":1944,"height":1944,"url":"https:\/\/www.jootjeshaakcadeautjes.nl\/wp-content\/uploads\/2023\/08\/20201210_000035.jpg","type":"image\/jpeg"}],"twitter_card":"summary_large_image","twitter_misc":{"Preis":"&euro;3.50 inkl. MwSt.","Verf\u00fcgbarkeit":"ausverkauft"},"schema":{"@context":"https:\/\/schema.org","@graph":[{"@type":"WebPage","@id":"https:\/\/www.jootjeshaakcadeautjes.nl\/de\/produkt\/silikon-beissring-monstera-blatt-raucher-gelb\/","url":"https:\/\/www.jootjeshaakcadeautjes.nl\/de\/produkt\/silikon-beissring-monstera-blatt-raucher-gelb\/","name":"- Bissanzeiger -","isPartOf":{"@id":"https:\/\/www.jootjeshaakcadeautjes.nl\/de\/#website"},"primaryImageOfPage":{"@id":"https:\/\/www.jootjeshaakcadeautjes.nl\/de\/produkt\/silikon-beissring-monstera-blatt-raucher-gelb\/#primaryimage"},"image":{"@id":"https:\/\/www.jootjeshaakcadeautjes.nl\/de\/produkt\/silikon-beissring-monstera-blatt-raucher-gelb\/#primaryimage"},"thumbnailUrl":"https:\/\/d1dyryakdmle7o.cloudfront.net\/wp-content\/uploads\/2023\/08\/20201210_000035.jpg","datePublished":"2023-07-27T00:08:05+00:00","dateModified":"2025-05-26T11:53:29+00:00","description":"Silikon Figur Monstera Leaf Ocker Gelb BPA frei, 100%% Baby sicher. F\u00fcr Bei\u00dfring oder f\u00fcr auf Schnullerschnur. Passend zu unseren Monstera-Perlen.","breadcrumb":{"@id":"https:\/\/www.jootjeshaakcadeautjes.nl\/de\/produkt\/silikon-beissring-monstera-blatt-raucher-gelb\/#breadcrumb"},"inLanguage":"de","potentialAction":[{"@type":"ReadAction","target":["https:\/\/www.jootjeshaakcadeautjes.nl\/de\/produkt\/silikon-beissring-monstera-blatt-raucher-gelb\/"]}]},{"@type":"ImageObject","inLanguage":"de","@id":"https:\/\/www.jootjeshaakcadeautjes.nl\/de\/produkt\/silikon-beissring-monstera-blatt-raucher-gelb\/#primaryimage","url":"https:\/\/d1dyryakdmle7o.cloudfront.net\/wp-content\/uploads\/2023\/08\/20201210_000035.jpg","contentUrl":"https:\/\/d1dyryakdmle7o.cloudfront.net\/wp-content\/uploads\/2023\/08\/20201210_000035.jpg","width":1944,"height":1944,"caption":"Monstera Blatt Silikon Bei\u00dfspielzeug bpa frei Gro\u00dfhandel Baby ockergelb"},{"@type":"BreadcrumbList","@id":"https:\/\/www.jootjeshaakcadeautjes.nl\/de\/produkt\/silikon-beissring-monstera-blatt-raucher-gelb\/#breadcrumb","itemListElement":[{"@type":"ListItem","position":1,"name":"Startseite","item":"https:\/\/www.jootjeshaakcadeautjes.nl\/de\/"},{"@type":"ListItem","position":2,"name":"Gro\u00dfhandel mit Silikonperlen &#8211; Business und Consumer","item":"https:\/\/www.jootjeshaakcadeautjes.nl\/de\/shop\/"},{"@type":"ListItem","position":3,"name":"Silikon-Bei\u00dfring &#8211; Monstera Leaf &#8211; Ockergelb"}]},{"@type":"WebSite","@id":"https:\/\/www.jootjeshaakcadeautjes.nl\/de\/#website","url":"https:\/\/www.jootjeshaakcadeautjes.nl\/de\/","name":"Jootjes Haakcadeautjes","description":"Silikonperlen Gro\u00dfhandel ","publisher":{"@id":"https:\/\/www.jootjeshaakcadeautjes.nl\/de\/#organization"},"potentialAction":[{"@type":"SearchAction","target":{"@type":"EntryPoint","urlTemplate":"https:\/\/www.jootjeshaakcadeautjes.nl\/de\/?s={search_term_string}"},"query-input":{"@type":"PropertyValueSpecification","valueRequired":true,"valueName":"search_term_string"}}],"inLanguage":"de"},{"@type":"Organization","@id":"https:\/\/www.jootjeshaakcadeautjes.nl\/de\/#organization","name":"Jootjes Haakcadeautjes","url":"https:\/\/www.jootjeshaakcadeautjes.nl\/de\/","logo":{"@type":"ImageObject","inLanguage":"de","@id":"https:\/\/www.jootjeshaakcadeautjes.nl\/de\/#\/schema\/logo\/image\/","url":"https:\/\/d1dyryakdmle7o.cloudfront.net\/wp-content\/uploads\/2023\/05\/Logo-rond.png","contentUrl":"https:\/\/d1dyryakdmle7o.cloudfront.net\/wp-content\/uploads\/2023\/05\/Logo-rond.png","width":1222,"height":1222,"caption":"Jootjes Haakcadeautjes"},"image":{"@id":"https:\/\/www.jootjeshaakcadeautjes.nl\/de\/#\/schema\/logo\/image\/"}}]},"product_price_amount":"3.50","product_price_currency":"EUR","og_availability":"out of stock","product_availability":"out of stock","product_retailer_item_id":"SIL-MSB-OGE","product_condition":"new"},"_links":{"self":[{"href":"https:\/\/www.jootjeshaakcadeautjes.nl\/de\/wp-json\/wp\/v2\/product\/119589","targetHints":{"allow":["GET"]}}],"collection":[{"href":"https:\/\/www.jootjeshaakcadeautjes.nl\/de\/wp-json\/wp\/v2\/product"}],"about":[{"href":"https:\/\/www.jootjeshaakcadeautjes.nl\/de\/wp-json\/wp\/v2\/types\/product"}],"version-history":[{"count":0,"href":"https:\/\/www.jootjeshaakcadeautjes.nl\/de\/wp-json\/wp\/v2\/product\/119589\/revisions"}],"wp:featuredmedia":[{"embeddable":true,"href":"https:\/\/www.jootjeshaakcadeautjes.nl\/de\/wp-json\/wp\/v2\/media\/119598"}],"wp:attachment":[{"href":"https:\/\/www.jootjeshaakcadeautjes.nl\/de\/wp-json\/wp\/v2\/media?parent=119589"}],"wp:term":[{"taxonomy":"product_brand","embeddable":true,"href":"https:\/\/www.jootjeshaakcadeautjes.nl\/de\/wp-json\/wp\/v2\/product_brand?post=119589"},{"taxonomy":"product_cat","embeddable":true,"href":"https:\/\/www.jootjeshaakcadeautjes.nl\/de\/wp-json\/wp\/v2\/product_cat?post=119589"},{"taxonomy":"product_tag","embeddable":true,"href":"https:\/\/www.jootjeshaakcadeautjes.nl\/de\/wp-json\/wp\/v2\/product_tag?post=119589"}],"curies":[{"name":"wp","href":"https:\/\/api.w.org\/{rel}","templated":true}]}}