{"id":119593,"date":"2023-08-09T14:49:23","date_gmt":"2023-08-09T13:49:23","guid":{"rendered":"https:\/\/www.jootjeshaakcadeautjes.nl\/product\/sicherheitsaugen-5-mm-schwarze-haken\/"},"modified":"2025-09-17T20:34:34","modified_gmt":"2025-09-17T18:34:34","slug":"sicherheitsaugen-5-mm-schwarze-haken","status":"publish","type":"product","link":"https:\/\/www.jootjeshaakcadeautjes.nl\/de\/produkt\/sicherheitsaugen-5-mm-schwarze-haken\/","title":{"rendered":"Sicherheitsaugen 5 mm &#8211; Schwarz &#8211; als Paar"},"content":{"rendered":"<p><strong><span style=\"color: #3366ff;\"> <\/span><br \/>\n<\/strong><\/p>\n<p>S<strong>icherheitsaugen, <span style=\"color: #000000;\">schwarz<\/span>, 5 mm.<\/strong> Sicherheitsaugen zum H\u00e4keln und Stricken (Pl\u00fcschtiere\/Amigurumi). Verkauft im Paar, 2 St\u00fcck.<strong><\/strong><\/p>\n<p>Kratzfrei und mit einer stabilen Sicherheitskappe, die sich nicht abl\u00f6st!<\/p>\n<p><strong>Wozu verwenden Sie diese Sicherheitsaugen?<\/strong><\/p>\n<p>Die 5 mm Sicherheitsaugen (schwarz) werden h\u00e4ufig f\u00fcr die Herstellung von Pl\u00fcschtieren verwendet. Die Sicherheits\u00f6sen f\u00fcr Pl\u00fcschtiere sollten daher von hoher Qualit\u00e4t sein und sich nicht leicht l\u00f6sen, um die Sicherheit von (kleinen) Kindern zu gew\u00e4hrleisten. Wenn die Pl\u00fcschtiere geh\u00e4kelt sind, werden sie auch als Amigurumi bezeichnet. Diese Augen werden daher manchmal als Sicherheitsaugen f\u00fcr Amigurumi bezeichnet. Unsere \u00d6sen haben einen sehr stabilen Verschluss. Daher ist es etwas m\u00fchsam, sie anzubringen, aber wenn sie einmal angebracht sind, lassen sie sich nicht mehr so leicht entfernen.<\/p>\n<p><span style=\"font-size: 1.5rem;\">Dennoch: Die Verwendung in Pl\u00fcschtieren f\u00fcr kleine Babys und Kleinkinder wird nicht empfohlen bzw. sollte nur unter Aufsicht von Erwachsenen erfolgen!  <\/span><\/p>\n<p>Die Sicherheits-\u00d6sen sind so beschaffen, dass sie sich kaum l\u00f6sen k\u00f6nnen. Aber es ist und bleibt Plastik. Bei schwerwiegenden Sch\u00e4den oder Bei\u00dfvorf\u00e4llen von Kindern ist es wichtig, Vorsicht walten zu lassen und sie zu beaufsichtigen. \u00dcberpr\u00fcfen Sie daher regelm\u00e4\u00dfig die Umarmungen.<\/p>\n<p>Auch in den Gr\u00f6\u00dfen <a href=\"https:\/\/www.jootjeshaakcadeautjes.nl\/de\/produkt\/schutzbrille-paar-7-mm-schwarz-2-teilig\/\">7 mm,<\/a> <a href=\"https:\/\/www.jootjeshaakcadeautjes.nl\/de\/produkt\/sicherheits-oesen-8-mm-schwarz\/\">8 mm<\/a> und <a href=\"https:\/\/www.jootjeshaakcadeautjes.nl\/product\/veiligheidsoogjes-10-mm-zwart\/\">10 mm<\/a> erh\u00e4ltlich.<\/p>\n","protected":false},"excerpt":{"rendered":"<p><strong><br \/>\n<\/strong><\/p>\n<p>S<strong>chwarze Sicherheitsaugen der Gr\u00f6\u00dfe 6 mm,<\/strong> paarweise verkauft, 2 St\u00fcck.<strong>Hohe Qualit\u00e4t:<\/strong> L\u00f6st sich nicht ab! Kratzfrei!<\/p>\n","protected":false},"featured_media":119594,"template":"","meta":[],"product_brand":[],"product_cat":[8247,8823],"product_tag":[8834,8836,8305,8268,8526,8754,8743,7397,7651,8824,8829,8827,8749],"class_list":{"0":"post-119593","1":"product","2":"type-product","3":"status-publish","4":"has-post-thumbnail","6":"product_cat-bastelmaterial-hakelzubehor","7":"product_cat-sicherheitsaugen-fur-stofftiere","8":"product_tag-5-de","9":"product_tag-5-mm-de","10":"product_tag-amigurumi-de","11":"product_tag-hakchen","12":"product_tag-hakelmuster-de","13":"product_tag-hakeln-fur-baby","14":"product_tag-hakelset","15":"product_tag-mm-de","16":"product_tag-schwarz","17":"product_tag-sicherheitsauge","18":"product_tag-sicherheitsaugen-de","19":"product_tag-sicherheitsaugen","20":"product_tag-stricken","22":"first","23":"instock","24":"taxable","25":"shipping-taxable","26":"purchasable","27":"product-type-simple"},"bundled_by":["119601"],"bundle_stock_status":"instock","bundle_stock_quantity":224,"bundle_virtual":false,"bundle_layout":"","bundle_add_to_cart_form_location":"","bundle_editable_in_cart":false,"bundle_sold_individually_context":"","bundle_item_grouping":"","bundle_min_size":"","bundle_max_size":"","bundle_price":[],"bundled_items":[],"bundle_sell_ids":[],"yoast_head":"<!-- This site is optimized with the Yoast SEO Premium plugin v27.6 (Yoast SEO v27.6) - https:\/\/yoast.com\/product\/yoast-seo-premium-wordpress\/ -->\n<title>Sicherheitsaugen 5 mm - H\u00e4keln und Stricken - Jootjes Crochet presents<\/title>\n<meta name=\"description\" content=\"Sicherheitsaugen 5 mm schwarz f\u00fcr Stofftiere\/Amigurumi h\u00e4keln und stricken. Einzigartiger stabiler Verschluss, der sich nicht so leicht l\u00f6sen l\u00e4sst. Ab Lager lieferbar.\" \/>\n<meta name=\"robots\" content=\"index, follow, max-snippet:-1, max-image-preview:large, max-video-preview:-1\" \/>\n<link rel=\"canonical\" href=\"https:\/\/www.jootjeshaakcadeautjes.nl\/de\/produkt\/sicherheitsaugen-5-mm-schwarze-haken\/\" \/>\n<meta property=\"og:locale\" content=\"de_DE\" \/>\n<meta property=\"og:type\" content=\"article\" \/>\n<meta property=\"og:title\" content=\"Sicherheitsaugen 5 mm - Schwarz - als Paar\" \/>\n<meta property=\"og:description\" content=\"Sicherheitsaugen 5 mm schwarz f\u00fcr Stofftiere\/Amigurumi h\u00e4keln und stricken. Einzigartiger stabiler Verschluss, der sich nicht so leicht l\u00f6sen l\u00e4sst. Ab Lager lieferbar.\" \/>\n<meta property=\"og:url\" content=\"https:\/\/www.jootjeshaakcadeautjes.nl\/de\/produkt\/sicherheitsaugen-5-mm-schwarze-haken\/\" \/>\n<meta property=\"og:site_name\" content=\"Jootjes Haakcadeautjes\" \/>\n<meta property=\"article:modified_time\" content=\"2025-09-17T18:34:34+00:00\" \/>\n<meta property=\"og:image\" content=\"https:\/\/www.jootjeshaakcadeautjes.nl\/wp-content\/uploads\/2023\/08\/IMG_20170122_182618.jpg\" \/>\n\t<meta property=\"og:image:width\" content=\"1045\" \/>\n\t<meta property=\"og:image:height\" content=\"897\" \/>\n\t<meta property=\"og:image:type\" content=\"image\/jpeg\" \/>\n<meta name=\"twitter:card\" content=\"summary_large_image\" \/>\n<meta name=\"twitter:label1\" content=\"Preis\" \/>\n\t<meta name=\"twitter:data1\" content=\"&euro;0.30 inkl. MwSt.\" \/>\n\t<meta name=\"twitter:label2\" content=\"Verf\u00fcgbarkeit\" \/>\n\t<meta name=\"twitter:data2\" content=\"Auf Lager\" \/>\n<script type=\"application\/ld+json\" class=\"yoast-schema-graph\">{\"@context\":\"https:\\\/\\\/schema.org\",\"@graph\":[{\"@type\":\"WebPage\",\"@id\":\"https:\\\/\\\/www.jootjeshaakcadeautjes.nl\\\/de\\\/produkt\\\/sicherheitsaugen-5-mm-schwarze-haken\\\/\",\"url\":\"https:\\\/\\\/www.jootjeshaakcadeautjes.nl\\\/de\\\/produkt\\\/sicherheitsaugen-5-mm-schwarze-haken\\\/\",\"name\":\"Sicherheitsaugen 5 mm - H\u00e4keln und Stricken - Jootjes Crochet presents\",\"isPartOf\":{\"@id\":\"https:\\\/\\\/www.jootjeshaakcadeautjes.nl\\\/de\\\/#website\"},\"primaryImageOfPage\":{\"@id\":\"https:\\\/\\\/www.jootjeshaakcadeautjes.nl\\\/de\\\/produkt\\\/sicherheitsaugen-5-mm-schwarze-haken\\\/#primaryimage\"},\"image\":{\"@id\":\"https:\\\/\\\/www.jootjeshaakcadeautjes.nl\\\/de\\\/produkt\\\/sicherheitsaugen-5-mm-schwarze-haken\\\/#primaryimage\"},\"thumbnailUrl\":\"https:\\\/\\\/d1dyryakdmle7o.cloudfront.net\\\/wp-content\\\/uploads\\\/2023\\\/08\\\/IMG_20170122_182618.jpg\",\"datePublished\":\"2023-08-09T13:49:23+00:00\",\"dateModified\":\"2025-09-17T18:34:34+00:00\",\"description\":\"Sicherheitsaugen 5 mm schwarz f\u00fcr Stofftiere\\\/Amigurumi h\u00e4keln und stricken. Einzigartiger stabiler Verschluss, der sich nicht so leicht l\u00f6sen l\u00e4sst. Ab Lager lieferbar.\",\"breadcrumb\":{\"@id\":\"https:\\\/\\\/www.jootjeshaakcadeautjes.nl\\\/de\\\/produkt\\\/sicherheitsaugen-5-mm-schwarze-haken\\\/#breadcrumb\"},\"inLanguage\":\"de\",\"potentialAction\":[{\"@type\":\"ReadAction\",\"target\":[\"https:\\\/\\\/www.jootjeshaakcadeautjes.nl\\\/de\\\/produkt\\\/sicherheitsaugen-5-mm-schwarze-haken\\\/\"]}]},{\"@type\":\"ImageObject\",\"inLanguage\":\"de\",\"@id\":\"https:\\\/\\\/www.jootjeshaakcadeautjes.nl\\\/de\\\/produkt\\\/sicherheitsaugen-5-mm-schwarze-haken\\\/#primaryimage\",\"url\":\"https:\\\/\\\/d1dyryakdmle7o.cloudfront.net\\\/wp-content\\\/uploads\\\/2023\\\/08\\\/IMG_20170122_182618.jpg\",\"contentUrl\":\"https:\\\/\\\/d1dyryakdmle7o.cloudfront.net\\\/wp-content\\\/uploads\\\/2023\\\/08\\\/IMG_20170122_182618.jpg\",\"width\":1045,\"height\":897,\"caption\":\"Sicherheitsaugen-8 mm und Sicherheitsaugen-6 mm f\u00fcr Amigurumi und Pl\u00fcschtiere. Sicherheits-\u00d6sen f\u00fcr Haken.\"},{\"@type\":\"BreadcrumbList\",\"@id\":\"https:\\\/\\\/www.jootjeshaakcadeautjes.nl\\\/de\\\/produkt\\\/sicherheitsaugen-5-mm-schwarze-haken\\\/#breadcrumb\",\"itemListElement\":[{\"@type\":\"ListItem\",\"position\":1,\"name\":\"Startseite\",\"item\":\"https:\\\/\\\/www.jootjeshaakcadeautjes.nl\\\/de\\\/\"},{\"@type\":\"ListItem\",\"position\":2,\"name\":\"Gro\u00dfhandel mit Silikonperlen &#8211; Business und Consumer\",\"item\":\"https:\\\/\\\/www.jootjeshaakcadeautjes.nl\\\/de\\\/shop\\\/\"},{\"@type\":\"ListItem\",\"position\":3,\"name\":\"Sicherheitsaugen 5 mm &#8211; Schwarz &#8211; als Paar\"}]},{\"@type\":\"WebSite\",\"@id\":\"https:\\\/\\\/www.jootjeshaakcadeautjes.nl\\\/de\\\/#website\",\"url\":\"https:\\\/\\\/www.jootjeshaakcadeautjes.nl\\\/de\\\/\",\"name\":\"Jootjes Haakcadeautjes\",\"description\":\"Silikonperlen Gro\u00dfhandel \",\"publisher\":{\"@id\":\"https:\\\/\\\/www.jootjeshaakcadeautjes.nl\\\/de\\\/#organization\"},\"potentialAction\":[{\"@type\":\"SearchAction\",\"target\":{\"@type\":\"EntryPoint\",\"urlTemplate\":\"https:\\\/\\\/www.jootjeshaakcadeautjes.nl\\\/de\\\/?s={search_term_string}\"},\"query-input\":{\"@type\":\"PropertyValueSpecification\",\"valueRequired\":true,\"valueName\":\"search_term_string\"}}],\"inLanguage\":\"de\"},{\"@type\":\"Organization\",\"@id\":\"https:\\\/\\\/www.jootjeshaakcadeautjes.nl\\\/de\\\/#organization\",\"name\":\"Jootjes Haakcadeautjes\",\"url\":\"https:\\\/\\\/www.jootjeshaakcadeautjes.nl\\\/de\\\/\",\"logo\":{\"@type\":\"ImageObject\",\"inLanguage\":\"de\",\"@id\":\"https:\\\/\\\/www.jootjeshaakcadeautjes.nl\\\/de\\\/#\\\/schema\\\/logo\\\/image\\\/\",\"url\":\"https:\\\/\\\/d1dyryakdmle7o.cloudfront.net\\\/wp-content\\\/uploads\\\/2023\\\/05\\\/Logo-rond.png\",\"contentUrl\":\"https:\\\/\\\/d1dyryakdmle7o.cloudfront.net\\\/wp-content\\\/uploads\\\/2023\\\/05\\\/Logo-rond.png\",\"width\":1222,\"height\":1222,\"caption\":\"Jootjes Haakcadeautjes\"},\"image\":{\"@id\":\"https:\\\/\\\/www.jootjeshaakcadeautjes.nl\\\/de\\\/#\\\/schema\\\/logo\\\/image\\\/\"}}]}<\/script>\n<meta property=\"product:price:amount\" content=\"0.30\" \/>\n<meta property=\"product:price:currency\" content=\"EUR\" \/>\n<meta property=\"og:availability\" content=\"instock\" \/>\n<meta property=\"product:availability\" content=\"instock\" \/>\n<meta property=\"product:retailer_item_id\" content=\"VHO-ZWA-005\" \/>\n<meta property=\"product:condition\" content=\"new\" \/>\n<!-- \/ Yoast SEO Premium plugin. -->","yoast_head_json":{"title":"Sicherheitsaugen 5 mm - H\u00e4keln und Stricken - Jootjes Crochet presents","description":"Sicherheitsaugen 5 mm schwarz f\u00fcr Stofftiere\/Amigurumi h\u00e4keln und stricken. Einzigartiger stabiler Verschluss, der sich nicht so leicht l\u00f6sen l\u00e4sst. Ab Lager lieferbar.","robots":{"index":"index","follow":"follow","max-snippet":"max-snippet:-1","max-image-preview":"max-image-preview:large","max-video-preview":"max-video-preview:-1"},"canonical":"https:\/\/www.jootjeshaakcadeautjes.nl\/de\/produkt\/sicherheitsaugen-5-mm-schwarze-haken\/","og_locale":"de_DE","og_type":"article","og_title":"Sicherheitsaugen 5 mm - Schwarz - als Paar","og_description":"Sicherheitsaugen 5 mm schwarz f\u00fcr Stofftiere\/Amigurumi h\u00e4keln und stricken. Einzigartiger stabiler Verschluss, der sich nicht so leicht l\u00f6sen l\u00e4sst. Ab Lager lieferbar.","og_url":"https:\/\/www.jootjeshaakcadeautjes.nl\/de\/produkt\/sicherheitsaugen-5-mm-schwarze-haken\/","og_site_name":"Jootjes Haakcadeautjes","article_modified_time":"2025-09-17T18:34:34+00:00","og_image":[{"width":1045,"height":897,"url":"https:\/\/www.jootjeshaakcadeautjes.nl\/wp-content\/uploads\/2023\/08\/IMG_20170122_182618.jpg","type":"image\/jpeg"}],"twitter_card":"summary_large_image","twitter_misc":{"Preis":"&euro;0.30 inkl. MwSt.","Verf\u00fcgbarkeit":"Auf Lager"},"schema":{"@context":"https:\/\/schema.org","@graph":[{"@type":"WebPage","@id":"https:\/\/www.jootjeshaakcadeautjes.nl\/de\/produkt\/sicherheitsaugen-5-mm-schwarze-haken\/","url":"https:\/\/www.jootjeshaakcadeautjes.nl\/de\/produkt\/sicherheitsaugen-5-mm-schwarze-haken\/","name":"Sicherheitsaugen 5 mm - H\u00e4keln und Stricken - Jootjes Crochet presents","isPartOf":{"@id":"https:\/\/www.jootjeshaakcadeautjes.nl\/de\/#website"},"primaryImageOfPage":{"@id":"https:\/\/www.jootjeshaakcadeautjes.nl\/de\/produkt\/sicherheitsaugen-5-mm-schwarze-haken\/#primaryimage"},"image":{"@id":"https:\/\/www.jootjeshaakcadeautjes.nl\/de\/produkt\/sicherheitsaugen-5-mm-schwarze-haken\/#primaryimage"},"thumbnailUrl":"https:\/\/d1dyryakdmle7o.cloudfront.net\/wp-content\/uploads\/2023\/08\/IMG_20170122_182618.jpg","datePublished":"2023-08-09T13:49:23+00:00","dateModified":"2025-09-17T18:34:34+00:00","description":"Sicherheitsaugen 5 mm schwarz f\u00fcr Stofftiere\/Amigurumi h\u00e4keln und stricken. Einzigartiger stabiler Verschluss, der sich nicht so leicht l\u00f6sen l\u00e4sst. Ab Lager lieferbar.","breadcrumb":{"@id":"https:\/\/www.jootjeshaakcadeautjes.nl\/de\/produkt\/sicherheitsaugen-5-mm-schwarze-haken\/#breadcrumb"},"inLanguage":"de","potentialAction":[{"@type":"ReadAction","target":["https:\/\/www.jootjeshaakcadeautjes.nl\/de\/produkt\/sicherheitsaugen-5-mm-schwarze-haken\/"]}]},{"@type":"ImageObject","inLanguage":"de","@id":"https:\/\/www.jootjeshaakcadeautjes.nl\/de\/produkt\/sicherheitsaugen-5-mm-schwarze-haken\/#primaryimage","url":"https:\/\/d1dyryakdmle7o.cloudfront.net\/wp-content\/uploads\/2023\/08\/IMG_20170122_182618.jpg","contentUrl":"https:\/\/d1dyryakdmle7o.cloudfront.net\/wp-content\/uploads\/2023\/08\/IMG_20170122_182618.jpg","width":1045,"height":897,"caption":"Sicherheitsaugen-8 mm und Sicherheitsaugen-6 mm f\u00fcr Amigurumi und Pl\u00fcschtiere. Sicherheits-\u00d6sen f\u00fcr Haken."},{"@type":"BreadcrumbList","@id":"https:\/\/www.jootjeshaakcadeautjes.nl\/de\/produkt\/sicherheitsaugen-5-mm-schwarze-haken\/#breadcrumb","itemListElement":[{"@type":"ListItem","position":1,"name":"Startseite","item":"https:\/\/www.jootjeshaakcadeautjes.nl\/de\/"},{"@type":"ListItem","position":2,"name":"Gro\u00dfhandel mit Silikonperlen &#8211; Business und Consumer","item":"https:\/\/www.jootjeshaakcadeautjes.nl\/de\/shop\/"},{"@type":"ListItem","position":3,"name":"Sicherheitsaugen 5 mm &#8211; Schwarz &#8211; als Paar"}]},{"@type":"WebSite","@id":"https:\/\/www.jootjeshaakcadeautjes.nl\/de\/#website","url":"https:\/\/www.jootjeshaakcadeautjes.nl\/de\/","name":"Jootjes Haakcadeautjes","description":"Silikonperlen Gro\u00dfhandel ","publisher":{"@id":"https:\/\/www.jootjeshaakcadeautjes.nl\/de\/#organization"},"potentialAction":[{"@type":"SearchAction","target":{"@type":"EntryPoint","urlTemplate":"https:\/\/www.jootjeshaakcadeautjes.nl\/de\/?s={search_term_string}"},"query-input":{"@type":"PropertyValueSpecification","valueRequired":true,"valueName":"search_term_string"}}],"inLanguage":"de"},{"@type":"Organization","@id":"https:\/\/www.jootjeshaakcadeautjes.nl\/de\/#organization","name":"Jootjes Haakcadeautjes","url":"https:\/\/www.jootjeshaakcadeautjes.nl\/de\/","logo":{"@type":"ImageObject","inLanguage":"de","@id":"https:\/\/www.jootjeshaakcadeautjes.nl\/de\/#\/schema\/logo\/image\/","url":"https:\/\/d1dyryakdmle7o.cloudfront.net\/wp-content\/uploads\/2023\/05\/Logo-rond.png","contentUrl":"https:\/\/d1dyryakdmle7o.cloudfront.net\/wp-content\/uploads\/2023\/05\/Logo-rond.png","width":1222,"height":1222,"caption":"Jootjes Haakcadeautjes"},"image":{"@id":"https:\/\/www.jootjeshaakcadeautjes.nl\/de\/#\/schema\/logo\/image\/"}}]},"product_price_amount":"0.30","product_price_currency":"EUR","og_availability":"instock","product_availability":"instock","product_retailer_item_id":"VHO-ZWA-005","product_condition":"new"},"_links":{"self":[{"href":"https:\/\/www.jootjeshaakcadeautjes.nl\/de\/wp-json\/wp\/v2\/product\/119593","targetHints":{"allow":["GET"]}}],"collection":[{"href":"https:\/\/www.jootjeshaakcadeautjes.nl\/de\/wp-json\/wp\/v2\/product"}],"about":[{"href":"https:\/\/www.jootjeshaakcadeautjes.nl\/de\/wp-json\/wp\/v2\/types\/product"}],"version-history":[{"count":0,"href":"https:\/\/www.jootjeshaakcadeautjes.nl\/de\/wp-json\/wp\/v2\/product\/119593\/revisions"}],"wp:featuredmedia":[{"embeddable":true,"href":"https:\/\/www.jootjeshaakcadeautjes.nl\/de\/wp-json\/wp\/v2\/media\/119594"}],"wp:attachment":[{"href":"https:\/\/www.jootjeshaakcadeautjes.nl\/de\/wp-json\/wp\/v2\/media?parent=119593"}],"wp:term":[{"taxonomy":"product_brand","embeddable":true,"href":"https:\/\/www.jootjeshaakcadeautjes.nl\/de\/wp-json\/wp\/v2\/product_brand?post=119593"},{"taxonomy":"product_cat","embeddable":true,"href":"https:\/\/www.jootjeshaakcadeautjes.nl\/de\/wp-json\/wp\/v2\/product_cat?post=119593"},{"taxonomy":"product_tag","embeddable":true,"href":"https:\/\/www.jootjeshaakcadeautjes.nl\/de\/wp-json\/wp\/v2\/product_tag?post=119593"}],"curies":[{"name":"wp","href":"https:\/\/api.w.org\/{rel}","templated":true}]}}