{"id":119710,"date":"2023-07-23T20:43:28","date_gmt":"2023-07-23T19:43:28","guid":{"rendered":"https:\/\/www.jootjeshaakcadeautjes.nl\/product\/durable-coral-2208-sand\/"},"modified":"2026-03-30T20:56:56","modified_gmt":"2026-03-30T18:56:56","slug":"durable-coral-2208-sand","status":"publish","type":"product","link":"https:\/\/www.jootjeshaakcadeautjes.nl\/de\/produkt\/durable-coral-2208-sand\/","title":{"rendered":"Dauerhafte Koralle &#8211; Farbe 2208 Sand"},"content":{"rendered":"<h1>Dauerhafte Koralle &#8211; Farbe 2208 Sand<\/h1>\n<p>Durable Coral ist ein 100%iges mercerisiertes Baumwollgarn mit leichtem Glanz. Der seidige Look verleiht Ihren H\u00e4kel- und Strickwaren ein besonders luxuri\u00f6ses Gef\u00fchl. Die H\u00e4kelbaumwolle besteht aus 100% mercerisierter Baumwolle. Geeignet zum H\u00e4keln oder Stricken von Amigurumi \/ Kuscheltieren f\u00fcr Babys. Perfekt f\u00fcr die Herstellung von Geschenken f\u00fcr die Mutterschaft oder f\u00fcr die Babyparty.<\/p>\n<p>Farbe: 2208 Sand<\/p>\n","protected":false},"excerpt":{"rendered":"<p>Strapazierf\u00e4hige Koralle &#8211; 2208 Sand 100% merzerisierte Baumwolle<\/p>\n<table border=\"0\">\n<tbody>\n<tr>\n<td>Material<\/td>\n<td>100% Baumwolle<\/td>\n<\/tr>\n<tr>\n<td>Gewicht<\/td>\n<td>50 Gramm<\/td>\n<\/tr>\n<tr>\n<td>L\u00e4nge<\/td>\n<td>ca. 125 Meter<\/td>\n<\/tr>\n<tr>\n<td>Empfohlene Nadel<\/td>\n<td>2,5 &#8211; 3 mm<\/td>\n<\/tr>\n<tr>\n<td>Maschenprobe 10 x 10 cm<\/td>\n<td>24 Stiche x 36 Nadeln<\/td>\n<\/tr>\n<tr>\n<td>Maschinenw\u00e4sche<\/td>\n<td>30 Grad<\/td>\n<\/tr>\n<\/tbody>\n<\/table>\n","protected":false},"featured_media":119714,"template":"","meta":[],"product_brand":[],"product_cat":[8247,8748,8747],"product_tag":[8305,7510,8755,8751,8752,7464,8268,8754,8852,8281,8749,8753],"class_list":{"0":"post-119710","1":"product","2":"type-product","3":"status-publish","4":"has-post-thumbnail","6":"product_cat-bastelmaterial-hakelzubehor","7":"product_cat-durable-coral-wolle-und-garn-pluschtiere-und-amigurumi-baby","8":"product_cat-wolle-und-garn","9":"product_tag-amigurumi-de","10":"product_tag-baby-de","11":"product_tag-dauerhaft","12":"product_tag-farbe","13":"product_tag-garn","14":"product_tag-groshandel","15":"product_tag-hakchen","16":"product_tag-hakeln-fur-baby","17":"product_tag-koralle-de-2","18":"product_tag-sand-de-2","19":"product_tag-stricken","20":"product_tag-wolle","21":"product_shipping_class-paketversand-erforderlich","23":"first","24":"instock","25":"taxable","26":"shipping-taxable","27":"purchasable","28":"product-type-simple"},"bundled_by":[],"bundle_stock_status":"instock","bundle_stock_quantity":3,"bundle_virtual":false,"bundle_layout":"","bundle_add_to_cart_form_location":"","bundle_editable_in_cart":false,"bundle_sold_individually_context":"","bundle_item_grouping":"","bundle_min_size":"","bundle_max_size":"","bundle_price":[],"bundled_items":[],"bundle_sell_ids":[],"yoast_head":"<!-- This site is optimized with the Yoast SEO Premium plugin v27.6 (Yoast SEO v27.6) - https:\/\/yoast.com\/product\/yoast-seo-premium-wordpress\/ -->\n<title>Dauerhafte Koralle - Farbe 2208 Sand - Jootjes Haakcadeautjes<\/title>\n<meta name=\"description\" content=\"Strapazierf\u00e4higes Korallengarn - Farbe 2208 Sand, direkt ab Lager lieferbar. Perfekt zum H\u00e4keln f\u00fcr Babys, z. B. Stofftiere\/Amigurumi und mehr.\" \/>\n<meta name=\"robots\" content=\"index, follow, max-snippet:-1, max-image-preview:large, max-video-preview:-1\" \/>\n<link rel=\"canonical\" href=\"https:\/\/www.jootjeshaakcadeautjes.nl\/de\/produkt\/durable-coral-2208-sand\/\" \/>\n<meta property=\"og:locale\" content=\"de_DE\" \/>\n<meta property=\"og:type\" content=\"article\" \/>\n<meta property=\"og:title\" content=\"Dauerhafte Koralle - Farbe 2208 Sand\" \/>\n<meta property=\"og:description\" content=\"Strapazierf\u00e4higes Korallengarn - Farbe 2208 Sand, direkt ab Lager lieferbar. Perfekt zum H\u00e4keln f\u00fcr Babys, z. B. Stofftiere\/Amigurumi und mehr.\" \/>\n<meta property=\"og:url\" content=\"https:\/\/www.jootjeshaakcadeautjes.nl\/de\/produkt\/durable-coral-2208-sand\/\" \/>\n<meta property=\"og:site_name\" content=\"Jootjes Haakcadeautjes\" \/>\n<meta property=\"article:modified_time\" content=\"2026-03-30T18:56:56+00:00\" \/>\n<meta property=\"og:image\" content=\"https:\/\/www.jootjeshaakcadeautjes.nl\/wp-content\/uploads\/2023\/08\/010.6__2208.jpg\" \/>\n\t<meta property=\"og:image:width\" content=\"1600\" \/>\n\t<meta property=\"og:image:height\" content=\"1600\" \/>\n\t<meta property=\"og:image:type\" content=\"image\/jpeg\" \/>\n<meta name=\"twitter:card\" content=\"summary_large_image\" \/>\n<meta name=\"twitter:label1\" content=\"Preis\" \/>\n\t<meta name=\"twitter:data1\" content=\"&euro;2.45 inkl. MwSt.\" \/>\n\t<meta name=\"twitter:label2\" content=\"Verf\u00fcgbarkeit\" \/>\n\t<meta name=\"twitter:data2\" content=\"Auf Lager\" \/>\n<script type=\"application\/ld+json\" class=\"yoast-schema-graph\">{\"@context\":\"https:\\\/\\\/schema.org\",\"@graph\":[{\"@type\":\"WebPage\",\"@id\":\"https:\\\/\\\/www.jootjeshaakcadeautjes.nl\\\/de\\\/produkt\\\/durable-coral-2208-sand\\\/\",\"url\":\"https:\\\/\\\/www.jootjeshaakcadeautjes.nl\\\/de\\\/produkt\\\/durable-coral-2208-sand\\\/\",\"name\":\"Dauerhafte Koralle - Farbe 2208 Sand - Jootjes Haakcadeautjes\",\"isPartOf\":{\"@id\":\"https:\\\/\\\/www.jootjeshaakcadeautjes.nl\\\/de\\\/#website\"},\"primaryImageOfPage\":{\"@id\":\"https:\\\/\\\/www.jootjeshaakcadeautjes.nl\\\/de\\\/produkt\\\/durable-coral-2208-sand\\\/#primaryimage\"},\"image\":{\"@id\":\"https:\\\/\\\/www.jootjeshaakcadeautjes.nl\\\/de\\\/produkt\\\/durable-coral-2208-sand\\\/#primaryimage\"},\"thumbnailUrl\":\"https:\\\/\\\/d1dyryakdmle7o.cloudfront.net\\\/wp-content\\\/uploads\\\/2023\\\/08\\\/010.6__2208.jpg\",\"datePublished\":\"2023-07-23T19:43:28+00:00\",\"dateModified\":\"2026-03-30T18:56:56+00:00\",\"description\":\"Strapazierf\u00e4higes Korallengarn - Farbe 2208 Sand, direkt ab Lager lieferbar. Perfekt zum H\u00e4keln f\u00fcr Babys, z. B. Stofftiere\\\/Amigurumi und mehr.\",\"breadcrumb\":{\"@id\":\"https:\\\/\\\/www.jootjeshaakcadeautjes.nl\\\/de\\\/produkt\\\/durable-coral-2208-sand\\\/#breadcrumb\"},\"inLanguage\":\"de\",\"potentialAction\":[{\"@type\":\"ReadAction\",\"target\":[\"https:\\\/\\\/www.jootjeshaakcadeautjes.nl\\\/de\\\/produkt\\\/durable-coral-2208-sand\\\/\"]}]},{\"@type\":\"ImageObject\",\"inLanguage\":\"de\",\"@id\":\"https:\\\/\\\/www.jootjeshaakcadeautjes.nl\\\/de\\\/produkt\\\/durable-coral-2208-sand\\\/#primaryimage\",\"url\":\"https:\\\/\\\/d1dyryakdmle7o.cloudfront.net\\\/wp-content\\\/uploads\\\/2023\\\/08\\\/010.6__2208.jpg\",\"contentUrl\":\"https:\\\/\\\/d1dyryakdmle7o.cloudfront.net\\\/wp-content\\\/uploads\\\/2023\\\/08\\\/010.6__2208.jpg\",\"width\":1600,\"height\":1600,\"caption\":\"Durable Coral 2208 Sand h\u00e4keln Stricken Amigurumi Baby Gro\u00dfhandel Tr\u00f6ster\"},{\"@type\":\"BreadcrumbList\",\"@id\":\"https:\\\/\\\/www.jootjeshaakcadeautjes.nl\\\/de\\\/produkt\\\/durable-coral-2208-sand\\\/#breadcrumb\",\"itemListElement\":[{\"@type\":\"ListItem\",\"position\":1,\"name\":\"Startseite\",\"item\":\"https:\\\/\\\/www.jootjeshaakcadeautjes.nl\\\/de\\\/\"},{\"@type\":\"ListItem\",\"position\":2,\"name\":\"Gro\u00dfhandel mit Silikonperlen &#8211; Business und Consumer\",\"item\":\"https:\\\/\\\/www.jootjeshaakcadeautjes.nl\\\/de\\\/shop\\\/\"},{\"@type\":\"ListItem\",\"position\":3,\"name\":\"Dauerhafte Koralle &#8211; Farbe 2208 Sand\"}]},{\"@type\":\"WebSite\",\"@id\":\"https:\\\/\\\/www.jootjeshaakcadeautjes.nl\\\/de\\\/#website\",\"url\":\"https:\\\/\\\/www.jootjeshaakcadeautjes.nl\\\/de\\\/\",\"name\":\"Jootjes Haakcadeautjes\",\"description\":\"Silikonperlen Gro\u00dfhandel \",\"publisher\":{\"@id\":\"https:\\\/\\\/www.jootjeshaakcadeautjes.nl\\\/de\\\/#organization\"},\"potentialAction\":[{\"@type\":\"SearchAction\",\"target\":{\"@type\":\"EntryPoint\",\"urlTemplate\":\"https:\\\/\\\/www.jootjeshaakcadeautjes.nl\\\/de\\\/?s={search_term_string}\"},\"query-input\":{\"@type\":\"PropertyValueSpecification\",\"valueRequired\":true,\"valueName\":\"search_term_string\"}}],\"inLanguage\":\"de\"},{\"@type\":\"Organization\",\"@id\":\"https:\\\/\\\/www.jootjeshaakcadeautjes.nl\\\/de\\\/#organization\",\"name\":\"Jootjes Haakcadeautjes\",\"url\":\"https:\\\/\\\/www.jootjeshaakcadeautjes.nl\\\/de\\\/\",\"logo\":{\"@type\":\"ImageObject\",\"inLanguage\":\"de\",\"@id\":\"https:\\\/\\\/www.jootjeshaakcadeautjes.nl\\\/de\\\/#\\\/schema\\\/logo\\\/image\\\/\",\"url\":\"https:\\\/\\\/d1dyryakdmle7o.cloudfront.net\\\/wp-content\\\/uploads\\\/2023\\\/05\\\/Logo-rond.png\",\"contentUrl\":\"https:\\\/\\\/d1dyryakdmle7o.cloudfront.net\\\/wp-content\\\/uploads\\\/2023\\\/05\\\/Logo-rond.png\",\"width\":1222,\"height\":1222,\"caption\":\"Jootjes Haakcadeautjes\"},\"image\":{\"@id\":\"https:\\\/\\\/www.jootjeshaakcadeautjes.nl\\\/de\\\/#\\\/schema\\\/logo\\\/image\\\/\"}}]}<\/script>\n<meta property=\"product:price:amount\" content=\"2.45\" \/>\n<meta property=\"product:price:currency\" content=\"EUR\" \/>\n<meta property=\"og:availability\" content=\"instock\" \/>\n<meta property=\"product:availability\" content=\"instock\" \/>\n<meta property=\"product:retailer_item_id\" content=\"DUR-COR-2208\" \/>\n<meta property=\"product:condition\" content=\"new\" \/>\n<!-- \/ Yoast SEO Premium plugin. -->","yoast_head_json":{"title":"Dauerhafte Koralle - Farbe 2208 Sand - Jootjes Haakcadeautjes","description":"Strapazierf\u00e4higes Korallengarn - Farbe 2208 Sand, direkt ab Lager lieferbar. Perfekt zum H\u00e4keln f\u00fcr Babys, z. B. Stofftiere\/Amigurumi und mehr.","robots":{"index":"index","follow":"follow","max-snippet":"max-snippet:-1","max-image-preview":"max-image-preview:large","max-video-preview":"max-video-preview:-1"},"canonical":"https:\/\/www.jootjeshaakcadeautjes.nl\/de\/produkt\/durable-coral-2208-sand\/","og_locale":"de_DE","og_type":"article","og_title":"Dauerhafte Koralle - Farbe 2208 Sand","og_description":"Strapazierf\u00e4higes Korallengarn - Farbe 2208 Sand, direkt ab Lager lieferbar. Perfekt zum H\u00e4keln f\u00fcr Babys, z. B. Stofftiere\/Amigurumi und mehr.","og_url":"https:\/\/www.jootjeshaakcadeautjes.nl\/de\/produkt\/durable-coral-2208-sand\/","og_site_name":"Jootjes Haakcadeautjes","article_modified_time":"2026-03-30T18:56:56+00:00","og_image":[{"width":1600,"height":1600,"url":"https:\/\/www.jootjeshaakcadeautjes.nl\/wp-content\/uploads\/2023\/08\/010.6__2208.jpg","type":"image\/jpeg"}],"twitter_card":"summary_large_image","twitter_misc":{"Preis":"&euro;2.45 inkl. MwSt.","Verf\u00fcgbarkeit":"Auf Lager"},"schema":{"@context":"https:\/\/schema.org","@graph":[{"@type":"WebPage","@id":"https:\/\/www.jootjeshaakcadeautjes.nl\/de\/produkt\/durable-coral-2208-sand\/","url":"https:\/\/www.jootjeshaakcadeautjes.nl\/de\/produkt\/durable-coral-2208-sand\/","name":"Dauerhafte Koralle - Farbe 2208 Sand - Jootjes Haakcadeautjes","isPartOf":{"@id":"https:\/\/www.jootjeshaakcadeautjes.nl\/de\/#website"},"primaryImageOfPage":{"@id":"https:\/\/www.jootjeshaakcadeautjes.nl\/de\/produkt\/durable-coral-2208-sand\/#primaryimage"},"image":{"@id":"https:\/\/www.jootjeshaakcadeautjes.nl\/de\/produkt\/durable-coral-2208-sand\/#primaryimage"},"thumbnailUrl":"https:\/\/d1dyryakdmle7o.cloudfront.net\/wp-content\/uploads\/2023\/08\/010.6__2208.jpg","datePublished":"2023-07-23T19:43:28+00:00","dateModified":"2026-03-30T18:56:56+00:00","description":"Strapazierf\u00e4higes Korallengarn - Farbe 2208 Sand, direkt ab Lager lieferbar. Perfekt zum H\u00e4keln f\u00fcr Babys, z. B. Stofftiere\/Amigurumi und mehr.","breadcrumb":{"@id":"https:\/\/www.jootjeshaakcadeautjes.nl\/de\/produkt\/durable-coral-2208-sand\/#breadcrumb"},"inLanguage":"de","potentialAction":[{"@type":"ReadAction","target":["https:\/\/www.jootjeshaakcadeautjes.nl\/de\/produkt\/durable-coral-2208-sand\/"]}]},{"@type":"ImageObject","inLanguage":"de","@id":"https:\/\/www.jootjeshaakcadeautjes.nl\/de\/produkt\/durable-coral-2208-sand\/#primaryimage","url":"https:\/\/d1dyryakdmle7o.cloudfront.net\/wp-content\/uploads\/2023\/08\/010.6__2208.jpg","contentUrl":"https:\/\/d1dyryakdmle7o.cloudfront.net\/wp-content\/uploads\/2023\/08\/010.6__2208.jpg","width":1600,"height":1600,"caption":"Durable Coral 2208 Sand h\u00e4keln Stricken Amigurumi Baby Gro\u00dfhandel Tr\u00f6ster"},{"@type":"BreadcrumbList","@id":"https:\/\/www.jootjeshaakcadeautjes.nl\/de\/produkt\/durable-coral-2208-sand\/#breadcrumb","itemListElement":[{"@type":"ListItem","position":1,"name":"Startseite","item":"https:\/\/www.jootjeshaakcadeautjes.nl\/de\/"},{"@type":"ListItem","position":2,"name":"Gro\u00dfhandel mit Silikonperlen &#8211; Business und Consumer","item":"https:\/\/www.jootjeshaakcadeautjes.nl\/de\/shop\/"},{"@type":"ListItem","position":3,"name":"Dauerhafte Koralle &#8211; Farbe 2208 Sand"}]},{"@type":"WebSite","@id":"https:\/\/www.jootjeshaakcadeautjes.nl\/de\/#website","url":"https:\/\/www.jootjeshaakcadeautjes.nl\/de\/","name":"Jootjes Haakcadeautjes","description":"Silikonperlen Gro\u00dfhandel ","publisher":{"@id":"https:\/\/www.jootjeshaakcadeautjes.nl\/de\/#organization"},"potentialAction":[{"@type":"SearchAction","target":{"@type":"EntryPoint","urlTemplate":"https:\/\/www.jootjeshaakcadeautjes.nl\/de\/?s={search_term_string}"},"query-input":{"@type":"PropertyValueSpecification","valueRequired":true,"valueName":"search_term_string"}}],"inLanguage":"de"},{"@type":"Organization","@id":"https:\/\/www.jootjeshaakcadeautjes.nl\/de\/#organization","name":"Jootjes Haakcadeautjes","url":"https:\/\/www.jootjeshaakcadeautjes.nl\/de\/","logo":{"@type":"ImageObject","inLanguage":"de","@id":"https:\/\/www.jootjeshaakcadeautjes.nl\/de\/#\/schema\/logo\/image\/","url":"https:\/\/d1dyryakdmle7o.cloudfront.net\/wp-content\/uploads\/2023\/05\/Logo-rond.png","contentUrl":"https:\/\/d1dyryakdmle7o.cloudfront.net\/wp-content\/uploads\/2023\/05\/Logo-rond.png","width":1222,"height":1222,"caption":"Jootjes Haakcadeautjes"},"image":{"@id":"https:\/\/www.jootjeshaakcadeautjes.nl\/de\/#\/schema\/logo\/image\/"}}]},"product_price_amount":"2.45","product_price_currency":"EUR","og_availability":"instock","product_availability":"instock","product_retailer_item_id":"DUR-COR-2208","product_condition":"new"},"_links":{"self":[{"href":"https:\/\/www.jootjeshaakcadeautjes.nl\/de\/wp-json\/wp\/v2\/product\/119710","targetHints":{"allow":["GET"]}}],"collection":[{"href":"https:\/\/www.jootjeshaakcadeautjes.nl\/de\/wp-json\/wp\/v2\/product"}],"about":[{"href":"https:\/\/www.jootjeshaakcadeautjes.nl\/de\/wp-json\/wp\/v2\/types\/product"}],"version-history":[{"count":0,"href":"https:\/\/www.jootjeshaakcadeautjes.nl\/de\/wp-json\/wp\/v2\/product\/119710\/revisions"}],"wp:featuredmedia":[{"embeddable":true,"href":"https:\/\/www.jootjeshaakcadeautjes.nl\/de\/wp-json\/wp\/v2\/media\/119714"}],"wp:attachment":[{"href":"https:\/\/www.jootjeshaakcadeautjes.nl\/de\/wp-json\/wp\/v2\/media?parent=119710"}],"wp:term":[{"taxonomy":"product_brand","embeddable":true,"href":"https:\/\/www.jootjeshaakcadeautjes.nl\/de\/wp-json\/wp\/v2\/product_brand?post=119710"},{"taxonomy":"product_cat","embeddable":true,"href":"https:\/\/www.jootjeshaakcadeautjes.nl\/de\/wp-json\/wp\/v2\/product_cat?post=119710"},{"taxonomy":"product_tag","embeddable":true,"href":"https:\/\/www.jootjeshaakcadeautjes.nl\/de\/wp-json\/wp\/v2\/product_tag?post=119710"}],"curies":[{"name":"wp","href":"https:\/\/api.w.org\/{rel}","templated":true}]}}