{"id":119715,"date":"2023-07-26T01:30:18","date_gmt":"2023-07-26T00:30:18","guid":{"rendered":"https:\/\/www.jootjeshaakcadeautjes.nl\/product\/holzring-gravierter-affe-business-7-cm\/"},"modified":"2026-01-03T11:48:09","modified_gmt":"2026-01-03T10:48:09","slug":"holzring-gravierter-affe-business-7-cm","status":"publish","type":"product","link":"https:\/\/www.jootjeshaakcadeautjes.nl\/de\/produkt\/holzring-gravierter-affe-business-7-cm\/","title":{"rendered":"Holzring &#8211; Graviert &#8211; Buchenholz &#8211; Monkey Business \/ Affe &#8211; 7 cm"},"content":{"rendered":"<h1>Holzring &#8211; Graviert &#8211; Buchenholz &#8211; Monkey Business \/ Affe &#8211; 7 cm<\/h1>\n<ul>\n<li>Holzringe aus Buchenholz, Gr\u00f6\u00dfe 7 cm.<\/li>\n<li>Graviert mit dem Text Monkey Business und Monkeys<\/li>\n<li>Perfekt f\u00fcr das Rassel\u00e4ffchen aus dem Buch Crocheting Animals for Baby &#8211; Rosanne Briggeman &#8211; KNUFL<\/li>\n<li>Hochwertiges, babygerechtes Buchenholz<\/li>\n<li>Sicher nach EN-71 und frei von Formaldehyd<\/li>\n<\/ul>\n<p>Perfekt geeignet f\u00fcr Bei\u00dfringe, Baby-Turnhallen, Kinderwagenaufh\u00e4nger und vieles mehr.<\/p>\n","protected":false},"excerpt":{"rendered":"<ul>\n<li>Holzringe aus Buchenholz, Gr\u00f6\u00dfe 7 cm.<\/li>\n<li>Graviert mit dem Text Monkey Business und Monkeys<\/li>\n<li>Perfekt f\u00fcr das Rassel\u00e4ffchen aus dem Buch Crocheting Animals for Baby &#8211; Rosanne Briggeman &#8211; KNUFL<\/li>\n<li>Hochwertiges, babygerechtes Buchenholz<\/li>\n<li>Sicher nach EN-71 und frei von Formaldehyd<\/li>\n<\/ul>\n","protected":false},"featured_media":119717,"template":"","meta":[],"product_brand":[],"product_cat":[8226,8072,6995],"product_tag":[8234,8910,8759,7226,7385,8039,8127,8047,7420,8041,8036,7400,8042,8032,8029,7935,8034,7919,8711,7416,8393,8046,7196,8384,8050,7199,7223,8052,8038,8078,8383,7444,8380,8394,7930,8040,8028],"class_list":{"0":"post-119715","1":"product","2":"type-product","3":"status-publish","4":"has-post-thumbnail","6":"product_cat-gravierte-holzringe-fur-schnullerschnur-und-beisring","7":"product_cat-holzringe-fur-macrame-und-crochet","8":"product_cat-lasergravieren-alle-produkte","9":"product_tag-7-de","10":"product_tag-affen-de","11":"product_tag-affen","12":"product_tag-aufreihbar","13":"product_tag-beisring","14":"product_tag-benutzerdefinierte","15":"product_tag-blatter","16":"product_tag-buche","17":"product_tag-cm-de","18":"product_tag-eigene","19":"product_tag-eingraviert-de","20":"product_tag-eingraviert","21":"product_tag-entwurf","22":"product_tag-ferien","23":"product_tag-flasche","24":"product_tag-flaschenoffner","25":"product_tag-gelasert","26":"product_tag-grose","27":"product_tag-grun-de","28":"product_tag-gummischnur","29":"product_tag-hakeltiere-fur-babys","30":"product_tag-holz-de","31":"product_tag-holz","32":"product_tag-knufl-de","33":"product_tag-offner","34":"product_tag-perlen","35":"product_tag-personalisierte","36":"product_tag-prasentiert-de","37":"product_tag-prasentiert","38":"product_tag-ring-de","39":"product_tag-rosanne-briggeman-de","40":"product_tag-schlusselanhanger","41":"product_tag-tier","42":"product_tag-unternehmen","43":"product_tag-weinkorken","44":"product_tag-wunsch","45":"product_tag-zu","47":"first","48":"instock","49":"taxable","50":"shipping-taxable","51":"purchasable","52":"product-type-simple"},"bundled_by":[],"bundle_stock_status":"instock","bundle_stock_quantity":17,"bundle_virtual":false,"bundle_layout":"","bundle_add_to_cart_form_location":"","bundle_editable_in_cart":false,"bundle_sold_individually_context":"","bundle_item_grouping":"","bundle_min_size":"","bundle_max_size":"","bundle_price":[],"bundled_items":[],"bundle_sell_ids":[],"yoast_head":"<!-- This site is optimized with the Yoast SEO Premium plugin v27.6 (Yoast SEO v27.6) - https:\/\/yoast.com\/product\/yoast-seo-premium-wordpress\/ -->\n<title>Holzring - Graviert - Buchenholz - Monkey Business \/ Affe - 7 cm - Jootjes Haakcadeautjes<\/title>\n<meta name=\"description\" content=\"Gravierter Holzring mit Text Monkey Business und Monkey. Zur Verwendung in Bei\u00dfringen, Kinderwagenaufh\u00e4ngern und mehr. Babysichere Gravuren.\" \/>\n<meta name=\"robots\" content=\"index, follow, max-snippet:-1, max-image-preview:large, max-video-preview:-1\" \/>\n<link rel=\"canonical\" href=\"https:\/\/www.jootjeshaakcadeautjes.nl\/de\/produkt\/holzring-gravierter-affe-business-7-cm\/\" \/>\n<meta property=\"og:locale\" content=\"de_DE\" \/>\n<meta property=\"og:type\" content=\"article\" \/>\n<meta property=\"og:title\" content=\"Holzring - Graviert - Buchenholz - Monkey Business \/ Affe - 7 cm\" \/>\n<meta property=\"og:description\" content=\"Gravierter Holzring mit Text Monkey Business und Monkey. Zur Verwendung in Bei\u00dfringen, Kinderwagenaufh\u00e4ngern und mehr. Babysichere Gravuren.\" \/>\n<meta property=\"og:url\" content=\"https:\/\/www.jootjeshaakcadeautjes.nl\/de\/produkt\/holzring-gravierter-affe-business-7-cm\/\" \/>\n<meta property=\"og:site_name\" content=\"Jootjes Haakcadeautjes\" \/>\n<meta property=\"article:modified_time\" content=\"2026-01-03T10:48:09+00:00\" \/>\n<meta property=\"og:image\" content=\"https:\/\/www.jootjeshaakcadeautjes.nl\/wp-content\/uploads\/2023\/08\/20230724_210544.jpg\" \/>\n\t<meta property=\"og:image:width\" content=\"2048\" \/>\n\t<meta property=\"og:image:height\" content=\"2048\" \/>\n\t<meta property=\"og:image:type\" content=\"image\/jpeg\" \/>\n<meta name=\"twitter:card\" content=\"summary_large_image\" \/>\n<meta name=\"twitter:label1\" content=\"Preis\" \/>\n\t<meta name=\"twitter:data1\" content=\"&euro;2.35 inkl. MwSt.\" \/>\n\t<meta name=\"twitter:label2\" content=\"Verf\u00fcgbarkeit\" \/>\n\t<meta name=\"twitter:data2\" content=\"Auf Lager\" \/>\n<script type=\"application\/ld+json\" class=\"yoast-schema-graph\">{\"@context\":\"https:\\\/\\\/schema.org\",\"@graph\":[{\"@type\":\"WebPage\",\"@id\":\"https:\\\/\\\/www.jootjeshaakcadeautjes.nl\\\/de\\\/produkt\\\/holzring-gravierter-affe-business-7-cm\\\/\",\"url\":\"https:\\\/\\\/www.jootjeshaakcadeautjes.nl\\\/de\\\/produkt\\\/holzring-gravierter-affe-business-7-cm\\\/\",\"name\":\"Holzring - Graviert - Buchenholz - Monkey Business \\\/ Affe - 7 cm - Jootjes Haakcadeautjes\",\"isPartOf\":{\"@id\":\"https:\\\/\\\/www.jootjeshaakcadeautjes.nl\\\/de\\\/#website\"},\"primaryImageOfPage\":{\"@id\":\"https:\\\/\\\/www.jootjeshaakcadeautjes.nl\\\/de\\\/produkt\\\/holzring-gravierter-affe-business-7-cm\\\/#primaryimage\"},\"image\":{\"@id\":\"https:\\\/\\\/www.jootjeshaakcadeautjes.nl\\\/de\\\/produkt\\\/holzring-gravierter-affe-business-7-cm\\\/#primaryimage\"},\"thumbnailUrl\":\"https:\\\/\\\/d1dyryakdmle7o.cloudfront.net\\\/wp-content\\\/uploads\\\/2023\\\/08\\\/20230724_210544.jpg\",\"datePublished\":\"2023-07-26T00:30:18+00:00\",\"dateModified\":\"2026-01-03T10:48:09+00:00\",\"description\":\"Gravierter Holzring mit Text Monkey Business und Monkey. Zur Verwendung in Bei\u00dfringen, Kinderwagenaufh\u00e4ngern und mehr. Babysichere Gravuren.\",\"breadcrumb\":{\"@id\":\"https:\\\/\\\/www.jootjeshaakcadeautjes.nl\\\/de\\\/produkt\\\/holzring-gravierter-affe-business-7-cm\\\/#breadcrumb\"},\"inLanguage\":\"de\",\"potentialAction\":[{\"@type\":\"ReadAction\",\"target\":[\"https:\\\/\\\/www.jootjeshaakcadeautjes.nl\\\/de\\\/produkt\\\/holzring-gravierter-affe-business-7-cm\\\/\"]}]},{\"@type\":\"ImageObject\",\"inLanguage\":\"de\",\"@id\":\"https:\\\/\\\/www.jootjeshaakcadeautjes.nl\\\/de\\\/produkt\\\/holzring-gravierter-affe-business-7-cm\\\/#primaryimage\",\"url\":\"https:\\\/\\\/d1dyryakdmle7o.cloudfront.net\\\/wp-content\\\/uploads\\\/2023\\\/08\\\/20230724_210544.jpg\",\"contentUrl\":\"https:\\\/\\\/d1dyryakdmle7o.cloudfront.net\\\/wp-content\\\/uploads\\\/2023\\\/08\\\/20230724_210544.jpg\",\"width\":2048,\"height\":2048,\"caption\":\"Holzring mit Text eingraviert Baby Affe Business Affe Bei\u00dfring Schnuller Schnur Musik-Box 7 cm\"},{\"@type\":\"BreadcrumbList\",\"@id\":\"https:\\\/\\\/www.jootjeshaakcadeautjes.nl\\\/de\\\/produkt\\\/holzring-gravierter-affe-business-7-cm\\\/#breadcrumb\",\"itemListElement\":[{\"@type\":\"ListItem\",\"position\":1,\"name\":\"Startseite\",\"item\":\"https:\\\/\\\/www.jootjeshaakcadeautjes.nl\\\/de\\\/\"},{\"@type\":\"ListItem\",\"position\":2,\"name\":\"Gro\u00dfhandel mit Silikonperlen &#8211; Business und Consumer\",\"item\":\"https:\\\/\\\/www.jootjeshaakcadeautjes.nl\\\/de\\\/shop\\\/\"},{\"@type\":\"ListItem\",\"position\":3,\"name\":\"Holzring &#8211; Graviert &#8211; Buchenholz &#8211; Monkey Business \\\/ Affe &#8211; 7 cm\"}]},{\"@type\":\"WebSite\",\"@id\":\"https:\\\/\\\/www.jootjeshaakcadeautjes.nl\\\/de\\\/#website\",\"url\":\"https:\\\/\\\/www.jootjeshaakcadeautjes.nl\\\/de\\\/\",\"name\":\"Jootjes Haakcadeautjes\",\"description\":\"Silikonperlen Gro\u00dfhandel \",\"publisher\":{\"@id\":\"https:\\\/\\\/www.jootjeshaakcadeautjes.nl\\\/de\\\/#organization\"},\"potentialAction\":[{\"@type\":\"SearchAction\",\"target\":{\"@type\":\"EntryPoint\",\"urlTemplate\":\"https:\\\/\\\/www.jootjeshaakcadeautjes.nl\\\/de\\\/?s={search_term_string}\"},\"query-input\":{\"@type\":\"PropertyValueSpecification\",\"valueRequired\":true,\"valueName\":\"search_term_string\"}}],\"inLanguage\":\"de\"},{\"@type\":\"Organization\",\"@id\":\"https:\\\/\\\/www.jootjeshaakcadeautjes.nl\\\/de\\\/#organization\",\"name\":\"Jootjes Haakcadeautjes\",\"url\":\"https:\\\/\\\/www.jootjeshaakcadeautjes.nl\\\/de\\\/\",\"logo\":{\"@type\":\"ImageObject\",\"inLanguage\":\"de\",\"@id\":\"https:\\\/\\\/www.jootjeshaakcadeautjes.nl\\\/de\\\/#\\\/schema\\\/logo\\\/image\\\/\",\"url\":\"https:\\\/\\\/d1dyryakdmle7o.cloudfront.net\\\/wp-content\\\/uploads\\\/2023\\\/05\\\/Logo-rond.png\",\"contentUrl\":\"https:\\\/\\\/d1dyryakdmle7o.cloudfront.net\\\/wp-content\\\/uploads\\\/2023\\\/05\\\/Logo-rond.png\",\"width\":1222,\"height\":1222,\"caption\":\"Jootjes Haakcadeautjes\"},\"image\":{\"@id\":\"https:\\\/\\\/www.jootjeshaakcadeautjes.nl\\\/de\\\/#\\\/schema\\\/logo\\\/image\\\/\"}}]}<\/script>\n<meta property=\"product:price:amount\" content=\"2.35\" \/>\n<meta property=\"product:price:currency\" content=\"EUR\" \/>\n<meta property=\"og:availability\" content=\"instock\" \/>\n<meta property=\"product:availability\" content=\"instock\" \/>\n<meta property=\"product:retailer_item_id\" content=\"GRI-R70-MON\" \/>\n<meta property=\"product:condition\" content=\"new\" \/>\n<!-- \/ Yoast SEO Premium plugin. -->","yoast_head_json":{"title":"Holzring - Graviert - Buchenholz - Monkey Business \/ Affe - 7 cm - Jootjes Haakcadeautjes","description":"Gravierter Holzring mit Text Monkey Business und Monkey. Zur Verwendung in Bei\u00dfringen, Kinderwagenaufh\u00e4ngern und mehr. Babysichere Gravuren.","robots":{"index":"index","follow":"follow","max-snippet":"max-snippet:-1","max-image-preview":"max-image-preview:large","max-video-preview":"max-video-preview:-1"},"canonical":"https:\/\/www.jootjeshaakcadeautjes.nl\/de\/produkt\/holzring-gravierter-affe-business-7-cm\/","og_locale":"de_DE","og_type":"article","og_title":"Holzring - Graviert - Buchenholz - Monkey Business \/ Affe - 7 cm","og_description":"Gravierter Holzring mit Text Monkey Business und Monkey. Zur Verwendung in Bei\u00dfringen, Kinderwagenaufh\u00e4ngern und mehr. Babysichere Gravuren.","og_url":"https:\/\/www.jootjeshaakcadeautjes.nl\/de\/produkt\/holzring-gravierter-affe-business-7-cm\/","og_site_name":"Jootjes Haakcadeautjes","article_modified_time":"2026-01-03T10:48:09+00:00","og_image":[{"width":2048,"height":2048,"url":"https:\/\/www.jootjeshaakcadeautjes.nl\/wp-content\/uploads\/2023\/08\/20230724_210544.jpg","type":"image\/jpeg"}],"twitter_card":"summary_large_image","twitter_misc":{"Preis":"&euro;2.35 inkl. MwSt.","Verf\u00fcgbarkeit":"Auf Lager"},"schema":{"@context":"https:\/\/schema.org","@graph":[{"@type":"WebPage","@id":"https:\/\/www.jootjeshaakcadeautjes.nl\/de\/produkt\/holzring-gravierter-affe-business-7-cm\/","url":"https:\/\/www.jootjeshaakcadeautjes.nl\/de\/produkt\/holzring-gravierter-affe-business-7-cm\/","name":"Holzring - Graviert - Buchenholz - Monkey Business \/ Affe - 7 cm - Jootjes Haakcadeautjes","isPartOf":{"@id":"https:\/\/www.jootjeshaakcadeautjes.nl\/de\/#website"},"primaryImageOfPage":{"@id":"https:\/\/www.jootjeshaakcadeautjes.nl\/de\/produkt\/holzring-gravierter-affe-business-7-cm\/#primaryimage"},"image":{"@id":"https:\/\/www.jootjeshaakcadeautjes.nl\/de\/produkt\/holzring-gravierter-affe-business-7-cm\/#primaryimage"},"thumbnailUrl":"https:\/\/d1dyryakdmle7o.cloudfront.net\/wp-content\/uploads\/2023\/08\/20230724_210544.jpg","datePublished":"2023-07-26T00:30:18+00:00","dateModified":"2026-01-03T10:48:09+00:00","description":"Gravierter Holzring mit Text Monkey Business und Monkey. Zur Verwendung in Bei\u00dfringen, Kinderwagenaufh\u00e4ngern und mehr. Babysichere Gravuren.","breadcrumb":{"@id":"https:\/\/www.jootjeshaakcadeautjes.nl\/de\/produkt\/holzring-gravierter-affe-business-7-cm\/#breadcrumb"},"inLanguage":"de","potentialAction":[{"@type":"ReadAction","target":["https:\/\/www.jootjeshaakcadeautjes.nl\/de\/produkt\/holzring-gravierter-affe-business-7-cm\/"]}]},{"@type":"ImageObject","inLanguage":"de","@id":"https:\/\/www.jootjeshaakcadeautjes.nl\/de\/produkt\/holzring-gravierter-affe-business-7-cm\/#primaryimage","url":"https:\/\/d1dyryakdmle7o.cloudfront.net\/wp-content\/uploads\/2023\/08\/20230724_210544.jpg","contentUrl":"https:\/\/d1dyryakdmle7o.cloudfront.net\/wp-content\/uploads\/2023\/08\/20230724_210544.jpg","width":2048,"height":2048,"caption":"Holzring mit Text eingraviert Baby Affe Business Affe Bei\u00dfring Schnuller Schnur Musik-Box 7 cm"},{"@type":"BreadcrumbList","@id":"https:\/\/www.jootjeshaakcadeautjes.nl\/de\/produkt\/holzring-gravierter-affe-business-7-cm\/#breadcrumb","itemListElement":[{"@type":"ListItem","position":1,"name":"Startseite","item":"https:\/\/www.jootjeshaakcadeautjes.nl\/de\/"},{"@type":"ListItem","position":2,"name":"Gro\u00dfhandel mit Silikonperlen &#8211; Business und Consumer","item":"https:\/\/www.jootjeshaakcadeautjes.nl\/de\/shop\/"},{"@type":"ListItem","position":3,"name":"Holzring &#8211; Graviert &#8211; Buchenholz &#8211; Monkey Business \/ Affe &#8211; 7 cm"}]},{"@type":"WebSite","@id":"https:\/\/www.jootjeshaakcadeautjes.nl\/de\/#website","url":"https:\/\/www.jootjeshaakcadeautjes.nl\/de\/","name":"Jootjes Haakcadeautjes","description":"Silikonperlen Gro\u00dfhandel ","publisher":{"@id":"https:\/\/www.jootjeshaakcadeautjes.nl\/de\/#organization"},"potentialAction":[{"@type":"SearchAction","target":{"@type":"EntryPoint","urlTemplate":"https:\/\/www.jootjeshaakcadeautjes.nl\/de\/?s={search_term_string}"},"query-input":{"@type":"PropertyValueSpecification","valueRequired":true,"valueName":"search_term_string"}}],"inLanguage":"de"},{"@type":"Organization","@id":"https:\/\/www.jootjeshaakcadeautjes.nl\/de\/#organization","name":"Jootjes Haakcadeautjes","url":"https:\/\/www.jootjeshaakcadeautjes.nl\/de\/","logo":{"@type":"ImageObject","inLanguage":"de","@id":"https:\/\/www.jootjeshaakcadeautjes.nl\/de\/#\/schema\/logo\/image\/","url":"https:\/\/d1dyryakdmle7o.cloudfront.net\/wp-content\/uploads\/2023\/05\/Logo-rond.png","contentUrl":"https:\/\/d1dyryakdmle7o.cloudfront.net\/wp-content\/uploads\/2023\/05\/Logo-rond.png","width":1222,"height":1222,"caption":"Jootjes Haakcadeautjes"},"image":{"@id":"https:\/\/www.jootjeshaakcadeautjes.nl\/de\/#\/schema\/logo\/image\/"}}]},"product_price_amount":"2.35","product_price_currency":"EUR","og_availability":"instock","product_availability":"instock","product_retailer_item_id":"GRI-R70-MON","product_condition":"new"},"_links":{"self":[{"href":"https:\/\/www.jootjeshaakcadeautjes.nl\/de\/wp-json\/wp\/v2\/product\/119715","targetHints":{"allow":["GET"]}}],"collection":[{"href":"https:\/\/www.jootjeshaakcadeautjes.nl\/de\/wp-json\/wp\/v2\/product"}],"about":[{"href":"https:\/\/www.jootjeshaakcadeautjes.nl\/de\/wp-json\/wp\/v2\/types\/product"}],"version-history":[{"count":0,"href":"https:\/\/www.jootjeshaakcadeautjes.nl\/de\/wp-json\/wp\/v2\/product\/119715\/revisions"}],"wp:featuredmedia":[{"embeddable":true,"href":"https:\/\/www.jootjeshaakcadeautjes.nl\/de\/wp-json\/wp\/v2\/media\/119717"}],"wp:attachment":[{"href":"https:\/\/www.jootjeshaakcadeautjes.nl\/de\/wp-json\/wp\/v2\/media?parent=119715"}],"wp:term":[{"taxonomy":"product_brand","embeddable":true,"href":"https:\/\/www.jootjeshaakcadeautjes.nl\/de\/wp-json\/wp\/v2\/product_brand?post=119715"},{"taxonomy":"product_cat","embeddable":true,"href":"https:\/\/www.jootjeshaakcadeautjes.nl\/de\/wp-json\/wp\/v2\/product_cat?post=119715"},{"taxonomy":"product_tag","embeddable":true,"href":"https:\/\/www.jootjeshaakcadeautjes.nl\/de\/wp-json\/wp\/v2\/product_tag?post=119715"}],"curies":[{"name":"wp","href":"https:\/\/api.w.org\/{rel}","templated":true}]}}