{"id":119842,"date":"2023-02-16T23:59:53","date_gmt":"2023-02-16T22:59:53","guid":{"rendered":"https:\/\/www.jootjeshaakcadeautjes.nl\/product\/silikonperlen-20-mm-klein-jolene\/"},"modified":"2025-03-11T04:29:01","modified_gmt":"2025-03-11T03:29:01","slug":"silikonperlen-20-mm-klein-jolene","status":"publish","type":"product","link":"https:\/\/www.jootjeshaakcadeautjes.nl\/de\/produkt\/silikonperlen-20-mm-klein-jolene\/","title":{"rendered":"Silikonperlen &#8211; 20 mm &#8211; Gesicht\/Gl\u00fcckspuppe &#8211; M\u00e4dchen\/Frau &#8211; Astilbe\/Brownie"},"content":{"rendered":"<h1>Silikonperlen &#8211; 20 mm &#8211; Little Jolene<\/h1>\n<p>Exklusiv bei uns erh\u00e4ltlich, wundersch\u00f6n gefertigte, fr\u00f6hliche Perlen in Form eines Kopfes mit charakteristischer Form und Aussehen. Diese Qualit\u00e4t finden Sie nirgendwo! Diese Gl\u00fcckspuppen-Silikonperlen eignen sich perfekt f\u00fcr die Herstellung von Gl\u00fcckspuppen, Schl\u00fcsselanh\u00e4ngern, Schnullerkordeln, Bei\u00dfringen, Kinderwagenstiften und weiteren handgefertigten Baby-Must-Haves\/Accessoires. Die Puppen sind perfekt verarbeitet mit vielen Details wie dem Augenaufschlag. Wir haben auch Monate damit verbracht, diese wundersch\u00f6nen Puppen zu entwerfen, damit sie sch\u00f6ne offene Augen mit sichtbarer Iris\/Augenfarbe und speziell ausgew\u00e4hlter, passender Haarfarbe und Wangen haben k\u00f6nnen. Au\u00dferdem werden die Farben nicht gemischt. Alle Teile sind perfekt verarbeitet und haben keine Fehler bei den Farb\u00fcberg\u00e4ngen.<\/p>\n<h3>Spezifikationen:<\/h3>\n<ul>\n<li>Gr\u00f6\u00dfe: 20 mm<\/li>\n<\/ul>\n<p>Alle unsere Silikonperlen sind 100% BPA-, blei-, toxin-, phthalat- und PVC-frei. Diese Silikonkugeln sind daher auch f\u00fcr medizinische Zwecke geeignet und k\u00f6nnen in Kinderspielzeug verwendet werden. Die runden 20-mm-Perlen eignen sich u. a. f\u00fcr Bei\u00dfringe, Schnullerketten, Stillketten, Taschenanh\u00e4nger oder Babygymnastik.<\/p>\n<h3>Qualit\u00e4t und Sicherheit unserer Silikonperlen<\/h3>\n<p>Alle unsere Silikonperlen sind:<\/p>\n<ul>\n<li>BPA-frei<\/li>\n<li>Phthalat- und toxinfrei<\/li>\n<li>PVC-frei<\/li>\n<li>Bleifrei<\/li>\n<li>Geeignet f\u00fcr CE-zertifizierte Endprodukte<\/li>\n<li>Hergestellt aus medizinischem Silikon<\/li>\n<\/ul>\n<h4>Diese Silikonperlen f\u00fcr Gl\u00fcckspuppen anbringen:<\/h4>\n<p>Die Silikonperlen lassen sich leicht mit Wachs- oder Satinkordel auff\u00e4deln. Binden Sie den Bei\u00dfring aus Silikonperlen sehr gut und mehrmals.<\/p>\n<h4>Reinigung:<\/h4>\n<p>Diese Silikonperlen sind daher sowohl f\u00fcr Babys als auch f\u00fcr \u00e4ltere Kinder geeignet, die gerne in etwas hineinbei\u00dfen. Daher nutzen sie sich kaum ab. Dar\u00fcber hinaus sind die Perlen leicht zu reinigen. Diese Silikonperlen k\u00f6nnen problemlos in die Sp\u00fclmaschine oder in Seifenwasser gegeben werden. Lassen Sie sie dann gr\u00fcndlich trocknen, bevor Sie sie wieder an ein Kind weitergeben. Die Silikonperlen k\u00f6nnen auch gek\u00fchlt werden. Sie eignen sich daher sehr gut zur Schmerzlinderung beim Zahnen.<\/p>\n<p><em>Haftungsausschluss: Befestigen Sie die Silikonperlen immer sicher und \u00fcberpr\u00fcfen Sie Ihre Anfertigung regelm\u00e4\u00dfig, z. B. auf Abnutzung und Verschlei\u00df. Hierf\u00fcr sind Sie selbst verantwortlich. Jootjes Haakcadeautjes pr\u00fcft Ihr fertiges Produkt nicht und kann daher keine Sch\u00e4den oder Lockerungen aufgrund von Abnutzung annehmen. Wir raten dazu, handgefertigtes Kinderspielzeug nur unter Aufsicht von Erwachsenen zu verwenden, um gef\u00e4hrliche Situationen zu vermeiden. Alle unsere Produkte sind 100% chemisch sicher getestet. Die Einhaltung der mechanischen Anforderungen (EN 12586 f\u00fcr Schnullerschn\u00fcre und EN 71 f\u00fcr Bei\u00dfringe) liegt in der Verantwortung des Kunden.  <\/em><\/p>\n<h3>Womit lassen sich diese Perlen gut kombinieren?<\/h3>\n<p>Alle unsere Perlen lassen sich gut miteinander kombinieren. Wir f\u00fchren m\u00f6glichst viele Perlenarten in den gleichen Farben. Dies ist jedoch nicht immer m\u00f6glich. Dabei macht es auch Spa\u00df, Farben und Formen zu kombinieren. Dies hat eine stimulierende Wirkung auf die Entwicklung des Kindes. Je pelziger, desto besser. Wie bereits erw\u00e4hnt, eignen sich diese Perlen gut f\u00fcr die Verwendung als Lucky Dolls und als Schl\u00fcsselanh\u00e4nger. Dabei werden diese Perlen oft mit unseren einzigartigen &#8216;Little Bodies&#8217; und zum Beispiel mit unserer umfangreichen Kollektion von Pompoms und vertikalen Schleifen kombiniert.<\/p>\n","protected":false},"excerpt":{"rendered":"<p>Exklusiv bei Jootjes Crochet Gifts:<\/p>\n<h1>Die kleine Jolene<\/h1>\n<p>&#8211; Typ: Silikonperlen Lucky Dolls<br \/>\n&#8211; Gr\u00f6\u00dfe: 20 mm<br \/>\n&#8211; Farbe: Gesicht (Astilbe, unsere selbst entwickelte Farbe), Haar (Brownie)<br \/>\n&#8211; Gegr\u00fcndetes Design LittleJo BV (zum Patent angemeldet)<br \/>\n&#8211; Einzeln verkauft, nirgends billiger<br \/>\n&#8211; Frei von BPA, Phthalaten, Blei, PVC und Toxinen<br \/>\n&#8211; Geeignet f\u00fcr CE-zertifizierte Endprodukte<br \/>\n&#8211; Silikonperlen in medizinischer Qualit\u00e4t<br \/>\n&#8211; Im K\u00fchlschrank k\u00fchlbar<br \/>\n&#8211; Sp\u00fclmaschinentauglich<\/p>\n","protected":false},"featured_media":87273,"template":"","meta":[],"product_brand":[],"product_cat":[7380,8267,7389,6991,7983,8296],"product_tag":[7529,7519,8100,7385,7419,7452,8008,8519,7208,7416,9010,7442,8324,7451,7397,7199,7490,8321,8318,8004,8512,8522,7444,7483,7211,7427,7499,8006,8299,7435],"class_list":{"0":"post-119842","1":"product","2":"type-product","3":"status-publish","4":"has-post-thumbnail","6":"product_cat-herstellung-von-baby-beisspielzeug-materialien-fur-schnuller-und-beisringe","7":"product_cat-lucky-dolls-diy-perlen-und-zubehor","8":"product_cat-silikonperlen-all-multicoloured-luxury-beads","9":"product_cat-silikonperlen-bpa-frei-grosshandel","10":"product_cat-silikonperlen-exklusiv-bei-jootjes","11":"product_cat-silikonperlen-lucky-dolls-luckyjos","12":"product_tag-20-de","13":"product_tag-20-mm-de","14":"product_tag-20mm-de","15":"product_tag-beisring","16":"product_tag-bpa-de","17":"product_tag-bpa-frei","18":"product_tag-gluck-de","19":"product_tag-gluckspuppe-de-2","20":"product_tag-gluckspuppe","21":"product_tag-gummischnur","22":"product_tag-jolene-de","23":"product_tag-kinderwagenkette","24":"product_tag-korper-de","25":"product_tag-kostenlos","26":"product_tag-mm-de","27":"product_tag-perlen","28":"product_tag-phthalate","29":"product_tag-pompons-de","30":"product_tag-popkes-de","31":"product_tag-puppe","32":"product_tag-puppe-de","33":"product_tag-puppe-de-2","34":"product_tag-schlusselanhanger","35":"product_tag-silikon-de","36":"product_tag-silikon","37":"product_tag-still-halskette","38":"product_tag-taschenaufhanger","39":"product_tag-von","40":"product_tag-wenig","41":"product_tag-wulst","43":"first","44":"instock","45":"taxable","46":"shipping-taxable","47":"purchasable","48":"product-type-simple"},"bundled_by":["138928","139289","139299","117836","117845","225610","118546"],"bundle_stock_status":"instock","bundle_stock_quantity":1064,"bundle_virtual":false,"bundle_layout":"","bundle_add_to_cart_form_location":"","bundle_editable_in_cart":false,"bundle_sold_individually_context":"","bundle_item_grouping":"","bundle_min_size":"","bundle_max_size":"","bundle_price":[],"bundled_items":[],"bundle_sell_ids":[],"yoast_head":"<!-- This site is optimized with the Yoast SEO Premium plugin v27.4 (Yoast SEO v27.4) - https:\/\/yoast.com\/product\/yoast-seo-premium-wordpress\/ -->\n<title>Silikonperlen - 20 mm - Gesicht\/Gl\u00fcckspuppe - M\u00e4dchen\/Frau - Astilbe\/Brownie - Jootjes Crochet Gifts<\/title>\n<meta name=\"description\" content=\"Die ovalen Abstandshalter aus Silikon in der Farbe Salbeigr\u00fcn 12 mm sind BPA-, blei-, gift-, phthalat- und PVC-frei, CE-gekennzeichnet.\" \/>\n<meta name=\"robots\" content=\"index, follow, max-snippet:-1, max-image-preview:large, max-video-preview:-1\" \/>\n<link rel=\"canonical\" href=\"https:\/\/www.jootjeshaakcadeautjes.nl\/de\/produkt\/silikonperlen-20-mm-klein-jolene\/\" \/>\n<meta property=\"og:locale\" content=\"de_DE\" \/>\n<meta property=\"og:type\" content=\"article\" \/>\n<meta property=\"og:title\" content=\"Silikonperlen - 20 mm - Gesicht\/Gl\u00fcckspuppe - M\u00e4dchen\/Frau - Astilbe\/Brownie\" \/>\n<meta property=\"og:description\" content=\"Die ovalen Abstandshalter aus Silikon in der Farbe Salbeigr\u00fcn 12 mm sind BPA-, blei-, gift-, phthalat- und PVC-frei, CE-gekennzeichnet.\" \/>\n<meta property=\"og:url\" content=\"https:\/\/www.jootjeshaakcadeautjes.nl\/de\/produkt\/silikonperlen-20-mm-klein-jolene\/\" \/>\n<meta property=\"og:site_name\" content=\"Jootjes Haakcadeautjes\" \/>\n<meta property=\"article:modified_time\" content=\"2025-03-11T03:29:01+00:00\" \/>\n<meta property=\"og:image\" content=\"https:\/\/www.jootjeshaakcadeautjes.nl\/wp-content\/uploads\/2023\/02\/20230210_021401.jpg\" \/>\n\t<meta property=\"og:image:width\" content=\"2048\" \/>\n\t<meta property=\"og:image:height\" content=\"2048\" \/>\n\t<meta property=\"og:image:type\" content=\"image\/jpeg\" \/>\n<meta name=\"twitter:card\" content=\"summary_large_image\" \/>\n<meta name=\"twitter:label1\" content=\"Preis\" \/>\n\t<meta name=\"twitter:data1\" content=\"&euro;1.40 inkl. MwSt.\" \/>\n\t<meta name=\"twitter:label2\" content=\"Verf\u00fcgbarkeit\" \/>\n\t<meta name=\"twitter:data2\" content=\"Auf Lager\" \/>\n<script type=\"application\/ld+json\" class=\"yoast-schema-graph\">{\"@context\":\"https:\\\/\\\/schema.org\",\"@graph\":[{\"@type\":\"WebPage\",\"@id\":\"https:\\\/\\\/www.jootjeshaakcadeautjes.nl\\\/de\\\/produkt\\\/silikonperlen-20-mm-klein-jolene\\\/\",\"url\":\"https:\\\/\\\/www.jootjeshaakcadeautjes.nl\\\/de\\\/produkt\\\/silikonperlen-20-mm-klein-jolene\\\/\",\"name\":\"Silikonperlen - 20 mm - Gesicht\\\/Gl\u00fcckspuppe - M\u00e4dchen\\\/Frau - Astilbe\\\/Brownie - Jootjes Crochet Gifts\",\"isPartOf\":{\"@id\":\"https:\\\/\\\/www.jootjeshaakcadeautjes.nl\\\/de\\\/#website\"},\"primaryImageOfPage\":{\"@id\":\"https:\\\/\\\/www.jootjeshaakcadeautjes.nl\\\/de\\\/produkt\\\/silikonperlen-20-mm-klein-jolene\\\/#primaryimage\"},\"image\":{\"@id\":\"https:\\\/\\\/www.jootjeshaakcadeautjes.nl\\\/de\\\/produkt\\\/silikonperlen-20-mm-klein-jolene\\\/#primaryimage\"},\"thumbnailUrl\":\"https:\\\/\\\/d1dyryakdmle7o.cloudfront.net\\\/wp-content\\\/uploads\\\/2023\\\/02\\\/20230210_021401.jpg\",\"datePublished\":\"2023-02-16T22:59:53+00:00\",\"dateModified\":\"2025-03-11T03:29:01+00:00\",\"description\":\"Die ovalen Abstandshalter aus Silikon in der Farbe Salbeigr\u00fcn 12 mm sind BPA-, blei-, gift-, phthalat- und PVC-frei, CE-gekennzeichnet.\",\"breadcrumb\":{\"@id\":\"https:\\\/\\\/www.jootjeshaakcadeautjes.nl\\\/de\\\/produkt\\\/silikonperlen-20-mm-klein-jolene\\\/#breadcrumb\"},\"inLanguage\":\"de\",\"potentialAction\":[{\"@type\":\"ReadAction\",\"target\":[\"https:\\\/\\\/www.jootjeshaakcadeautjes.nl\\\/de\\\/produkt\\\/silikonperlen-20-mm-klein-jolene\\\/\"]}]},{\"@type\":\"ImageObject\",\"inLanguage\":\"de\",\"@id\":\"https:\\\/\\\/www.jootjeshaakcadeautjes.nl\\\/de\\\/produkt\\\/silikonperlen-20-mm-klein-jolene\\\/#primaryimage\",\"url\":\"https:\\\/\\\/d1dyryakdmle7o.cloudfront.net\\\/wp-content\\\/uploads\\\/2023\\\/02\\\/20230210_021401.jpg\",\"contentUrl\":\"https:\\\/\\\/d1dyryakdmle7o.cloudfront.net\\\/wp-content\\\/uploads\\\/2023\\\/02\\\/20230210_021401.jpg\",\"width\":2048,\"height\":2048,\"caption\":\"Silikonperlen Puppe des Gl\u00fccks LittleJo Lucky doll LittleJolene Schl\u00fcsselanh\u00e4nger Gro\u00dfhandel\"},{\"@type\":\"BreadcrumbList\",\"@id\":\"https:\\\/\\\/www.jootjeshaakcadeautjes.nl\\\/de\\\/produkt\\\/silikonperlen-20-mm-klein-jolene\\\/#breadcrumb\",\"itemListElement\":[{\"@type\":\"ListItem\",\"position\":1,\"name\":\"Startseite\",\"item\":\"https:\\\/\\\/www.jootjeshaakcadeautjes.nl\\\/de\\\/\"},{\"@type\":\"ListItem\",\"position\":2,\"name\":\"Gro\u00dfhandel mit Silikonperlen &#8211; Business und Consumer\",\"item\":\"https:\\\/\\\/www.jootjeshaakcadeautjes.nl\\\/de\\\/shop\\\/\"},{\"@type\":\"ListItem\",\"position\":3,\"name\":\"Silikonperlen &#8211; 20 mm &#8211; Gesicht\\\/Gl\u00fcckspuppe &#8211; M\u00e4dchen\\\/Frau &#8211; Astilbe\\\/Brownie\"}]},{\"@type\":\"WebSite\",\"@id\":\"https:\\\/\\\/www.jootjeshaakcadeautjes.nl\\\/de\\\/#website\",\"url\":\"https:\\\/\\\/www.jootjeshaakcadeautjes.nl\\\/de\\\/\",\"name\":\"Jootjes Haakcadeautjes\",\"description\":\"Silikonperlen Gro\u00dfhandel \",\"publisher\":{\"@id\":\"https:\\\/\\\/www.jootjeshaakcadeautjes.nl\\\/de\\\/#organization\"},\"potentialAction\":[{\"@type\":\"SearchAction\",\"target\":{\"@type\":\"EntryPoint\",\"urlTemplate\":\"https:\\\/\\\/www.jootjeshaakcadeautjes.nl\\\/de\\\/?s={search_term_string}\"},\"query-input\":{\"@type\":\"PropertyValueSpecification\",\"valueRequired\":true,\"valueName\":\"search_term_string\"}}],\"inLanguage\":\"de\"},{\"@type\":\"Organization\",\"@id\":\"https:\\\/\\\/www.jootjeshaakcadeautjes.nl\\\/de\\\/#organization\",\"name\":\"Jootjes Haakcadeautjes\",\"url\":\"https:\\\/\\\/www.jootjeshaakcadeautjes.nl\\\/de\\\/\",\"logo\":{\"@type\":\"ImageObject\",\"inLanguage\":\"de\",\"@id\":\"https:\\\/\\\/www.jootjeshaakcadeautjes.nl\\\/de\\\/#\\\/schema\\\/logo\\\/image\\\/\",\"url\":\"https:\\\/\\\/jootjes-haakcadeautjes-media.s3.amazonaws.com\\\/wp-content\\\/uploads\\\/2023\\\/05\\\/Logo-rond.png\",\"contentUrl\":\"https:\\\/\\\/jootjes-haakcadeautjes-media.s3.amazonaws.com\\\/wp-content\\\/uploads\\\/2023\\\/05\\\/Logo-rond.png\",\"width\":1222,\"height\":1222,\"caption\":\"Jootjes Haakcadeautjes\"},\"image\":{\"@id\":\"https:\\\/\\\/www.jootjeshaakcadeautjes.nl\\\/de\\\/#\\\/schema\\\/logo\\\/image\\\/\"}}]}<\/script>\n<meta property=\"product:price:amount\" content=\"1.40\" \/>\n<meta property=\"product:price:currency\" content=\"EUR\" \/>\n<meta property=\"og:availability\" content=\"instock\" \/>\n<meta property=\"product:availability\" content=\"instock\" \/>\n<meta property=\"product:retailer_item_id\" content=\"SKR-LJO-LJN\" \/>\n<meta property=\"product:condition\" content=\"new\" \/>\n<!-- \/ Yoast SEO Premium plugin. -->","yoast_head_json":{"title":"Silikonperlen - 20 mm - Gesicht\/Gl\u00fcckspuppe - M\u00e4dchen\/Frau - Astilbe\/Brownie - Jootjes Crochet Gifts","description":"Die ovalen Abstandshalter aus Silikon in der Farbe Salbeigr\u00fcn 12 mm sind BPA-, blei-, gift-, phthalat- und PVC-frei, CE-gekennzeichnet.","robots":{"index":"index","follow":"follow","max-snippet":"max-snippet:-1","max-image-preview":"max-image-preview:large","max-video-preview":"max-video-preview:-1"},"canonical":"https:\/\/www.jootjeshaakcadeautjes.nl\/de\/produkt\/silikonperlen-20-mm-klein-jolene\/","og_locale":"de_DE","og_type":"article","og_title":"Silikonperlen - 20 mm - Gesicht\/Gl\u00fcckspuppe - M\u00e4dchen\/Frau - Astilbe\/Brownie","og_description":"Die ovalen Abstandshalter aus Silikon in der Farbe Salbeigr\u00fcn 12 mm sind BPA-, blei-, gift-, phthalat- und PVC-frei, CE-gekennzeichnet.","og_url":"https:\/\/www.jootjeshaakcadeautjes.nl\/de\/produkt\/silikonperlen-20-mm-klein-jolene\/","og_site_name":"Jootjes Haakcadeautjes","article_modified_time":"2025-03-11T03:29:01+00:00","og_image":[{"width":2048,"height":2048,"url":"https:\/\/www.jootjeshaakcadeautjes.nl\/wp-content\/uploads\/2023\/02\/20230210_021401.jpg","type":"image\/jpeg"}],"twitter_card":"summary_large_image","twitter_misc":{"Preis":"&euro;1.40 inkl. MwSt.","Verf\u00fcgbarkeit":"Auf Lager"},"schema":{"@context":"https:\/\/schema.org","@graph":[{"@type":"WebPage","@id":"https:\/\/www.jootjeshaakcadeautjes.nl\/de\/produkt\/silikonperlen-20-mm-klein-jolene\/","url":"https:\/\/www.jootjeshaakcadeautjes.nl\/de\/produkt\/silikonperlen-20-mm-klein-jolene\/","name":"Silikonperlen - 20 mm - Gesicht\/Gl\u00fcckspuppe - M\u00e4dchen\/Frau - Astilbe\/Brownie - Jootjes Crochet Gifts","isPartOf":{"@id":"https:\/\/www.jootjeshaakcadeautjes.nl\/de\/#website"},"primaryImageOfPage":{"@id":"https:\/\/www.jootjeshaakcadeautjes.nl\/de\/produkt\/silikonperlen-20-mm-klein-jolene\/#primaryimage"},"image":{"@id":"https:\/\/www.jootjeshaakcadeautjes.nl\/de\/produkt\/silikonperlen-20-mm-klein-jolene\/#primaryimage"},"thumbnailUrl":"https:\/\/d1dyryakdmle7o.cloudfront.net\/wp-content\/uploads\/2023\/02\/20230210_021401.jpg","datePublished":"2023-02-16T22:59:53+00:00","dateModified":"2025-03-11T03:29:01+00:00","description":"Die ovalen Abstandshalter aus Silikon in der Farbe Salbeigr\u00fcn 12 mm sind BPA-, blei-, gift-, phthalat- und PVC-frei, CE-gekennzeichnet.","breadcrumb":{"@id":"https:\/\/www.jootjeshaakcadeautjes.nl\/de\/produkt\/silikonperlen-20-mm-klein-jolene\/#breadcrumb"},"inLanguage":"de","potentialAction":[{"@type":"ReadAction","target":["https:\/\/www.jootjeshaakcadeautjes.nl\/de\/produkt\/silikonperlen-20-mm-klein-jolene\/"]}]},{"@type":"ImageObject","inLanguage":"de","@id":"https:\/\/www.jootjeshaakcadeautjes.nl\/de\/produkt\/silikonperlen-20-mm-klein-jolene\/#primaryimage","url":"https:\/\/d1dyryakdmle7o.cloudfront.net\/wp-content\/uploads\/2023\/02\/20230210_021401.jpg","contentUrl":"https:\/\/d1dyryakdmle7o.cloudfront.net\/wp-content\/uploads\/2023\/02\/20230210_021401.jpg","width":2048,"height":2048,"caption":"Silikonperlen Puppe des Gl\u00fccks LittleJo Lucky doll LittleJolene Schl\u00fcsselanh\u00e4nger Gro\u00dfhandel"},{"@type":"BreadcrumbList","@id":"https:\/\/www.jootjeshaakcadeautjes.nl\/de\/produkt\/silikonperlen-20-mm-klein-jolene\/#breadcrumb","itemListElement":[{"@type":"ListItem","position":1,"name":"Startseite","item":"https:\/\/www.jootjeshaakcadeautjes.nl\/de\/"},{"@type":"ListItem","position":2,"name":"Gro\u00dfhandel mit Silikonperlen &#8211; Business und Consumer","item":"https:\/\/www.jootjeshaakcadeautjes.nl\/de\/shop\/"},{"@type":"ListItem","position":3,"name":"Silikonperlen &#8211; 20 mm &#8211; Gesicht\/Gl\u00fcckspuppe &#8211; M\u00e4dchen\/Frau &#8211; Astilbe\/Brownie"}]},{"@type":"WebSite","@id":"https:\/\/www.jootjeshaakcadeautjes.nl\/de\/#website","url":"https:\/\/www.jootjeshaakcadeautjes.nl\/de\/","name":"Jootjes Haakcadeautjes","description":"Silikonperlen Gro\u00dfhandel ","publisher":{"@id":"https:\/\/www.jootjeshaakcadeautjes.nl\/de\/#organization"},"potentialAction":[{"@type":"SearchAction","target":{"@type":"EntryPoint","urlTemplate":"https:\/\/www.jootjeshaakcadeautjes.nl\/de\/?s={search_term_string}"},"query-input":{"@type":"PropertyValueSpecification","valueRequired":true,"valueName":"search_term_string"}}],"inLanguage":"de"},{"@type":"Organization","@id":"https:\/\/www.jootjeshaakcadeautjes.nl\/de\/#organization","name":"Jootjes Haakcadeautjes","url":"https:\/\/www.jootjeshaakcadeautjes.nl\/de\/","logo":{"@type":"ImageObject","inLanguage":"de","@id":"https:\/\/www.jootjeshaakcadeautjes.nl\/de\/#\/schema\/logo\/image\/","url":"https:\/\/jootjes-haakcadeautjes-media.s3.amazonaws.com\/wp-content\/uploads\/2023\/05\/Logo-rond.png","contentUrl":"https:\/\/jootjes-haakcadeautjes-media.s3.amazonaws.com\/wp-content\/uploads\/2023\/05\/Logo-rond.png","width":1222,"height":1222,"caption":"Jootjes Haakcadeautjes"},"image":{"@id":"https:\/\/www.jootjeshaakcadeautjes.nl\/de\/#\/schema\/logo\/image\/"}}]},"product_price_amount":"1.40","product_price_currency":"EUR","og_availability":"instock","product_availability":"instock","product_retailer_item_id":"SKR-LJO-LJN","product_condition":"new"},"_links":{"self":[{"href":"https:\/\/www.jootjeshaakcadeautjes.nl\/de\/wp-json\/wp\/v2\/product\/119842","targetHints":{"allow":["GET"]}}],"collection":[{"href":"https:\/\/www.jootjeshaakcadeautjes.nl\/de\/wp-json\/wp\/v2\/product"}],"about":[{"href":"https:\/\/www.jootjeshaakcadeautjes.nl\/de\/wp-json\/wp\/v2\/types\/product"}],"version-history":[{"count":0,"href":"https:\/\/www.jootjeshaakcadeautjes.nl\/de\/wp-json\/wp\/v2\/product\/119842\/revisions"}],"wp:featuredmedia":[{"embeddable":true,"href":"https:\/\/www.jootjeshaakcadeautjes.nl\/de\/wp-json\/wp\/v2\/media\/87273"}],"wp:attachment":[{"href":"https:\/\/www.jootjeshaakcadeautjes.nl\/de\/wp-json\/wp\/v2\/media?parent=119842"}],"wp:term":[{"taxonomy":"product_brand","embeddable":true,"href":"https:\/\/www.jootjeshaakcadeautjes.nl\/de\/wp-json\/wp\/v2\/product_brand?post=119842"},{"taxonomy":"product_cat","embeddable":true,"href":"https:\/\/www.jootjeshaakcadeautjes.nl\/de\/wp-json\/wp\/v2\/product_cat?post=119842"},{"taxonomy":"product_tag","embeddable":true,"href":"https:\/\/www.jootjeshaakcadeautjes.nl\/de\/wp-json\/wp\/v2\/product_tag?post=119842"}],"curies":[{"name":"wp","href":"https:\/\/api.w.org\/{rel}","templated":true}]}}