{"id":119867,"date":"2023-02-18T14:26:29","date_gmt":"2023-02-18T13:26:29","guid":{"rendered":"https:\/\/www.jootjeshaakcadeautjes.nl\/product\/abstandsscheibe-10mm-schwarz\/"},"modified":"2026-03-11T15:51:43","modified_gmt":"2026-03-11T14:51:43","slug":"abstandsscheibe-10mm-schwarz","status":"publish","type":"product","link":"https:\/\/www.jootjeshaakcadeautjes.nl\/de\/produkt\/abstandsscheibe-10mm-schwarz\/","title":{"rendered":"Zwischenteller mit Steinen &#8211; 10 mm &#8211; Schwarz"},"content":{"rendered":"<h2>Zwischenteller mit Steinen &#8211; 10 mm &#8211; Schwarz<\/h2>\n<p>Material: Edelstahl mit Strasssteinen<br \/>\nGr\u00f6\u00dfe: 10 mm<br \/>\nFarbe: Schwarz<\/p>\n","protected":false},"excerpt":{"rendered":"<p>Material: Edelstahl mit Strasssteinen Gr\u00f6\u00dfe: 10 mm Farbe: Schwarz<\/p>\n","protected":false},"featured_media":87147,"template":"","meta":[],"product_brand":[],"product_cat":[18172,14836,8247,8267,8995],"product_tag":[8074,8763,7464,8619,7397,9000,7199,8368,8997,7651,7211,9012,9005,7557,7930],"class_list":{"0":"post-119867","1":"product","2":"type-product","3":"status-publish","4":"has-post-thumbnail","6":"product_cat-andere-perlen-weihnachten","7":"product_cat-armbander-perlen-schmuck-acrylperlen","8":"product_cat-bastelmaterial-hakelzubehor","9":"product_cat-lucky-dolls-diy-perlen-und-zubehor","10":"product_cat-zwischenscheiben-mit-steinen","11":"product_tag-10-de","12":"product_tag-10-mm-de","13":"product_tag-groshandel","14":"product_tag-kieselsteinchen","15":"product_tag-mm-de","16":"product_tag-pads","17":"product_tag-perlen","18":"product_tag-scheibe-von","19":"product_tag-scheiben","20":"product_tag-schwarz","21":"product_tag-silikon","22":"product_tag-strassstein","23":"product_tag-strasssteine","24":"product_tag-teiler","25":"product_tag-weinkorken","27":"first","28":"instock","29":"taxable","30":"shipping-taxable","31":"purchasable","32":"product-type-simple"},"bundled_by":[],"bundle_stock_status":"instock","bundle_stock_quantity":152,"bundle_virtual":false,"bundle_layout":"","bundle_add_to_cart_form_location":"","bundle_editable_in_cart":false,"bundle_sold_individually_context":"","bundle_item_grouping":"","bundle_min_size":"","bundle_max_size":"","bundle_price":[],"bundled_items":[],"bundle_sell_ids":[],"yoast_head":"<!-- This site is optimized with the Yoast SEO Premium plugin v27.6 (Yoast SEO v27.6) - https:\/\/yoast.com\/product\/yoast-seo-premium-wordpress\/ -->\n<title>Zwischenteller mit Steinen - 10 mm - Schwarz - Jootjes Haakcadeautjes<\/title>\n<meta name=\"description\" content=\"Zwischenscheibe mit Steinen in der Gr\u00f6\u00dfe 10 mm mit schwarz gef\u00e4rbten Steinen. Perfekt f\u00fcr die Verwendung in Schl\u00fcsselanh\u00e4ngern mit Silikonperlen.\" \/>\n<meta name=\"robots\" content=\"index, follow, max-snippet:-1, max-image-preview:large, max-video-preview:-1\" \/>\n<link rel=\"canonical\" href=\"https:\/\/www.jootjeshaakcadeautjes.nl\/de\/produkt\/abstandsscheibe-10mm-schwarz\/\" \/>\n<meta property=\"og:locale\" content=\"de_DE\" \/>\n<meta property=\"og:type\" content=\"article\" \/>\n<meta property=\"og:title\" content=\"Zwischenteller mit Steinen - 10 mm - Schwarz\" \/>\n<meta property=\"og:description\" content=\"Zwischenscheibe mit Steinen in der Gr\u00f6\u00dfe 10 mm mit schwarz gef\u00e4rbten Steinen. Perfekt f\u00fcr die Verwendung in Schl\u00fcsselanh\u00e4ngern mit Silikonperlen.\" \/>\n<meta property=\"og:url\" content=\"https:\/\/www.jootjeshaakcadeautjes.nl\/de\/produkt\/abstandsscheibe-10mm-schwarz\/\" \/>\n<meta property=\"og:site_name\" content=\"Jootjes Haakcadeautjes\" \/>\n<meta property=\"article:modified_time\" content=\"2026-03-11T14:51:43+00:00\" \/>\n<meta property=\"og:image\" content=\"https:\/\/www.jootjeshaakcadeautjes.nl\/wp-content\/uploads\/2023\/02\/20230210_012038.jpg\" \/>\n\t<meta property=\"og:image:width\" content=\"2048\" \/>\n\t<meta property=\"og:image:height\" content=\"2048\" \/>\n\t<meta property=\"og:image:type\" content=\"image\/jpeg\" \/>\n<meta name=\"twitter:card\" content=\"summary_large_image\" \/>\n<meta name=\"twitter:label1\" content=\"Preis\" \/>\n\t<meta name=\"twitter:data1\" content=\"&euro;0.13 inkl. MwSt.\" \/>\n\t<meta name=\"twitter:label2\" content=\"Verf\u00fcgbarkeit\" \/>\n\t<meta name=\"twitter:data2\" content=\"Auf Lager\" \/>\n<script type=\"application\/ld+json\" class=\"yoast-schema-graph\">{\"@context\":\"https:\\\/\\\/schema.org\",\"@graph\":[{\"@type\":\"WebPage\",\"@id\":\"https:\\\/\\\/www.jootjeshaakcadeautjes.nl\\\/de\\\/produkt\\\/abstandsscheibe-10mm-schwarz\\\/\",\"url\":\"https:\\\/\\\/www.jootjeshaakcadeautjes.nl\\\/de\\\/produkt\\\/abstandsscheibe-10mm-schwarz\\\/\",\"name\":\"Zwischenteller mit Steinen - 10 mm - Schwarz - Jootjes Haakcadeautjes\",\"isPartOf\":{\"@id\":\"https:\\\/\\\/www.jootjeshaakcadeautjes.nl\\\/de\\\/#website\"},\"primaryImageOfPage\":{\"@id\":\"https:\\\/\\\/www.jootjeshaakcadeautjes.nl\\\/de\\\/produkt\\\/abstandsscheibe-10mm-schwarz\\\/#primaryimage\"},\"image\":{\"@id\":\"https:\\\/\\\/www.jootjeshaakcadeautjes.nl\\\/de\\\/produkt\\\/abstandsscheibe-10mm-schwarz\\\/#primaryimage\"},\"thumbnailUrl\":\"https:\\\/\\\/d1dyryakdmle7o.cloudfront.net\\\/wp-content\\\/uploads\\\/2023\\\/02\\\/20230210_012038.jpg\",\"datePublished\":\"2023-02-18T13:26:29+00:00\",\"dateModified\":\"2026-03-11T14:51:43+00:00\",\"description\":\"Zwischenscheibe mit Steinen in der Gr\u00f6\u00dfe 10 mm mit schwarz gef\u00e4rbten Steinen. Perfekt f\u00fcr die Verwendung in Schl\u00fcsselanh\u00e4ngern mit Silikonperlen.\",\"breadcrumb\":{\"@id\":\"https:\\\/\\\/www.jootjeshaakcadeautjes.nl\\\/de\\\/produkt\\\/abstandsscheibe-10mm-schwarz\\\/#breadcrumb\"},\"inLanguage\":\"de\",\"potentialAction\":[{\"@type\":\"ReadAction\",\"target\":[\"https:\\\/\\\/www.jootjeshaakcadeautjes.nl\\\/de\\\/produkt\\\/abstandsscheibe-10mm-schwarz\\\/\"]}]},{\"@type\":\"ImageObject\",\"inLanguage\":\"de\",\"@id\":\"https:\\\/\\\/www.jootjeshaakcadeautjes.nl\\\/de\\\/produkt\\\/abstandsscheibe-10mm-schwarz\\\/#primaryimage\",\"url\":\"https:\\\/\\\/d1dyryakdmle7o.cloudfront.net\\\/wp-content\\\/uploads\\\/2023\\\/02\\\/20230210_012038.jpg\",\"contentUrl\":\"https:\\\/\\\/d1dyryakdmle7o.cloudfront.net\\\/wp-content\\\/uploads\\\/2023\\\/02\\\/20230210_012038.jpg\",\"width\":2048,\"height\":2048,\"caption\":\"Spacer Pads mit Steinen schwarz 10 mm Schl\u00fcsselanh\u00e4nger Silikonperlen Gro\u00dfhandel\"},{\"@type\":\"BreadcrumbList\",\"@id\":\"https:\\\/\\\/www.jootjeshaakcadeautjes.nl\\\/de\\\/produkt\\\/abstandsscheibe-10mm-schwarz\\\/#breadcrumb\",\"itemListElement\":[{\"@type\":\"ListItem\",\"position\":1,\"name\":\"Startseite\",\"item\":\"https:\\\/\\\/www.jootjeshaakcadeautjes.nl\\\/de\\\/\"},{\"@type\":\"ListItem\",\"position\":2,\"name\":\"Gro\u00dfhandel mit Silikonperlen &#8211; Business und Consumer\",\"item\":\"https:\\\/\\\/www.jootjeshaakcadeautjes.nl\\\/de\\\/shop\\\/\"},{\"@type\":\"ListItem\",\"position\":3,\"name\":\"Zwischenteller mit Steinen &#8211; 10 mm &#8211; Schwarz\"}]},{\"@type\":\"WebSite\",\"@id\":\"https:\\\/\\\/www.jootjeshaakcadeautjes.nl\\\/de\\\/#website\",\"url\":\"https:\\\/\\\/www.jootjeshaakcadeautjes.nl\\\/de\\\/\",\"name\":\"Jootjes Haakcadeautjes\",\"description\":\"Silikonperlen Gro\u00dfhandel \",\"publisher\":{\"@id\":\"https:\\\/\\\/www.jootjeshaakcadeautjes.nl\\\/de\\\/#organization\"},\"potentialAction\":[{\"@type\":\"SearchAction\",\"target\":{\"@type\":\"EntryPoint\",\"urlTemplate\":\"https:\\\/\\\/www.jootjeshaakcadeautjes.nl\\\/de\\\/?s={search_term_string}\"},\"query-input\":{\"@type\":\"PropertyValueSpecification\",\"valueRequired\":true,\"valueName\":\"search_term_string\"}}],\"inLanguage\":\"de\"},{\"@type\":\"Organization\",\"@id\":\"https:\\\/\\\/www.jootjeshaakcadeautjes.nl\\\/de\\\/#organization\",\"name\":\"Jootjes Haakcadeautjes\",\"url\":\"https:\\\/\\\/www.jootjeshaakcadeautjes.nl\\\/de\\\/\",\"logo\":{\"@type\":\"ImageObject\",\"inLanguage\":\"de\",\"@id\":\"https:\\\/\\\/www.jootjeshaakcadeautjes.nl\\\/de\\\/#\\\/schema\\\/logo\\\/image\\\/\",\"url\":\"https:\\\/\\\/d1dyryakdmle7o.cloudfront.net\\\/wp-content\\\/uploads\\\/2023\\\/05\\\/Logo-rond.png\",\"contentUrl\":\"https:\\\/\\\/d1dyryakdmle7o.cloudfront.net\\\/wp-content\\\/uploads\\\/2023\\\/05\\\/Logo-rond.png\",\"width\":1222,\"height\":1222,\"caption\":\"Jootjes Haakcadeautjes\"},\"image\":{\"@id\":\"https:\\\/\\\/www.jootjeshaakcadeautjes.nl\\\/de\\\/#\\\/schema\\\/logo\\\/image\\\/\"}}]}<\/script>\n<meta property=\"product:price:amount\" content=\"0.13\" \/>\n<meta property=\"product:price:currency\" content=\"EUR\" \/>\n<meta property=\"og:availability\" content=\"instock\" \/>\n<meta property=\"product:availability\" content=\"instock\" \/>\n<meta property=\"product:retailer_item_id\" content=\"TUS-MST-ZWA\" \/>\n<meta property=\"product:condition\" content=\"new\" \/>\n<!-- \/ Yoast SEO Premium plugin. -->","yoast_head_json":{"title":"Zwischenteller mit Steinen - 10 mm - Schwarz - Jootjes Haakcadeautjes","description":"Zwischenscheibe mit Steinen in der Gr\u00f6\u00dfe 10 mm mit schwarz gef\u00e4rbten Steinen. Perfekt f\u00fcr die Verwendung in Schl\u00fcsselanh\u00e4ngern mit Silikonperlen.","robots":{"index":"index","follow":"follow","max-snippet":"max-snippet:-1","max-image-preview":"max-image-preview:large","max-video-preview":"max-video-preview:-1"},"canonical":"https:\/\/www.jootjeshaakcadeautjes.nl\/de\/produkt\/abstandsscheibe-10mm-schwarz\/","og_locale":"de_DE","og_type":"article","og_title":"Zwischenteller mit Steinen - 10 mm - Schwarz","og_description":"Zwischenscheibe mit Steinen in der Gr\u00f6\u00dfe 10 mm mit schwarz gef\u00e4rbten Steinen. Perfekt f\u00fcr die Verwendung in Schl\u00fcsselanh\u00e4ngern mit Silikonperlen.","og_url":"https:\/\/www.jootjeshaakcadeautjes.nl\/de\/produkt\/abstandsscheibe-10mm-schwarz\/","og_site_name":"Jootjes Haakcadeautjes","article_modified_time":"2026-03-11T14:51:43+00:00","og_image":[{"width":2048,"height":2048,"url":"https:\/\/www.jootjeshaakcadeautjes.nl\/wp-content\/uploads\/2023\/02\/20230210_012038.jpg","type":"image\/jpeg"}],"twitter_card":"summary_large_image","twitter_misc":{"Preis":"&euro;0.13 inkl. MwSt.","Verf\u00fcgbarkeit":"Auf Lager"},"schema":{"@context":"https:\/\/schema.org","@graph":[{"@type":"WebPage","@id":"https:\/\/www.jootjeshaakcadeautjes.nl\/de\/produkt\/abstandsscheibe-10mm-schwarz\/","url":"https:\/\/www.jootjeshaakcadeautjes.nl\/de\/produkt\/abstandsscheibe-10mm-schwarz\/","name":"Zwischenteller mit Steinen - 10 mm - Schwarz - Jootjes Haakcadeautjes","isPartOf":{"@id":"https:\/\/www.jootjeshaakcadeautjes.nl\/de\/#website"},"primaryImageOfPage":{"@id":"https:\/\/www.jootjeshaakcadeautjes.nl\/de\/produkt\/abstandsscheibe-10mm-schwarz\/#primaryimage"},"image":{"@id":"https:\/\/www.jootjeshaakcadeautjes.nl\/de\/produkt\/abstandsscheibe-10mm-schwarz\/#primaryimage"},"thumbnailUrl":"https:\/\/d1dyryakdmle7o.cloudfront.net\/wp-content\/uploads\/2023\/02\/20230210_012038.jpg","datePublished":"2023-02-18T13:26:29+00:00","dateModified":"2026-03-11T14:51:43+00:00","description":"Zwischenscheibe mit Steinen in der Gr\u00f6\u00dfe 10 mm mit schwarz gef\u00e4rbten Steinen. Perfekt f\u00fcr die Verwendung in Schl\u00fcsselanh\u00e4ngern mit Silikonperlen.","breadcrumb":{"@id":"https:\/\/www.jootjeshaakcadeautjes.nl\/de\/produkt\/abstandsscheibe-10mm-schwarz\/#breadcrumb"},"inLanguage":"de","potentialAction":[{"@type":"ReadAction","target":["https:\/\/www.jootjeshaakcadeautjes.nl\/de\/produkt\/abstandsscheibe-10mm-schwarz\/"]}]},{"@type":"ImageObject","inLanguage":"de","@id":"https:\/\/www.jootjeshaakcadeautjes.nl\/de\/produkt\/abstandsscheibe-10mm-schwarz\/#primaryimage","url":"https:\/\/d1dyryakdmle7o.cloudfront.net\/wp-content\/uploads\/2023\/02\/20230210_012038.jpg","contentUrl":"https:\/\/d1dyryakdmle7o.cloudfront.net\/wp-content\/uploads\/2023\/02\/20230210_012038.jpg","width":2048,"height":2048,"caption":"Spacer Pads mit Steinen schwarz 10 mm Schl\u00fcsselanh\u00e4nger Silikonperlen Gro\u00dfhandel"},{"@type":"BreadcrumbList","@id":"https:\/\/www.jootjeshaakcadeautjes.nl\/de\/produkt\/abstandsscheibe-10mm-schwarz\/#breadcrumb","itemListElement":[{"@type":"ListItem","position":1,"name":"Startseite","item":"https:\/\/www.jootjeshaakcadeautjes.nl\/de\/"},{"@type":"ListItem","position":2,"name":"Gro\u00dfhandel mit Silikonperlen &#8211; Business und Consumer","item":"https:\/\/www.jootjeshaakcadeautjes.nl\/de\/shop\/"},{"@type":"ListItem","position":3,"name":"Zwischenteller mit Steinen &#8211; 10 mm &#8211; Schwarz"}]},{"@type":"WebSite","@id":"https:\/\/www.jootjeshaakcadeautjes.nl\/de\/#website","url":"https:\/\/www.jootjeshaakcadeautjes.nl\/de\/","name":"Jootjes Haakcadeautjes","description":"Silikonperlen Gro\u00dfhandel ","publisher":{"@id":"https:\/\/www.jootjeshaakcadeautjes.nl\/de\/#organization"},"potentialAction":[{"@type":"SearchAction","target":{"@type":"EntryPoint","urlTemplate":"https:\/\/www.jootjeshaakcadeautjes.nl\/de\/?s={search_term_string}"},"query-input":{"@type":"PropertyValueSpecification","valueRequired":true,"valueName":"search_term_string"}}],"inLanguage":"de"},{"@type":"Organization","@id":"https:\/\/www.jootjeshaakcadeautjes.nl\/de\/#organization","name":"Jootjes Haakcadeautjes","url":"https:\/\/www.jootjeshaakcadeautjes.nl\/de\/","logo":{"@type":"ImageObject","inLanguage":"de","@id":"https:\/\/www.jootjeshaakcadeautjes.nl\/de\/#\/schema\/logo\/image\/","url":"https:\/\/d1dyryakdmle7o.cloudfront.net\/wp-content\/uploads\/2023\/05\/Logo-rond.png","contentUrl":"https:\/\/d1dyryakdmle7o.cloudfront.net\/wp-content\/uploads\/2023\/05\/Logo-rond.png","width":1222,"height":1222,"caption":"Jootjes Haakcadeautjes"},"image":{"@id":"https:\/\/www.jootjeshaakcadeautjes.nl\/de\/#\/schema\/logo\/image\/"}}]},"product_price_amount":"0.13","product_price_currency":"EUR","og_availability":"instock","product_availability":"instock","product_retailer_item_id":"TUS-MST-ZWA","product_condition":"new"},"_links":{"self":[{"href":"https:\/\/www.jootjeshaakcadeautjes.nl\/de\/wp-json\/wp\/v2\/product\/119867","targetHints":{"allow":["GET"]}}],"collection":[{"href":"https:\/\/www.jootjeshaakcadeautjes.nl\/de\/wp-json\/wp\/v2\/product"}],"about":[{"href":"https:\/\/www.jootjeshaakcadeautjes.nl\/de\/wp-json\/wp\/v2\/types\/product"}],"version-history":[{"count":0,"href":"https:\/\/www.jootjeshaakcadeautjes.nl\/de\/wp-json\/wp\/v2\/product\/119867\/revisions"}],"wp:featuredmedia":[{"embeddable":true,"href":"https:\/\/www.jootjeshaakcadeautjes.nl\/de\/wp-json\/wp\/v2\/media\/87147"}],"wp:attachment":[{"href":"https:\/\/www.jootjeshaakcadeautjes.nl\/de\/wp-json\/wp\/v2\/media?parent=119867"}],"wp:term":[{"taxonomy":"product_brand","embeddable":true,"href":"https:\/\/www.jootjeshaakcadeautjes.nl\/de\/wp-json\/wp\/v2\/product_brand?post=119867"},{"taxonomy":"product_cat","embeddable":true,"href":"https:\/\/www.jootjeshaakcadeautjes.nl\/de\/wp-json\/wp\/v2\/product_cat?post=119867"},{"taxonomy":"product_tag","embeddable":true,"href":"https:\/\/www.jootjeshaakcadeautjes.nl\/de\/wp-json\/wp\/v2\/product_tag?post=119867"}],"curies":[{"name":"wp","href":"https:\/\/api.w.org\/{rel}","templated":true}]}}