{"id":119913,"date":"2023-02-16T23:26:55","date_gmt":"2023-02-16T22:26:55","guid":{"rendered":"https:\/\/www.jootjeshaakcadeautjes.nl\/product\/pompon-rueschen-30-mm-pulver-flieder\/"},"modified":"2025-06-23T14:36:48","modified_gmt":"2025-06-23T12:36:48","slug":"pompon-rueschen-30-mm-pulver-flieder","status":"publish","type":"product","link":"https:\/\/www.jootjeshaakcadeautjes.nl\/de\/produkt\/pompon-rueschen-30-mm-pulver-flieder\/","title":{"rendered":"Pompon-R\u00fcschen 30 mm &#8211; Puderflieder"},"content":{"rendered":"<h2>Pompon-R\u00fcschen 30 mm &#8211; Puderflieder<\/h2>\n<p>Material: Synthetik, R\u00fcschen<br \/>\nGr\u00f6\u00dfe: 30 mm<br \/>\nFarbe: Puderflieder<\/p>\n<p>Diese Pompons haben eine perfekte Gr\u00f6\u00dfe f\u00fcr die Unterseite eines Schl\u00fcsselanh\u00e4ngers. Diese Pompons werden in Schl\u00fcsselanh\u00e4ngern oft mit Luxusperlen wie z. B. unseren gravierten Perlen oder Gl\u00fcckspuppen aus Holz\/Silizium kombiniert.<\/p>\n","protected":false},"excerpt":{"rendered":"<p>Material Pompon: Synthetik, R\u00fcschen<br \/>\nFarbe: Puderflieder<br \/>\nGr\u00f6\u00dfe: 30 mm<\/p>\n<p>F\u00fcr Schl\u00fcsselanh\u00e4nger und mehr.<\/p>\n","protected":false},"featured_media":87339,"template":"","meta":[],"product_brand":[],"product_cat":[8247,9041],"product_tag":[7993,8589,7385,8499,9046,8008,8519,7208,7464,7416,7196,7397,7199,9043,8221,8004,7444,7211,9042,7425,8006],"class_list":{"0":"post-119913","1":"product","2":"type-product","3":"status-publish","4":"has-post-thumbnail","6":"product_cat-bastelmaterial-hakelzubehor","7":"product_cat-pompons-fur-schlusselanhanger","8":"product_tag-30-de","9":"product_tag-30-mm-de","10":"product_tag-beisring","11":"product_tag-fliederfarben","12":"product_tag-gekrauselt","13":"product_tag-gluck-de","14":"product_tag-gluckspuppe-de-2","15":"product_tag-gluckspuppe","16":"product_tag-groshandel","17":"product_tag-gummischnur","18":"product_tag-holz","19":"product_tag-mm-de","20":"product_tag-perlen","21":"product_tag-pompon-de","22":"product_tag-pulver","23":"product_tag-puppe","24":"product_tag-schlusselanhanger","25":"product_tag-silikon","26":"product_tag-smiley-de","27":"product_tag-stift","28":"product_tag-von","30":"first","31":"instock","32":"taxable","33":"shipping-taxable","34":"purchasable","35":"product-type-simple"},"bundled_by":["147603","150720","273858","286078"],"bundle_stock_status":"instock","bundle_stock_quantity":411,"bundle_virtual":false,"bundle_layout":"","bundle_add_to_cart_form_location":"","bundle_editable_in_cart":false,"bundle_sold_individually_context":"","bundle_item_grouping":"","bundle_min_size":"","bundle_max_size":"","bundle_price":[],"bundled_items":[],"bundle_sell_ids":[],"yoast_head":"<!-- This site is optimized with the Yoast SEO Premium plugin v27.6 (Yoast SEO v27.6) - https:\/\/yoast.com\/product\/yoast-seo-premium-wordpress\/ -->\n<title>Pompon-R\u00fcschen 30 mm - Puderflieder - Jootjes Haakcadeautjes<\/title>\n<meta name=\"description\" content=\"Pompon R\u00fcsche Puder lila 30 mm Durchmesser. Wird h\u00e4ufig f\u00fcr Schl\u00fcsselanh\u00e4nger und mehr verwendet. Zum Beispiel in Kombination mit Silikon-Gl\u00fcckspuppen.\" \/>\n<meta name=\"robots\" content=\"index, follow, max-snippet:-1, max-image-preview:large, max-video-preview:-1\" \/>\n<link rel=\"canonical\" href=\"https:\/\/www.jootjeshaakcadeautjes.nl\/de\/produkt\/pompon-rueschen-30-mm-pulver-flieder\/\" \/>\n<meta property=\"og:locale\" content=\"de_DE\" \/>\n<meta property=\"og:type\" content=\"article\" \/>\n<meta property=\"og:title\" content=\"Pompon-R\u00fcschen 30 mm - Puderflieder\" \/>\n<meta property=\"og:description\" content=\"Pompon R\u00fcsche Puder lila 30 mm Durchmesser. Wird h\u00e4ufig f\u00fcr Schl\u00fcsselanh\u00e4nger und mehr verwendet. Zum Beispiel in Kombination mit Silikon-Gl\u00fcckspuppen.\" \/>\n<meta property=\"og:url\" content=\"https:\/\/www.jootjeshaakcadeautjes.nl\/de\/produkt\/pompon-rueschen-30-mm-pulver-flieder\/\" \/>\n<meta property=\"og:site_name\" content=\"Jootjes Haakcadeautjes\" \/>\n<meta property=\"article:modified_time\" content=\"2025-06-23T12:36:48+00:00\" \/>\n<meta property=\"og:image\" content=\"https:\/\/www.jootjeshaakcadeautjes.nl\/wp-content\/uploads\/2023\/02\/20230210_022445.jpg\" \/>\n\t<meta property=\"og:image:width\" content=\"2048\" \/>\n\t<meta property=\"og:image:height\" content=\"2046\" \/>\n\t<meta property=\"og:image:type\" content=\"image\/jpeg\" \/>\n<meta name=\"twitter:card\" content=\"summary_large_image\" \/>\n<meta name=\"twitter:label1\" content=\"Preis\" \/>\n\t<meta name=\"twitter:data1\" content=\"&euro;0.42 inkl. MwSt.\" \/>\n\t<meta name=\"twitter:label2\" content=\"Verf\u00fcgbarkeit\" \/>\n\t<meta name=\"twitter:data2\" content=\"Auf Lager\" \/>\n<script type=\"application\/ld+json\" class=\"yoast-schema-graph\">{\"@context\":\"https:\\\/\\\/schema.org\",\"@graph\":[{\"@type\":\"WebPage\",\"@id\":\"https:\\\/\\\/www.jootjeshaakcadeautjes.nl\\\/de\\\/produkt\\\/pompon-rueschen-30-mm-pulver-flieder\\\/\",\"url\":\"https:\\\/\\\/www.jootjeshaakcadeautjes.nl\\\/de\\\/produkt\\\/pompon-rueschen-30-mm-pulver-flieder\\\/\",\"name\":\"Pompon-R\u00fcschen 30 mm - Puderflieder - Jootjes Haakcadeautjes\",\"isPartOf\":{\"@id\":\"https:\\\/\\\/www.jootjeshaakcadeautjes.nl\\\/de\\\/#website\"},\"primaryImageOfPage\":{\"@id\":\"https:\\\/\\\/www.jootjeshaakcadeautjes.nl\\\/de\\\/produkt\\\/pompon-rueschen-30-mm-pulver-flieder\\\/#primaryimage\"},\"image\":{\"@id\":\"https:\\\/\\\/www.jootjeshaakcadeautjes.nl\\\/de\\\/produkt\\\/pompon-rueschen-30-mm-pulver-flieder\\\/#primaryimage\"},\"thumbnailUrl\":\"https:\\\/\\\/d1dyryakdmle7o.cloudfront.net\\\/wp-content\\\/uploads\\\/2023\\\/02\\\/20230210_022445.jpg\",\"datePublished\":\"2023-02-16T22:26:55+00:00\",\"dateModified\":\"2025-06-23T12:36:48+00:00\",\"description\":\"Pompon R\u00fcsche Puder lila 30 mm Durchmesser. Wird h\u00e4ufig f\u00fcr Schl\u00fcsselanh\u00e4nger und mehr verwendet. Zum Beispiel in Kombination mit Silikon-Gl\u00fcckspuppen.\",\"breadcrumb\":{\"@id\":\"https:\\\/\\\/www.jootjeshaakcadeautjes.nl\\\/de\\\/produkt\\\/pompon-rueschen-30-mm-pulver-flieder\\\/#breadcrumb\"},\"inLanguage\":\"de\",\"potentialAction\":[{\"@type\":\"ReadAction\",\"target\":[\"https:\\\/\\\/www.jootjeshaakcadeautjes.nl\\\/de\\\/produkt\\\/pompon-rueschen-30-mm-pulver-flieder\\\/\"]}]},{\"@type\":\"ImageObject\",\"inLanguage\":\"de\",\"@id\":\"https:\\\/\\\/www.jootjeshaakcadeautjes.nl\\\/de\\\/produkt\\\/pompon-rueschen-30-mm-pulver-flieder\\\/#primaryimage\",\"url\":\"https:\\\/\\\/d1dyryakdmle7o.cloudfront.net\\\/wp-content\\\/uploads\\\/2023\\\/02\\\/20230210_022445.jpg\",\"contentUrl\":\"https:\\\/\\\/d1dyryakdmle7o.cloudfront.net\\\/wp-content\\\/uploads\\\/2023\\\/02\\\/20230210_022445.jpg\",\"width\":2048,\"height\":2046,\"caption\":\"Pompoms Ruffles Powder Lilac Schl\u00fcsselanh\u00e4nger Puppen von Gl\u00fcck Puppen\"},{\"@type\":\"BreadcrumbList\",\"@id\":\"https:\\\/\\\/www.jootjeshaakcadeautjes.nl\\\/de\\\/produkt\\\/pompon-rueschen-30-mm-pulver-flieder\\\/#breadcrumb\",\"itemListElement\":[{\"@type\":\"ListItem\",\"position\":1,\"name\":\"Startseite\",\"item\":\"https:\\\/\\\/www.jootjeshaakcadeautjes.nl\\\/de\\\/\"},{\"@type\":\"ListItem\",\"position\":2,\"name\":\"Gro\u00dfhandel mit Silikonperlen &#8211; Business und Consumer\",\"item\":\"https:\\\/\\\/www.jootjeshaakcadeautjes.nl\\\/de\\\/shop\\\/\"},{\"@type\":\"ListItem\",\"position\":3,\"name\":\"Pompon-R\u00fcschen 30 mm &#8211; Puderflieder\"}]},{\"@type\":\"WebSite\",\"@id\":\"https:\\\/\\\/www.jootjeshaakcadeautjes.nl\\\/de\\\/#website\",\"url\":\"https:\\\/\\\/www.jootjeshaakcadeautjes.nl\\\/de\\\/\",\"name\":\"Jootjes Haakcadeautjes\",\"description\":\"Silikonperlen Gro\u00dfhandel \",\"publisher\":{\"@id\":\"https:\\\/\\\/www.jootjeshaakcadeautjes.nl\\\/de\\\/#organization\"},\"potentialAction\":[{\"@type\":\"SearchAction\",\"target\":{\"@type\":\"EntryPoint\",\"urlTemplate\":\"https:\\\/\\\/www.jootjeshaakcadeautjes.nl\\\/de\\\/?s={search_term_string}\"},\"query-input\":{\"@type\":\"PropertyValueSpecification\",\"valueRequired\":true,\"valueName\":\"search_term_string\"}}],\"inLanguage\":\"de\"},{\"@type\":\"Organization\",\"@id\":\"https:\\\/\\\/www.jootjeshaakcadeautjes.nl\\\/de\\\/#organization\",\"name\":\"Jootjes Haakcadeautjes\",\"url\":\"https:\\\/\\\/www.jootjeshaakcadeautjes.nl\\\/de\\\/\",\"logo\":{\"@type\":\"ImageObject\",\"inLanguage\":\"de\",\"@id\":\"https:\\\/\\\/www.jootjeshaakcadeautjes.nl\\\/de\\\/#\\\/schema\\\/logo\\\/image\\\/\",\"url\":\"https:\\\/\\\/d1dyryakdmle7o.cloudfront.net\\\/wp-content\\\/uploads\\\/2023\\\/05\\\/Logo-rond.png\",\"contentUrl\":\"https:\\\/\\\/d1dyryakdmle7o.cloudfront.net\\\/wp-content\\\/uploads\\\/2023\\\/05\\\/Logo-rond.png\",\"width\":1222,\"height\":1222,\"caption\":\"Jootjes Haakcadeautjes\"},\"image\":{\"@id\":\"https:\\\/\\\/www.jootjeshaakcadeautjes.nl\\\/de\\\/#\\\/schema\\\/logo\\\/image\\\/\"}}]}<\/script>\n<meta property=\"product:price:amount\" content=\"0.42\" \/>\n<meta property=\"product:price:currency\" content=\"EUR\" \/>\n<meta property=\"og:availability\" content=\"instock\" \/>\n<meta property=\"product:availability\" content=\"instock\" \/>\n<meta property=\"product:retailer_item_id\" content=\"POM-PNRU-PLI30\" \/>\n<meta property=\"product:condition\" content=\"new\" \/>\n<!-- \/ Yoast SEO Premium plugin. -->","yoast_head_json":{"title":"Pompon-R\u00fcschen 30 mm - Puderflieder - Jootjes Haakcadeautjes","description":"Pompon R\u00fcsche Puder lila 30 mm Durchmesser. Wird h\u00e4ufig f\u00fcr Schl\u00fcsselanh\u00e4nger und mehr verwendet. Zum Beispiel in Kombination mit Silikon-Gl\u00fcckspuppen.","robots":{"index":"index","follow":"follow","max-snippet":"max-snippet:-1","max-image-preview":"max-image-preview:large","max-video-preview":"max-video-preview:-1"},"canonical":"https:\/\/www.jootjeshaakcadeautjes.nl\/de\/produkt\/pompon-rueschen-30-mm-pulver-flieder\/","og_locale":"de_DE","og_type":"article","og_title":"Pompon-R\u00fcschen 30 mm - Puderflieder","og_description":"Pompon R\u00fcsche Puder lila 30 mm Durchmesser. Wird h\u00e4ufig f\u00fcr Schl\u00fcsselanh\u00e4nger und mehr verwendet. Zum Beispiel in Kombination mit Silikon-Gl\u00fcckspuppen.","og_url":"https:\/\/www.jootjeshaakcadeautjes.nl\/de\/produkt\/pompon-rueschen-30-mm-pulver-flieder\/","og_site_name":"Jootjes Haakcadeautjes","article_modified_time":"2025-06-23T12:36:48+00:00","og_image":[{"width":2048,"height":2046,"url":"https:\/\/www.jootjeshaakcadeautjes.nl\/wp-content\/uploads\/2023\/02\/20230210_022445.jpg","type":"image\/jpeg"}],"twitter_card":"summary_large_image","twitter_misc":{"Preis":"&euro;0.42 inkl. MwSt.","Verf\u00fcgbarkeit":"Auf Lager"},"schema":{"@context":"https:\/\/schema.org","@graph":[{"@type":"WebPage","@id":"https:\/\/www.jootjeshaakcadeautjes.nl\/de\/produkt\/pompon-rueschen-30-mm-pulver-flieder\/","url":"https:\/\/www.jootjeshaakcadeautjes.nl\/de\/produkt\/pompon-rueschen-30-mm-pulver-flieder\/","name":"Pompon-R\u00fcschen 30 mm - Puderflieder - Jootjes Haakcadeautjes","isPartOf":{"@id":"https:\/\/www.jootjeshaakcadeautjes.nl\/de\/#website"},"primaryImageOfPage":{"@id":"https:\/\/www.jootjeshaakcadeautjes.nl\/de\/produkt\/pompon-rueschen-30-mm-pulver-flieder\/#primaryimage"},"image":{"@id":"https:\/\/www.jootjeshaakcadeautjes.nl\/de\/produkt\/pompon-rueschen-30-mm-pulver-flieder\/#primaryimage"},"thumbnailUrl":"https:\/\/d1dyryakdmle7o.cloudfront.net\/wp-content\/uploads\/2023\/02\/20230210_022445.jpg","datePublished":"2023-02-16T22:26:55+00:00","dateModified":"2025-06-23T12:36:48+00:00","description":"Pompon R\u00fcsche Puder lila 30 mm Durchmesser. Wird h\u00e4ufig f\u00fcr Schl\u00fcsselanh\u00e4nger und mehr verwendet. Zum Beispiel in Kombination mit Silikon-Gl\u00fcckspuppen.","breadcrumb":{"@id":"https:\/\/www.jootjeshaakcadeautjes.nl\/de\/produkt\/pompon-rueschen-30-mm-pulver-flieder\/#breadcrumb"},"inLanguage":"de","potentialAction":[{"@type":"ReadAction","target":["https:\/\/www.jootjeshaakcadeautjes.nl\/de\/produkt\/pompon-rueschen-30-mm-pulver-flieder\/"]}]},{"@type":"ImageObject","inLanguage":"de","@id":"https:\/\/www.jootjeshaakcadeautjes.nl\/de\/produkt\/pompon-rueschen-30-mm-pulver-flieder\/#primaryimage","url":"https:\/\/d1dyryakdmle7o.cloudfront.net\/wp-content\/uploads\/2023\/02\/20230210_022445.jpg","contentUrl":"https:\/\/d1dyryakdmle7o.cloudfront.net\/wp-content\/uploads\/2023\/02\/20230210_022445.jpg","width":2048,"height":2046,"caption":"Pompoms Ruffles Powder Lilac Schl\u00fcsselanh\u00e4nger Puppen von Gl\u00fcck Puppen"},{"@type":"BreadcrumbList","@id":"https:\/\/www.jootjeshaakcadeautjes.nl\/de\/produkt\/pompon-rueschen-30-mm-pulver-flieder\/#breadcrumb","itemListElement":[{"@type":"ListItem","position":1,"name":"Startseite","item":"https:\/\/www.jootjeshaakcadeautjes.nl\/de\/"},{"@type":"ListItem","position":2,"name":"Gro\u00dfhandel mit Silikonperlen &#8211; Business und Consumer","item":"https:\/\/www.jootjeshaakcadeautjes.nl\/de\/shop\/"},{"@type":"ListItem","position":3,"name":"Pompon-R\u00fcschen 30 mm &#8211; Puderflieder"}]},{"@type":"WebSite","@id":"https:\/\/www.jootjeshaakcadeautjes.nl\/de\/#website","url":"https:\/\/www.jootjeshaakcadeautjes.nl\/de\/","name":"Jootjes Haakcadeautjes","description":"Silikonperlen Gro\u00dfhandel ","publisher":{"@id":"https:\/\/www.jootjeshaakcadeautjes.nl\/de\/#organization"},"potentialAction":[{"@type":"SearchAction","target":{"@type":"EntryPoint","urlTemplate":"https:\/\/www.jootjeshaakcadeautjes.nl\/de\/?s={search_term_string}"},"query-input":{"@type":"PropertyValueSpecification","valueRequired":true,"valueName":"search_term_string"}}],"inLanguage":"de"},{"@type":"Organization","@id":"https:\/\/www.jootjeshaakcadeautjes.nl\/de\/#organization","name":"Jootjes Haakcadeautjes","url":"https:\/\/www.jootjeshaakcadeautjes.nl\/de\/","logo":{"@type":"ImageObject","inLanguage":"de","@id":"https:\/\/www.jootjeshaakcadeautjes.nl\/de\/#\/schema\/logo\/image\/","url":"https:\/\/d1dyryakdmle7o.cloudfront.net\/wp-content\/uploads\/2023\/05\/Logo-rond.png","contentUrl":"https:\/\/d1dyryakdmle7o.cloudfront.net\/wp-content\/uploads\/2023\/05\/Logo-rond.png","width":1222,"height":1222,"caption":"Jootjes Haakcadeautjes"},"image":{"@id":"https:\/\/www.jootjeshaakcadeautjes.nl\/de\/#\/schema\/logo\/image\/"}}]},"product_price_amount":"0.42","product_price_currency":"EUR","og_availability":"instock","product_availability":"instock","product_retailer_item_id":"POM-PNRU-PLI30","product_condition":"new"},"_links":{"self":[{"href":"https:\/\/www.jootjeshaakcadeautjes.nl\/de\/wp-json\/wp\/v2\/product\/119913","targetHints":{"allow":["GET"]}}],"collection":[{"href":"https:\/\/www.jootjeshaakcadeautjes.nl\/de\/wp-json\/wp\/v2\/product"}],"about":[{"href":"https:\/\/www.jootjeshaakcadeautjes.nl\/de\/wp-json\/wp\/v2\/types\/product"}],"version-history":[{"count":0,"href":"https:\/\/www.jootjeshaakcadeautjes.nl\/de\/wp-json\/wp\/v2\/product\/119913\/revisions"}],"wp:featuredmedia":[{"embeddable":true,"href":"https:\/\/www.jootjeshaakcadeautjes.nl\/de\/wp-json\/wp\/v2\/media\/87339"}],"wp:attachment":[{"href":"https:\/\/www.jootjeshaakcadeautjes.nl\/de\/wp-json\/wp\/v2\/media?parent=119913"}],"wp:term":[{"taxonomy":"product_brand","embeddable":true,"href":"https:\/\/www.jootjeshaakcadeautjes.nl\/de\/wp-json\/wp\/v2\/product_brand?post=119913"},{"taxonomy":"product_cat","embeddable":true,"href":"https:\/\/www.jootjeshaakcadeautjes.nl\/de\/wp-json\/wp\/v2\/product_cat?post=119913"},{"taxonomy":"product_tag","embeddable":true,"href":"https:\/\/www.jootjeshaakcadeautjes.nl\/de\/wp-json\/wp\/v2\/product_tag?post=119913"}],"curies":[{"name":"wp","href":"https:\/\/api.w.org\/{rel}","templated":true}]}}