{"id":120116,"date":"2023-02-05T10:33:22","date_gmt":"2023-02-05T09:33:22","guid":{"rendered":"https:\/\/www.jootjeshaakcadeautjes.nl\/product\/silikonbiss-figur-olifant-pulver-flieder\/"},"modified":"2025-03-11T17:30:56","modified_gmt":"2025-03-11T16:30:56","slug":"silikonbiss-figur-olifant-pulver-flieder","status":"publish","type":"product","link":"https:\/\/www.jootjeshaakcadeautjes.nl\/de\/produkt\/silikonbiss-figur-olifant-pulver-flieder\/","title":{"rendered":"Silikon-Zahnfigur &#8211; Elefant &#8211; Puderflieder"},"content":{"rendered":"<h3><strong>Silikon-Zahnfigur &#8211; Elefantenpuder Flieder<\/strong><\/h3>\n<p>Die Silikon-Zahnfigur Elephant Powder Lilac ist aus BPA-freiem Silikon hergestellt. Das bedeutet, dass die Produkte als sicher f\u00fcr die Verwendung in Kinderspielzeug befunden wurden. Die Silikonanwendung enth\u00e4lt keine sch\u00e4dlichen Substanzen. Unsere Produkte erf\u00fcllen daher alle erforderlichen Zertifizierungen. Achten Sie immer auf die Abnutzung von Spielzeug und werfen Sie es gegebenenfalls weg. Dies gilt f\u00fcr jede Art von Babyspielzeug.<\/p>\n<p>Die Silikon-Zahnfigur ist auch auf der Unterseite eingepr\u00e4gt. Durch die Verwendung unterschiedlicher Texturen in Ihrem handgefertigten Babyspielzeug wird die Entwicklung eines Kindes gef\u00f6rdert.<\/p>\n<p>&nbsp;<\/p>\n","protected":false},"excerpt":{"rendered":"<p>Variante: Elefant<br \/>\nFarbe: Puderflieder<br \/>\nHergestellt aus BPA-freiem Silikon.<br \/>\nCE-zertifiziert, 100% kindersicher.<\/p>\n<p>F\u00fcr weitere Informationen \u00fcber die Verwendung,<br \/>\nlesen Sie unten auf der Seite.<\/p>\n","protected":false},"featured_media":69231,"template":"","meta":[],"product_brand":[],"product_cat":[],"product_tag":[],"class_list":{"0":"post-120116","1":"product","2":"type-product","3":"status-publish","4":"has-post-thumbnail","7":"first","8":"outofstock","9":"taxable","10":"shipping-taxable","11":"purchasable","12":"product-type-simple"},"bundled_by":[],"bundle_stock_status":"outofstock","bundle_stock_quantity":0,"bundle_virtual":false,"bundle_layout":"","bundle_add_to_cart_form_location":"","bundle_editable_in_cart":false,"bundle_sold_individually_context":"","bundle_item_grouping":"","bundle_min_size":"","bundle_max_size":"","bundle_price":[],"bundled_items":[],"bundle_sell_ids":[],"yoast_head":"<!-- This site is optimized with the Yoast SEO Premium plugin v26.4 (Yoast SEO v26.9) - https:\/\/yoast.com\/product\/yoast-seo-premium-wordpress\/ -->\n<title>Silikon-Zahnfigur - Elefant - Puderflieder - BPA freie Zahnungsfigur - Baby sicher<\/title>\n<meta name=\"description\" content=\"Silikonfigur in Form Elefant Rosa. BPA-frei, 100% kindersicher. Zur Verwendung in Bei\u00dfring oder Schnullerschnur. CE-zertifiziert\" \/>\n<meta name=\"robots\" content=\"index, follow, max-snippet:-1, max-image-preview:large, max-video-preview:-1\" \/>\n<link rel=\"canonical\" href=\"https:\/\/www.jootjeshaakcadeautjes.nl\/de\/produkt\/silikonbiss-figur-olifant-pulver-flieder\/\" \/>\n<meta property=\"og:locale\" content=\"de_DE\" \/>\n<meta property=\"og:type\" content=\"article\" \/>\n<meta property=\"og:title\" content=\"Silikon-Zahnfigur - Elefant - Puderflieder\" \/>\n<meta property=\"og:description\" content=\"Silikonfigur in Form Elefant Rosa. BPA-frei, 100% kindersicher. Zur Verwendung in Bei\u00dfring oder Schnullerschnur. CE-zertifiziert\" \/>\n<meta property=\"og:url\" content=\"https:\/\/www.jootjeshaakcadeautjes.nl\/de\/produkt\/silikonbiss-figur-olifant-pulver-flieder\/\" \/>\n<meta property=\"og:site_name\" content=\"Jootjes Haakcadeautjes\" \/>\n<meta property=\"article:modified_time\" content=\"2025-03-11T16:30:56+00:00\" \/>\n<meta property=\"og:image\" content=\"https:\/\/www.jootjeshaakcadeautjes.nl\/wp-content\/uploads\/2020\/04\/Foto-volgt.jpg\" \/>\n\t<meta property=\"og:image:width\" content=\"1080\" \/>\n\t<meta property=\"og:image:height\" content=\"1080\" \/>\n\t<meta property=\"og:image:type\" content=\"image\/jpeg\" \/>\n<meta name=\"twitter:card\" content=\"summary_large_image\" \/>\n<meta name=\"twitter:label1\" content=\"Preis\" \/>\n\t<meta name=\"twitter:data1\" content=\"&euro;3.00 inkl. MwSt.\" \/>\n\t<meta name=\"twitter:label2\" content=\"Verf\u00fcgbarkeit\" \/>\n\t<meta name=\"twitter:data2\" content=\"ausverkauft\" \/>\n<script type=\"application\/ld+json\" class=\"yoast-schema-graph\">{\"@context\":\"https:\/\/schema.org\",\"@graph\":[{\"@type\":\"WebPage\",\"@id\":\"https:\/\/www.jootjeshaakcadeautjes.nl\/de\/produkt\/silikonbiss-figur-olifant-pulver-flieder\/\",\"url\":\"https:\/\/www.jootjeshaakcadeautjes.nl\/de\/produkt\/silikonbiss-figur-olifant-pulver-flieder\/\",\"name\":\"Silikon-Zahnfigur - Elefant - Puderflieder - BPA freie Zahnungsfigur - Baby sicher\",\"isPartOf\":{\"@id\":\"https:\/\/www.jootjeshaakcadeautjes.nl\/de\/#website\"},\"primaryImageOfPage\":{\"@id\":\"https:\/\/www.jootjeshaakcadeautjes.nl\/de\/produkt\/silikonbiss-figur-olifant-pulver-flieder\/#primaryimage\"},\"image\":{\"@id\":\"https:\/\/www.jootjeshaakcadeautjes.nl\/de\/produkt\/silikonbiss-figur-olifant-pulver-flieder\/#primaryimage\"},\"thumbnailUrl\":\"https:\/\/d1dyryakdmle7o.cloudfront.net\/wp-content\/uploads\/2020\/04\/Foto-volgt.jpg\",\"datePublished\":\"2023-02-05T09:33:22+00:00\",\"dateModified\":\"2025-03-11T16:30:56+00:00\",\"description\":\"Silikonfigur in Form Elefant Rosa. BPA-frei, 100% kindersicher. Zur Verwendung in Bei\u00dfring oder Schnullerschnur. CE-zertifiziert\",\"breadcrumb\":{\"@id\":\"https:\/\/www.jootjeshaakcadeautjes.nl\/de\/produkt\/silikonbiss-figur-olifant-pulver-flieder\/#breadcrumb\"},\"inLanguage\":\"de\",\"potentialAction\":[{\"@type\":\"ReadAction\",\"target\":[\"https:\/\/www.jootjeshaakcadeautjes.nl\/de\/produkt\/silikonbiss-figur-olifant-pulver-flieder\/\"]}]},{\"@type\":\"ImageObject\",\"inLanguage\":\"de\",\"@id\":\"https:\/\/www.jootjeshaakcadeautjes.nl\/de\/produkt\/silikonbiss-figur-olifant-pulver-flieder\/#primaryimage\",\"url\":\"https:\/\/d1dyryakdmle7o.cloudfront.net\/wp-content\/uploads\/2020\/04\/Foto-volgt.jpg\",\"contentUrl\":\"https:\/\/d1dyryakdmle7o.cloudfront.net\/wp-content\/uploads\/2020\/04\/Foto-volgt.jpg\",\"width\":1080,\"height\":1080,\"caption\":\"Silikonperlen Gro\u00dfhandel Foto folgt\"},{\"@type\":\"BreadcrumbList\",\"@id\":\"https:\/\/www.jootjeshaakcadeautjes.nl\/de\/produkt\/silikonbiss-figur-olifant-pulver-flieder\/#breadcrumb\",\"itemListElement\":[{\"@type\":\"ListItem\",\"position\":1,\"name\":\"Startseite\",\"item\":\"https:\/\/www.jootjeshaakcadeautjes.nl\/de\/\"},{\"@type\":\"ListItem\",\"position\":2,\"name\":\"Gro\u00dfhandel mit Silikonperlen &#8211; Business und Consumer\",\"item\":\"https:\/\/www.jootjeshaakcadeautjes.nl\/de\/shop\/\"},{\"@type\":\"ListItem\",\"position\":3,\"name\":\"Silikon-Zahnfigur &#8211; Elefant &#8211; Puderflieder\"}]},{\"@type\":\"WebSite\",\"@id\":\"https:\/\/www.jootjeshaakcadeautjes.nl\/de\/#website\",\"url\":\"https:\/\/www.jootjeshaakcadeautjes.nl\/de\/\",\"name\":\"Jootjes Haakcadeautjes\",\"description\":\"Silikonperlen Gro\u00dfhandel \",\"publisher\":{\"@id\":\"https:\/\/www.jootjeshaakcadeautjes.nl\/de\/#organization\"},\"potentialAction\":[{\"@type\":\"SearchAction\",\"target\":{\"@type\":\"EntryPoint\",\"urlTemplate\":\"https:\/\/www.jootjeshaakcadeautjes.nl\/de\/?s={search_term_string}\"},\"query-input\":{\"@type\":\"PropertyValueSpecification\",\"valueRequired\":true,\"valueName\":\"search_term_string\"}}],\"inLanguage\":\"de\"},{\"@type\":\"Organization\",\"@id\":\"https:\/\/www.jootjeshaakcadeautjes.nl\/de\/#organization\",\"name\":\"Jootjes Haakcadeautjes\",\"url\":\"https:\/\/www.jootjeshaakcadeautjes.nl\/de\/\",\"logo\":{\"@type\":\"ImageObject\",\"inLanguage\":\"de\",\"@id\":\"https:\/\/www.jootjeshaakcadeautjes.nl\/de\/#\/schema\/logo\/image\/\",\"url\":\"https:\/\/jootjes-haakcadeautjes-media.s3.amazonaws.com\/wp-content\/uploads\/2023\/05\/Logo-rond.png\",\"contentUrl\":\"https:\/\/jootjes-haakcadeautjes-media.s3.amazonaws.com\/wp-content\/uploads\/2023\/05\/Logo-rond.png\",\"width\":1222,\"height\":1222,\"caption\":\"Jootjes Haakcadeautjes\"},\"image\":{\"@id\":\"https:\/\/www.jootjeshaakcadeautjes.nl\/de\/#\/schema\/logo\/image\/\"}}]}<\/script>\n<meta property=\"product:price:amount\" content=\"3.00\" \/>\n<meta property=\"product:price:currency\" content=\"EUR\" \/>\n<meta property=\"og:availability\" content=\"out of stock\" \/>\n<meta property=\"product:availability\" content=\"out of stock\" \/>\n<meta property=\"product:retailer_item_id\" content=\"SIL-OLI-PLL\" \/>\n<meta property=\"product:condition\" content=\"new\" \/>\n<!-- \/ Yoast SEO Premium plugin. -->","yoast_head_json":{"title":"Silikon-Zahnfigur - Elefant - Puderflieder - BPA freie Zahnungsfigur - Baby sicher","description":"Silikonfigur in Form Elefant Rosa. BPA-frei, 100% kindersicher. Zur Verwendung in Bei\u00dfring oder Schnullerschnur. CE-zertifiziert","robots":{"index":"index","follow":"follow","max-snippet":"max-snippet:-1","max-image-preview":"max-image-preview:large","max-video-preview":"max-video-preview:-1"},"canonical":"https:\/\/www.jootjeshaakcadeautjes.nl\/de\/produkt\/silikonbiss-figur-olifant-pulver-flieder\/","og_locale":"de_DE","og_type":"article","og_title":"Silikon-Zahnfigur - Elefant - Puderflieder","og_description":"Silikonfigur in Form Elefant Rosa. BPA-frei, 100% kindersicher. Zur Verwendung in Bei\u00dfring oder Schnullerschnur. CE-zertifiziert","og_url":"https:\/\/www.jootjeshaakcadeautjes.nl\/de\/produkt\/silikonbiss-figur-olifant-pulver-flieder\/","og_site_name":"Jootjes Haakcadeautjes","article_modified_time":"2025-03-11T16:30:56+00:00","og_image":[{"width":1080,"height":1080,"url":"https:\/\/www.jootjeshaakcadeautjes.nl\/wp-content\/uploads\/2020\/04\/Foto-volgt.jpg","type":"image\/jpeg"}],"twitter_card":"summary_large_image","twitter_misc":{"Preis":"&euro;3.00 inkl. MwSt.","Verf\u00fcgbarkeit":"ausverkauft"},"schema":{"@context":"https:\/\/schema.org","@graph":[{"@type":"WebPage","@id":"https:\/\/www.jootjeshaakcadeautjes.nl\/de\/produkt\/silikonbiss-figur-olifant-pulver-flieder\/","url":"https:\/\/www.jootjeshaakcadeautjes.nl\/de\/produkt\/silikonbiss-figur-olifant-pulver-flieder\/","name":"Silikon-Zahnfigur - Elefant - Puderflieder - BPA freie Zahnungsfigur - Baby sicher","isPartOf":{"@id":"https:\/\/www.jootjeshaakcadeautjes.nl\/de\/#website"},"primaryImageOfPage":{"@id":"https:\/\/www.jootjeshaakcadeautjes.nl\/de\/produkt\/silikonbiss-figur-olifant-pulver-flieder\/#primaryimage"},"image":{"@id":"https:\/\/www.jootjeshaakcadeautjes.nl\/de\/produkt\/silikonbiss-figur-olifant-pulver-flieder\/#primaryimage"},"thumbnailUrl":"https:\/\/d1dyryakdmle7o.cloudfront.net\/wp-content\/uploads\/2020\/04\/Foto-volgt.jpg","datePublished":"2023-02-05T09:33:22+00:00","dateModified":"2025-03-11T16:30:56+00:00","description":"Silikonfigur in Form Elefant Rosa. BPA-frei, 100% kindersicher. Zur Verwendung in Bei\u00dfring oder Schnullerschnur. CE-zertifiziert","breadcrumb":{"@id":"https:\/\/www.jootjeshaakcadeautjes.nl\/de\/produkt\/silikonbiss-figur-olifant-pulver-flieder\/#breadcrumb"},"inLanguage":"de","potentialAction":[{"@type":"ReadAction","target":["https:\/\/www.jootjeshaakcadeautjes.nl\/de\/produkt\/silikonbiss-figur-olifant-pulver-flieder\/"]}]},{"@type":"ImageObject","inLanguage":"de","@id":"https:\/\/www.jootjeshaakcadeautjes.nl\/de\/produkt\/silikonbiss-figur-olifant-pulver-flieder\/#primaryimage","url":"https:\/\/d1dyryakdmle7o.cloudfront.net\/wp-content\/uploads\/2020\/04\/Foto-volgt.jpg","contentUrl":"https:\/\/d1dyryakdmle7o.cloudfront.net\/wp-content\/uploads\/2020\/04\/Foto-volgt.jpg","width":1080,"height":1080,"caption":"Silikonperlen Gro\u00dfhandel Foto folgt"},{"@type":"BreadcrumbList","@id":"https:\/\/www.jootjeshaakcadeautjes.nl\/de\/produkt\/silikonbiss-figur-olifant-pulver-flieder\/#breadcrumb","itemListElement":[{"@type":"ListItem","position":1,"name":"Startseite","item":"https:\/\/www.jootjeshaakcadeautjes.nl\/de\/"},{"@type":"ListItem","position":2,"name":"Gro\u00dfhandel mit Silikonperlen &#8211; Business und Consumer","item":"https:\/\/www.jootjeshaakcadeautjes.nl\/de\/shop\/"},{"@type":"ListItem","position":3,"name":"Silikon-Zahnfigur &#8211; Elefant &#8211; Puderflieder"}]},{"@type":"WebSite","@id":"https:\/\/www.jootjeshaakcadeautjes.nl\/de\/#website","url":"https:\/\/www.jootjeshaakcadeautjes.nl\/de\/","name":"Jootjes Haakcadeautjes","description":"Silikonperlen Gro\u00dfhandel ","publisher":{"@id":"https:\/\/www.jootjeshaakcadeautjes.nl\/de\/#organization"},"potentialAction":[{"@type":"SearchAction","target":{"@type":"EntryPoint","urlTemplate":"https:\/\/www.jootjeshaakcadeautjes.nl\/de\/?s={search_term_string}"},"query-input":{"@type":"PropertyValueSpecification","valueRequired":true,"valueName":"search_term_string"}}],"inLanguage":"de"},{"@type":"Organization","@id":"https:\/\/www.jootjeshaakcadeautjes.nl\/de\/#organization","name":"Jootjes Haakcadeautjes","url":"https:\/\/www.jootjeshaakcadeautjes.nl\/de\/","logo":{"@type":"ImageObject","inLanguage":"de","@id":"https:\/\/www.jootjeshaakcadeautjes.nl\/de\/#\/schema\/logo\/image\/","url":"https:\/\/jootjes-haakcadeautjes-media.s3.amazonaws.com\/wp-content\/uploads\/2023\/05\/Logo-rond.png","contentUrl":"https:\/\/jootjes-haakcadeautjes-media.s3.amazonaws.com\/wp-content\/uploads\/2023\/05\/Logo-rond.png","width":1222,"height":1222,"caption":"Jootjes Haakcadeautjes"},"image":{"@id":"https:\/\/www.jootjeshaakcadeautjes.nl\/de\/#\/schema\/logo\/image\/"}}]},"product_price_amount":"3.00","product_price_currency":"EUR","og_availability":"out of stock","product_availability":"out of stock","product_retailer_item_id":"SIL-OLI-PLL","product_condition":"new"},"_links":{"self":[{"href":"https:\/\/www.jootjeshaakcadeautjes.nl\/de\/wp-json\/wp\/v2\/product\/120116","targetHints":{"allow":["GET"]}}],"collection":[{"href":"https:\/\/www.jootjeshaakcadeautjes.nl\/de\/wp-json\/wp\/v2\/product"}],"about":[{"href":"https:\/\/www.jootjeshaakcadeautjes.nl\/de\/wp-json\/wp\/v2\/types\/product"}],"version-history":[{"count":0,"href":"https:\/\/www.jootjeshaakcadeautjes.nl\/de\/wp-json\/wp\/v2\/product\/120116\/revisions"}],"wp:featuredmedia":[{"embeddable":true,"href":"https:\/\/www.jootjeshaakcadeautjes.nl\/de\/wp-json\/wp\/v2\/media\/69231"}],"wp:attachment":[{"href":"https:\/\/www.jootjeshaakcadeautjes.nl\/de\/wp-json\/wp\/v2\/media?parent=120116"}],"wp:term":[{"taxonomy":"product_brand","embeddable":true,"href":"https:\/\/www.jootjeshaakcadeautjes.nl\/de\/wp-json\/wp\/v2\/product_brand?post=120116"},{"taxonomy":"product_cat","embeddable":true,"href":"https:\/\/www.jootjeshaakcadeautjes.nl\/de\/wp-json\/wp\/v2\/product_cat?post=120116"},{"taxonomy":"product_tag","embeddable":true,"href":"https:\/\/www.jootjeshaakcadeautjes.nl\/de\/wp-json\/wp\/v2\/product_tag?post=120116"}],"curies":[{"name":"wp","href":"https:\/\/api.w.org\/{rel}","templated":true}]}}