{"id":120157,"date":"2023-02-03T14:15:18","date_gmt":"2023-02-03T13:15:18","guid":{"rendered":"https:\/\/www.jootjeshaakcadeautjes.nl\/product\/holzperle-graviert-buche-ich-liebe-dich-20-mm\/"},"modified":"2026-02-12T11:23:28","modified_gmt":"2026-02-12T10:23:28","slug":"holzperle-graviert-buche-ich-liebe-dich-20-mm","status":"publish","type":"product","link":"https:\/\/www.jootjeshaakcadeautjes.nl\/de\/produkt\/holzperle-graviert-buche-ich-liebe-dich-20-mm\/","title":{"rendered":"Holzperle &#8211; Graviert &#8211; Buchenholz &#8211; Ich liebe Dich &#8211; 20mm"},"content":{"rendered":"<h1>Holzperle &#8211; Graviert &#8211; Buchenholz &#8211; Ich liebe dich &#8211; 20 mm<\/h1>\n<ul>\n<li>Holzperlen aus Buche in der Gr\u00f6\u00dfe 20 mm.<\/li>\n<li>Graviert mit dem Text I Love You<\/li>\n<li>Bohrung von oben nach unten<\/li>\n<li>Hochwertiges, babygerechtes Buchenholz<\/li>\n<li>Sicher nach EN-71 und frei von Formaldehyd<\/li>\n<\/ul>\n<p>Perfekt geeignet f\u00fcr unsere Weinstopper, Schl\u00fcsselanh\u00e4nger, Flaschen\u00f6ffner, Schnuller, Kleiderb\u00fcgel, Schnuller, Bei\u00dfringe und vieles mehr. Super cool in Kombination mit unseren Herz f\u00fcr Pflege Ansteckern und Perlen Herz f\u00fcr Pflege oder mit Stethoskop!<\/p>\n","protected":false},"excerpt":{"rendered":"<ul>\n<li>Holzperlen 20 mm graviert mit Text I love You<\/li>\n<li>Bohrung von oben nach unten<\/li>\n<li>Hochwertiges, babygerechtes Buchenholz<\/li>\n<li>Sicher nach EN-71 und frei von Formaldehyd<\/li>\n<\/ul>\n","protected":false},"featured_media":86382,"template":"","meta":[],"product_brand":[],"product_cat":[8247,8026,7380,8045,6995],"product_tag":[7226,7385,8039,8051,8053,8048,8047,8041,7400,8036,8042,8032,8029,7935,8282,8034,8244,7919,7416,8261,8046,7196,8531,7673,8050,7199,7223,8038,8052,7444,8352,8002,7930,7435,8040,8028],"class_list":{"0":"post-120157","1":"product","2":"type-product","3":"status-publish","4":"has-post-thumbnail","6":"product_cat-bastelmaterial-hakelzubehor","7":"product_cat-gravierte-holzperlen-fur-schnullerschnur-und-beisring","8":"product_cat-herstellung-von-baby-beisspielzeug-materialien-fur-schnuller-und-beisringe","9":"product_cat-holzperlen-schnullerband-und-beisring-alle-holzperlen","10":"product_cat-lasergravieren-alle-produkte","11":"product_tag-aufreihbar","12":"product_tag-beisring","13":"product_tag-benutzerdefinierte","14":"product_tag-bierflasche","15":"product_tag-bierflaschenoffner","16":"product_tag-bieroffner","17":"product_tag-buche","18":"product_tag-eigene","19":"product_tag-eingraviert","20":"product_tag-eingraviert-de","21":"product_tag-entwurf","22":"product_tag-ferien","23":"product_tag-flasche","24":"product_tag-flaschenoffner","25":"product_tag-fur-de","26":"product_tag-gelasert","27":"product_tag-gelasert-de","28":"product_tag-grose","29":"product_tag-gummischnur","30":"product_tag-herz-de","31":"product_tag-holz-de","32":"product_tag-holz","33":"product_tag-i-de","34":"product_tag-liebe","35":"product_tag-offner","36":"product_tag-perlen","37":"product_tag-personalisierte","38":"product_tag-prasentiert","39":"product_tag-prasentiert-de","40":"product_tag-schlusselanhanger","41":"product_tag-sie","42":"product_tag-valentine","43":"product_tag-weinkorken","44":"product_tag-wulst","45":"product_tag-wunsch","46":"product_tag-zu","48":"first","49":"instock","50":"taxable","51":"shipping-taxable","52":"purchasable","53":"product-type-simple"},"bundled_by":[],"bundle_stock_status":"instock","bundle_stock_quantity":12,"bundle_virtual":false,"bundle_layout":"","bundle_add_to_cart_form_location":"","bundle_editable_in_cart":false,"bundle_sold_individually_context":"","bundle_item_grouping":"","bundle_min_size":"","bundle_max_size":"","bundle_price":[],"bundled_items":[],"bundle_sell_ids":[],"yoast_head":"<!-- This site is optimized with the Yoast SEO Premium plugin v27.6 (Yoast SEO v27.6) - https:\/\/yoast.com\/product\/yoast-seo-premium-wordpress\/ -->\n<title>Holzperle - Graviert - Buchenholz - Ich liebe Dich - 20mm - Jootjes Haakcadeautjes<\/title>\n<meta name=\"description\" content=\"Gravierte Holzperlen mit Text I Love You 20 mm. Perfekt f\u00fcr Schnuller, Bei\u00dfring und andere handgemachte Geschenke.\" \/>\n<meta name=\"robots\" content=\"index, follow, max-snippet:-1, max-image-preview:large, max-video-preview:-1\" \/>\n<link rel=\"canonical\" href=\"https:\/\/www.jootjeshaakcadeautjes.nl\/de\/produkt\/holzperle-graviert-buche-ich-liebe-dich-20-mm\/\" \/>\n<meta property=\"og:locale\" content=\"de_DE\" \/>\n<meta property=\"og:type\" content=\"article\" \/>\n<meta property=\"og:title\" content=\"Holzperle - Graviert - Buchenholz - Ich liebe Dich - 20mm\" \/>\n<meta property=\"og:description\" content=\"Gravierte Holzperlen mit Text I Love You 20 mm. Perfekt f\u00fcr Schnuller, Bei\u00dfring und andere handgemachte Geschenke.\" \/>\n<meta property=\"og:url\" content=\"https:\/\/www.jootjeshaakcadeautjes.nl\/de\/produkt\/holzperle-graviert-buche-ich-liebe-dich-20-mm\/\" \/>\n<meta property=\"og:site_name\" content=\"Jootjes Haakcadeautjes\" \/>\n<meta property=\"article:modified_time\" content=\"2026-02-12T10:23:28+00:00\" \/>\n<meta property=\"og:image\" content=\"https:\/\/www.jootjeshaakcadeautjes.nl\/wp-content\/uploads\/2023\/02\/20230129_123757.jpg\" \/>\n\t<meta property=\"og:image:width\" content=\"2048\" \/>\n\t<meta property=\"og:image:height\" content=\"2048\" \/>\n\t<meta property=\"og:image:type\" content=\"image\/jpeg\" \/>\n<meta name=\"twitter:card\" content=\"summary_large_image\" \/>\n<meta name=\"twitter:label1\" content=\"Preis\" \/>\n\t<meta name=\"twitter:data1\" content=\"&euro;1.25 inkl. MwSt.\" \/>\n\t<meta name=\"twitter:label2\" content=\"Verf\u00fcgbarkeit\" \/>\n\t<meta name=\"twitter:data2\" content=\"Auf Lager\" \/>\n<script type=\"application\/ld+json\" class=\"yoast-schema-graph\">{\"@context\":\"https:\\\/\\\/schema.org\",\"@graph\":[{\"@type\":\"WebPage\",\"@id\":\"https:\\\/\\\/www.jootjeshaakcadeautjes.nl\\\/de\\\/produkt\\\/holzperle-graviert-buche-ich-liebe-dich-20-mm\\\/\",\"url\":\"https:\\\/\\\/www.jootjeshaakcadeautjes.nl\\\/de\\\/produkt\\\/holzperle-graviert-buche-ich-liebe-dich-20-mm\\\/\",\"name\":\"Holzperle - Graviert - Buchenholz - Ich liebe Dich - 20mm - Jootjes Haakcadeautjes\",\"isPartOf\":{\"@id\":\"https:\\\/\\\/www.jootjeshaakcadeautjes.nl\\\/de\\\/#website\"},\"primaryImageOfPage\":{\"@id\":\"https:\\\/\\\/www.jootjeshaakcadeautjes.nl\\\/de\\\/produkt\\\/holzperle-graviert-buche-ich-liebe-dich-20-mm\\\/#primaryimage\"},\"image\":{\"@id\":\"https:\\\/\\\/www.jootjeshaakcadeautjes.nl\\\/de\\\/produkt\\\/holzperle-graviert-buche-ich-liebe-dich-20-mm\\\/#primaryimage\"},\"thumbnailUrl\":\"https:\\\/\\\/d1dyryakdmle7o.cloudfront.net\\\/wp-content\\\/uploads\\\/2023\\\/02\\\/20230129_123757.jpg\",\"datePublished\":\"2023-02-03T13:15:18+00:00\",\"dateModified\":\"2026-02-12T10:23:28+00:00\",\"description\":\"Gravierte Holzperlen mit Text I Love You 20 mm. Perfekt f\u00fcr Schnuller, Bei\u00dfring und andere handgemachte Geschenke.\",\"breadcrumb\":{\"@id\":\"https:\\\/\\\/www.jootjeshaakcadeautjes.nl\\\/de\\\/produkt\\\/holzperle-graviert-buche-ich-liebe-dich-20-mm\\\/#breadcrumb\"},\"inLanguage\":\"de\",\"potentialAction\":[{\"@type\":\"ReadAction\",\"target\":[\"https:\\\/\\\/www.jootjeshaakcadeautjes.nl\\\/de\\\/produkt\\\/holzperle-graviert-buche-ich-liebe-dich-20-mm\\\/\"]}]},{\"@type\":\"ImageObject\",\"inLanguage\":\"de\",\"@id\":\"https:\\\/\\\/www.jootjeshaakcadeautjes.nl\\\/de\\\/produkt\\\/holzperle-graviert-buche-ich-liebe-dich-20-mm\\\/#primaryimage\",\"url\":\"https:\\\/\\\/d1dyryakdmle7o.cloudfront.net\\\/wp-content\\\/uploads\\\/2023\\\/02\\\/20230129_123757.jpg\",\"contentUrl\":\"https:\\\/\\\/d1dyryakdmle7o.cloudfront.net\\\/wp-content\\\/uploads\\\/2023\\\/02\\\/20230129_123757.jpg\",\"width\":2048,\"height\":2048,\"caption\":\"Gravierte Buche Holz Perle Ich liebe dich brandits Laser Gro\u00dfhandel Schnuller Schnur Bei\u00dfring Schl\u00fcsselring Flaschen\u00f6ffner Wein Stopper\"},{\"@type\":\"BreadcrumbList\",\"@id\":\"https:\\\/\\\/www.jootjeshaakcadeautjes.nl\\\/de\\\/produkt\\\/holzperle-graviert-buche-ich-liebe-dich-20-mm\\\/#breadcrumb\",\"itemListElement\":[{\"@type\":\"ListItem\",\"position\":1,\"name\":\"Startseite\",\"item\":\"https:\\\/\\\/www.jootjeshaakcadeautjes.nl\\\/de\\\/\"},{\"@type\":\"ListItem\",\"position\":2,\"name\":\"Gro\u00dfhandel mit Silikonperlen &#8211; Business und Consumer\",\"item\":\"https:\\\/\\\/www.jootjeshaakcadeautjes.nl\\\/de\\\/shop\\\/\"},{\"@type\":\"ListItem\",\"position\":3,\"name\":\"Holzperle &#8211; Graviert &#8211; Buchenholz &#8211; Ich liebe Dich &#8211; 20mm\"}]},{\"@type\":\"WebSite\",\"@id\":\"https:\\\/\\\/www.jootjeshaakcadeautjes.nl\\\/de\\\/#website\",\"url\":\"https:\\\/\\\/www.jootjeshaakcadeautjes.nl\\\/de\\\/\",\"name\":\"Jootjes Haakcadeautjes\",\"description\":\"Silikonperlen Gro\u00dfhandel \",\"publisher\":{\"@id\":\"https:\\\/\\\/www.jootjeshaakcadeautjes.nl\\\/de\\\/#organization\"},\"potentialAction\":[{\"@type\":\"SearchAction\",\"target\":{\"@type\":\"EntryPoint\",\"urlTemplate\":\"https:\\\/\\\/www.jootjeshaakcadeautjes.nl\\\/de\\\/?s={search_term_string}\"},\"query-input\":{\"@type\":\"PropertyValueSpecification\",\"valueRequired\":true,\"valueName\":\"search_term_string\"}}],\"inLanguage\":\"de\"},{\"@type\":\"Organization\",\"@id\":\"https:\\\/\\\/www.jootjeshaakcadeautjes.nl\\\/de\\\/#organization\",\"name\":\"Jootjes Haakcadeautjes\",\"url\":\"https:\\\/\\\/www.jootjeshaakcadeautjes.nl\\\/de\\\/\",\"logo\":{\"@type\":\"ImageObject\",\"inLanguage\":\"de\",\"@id\":\"https:\\\/\\\/www.jootjeshaakcadeautjes.nl\\\/de\\\/#\\\/schema\\\/logo\\\/image\\\/\",\"url\":\"https:\\\/\\\/d1dyryakdmle7o.cloudfront.net\\\/wp-content\\\/uploads\\\/2023\\\/05\\\/Logo-rond.png\",\"contentUrl\":\"https:\\\/\\\/d1dyryakdmle7o.cloudfront.net\\\/wp-content\\\/uploads\\\/2023\\\/05\\\/Logo-rond.png\",\"width\":1222,\"height\":1222,\"caption\":\"Jootjes Haakcadeautjes\"},\"image\":{\"@id\":\"https:\\\/\\\/www.jootjeshaakcadeautjes.nl\\\/de\\\/#\\\/schema\\\/logo\\\/image\\\/\"}}]}<\/script>\n<meta property=\"product:price:amount\" content=\"1.25\" \/>\n<meta property=\"product:price:currency\" content=\"EUR\" \/>\n<meta property=\"og:availability\" content=\"instock\" \/>\n<meta property=\"product:availability\" content=\"instock\" \/>\n<meta property=\"product:retailer_item_id\" content=\"GKR-020-ILY\" \/>\n<meta property=\"product:condition\" content=\"new\" \/>\n<!-- \/ Yoast SEO Premium plugin. -->","yoast_head_json":{"title":"Holzperle - Graviert - Buchenholz - Ich liebe Dich - 20mm - Jootjes Haakcadeautjes","description":"Gravierte Holzperlen mit Text I Love You 20 mm. Perfekt f\u00fcr Schnuller, Bei\u00dfring und andere handgemachte Geschenke.","robots":{"index":"index","follow":"follow","max-snippet":"max-snippet:-1","max-image-preview":"max-image-preview:large","max-video-preview":"max-video-preview:-1"},"canonical":"https:\/\/www.jootjeshaakcadeautjes.nl\/de\/produkt\/holzperle-graviert-buche-ich-liebe-dich-20-mm\/","og_locale":"de_DE","og_type":"article","og_title":"Holzperle - Graviert - Buchenholz - Ich liebe Dich - 20mm","og_description":"Gravierte Holzperlen mit Text I Love You 20 mm. Perfekt f\u00fcr Schnuller, Bei\u00dfring und andere handgemachte Geschenke.","og_url":"https:\/\/www.jootjeshaakcadeautjes.nl\/de\/produkt\/holzperle-graviert-buche-ich-liebe-dich-20-mm\/","og_site_name":"Jootjes Haakcadeautjes","article_modified_time":"2026-02-12T10:23:28+00:00","og_image":[{"width":2048,"height":2048,"url":"https:\/\/www.jootjeshaakcadeautjes.nl\/wp-content\/uploads\/2023\/02\/20230129_123757.jpg","type":"image\/jpeg"}],"twitter_card":"summary_large_image","twitter_misc":{"Preis":"&euro;1.25 inkl. MwSt.","Verf\u00fcgbarkeit":"Auf Lager"},"schema":{"@context":"https:\/\/schema.org","@graph":[{"@type":"WebPage","@id":"https:\/\/www.jootjeshaakcadeautjes.nl\/de\/produkt\/holzperle-graviert-buche-ich-liebe-dich-20-mm\/","url":"https:\/\/www.jootjeshaakcadeautjes.nl\/de\/produkt\/holzperle-graviert-buche-ich-liebe-dich-20-mm\/","name":"Holzperle - Graviert - Buchenholz - Ich liebe Dich - 20mm - Jootjes Haakcadeautjes","isPartOf":{"@id":"https:\/\/www.jootjeshaakcadeautjes.nl\/de\/#website"},"primaryImageOfPage":{"@id":"https:\/\/www.jootjeshaakcadeautjes.nl\/de\/produkt\/holzperle-graviert-buche-ich-liebe-dich-20-mm\/#primaryimage"},"image":{"@id":"https:\/\/www.jootjeshaakcadeautjes.nl\/de\/produkt\/holzperle-graviert-buche-ich-liebe-dich-20-mm\/#primaryimage"},"thumbnailUrl":"https:\/\/d1dyryakdmle7o.cloudfront.net\/wp-content\/uploads\/2023\/02\/20230129_123757.jpg","datePublished":"2023-02-03T13:15:18+00:00","dateModified":"2026-02-12T10:23:28+00:00","description":"Gravierte Holzperlen mit Text I Love You 20 mm. Perfekt f\u00fcr Schnuller, Bei\u00dfring und andere handgemachte Geschenke.","breadcrumb":{"@id":"https:\/\/www.jootjeshaakcadeautjes.nl\/de\/produkt\/holzperle-graviert-buche-ich-liebe-dich-20-mm\/#breadcrumb"},"inLanguage":"de","potentialAction":[{"@type":"ReadAction","target":["https:\/\/www.jootjeshaakcadeautjes.nl\/de\/produkt\/holzperle-graviert-buche-ich-liebe-dich-20-mm\/"]}]},{"@type":"ImageObject","inLanguage":"de","@id":"https:\/\/www.jootjeshaakcadeautjes.nl\/de\/produkt\/holzperle-graviert-buche-ich-liebe-dich-20-mm\/#primaryimage","url":"https:\/\/d1dyryakdmle7o.cloudfront.net\/wp-content\/uploads\/2023\/02\/20230129_123757.jpg","contentUrl":"https:\/\/d1dyryakdmle7o.cloudfront.net\/wp-content\/uploads\/2023\/02\/20230129_123757.jpg","width":2048,"height":2048,"caption":"Gravierte Buche Holz Perle Ich liebe dich brandits Laser Gro\u00dfhandel Schnuller Schnur Bei\u00dfring Schl\u00fcsselring Flaschen\u00f6ffner Wein Stopper"},{"@type":"BreadcrumbList","@id":"https:\/\/www.jootjeshaakcadeautjes.nl\/de\/produkt\/holzperle-graviert-buche-ich-liebe-dich-20-mm\/#breadcrumb","itemListElement":[{"@type":"ListItem","position":1,"name":"Startseite","item":"https:\/\/www.jootjeshaakcadeautjes.nl\/de\/"},{"@type":"ListItem","position":2,"name":"Gro\u00dfhandel mit Silikonperlen &#8211; Business und Consumer","item":"https:\/\/www.jootjeshaakcadeautjes.nl\/de\/shop\/"},{"@type":"ListItem","position":3,"name":"Holzperle &#8211; Graviert &#8211; Buchenholz &#8211; Ich liebe Dich &#8211; 20mm"}]},{"@type":"WebSite","@id":"https:\/\/www.jootjeshaakcadeautjes.nl\/de\/#website","url":"https:\/\/www.jootjeshaakcadeautjes.nl\/de\/","name":"Jootjes Haakcadeautjes","description":"Silikonperlen Gro\u00dfhandel ","publisher":{"@id":"https:\/\/www.jootjeshaakcadeautjes.nl\/de\/#organization"},"potentialAction":[{"@type":"SearchAction","target":{"@type":"EntryPoint","urlTemplate":"https:\/\/www.jootjeshaakcadeautjes.nl\/de\/?s={search_term_string}"},"query-input":{"@type":"PropertyValueSpecification","valueRequired":true,"valueName":"search_term_string"}}],"inLanguage":"de"},{"@type":"Organization","@id":"https:\/\/www.jootjeshaakcadeautjes.nl\/de\/#organization","name":"Jootjes Haakcadeautjes","url":"https:\/\/www.jootjeshaakcadeautjes.nl\/de\/","logo":{"@type":"ImageObject","inLanguage":"de","@id":"https:\/\/www.jootjeshaakcadeautjes.nl\/de\/#\/schema\/logo\/image\/","url":"https:\/\/d1dyryakdmle7o.cloudfront.net\/wp-content\/uploads\/2023\/05\/Logo-rond.png","contentUrl":"https:\/\/d1dyryakdmle7o.cloudfront.net\/wp-content\/uploads\/2023\/05\/Logo-rond.png","width":1222,"height":1222,"caption":"Jootjes Haakcadeautjes"},"image":{"@id":"https:\/\/www.jootjeshaakcadeautjes.nl\/de\/#\/schema\/logo\/image\/"}}]},"product_price_amount":"1.25","product_price_currency":"EUR","og_availability":"instock","product_availability":"instock","product_retailer_item_id":"GKR-020-ILY","product_condition":"new"},"_links":{"self":[{"href":"https:\/\/www.jootjeshaakcadeautjes.nl\/de\/wp-json\/wp\/v2\/product\/120157","targetHints":{"allow":["GET"]}}],"collection":[{"href":"https:\/\/www.jootjeshaakcadeautjes.nl\/de\/wp-json\/wp\/v2\/product"}],"about":[{"href":"https:\/\/www.jootjeshaakcadeautjes.nl\/de\/wp-json\/wp\/v2\/types\/product"}],"version-history":[{"count":0,"href":"https:\/\/www.jootjeshaakcadeautjes.nl\/de\/wp-json\/wp\/v2\/product\/120157\/revisions"}],"wp:featuredmedia":[{"embeddable":true,"href":"https:\/\/www.jootjeshaakcadeautjes.nl\/de\/wp-json\/wp\/v2\/media\/86382"}],"wp:attachment":[{"href":"https:\/\/www.jootjeshaakcadeautjes.nl\/de\/wp-json\/wp\/v2\/media?parent=120157"}],"wp:term":[{"taxonomy":"product_brand","embeddable":true,"href":"https:\/\/www.jootjeshaakcadeautjes.nl\/de\/wp-json\/wp\/v2\/product_brand?post=120157"},{"taxonomy":"product_cat","embeddable":true,"href":"https:\/\/www.jootjeshaakcadeautjes.nl\/de\/wp-json\/wp\/v2\/product_cat?post=120157"},{"taxonomy":"product_tag","embeddable":true,"href":"https:\/\/www.jootjeshaakcadeautjes.nl\/de\/wp-json\/wp\/v2\/product_tag?post=120157"}],"curies":[{"name":"wp","href":"https:\/\/api.w.org\/{rel}","templated":true}]}}