{"id":120162,"date":"2023-01-02T00:49:03","date_gmt":"2023-01-01T22:49:03","guid":{"rendered":"https:\/\/www.jootjeshaakcadeautjes.nl\/product\/gravierte-holz-ringe-en12586-eigene-markengravur-von-36-teilen-55-cm\/"},"modified":"2026-02-09T13:58:06","modified_gmt":"2026-02-09T12:58:06","slug":"gravierte-holz-ringe-en12586-eigene-markengravur-von-36-teilen-55-cm","status":"publish","type":"product","link":"https:\/\/www.jootjeshaakcadeautjes.nl\/de\/produkt\/gravierte-holz-ringe-en12586-eigene-markengravur-von-36-teilen-55-cm\/","title":{"rendered":"Gravierte Holzringe 5,5 cm &#8211; Eigene Marke &#8211; Individuelle Gravur! &#8211; Ab 36 St\u00fcck"},"content":{"rendered":"<h1>Gravierte Holzringe &#8211; EN12586 &#8211; Eigenmarke &#8211; Individuelle Gravur!<\/h1>\n<ul>\n<li>Ringe in der Gr\u00f6\u00dfe 5,5 cm<\/li>\n<li>Ab 36 St\u00fcck*<\/li>\n<li>Gravur mit Logo.<\/li>\n<li>Gravur + Ring kostet 2,30\/St\u00fcck. Der Ring ist nat\u00fcrlich im Preis inbegriffen.<\/li>\n<\/ul>\n<p>*Pro 36 St\u00fcck, einschlie\u00dflich Muster. Anforderungen und Positionierung werden im Voraus vereinbart. Wenn wir von unserer Seite aus ein falsches Muster erstellen, wird es erneut produziert. Wenn trotz der W\u00fcnsche und der Positionierung \u00c4nderungen vorgenommen werden, werden diese von der Gesamtzahl abgezogen. Nehmen wir an, dass eine Probe 35 weitere Ringe erzeugt und so weiter.<\/p>\n<p>Die Lieferung des Logos sollte in der h\u00f6chstm\u00f6glichen Qualit\u00e4t erfolgen. Vorzugsweise in Schwarz und Wei\u00df. Vorzugsweise eine Datei des urspr\u00fcnglichen Designers (Vektor, EPS, AI, PDF, JPG, SVG, PNG). Wenn die Datei nicht sofort f\u00fcr die Produktion geeignet ist, findet eine weitere Beratung \u00fcber die Notwendigkeit eines Grafikdesigns statt. Wir k\u00f6nnen dies f\u00fcr Sie arrangieren, aber es k\u00f6nnen zus\u00e4tzliche Kosten anfallen. In manchen F\u00e4llen ist das Logo zu gro\u00df oder zu komplex (z.B. mit Text und Bild). In diesem Fall k\u00f6nnen wir in Absprache mit Ihnen nur den Text oder das Bild gravieren.<\/p>\n<p>Von diesem ma\u00dfgeschneiderten Projekt k\u00f6nnen Fotos f\u00fcr unser Portfolio gemacht werden. Jootjes Haakcadeautjes ist weder Eigent\u00fcmer Ihrer Marke oder Ihres Logos, noch w\u00fcrden wir ein solches Eigentum beanspruchen. Indem Sie diese Ringe bei uns anfertigen lassen, erkl\u00e4ren Sie sich damit einverstanden, dass wir Fotos der von uns angefertigten individuellen Ringe zum Zwecke der Werbung f\u00fcr unsere individuellen Gravurdienstleistungen \/ individuelle Gravur verwenden d\u00fcrfen.<\/p>\n<p>&nbsp;<\/p>\n","protected":false},"excerpt":{"rendered":"<ul>\n<li>Ringe in der Gr\u00f6\u00dfe 5,5 cm<\/li>\n<li>Ab 36 St\u00fcck*<\/li>\n<li>Gravur mit Logo.<\/li>\n<li>Gravur + Ring kostet 2,30\/St\u00fcck. Der Ring ist nat\u00fcrlich im Preis inbegriffen.<\/li>\n<\/ul>\n","protected":false},"featured_media":85789,"template":"","meta":[],"product_brand":[],"product_cat":[8226,8072,6995,8227],"product_tag":[8834,8207,8245,8246,7420,8041,7400,8238,8244,8232,8239,8229,8243,8241,8242,8078,8040,8028],"class_list":{"0":"post-120162","1":"product","2":"type-product","3":"status-publish","4":"has-post-thumbnail","6":"product_cat-gravierte-holzringe-fur-schnullerschnur-und-beisring","7":"product_cat-holzringe-fur-macrame-und-crochet","8":"product_cat-lasergravieren-alle-produkte","9":"product_cat-lasergravur-nach-wunsch-eigener-text-bild-oder-marke","10":"product_tag-5-de","11":"product_tag-benutzerdefinierte-de","12":"product_tag-branding-de","13":"product_tag-brandits-de","14":"product_tag-cm-de","15":"product_tag-eigene","16":"product_tag-eingraviert","17":"product_tag-en12586-de","18":"product_tag-gelasert-de","19":"product_tag-gravur","20":"product_tag-gravur-de","21":"product_tag-laser-de","22":"product_tag-logo-de","23":"product_tag-marke","24":"product_tag-mit-logo","25":"product_tag-ring-de","26":"product_tag-wunsch","27":"product_tag-zu","29":"first","30":"instock","31":"taxable","32":"shipping-taxable","33":"purchasable","34":"product-type-simple"},"bundled_by":[],"bundle_stock_status":"instock","bundle_stock_quantity":1634,"bundle_virtual":false,"bundle_layout":"","bundle_add_to_cart_form_location":"","bundle_editable_in_cart":false,"bundle_sold_individually_context":"","bundle_item_grouping":"","bundle_min_size":"","bundle_max_size":"","bundle_price":[],"bundled_items":[],"bundle_sell_ids":[],"yoast_head":"<!-- This site is optimized with the Yoast SEO Premium plugin v27.6 (Yoast SEO v27.6) - https:\/\/yoast.com\/product\/yoast-seo-premium-wordpress\/ -->\n<title>Gravierte Holzringe 5,5 cm - Eigene Marke - Individuelle Gravur! - Ab 36 St\u00fcck - Jootjes Haakcadeautjes<\/title>\n<meta name=\"description\" content=\"Holzringe 5,5 cm graviert mit eigener Marke. Schnell graviert von Jootjes Crochet Gifts und Brandits Laser. Individuelle Lasergravur.\" \/>\n<meta name=\"robots\" content=\"index, follow, max-snippet:-1, max-image-preview:large, max-video-preview:-1\" \/>\n<link rel=\"canonical\" href=\"https:\/\/www.jootjeshaakcadeautjes.nl\/de\/produkt\/gravierte-holz-ringe-en12586-eigene-markengravur-von-36-teilen-55-cm\/\" \/>\n<meta property=\"og:locale\" content=\"de_DE\" \/>\n<meta property=\"og:type\" content=\"article\" \/>\n<meta property=\"og:title\" content=\"Gravierte Holzringe 5,5 cm - Eigene Marke - Individuelle Gravur! - Ab 36 St\u00fcck\" \/>\n<meta property=\"og:description\" content=\"Holzringe 5,5 cm graviert mit eigener Marke. Schnell graviert von Jootjes Crochet Gifts und Brandits Laser. Individuelle Lasergravur.\" \/>\n<meta property=\"og:url\" content=\"https:\/\/www.jootjeshaakcadeautjes.nl\/de\/produkt\/gravierte-holz-ringe-en12586-eigene-markengravur-von-36-teilen-55-cm\/\" \/>\n<meta property=\"og:site_name\" content=\"Jootjes Haakcadeautjes\" \/>\n<meta property=\"article:modified_time\" content=\"2026-02-09T12:58:06+00:00\" \/>\n<meta property=\"og:image\" content=\"https:\/\/www.jootjeshaakcadeautjes.nl\/wp-content\/uploads\/2022\/12\/20221215_175445.jpg\" \/>\n\t<meta property=\"og:image:width\" content=\"2048\" \/>\n\t<meta property=\"og:image:height\" content=\"2048\" \/>\n\t<meta property=\"og:image:type\" content=\"image\/jpeg\" \/>\n<meta name=\"twitter:card\" content=\"summary_large_image\" \/>\n<meta name=\"twitter:label1\" content=\"Preis\" \/>\n\t<meta name=\"twitter:data1\" content=\"&euro;2.15 inkl. MwSt.\" \/>\n\t<meta name=\"twitter:label2\" content=\"Verf\u00fcgbarkeit\" \/>\n\t<meta name=\"twitter:data2\" content=\"Auf Lager\" \/>\n<script type=\"application\/ld+json\" class=\"yoast-schema-graph\">{\"@context\":\"https:\\\/\\\/schema.org\",\"@graph\":[{\"@type\":\"WebPage\",\"@id\":\"https:\\\/\\\/www.jootjeshaakcadeautjes.nl\\\/de\\\/produkt\\\/gravierte-holz-ringe-en12586-eigene-markengravur-von-36-teilen-55-cm\\\/\",\"url\":\"https:\\\/\\\/www.jootjeshaakcadeautjes.nl\\\/de\\\/produkt\\\/gravierte-holz-ringe-en12586-eigene-markengravur-von-36-teilen-55-cm\\\/\",\"name\":\"Gravierte Holzringe 5,5 cm - Eigene Marke - Individuelle Gravur! - Ab 36 St\u00fcck - Jootjes Haakcadeautjes\",\"isPartOf\":{\"@id\":\"https:\\\/\\\/www.jootjeshaakcadeautjes.nl\\\/de\\\/#website\"},\"primaryImageOfPage\":{\"@id\":\"https:\\\/\\\/www.jootjeshaakcadeautjes.nl\\\/de\\\/produkt\\\/gravierte-holz-ringe-en12586-eigene-markengravur-von-36-teilen-55-cm\\\/#primaryimage\"},\"image\":{\"@id\":\"https:\\\/\\\/www.jootjeshaakcadeautjes.nl\\\/de\\\/produkt\\\/gravierte-holz-ringe-en12586-eigene-markengravur-von-36-teilen-55-cm\\\/#primaryimage\"},\"thumbnailUrl\":\"https:\\\/\\\/d1dyryakdmle7o.cloudfront.net\\\/wp-content\\\/uploads\\\/2022\\\/12\\\/20221215_175445.jpg\",\"datePublished\":\"2023-01-01T22:49:03+00:00\",\"dateModified\":\"2026-02-09T12:58:06+00:00\",\"description\":\"Holzringe 5,5 cm graviert mit eigener Marke. Schnell graviert von Jootjes Crochet Gifts und Brandits Laser. Individuelle Lasergravur.\",\"breadcrumb\":{\"@id\":\"https:\\\/\\\/www.jootjeshaakcadeautjes.nl\\\/de\\\/produkt\\\/gravierte-holz-ringe-en12586-eigene-markengravur-von-36-teilen-55-cm\\\/#breadcrumb\"},\"inLanguage\":\"de\",\"potentialAction\":[{\"@type\":\"ReadAction\",\"target\":[\"https:\\\/\\\/www.jootjeshaakcadeautjes.nl\\\/de\\\/produkt\\\/gravierte-holz-ringe-en12586-eigene-markengravur-von-36-teilen-55-cm\\\/\"]}]},{\"@type\":\"ImageObject\",\"inLanguage\":\"de\",\"@id\":\"https:\\\/\\\/www.jootjeshaakcadeautjes.nl\\\/de\\\/produkt\\\/gravierte-holz-ringe-en12586-eigene-markengravur-von-36-teilen-55-cm\\\/#primaryimage\",\"url\":\"https:\\\/\\\/d1dyryakdmle7o.cloudfront.net\\\/wp-content\\\/uploads\\\/2022\\\/12\\\/20221215_175445.jpg\",\"contentUrl\":\"https:\\\/\\\/d1dyryakdmle7o.cloudfront.net\\\/wp-content\\\/uploads\\\/2022\\\/12\\\/20221215_175445.jpg\",\"width\":2048,\"height\":2048,\"caption\":\"Gravierte Ringe mit personalisiertem Bei\u00dfring der Marke\"},{\"@type\":\"BreadcrumbList\",\"@id\":\"https:\\\/\\\/www.jootjeshaakcadeautjes.nl\\\/de\\\/produkt\\\/gravierte-holz-ringe-en12586-eigene-markengravur-von-36-teilen-55-cm\\\/#breadcrumb\",\"itemListElement\":[{\"@type\":\"ListItem\",\"position\":1,\"name\":\"Startseite\",\"item\":\"https:\\\/\\\/www.jootjeshaakcadeautjes.nl\\\/de\\\/\"},{\"@type\":\"ListItem\",\"position\":2,\"name\":\"Gro\u00dfhandel mit Silikonperlen &#8211; Business und Consumer\",\"item\":\"https:\\\/\\\/www.jootjeshaakcadeautjes.nl\\\/de\\\/shop\\\/\"},{\"@type\":\"ListItem\",\"position\":3,\"name\":\"Gravierte Holzringe 5,5 cm &#8211; Eigene Marke &#8211; Individuelle Gravur! &#8211; Ab 36 St\u00fcck\"}]},{\"@type\":\"WebSite\",\"@id\":\"https:\\\/\\\/www.jootjeshaakcadeautjes.nl\\\/de\\\/#website\",\"url\":\"https:\\\/\\\/www.jootjeshaakcadeautjes.nl\\\/de\\\/\",\"name\":\"Jootjes Haakcadeautjes\",\"description\":\"Silikonperlen Gro\u00dfhandel \",\"publisher\":{\"@id\":\"https:\\\/\\\/www.jootjeshaakcadeautjes.nl\\\/de\\\/#organization\"},\"potentialAction\":[{\"@type\":\"SearchAction\",\"target\":{\"@type\":\"EntryPoint\",\"urlTemplate\":\"https:\\\/\\\/www.jootjeshaakcadeautjes.nl\\\/de\\\/?s={search_term_string}\"},\"query-input\":{\"@type\":\"PropertyValueSpecification\",\"valueRequired\":true,\"valueName\":\"search_term_string\"}}],\"inLanguage\":\"de\"},{\"@type\":\"Organization\",\"@id\":\"https:\\\/\\\/www.jootjeshaakcadeautjes.nl\\\/de\\\/#organization\",\"name\":\"Jootjes Haakcadeautjes\",\"url\":\"https:\\\/\\\/www.jootjeshaakcadeautjes.nl\\\/de\\\/\",\"logo\":{\"@type\":\"ImageObject\",\"inLanguage\":\"de\",\"@id\":\"https:\\\/\\\/www.jootjeshaakcadeautjes.nl\\\/de\\\/#\\\/schema\\\/logo\\\/image\\\/\",\"url\":\"https:\\\/\\\/d1dyryakdmle7o.cloudfront.net\\\/wp-content\\\/uploads\\\/2023\\\/05\\\/Logo-rond.png\",\"contentUrl\":\"https:\\\/\\\/d1dyryakdmle7o.cloudfront.net\\\/wp-content\\\/uploads\\\/2023\\\/05\\\/Logo-rond.png\",\"width\":1222,\"height\":1222,\"caption\":\"Jootjes Haakcadeautjes\"},\"image\":{\"@id\":\"https:\\\/\\\/www.jootjeshaakcadeautjes.nl\\\/de\\\/#\\\/schema\\\/logo\\\/image\\\/\"}}]}<\/script>\n<meta property=\"product:price:amount\" content=\"2.15\" \/>\n<meta property=\"product:price:currency\" content=\"EUR\" \/>\n<meta property=\"og:availability\" content=\"instock\" \/>\n<meta property=\"product:availability\" content=\"instock\" \/>\n<meta property=\"product:retailer_item_id\" content=\"GEG-EIGM-CUS-5,5\" \/>\n<meta property=\"product:condition\" content=\"new\" \/>\n<!-- \/ Yoast SEO Premium plugin. -->","yoast_head_json":{"title":"Gravierte Holzringe 5,5 cm - Eigene Marke - Individuelle Gravur! - Ab 36 St\u00fcck - Jootjes Haakcadeautjes","description":"Holzringe 5,5 cm graviert mit eigener Marke. Schnell graviert von Jootjes Crochet Gifts und Brandits Laser. Individuelle Lasergravur.","robots":{"index":"index","follow":"follow","max-snippet":"max-snippet:-1","max-image-preview":"max-image-preview:large","max-video-preview":"max-video-preview:-1"},"canonical":"https:\/\/www.jootjeshaakcadeautjes.nl\/de\/produkt\/gravierte-holz-ringe-en12586-eigene-markengravur-von-36-teilen-55-cm\/","og_locale":"de_DE","og_type":"article","og_title":"Gravierte Holzringe 5,5 cm - Eigene Marke - Individuelle Gravur! - Ab 36 St\u00fcck","og_description":"Holzringe 5,5 cm graviert mit eigener Marke. Schnell graviert von Jootjes Crochet Gifts und Brandits Laser. Individuelle Lasergravur.","og_url":"https:\/\/www.jootjeshaakcadeautjes.nl\/de\/produkt\/gravierte-holz-ringe-en12586-eigene-markengravur-von-36-teilen-55-cm\/","og_site_name":"Jootjes Haakcadeautjes","article_modified_time":"2026-02-09T12:58:06+00:00","og_image":[{"width":2048,"height":2048,"url":"https:\/\/www.jootjeshaakcadeautjes.nl\/wp-content\/uploads\/2022\/12\/20221215_175445.jpg","type":"image\/jpeg"}],"twitter_card":"summary_large_image","twitter_misc":{"Preis":"&euro;2.15 inkl. MwSt.","Verf\u00fcgbarkeit":"Auf Lager"},"schema":{"@context":"https:\/\/schema.org","@graph":[{"@type":"WebPage","@id":"https:\/\/www.jootjeshaakcadeautjes.nl\/de\/produkt\/gravierte-holz-ringe-en12586-eigene-markengravur-von-36-teilen-55-cm\/","url":"https:\/\/www.jootjeshaakcadeautjes.nl\/de\/produkt\/gravierte-holz-ringe-en12586-eigene-markengravur-von-36-teilen-55-cm\/","name":"Gravierte Holzringe 5,5 cm - Eigene Marke - Individuelle Gravur! - Ab 36 St\u00fcck - Jootjes Haakcadeautjes","isPartOf":{"@id":"https:\/\/www.jootjeshaakcadeautjes.nl\/de\/#website"},"primaryImageOfPage":{"@id":"https:\/\/www.jootjeshaakcadeautjes.nl\/de\/produkt\/gravierte-holz-ringe-en12586-eigene-markengravur-von-36-teilen-55-cm\/#primaryimage"},"image":{"@id":"https:\/\/www.jootjeshaakcadeautjes.nl\/de\/produkt\/gravierte-holz-ringe-en12586-eigene-markengravur-von-36-teilen-55-cm\/#primaryimage"},"thumbnailUrl":"https:\/\/d1dyryakdmle7o.cloudfront.net\/wp-content\/uploads\/2022\/12\/20221215_175445.jpg","datePublished":"2023-01-01T22:49:03+00:00","dateModified":"2026-02-09T12:58:06+00:00","description":"Holzringe 5,5 cm graviert mit eigener Marke. Schnell graviert von Jootjes Crochet Gifts und Brandits Laser. Individuelle Lasergravur.","breadcrumb":{"@id":"https:\/\/www.jootjeshaakcadeautjes.nl\/de\/produkt\/gravierte-holz-ringe-en12586-eigene-markengravur-von-36-teilen-55-cm\/#breadcrumb"},"inLanguage":"de","potentialAction":[{"@type":"ReadAction","target":["https:\/\/www.jootjeshaakcadeautjes.nl\/de\/produkt\/gravierte-holz-ringe-en12586-eigene-markengravur-von-36-teilen-55-cm\/"]}]},{"@type":"ImageObject","inLanguage":"de","@id":"https:\/\/www.jootjeshaakcadeautjes.nl\/de\/produkt\/gravierte-holz-ringe-en12586-eigene-markengravur-von-36-teilen-55-cm\/#primaryimage","url":"https:\/\/d1dyryakdmle7o.cloudfront.net\/wp-content\/uploads\/2022\/12\/20221215_175445.jpg","contentUrl":"https:\/\/d1dyryakdmle7o.cloudfront.net\/wp-content\/uploads\/2022\/12\/20221215_175445.jpg","width":2048,"height":2048,"caption":"Gravierte Ringe mit personalisiertem Bei\u00dfring der Marke"},{"@type":"BreadcrumbList","@id":"https:\/\/www.jootjeshaakcadeautjes.nl\/de\/produkt\/gravierte-holz-ringe-en12586-eigene-markengravur-von-36-teilen-55-cm\/#breadcrumb","itemListElement":[{"@type":"ListItem","position":1,"name":"Startseite","item":"https:\/\/www.jootjeshaakcadeautjes.nl\/de\/"},{"@type":"ListItem","position":2,"name":"Gro\u00dfhandel mit Silikonperlen &#8211; Business und Consumer","item":"https:\/\/www.jootjeshaakcadeautjes.nl\/de\/shop\/"},{"@type":"ListItem","position":3,"name":"Gravierte Holzringe 5,5 cm &#8211; Eigene Marke &#8211; Individuelle Gravur! &#8211; Ab 36 St\u00fcck"}]},{"@type":"WebSite","@id":"https:\/\/www.jootjeshaakcadeautjes.nl\/de\/#website","url":"https:\/\/www.jootjeshaakcadeautjes.nl\/de\/","name":"Jootjes Haakcadeautjes","description":"Silikonperlen Gro\u00dfhandel ","publisher":{"@id":"https:\/\/www.jootjeshaakcadeautjes.nl\/de\/#organization"},"potentialAction":[{"@type":"SearchAction","target":{"@type":"EntryPoint","urlTemplate":"https:\/\/www.jootjeshaakcadeautjes.nl\/de\/?s={search_term_string}"},"query-input":{"@type":"PropertyValueSpecification","valueRequired":true,"valueName":"search_term_string"}}],"inLanguage":"de"},{"@type":"Organization","@id":"https:\/\/www.jootjeshaakcadeautjes.nl\/de\/#organization","name":"Jootjes Haakcadeautjes","url":"https:\/\/www.jootjeshaakcadeautjes.nl\/de\/","logo":{"@type":"ImageObject","inLanguage":"de","@id":"https:\/\/www.jootjeshaakcadeautjes.nl\/de\/#\/schema\/logo\/image\/","url":"https:\/\/d1dyryakdmle7o.cloudfront.net\/wp-content\/uploads\/2023\/05\/Logo-rond.png","contentUrl":"https:\/\/d1dyryakdmle7o.cloudfront.net\/wp-content\/uploads\/2023\/05\/Logo-rond.png","width":1222,"height":1222,"caption":"Jootjes Haakcadeautjes"},"image":{"@id":"https:\/\/www.jootjeshaakcadeautjes.nl\/de\/#\/schema\/logo\/image\/"}}]},"product_price_amount":"2.15","product_price_currency":"EUR","og_availability":"instock","product_availability":"instock","product_retailer_item_id":"GEG-EIGM-CUS-5,5","product_condition":"new"},"_links":{"self":[{"href":"https:\/\/www.jootjeshaakcadeautjes.nl\/de\/wp-json\/wp\/v2\/product\/120162","targetHints":{"allow":["GET"]}}],"collection":[{"href":"https:\/\/www.jootjeshaakcadeautjes.nl\/de\/wp-json\/wp\/v2\/product"}],"about":[{"href":"https:\/\/www.jootjeshaakcadeautjes.nl\/de\/wp-json\/wp\/v2\/types\/product"}],"version-history":[{"count":0,"href":"https:\/\/www.jootjeshaakcadeautjes.nl\/de\/wp-json\/wp\/v2\/product\/120162\/revisions"}],"wp:featuredmedia":[{"embeddable":true,"href":"https:\/\/www.jootjeshaakcadeautjes.nl\/de\/wp-json\/wp\/v2\/media\/85789"}],"wp:attachment":[{"href":"https:\/\/www.jootjeshaakcadeautjes.nl\/de\/wp-json\/wp\/v2\/media?parent=120162"}],"wp:term":[{"taxonomy":"product_brand","embeddable":true,"href":"https:\/\/www.jootjeshaakcadeautjes.nl\/de\/wp-json\/wp\/v2\/product_brand?post=120162"},{"taxonomy":"product_cat","embeddable":true,"href":"https:\/\/www.jootjeshaakcadeautjes.nl\/de\/wp-json\/wp\/v2\/product_cat?post=120162"},{"taxonomy":"product_tag","embeddable":true,"href":"https:\/\/www.jootjeshaakcadeautjes.nl\/de\/wp-json\/wp\/v2\/product_tag?post=120162"}],"curies":[{"name":"wp","href":"https:\/\/api.w.org\/{rel}","templated":true}]}}