{"id":120166,"date":"2023-01-08T23:55:53","date_gmt":"2023-01-08T22:55:53","guid":{"rendered":"https:\/\/www.jootjeshaakcadeautjes.nl\/product\/silikonspiel-formen-puzzle-platte-geometrie-bloecke-natuerlich\/"},"modified":"2025-03-11T04:22:41","modified_gmt":"2025-03-11T03:22:41","slug":"silikonspiel-formen-puzzle-platte-geometrie-bloecke-natuerlich","status":"publish","type":"product","link":"https:\/\/www.jootjeshaakcadeautjes.nl\/de\/produkt\/silikonspiel-formen-puzzle-platte-geometrie-bloecke-natuerlich\/","title":{"rendered":"Silikon-Spielformen &#8211; Puzzle-Platte Geometrie\/Bl\u00f6cke &#8211; Natur"},"content":{"rendered":"<h2>Silikon-Spielformen &#8211; Puzzle-Platte Geometrie\/Bl\u00f6cke &#8211; Natur<\/h2>\n<p>Farbtyp: Nat\u00fcrlich<br \/>\nMarke: LittleJo<\/p>\n<p>Material: Nach europ\u00e4ischen Normen (EN-71) sicher getestetes Silikon, das 100% frei von sch\u00e4dlichen Chemikalien einschlie\u00dflich BPA ist. BPA-frei, PVC-, latex- und phthalatfrei. <\/p>\n<p>Das Spielzeug ist zu 100% aus diesem hochwertigen Silikon gefertigt. Design: Silikonplatte mit eingelegten Formen, 4 lose Formen, die zu den geometrischen Figuren passen. Gr\u00f6\u00dfe: ca. 12 x 12 cm Reinigung: Mit milder Seifenlauge und warmem Wasser.<\/p>\n<p>Dieses Silikonpuzzlebrett besteht aus 5 Teilen und ist das perfekte Spielzeug f\u00fcr Kleinkinder. Das Material ist leicht zu reinigen und kann ohne Gefahr nach Herzenslust angebissen werden. Beim Zahnen oder bei hei\u00dfem Wetter k\u00f6nnen die Regenb\u00f6gen auch gek\u00fchlt werden. Da Silikon leicht zu reinigen und wasserbest\u00e4ndig ist, eignen sich diese geometrischen Formen auch hervorragend als Spielzeug f\u00fcr die Badewanne, den Strand oder den Pool. Au\u00dferdem sieht dieser Regenbogen auch als Ausstellungsst\u00fcck im Kinderzimmer super cool aus. Die F\u00f6rmchen k\u00f6nnen auch mit Sand gef\u00fcllt werden, um sch\u00f6ne Formen in der Sandburg zu schaffen!<\/p>\n<p>Dieser Puzzleteller aus Silikon ist ein Muss f\u00fcr Ihre Babyausstattung. Er eignet sich als Bei\u00dffigur, Puzzle oder zum Stapeln und Werfen nach Herzenslust und sicher. Mit diesem Puzzlebrett lernt Ihr Kind bald mehr \u00fcber r\u00e4umliche Orientierung, Passen und Messen, Koordination und Grobmotorik. Dieses Puzzlebrett ist wirklich das perfekte erste Spielzeug, mit dem Ihr Kind spielerisch und auf einfache Weise lernen kann.<\/p>\n<p>Haftungsausschluss: Die Verwendung von Spielzeug wie unserem LittleJo Silikon-Stapel-Regenbogen sollte immer von einem verantwortlichen Erwachsenen beaufsichtigt werden. Auch im Laufstall oder im Kinderbett sollte man ein kleines Kind nie mit Spielzeug allein lassen. Reinigen Sie den Regenbogen immer vor dem ersten Gebrauch.<\/p>\n<p>Mit dem Kauf dieses Produkts erkl\u00e4ren Sie sich mit unseren Allgemeinen Gesch\u00e4ftsbedingungen einschlie\u00dflich dieser Bestimmungen\/Haftungsausschluss einverstanden. Die Verantwortung f\u00fcr die Beachtung und Einhaltung der von uns vorgegebenen Betriebsanleitung liegt bei Ihnen, dem Endverbraucher. Wenn Sie unseren Haftungsausschluss nicht beachten, k\u00f6nnen wir (LittleJo\/Jootjes Haakcadeautjes) nicht f\u00fcr Sch\u00e4den haftbar gemacht werden, die sich aus dem unsachgem\u00e4\u00dfen Gebrauch unserer Produkte ergeben.<\/p>\n","protected":false},"excerpt":{"rendered":"<p>Farbtyp: Natur Marke: LittleJo<\/p>\n<p>Material: Nach europ\u00e4ischen Normen (EN-71) sicher getestetes Silikon, das 100% frei von sch\u00e4dlichen Chemikalien einschlie\u00dflich BPA ist. BPA-frei, PVC-, latex- und phthalatfrei. <\/p>\n<p>Das Spielzeug besteht zu 100 Prozent aus diesem hochwertigen Silikon. Design: Puzzleteller mit vier geometrischen Puzzleformen Gr\u00f6\u00dfe: ca. 12 x 12 cm Reinigung: Mit milder Seifenlauge und warmem Wasser.<\/p>\n","protected":false},"featured_media":77377,"template":"","meta":[],"product_brand":[],"product_cat":[8184,8557],"product_tag":[7510,8104,8593,8569,7385,8571,7419,7452,9217,7901,9202,9194,9198,7933,8597,9228,8562,9205,9119,9189,9222,8583,9226,8591,9230,9203,8514,9211,9215,9219,7211,9080,9207,8559,8579,8613,8299,8595],"class_list":{"0":"post-120166","1":"product","2":"type-product","3":"status-publish","4":"has-post-thumbnail","6":"product_cat-baby-zubehor","7":"product_cat-stapelturm-stacking-cups-littlejo-mushie","8":"product_tag-baby-de","9":"product_tag-baby-zubehor","10":"product_tag-babyzimmer","11":"product_tag-beisen-de","12":"product_tag-beisring","13":"product_tag-beisspielzeug","14":"product_tag-bpa-de","15":"product_tag-bpa-frei","16":"product_tag-dreieck","17":"product_tag-en-71-de","18":"product_tag-formulare","19":"product_tag-geometrie-de","20":"product_tag-geometrisch-de-2","21":"product_tag-geschenk-fur-die-mutterschaft","22":"product_tag-jo-de","23":"product_tag-kauen","24":"product_tag-kleinkind","25":"product_tag-koordination","26":"product_tag-kreis","27":"product_tag-kuhlbar","28":"product_tag-leder","29":"product_tag-littlejo-de","30":"product_tag-montessori-de","31":"product_tag-musthaves-de","32":"product_tag-naturlich-de","33":"product_tag-orientierung","34":"product_tag-platz","35":"product_tag-ratsel","36":"product_tag-ratselbogen","37":"product_tag-ratselhaft","38":"product_tag-silikon","39":"product_tag-spielen","40":"product_tag-spielformen","41":"product_tag-spielzeug","42":"product_tag-stapelturm","43":"product_tag-stern","44":"product_tag-wenig","45":"product_tag-zahnen","46":"product_shipping_class-paketversand-erforderlich","48":"first","49":"outofstock","50":"taxable","51":"shipping-taxable","52":"purchasable","53":"product-type-simple"},"bundled_by":[],"bundle_stock_status":"outofstock","bundle_stock_quantity":0,"bundle_virtual":false,"bundle_layout":"","bundle_add_to_cart_form_location":"","bundle_editable_in_cart":false,"bundle_sold_individually_context":"","bundle_item_grouping":"","bundle_min_size":"","bundle_max_size":"","bundle_price":[],"bundled_items":[],"bundle_sell_ids":[],"yoast_head":"<!-- This site is optimized with the Yoast SEO Premium plugin v27.6 (Yoast SEO v27.6) - https:\/\/yoast.com\/product\/yoast-seo-premium-wordpress\/ -->\n<title>Spielformen aus Silikon - Puzzle Teller Natur - LittleJo<\/title>\n<meta name=\"description\" content=\"Silikon Spielformen Puzzleteller von LittleJo in der Farbe Natural. Das perfekte Babygeschenk, geeignet u.a. als Bei\u00dfring und Spielzeug, BPA-frei.\" \/>\n<meta name=\"robots\" content=\"index, follow, max-snippet:-1, max-image-preview:large, max-video-preview:-1\" \/>\n<link rel=\"canonical\" href=\"https:\/\/www.jootjeshaakcadeautjes.nl\/de\/produkt\/silikonspiel-formen-puzzle-platte-geometrie-bloecke-natuerlich\/\" \/>\n<meta property=\"og:locale\" content=\"de_DE\" \/>\n<meta property=\"og:type\" content=\"article\" \/>\n<meta property=\"og:title\" content=\"Silikon-Spielformen - Puzzle-Platte Geometrie\/Bl\u00f6cke - Natur\" \/>\n<meta property=\"og:description\" content=\"Silikon Spielformen Puzzleteller von LittleJo in der Farbe Natural. Das perfekte Babygeschenk, geeignet u.a. als Bei\u00dfring und Spielzeug, BPA-frei.\" \/>\n<meta property=\"og:url\" content=\"https:\/\/www.jootjeshaakcadeautjes.nl\/de\/produkt\/silikonspiel-formen-puzzle-platte-geometrie-bloecke-natuerlich\/\" \/>\n<meta property=\"og:site_name\" content=\"Jootjes Haakcadeautjes\" \/>\n<meta property=\"article:modified_time\" content=\"2025-03-11T03:22:41+00:00\" \/>\n<meta property=\"og:image\" content=\"https:\/\/www.jootjeshaakcadeautjes.nl\/wp-content\/uploads\/2021\/09\/20210801_173801.jpg\" \/>\n\t<meta property=\"og:image:width\" content=\"1755\" \/>\n\t<meta property=\"og:image:height\" content=\"1755\" \/>\n\t<meta property=\"og:image:type\" content=\"image\/jpeg\" \/>\n<meta name=\"twitter:card\" content=\"summary_large_image\" \/>\n<meta name=\"twitter:label1\" content=\"Preis\" \/>\n\t<meta name=\"twitter:data1\" content=\"&euro;10.25 inkl. MwSt.\" \/>\n\t<meta name=\"twitter:label2\" content=\"Verf\u00fcgbarkeit\" \/>\n\t<meta name=\"twitter:data2\" content=\"ausverkauft\" \/>\n<script type=\"application\/ld+json\" class=\"yoast-schema-graph\">{\"@context\":\"https:\\\/\\\/schema.org\",\"@graph\":[{\"@type\":\"WebPage\",\"@id\":\"https:\\\/\\\/www.jootjeshaakcadeautjes.nl\\\/de\\\/produkt\\\/silikonspiel-formen-puzzle-platte-geometrie-bloecke-natuerlich\\\/\",\"url\":\"https:\\\/\\\/www.jootjeshaakcadeautjes.nl\\\/de\\\/produkt\\\/silikonspiel-formen-puzzle-platte-geometrie-bloecke-natuerlich\\\/\",\"name\":\"Spielformen aus Silikon - Puzzle Teller Natur - LittleJo\",\"isPartOf\":{\"@id\":\"https:\\\/\\\/www.jootjeshaakcadeautjes.nl\\\/de\\\/#website\"},\"primaryImageOfPage\":{\"@id\":\"https:\\\/\\\/www.jootjeshaakcadeautjes.nl\\\/de\\\/produkt\\\/silikonspiel-formen-puzzle-platte-geometrie-bloecke-natuerlich\\\/#primaryimage\"},\"image\":{\"@id\":\"https:\\\/\\\/www.jootjeshaakcadeautjes.nl\\\/de\\\/produkt\\\/silikonspiel-formen-puzzle-platte-geometrie-bloecke-natuerlich\\\/#primaryimage\"},\"thumbnailUrl\":\"https:\\\/\\\/d1dyryakdmle7o.cloudfront.net\\\/wp-content\\\/uploads\\\/2021\\\/09\\\/20210801_173801.jpg\",\"datePublished\":\"2023-01-08T22:55:53+00:00\",\"dateModified\":\"2025-03-11T03:22:41+00:00\",\"description\":\"Silikon Spielformen Puzzleteller von LittleJo in der Farbe Natural. Das perfekte Babygeschenk, geeignet u.a. als Bei\u00dfring und Spielzeug, BPA-frei.\",\"breadcrumb\":{\"@id\":\"https:\\\/\\\/www.jootjeshaakcadeautjes.nl\\\/de\\\/produkt\\\/silikonspiel-formen-puzzle-platte-geometrie-bloecke-natuerlich\\\/#breadcrumb\"},\"inLanguage\":\"de\",\"potentialAction\":[{\"@type\":\"ReadAction\",\"target\":[\"https:\\\/\\\/www.jootjeshaakcadeautjes.nl\\\/de\\\/produkt\\\/silikonspiel-formen-puzzle-platte-geometrie-bloecke-natuerlich\\\/\"]}]},{\"@type\":\"ImageObject\",\"inLanguage\":\"de\",\"@id\":\"https:\\\/\\\/www.jootjeshaakcadeautjes.nl\\\/de\\\/produkt\\\/silikonspiel-formen-puzzle-platte-geometrie-bloecke-natuerlich\\\/#primaryimage\",\"url\":\"https:\\\/\\\/d1dyryakdmle7o.cloudfront.net\\\/wp-content\\\/uploads\\\/2021\\\/09\\\/20210801_173801.jpg\",\"contentUrl\":\"https:\\\/\\\/d1dyryakdmle7o.cloudfront.net\\\/wp-content\\\/uploads\\\/2021\\\/09\\\/20210801_173801.jpg\",\"width\":1755,\"height\":1755,\"caption\":\"Silikonspielzeug Bl\u00f6cke passen geometrischen Formen Kleinkind Entwicklung Baby sicher\"},{\"@type\":\"BreadcrumbList\",\"@id\":\"https:\\\/\\\/www.jootjeshaakcadeautjes.nl\\\/de\\\/produkt\\\/silikonspiel-formen-puzzle-platte-geometrie-bloecke-natuerlich\\\/#breadcrumb\",\"itemListElement\":[{\"@type\":\"ListItem\",\"position\":1,\"name\":\"Startseite\",\"item\":\"https:\\\/\\\/www.jootjeshaakcadeautjes.nl\\\/de\\\/\"},{\"@type\":\"ListItem\",\"position\":2,\"name\":\"Gro\u00dfhandel mit Silikonperlen &#8211; Business und Consumer\",\"item\":\"https:\\\/\\\/www.jootjeshaakcadeautjes.nl\\\/de\\\/shop\\\/\"},{\"@type\":\"ListItem\",\"position\":3,\"name\":\"Silikon-Spielformen &#8211; Puzzle-Platte Geometrie\\\/Bl\u00f6cke &#8211; Natur\"}]},{\"@type\":\"WebSite\",\"@id\":\"https:\\\/\\\/www.jootjeshaakcadeautjes.nl\\\/de\\\/#website\",\"url\":\"https:\\\/\\\/www.jootjeshaakcadeautjes.nl\\\/de\\\/\",\"name\":\"Jootjes Haakcadeautjes\",\"description\":\"Silikonperlen Gro\u00dfhandel \",\"publisher\":{\"@id\":\"https:\\\/\\\/www.jootjeshaakcadeautjes.nl\\\/de\\\/#organization\"},\"potentialAction\":[{\"@type\":\"SearchAction\",\"target\":{\"@type\":\"EntryPoint\",\"urlTemplate\":\"https:\\\/\\\/www.jootjeshaakcadeautjes.nl\\\/de\\\/?s={search_term_string}\"},\"query-input\":{\"@type\":\"PropertyValueSpecification\",\"valueRequired\":true,\"valueName\":\"search_term_string\"}}],\"inLanguage\":\"de\"},{\"@type\":\"Organization\",\"@id\":\"https:\\\/\\\/www.jootjeshaakcadeautjes.nl\\\/de\\\/#organization\",\"name\":\"Jootjes Haakcadeautjes\",\"url\":\"https:\\\/\\\/www.jootjeshaakcadeautjes.nl\\\/de\\\/\",\"logo\":{\"@type\":\"ImageObject\",\"inLanguage\":\"de\",\"@id\":\"https:\\\/\\\/www.jootjeshaakcadeautjes.nl\\\/de\\\/#\\\/schema\\\/logo\\\/image\\\/\",\"url\":\"https:\\\/\\\/d1dyryakdmle7o.cloudfront.net\\\/wp-content\\\/uploads\\\/2023\\\/05\\\/Logo-rond.png\",\"contentUrl\":\"https:\\\/\\\/d1dyryakdmle7o.cloudfront.net\\\/wp-content\\\/uploads\\\/2023\\\/05\\\/Logo-rond.png\",\"width\":1222,\"height\":1222,\"caption\":\"Jootjes Haakcadeautjes\"},\"image\":{\"@id\":\"https:\\\/\\\/www.jootjeshaakcadeautjes.nl\\\/de\\\/#\\\/schema\\\/logo\\\/image\\\/\"}}]}<\/script>\n<meta property=\"product:price:amount\" content=\"10.25\" \/>\n<meta property=\"product:price:currency\" content=\"EUR\" \/>\n<meta property=\"og:availability\" content=\"out of stock\" \/>\n<meta property=\"product:availability\" content=\"out of stock\" \/>\n<meta property=\"product:retailer_item_id\" content=\"SIL-PZV-NAT\" \/>\n<meta property=\"product:condition\" content=\"new\" \/>\n<!-- \/ Yoast SEO Premium plugin. -->","yoast_head_json":{"title":"Spielformen aus Silikon - Puzzle Teller Natur - LittleJo","description":"Silikon Spielformen Puzzleteller von LittleJo in der Farbe Natural. Das perfekte Babygeschenk, geeignet u.a. als Bei\u00dfring und Spielzeug, BPA-frei.","robots":{"index":"index","follow":"follow","max-snippet":"max-snippet:-1","max-image-preview":"max-image-preview:large","max-video-preview":"max-video-preview:-1"},"canonical":"https:\/\/www.jootjeshaakcadeautjes.nl\/de\/produkt\/silikonspiel-formen-puzzle-platte-geometrie-bloecke-natuerlich\/","og_locale":"de_DE","og_type":"article","og_title":"Silikon-Spielformen - Puzzle-Platte Geometrie\/Bl\u00f6cke - Natur","og_description":"Silikon Spielformen Puzzleteller von LittleJo in der Farbe Natural. Das perfekte Babygeschenk, geeignet u.a. als Bei\u00dfring und Spielzeug, BPA-frei.","og_url":"https:\/\/www.jootjeshaakcadeautjes.nl\/de\/produkt\/silikonspiel-formen-puzzle-platte-geometrie-bloecke-natuerlich\/","og_site_name":"Jootjes Haakcadeautjes","article_modified_time":"2025-03-11T03:22:41+00:00","og_image":[{"width":1755,"height":1755,"url":"https:\/\/www.jootjeshaakcadeautjes.nl\/wp-content\/uploads\/2021\/09\/20210801_173801.jpg","type":"image\/jpeg"}],"twitter_card":"summary_large_image","twitter_misc":{"Preis":"&euro;10.25 inkl. MwSt.","Verf\u00fcgbarkeit":"ausverkauft"},"schema":{"@context":"https:\/\/schema.org","@graph":[{"@type":"WebPage","@id":"https:\/\/www.jootjeshaakcadeautjes.nl\/de\/produkt\/silikonspiel-formen-puzzle-platte-geometrie-bloecke-natuerlich\/","url":"https:\/\/www.jootjeshaakcadeautjes.nl\/de\/produkt\/silikonspiel-formen-puzzle-platte-geometrie-bloecke-natuerlich\/","name":"Spielformen aus Silikon - Puzzle Teller Natur - LittleJo","isPartOf":{"@id":"https:\/\/www.jootjeshaakcadeautjes.nl\/de\/#website"},"primaryImageOfPage":{"@id":"https:\/\/www.jootjeshaakcadeautjes.nl\/de\/produkt\/silikonspiel-formen-puzzle-platte-geometrie-bloecke-natuerlich\/#primaryimage"},"image":{"@id":"https:\/\/www.jootjeshaakcadeautjes.nl\/de\/produkt\/silikonspiel-formen-puzzle-platte-geometrie-bloecke-natuerlich\/#primaryimage"},"thumbnailUrl":"https:\/\/d1dyryakdmle7o.cloudfront.net\/wp-content\/uploads\/2021\/09\/20210801_173801.jpg","datePublished":"2023-01-08T22:55:53+00:00","dateModified":"2025-03-11T03:22:41+00:00","description":"Silikon Spielformen Puzzleteller von LittleJo in der Farbe Natural. Das perfekte Babygeschenk, geeignet u.a. als Bei\u00dfring und Spielzeug, BPA-frei.","breadcrumb":{"@id":"https:\/\/www.jootjeshaakcadeautjes.nl\/de\/produkt\/silikonspiel-formen-puzzle-platte-geometrie-bloecke-natuerlich\/#breadcrumb"},"inLanguage":"de","potentialAction":[{"@type":"ReadAction","target":["https:\/\/www.jootjeshaakcadeautjes.nl\/de\/produkt\/silikonspiel-formen-puzzle-platte-geometrie-bloecke-natuerlich\/"]}]},{"@type":"ImageObject","inLanguage":"de","@id":"https:\/\/www.jootjeshaakcadeautjes.nl\/de\/produkt\/silikonspiel-formen-puzzle-platte-geometrie-bloecke-natuerlich\/#primaryimage","url":"https:\/\/d1dyryakdmle7o.cloudfront.net\/wp-content\/uploads\/2021\/09\/20210801_173801.jpg","contentUrl":"https:\/\/d1dyryakdmle7o.cloudfront.net\/wp-content\/uploads\/2021\/09\/20210801_173801.jpg","width":1755,"height":1755,"caption":"Silikonspielzeug Bl\u00f6cke passen geometrischen Formen Kleinkind Entwicklung Baby sicher"},{"@type":"BreadcrumbList","@id":"https:\/\/www.jootjeshaakcadeautjes.nl\/de\/produkt\/silikonspiel-formen-puzzle-platte-geometrie-bloecke-natuerlich\/#breadcrumb","itemListElement":[{"@type":"ListItem","position":1,"name":"Startseite","item":"https:\/\/www.jootjeshaakcadeautjes.nl\/de\/"},{"@type":"ListItem","position":2,"name":"Gro\u00dfhandel mit Silikonperlen &#8211; Business und Consumer","item":"https:\/\/www.jootjeshaakcadeautjes.nl\/de\/shop\/"},{"@type":"ListItem","position":3,"name":"Silikon-Spielformen &#8211; Puzzle-Platte Geometrie\/Bl\u00f6cke &#8211; Natur"}]},{"@type":"WebSite","@id":"https:\/\/www.jootjeshaakcadeautjes.nl\/de\/#website","url":"https:\/\/www.jootjeshaakcadeautjes.nl\/de\/","name":"Jootjes Haakcadeautjes","description":"Silikonperlen Gro\u00dfhandel ","publisher":{"@id":"https:\/\/www.jootjeshaakcadeautjes.nl\/de\/#organization"},"potentialAction":[{"@type":"SearchAction","target":{"@type":"EntryPoint","urlTemplate":"https:\/\/www.jootjeshaakcadeautjes.nl\/de\/?s={search_term_string}"},"query-input":{"@type":"PropertyValueSpecification","valueRequired":true,"valueName":"search_term_string"}}],"inLanguage":"de"},{"@type":"Organization","@id":"https:\/\/www.jootjeshaakcadeautjes.nl\/de\/#organization","name":"Jootjes Haakcadeautjes","url":"https:\/\/www.jootjeshaakcadeautjes.nl\/de\/","logo":{"@type":"ImageObject","inLanguage":"de","@id":"https:\/\/www.jootjeshaakcadeautjes.nl\/de\/#\/schema\/logo\/image\/","url":"https:\/\/d1dyryakdmle7o.cloudfront.net\/wp-content\/uploads\/2023\/05\/Logo-rond.png","contentUrl":"https:\/\/d1dyryakdmle7o.cloudfront.net\/wp-content\/uploads\/2023\/05\/Logo-rond.png","width":1222,"height":1222,"caption":"Jootjes Haakcadeautjes"},"image":{"@id":"https:\/\/www.jootjeshaakcadeautjes.nl\/de\/#\/schema\/logo\/image\/"}}]},"product_price_amount":"10.25","product_price_currency":"EUR","og_availability":"out of stock","product_availability":"out of stock","product_retailer_item_id":"SIL-PZV-NAT","product_condition":"new"},"_links":{"self":[{"href":"https:\/\/www.jootjeshaakcadeautjes.nl\/de\/wp-json\/wp\/v2\/product\/120166","targetHints":{"allow":["GET"]}}],"collection":[{"href":"https:\/\/www.jootjeshaakcadeautjes.nl\/de\/wp-json\/wp\/v2\/product"}],"about":[{"href":"https:\/\/www.jootjeshaakcadeautjes.nl\/de\/wp-json\/wp\/v2\/types\/product"}],"version-history":[{"count":0,"href":"https:\/\/www.jootjeshaakcadeautjes.nl\/de\/wp-json\/wp\/v2\/product\/120166\/revisions"}],"wp:featuredmedia":[{"embeddable":true,"href":"https:\/\/www.jootjeshaakcadeautjes.nl\/de\/wp-json\/wp\/v2\/media\/77377"}],"wp:attachment":[{"href":"https:\/\/www.jootjeshaakcadeautjes.nl\/de\/wp-json\/wp\/v2\/media?parent=120166"}],"wp:term":[{"taxonomy":"product_brand","embeddable":true,"href":"https:\/\/www.jootjeshaakcadeautjes.nl\/de\/wp-json\/wp\/v2\/product_brand?post=120166"},{"taxonomy":"product_cat","embeddable":true,"href":"https:\/\/www.jootjeshaakcadeautjes.nl\/de\/wp-json\/wp\/v2\/product_cat?post=120166"},{"taxonomy":"product_tag","embeddable":true,"href":"https:\/\/www.jootjeshaakcadeautjes.nl\/de\/wp-json\/wp\/v2\/product_tag?post=120166"}],"curies":[{"name":"wp","href":"https:\/\/api.w.org\/{rel}","templated":true}]}}