{"id":120170,"date":"2023-02-02T23:03:47","date_gmt":"2023-02-02T21:03:47","guid":{"rendered":"https:\/\/www.jootjeshaakcadeautjes.nl\/product\/glocke-22-mm-schwarz\/"},"modified":"2025-08-28T02:27:11","modified_gmt":"2025-08-28T00:27:11","slug":"glocke-22-mm-schwarz","status":"publish","type":"product","link":"https:\/\/www.jootjeshaakcadeautjes.nl\/de\/produkt\/glocke-22-mm-schwarz\/","title":{"rendered":"Glocke &#8211; 22 mm &#8211; Schwarz"},"content":{"rendered":"<h2>Spezifikationen:<\/h2>\n<ul>\n<li>Farbe: Schwarz<\/li>\n<li>Gr\u00f6\u00dfe: 22 mm mit Befestigungshaken<\/li>\n<li>Einzeln verkauft<\/li>\n<\/ul>\n<h3>Wozu werden diese Blasen h\u00e4ufig verwendet?<\/h3>\n<p>Die Silbergl\u00f6ckchen werden h\u00e4ufig zur Verzierung von geh\u00e4kelten Amigurumi verwendet. Daher werden diese Glocken in den Entw\u00fcrfen von Kristel Droog h\u00e4ufig verwendet. Unter anderem in ihrem Buch: &#8220;My Cuddles from Sock Wool&#8221; (H\u00e4kelmuster Schaf Mollie und K\u00e4tzchen Mauw) und ihre B\u00fccher &#8220;My Dogs from Sock Wool&#8221; und &#8220;My Dogs from Sock Wool 2&#8221;. Die geh\u00e4kelten Hunde haben oft ein Halsband, zu dem eine Glocke eine sch\u00f6ne Erg\u00e4nzung ist.<\/p>\n<p>Dar\u00fcber hinaus werden Glocken jetzt zunehmend in handgefertigtem Babyspielzeug wie Kinderwagenketten und Kinderwagenb\u00fcgeln verwendet. Bitte beachten Sie, dass die Blasen nicht zum Lutschen gedacht sind.<\/p>\n<h3>Wozu werden diese Blasen h\u00e4ufig verwendet?<\/h3>\n<p>Wir raten zun\u00e4chst davon ab, Gl\u00f6ckchen in Babyspielzeug zu verwenden. Wenn sie trotzdem verwendet werden, achten Sie auf die Befestigung. Die Blasen sind klein und rund und lassen sich leichter abl\u00f6sen. Dar\u00fcber hinaus k\u00f6nnen sie sich bei hohem Druck verformen (innen hohl). Jootjes Haakcadeautjes haftet nicht f\u00fcr Sch\u00e4den, die durch den Gebrauch des Endprodukts entstehen. Nur unter strenger Aufsicht eines verantwortlichen Erwachsenen verwenden.<\/p>\n<p>&nbsp;<\/p>\n","protected":false},"excerpt":{"rendered":"<p>Farbe: Schwarz, mit Befestigungshaken. Gr\u00f6\u00dfe: 22 mm Verkauft pro St\u00fcck. Wird unter anderem zum Verzieren von Amigurumi und in Babyspielzeug verwendet. Lesen Sie unseren Haftungsausschluss am Ende der Seite.<\/p>\n<p>&nbsp;<\/p>\n","protected":false},"featured_media":86550,"template":"","meta":[],"product_brand":[],"product_cat":[8247,8821],"product_tag":[8025,8305,9172,7510,8087,7385,8571,9162,9175,7416,8268,9178,9168,7442,7397,7926,8101],"class_list":{"0":"post-120170","1":"product","2":"type-product","3":"status-publish","4":"has-post-thumbnail","6":"product_cat-bastelmaterial-hakelzubehor","7":"product_cat-rasselscheiben-rasselperlen-quietscher-knisterfolie-und-glockchen","8":"product_tag-22-de","9":"product_tag-amigurumi-de","10":"product_tag-aufrufen","11":"product_tag-baby-de","12":"product_tag-babygymnastik","13":"product_tag-beisring","14":"product_tag-beisspielzeug","15":"product_tag-dekoration-de-2","16":"product_tag-glocke","17":"product_tag-gummischnur","18":"product_tag-hakchen","19":"product_tag-hakelbucher","20":"product_tag-hakeln-de-3","21":"product_tag-kinderwagenkette","22":"product_tag-mm-de","23":"product_tag-silikonperlen","24":"product_tag-waggonaufhanger","26":"first","27":"instock","28":"taxable","29":"shipping-taxable","30":"purchasable","31":"product-type-simple"},"bundled_by":[],"bundle_stock_status":"instock","bundle_stock_quantity":31,"bundle_virtual":false,"bundle_layout":"","bundle_add_to_cart_form_location":"","bundle_editable_in_cart":false,"bundle_sold_individually_context":"","bundle_item_grouping":"","bundle_min_size":"","bundle_max_size":"","bundle_price":[],"bundled_items":[],"bundle_sell_ids":[],"yoast_head":"<!-- This site is optimized with the Yoast SEO Premium plugin v27.6 (Yoast SEO v27.6) - https:\/\/yoast.com\/product\/yoast-seo-premium-wordpress\/ -->\n<title>Glocke - 22 mm - Schwarz - Jootjes Haakcadeautjes<\/title>\n<meta name=\"description\" content=\"Glocke schwarz f\u00fcr Haken, Kinderwagenketten, Kinderwagenb\u00fcgel, Stabanh\u00e4nger, Rasseln und mehr. Zum Selbermachen von Babyspielzeug.\" \/>\n<meta name=\"robots\" content=\"index, follow, max-snippet:-1, max-image-preview:large, max-video-preview:-1\" \/>\n<link rel=\"canonical\" href=\"https:\/\/www.jootjeshaakcadeautjes.nl\/de\/produkt\/glocke-22-mm-schwarz\/\" \/>\n<meta property=\"og:locale\" content=\"de_DE\" \/>\n<meta property=\"og:type\" content=\"article\" \/>\n<meta property=\"og:title\" content=\"Glocke - 22 mm - Schwarz\" \/>\n<meta property=\"og:description\" content=\"Glocke schwarz f\u00fcr Haken, Kinderwagenketten, Kinderwagenb\u00fcgel, Stabanh\u00e4nger, Rasseln und mehr. Zum Selbermachen von Babyspielzeug.\" \/>\n<meta property=\"og:url\" content=\"https:\/\/www.jootjeshaakcadeautjes.nl\/de\/produkt\/glocke-22-mm-schwarz\/\" \/>\n<meta property=\"og:site_name\" content=\"Jootjes Haakcadeautjes\" \/>\n<meta property=\"article:modified_time\" content=\"2025-08-28T00:27:11+00:00\" \/>\n<meta property=\"og:image\" content=\"https:\/\/www.jootjeshaakcadeautjes.nl\/wp-content\/uploads\/2023\/02\/20230129_201851.jpg\" \/>\n\t<meta property=\"og:image:width\" content=\"2048\" \/>\n\t<meta property=\"og:image:height\" content=\"2048\" \/>\n\t<meta property=\"og:image:type\" content=\"image\/jpeg\" \/>\n<meta name=\"twitter:card\" content=\"summary_large_image\" \/>\n<meta name=\"twitter:label1\" content=\"Preis\" \/>\n\t<meta name=\"twitter:data1\" content=\"&euro;0.85 inkl. MwSt.\" \/>\n\t<meta name=\"twitter:label2\" content=\"Verf\u00fcgbarkeit\" \/>\n\t<meta name=\"twitter:data2\" content=\"Auf Lager\" \/>\n<script type=\"application\/ld+json\" class=\"yoast-schema-graph\">{\"@context\":\"https:\\\/\\\/schema.org\",\"@graph\":[{\"@type\":\"WebPage\",\"@id\":\"https:\\\/\\\/www.jootjeshaakcadeautjes.nl\\\/de\\\/produkt\\\/glocke-22-mm-schwarz\\\/\",\"url\":\"https:\\\/\\\/www.jootjeshaakcadeautjes.nl\\\/de\\\/produkt\\\/glocke-22-mm-schwarz\\\/\",\"name\":\"Glocke - 22 mm - Schwarz - Jootjes Haakcadeautjes\",\"isPartOf\":{\"@id\":\"https:\\\/\\\/www.jootjeshaakcadeautjes.nl\\\/de\\\/#website\"},\"primaryImageOfPage\":{\"@id\":\"https:\\\/\\\/www.jootjeshaakcadeautjes.nl\\\/de\\\/produkt\\\/glocke-22-mm-schwarz\\\/#primaryimage\"},\"image\":{\"@id\":\"https:\\\/\\\/www.jootjeshaakcadeautjes.nl\\\/de\\\/produkt\\\/glocke-22-mm-schwarz\\\/#primaryimage\"},\"thumbnailUrl\":\"https:\\\/\\\/d1dyryakdmle7o.cloudfront.net\\\/wp-content\\\/uploads\\\/2023\\\/02\\\/20230129_201851.jpg\",\"datePublished\":\"2023-02-02T21:03:47+00:00\",\"dateModified\":\"2025-08-28T00:27:11+00:00\",\"description\":\"Glocke schwarz f\u00fcr Haken, Kinderwagenketten, Kinderwagenb\u00fcgel, Stabanh\u00e4nger, Rasseln und mehr. Zum Selbermachen von Babyspielzeug.\",\"breadcrumb\":{\"@id\":\"https:\\\/\\\/www.jootjeshaakcadeautjes.nl\\\/de\\\/produkt\\\/glocke-22-mm-schwarz\\\/#breadcrumb\"},\"inLanguage\":\"de\",\"potentialAction\":[{\"@type\":\"ReadAction\",\"target\":[\"https:\\\/\\\/www.jootjeshaakcadeautjes.nl\\\/de\\\/produkt\\\/glocke-22-mm-schwarz\\\/\"]}]},{\"@type\":\"ImageObject\",\"inLanguage\":\"de\",\"@id\":\"https:\\\/\\\/www.jootjeshaakcadeautjes.nl\\\/de\\\/produkt\\\/glocke-22-mm-schwarz\\\/#primaryimage\",\"url\":\"https:\\\/\\\/d1dyryakdmle7o.cloudfront.net\\\/wp-content\\\/uploads\\\/2023\\\/02\\\/20230129_201851.jpg\",\"contentUrl\":\"https:\\\/\\\/d1dyryakdmle7o.cloudfront.net\\\/wp-content\\\/uploads\\\/2023\\\/02\\\/20230129_201851.jpg\",\"width\":2048,\"height\":2048,\"caption\":\"Glocke schwarz Kinderwagen Aufh\u00e4nger Haken Amigurumi Kinderwagen Anh\u00e4nger Silikonperlen Baby Bei\u00dfspielzeug Gro\u00dfhandel\"},{\"@type\":\"BreadcrumbList\",\"@id\":\"https:\\\/\\\/www.jootjeshaakcadeautjes.nl\\\/de\\\/produkt\\\/glocke-22-mm-schwarz\\\/#breadcrumb\",\"itemListElement\":[{\"@type\":\"ListItem\",\"position\":1,\"name\":\"Startseite\",\"item\":\"https:\\\/\\\/www.jootjeshaakcadeautjes.nl\\\/de\\\/\"},{\"@type\":\"ListItem\",\"position\":2,\"name\":\"Gro\u00dfhandel mit Silikonperlen &#8211; Business und Consumer\",\"item\":\"https:\\\/\\\/www.jootjeshaakcadeautjes.nl\\\/de\\\/shop\\\/\"},{\"@type\":\"ListItem\",\"position\":3,\"name\":\"Glocke &#8211; 22 mm &#8211; Schwarz\"}]},{\"@type\":\"WebSite\",\"@id\":\"https:\\\/\\\/www.jootjeshaakcadeautjes.nl\\\/de\\\/#website\",\"url\":\"https:\\\/\\\/www.jootjeshaakcadeautjes.nl\\\/de\\\/\",\"name\":\"Jootjes Haakcadeautjes\",\"description\":\"Silikonperlen Gro\u00dfhandel \",\"publisher\":{\"@id\":\"https:\\\/\\\/www.jootjeshaakcadeautjes.nl\\\/de\\\/#organization\"},\"potentialAction\":[{\"@type\":\"SearchAction\",\"target\":{\"@type\":\"EntryPoint\",\"urlTemplate\":\"https:\\\/\\\/www.jootjeshaakcadeautjes.nl\\\/de\\\/?s={search_term_string}\"},\"query-input\":{\"@type\":\"PropertyValueSpecification\",\"valueRequired\":true,\"valueName\":\"search_term_string\"}}],\"inLanguage\":\"de\"},{\"@type\":\"Organization\",\"@id\":\"https:\\\/\\\/www.jootjeshaakcadeautjes.nl\\\/de\\\/#organization\",\"name\":\"Jootjes Haakcadeautjes\",\"url\":\"https:\\\/\\\/www.jootjeshaakcadeautjes.nl\\\/de\\\/\",\"logo\":{\"@type\":\"ImageObject\",\"inLanguage\":\"de\",\"@id\":\"https:\\\/\\\/www.jootjeshaakcadeautjes.nl\\\/de\\\/#\\\/schema\\\/logo\\\/image\\\/\",\"url\":\"https:\\\/\\\/d1dyryakdmle7o.cloudfront.net\\\/wp-content\\\/uploads\\\/2023\\\/05\\\/Logo-rond.png\",\"contentUrl\":\"https:\\\/\\\/d1dyryakdmle7o.cloudfront.net\\\/wp-content\\\/uploads\\\/2023\\\/05\\\/Logo-rond.png\",\"width\":1222,\"height\":1222,\"caption\":\"Jootjes Haakcadeautjes\"},\"image\":{\"@id\":\"https:\\\/\\\/www.jootjeshaakcadeautjes.nl\\\/de\\\/#\\\/schema\\\/logo\\\/image\\\/\"}}]}<\/script>\n<meta property=\"product:price:amount\" content=\"0.85\" \/>\n<meta property=\"product:price:currency\" content=\"EUR\" \/>\n<meta property=\"og:availability\" content=\"instock\" \/>\n<meta property=\"product:availability\" content=\"instock\" \/>\n<meta property=\"product:retailer_item_id\" content=\"BEL-ZWA-022\" \/>\n<meta property=\"product:condition\" content=\"new\" \/>\n<!-- \/ Yoast SEO Premium plugin. -->","yoast_head_json":{"title":"Glocke - 22 mm - Schwarz - Jootjes Haakcadeautjes","description":"Glocke schwarz f\u00fcr Haken, Kinderwagenketten, Kinderwagenb\u00fcgel, Stabanh\u00e4nger, Rasseln und mehr. Zum Selbermachen von Babyspielzeug.","robots":{"index":"index","follow":"follow","max-snippet":"max-snippet:-1","max-image-preview":"max-image-preview:large","max-video-preview":"max-video-preview:-1"},"canonical":"https:\/\/www.jootjeshaakcadeautjes.nl\/de\/produkt\/glocke-22-mm-schwarz\/","og_locale":"de_DE","og_type":"article","og_title":"Glocke - 22 mm - Schwarz","og_description":"Glocke schwarz f\u00fcr Haken, Kinderwagenketten, Kinderwagenb\u00fcgel, Stabanh\u00e4nger, Rasseln und mehr. Zum Selbermachen von Babyspielzeug.","og_url":"https:\/\/www.jootjeshaakcadeautjes.nl\/de\/produkt\/glocke-22-mm-schwarz\/","og_site_name":"Jootjes Haakcadeautjes","article_modified_time":"2025-08-28T00:27:11+00:00","og_image":[{"width":2048,"height":2048,"url":"https:\/\/www.jootjeshaakcadeautjes.nl\/wp-content\/uploads\/2023\/02\/20230129_201851.jpg","type":"image\/jpeg"}],"twitter_card":"summary_large_image","twitter_misc":{"Preis":"&euro;0.85 inkl. MwSt.","Verf\u00fcgbarkeit":"Auf Lager"},"schema":{"@context":"https:\/\/schema.org","@graph":[{"@type":"WebPage","@id":"https:\/\/www.jootjeshaakcadeautjes.nl\/de\/produkt\/glocke-22-mm-schwarz\/","url":"https:\/\/www.jootjeshaakcadeautjes.nl\/de\/produkt\/glocke-22-mm-schwarz\/","name":"Glocke - 22 mm - Schwarz - Jootjes Haakcadeautjes","isPartOf":{"@id":"https:\/\/www.jootjeshaakcadeautjes.nl\/de\/#website"},"primaryImageOfPage":{"@id":"https:\/\/www.jootjeshaakcadeautjes.nl\/de\/produkt\/glocke-22-mm-schwarz\/#primaryimage"},"image":{"@id":"https:\/\/www.jootjeshaakcadeautjes.nl\/de\/produkt\/glocke-22-mm-schwarz\/#primaryimage"},"thumbnailUrl":"https:\/\/d1dyryakdmle7o.cloudfront.net\/wp-content\/uploads\/2023\/02\/20230129_201851.jpg","datePublished":"2023-02-02T21:03:47+00:00","dateModified":"2025-08-28T00:27:11+00:00","description":"Glocke schwarz f\u00fcr Haken, Kinderwagenketten, Kinderwagenb\u00fcgel, Stabanh\u00e4nger, Rasseln und mehr. Zum Selbermachen von Babyspielzeug.","breadcrumb":{"@id":"https:\/\/www.jootjeshaakcadeautjes.nl\/de\/produkt\/glocke-22-mm-schwarz\/#breadcrumb"},"inLanguage":"de","potentialAction":[{"@type":"ReadAction","target":["https:\/\/www.jootjeshaakcadeautjes.nl\/de\/produkt\/glocke-22-mm-schwarz\/"]}]},{"@type":"ImageObject","inLanguage":"de","@id":"https:\/\/www.jootjeshaakcadeautjes.nl\/de\/produkt\/glocke-22-mm-schwarz\/#primaryimage","url":"https:\/\/d1dyryakdmle7o.cloudfront.net\/wp-content\/uploads\/2023\/02\/20230129_201851.jpg","contentUrl":"https:\/\/d1dyryakdmle7o.cloudfront.net\/wp-content\/uploads\/2023\/02\/20230129_201851.jpg","width":2048,"height":2048,"caption":"Glocke schwarz Kinderwagen Aufh\u00e4nger Haken Amigurumi Kinderwagen Anh\u00e4nger Silikonperlen Baby Bei\u00dfspielzeug Gro\u00dfhandel"},{"@type":"BreadcrumbList","@id":"https:\/\/www.jootjeshaakcadeautjes.nl\/de\/produkt\/glocke-22-mm-schwarz\/#breadcrumb","itemListElement":[{"@type":"ListItem","position":1,"name":"Startseite","item":"https:\/\/www.jootjeshaakcadeautjes.nl\/de\/"},{"@type":"ListItem","position":2,"name":"Gro\u00dfhandel mit Silikonperlen &#8211; Business und Consumer","item":"https:\/\/www.jootjeshaakcadeautjes.nl\/de\/shop\/"},{"@type":"ListItem","position":3,"name":"Glocke &#8211; 22 mm &#8211; Schwarz"}]},{"@type":"WebSite","@id":"https:\/\/www.jootjeshaakcadeautjes.nl\/de\/#website","url":"https:\/\/www.jootjeshaakcadeautjes.nl\/de\/","name":"Jootjes Haakcadeautjes","description":"Silikonperlen Gro\u00dfhandel ","publisher":{"@id":"https:\/\/www.jootjeshaakcadeautjes.nl\/de\/#organization"},"potentialAction":[{"@type":"SearchAction","target":{"@type":"EntryPoint","urlTemplate":"https:\/\/www.jootjeshaakcadeautjes.nl\/de\/?s={search_term_string}"},"query-input":{"@type":"PropertyValueSpecification","valueRequired":true,"valueName":"search_term_string"}}],"inLanguage":"de"},{"@type":"Organization","@id":"https:\/\/www.jootjeshaakcadeautjes.nl\/de\/#organization","name":"Jootjes Haakcadeautjes","url":"https:\/\/www.jootjeshaakcadeautjes.nl\/de\/","logo":{"@type":"ImageObject","inLanguage":"de","@id":"https:\/\/www.jootjeshaakcadeautjes.nl\/de\/#\/schema\/logo\/image\/","url":"https:\/\/d1dyryakdmle7o.cloudfront.net\/wp-content\/uploads\/2023\/05\/Logo-rond.png","contentUrl":"https:\/\/d1dyryakdmle7o.cloudfront.net\/wp-content\/uploads\/2023\/05\/Logo-rond.png","width":1222,"height":1222,"caption":"Jootjes Haakcadeautjes"},"image":{"@id":"https:\/\/www.jootjeshaakcadeautjes.nl\/de\/#\/schema\/logo\/image\/"}}]},"product_price_amount":"0.85","product_price_currency":"EUR","og_availability":"instock","product_availability":"instock","product_retailer_item_id":"BEL-ZWA-022","product_condition":"new"},"_links":{"self":[{"href":"https:\/\/www.jootjeshaakcadeautjes.nl\/de\/wp-json\/wp\/v2\/product\/120170","targetHints":{"allow":["GET"]}}],"collection":[{"href":"https:\/\/www.jootjeshaakcadeautjes.nl\/de\/wp-json\/wp\/v2\/product"}],"about":[{"href":"https:\/\/www.jootjeshaakcadeautjes.nl\/de\/wp-json\/wp\/v2\/types\/product"}],"version-history":[{"count":0,"href":"https:\/\/www.jootjeshaakcadeautjes.nl\/de\/wp-json\/wp\/v2\/product\/120170\/revisions"}],"wp:featuredmedia":[{"embeddable":true,"href":"https:\/\/www.jootjeshaakcadeautjes.nl\/de\/wp-json\/wp\/v2\/media\/86550"}],"wp:attachment":[{"href":"https:\/\/www.jootjeshaakcadeautjes.nl\/de\/wp-json\/wp\/v2\/media?parent=120170"}],"wp:term":[{"taxonomy":"product_brand","embeddable":true,"href":"https:\/\/www.jootjeshaakcadeautjes.nl\/de\/wp-json\/wp\/v2\/product_brand?post=120170"},{"taxonomy":"product_cat","embeddable":true,"href":"https:\/\/www.jootjeshaakcadeautjes.nl\/de\/wp-json\/wp\/v2\/product_cat?post=120170"},{"taxonomy":"product_tag","embeddable":true,"href":"https:\/\/www.jootjeshaakcadeautjes.nl\/de\/wp-json\/wp\/v2\/product_tag?post=120170"}],"curies":[{"name":"wp","href":"https:\/\/api.w.org\/{rel}","templated":true}]}}