{"id":120257,"date":"2022-12-21T18:14:08","date_gmt":"2022-12-21T17:14:08","guid":{"rendered":"https:\/\/www.jootjeshaakcadeautjes.nl\/product\/tortenschaufel-tortenschaufel-reif\/"},"modified":"2026-02-02T15:24:24","modified_gmt":"2026-02-02T14:24:24","slug":"tortenschaufel-tortenschaufel-reif","status":"publish","type":"product","link":"https:\/\/www.jootjeshaakcadeautjes.nl\/de\/produkt\/tortenschaufel-tortenschaufel-reif\/","title":{"rendered":"Tortenheber &#8211; Geb\u00e4ckheber &#8211; Ruderbar"},"content":{"rendered":"<h2>Tortenheber &#8211; Tortenheber &#8211; Rowable &#8211; Silikonperlen, Holzperlen und mehr<\/h2>\n<p>Dieser Kuchen\u00f6ffner ist ein tolles, personalisiertes Geschenk und eignet sich perfekt f\u00fcr einen Kaffeeabend. Von Silikonperlen \u00fcber Holzperlen bis hin zu eingravierten Perlen mit spezieller Botschaft k\u00f6nnen Sie die ganze Vielfalt erleben. Aus hochwertigem Edelstahl gefertigt, l\u00e4sst sich dieser Tortenheber nicht verbiegen. Diese Tortenheber sind haltbar, langlebig und k\u00f6nnen je nach Anlass individuell gestaltet werden! Tolle Geschenke f\u00fcr V\u00e4ter, M\u00fctter, Opas und Omas, aber auch f\u00fcr Kollegen, Weihnachten und Urlaub und mehr!<\/p>\n","protected":false},"excerpt":{"rendered":"<p>Typ: Geb\u00e4ckservice, reihbar, silber<br \/>\nAlle Perlen passen zu diesem Flaschen\u00f6ffner (au\u00dfer Acryl-Buchstabenperlen)<\/p>\n","protected":false},"featured_media":85835,"template":"","meta":[],"product_brand":[],"product_cat":[7194,18094,7189],"product_tag":[9052,9053,7935,9280,8762,9050,9058,9056,7919,8250,9290,8050,7199,7229,9054,9292,7211,9294,9284,9055],"class_list":{"0":"post-120257","1":"product","2":"type-product","3":"status-publish","4":"has-post-thumbnail","6":"product_cat-basteable-produkte-alle-basteable-produkte","7":"product_cat-beadables-und-diy-artikel-weihnachten","8":"product_cat-verstellbares-besteck-tortenheber-messer-pizzaschneider-kasemesser","9":"product_tag-besteck","10":"product_tag-durchfahrt","11":"product_tag-flaschenoffner","12":"product_tag-geback","13":"product_tag-gegenwart","14":"product_tag-gegenwart-de","15":"product_tag-gelaserte-perlen","16":"product_tag-gemacht","17":"product_tag-grose","18":"product_tag-holzperlen","19":"product_tag-kuchen-de","20":"product_tag-offner","21":"product_tag-perlen","22":"product_tag-personalisierung","23":"product_tag-personlich","24":"product_tag-schaufel","25":"product_tag-silikon","26":"product_tag-tortenheber-de","27":"product_tag-tortenheber","28":"product_tag-unter-de","30":"first","31":"instock","32":"taxable","33":"shipping-taxable","34":"purchasable","35":"product-type-simple"},"bundled_by":["180884"],"bundle_stock_status":"instock","bundle_stock_quantity":30,"bundle_virtual":false,"bundle_layout":"","bundle_add_to_cart_form_location":"","bundle_editable_in_cart":false,"bundle_sold_individually_context":"","bundle_item_grouping":"","bundle_min_size":"","bundle_max_size":"","bundle_price":[],"bundled_items":[],"bundle_sell_ids":[],"yoast_head":"<!-- This site is optimized with the Yoast SEO Premium plugin v27.6 (Yoast SEO v27.6) - https:\/\/yoast.com\/product\/yoast-seo-premium-wordpress\/ -->\n<title>Tortenheber - Geb\u00e4ckheber - Ruderbar - Jootjes Haakcadeautjes<\/title>\n<meta name=\"description\" content=\"F\u00e4delbare Tortenheber zum Dekorieren mit Silikon und Holzperlen. Das Geschenk von heute! Ein personalisiertes Geschenk nach Ma\u00df!\" \/>\n<meta name=\"robots\" content=\"index, follow, max-snippet:-1, max-image-preview:large, max-video-preview:-1\" \/>\n<link rel=\"canonical\" href=\"https:\/\/www.jootjeshaakcadeautjes.nl\/de\/produkt\/tortenschaufel-tortenschaufel-reif\/\" \/>\n<meta property=\"og:locale\" content=\"de_DE\" \/>\n<meta property=\"og:type\" content=\"article\" \/>\n<meta property=\"og:title\" content=\"Tortenheber - Geb\u00e4ckheber - Ruderbar\" \/>\n<meta property=\"og:description\" content=\"F\u00e4delbare Tortenheber zum Dekorieren mit Silikon und Holzperlen. Das Geschenk von heute! Ein personalisiertes Geschenk nach Ma\u00df!\" \/>\n<meta property=\"og:url\" content=\"https:\/\/www.jootjeshaakcadeautjes.nl\/de\/produkt\/tortenschaufel-tortenschaufel-reif\/\" \/>\n<meta property=\"og:site_name\" content=\"Jootjes Haakcadeautjes\" \/>\n<meta property=\"article:modified_time\" content=\"2026-02-02T14:24:24+00:00\" \/>\n<meta property=\"og:image\" content=\"https:\/\/www.jootjeshaakcadeautjes.nl\/wp-content\/uploads\/2022\/12\/20221220_200107.jpg\" \/>\n\t<meta property=\"og:image:width\" content=\"2048\" \/>\n\t<meta property=\"og:image:height\" content=\"2048\" \/>\n\t<meta property=\"og:image:type\" content=\"image\/jpeg\" \/>\n<meta name=\"twitter:card\" content=\"summary_large_image\" \/>\n<meta name=\"twitter:label1\" content=\"Preis\" \/>\n\t<meta name=\"twitter:data1\" content=\"&euro;2.95 inkl. MwSt.\" \/>\n\t<meta name=\"twitter:label2\" content=\"Verf\u00fcgbarkeit\" \/>\n\t<meta name=\"twitter:data2\" content=\"Auf Lager\" \/>\n<script type=\"application\/ld+json\" class=\"yoast-schema-graph\">{\"@context\":\"https:\\\/\\\/schema.org\",\"@graph\":[{\"@type\":\"WebPage\",\"@id\":\"https:\\\/\\\/www.jootjeshaakcadeautjes.nl\\\/de\\\/produkt\\\/tortenschaufel-tortenschaufel-reif\\\/\",\"url\":\"https:\\\/\\\/www.jootjeshaakcadeautjes.nl\\\/de\\\/produkt\\\/tortenschaufel-tortenschaufel-reif\\\/\",\"name\":\"Tortenheber - Geb\u00e4ckheber - Ruderbar - Jootjes Haakcadeautjes\",\"isPartOf\":{\"@id\":\"https:\\\/\\\/www.jootjeshaakcadeautjes.nl\\\/de\\\/#website\"},\"primaryImageOfPage\":{\"@id\":\"https:\\\/\\\/www.jootjeshaakcadeautjes.nl\\\/de\\\/produkt\\\/tortenschaufel-tortenschaufel-reif\\\/#primaryimage\"},\"image\":{\"@id\":\"https:\\\/\\\/www.jootjeshaakcadeautjes.nl\\\/de\\\/produkt\\\/tortenschaufel-tortenschaufel-reif\\\/#primaryimage\"},\"thumbnailUrl\":\"https:\\\/\\\/d1dyryakdmle7o.cloudfront.net\\\/wp-content\\\/uploads\\\/2022\\\/12\\\/20221220_200107.jpg\",\"datePublished\":\"2022-12-21T17:14:08+00:00\",\"dateModified\":\"2026-02-02T14:24:24+00:00\",\"description\":\"F\u00e4delbare Tortenheber zum Dekorieren mit Silikon und Holzperlen. Das Geschenk von heute! Ein personalisiertes Geschenk nach Ma\u00df!\",\"breadcrumb\":{\"@id\":\"https:\\\/\\\/www.jootjeshaakcadeautjes.nl\\\/de\\\/produkt\\\/tortenschaufel-tortenschaufel-reif\\\/#breadcrumb\"},\"inLanguage\":\"de\",\"potentialAction\":[{\"@type\":\"ReadAction\",\"target\":[\"https:\\\/\\\/www.jootjeshaakcadeautjes.nl\\\/de\\\/produkt\\\/tortenschaufel-tortenschaufel-reif\\\/\"]}]},{\"@type\":\"ImageObject\",\"inLanguage\":\"de\",\"@id\":\"https:\\\/\\\/www.jootjeshaakcadeautjes.nl\\\/de\\\/produkt\\\/tortenschaufel-tortenschaufel-reif\\\/#primaryimage\",\"url\":\"https:\\\/\\\/d1dyryakdmle7o.cloudfront.net\\\/wp-content\\\/uploads\\\/2022\\\/12\\\/20221220_200107.jpg\",\"contentUrl\":\"https:\\\/\\\/d1dyryakdmle7o.cloudfront.net\\\/wp-content\\\/uploads\\\/2022\\\/12\\\/20221220_200107.jpg\",\"width\":2048,\"height\":2048,\"caption\":\"Threadable Kuchen Server f\u00e4delbare Silikon Perlen graviert Perlen Gro\u00dfhandel bpa frei\"},{\"@type\":\"BreadcrumbList\",\"@id\":\"https:\\\/\\\/www.jootjeshaakcadeautjes.nl\\\/de\\\/produkt\\\/tortenschaufel-tortenschaufel-reif\\\/#breadcrumb\",\"itemListElement\":[{\"@type\":\"ListItem\",\"position\":1,\"name\":\"Startseite\",\"item\":\"https:\\\/\\\/www.jootjeshaakcadeautjes.nl\\\/de\\\/\"},{\"@type\":\"ListItem\",\"position\":2,\"name\":\"Gro\u00dfhandel mit Silikonperlen &#8211; Business und Consumer\",\"item\":\"https:\\\/\\\/www.jootjeshaakcadeautjes.nl\\\/de\\\/shop\\\/\"},{\"@type\":\"ListItem\",\"position\":3,\"name\":\"Tortenheber &#8211; Geb\u00e4ckheber &#8211; Ruderbar\"}]},{\"@type\":\"WebSite\",\"@id\":\"https:\\\/\\\/www.jootjeshaakcadeautjes.nl\\\/de\\\/#website\",\"url\":\"https:\\\/\\\/www.jootjeshaakcadeautjes.nl\\\/de\\\/\",\"name\":\"Jootjes Haakcadeautjes\",\"description\":\"Silikonperlen Gro\u00dfhandel \",\"publisher\":{\"@id\":\"https:\\\/\\\/www.jootjeshaakcadeautjes.nl\\\/de\\\/#organization\"},\"potentialAction\":[{\"@type\":\"SearchAction\",\"target\":{\"@type\":\"EntryPoint\",\"urlTemplate\":\"https:\\\/\\\/www.jootjeshaakcadeautjes.nl\\\/de\\\/?s={search_term_string}\"},\"query-input\":{\"@type\":\"PropertyValueSpecification\",\"valueRequired\":true,\"valueName\":\"search_term_string\"}}],\"inLanguage\":\"de\"},{\"@type\":\"Organization\",\"@id\":\"https:\\\/\\\/www.jootjeshaakcadeautjes.nl\\\/de\\\/#organization\",\"name\":\"Jootjes Haakcadeautjes\",\"url\":\"https:\\\/\\\/www.jootjeshaakcadeautjes.nl\\\/de\\\/\",\"logo\":{\"@type\":\"ImageObject\",\"inLanguage\":\"de\",\"@id\":\"https:\\\/\\\/www.jootjeshaakcadeautjes.nl\\\/de\\\/#\\\/schema\\\/logo\\\/image\\\/\",\"url\":\"https:\\\/\\\/d1dyryakdmle7o.cloudfront.net\\\/wp-content\\\/uploads\\\/2023\\\/05\\\/Logo-rond.png\",\"contentUrl\":\"https:\\\/\\\/d1dyryakdmle7o.cloudfront.net\\\/wp-content\\\/uploads\\\/2023\\\/05\\\/Logo-rond.png\",\"width\":1222,\"height\":1222,\"caption\":\"Jootjes Haakcadeautjes\"},\"image\":{\"@id\":\"https:\\\/\\\/www.jootjeshaakcadeautjes.nl\\\/de\\\/#\\\/schema\\\/logo\\\/image\\\/\"}}]}<\/script>\n<meta property=\"product:price:amount\" content=\"2.95\" \/>\n<meta property=\"product:price:currency\" content=\"EUR\" \/>\n<meta property=\"og:availability\" content=\"instock\" \/>\n<meta property=\"product:availability\" content=\"instock\" \/>\n<meta property=\"product:retailer_item_id\" content=\"TAA-SCH-RIJG\" \/>\n<meta property=\"product:condition\" content=\"new\" \/>\n<!-- \/ Yoast SEO Premium plugin. -->","yoast_head_json":{"title":"Tortenheber - Geb\u00e4ckheber - Ruderbar - Jootjes Haakcadeautjes","description":"F\u00e4delbare Tortenheber zum Dekorieren mit Silikon und Holzperlen. Das Geschenk von heute! Ein personalisiertes Geschenk nach Ma\u00df!","robots":{"index":"index","follow":"follow","max-snippet":"max-snippet:-1","max-image-preview":"max-image-preview:large","max-video-preview":"max-video-preview:-1"},"canonical":"https:\/\/www.jootjeshaakcadeautjes.nl\/de\/produkt\/tortenschaufel-tortenschaufel-reif\/","og_locale":"de_DE","og_type":"article","og_title":"Tortenheber - Geb\u00e4ckheber - Ruderbar","og_description":"F\u00e4delbare Tortenheber zum Dekorieren mit Silikon und Holzperlen. Das Geschenk von heute! Ein personalisiertes Geschenk nach Ma\u00df!","og_url":"https:\/\/www.jootjeshaakcadeautjes.nl\/de\/produkt\/tortenschaufel-tortenschaufel-reif\/","og_site_name":"Jootjes Haakcadeautjes","article_modified_time":"2026-02-02T14:24:24+00:00","og_image":[{"width":2048,"height":2048,"url":"https:\/\/www.jootjeshaakcadeautjes.nl\/wp-content\/uploads\/2022\/12\/20221220_200107.jpg","type":"image\/jpeg"}],"twitter_card":"summary_large_image","twitter_misc":{"Preis":"&euro;2.95 inkl. MwSt.","Verf\u00fcgbarkeit":"Auf Lager"},"schema":{"@context":"https:\/\/schema.org","@graph":[{"@type":"WebPage","@id":"https:\/\/www.jootjeshaakcadeautjes.nl\/de\/produkt\/tortenschaufel-tortenschaufel-reif\/","url":"https:\/\/www.jootjeshaakcadeautjes.nl\/de\/produkt\/tortenschaufel-tortenschaufel-reif\/","name":"Tortenheber - Geb\u00e4ckheber - Ruderbar - Jootjes Haakcadeautjes","isPartOf":{"@id":"https:\/\/www.jootjeshaakcadeautjes.nl\/de\/#website"},"primaryImageOfPage":{"@id":"https:\/\/www.jootjeshaakcadeautjes.nl\/de\/produkt\/tortenschaufel-tortenschaufel-reif\/#primaryimage"},"image":{"@id":"https:\/\/www.jootjeshaakcadeautjes.nl\/de\/produkt\/tortenschaufel-tortenschaufel-reif\/#primaryimage"},"thumbnailUrl":"https:\/\/d1dyryakdmle7o.cloudfront.net\/wp-content\/uploads\/2022\/12\/20221220_200107.jpg","datePublished":"2022-12-21T17:14:08+00:00","dateModified":"2026-02-02T14:24:24+00:00","description":"F\u00e4delbare Tortenheber zum Dekorieren mit Silikon und Holzperlen. Das Geschenk von heute! Ein personalisiertes Geschenk nach Ma\u00df!","breadcrumb":{"@id":"https:\/\/www.jootjeshaakcadeautjes.nl\/de\/produkt\/tortenschaufel-tortenschaufel-reif\/#breadcrumb"},"inLanguage":"de","potentialAction":[{"@type":"ReadAction","target":["https:\/\/www.jootjeshaakcadeautjes.nl\/de\/produkt\/tortenschaufel-tortenschaufel-reif\/"]}]},{"@type":"ImageObject","inLanguage":"de","@id":"https:\/\/www.jootjeshaakcadeautjes.nl\/de\/produkt\/tortenschaufel-tortenschaufel-reif\/#primaryimage","url":"https:\/\/d1dyryakdmle7o.cloudfront.net\/wp-content\/uploads\/2022\/12\/20221220_200107.jpg","contentUrl":"https:\/\/d1dyryakdmle7o.cloudfront.net\/wp-content\/uploads\/2022\/12\/20221220_200107.jpg","width":2048,"height":2048,"caption":"Threadable Kuchen Server f\u00e4delbare Silikon Perlen graviert Perlen Gro\u00dfhandel bpa frei"},{"@type":"BreadcrumbList","@id":"https:\/\/www.jootjeshaakcadeautjes.nl\/de\/produkt\/tortenschaufel-tortenschaufel-reif\/#breadcrumb","itemListElement":[{"@type":"ListItem","position":1,"name":"Startseite","item":"https:\/\/www.jootjeshaakcadeautjes.nl\/de\/"},{"@type":"ListItem","position":2,"name":"Gro\u00dfhandel mit Silikonperlen &#8211; Business und Consumer","item":"https:\/\/www.jootjeshaakcadeautjes.nl\/de\/shop\/"},{"@type":"ListItem","position":3,"name":"Tortenheber &#8211; Geb\u00e4ckheber &#8211; Ruderbar"}]},{"@type":"WebSite","@id":"https:\/\/www.jootjeshaakcadeautjes.nl\/de\/#website","url":"https:\/\/www.jootjeshaakcadeautjes.nl\/de\/","name":"Jootjes Haakcadeautjes","description":"Silikonperlen Gro\u00dfhandel ","publisher":{"@id":"https:\/\/www.jootjeshaakcadeautjes.nl\/de\/#organization"},"potentialAction":[{"@type":"SearchAction","target":{"@type":"EntryPoint","urlTemplate":"https:\/\/www.jootjeshaakcadeautjes.nl\/de\/?s={search_term_string}"},"query-input":{"@type":"PropertyValueSpecification","valueRequired":true,"valueName":"search_term_string"}}],"inLanguage":"de"},{"@type":"Organization","@id":"https:\/\/www.jootjeshaakcadeautjes.nl\/de\/#organization","name":"Jootjes Haakcadeautjes","url":"https:\/\/www.jootjeshaakcadeautjes.nl\/de\/","logo":{"@type":"ImageObject","inLanguage":"de","@id":"https:\/\/www.jootjeshaakcadeautjes.nl\/de\/#\/schema\/logo\/image\/","url":"https:\/\/d1dyryakdmle7o.cloudfront.net\/wp-content\/uploads\/2023\/05\/Logo-rond.png","contentUrl":"https:\/\/d1dyryakdmle7o.cloudfront.net\/wp-content\/uploads\/2023\/05\/Logo-rond.png","width":1222,"height":1222,"caption":"Jootjes Haakcadeautjes"},"image":{"@id":"https:\/\/www.jootjeshaakcadeautjes.nl\/de\/#\/schema\/logo\/image\/"}}]},"product_price_amount":"2.95","product_price_currency":"EUR","og_availability":"instock","product_availability":"instock","product_retailer_item_id":"TAA-SCH-RIJG","product_condition":"new"},"_links":{"self":[{"href":"https:\/\/www.jootjeshaakcadeautjes.nl\/de\/wp-json\/wp\/v2\/product\/120257","targetHints":{"allow":["GET"]}}],"collection":[{"href":"https:\/\/www.jootjeshaakcadeautjes.nl\/de\/wp-json\/wp\/v2\/product"}],"about":[{"href":"https:\/\/www.jootjeshaakcadeautjes.nl\/de\/wp-json\/wp\/v2\/types\/product"}],"version-history":[{"count":0,"href":"https:\/\/www.jootjeshaakcadeautjes.nl\/de\/wp-json\/wp\/v2\/product\/120257\/revisions"}],"wp:featuredmedia":[{"embeddable":true,"href":"https:\/\/www.jootjeshaakcadeautjes.nl\/de\/wp-json\/wp\/v2\/media\/85835"}],"wp:attachment":[{"href":"https:\/\/www.jootjeshaakcadeautjes.nl\/de\/wp-json\/wp\/v2\/media?parent=120257"}],"wp:term":[{"taxonomy":"product_brand","embeddable":true,"href":"https:\/\/www.jootjeshaakcadeautjes.nl\/de\/wp-json\/wp\/v2\/product_brand?post=120257"},{"taxonomy":"product_cat","embeddable":true,"href":"https:\/\/www.jootjeshaakcadeautjes.nl\/de\/wp-json\/wp\/v2\/product_cat?post=120257"},{"taxonomy":"product_tag","embeddable":true,"href":"https:\/\/www.jootjeshaakcadeautjes.nl\/de\/wp-json\/wp\/v2\/product_tag?post=120257"}],"curies":[{"name":"wp","href":"https:\/\/api.w.org\/{rel}","templated":true}]}}