{"id":120273,"date":"2022-12-21T19:39:11","date_gmt":"2022-12-21T17:39:11","guid":{"rendered":"https:\/\/www.jootjeshaakcadeautjes.nl\/product\/pizzaschneider-pizza-rad-reihe\/"},"modified":"2026-01-07T18:27:13","modified_gmt":"2026-01-07T17:27:13","slug":"pizzaschneider-pizza-rad-reihe","status":"publish","type":"product","link":"https:\/\/www.jootjeshaakcadeautjes.nl\/de\/produkt\/pizzaschneider-pizza-rad-reihe\/","title":{"rendered":"Pizzaschneider &#8211; Pizzarad &#8211; Ruderbar"},"content":{"rendered":"<h2>Pizzaschneider &#8211; Pizzarad &#8211; Ruderbar<\/h2>\n<p>Dieser Pizzaschneider ist ein sehr sch\u00f6nes, personalisiertes Geschenk und eignet sich perfekt f\u00fcr einen gemeinsamen Pizzaabend oder als Geschenk f\u00fcr einen echten Pizzaliebhaber. Von Silikonperlen \u00fcber Holzperlen bis hin zu eingravierten Perlen mit spezieller Botschaft k\u00f6nnen Sie die ganze Vielfalt erleben. Aus hochwertigem Edelstahl gefertigt, l\u00e4sst sich dieser Tortenheber nicht verbiegen. Diese Pizzaschneider sind strapazierf\u00e4hig, langlebig und passen sich dem jeweiligen Anlass an! Tolle Geschenke f\u00fcr V\u00e4ter, M\u00fctter, Opas und Omas, aber auch f\u00fcr Kollegen, Weihnachten und Urlaub und mehr!<\/p>\n","protected":false},"excerpt":{"rendered":"<p>Typ: Pizzaschneider, Pizzarad Alle Perlen passen in diesen Flaschen\u00f6ffner (au\u00dfer Acryl-Buchstabenperlen)<\/p>\n","protected":false},"featured_media":85854,"template":"","meta":[],"product_brand":[],"product_cat":[7194,18094,7189],"product_tag":[9052,9053,8036,9050,8762,8034,9056,7919,8250,8050,7199,7229,9054,7211,9055,7435],"class_list":{"0":"post-120273","1":"product","2":"type-product","3":"status-publish","4":"has-post-thumbnail","6":"product_cat-basteable-produkte-alle-basteable-produkte","7":"product_cat-beadables-und-diy-artikel-weihnachten","8":"product_cat-verstellbares-besteck-tortenheber-messer-pizzaschneider-kasemesser","9":"product_tag-besteck","10":"product_tag-durchfahrt","11":"product_tag-eingraviert-de","12":"product_tag-gegenwart-de","13":"product_tag-gegenwart","14":"product_tag-gelasert","15":"product_tag-gemacht","16":"product_tag-grose","17":"product_tag-holzperlen","18":"product_tag-offner","19":"product_tag-perlen","20":"product_tag-personalisierung","21":"product_tag-personlich","22":"product_tag-silikon","23":"product_tag-unter-de","24":"product_tag-wulst","26":"first","27":"instock","28":"taxable","29":"shipping-taxable","30":"purchasable","31":"product-type-simple"},"bundled_by":[],"bundle_stock_status":"instock","bundle_stock_quantity":15,"bundle_virtual":false,"bundle_layout":"","bundle_add_to_cart_form_location":"","bundle_editable_in_cart":false,"bundle_sold_individually_context":"","bundle_item_grouping":"","bundle_min_size":"","bundle_max_size":"","bundle_price":[],"bundled_items":[],"bundle_sell_ids":[],"yoast_head":"<!-- This site is optimized with the Yoast SEO Premium plugin v27.6 (Yoast SEO v27.6) - https:\/\/yoast.com\/product\/yoast-seo-premium-wordpress\/ -->\n<title>Pizzaschneider - Pizzarad - Ruderbar - Jootjes Haakcadeautjes<\/title>\n<meta name=\"description\" content=\"Pizzaschneider zum Ausstechen, der mit Silikon und Holzperlen verziert werden kann. Ein tolles Geschenk! Ein personalisiertes Geschenk nach Ma\u00df!\" \/>\n<meta name=\"robots\" content=\"index, follow, max-snippet:-1, max-image-preview:large, max-video-preview:-1\" \/>\n<link rel=\"canonical\" href=\"https:\/\/www.jootjeshaakcadeautjes.nl\/de\/produkt\/pizzaschneider-pizza-rad-reihe\/\" \/>\n<meta property=\"og:locale\" content=\"de_DE\" \/>\n<meta property=\"og:type\" content=\"article\" \/>\n<meta property=\"og:title\" content=\"Pizzaschneider - Pizzarad - Ruderbar\" \/>\n<meta property=\"og:description\" content=\"Pizzaschneider zum Ausstechen, der mit Silikon und Holzperlen verziert werden kann. Ein tolles Geschenk! Ein personalisiertes Geschenk nach Ma\u00df!\" \/>\n<meta property=\"og:url\" content=\"https:\/\/www.jootjeshaakcadeautjes.nl\/de\/produkt\/pizzaschneider-pizza-rad-reihe\/\" \/>\n<meta property=\"og:site_name\" content=\"Jootjes Haakcadeautjes\" \/>\n<meta property=\"article:modified_time\" content=\"2026-01-07T17:27:13+00:00\" \/>\n<meta property=\"og:image\" content=\"https:\/\/www.jootjeshaakcadeautjes.nl\/wp-content\/uploads\/2022\/12\/20221220_200329.jpg\" \/>\n\t<meta property=\"og:image:width\" content=\"2048\" \/>\n\t<meta property=\"og:image:height\" content=\"2048\" \/>\n\t<meta property=\"og:image:type\" content=\"image\/jpeg\" \/>\n<meta name=\"twitter:card\" content=\"summary_large_image\" \/>\n<meta name=\"twitter:label1\" content=\"Preis\" \/>\n\t<meta name=\"twitter:data1\" content=\"&euro;2.95 inkl. MwSt.\" \/>\n\t<meta name=\"twitter:label2\" content=\"Verf\u00fcgbarkeit\" \/>\n\t<meta name=\"twitter:data2\" content=\"Auf Lager\" \/>\n<script type=\"application\/ld+json\" class=\"yoast-schema-graph\">{\"@context\":\"https:\\\/\\\/schema.org\",\"@graph\":[{\"@type\":\"WebPage\",\"@id\":\"https:\\\/\\\/www.jootjeshaakcadeautjes.nl\\\/de\\\/produkt\\\/pizzaschneider-pizza-rad-reihe\\\/\",\"url\":\"https:\\\/\\\/www.jootjeshaakcadeautjes.nl\\\/de\\\/produkt\\\/pizzaschneider-pizza-rad-reihe\\\/\",\"name\":\"Pizzaschneider - Pizzarad - Ruderbar - Jootjes Haakcadeautjes\",\"isPartOf\":{\"@id\":\"https:\\\/\\\/www.jootjeshaakcadeautjes.nl\\\/de\\\/#website\"},\"primaryImageOfPage\":{\"@id\":\"https:\\\/\\\/www.jootjeshaakcadeautjes.nl\\\/de\\\/produkt\\\/pizzaschneider-pizza-rad-reihe\\\/#primaryimage\"},\"image\":{\"@id\":\"https:\\\/\\\/www.jootjeshaakcadeautjes.nl\\\/de\\\/produkt\\\/pizzaschneider-pizza-rad-reihe\\\/#primaryimage\"},\"thumbnailUrl\":\"https:\\\/\\\/d1dyryakdmle7o.cloudfront.net\\\/wp-content\\\/uploads\\\/2022\\\/12\\\/20221220_200329.jpg\",\"datePublished\":\"2022-12-21T17:39:11+00:00\",\"dateModified\":\"2026-01-07T17:27:13+00:00\",\"description\":\"Pizzaschneider zum Ausstechen, der mit Silikon und Holzperlen verziert werden kann. Ein tolles Geschenk! Ein personalisiertes Geschenk nach Ma\u00df!\",\"breadcrumb\":{\"@id\":\"https:\\\/\\\/www.jootjeshaakcadeautjes.nl\\\/de\\\/produkt\\\/pizzaschneider-pizza-rad-reihe\\\/#breadcrumb\"},\"inLanguage\":\"de\",\"potentialAction\":[{\"@type\":\"ReadAction\",\"target\":[\"https:\\\/\\\/www.jootjeshaakcadeautjes.nl\\\/de\\\/produkt\\\/pizzaschneider-pizza-rad-reihe\\\/\"]}]},{\"@type\":\"ImageObject\",\"inLanguage\":\"de\",\"@id\":\"https:\\\/\\\/www.jootjeshaakcadeautjes.nl\\\/de\\\/produkt\\\/pizzaschneider-pizza-rad-reihe\\\/#primaryimage\",\"url\":\"https:\\\/\\\/d1dyryakdmle7o.cloudfront.net\\\/wp-content\\\/uploads\\\/2022\\\/12\\\/20221220_200329.jpg\",\"contentUrl\":\"https:\\\/\\\/d1dyryakdmle7o.cloudfront.net\\\/wp-content\\\/uploads\\\/2022\\\/12\\\/20221220_200329.jpg\",\"width\":2048,\"height\":2048,\"caption\":\"Pizzaschneider Pizzarad reihbar Silikon Perlen graviert Perlen Gro\u00dfhandel bpa frei\"},{\"@type\":\"BreadcrumbList\",\"@id\":\"https:\\\/\\\/www.jootjeshaakcadeautjes.nl\\\/de\\\/produkt\\\/pizzaschneider-pizza-rad-reihe\\\/#breadcrumb\",\"itemListElement\":[{\"@type\":\"ListItem\",\"position\":1,\"name\":\"Startseite\",\"item\":\"https:\\\/\\\/www.jootjeshaakcadeautjes.nl\\\/de\\\/\"},{\"@type\":\"ListItem\",\"position\":2,\"name\":\"Gro\u00dfhandel mit Silikonperlen &#8211; Business und Consumer\",\"item\":\"https:\\\/\\\/www.jootjeshaakcadeautjes.nl\\\/de\\\/shop\\\/\"},{\"@type\":\"ListItem\",\"position\":3,\"name\":\"Pizzaschneider &#8211; Pizzarad &#8211; Ruderbar\"}]},{\"@type\":\"WebSite\",\"@id\":\"https:\\\/\\\/www.jootjeshaakcadeautjes.nl\\\/de\\\/#website\",\"url\":\"https:\\\/\\\/www.jootjeshaakcadeautjes.nl\\\/de\\\/\",\"name\":\"Jootjes Haakcadeautjes\",\"description\":\"Silikonperlen Gro\u00dfhandel \",\"publisher\":{\"@id\":\"https:\\\/\\\/www.jootjeshaakcadeautjes.nl\\\/de\\\/#organization\"},\"potentialAction\":[{\"@type\":\"SearchAction\",\"target\":{\"@type\":\"EntryPoint\",\"urlTemplate\":\"https:\\\/\\\/www.jootjeshaakcadeautjes.nl\\\/de\\\/?s={search_term_string}\"},\"query-input\":{\"@type\":\"PropertyValueSpecification\",\"valueRequired\":true,\"valueName\":\"search_term_string\"}}],\"inLanguage\":\"de\"},{\"@type\":\"Organization\",\"@id\":\"https:\\\/\\\/www.jootjeshaakcadeautjes.nl\\\/de\\\/#organization\",\"name\":\"Jootjes Haakcadeautjes\",\"url\":\"https:\\\/\\\/www.jootjeshaakcadeautjes.nl\\\/de\\\/\",\"logo\":{\"@type\":\"ImageObject\",\"inLanguage\":\"de\",\"@id\":\"https:\\\/\\\/www.jootjeshaakcadeautjes.nl\\\/de\\\/#\\\/schema\\\/logo\\\/image\\\/\",\"url\":\"https:\\\/\\\/d1dyryakdmle7o.cloudfront.net\\\/wp-content\\\/uploads\\\/2023\\\/05\\\/Logo-rond.png\",\"contentUrl\":\"https:\\\/\\\/d1dyryakdmle7o.cloudfront.net\\\/wp-content\\\/uploads\\\/2023\\\/05\\\/Logo-rond.png\",\"width\":1222,\"height\":1222,\"caption\":\"Jootjes Haakcadeautjes\"},\"image\":{\"@id\":\"https:\\\/\\\/www.jootjeshaakcadeautjes.nl\\\/de\\\/#\\\/schema\\\/logo\\\/image\\\/\"}}]}<\/script>\n<meta property=\"product:price:amount\" content=\"2.95\" \/>\n<meta property=\"product:price:currency\" content=\"EUR\" \/>\n<meta property=\"og:availability\" content=\"instock\" \/>\n<meta property=\"product:availability\" content=\"instock\" \/>\n<meta property=\"product:retailer_item_id\" content=\"PIZ-SNIJ-RIJG\" \/>\n<meta property=\"product:condition\" content=\"new\" \/>\n<!-- \/ Yoast SEO Premium plugin. -->","yoast_head_json":{"title":"Pizzaschneider - Pizzarad - Ruderbar - Jootjes Haakcadeautjes","description":"Pizzaschneider zum Ausstechen, der mit Silikon und Holzperlen verziert werden kann. Ein tolles Geschenk! Ein personalisiertes Geschenk nach Ma\u00df!","robots":{"index":"index","follow":"follow","max-snippet":"max-snippet:-1","max-image-preview":"max-image-preview:large","max-video-preview":"max-video-preview:-1"},"canonical":"https:\/\/www.jootjeshaakcadeautjes.nl\/de\/produkt\/pizzaschneider-pizza-rad-reihe\/","og_locale":"de_DE","og_type":"article","og_title":"Pizzaschneider - Pizzarad - Ruderbar","og_description":"Pizzaschneider zum Ausstechen, der mit Silikon und Holzperlen verziert werden kann. Ein tolles Geschenk! Ein personalisiertes Geschenk nach Ma\u00df!","og_url":"https:\/\/www.jootjeshaakcadeautjes.nl\/de\/produkt\/pizzaschneider-pizza-rad-reihe\/","og_site_name":"Jootjes Haakcadeautjes","article_modified_time":"2026-01-07T17:27:13+00:00","og_image":[{"width":2048,"height":2048,"url":"https:\/\/www.jootjeshaakcadeautjes.nl\/wp-content\/uploads\/2022\/12\/20221220_200329.jpg","type":"image\/jpeg"}],"twitter_card":"summary_large_image","twitter_misc":{"Preis":"&euro;2.95 inkl. MwSt.","Verf\u00fcgbarkeit":"Auf Lager"},"schema":{"@context":"https:\/\/schema.org","@graph":[{"@type":"WebPage","@id":"https:\/\/www.jootjeshaakcadeautjes.nl\/de\/produkt\/pizzaschneider-pizza-rad-reihe\/","url":"https:\/\/www.jootjeshaakcadeautjes.nl\/de\/produkt\/pizzaschneider-pizza-rad-reihe\/","name":"Pizzaschneider - Pizzarad - Ruderbar - Jootjes Haakcadeautjes","isPartOf":{"@id":"https:\/\/www.jootjeshaakcadeautjes.nl\/de\/#website"},"primaryImageOfPage":{"@id":"https:\/\/www.jootjeshaakcadeautjes.nl\/de\/produkt\/pizzaschneider-pizza-rad-reihe\/#primaryimage"},"image":{"@id":"https:\/\/www.jootjeshaakcadeautjes.nl\/de\/produkt\/pizzaschneider-pizza-rad-reihe\/#primaryimage"},"thumbnailUrl":"https:\/\/d1dyryakdmle7o.cloudfront.net\/wp-content\/uploads\/2022\/12\/20221220_200329.jpg","datePublished":"2022-12-21T17:39:11+00:00","dateModified":"2026-01-07T17:27:13+00:00","description":"Pizzaschneider zum Ausstechen, der mit Silikon und Holzperlen verziert werden kann. Ein tolles Geschenk! Ein personalisiertes Geschenk nach Ma\u00df!","breadcrumb":{"@id":"https:\/\/www.jootjeshaakcadeautjes.nl\/de\/produkt\/pizzaschneider-pizza-rad-reihe\/#breadcrumb"},"inLanguage":"de","potentialAction":[{"@type":"ReadAction","target":["https:\/\/www.jootjeshaakcadeautjes.nl\/de\/produkt\/pizzaschneider-pizza-rad-reihe\/"]}]},{"@type":"ImageObject","inLanguage":"de","@id":"https:\/\/www.jootjeshaakcadeautjes.nl\/de\/produkt\/pizzaschneider-pizza-rad-reihe\/#primaryimage","url":"https:\/\/d1dyryakdmle7o.cloudfront.net\/wp-content\/uploads\/2022\/12\/20221220_200329.jpg","contentUrl":"https:\/\/d1dyryakdmle7o.cloudfront.net\/wp-content\/uploads\/2022\/12\/20221220_200329.jpg","width":2048,"height":2048,"caption":"Pizzaschneider Pizzarad reihbar Silikon Perlen graviert Perlen Gro\u00dfhandel bpa frei"},{"@type":"BreadcrumbList","@id":"https:\/\/www.jootjeshaakcadeautjes.nl\/de\/produkt\/pizzaschneider-pizza-rad-reihe\/#breadcrumb","itemListElement":[{"@type":"ListItem","position":1,"name":"Startseite","item":"https:\/\/www.jootjeshaakcadeautjes.nl\/de\/"},{"@type":"ListItem","position":2,"name":"Gro\u00dfhandel mit Silikonperlen &#8211; Business und Consumer","item":"https:\/\/www.jootjeshaakcadeautjes.nl\/de\/shop\/"},{"@type":"ListItem","position":3,"name":"Pizzaschneider &#8211; Pizzarad &#8211; Ruderbar"}]},{"@type":"WebSite","@id":"https:\/\/www.jootjeshaakcadeautjes.nl\/de\/#website","url":"https:\/\/www.jootjeshaakcadeautjes.nl\/de\/","name":"Jootjes Haakcadeautjes","description":"Silikonperlen Gro\u00dfhandel ","publisher":{"@id":"https:\/\/www.jootjeshaakcadeautjes.nl\/de\/#organization"},"potentialAction":[{"@type":"SearchAction","target":{"@type":"EntryPoint","urlTemplate":"https:\/\/www.jootjeshaakcadeautjes.nl\/de\/?s={search_term_string}"},"query-input":{"@type":"PropertyValueSpecification","valueRequired":true,"valueName":"search_term_string"}}],"inLanguage":"de"},{"@type":"Organization","@id":"https:\/\/www.jootjeshaakcadeautjes.nl\/de\/#organization","name":"Jootjes Haakcadeautjes","url":"https:\/\/www.jootjeshaakcadeautjes.nl\/de\/","logo":{"@type":"ImageObject","inLanguage":"de","@id":"https:\/\/www.jootjeshaakcadeautjes.nl\/de\/#\/schema\/logo\/image\/","url":"https:\/\/d1dyryakdmle7o.cloudfront.net\/wp-content\/uploads\/2023\/05\/Logo-rond.png","contentUrl":"https:\/\/d1dyryakdmle7o.cloudfront.net\/wp-content\/uploads\/2023\/05\/Logo-rond.png","width":1222,"height":1222,"caption":"Jootjes Haakcadeautjes"},"image":{"@id":"https:\/\/www.jootjeshaakcadeautjes.nl\/de\/#\/schema\/logo\/image\/"}}]},"product_price_amount":"2.95","product_price_currency":"EUR","og_availability":"instock","product_availability":"instock","product_retailer_item_id":"PIZ-SNIJ-RIJG","product_condition":"new"},"_links":{"self":[{"href":"https:\/\/www.jootjeshaakcadeautjes.nl\/de\/wp-json\/wp\/v2\/product\/120273","targetHints":{"allow":["GET"]}}],"collection":[{"href":"https:\/\/www.jootjeshaakcadeautjes.nl\/de\/wp-json\/wp\/v2\/product"}],"about":[{"href":"https:\/\/www.jootjeshaakcadeautjes.nl\/de\/wp-json\/wp\/v2\/types\/product"}],"version-history":[{"count":0,"href":"https:\/\/www.jootjeshaakcadeautjes.nl\/de\/wp-json\/wp\/v2\/product\/120273\/revisions"}],"wp:featuredmedia":[{"embeddable":true,"href":"https:\/\/www.jootjeshaakcadeautjes.nl\/de\/wp-json\/wp\/v2\/media\/85854"}],"wp:attachment":[{"href":"https:\/\/www.jootjeshaakcadeautjes.nl\/de\/wp-json\/wp\/v2\/media?parent=120273"}],"wp:term":[{"taxonomy":"product_brand","embeddable":true,"href":"https:\/\/www.jootjeshaakcadeautjes.nl\/de\/wp-json\/wp\/v2\/product_brand?post=120273"},{"taxonomy":"product_cat","embeddable":true,"href":"https:\/\/www.jootjeshaakcadeautjes.nl\/de\/wp-json\/wp\/v2\/product_cat?post=120273"},{"taxonomy":"product_tag","embeddable":true,"href":"https:\/\/www.jootjeshaakcadeautjes.nl\/de\/wp-json\/wp\/v2\/product_tag?post=120273"}],"curies":[{"name":"wp","href":"https:\/\/api.w.org\/{rel}","templated":true}]}}