{"id":120283,"date":"2022-12-23T11:47:27","date_gmt":"2022-12-23T09:47:27","guid":{"rendered":"https:\/\/www.jootjeshaakcadeautjes.nl\/product\/silikon-buchstabenperle-taupe-12mm-buchstaben-zeichen\/"},"modified":"2025-03-11T13:37:48","modified_gmt":"2025-03-11T12:37:48","slug":"silikon-buchstabenperle-taupe-12mm-buchstaben-zeichen","status":"publish","type":"product","link":"https:\/\/www.jootjeshaakcadeautjes.nl\/de\/produkt\/silikon-buchstabenperle-taupe-12mm-buchstaben-zeichen\/","title":{"rendered":"Silikon-Buchstabenperlen &#8211; Taupe\/Kokosnuss &#8211; 12 mm &#8211; Sonderbuchstaben\/Buchstaben &#8211; Pro St\u00fcck"},"content":{"rendered":"<h1>Silikon-Buchstabenperlen &#8211; 12 mm &#8211; Taupe\/Kokosnuss &#8211; Besondere Buchstaben<\/h1>\n<h2>Spezifikationen:<\/h2>\n<ul>\n<li>Gr\u00f6\u00dfe 12 mm x 12 mm<\/li>\n<li>Quadratische &#8220;Buchstaben&#8221;-Perle aus Silikon in Taupe mit Kokosnuss<\/li>\n<li>In den Varianten \u00cb, \u00c9, \u00c8 und \u00cf.<\/li>\n<li>BPA-, Phthalat-, PVC-, blei- und toxinfrei<\/li>\n<li>CE-zertifiziert<\/li>\n<li>Die Perlen sind auch als Buchstaben A bis Z erh\u00e4ltlich und k\u00f6nnen problemlos mit diesen kombiniert werden.<\/li>\n<\/ul>\n<p>Diese sch\u00f6nen &#8220;Buchstaben&#8221;-Perlen aus Silikon werden h\u00e4ufig verwendet, um einen Namen an einer Schnullerschnur, einem Bei\u00dfring, einer Kinderwagenschaukel oder einem Babygym anzubringen. So k\u00f6nnen Sie im Handumdrehen ein wundersch\u00f6nes personalisiertes Mutterschaftsgeschenk oder ein h\u00fcbsches Spielzeug f\u00fcr Ihr eigenes Kind anfertigen. Die Silikonperlen lassen sich sowohl mit unseren Silikonperlen als auch mit unseren sch\u00f6nen Holzperlen oder Silikonperlen perfekt kombinieren. Kombinieren Sie am besten mit den kleineren Gr\u00f6\u00dfen (15\/16\/17 mm) in der Runde, mit Mickey-Ears oder Hexagon. Au\u00dferdem sind die <a href=\"https:\/\/www.jootjeshaakcadeautjes.nl\/de\/product-categorie\/herstellung-von-baby-beisspielzeug-materialien-fur-schnuller-und-beisringe\/silikonperlen-bpa-frei-grosshandel\/silikonperlen-oval-diskus-mittel-12-mm\/\">sch\u00f6nen ovalen Silikon-Trennperlen<\/a> sehr sch\u00f6n zum Beispiel in Bei\u00dfringen. Wenn Sie mehrere quadratische Perlen nebeneinander anordnen, entsteht ein gerades St\u00fcck in einem Bei\u00dfring, was auf Kosten der Form geht. Durch die Verwendung von ovalen Teilungsperlen wird dieser Teil des Bei\u00dfrings wieder biegsam und zu einem sch\u00f6nen Kreis.<\/p>\n<p>Die Silikonperlen quadratisch 12 mm sind einfach in der Sp\u00fclmaschine zu reinigen und im Falle von Zahnen zu k\u00fchlen.<\/p>\n<h2>Qualit\u00e4t und Sicherheit:<\/h2>\n<p>Alle unsere Silikonmaterialien sind BPA- und phthalatfrei. Au\u00dferdem werden bei der Herstellung dieser Silikon-Zahlenperlen nat\u00fcrlich keine anderen sch\u00e4dlichen Stoffe verwendet. Die Zahlenperle ist daher sowohl f\u00fcr Babys als auch f\u00fcr \u00e4ltere Kinder geeignet, die gerne in etwas hineinbei\u00dfen. Die Perlen sind CE-zertifiziert und sehr robust. Daher nutzen sie sich kaum ab. Dar\u00fcber hinaus sind die Zahlenperlen gut und sehr leicht zu reinigen.<\/p>\n<p><em>Befestigen Sie die Silikonperlen immer ordnungsgem\u00e4\u00df und \u00fcberpr\u00fcfen Sie Ihre Anfertigung regelm\u00e4\u00dfig, z. B. auf Abnutzung und Verschlei\u00df. Hierf\u00fcr sind Sie selbst verantwortlich. Jootjes Haakcadeautjes pr\u00fcft Ihr fertiges Produkt nicht und kann daher keine Sch\u00e4den oder Lockerungen aufgrund von Abnutzung annehmen. Wir raten dazu, handgefertigtes Kinderspielzeug nur unter Aufsicht von Erwachsenen zu verwenden, um gef\u00e4hrliche Situationen zu vermeiden.<\/em><\/p>\n","protected":false},"excerpt":{"rendered":"<ul>\n<li>Variante: \u00cb, \u00c9, \u00c8 oder \u00cf taupe\/kokosnuss 12 mm.<\/li>\n<li>Silikonperlen aus medizinischem Silikon.<\/li>\n<li>BPA-, Phthalat-, PVC-, blei- und toxinfrei.<\/li>\n<li>Einzeln verkauft.<\/li>\n<li>Vierkant, 12 mm x 12 mm, Farbe schwarz<\/li>\n<li>Diese Buchstaben sind horizontal (die L\u00f6cher sind von links nach rechts).<\/li>\n<li>Die Buchstaben sind auf allen 4 Seiten.<\/li>\n<li>In der Sp\u00fclmaschine waschbar<\/li>\n<li>Cool zum Zahnen.<\/li>\n<\/ul>\n","protected":false},"featured_media":85917,"template":"","meta":[],"product_brand":[],"product_cat":[8505,8510,8509,7380,8783,6991,7983],"product_tag":[7531,8115,8527,7385,8533,7419,8524,8511,8539,8529,7416,8531,7986,8133,7451,7397,8520,8514,8541,8547,9306,8517,7211,8537,7896,9308,8543,8535],"class_list":{"0":"post-120283","1":"product","2":"type-product","3":"status-publish","4":"has-post-thumbnail","6":"product_cat-buchstabenperlen-schnullerschnur-und-beisring","7":"product_cat-buchstabenperlen-sonderzeichen","8":"product_cat-buchstabenperlen-aus-silikon-12-mm-alle-farben","9":"product_cat-herstellung-von-baby-beisspielzeug-materialien-fur-schnuller-und-beisringe","10":"product_cat-silikon-buchstabenperlen-taupe-12-mm","11":"product_cat-silikonperlen-bpa-frei-grosshandel","12":"product_cat-silikonperlen-exklusiv-bei-jootjes","13":"product_tag-12-de","14":"product_tag-12mm-de","15":"product_tag-abbildung","16":"product_tag-beisring","17":"product_tag-bindestrich","18":"product_tag-bpa-de","19":"product_tag-briefkasten","20":"product_tag-buchstaben","21":"product_tag-diaerese","22":"product_tag-e-de","23":"product_tag-gummischnur","24":"product_tag-i-de","25":"product_tag-kindersicher","26":"product_tag-kokosnuss","27":"product_tag-kostenlos","28":"product_tag-mm-de","29":"product_tag-name","30":"product_tag-platz","31":"product_tag-punkte","32":"product_tag-ruckwarts","33":"product_tag-ruckwarts-de","34":"product_tag-schreiben","35":"product_tag-silikon","36":"product_tag-spezial","37":"product_tag-taupe-de","38":"product_tag-weiter-de","39":"product_tag-weiter","40":"product_tag-zeichen","42":"first","43":"instock","44":"taxable","45":"shipping-taxable","46":"purchasable","47":"product-type-variable"},"bundled_by":[],"bundle_stock_status":"instock","bundle_stock_quantity":null,"bundle_virtual":false,"bundle_layout":"","bundle_add_to_cart_form_location":"","bundle_editable_in_cart":false,"bundle_sold_individually_context":"","bundle_item_grouping":"","bundle_min_size":"","bundle_max_size":"","bundle_price":[],"bundled_items":[],"bundle_sell_ids":[],"yoast_head":"<!-- This site is optimized with the Yoast SEO Premium plugin v27.4 (Yoast SEO v27.5) - https:\/\/yoast.com\/product\/yoast-seo-premium-wordpress\/ -->\n<title>Jootjes Haakcadeautjes<\/title>\n<meta name=\"description\" content=\"Silikonperlen schwarzer Buchstabe \u00cf, \u00cb und \u00c9 und \u00c8 im gleichen Stil wie Silikonbuchstabenperlen quadratisch 12 mm Alphabet. BPA-frei und 100% kindersicher.\" \/>\n<meta name=\"robots\" content=\"index, follow, max-snippet:-1, max-image-preview:large, max-video-preview:-1\" \/>\n<link rel=\"canonical\" href=\"https:\/\/www.jootjeshaakcadeautjes.nl\/de\/produkt\/silikon-buchstabenperle-taupe-12mm-buchstaben-zeichen\/\" \/>\n<meta property=\"og:locale\" content=\"de_DE\" \/>\n<meta property=\"og:type\" content=\"article\" \/>\n<meta property=\"og:title\" content=\"Silikon-Buchstabenperlen - Taupe\/Kokosnuss - 12 mm - Sonderbuchstaben\/Buchstaben - Pro St\u00fcck\" \/>\n<meta property=\"og:description\" content=\"Silikonperlen schwarzer Buchstabe \u00cf, \u00cb und \u00c9 und \u00c8 im gleichen Stil wie Silikonbuchstabenperlen quadratisch 12 mm Alphabet. BPA-frei und 100% kindersicher.\" \/>\n<meta property=\"og:url\" content=\"https:\/\/www.jootjeshaakcadeautjes.nl\/de\/produkt\/silikon-buchstabenperle-taupe-12mm-buchstaben-zeichen\/\" \/>\n<meta property=\"og:site_name\" content=\"Jootjes Haakcadeautjes\" \/>\n<meta property=\"article:modified_time\" content=\"2025-03-11T12:37:48+00:00\" \/>\n<meta property=\"og:image\" content=\"https:\/\/www.jootjeshaakcadeautjes.nl\/wp-content\/uploads\/2022\/12\/20221221_214702-2.jpg\" \/>\n\t<meta property=\"og:image:width\" content=\"2048\" \/>\n\t<meta property=\"og:image:height\" content=\"2048\" \/>\n\t<meta property=\"og:image:type\" content=\"image\/jpeg\" \/>\n<meta name=\"twitter:card\" content=\"summary_large_image\" \/>\n<meta name=\"twitter:label1\" content=\"Verf\u00fcgbarkeit\" \/>\n\t<meta name=\"twitter:data1\" content=\"Auf Lager\" \/>\n<script type=\"application\/ld+json\" class=\"yoast-schema-graph\">{\"@context\":\"https:\\\/\\\/schema.org\",\"@graph\":[{\"@type\":\"WebPage\",\"@id\":\"https:\\\/\\\/www.jootjeshaakcadeautjes.nl\\\/de\\\/produkt\\\/silikon-buchstabenperle-taupe-12mm-buchstaben-zeichen\\\/\",\"url\":\"https:\\\/\\\/www.jootjeshaakcadeautjes.nl\\\/de\\\/produkt\\\/silikon-buchstabenperle-taupe-12mm-buchstaben-zeichen\\\/\",\"name\":\"\",\"isPartOf\":{\"@id\":\"https:\\\/\\\/www.jootjeshaakcadeautjes.nl\\\/de\\\/#website\"},\"primaryImageOfPage\":{\"@id\":\"https:\\\/\\\/www.jootjeshaakcadeautjes.nl\\\/de\\\/produkt\\\/silikon-buchstabenperle-taupe-12mm-buchstaben-zeichen\\\/#primaryimage\"},\"image\":{\"@id\":\"https:\\\/\\\/www.jootjeshaakcadeautjes.nl\\\/de\\\/produkt\\\/silikon-buchstabenperle-taupe-12mm-buchstaben-zeichen\\\/#primaryimage\"},\"thumbnailUrl\":\"https:\\\/\\\/d1dyryakdmle7o.cloudfront.net\\\/wp-content\\\/uploads\\\/2022\\\/12\\\/20221221_214702-2.jpg\",\"datePublished\":\"2022-12-23T09:47:27+00:00\",\"dateModified\":\"2025-03-11T12:37:48+00:00\",\"description\":\"Silikonperlen schwarzer Buchstabe \u00cf, \u00cb und \u00c9 und \u00c8 im gleichen Stil wie Silikonbuchstabenperlen quadratisch 12 mm Alphabet. BPA-frei und 100% kindersicher.\",\"breadcrumb\":{\"@id\":\"https:\\\/\\\/www.jootjeshaakcadeautjes.nl\\\/de\\\/produkt\\\/silikon-buchstabenperle-taupe-12mm-buchstaben-zeichen\\\/#breadcrumb\"},\"inLanguage\":\"de\",\"potentialAction\":[{\"@type\":\"ReadAction\",\"target\":[\"https:\\\/\\\/www.jootjeshaakcadeautjes.nl\\\/de\\\/produkt\\\/silikon-buchstabenperle-taupe-12mm-buchstaben-zeichen\\\/\"]}]},{\"@type\":\"ImageObject\",\"inLanguage\":\"de\",\"@id\":\"https:\\\/\\\/www.jootjeshaakcadeautjes.nl\\\/de\\\/produkt\\\/silikon-buchstabenperle-taupe-12mm-buchstaben-zeichen\\\/#primaryimage\",\"url\":\"https:\\\/\\\/d1dyryakdmle7o.cloudfront.net\\\/wp-content\\\/uploads\\\/2022\\\/12\\\/20221221_214702-2.jpg\",\"contentUrl\":\"https:\\\/\\\/d1dyryakdmle7o.cloudfront.net\\\/wp-content\\\/uploads\\\/2022\\\/12\\\/20221221_214702-2.jpg\",\"width\":2048,\"height\":2048,\"caption\":\"Silikon-Buchstabenperlen \u00cb, \u00c9 und \u00cf taupe kokosnuss 12 mm Buchstabenperlen\"},{\"@type\":\"BreadcrumbList\",\"@id\":\"https:\\\/\\\/www.jootjeshaakcadeautjes.nl\\\/de\\\/produkt\\\/silikon-buchstabenperle-taupe-12mm-buchstaben-zeichen\\\/#breadcrumb\",\"itemListElement\":[{\"@type\":\"ListItem\",\"position\":1,\"name\":\"Startseite\",\"item\":\"https:\\\/\\\/www.jootjeshaakcadeautjes.nl\\\/de\\\/\"},{\"@type\":\"ListItem\",\"position\":2,\"name\":\"Gro\u00dfhandel mit Silikonperlen &#8211; Business und Consumer\",\"item\":\"https:\\\/\\\/www.jootjeshaakcadeautjes.nl\\\/de\\\/shop\\\/\"},{\"@type\":\"ListItem\",\"position\":3,\"name\":\"Silikon-Buchstabenperlen &#8211; Taupe\\\/Kokosnuss &#8211; 12 mm &#8211; Sonderbuchstaben\\\/Buchstaben &#8211; Pro St\u00fcck\"}]},{\"@type\":\"WebSite\",\"@id\":\"https:\\\/\\\/www.jootjeshaakcadeautjes.nl\\\/de\\\/#website\",\"url\":\"https:\\\/\\\/www.jootjeshaakcadeautjes.nl\\\/de\\\/\",\"name\":\"Jootjes Haakcadeautjes\",\"description\":\"Silikonperlen Gro\u00dfhandel \",\"publisher\":{\"@id\":\"https:\\\/\\\/www.jootjeshaakcadeautjes.nl\\\/de\\\/#organization\"},\"potentialAction\":[{\"@type\":\"SearchAction\",\"target\":{\"@type\":\"EntryPoint\",\"urlTemplate\":\"https:\\\/\\\/www.jootjeshaakcadeautjes.nl\\\/de\\\/?s={search_term_string}\"},\"query-input\":{\"@type\":\"PropertyValueSpecification\",\"valueRequired\":true,\"valueName\":\"search_term_string\"}}],\"inLanguage\":\"de\"},{\"@type\":\"Organization\",\"@id\":\"https:\\\/\\\/www.jootjeshaakcadeautjes.nl\\\/de\\\/#organization\",\"name\":\"Jootjes Haakcadeautjes\",\"url\":\"https:\\\/\\\/www.jootjeshaakcadeautjes.nl\\\/de\\\/\",\"logo\":{\"@type\":\"ImageObject\",\"inLanguage\":\"de\",\"@id\":\"https:\\\/\\\/www.jootjeshaakcadeautjes.nl\\\/de\\\/#\\\/schema\\\/logo\\\/image\\\/\",\"url\":\"https:\\\/\\\/jootjes-haakcadeautjes-media.s3.amazonaws.com\\\/wp-content\\\/uploads\\\/2023\\\/05\\\/Logo-rond.png\",\"contentUrl\":\"https:\\\/\\\/jootjes-haakcadeautjes-media.s3.amazonaws.com\\\/wp-content\\\/uploads\\\/2023\\\/05\\\/Logo-rond.png\",\"width\":1222,\"height\":1222,\"caption\":\"Jootjes Haakcadeautjes\"},\"image\":{\"@id\":\"https:\\\/\\\/www.jootjeshaakcadeautjes.nl\\\/de\\\/#\\\/schema\\\/logo\\\/image\\\/\"}}]}<\/script>\n<meta property=\"og:availability\" content=\"instock\" \/>\n<meta property=\"product:availability\" content=\"instock\" \/>\n<meta property=\"product:retailer_item_id\" content=\"SLK-T12-BLR\" \/>\n<meta property=\"product:condition\" content=\"new\" \/>\n<!-- \/ Yoast SEO Premium plugin. -->","yoast_head_json":{"title":"Jootjes Haakcadeautjes","description":"Silikonperlen schwarzer Buchstabe \u00cf, \u00cb und \u00c9 und \u00c8 im gleichen Stil wie Silikonbuchstabenperlen quadratisch 12 mm Alphabet. BPA-frei und 100% kindersicher.","robots":{"index":"index","follow":"follow","max-snippet":"max-snippet:-1","max-image-preview":"max-image-preview:large","max-video-preview":"max-video-preview:-1"},"canonical":"https:\/\/www.jootjeshaakcadeautjes.nl\/de\/produkt\/silikon-buchstabenperle-taupe-12mm-buchstaben-zeichen\/","og_locale":"de_DE","og_type":"article","og_title":"Silikon-Buchstabenperlen - Taupe\/Kokosnuss - 12 mm - Sonderbuchstaben\/Buchstaben - Pro St\u00fcck","og_description":"Silikonperlen schwarzer Buchstabe \u00cf, \u00cb und \u00c9 und \u00c8 im gleichen Stil wie Silikonbuchstabenperlen quadratisch 12 mm Alphabet. BPA-frei und 100% kindersicher.","og_url":"https:\/\/www.jootjeshaakcadeautjes.nl\/de\/produkt\/silikon-buchstabenperle-taupe-12mm-buchstaben-zeichen\/","og_site_name":"Jootjes Haakcadeautjes","article_modified_time":"2025-03-11T12:37:48+00:00","og_image":[{"width":2048,"height":2048,"url":"https:\/\/www.jootjeshaakcadeautjes.nl\/wp-content\/uploads\/2022\/12\/20221221_214702-2.jpg","type":"image\/jpeg"}],"twitter_card":"summary_large_image","twitter_misc":{"Verf\u00fcgbarkeit":"Auf Lager"},"schema":{"@context":"https:\/\/schema.org","@graph":[{"@type":"WebPage","@id":"https:\/\/www.jootjeshaakcadeautjes.nl\/de\/produkt\/silikon-buchstabenperle-taupe-12mm-buchstaben-zeichen\/","url":"https:\/\/www.jootjeshaakcadeautjes.nl\/de\/produkt\/silikon-buchstabenperle-taupe-12mm-buchstaben-zeichen\/","name":"","isPartOf":{"@id":"https:\/\/www.jootjeshaakcadeautjes.nl\/de\/#website"},"primaryImageOfPage":{"@id":"https:\/\/www.jootjeshaakcadeautjes.nl\/de\/produkt\/silikon-buchstabenperle-taupe-12mm-buchstaben-zeichen\/#primaryimage"},"image":{"@id":"https:\/\/www.jootjeshaakcadeautjes.nl\/de\/produkt\/silikon-buchstabenperle-taupe-12mm-buchstaben-zeichen\/#primaryimage"},"thumbnailUrl":"https:\/\/d1dyryakdmle7o.cloudfront.net\/wp-content\/uploads\/2022\/12\/20221221_214702-2.jpg","datePublished":"2022-12-23T09:47:27+00:00","dateModified":"2025-03-11T12:37:48+00:00","description":"Silikonperlen schwarzer Buchstabe \u00cf, \u00cb und \u00c9 und \u00c8 im gleichen Stil wie Silikonbuchstabenperlen quadratisch 12 mm Alphabet. BPA-frei und 100% kindersicher.","breadcrumb":{"@id":"https:\/\/www.jootjeshaakcadeautjes.nl\/de\/produkt\/silikon-buchstabenperle-taupe-12mm-buchstaben-zeichen\/#breadcrumb"},"inLanguage":"de","potentialAction":[{"@type":"ReadAction","target":["https:\/\/www.jootjeshaakcadeautjes.nl\/de\/produkt\/silikon-buchstabenperle-taupe-12mm-buchstaben-zeichen\/"]}]},{"@type":"ImageObject","inLanguage":"de","@id":"https:\/\/www.jootjeshaakcadeautjes.nl\/de\/produkt\/silikon-buchstabenperle-taupe-12mm-buchstaben-zeichen\/#primaryimage","url":"https:\/\/d1dyryakdmle7o.cloudfront.net\/wp-content\/uploads\/2022\/12\/20221221_214702-2.jpg","contentUrl":"https:\/\/d1dyryakdmle7o.cloudfront.net\/wp-content\/uploads\/2022\/12\/20221221_214702-2.jpg","width":2048,"height":2048,"caption":"Silikon-Buchstabenperlen \u00cb, \u00c9 und \u00cf taupe kokosnuss 12 mm Buchstabenperlen"},{"@type":"BreadcrumbList","@id":"https:\/\/www.jootjeshaakcadeautjes.nl\/de\/produkt\/silikon-buchstabenperle-taupe-12mm-buchstaben-zeichen\/#breadcrumb","itemListElement":[{"@type":"ListItem","position":1,"name":"Startseite","item":"https:\/\/www.jootjeshaakcadeautjes.nl\/de\/"},{"@type":"ListItem","position":2,"name":"Gro\u00dfhandel mit Silikonperlen &#8211; Business und Consumer","item":"https:\/\/www.jootjeshaakcadeautjes.nl\/de\/shop\/"},{"@type":"ListItem","position":3,"name":"Silikon-Buchstabenperlen &#8211; Taupe\/Kokosnuss &#8211; 12 mm &#8211; Sonderbuchstaben\/Buchstaben &#8211; Pro St\u00fcck"}]},{"@type":"WebSite","@id":"https:\/\/www.jootjeshaakcadeautjes.nl\/de\/#website","url":"https:\/\/www.jootjeshaakcadeautjes.nl\/de\/","name":"Jootjes Haakcadeautjes","description":"Silikonperlen Gro\u00dfhandel ","publisher":{"@id":"https:\/\/www.jootjeshaakcadeautjes.nl\/de\/#organization"},"potentialAction":[{"@type":"SearchAction","target":{"@type":"EntryPoint","urlTemplate":"https:\/\/www.jootjeshaakcadeautjes.nl\/de\/?s={search_term_string}"},"query-input":{"@type":"PropertyValueSpecification","valueRequired":true,"valueName":"search_term_string"}}],"inLanguage":"de"},{"@type":"Organization","@id":"https:\/\/www.jootjeshaakcadeautjes.nl\/de\/#organization","name":"Jootjes Haakcadeautjes","url":"https:\/\/www.jootjeshaakcadeautjes.nl\/de\/","logo":{"@type":"ImageObject","inLanguage":"de","@id":"https:\/\/www.jootjeshaakcadeautjes.nl\/de\/#\/schema\/logo\/image\/","url":"https:\/\/jootjes-haakcadeautjes-media.s3.amazonaws.com\/wp-content\/uploads\/2023\/05\/Logo-rond.png","contentUrl":"https:\/\/jootjes-haakcadeautjes-media.s3.amazonaws.com\/wp-content\/uploads\/2023\/05\/Logo-rond.png","width":1222,"height":1222,"caption":"Jootjes Haakcadeautjes"},"image":{"@id":"https:\/\/www.jootjeshaakcadeautjes.nl\/de\/#\/schema\/logo\/image\/"}}]},"og_availability":"instock","product_availability":"instock","product_retailer_item_id":"SLK-T12-BLR","product_condition":"new"},"_links":{"self":[{"href":"https:\/\/www.jootjeshaakcadeautjes.nl\/de\/wp-json\/wp\/v2\/product\/120283","targetHints":{"allow":["GET"]}}],"collection":[{"href":"https:\/\/www.jootjeshaakcadeautjes.nl\/de\/wp-json\/wp\/v2\/product"}],"about":[{"href":"https:\/\/www.jootjeshaakcadeautjes.nl\/de\/wp-json\/wp\/v2\/types\/product"}],"version-history":[{"count":0,"href":"https:\/\/www.jootjeshaakcadeautjes.nl\/de\/wp-json\/wp\/v2\/product\/120283\/revisions"}],"wp:featuredmedia":[{"embeddable":true,"href":"https:\/\/www.jootjeshaakcadeautjes.nl\/de\/wp-json\/wp\/v2\/media\/85917"}],"wp:attachment":[{"href":"https:\/\/www.jootjeshaakcadeautjes.nl\/de\/wp-json\/wp\/v2\/media?parent=120283"}],"wp:term":[{"taxonomy":"product_brand","embeddable":true,"href":"https:\/\/www.jootjeshaakcadeautjes.nl\/de\/wp-json\/wp\/v2\/product_brand?post=120283"},{"taxonomy":"product_cat","embeddable":true,"href":"https:\/\/www.jootjeshaakcadeautjes.nl\/de\/wp-json\/wp\/v2\/product_cat?post=120283"},{"taxonomy":"product_tag","embeddable":true,"href":"https:\/\/www.jootjeshaakcadeautjes.nl\/de\/wp-json\/wp\/v2\/product_tag?post=120283"}],"curies":[{"name":"wp","href":"https:\/\/api.w.org\/{rel}","templated":true}]}}