{"id":120357,"date":"2022-11-29T13:28:44","date_gmt":"2022-11-29T12:28:44","guid":{"rendered":"https:\/\/www.jootjeshaakcadeautjes.nl\/product\/diy-duft-anhaenger-auto-pink\/"},"modified":"2025-04-29T12:28:38","modified_gmt":"2025-04-29T10:28:38","slug":"diy-duft-anhaenger-auto-pink","status":"publish","type":"product","link":"https:\/\/www.jootjeshaakcadeautjes.nl\/de\/produkt\/diy-duft-anhaenger-auto-pink\/","title":{"rendered":"DIY-Duft-Anh\u00e4nger &#8211; Auto &#8211; Rosa"},"content":{"rendered":"<h1>DIY-Duft-Anh\u00e4nger &#8211; Auto &#8211; Rosa<\/h1>\n<ul>\n<li>Farbe: Rosa<\/li>\n<li>Material: Glas, Buche, rostfreier Stahl, Kunststoffkappe<\/li>\n<li>Formatinhalt: 10 ml, leer geliefert<\/li>\n<li>Inkl. Kunststoffkappe (gegen Auslaufen)<\/li>\n<li>Zur Verwendung mit duftenden (\u00e4therischen) \u00d6len<\/li>\n<li>\u00d6l ohne Alkohol gegen Buchenschalenspaltung verwenden<\/li>\n<\/ul>\n","protected":false},"excerpt":{"rendered":"<ul>\n<li>Farbe: Schwarz<\/li>\n<li>Material: Glas, Buche, rostfreier Stahl, Kunststoffkappe<\/li>\n<li>Formatinhalt: 10 ml, leer geliefert<\/li>\n<li>Inkl. Kunststoffkappe (gegen Auslaufen)<\/li>\n<li>Zur Verwendung mit duftenden (\u00e4therischen) \u00d6len<\/li>\n<li>\u00d6l ohne Alkohol gegen Buchenschalenspaltung verwenden<\/li>\n<\/ul>\n","protected":false},"featured_media":84820,"template":"","meta":[],"product_brand":[],"product_cat":[8247,8455,7889],"product_tag":[8074,8473,8472,7532,8047,8456,7205,8465,8462,7196,8046,8474,8460,8458,8464,8468,8469,7199,8082,7211],"class_list":{"0":"post-120357","1":"product","2":"type-product","3":"status-publish","4":"has-post-thumbnail","6":"product_cat-bastelmaterial-hakelzubehor","7":"product_cat-duft-anhanger-diy-perlen-duft-anhanger-auto","8":"product_cat-silikonperlen-und-babyzubehor-verkauf","9":"product_tag-10-de","10":"product_tag-alkohol","11":"product_tag-atherisch","12":"product_tag-auto-de","13":"product_tag-buche","14":"product_tag-dekoration-de","15":"product_tag-diy-de","16":"product_tag-duftanhanger","17":"product_tag-glas-de","18":"product_tag-holz","19":"product_tag-holz-de","20":"product_tag-kappe","21":"product_tag-ml-de","22":"product_tag-ohne","23":"product_tag-ol","24":"product_tag-parfumiert","25":"product_tag-parfumiert-de","26":"product_tag-perlen","27":"product_tag-rosa-de-2","28":"product_tag-silikon","30":"first","31":"instock","32":"sale","33":"taxable","34":"shipping-taxable","35":"purchasable","36":"product-type-simple"},"bundled_by":[],"bundle_stock_status":"instock","bundle_stock_quantity":9,"bundle_virtual":false,"bundle_layout":"","bundle_add_to_cart_form_location":"","bundle_editable_in_cart":false,"bundle_sold_individually_context":"","bundle_item_grouping":"","bundle_min_size":"","bundle_max_size":"","bundle_price":[],"bundled_items":[],"bundle_sell_ids":[],"yoast_head":"<!-- This site is optimized with the Yoast SEO Premium plugin v27.4 (Yoast SEO v27.5) - https:\/\/yoast.com\/product\/yoast-seo-premium-wordpress\/ -->\n<title>DIY-Duft-Anh\u00e4nger - Auto - Rosa - Jootjes Haakcadeautjes<\/title>\n<meta name=\"description\" content=\"DIY Duftende Autoanh\u00e4nger Farbe rosa. Kombinieren Sie mit Silikon und Holzperlen, um Ihren pers\u00f6nlichen Duftanh\u00e4nger zu kreieren.\" \/>\n<meta name=\"robots\" content=\"index, follow, max-snippet:-1, max-image-preview:large, max-video-preview:-1\" \/>\n<link rel=\"canonical\" href=\"https:\/\/www.jootjeshaakcadeautjes.nl\/de\/produkt\/diy-duft-anhaenger-auto-pink\/\" \/>\n<meta property=\"og:locale\" content=\"de_DE\" \/>\n<meta property=\"og:type\" content=\"article\" \/>\n<meta property=\"og:title\" content=\"DIY-Duft-Anh\u00e4nger - Auto - Rosa\" \/>\n<meta property=\"og:description\" content=\"DIY Duftende Autoanh\u00e4nger Farbe rosa. Kombinieren Sie mit Silikon und Holzperlen, um Ihren pers\u00f6nlichen Duftanh\u00e4nger zu kreieren.\" \/>\n<meta property=\"og:url\" content=\"https:\/\/www.jootjeshaakcadeautjes.nl\/de\/produkt\/diy-duft-anhaenger-auto-pink\/\" \/>\n<meta property=\"og:site_name\" content=\"Jootjes Haakcadeautjes\" \/>\n<meta property=\"article:modified_time\" content=\"2025-04-29T10:28:38+00:00\" \/>\n<meta property=\"og:image\" content=\"https:\/\/www.jootjeshaakcadeautjes.nl\/wp-content\/uploads\/2022\/11\/20221111_102110.jpg\" \/>\n\t<meta property=\"og:image:width\" content=\"2048\" \/>\n\t<meta property=\"og:image:height\" content=\"2048\" \/>\n\t<meta property=\"og:image:type\" content=\"image\/jpeg\" \/>\n<meta name=\"twitter:card\" content=\"summary_large_image\" \/>\n<meta name=\"twitter:label1\" content=\"Preis\" \/>\n\t<meta name=\"twitter:data1\" content=\"&euro;1.75 inkl. MwSt.\" \/>\n\t<meta name=\"twitter:label2\" content=\"Verf\u00fcgbarkeit\" \/>\n\t<meta name=\"twitter:data2\" content=\"Auf Lager\" \/>\n<script type=\"application\/ld+json\" class=\"yoast-schema-graph\">{\"@context\":\"https:\\\/\\\/schema.org\",\"@graph\":[{\"@type\":\"WebPage\",\"@id\":\"https:\\\/\\\/www.jootjeshaakcadeautjes.nl\\\/de\\\/produkt\\\/diy-duft-anhaenger-auto-pink\\\/\",\"url\":\"https:\\\/\\\/www.jootjeshaakcadeautjes.nl\\\/de\\\/produkt\\\/diy-duft-anhaenger-auto-pink\\\/\",\"name\":\"DIY-Duft-Anh\u00e4nger - Auto - Rosa - Jootjes Haakcadeautjes\",\"isPartOf\":{\"@id\":\"https:\\\/\\\/www.jootjeshaakcadeautjes.nl\\\/de\\\/#website\"},\"primaryImageOfPage\":{\"@id\":\"https:\\\/\\\/www.jootjeshaakcadeautjes.nl\\\/de\\\/produkt\\\/diy-duft-anhaenger-auto-pink\\\/#primaryimage\"},\"image\":{\"@id\":\"https:\\\/\\\/www.jootjeshaakcadeautjes.nl\\\/de\\\/produkt\\\/diy-duft-anhaenger-auto-pink\\\/#primaryimage\"},\"thumbnailUrl\":\"https:\\\/\\\/d1dyryakdmle7o.cloudfront.net\\\/wp-content\\\/uploads\\\/2022\\\/11\\\/20221111_102110.jpg\",\"datePublished\":\"2022-11-29T12:28:44+00:00\",\"dateModified\":\"2025-04-29T10:28:38+00:00\",\"description\":\"DIY Duftende Autoanh\u00e4nger Farbe rosa. Kombinieren Sie mit Silikon und Holzperlen, um Ihren pers\u00f6nlichen Duftanh\u00e4nger zu kreieren.\",\"breadcrumb\":{\"@id\":\"https:\\\/\\\/www.jootjeshaakcadeautjes.nl\\\/de\\\/produkt\\\/diy-duft-anhaenger-auto-pink\\\/#breadcrumb\"},\"inLanguage\":\"de\",\"potentialAction\":[{\"@type\":\"ReadAction\",\"target\":[\"https:\\\/\\\/www.jootjeshaakcadeautjes.nl\\\/de\\\/produkt\\\/diy-duft-anhaenger-auto-pink\\\/\"]}]},{\"@type\":\"ImageObject\",\"inLanguage\":\"de\",\"@id\":\"https:\\\/\\\/www.jootjeshaakcadeautjes.nl\\\/de\\\/produkt\\\/diy-duft-anhaenger-auto-pink\\\/#primaryimage\",\"url\":\"https:\\\/\\\/d1dyryakdmle7o.cloudfront.net\\\/wp-content\\\/uploads\\\/2022\\\/11\\\/20221111_102110.jpg\",\"contentUrl\":\"https:\\\/\\\/d1dyryakdmle7o.cloudfront.net\\\/wp-content\\\/uploads\\\/2022\\\/11\\\/20221111_102110.jpg\",\"width\":2048,\"height\":2048,\"caption\":\"Auto Parf\u00fcm rosa DIY Diffusor Flasche Duft Anh\u00e4nger Silikon Perlen Lufterfrischer \u00e4therisches \u00d6l\"},{\"@type\":\"BreadcrumbList\",\"@id\":\"https:\\\/\\\/www.jootjeshaakcadeautjes.nl\\\/de\\\/produkt\\\/diy-duft-anhaenger-auto-pink\\\/#breadcrumb\",\"itemListElement\":[{\"@type\":\"ListItem\",\"position\":1,\"name\":\"Startseite\",\"item\":\"https:\\\/\\\/www.jootjeshaakcadeautjes.nl\\\/de\\\/\"},{\"@type\":\"ListItem\",\"position\":2,\"name\":\"Gro\u00dfhandel mit Silikonperlen &#8211; Business und Consumer\",\"item\":\"https:\\\/\\\/www.jootjeshaakcadeautjes.nl\\\/de\\\/shop\\\/\"},{\"@type\":\"ListItem\",\"position\":3,\"name\":\"DIY-Duft-Anh\u00e4nger &#8211; Auto &#8211; Rosa\"}]},{\"@type\":\"WebSite\",\"@id\":\"https:\\\/\\\/www.jootjeshaakcadeautjes.nl\\\/de\\\/#website\",\"url\":\"https:\\\/\\\/www.jootjeshaakcadeautjes.nl\\\/de\\\/\",\"name\":\"Jootjes Haakcadeautjes\",\"description\":\"Silikonperlen Gro\u00dfhandel \",\"publisher\":{\"@id\":\"https:\\\/\\\/www.jootjeshaakcadeautjes.nl\\\/de\\\/#organization\"},\"potentialAction\":[{\"@type\":\"SearchAction\",\"target\":{\"@type\":\"EntryPoint\",\"urlTemplate\":\"https:\\\/\\\/www.jootjeshaakcadeautjes.nl\\\/de\\\/?s={search_term_string}\"},\"query-input\":{\"@type\":\"PropertyValueSpecification\",\"valueRequired\":true,\"valueName\":\"search_term_string\"}}],\"inLanguage\":\"de\"},{\"@type\":\"Organization\",\"@id\":\"https:\\\/\\\/www.jootjeshaakcadeautjes.nl\\\/de\\\/#organization\",\"name\":\"Jootjes Haakcadeautjes\",\"url\":\"https:\\\/\\\/www.jootjeshaakcadeautjes.nl\\\/de\\\/\",\"logo\":{\"@type\":\"ImageObject\",\"inLanguage\":\"de\",\"@id\":\"https:\\\/\\\/www.jootjeshaakcadeautjes.nl\\\/de\\\/#\\\/schema\\\/logo\\\/image\\\/\",\"url\":\"https:\\\/\\\/jootjes-haakcadeautjes-media.s3.amazonaws.com\\\/wp-content\\\/uploads\\\/2023\\\/05\\\/Logo-rond.png\",\"contentUrl\":\"https:\\\/\\\/jootjes-haakcadeautjes-media.s3.amazonaws.com\\\/wp-content\\\/uploads\\\/2023\\\/05\\\/Logo-rond.png\",\"width\":1222,\"height\":1222,\"caption\":\"Jootjes Haakcadeautjes\"},\"image\":{\"@id\":\"https:\\\/\\\/www.jootjeshaakcadeautjes.nl\\\/de\\\/#\\\/schema\\\/logo\\\/image\\\/\"}}]}<\/script>\n<meta property=\"product:price:amount\" content=\"1.75\" \/>\n<meta property=\"product:price:currency\" content=\"EUR\" \/>\n<meta property=\"og:availability\" content=\"instock\" \/>\n<meta property=\"product:availability\" content=\"instock\" \/>\n<meta property=\"product:retailer_item_id\" content=\"GEU-HAN-ROZ\" \/>\n<meta property=\"product:condition\" content=\"new\" \/>\n<!-- \/ Yoast SEO Premium plugin. -->","yoast_head_json":{"title":"DIY-Duft-Anh\u00e4nger - Auto - Rosa - Jootjes Haakcadeautjes","description":"DIY Duftende Autoanh\u00e4nger Farbe rosa. Kombinieren Sie mit Silikon und Holzperlen, um Ihren pers\u00f6nlichen Duftanh\u00e4nger zu kreieren.","robots":{"index":"index","follow":"follow","max-snippet":"max-snippet:-1","max-image-preview":"max-image-preview:large","max-video-preview":"max-video-preview:-1"},"canonical":"https:\/\/www.jootjeshaakcadeautjes.nl\/de\/produkt\/diy-duft-anhaenger-auto-pink\/","og_locale":"de_DE","og_type":"article","og_title":"DIY-Duft-Anh\u00e4nger - Auto - Rosa","og_description":"DIY Duftende Autoanh\u00e4nger Farbe rosa. Kombinieren Sie mit Silikon und Holzperlen, um Ihren pers\u00f6nlichen Duftanh\u00e4nger zu kreieren.","og_url":"https:\/\/www.jootjeshaakcadeautjes.nl\/de\/produkt\/diy-duft-anhaenger-auto-pink\/","og_site_name":"Jootjes Haakcadeautjes","article_modified_time":"2025-04-29T10:28:38+00:00","og_image":[{"width":2048,"height":2048,"url":"https:\/\/www.jootjeshaakcadeautjes.nl\/wp-content\/uploads\/2022\/11\/20221111_102110.jpg","type":"image\/jpeg"}],"twitter_card":"summary_large_image","twitter_misc":{"Preis":"&euro;1.75 inkl. MwSt.","Verf\u00fcgbarkeit":"Auf Lager"},"schema":{"@context":"https:\/\/schema.org","@graph":[{"@type":"WebPage","@id":"https:\/\/www.jootjeshaakcadeautjes.nl\/de\/produkt\/diy-duft-anhaenger-auto-pink\/","url":"https:\/\/www.jootjeshaakcadeautjes.nl\/de\/produkt\/diy-duft-anhaenger-auto-pink\/","name":"DIY-Duft-Anh\u00e4nger - Auto - Rosa - Jootjes Haakcadeautjes","isPartOf":{"@id":"https:\/\/www.jootjeshaakcadeautjes.nl\/de\/#website"},"primaryImageOfPage":{"@id":"https:\/\/www.jootjeshaakcadeautjes.nl\/de\/produkt\/diy-duft-anhaenger-auto-pink\/#primaryimage"},"image":{"@id":"https:\/\/www.jootjeshaakcadeautjes.nl\/de\/produkt\/diy-duft-anhaenger-auto-pink\/#primaryimage"},"thumbnailUrl":"https:\/\/d1dyryakdmle7o.cloudfront.net\/wp-content\/uploads\/2022\/11\/20221111_102110.jpg","datePublished":"2022-11-29T12:28:44+00:00","dateModified":"2025-04-29T10:28:38+00:00","description":"DIY Duftende Autoanh\u00e4nger Farbe rosa. Kombinieren Sie mit Silikon und Holzperlen, um Ihren pers\u00f6nlichen Duftanh\u00e4nger zu kreieren.","breadcrumb":{"@id":"https:\/\/www.jootjeshaakcadeautjes.nl\/de\/produkt\/diy-duft-anhaenger-auto-pink\/#breadcrumb"},"inLanguage":"de","potentialAction":[{"@type":"ReadAction","target":["https:\/\/www.jootjeshaakcadeautjes.nl\/de\/produkt\/diy-duft-anhaenger-auto-pink\/"]}]},{"@type":"ImageObject","inLanguage":"de","@id":"https:\/\/www.jootjeshaakcadeautjes.nl\/de\/produkt\/diy-duft-anhaenger-auto-pink\/#primaryimage","url":"https:\/\/d1dyryakdmle7o.cloudfront.net\/wp-content\/uploads\/2022\/11\/20221111_102110.jpg","contentUrl":"https:\/\/d1dyryakdmle7o.cloudfront.net\/wp-content\/uploads\/2022\/11\/20221111_102110.jpg","width":2048,"height":2048,"caption":"Auto Parf\u00fcm rosa DIY Diffusor Flasche Duft Anh\u00e4nger Silikon Perlen Lufterfrischer \u00e4therisches \u00d6l"},{"@type":"BreadcrumbList","@id":"https:\/\/www.jootjeshaakcadeautjes.nl\/de\/produkt\/diy-duft-anhaenger-auto-pink\/#breadcrumb","itemListElement":[{"@type":"ListItem","position":1,"name":"Startseite","item":"https:\/\/www.jootjeshaakcadeautjes.nl\/de\/"},{"@type":"ListItem","position":2,"name":"Gro\u00dfhandel mit Silikonperlen &#8211; Business und Consumer","item":"https:\/\/www.jootjeshaakcadeautjes.nl\/de\/shop\/"},{"@type":"ListItem","position":3,"name":"DIY-Duft-Anh\u00e4nger &#8211; Auto &#8211; Rosa"}]},{"@type":"WebSite","@id":"https:\/\/www.jootjeshaakcadeautjes.nl\/de\/#website","url":"https:\/\/www.jootjeshaakcadeautjes.nl\/de\/","name":"Jootjes Haakcadeautjes","description":"Silikonperlen Gro\u00dfhandel ","publisher":{"@id":"https:\/\/www.jootjeshaakcadeautjes.nl\/de\/#organization"},"potentialAction":[{"@type":"SearchAction","target":{"@type":"EntryPoint","urlTemplate":"https:\/\/www.jootjeshaakcadeautjes.nl\/de\/?s={search_term_string}"},"query-input":{"@type":"PropertyValueSpecification","valueRequired":true,"valueName":"search_term_string"}}],"inLanguage":"de"},{"@type":"Organization","@id":"https:\/\/www.jootjeshaakcadeautjes.nl\/de\/#organization","name":"Jootjes Haakcadeautjes","url":"https:\/\/www.jootjeshaakcadeautjes.nl\/de\/","logo":{"@type":"ImageObject","inLanguage":"de","@id":"https:\/\/www.jootjeshaakcadeautjes.nl\/de\/#\/schema\/logo\/image\/","url":"https:\/\/jootjes-haakcadeautjes-media.s3.amazonaws.com\/wp-content\/uploads\/2023\/05\/Logo-rond.png","contentUrl":"https:\/\/jootjes-haakcadeautjes-media.s3.amazonaws.com\/wp-content\/uploads\/2023\/05\/Logo-rond.png","width":1222,"height":1222,"caption":"Jootjes Haakcadeautjes"},"image":{"@id":"https:\/\/www.jootjeshaakcadeautjes.nl\/de\/#\/schema\/logo\/image\/"}}]},"product_price_amount":"1.75","product_price_currency":"EUR","og_availability":"instock","product_availability":"instock","product_retailer_item_id":"GEU-HAN-ROZ","product_condition":"new"},"_links":{"self":[{"href":"https:\/\/www.jootjeshaakcadeautjes.nl\/de\/wp-json\/wp\/v2\/product\/120357","targetHints":{"allow":["GET"]}}],"collection":[{"href":"https:\/\/www.jootjeshaakcadeautjes.nl\/de\/wp-json\/wp\/v2\/product"}],"about":[{"href":"https:\/\/www.jootjeshaakcadeautjes.nl\/de\/wp-json\/wp\/v2\/types\/product"}],"version-history":[{"count":0,"href":"https:\/\/www.jootjeshaakcadeautjes.nl\/de\/wp-json\/wp\/v2\/product\/120357\/revisions"}],"wp:featuredmedia":[{"embeddable":true,"href":"https:\/\/www.jootjeshaakcadeautjes.nl\/de\/wp-json\/wp\/v2\/media\/84820"}],"wp:attachment":[{"href":"https:\/\/www.jootjeshaakcadeautjes.nl\/de\/wp-json\/wp\/v2\/media?parent=120357"}],"wp:term":[{"taxonomy":"product_brand","embeddable":true,"href":"https:\/\/www.jootjeshaakcadeautjes.nl\/de\/wp-json\/wp\/v2\/product_brand?post=120357"},{"taxonomy":"product_cat","embeddable":true,"href":"https:\/\/www.jootjeshaakcadeautjes.nl\/de\/wp-json\/wp\/v2\/product_cat?post=120357"},{"taxonomy":"product_tag","embeddable":true,"href":"https:\/\/www.jootjeshaakcadeautjes.nl\/de\/wp-json\/wp\/v2\/product_tag?post=120357"}],"curies":[{"name":"wp","href":"https:\/\/api.w.org\/{rel}","templated":true}]}}