{"id":120444,"date":"2022-11-27T02:57:53","date_gmt":"2022-11-27T01:57:53","guid":{"rendered":"https:\/\/www.jootjeshaakcadeautjes.nl\/product\/holzring-graviert-buche-olive-zweig-55-cm\/"},"modified":"2026-03-07T09:39:15","modified_gmt":"2026-03-07T08:39:15","slug":"holzring-graviert-buche-olive-zweig-55-cm","status":"publish","type":"product","link":"https:\/\/www.jootjeshaakcadeautjes.nl\/de\/produkt\/holzring-graviert-buche-olive-zweig-55-cm\/","title":{"rendered":"Holzring &#8211; Graviert &#8211; Buchenholz &#8211; Olivenzweig &#8211; 5,5 cm"},"content":{"rendered":"<h1>Holzring &#8211; Graviert &#8211; Buchenholz &#8211; Olivenzweig\/Bl\u00e4tter &#8211; 5,5 cm<\/h1>\n<ul>\n<li>Holzringe aus Buchenholz, Gr\u00f6\u00dfe 5,5 cm.<\/li>\n<li>Graviert mit Text Image Olive Branch\/Leaves<\/li>\n<li>Hochwertiges, babygerechtes Buchenholz<\/li>\n<li>Sicher nach EN-71 und frei von Formaldehyd<\/li>\n<li>Mit passender <a href=\"https:\/\/www.jootjeshaakcadeautjes.nl\/de\/produkt\/holzperle-graviert-buche-olive-zweig-20mm\/\">gravierter Holzperle Olivenzweig<\/a><\/li>\n<\/ul>\n<p>Perfekt geeignet f\u00fcr Bei\u00dfringe, Baby-Turnhallen, Kinderwagenaufh\u00e4nger und vieles mehr.<\/p>\n","protected":false},"excerpt":{"rendered":"<ul>\n<li>Holzringe aus Buchenholz, Gr\u00f6\u00dfe 5,5 cm.<\/li>\n<li>Graviert mit Bild von Olivenzweig \/ Bl\u00e4ttern<\/li>\n<li>Hochwertiges, babygerechtes Buchenholz<\/li>\n<li>Sicher nach EN-71 und frei von Formaldehyd<\/li>\n<\/ul>\n","protected":false},"featured_media":82598,"template":"","meta":[],"product_brand":[],"product_cat":[8226,8072,6995],"product_tag":[7226,7385,8039,8049,8051,8053,8048,8127,8047,8041,7400,8036,8042,8032,8029,7935,8034,7919,8711,7416,8046,7196,8050,9351,7199,7223,8038,8052,8078,7444,8380,7930,8040,8028],"class_list":{"0":"post-120444","1":"product","2":"type-product","3":"status-publish","4":"has-post-thumbnail","6":"product_cat-gravierte-holzringe-fur-schnullerschnur-und-beisring","7":"product_cat-holzringe-fur-macrame-und-crochet","8":"product_cat-lasergravieren-alle-produkte","9":"product_tag-aufreihbar","10":"product_tag-beisring","11":"product_tag-benutzerdefinierte","12":"product_tag-bier-de","13":"product_tag-bierflasche","14":"product_tag-bierflaschenoffner","15":"product_tag-bieroffner","16":"product_tag-blatter","17":"product_tag-buche","18":"product_tag-eigene","19":"product_tag-eingraviert","20":"product_tag-eingraviert-de","21":"product_tag-entwurf","22":"product_tag-ferien","23":"product_tag-flasche","24":"product_tag-flaschenoffner","25":"product_tag-gelasert","26":"product_tag-grose","27":"product_tag-grun-de","28":"product_tag-gummischnur","29":"product_tag-holz-de","30":"product_tag-holz","31":"product_tag-offner","32":"product_tag-olivenzweig","33":"product_tag-perlen","34":"product_tag-personalisierte","35":"product_tag-prasentiert","36":"product_tag-prasentiert-de","37":"product_tag-ring-de","38":"product_tag-schlusselanhanger","39":"product_tag-tier","40":"product_tag-weinkorken","41":"product_tag-wunsch","42":"product_tag-zu","44":"first","45":"instock","46":"taxable","47":"shipping-taxable","48":"purchasable","49":"product-type-simple"},"bundled_by":[],"bundle_stock_status":"instock","bundle_stock_quantity":24,"bundle_virtual":false,"bundle_layout":"","bundle_add_to_cart_form_location":"","bundle_editable_in_cart":false,"bundle_sold_individually_context":"","bundle_item_grouping":"","bundle_min_size":"","bundle_max_size":"","bundle_price":[],"bundled_items":[],"bundle_sell_ids":[],"yoast_head":"<!-- This site is optimized with the Yoast SEO Premium plugin v27.6 (Yoast SEO v27.6) - https:\/\/yoast.com\/product\/yoast-seo-premium-wordpress\/ -->\n<title>Holzring - Graviert - Buchenholz - Olivenzweig - 5,5 cm - Jootjes Haakcadeautjes<\/title>\n<meta name=\"description\" content=\"Gravierter Holzring mit Text Olivenzweig\/Leaves. Zur Verwendung in Bei\u00dfringen, Kinderwagenaufh\u00e4ngern und mehr. Babysichere Gravuren.\" \/>\n<meta name=\"robots\" content=\"index, follow, max-snippet:-1, max-image-preview:large, max-video-preview:-1\" \/>\n<link rel=\"canonical\" href=\"https:\/\/www.jootjeshaakcadeautjes.nl\/de\/produkt\/holzring-graviert-buche-olive-zweig-55-cm\/\" \/>\n<meta property=\"og:locale\" content=\"de_DE\" \/>\n<meta property=\"og:type\" content=\"article\" \/>\n<meta property=\"og:title\" content=\"Holzring - Graviert - Buchenholz - Olivenzweig - 5,5 cm\" \/>\n<meta property=\"og:description\" content=\"Gravierter Holzring mit Text Olivenzweig\/Leaves. Zur Verwendung in Bei\u00dfringen, Kinderwagenaufh\u00e4ngern und mehr. Babysichere Gravuren.\" \/>\n<meta property=\"og:url\" content=\"https:\/\/www.jootjeshaakcadeautjes.nl\/de\/produkt\/holzring-graviert-buche-olive-zweig-55-cm\/\" \/>\n<meta property=\"og:site_name\" content=\"Jootjes Haakcadeautjes\" \/>\n<meta property=\"article:modified_time\" content=\"2026-03-07T08:39:15+00:00\" \/>\n<meta property=\"og:image\" content=\"https:\/\/www.jootjeshaakcadeautjes.nl\/wp-content\/uploads\/2022\/10\/Gegraveerde-kralen-laseren-ring-met-merk-leaves-55-cm-groothandel-groothandel-graveren-op-maat.jpg\" \/>\n\t<meta property=\"og:image:width\" content=\"2048\" \/>\n\t<meta property=\"og:image:height\" content=\"2048\" \/>\n\t<meta property=\"og:image:type\" content=\"image\/jpeg\" \/>\n<meta name=\"twitter:card\" content=\"summary_large_image\" \/>\n<meta name=\"twitter:label1\" content=\"Preis\" \/>\n\t<meta name=\"twitter:data1\" content=\"&euro;2.15 inkl. MwSt.\" \/>\n\t<meta name=\"twitter:label2\" content=\"Verf\u00fcgbarkeit\" \/>\n\t<meta name=\"twitter:data2\" content=\"Auf Lager\" \/>\n<script type=\"application\/ld+json\" class=\"yoast-schema-graph\">{\"@context\":\"https:\\\/\\\/schema.org\",\"@graph\":[{\"@type\":\"WebPage\",\"@id\":\"https:\\\/\\\/www.jootjeshaakcadeautjes.nl\\\/de\\\/produkt\\\/holzring-graviert-buche-olive-zweig-55-cm\\\/\",\"url\":\"https:\\\/\\\/www.jootjeshaakcadeautjes.nl\\\/de\\\/produkt\\\/holzring-graviert-buche-olive-zweig-55-cm\\\/\",\"name\":\"Holzring - Graviert - Buchenholz - Olivenzweig - 5,5 cm - Jootjes Haakcadeautjes\",\"isPartOf\":{\"@id\":\"https:\\\/\\\/www.jootjeshaakcadeautjes.nl\\\/de\\\/#website\"},\"primaryImageOfPage\":{\"@id\":\"https:\\\/\\\/www.jootjeshaakcadeautjes.nl\\\/de\\\/produkt\\\/holzring-graviert-buche-olive-zweig-55-cm\\\/#primaryimage\"},\"image\":{\"@id\":\"https:\\\/\\\/www.jootjeshaakcadeautjes.nl\\\/de\\\/produkt\\\/holzring-graviert-buche-olive-zweig-55-cm\\\/#primaryimage\"},\"thumbnailUrl\":\"https:\\\/\\\/d1dyryakdmle7o.cloudfront.net\\\/wp-content\\\/uploads\\\/2022\\\/10\\\/Gegraveerde-kralen-laseren-ring-met-merk-leaves-55-cm-groothandel-groothandel-graveren-op-maat.jpg\",\"datePublished\":\"2022-11-27T01:57:53+00:00\",\"dateModified\":\"2026-03-07T08:39:15+00:00\",\"description\":\"Gravierter Holzring mit Text Olivenzweig\\\/Leaves. Zur Verwendung in Bei\u00dfringen, Kinderwagenaufh\u00e4ngern und mehr. Babysichere Gravuren.\",\"breadcrumb\":{\"@id\":\"https:\\\/\\\/www.jootjeshaakcadeautjes.nl\\\/de\\\/produkt\\\/holzring-graviert-buche-olive-zweig-55-cm\\\/#breadcrumb\"},\"inLanguage\":\"de\",\"potentialAction\":[{\"@type\":\"ReadAction\",\"target\":[\"https:\\\/\\\/www.jootjeshaakcadeautjes.nl\\\/de\\\/produkt\\\/holzring-graviert-buche-olive-zweig-55-cm\\\/\"]}]},{\"@type\":\"ImageObject\",\"inLanguage\":\"de\",\"@id\":\"https:\\\/\\\/www.jootjeshaakcadeautjes.nl\\\/de\\\/produkt\\\/holzring-graviert-buche-olive-zweig-55-cm\\\/#primaryimage\",\"url\":\"https:\\\/\\\/d1dyryakdmle7o.cloudfront.net\\\/wp-content\\\/uploads\\\/2022\\\/10\\\/Gegraveerde-kralen-laseren-ring-met-merk-leaves-55-cm-groothandel-groothandel-graveren-op-maat.jpg\",\"contentUrl\":\"https:\\\/\\\/d1dyryakdmle7o.cloudfront.net\\\/wp-content\\\/uploads\\\/2022\\\/10\\\/Gegraveerde-kralen-laseren-ring-met-merk-leaves-55-cm-groothandel-groothandel-graveren-op-maat.jpg\",\"width\":2048,\"height\":2048,\"caption\":\"Gravierte Perlen Laser-Ring mit Marke Bl\u00e4tter 5,5 cm Gro\u00dfhandel Gro\u00dfhandel benutzerdefinierte Gravur\"},{\"@type\":\"BreadcrumbList\",\"@id\":\"https:\\\/\\\/www.jootjeshaakcadeautjes.nl\\\/de\\\/produkt\\\/holzring-graviert-buche-olive-zweig-55-cm\\\/#breadcrumb\",\"itemListElement\":[{\"@type\":\"ListItem\",\"position\":1,\"name\":\"Startseite\",\"item\":\"https:\\\/\\\/www.jootjeshaakcadeautjes.nl\\\/de\\\/\"},{\"@type\":\"ListItem\",\"position\":2,\"name\":\"Gro\u00dfhandel mit Silikonperlen &#8211; Business und Consumer\",\"item\":\"https:\\\/\\\/www.jootjeshaakcadeautjes.nl\\\/de\\\/shop\\\/\"},{\"@type\":\"ListItem\",\"position\":3,\"name\":\"Holzring &#8211; Graviert &#8211; Buchenholz &#8211; Olivenzweig &#8211; 5,5 cm\"}]},{\"@type\":\"WebSite\",\"@id\":\"https:\\\/\\\/www.jootjeshaakcadeautjes.nl\\\/de\\\/#website\",\"url\":\"https:\\\/\\\/www.jootjeshaakcadeautjes.nl\\\/de\\\/\",\"name\":\"Jootjes Haakcadeautjes\",\"description\":\"Silikonperlen Gro\u00dfhandel \",\"publisher\":{\"@id\":\"https:\\\/\\\/www.jootjeshaakcadeautjes.nl\\\/de\\\/#organization\"},\"potentialAction\":[{\"@type\":\"SearchAction\",\"target\":{\"@type\":\"EntryPoint\",\"urlTemplate\":\"https:\\\/\\\/www.jootjeshaakcadeautjes.nl\\\/de\\\/?s={search_term_string}\"},\"query-input\":{\"@type\":\"PropertyValueSpecification\",\"valueRequired\":true,\"valueName\":\"search_term_string\"}}],\"inLanguage\":\"de\"},{\"@type\":\"Organization\",\"@id\":\"https:\\\/\\\/www.jootjeshaakcadeautjes.nl\\\/de\\\/#organization\",\"name\":\"Jootjes Haakcadeautjes\",\"url\":\"https:\\\/\\\/www.jootjeshaakcadeautjes.nl\\\/de\\\/\",\"logo\":{\"@type\":\"ImageObject\",\"inLanguage\":\"de\",\"@id\":\"https:\\\/\\\/www.jootjeshaakcadeautjes.nl\\\/de\\\/#\\\/schema\\\/logo\\\/image\\\/\",\"url\":\"https:\\\/\\\/d1dyryakdmle7o.cloudfront.net\\\/wp-content\\\/uploads\\\/2023\\\/05\\\/Logo-rond.png\",\"contentUrl\":\"https:\\\/\\\/d1dyryakdmle7o.cloudfront.net\\\/wp-content\\\/uploads\\\/2023\\\/05\\\/Logo-rond.png\",\"width\":1222,\"height\":1222,\"caption\":\"Jootjes Haakcadeautjes\"},\"image\":{\"@id\":\"https:\\\/\\\/www.jootjeshaakcadeautjes.nl\\\/de\\\/#\\\/schema\\\/logo\\\/image\\\/\"}}]}<\/script>\n<meta property=\"product:price:amount\" content=\"2.15\" \/>\n<meta property=\"product:price:currency\" content=\"EUR\" \/>\n<meta property=\"og:availability\" content=\"instock\" \/>\n<meta property=\"product:availability\" content=\"instock\" \/>\n<meta property=\"product:retailer_item_id\" content=\"GRI-R55-OLIJ\" \/>\n<meta property=\"product:condition\" content=\"new\" \/>\n<!-- \/ Yoast SEO Premium plugin. -->","yoast_head_json":{"title":"Holzring - Graviert - Buchenholz - Olivenzweig - 5,5 cm - Jootjes Haakcadeautjes","description":"Gravierter Holzring mit Text Olivenzweig\/Leaves. Zur Verwendung in Bei\u00dfringen, Kinderwagenaufh\u00e4ngern und mehr. Babysichere Gravuren.","robots":{"index":"index","follow":"follow","max-snippet":"max-snippet:-1","max-image-preview":"max-image-preview:large","max-video-preview":"max-video-preview:-1"},"canonical":"https:\/\/www.jootjeshaakcadeautjes.nl\/de\/produkt\/holzring-graviert-buche-olive-zweig-55-cm\/","og_locale":"de_DE","og_type":"article","og_title":"Holzring - Graviert - Buchenholz - Olivenzweig - 5,5 cm","og_description":"Gravierter Holzring mit Text Olivenzweig\/Leaves. Zur Verwendung in Bei\u00dfringen, Kinderwagenaufh\u00e4ngern und mehr. Babysichere Gravuren.","og_url":"https:\/\/www.jootjeshaakcadeautjes.nl\/de\/produkt\/holzring-graviert-buche-olive-zweig-55-cm\/","og_site_name":"Jootjes Haakcadeautjes","article_modified_time":"2026-03-07T08:39:15+00:00","og_image":[{"width":2048,"height":2048,"url":"https:\/\/www.jootjeshaakcadeautjes.nl\/wp-content\/uploads\/2022\/10\/Gegraveerde-kralen-laseren-ring-met-merk-leaves-55-cm-groothandel-groothandel-graveren-op-maat.jpg","type":"image\/jpeg"}],"twitter_card":"summary_large_image","twitter_misc":{"Preis":"&euro;2.15 inkl. MwSt.","Verf\u00fcgbarkeit":"Auf Lager"},"schema":{"@context":"https:\/\/schema.org","@graph":[{"@type":"WebPage","@id":"https:\/\/www.jootjeshaakcadeautjes.nl\/de\/produkt\/holzring-graviert-buche-olive-zweig-55-cm\/","url":"https:\/\/www.jootjeshaakcadeautjes.nl\/de\/produkt\/holzring-graviert-buche-olive-zweig-55-cm\/","name":"Holzring - Graviert - Buchenholz - Olivenzweig - 5,5 cm - Jootjes Haakcadeautjes","isPartOf":{"@id":"https:\/\/www.jootjeshaakcadeautjes.nl\/de\/#website"},"primaryImageOfPage":{"@id":"https:\/\/www.jootjeshaakcadeautjes.nl\/de\/produkt\/holzring-graviert-buche-olive-zweig-55-cm\/#primaryimage"},"image":{"@id":"https:\/\/www.jootjeshaakcadeautjes.nl\/de\/produkt\/holzring-graviert-buche-olive-zweig-55-cm\/#primaryimage"},"thumbnailUrl":"https:\/\/d1dyryakdmle7o.cloudfront.net\/wp-content\/uploads\/2022\/10\/Gegraveerde-kralen-laseren-ring-met-merk-leaves-55-cm-groothandel-groothandel-graveren-op-maat.jpg","datePublished":"2022-11-27T01:57:53+00:00","dateModified":"2026-03-07T08:39:15+00:00","description":"Gravierter Holzring mit Text Olivenzweig\/Leaves. Zur Verwendung in Bei\u00dfringen, Kinderwagenaufh\u00e4ngern und mehr. Babysichere Gravuren.","breadcrumb":{"@id":"https:\/\/www.jootjeshaakcadeautjes.nl\/de\/produkt\/holzring-graviert-buche-olive-zweig-55-cm\/#breadcrumb"},"inLanguage":"de","potentialAction":[{"@type":"ReadAction","target":["https:\/\/www.jootjeshaakcadeautjes.nl\/de\/produkt\/holzring-graviert-buche-olive-zweig-55-cm\/"]}]},{"@type":"ImageObject","inLanguage":"de","@id":"https:\/\/www.jootjeshaakcadeautjes.nl\/de\/produkt\/holzring-graviert-buche-olive-zweig-55-cm\/#primaryimage","url":"https:\/\/d1dyryakdmle7o.cloudfront.net\/wp-content\/uploads\/2022\/10\/Gegraveerde-kralen-laseren-ring-met-merk-leaves-55-cm-groothandel-groothandel-graveren-op-maat.jpg","contentUrl":"https:\/\/d1dyryakdmle7o.cloudfront.net\/wp-content\/uploads\/2022\/10\/Gegraveerde-kralen-laseren-ring-met-merk-leaves-55-cm-groothandel-groothandel-graveren-op-maat.jpg","width":2048,"height":2048,"caption":"Gravierte Perlen Laser-Ring mit Marke Bl\u00e4tter 5,5 cm Gro\u00dfhandel Gro\u00dfhandel benutzerdefinierte Gravur"},{"@type":"BreadcrumbList","@id":"https:\/\/www.jootjeshaakcadeautjes.nl\/de\/produkt\/holzring-graviert-buche-olive-zweig-55-cm\/#breadcrumb","itemListElement":[{"@type":"ListItem","position":1,"name":"Startseite","item":"https:\/\/www.jootjeshaakcadeautjes.nl\/de\/"},{"@type":"ListItem","position":2,"name":"Gro\u00dfhandel mit Silikonperlen &#8211; Business und Consumer","item":"https:\/\/www.jootjeshaakcadeautjes.nl\/de\/shop\/"},{"@type":"ListItem","position":3,"name":"Holzring &#8211; Graviert &#8211; Buchenholz &#8211; Olivenzweig &#8211; 5,5 cm"}]},{"@type":"WebSite","@id":"https:\/\/www.jootjeshaakcadeautjes.nl\/de\/#website","url":"https:\/\/www.jootjeshaakcadeautjes.nl\/de\/","name":"Jootjes Haakcadeautjes","description":"Silikonperlen Gro\u00dfhandel ","publisher":{"@id":"https:\/\/www.jootjeshaakcadeautjes.nl\/de\/#organization"},"potentialAction":[{"@type":"SearchAction","target":{"@type":"EntryPoint","urlTemplate":"https:\/\/www.jootjeshaakcadeautjes.nl\/de\/?s={search_term_string}"},"query-input":{"@type":"PropertyValueSpecification","valueRequired":true,"valueName":"search_term_string"}}],"inLanguage":"de"},{"@type":"Organization","@id":"https:\/\/www.jootjeshaakcadeautjes.nl\/de\/#organization","name":"Jootjes Haakcadeautjes","url":"https:\/\/www.jootjeshaakcadeautjes.nl\/de\/","logo":{"@type":"ImageObject","inLanguage":"de","@id":"https:\/\/www.jootjeshaakcadeautjes.nl\/de\/#\/schema\/logo\/image\/","url":"https:\/\/d1dyryakdmle7o.cloudfront.net\/wp-content\/uploads\/2023\/05\/Logo-rond.png","contentUrl":"https:\/\/d1dyryakdmle7o.cloudfront.net\/wp-content\/uploads\/2023\/05\/Logo-rond.png","width":1222,"height":1222,"caption":"Jootjes Haakcadeautjes"},"image":{"@id":"https:\/\/www.jootjeshaakcadeautjes.nl\/de\/#\/schema\/logo\/image\/"}}]},"product_price_amount":"2.15","product_price_currency":"EUR","og_availability":"instock","product_availability":"instock","product_retailer_item_id":"GRI-R55-OLIJ","product_condition":"new"},"_links":{"self":[{"href":"https:\/\/www.jootjeshaakcadeautjes.nl\/de\/wp-json\/wp\/v2\/product\/120444","targetHints":{"allow":["GET"]}}],"collection":[{"href":"https:\/\/www.jootjeshaakcadeautjes.nl\/de\/wp-json\/wp\/v2\/product"}],"about":[{"href":"https:\/\/www.jootjeshaakcadeautjes.nl\/de\/wp-json\/wp\/v2\/types\/product"}],"version-history":[{"count":0,"href":"https:\/\/www.jootjeshaakcadeautjes.nl\/de\/wp-json\/wp\/v2\/product\/120444\/revisions"}],"wp:featuredmedia":[{"embeddable":true,"href":"https:\/\/www.jootjeshaakcadeautjes.nl\/de\/wp-json\/wp\/v2\/media\/82598"}],"wp:attachment":[{"href":"https:\/\/www.jootjeshaakcadeautjes.nl\/de\/wp-json\/wp\/v2\/media?parent=120444"}],"wp:term":[{"taxonomy":"product_brand","embeddable":true,"href":"https:\/\/www.jootjeshaakcadeautjes.nl\/de\/wp-json\/wp\/v2\/product_brand?post=120444"},{"taxonomy":"product_cat","embeddable":true,"href":"https:\/\/www.jootjeshaakcadeautjes.nl\/de\/wp-json\/wp\/v2\/product_cat?post=120444"},{"taxonomy":"product_tag","embeddable":true,"href":"https:\/\/www.jootjeshaakcadeautjes.nl\/de\/wp-json\/wp\/v2\/product_tag?post=120444"}],"curies":[{"name":"wp","href":"https:\/\/api.w.org\/{rel}","templated":true}]}}