{"id":120666,"date":"2022-10-20T20:05:48","date_gmt":"2022-10-20T18:05:48","guid":{"rendered":"https:\/\/www.jootjeshaakcadeautjes.nl\/product\/badgeholder-mit-zugband-dahlia-transparent\/"},"modified":"2025-03-11T04:13:09","modified_gmt":"2025-03-11T03:13:09","slug":"badgeholder-mit-zugband-dahlia-transparent","status":"publish","type":"product","link":"https:\/\/www.jootjeshaakcadeautjes.nl\/de\/produkt\/badgeholder-mit-zugband-dahlia-transparent\/","title":{"rendered":"Ausweishalter mit Kordelzug &#8211; Dahlia &#8211; Transparent"},"content":{"rendered":"<h2>Ausweishalter mit Kordelzug &#8211; Dahlia &#8211; Transparent<\/h2>\n<p>Material: Hochwertiger Kunststoff, mit stabilem Nylon-Zugband.<\/p>\n<p>Diese Ausweishalter sind im Gesundheitswesen, aber auch in anderen Berufen, in denen Ausweise, Anmelde- oder Zugangstoken verwendet werden, weit verbreitet.<\/p>\n<p>Der Ausweishalter kann in Kombination mit Silikonperlen verwendet werden. Dazu schneidet man den Kordelzug ab und f\u00e4delt Silikonperlen dar\u00fcber. Dann k\u00f6nnen Sie den Knoten wieder unter die Perle schieben. Achten Sie also darauf, dass Sie nicht in der N\u00e4he des Endes (der Anstecknadel) abschneiden. In diesem Fall kann sie n\u00e4mlich nicht mehr repariert werden. Andererseits sollte man nicht zu viele Silikonperlen verwenden. Schlie\u00dflich funktioniert es auch nicht gut, wenn ein sehr langer &#8220;Schwanz&#8221; entsteht, der den ganzen Tag bei der Arbeit hin und her baumelt. Wir empfehlen zum Beispiel maximal 2-4 Perlen und 1 Akzentperle.<\/p>\n","protected":false},"excerpt":{"rendered":"<p>Typ: Ausweishalter mit Kordelzug<br \/>\nFarbe: Dahlia &#8211; transparent<\/p>\n<p>Mit Silikonperlen best\u00fcckt.<\/p>\n<p>F\u00fcr weitere Informationen siehe unten.<\/p>\n","protected":false},"featured_media":82479,"template":"","meta":[],"product_brand":[],"product_cat":[9389],"product_tag":[9395,9396,9394,8493,9053,9398,9399,9392,8325,7199,8273,7211,8796,9401],"class_list":{"0":"post-120666","1":"product","2":"type-product","3":"status-publish","4":"has-post-thumbnail","6":"product_cat-ausweishalter-mit-kordelzug","7":"product_tag-abzeichen","8":"product_tag-ausweis","9":"product_tag-ausweishalter","10":"product_tag-dahlien","11":"product_tag-durchfahrt","12":"product_tag-geht-de","13":"product_tag-halterung","14":"product_tag-kordel-de","15":"product_tag-kordelzug","16":"product_tag-perlen","17":"product_tag-pflege","18":"product_tag-silikon","19":"product_tag-transparent","20":"product_tag-ziehen","22":"first","23":"instock","24":"taxable","25":"shipping-taxable","26":"purchasable","27":"product-type-simple"},"bundled_by":[],"bundle_stock_status":"instock","bundle_stock_quantity":77,"bundle_virtual":false,"bundle_layout":"","bundle_add_to_cart_form_location":"","bundle_editable_in_cart":false,"bundle_sold_individually_context":"","bundle_item_grouping":"","bundle_min_size":"","bundle_max_size":"","bundle_price":[],"bundled_items":[],"bundle_sell_ids":[],"yoast_head":"<!-- This site is optimized with the Yoast SEO Premium plugin v27.6 (Yoast SEO v27.6) - https:\/\/yoast.com\/product\/yoast-seo-premium-wordpress\/ -->\n<title>Ausweishalter mit Kordelzug - Dahlia - Transparent - Jootjes Haakcadeautjes<\/title>\n<meta name=\"description\" content=\"Abzeichenhalter mit Kordelzug Farbe Dahlia transparent. Ideal f\u00fcr das Gesundheitswesen und andere Berufe mit Ausweisen. Mit Silikonperlen best\u00fcckt.\" \/>\n<meta name=\"robots\" content=\"index, follow, max-snippet:-1, max-image-preview:large, max-video-preview:-1\" \/>\n<link rel=\"canonical\" href=\"https:\/\/www.jootjeshaakcadeautjes.nl\/de\/produkt\/badgeholder-mit-zugband-dahlia-transparent\/\" \/>\n<meta property=\"og:locale\" content=\"de_DE\" \/>\n<meta property=\"og:type\" content=\"article\" \/>\n<meta property=\"og:title\" content=\"Ausweishalter mit Kordelzug - Dahlia - Transparent\" \/>\n<meta property=\"og:description\" content=\"Abzeichenhalter mit Kordelzug Farbe Dahlia transparent. Ideal f\u00fcr das Gesundheitswesen und andere Berufe mit Ausweisen. Mit Silikonperlen best\u00fcckt.\" \/>\n<meta property=\"og:url\" content=\"https:\/\/www.jootjeshaakcadeautjes.nl\/de\/produkt\/badgeholder-mit-zugband-dahlia-transparent\/\" \/>\n<meta property=\"og:site_name\" content=\"Jootjes Haakcadeautjes\" \/>\n<meta property=\"article:modified_time\" content=\"2025-03-11T03:13:09+00:00\" \/>\n<meta property=\"og:image\" content=\"https:\/\/www.jootjeshaakcadeautjes.nl\/wp-content\/uploads\/2022\/10\/Badge-reel-badge-houder-trekkoord-siliconen-kralen-dahlia-magenta.jpg\" \/>\n\t<meta property=\"og:image:width\" content=\"2048\" \/>\n\t<meta property=\"og:image:height\" content=\"2048\" \/>\n\t<meta property=\"og:image:type\" content=\"image\/jpeg\" \/>\n<meta name=\"twitter:card\" content=\"summary_large_image\" \/>\n<meta name=\"twitter:label1\" content=\"Preis\" \/>\n\t<meta name=\"twitter:data1\" content=\"&euro;0.95 inkl. MwSt.\" \/>\n\t<meta name=\"twitter:label2\" content=\"Verf\u00fcgbarkeit\" \/>\n\t<meta name=\"twitter:data2\" content=\"Auf Lager\" \/>\n<script type=\"application\/ld+json\" class=\"yoast-schema-graph\">{\"@context\":\"https:\\\/\\\/schema.org\",\"@graph\":[{\"@type\":\"WebPage\",\"@id\":\"https:\\\/\\\/www.jootjeshaakcadeautjes.nl\\\/de\\\/produkt\\\/badgeholder-mit-zugband-dahlia-transparent\\\/\",\"url\":\"https:\\\/\\\/www.jootjeshaakcadeautjes.nl\\\/de\\\/produkt\\\/badgeholder-mit-zugband-dahlia-transparent\\\/\",\"name\":\"Ausweishalter mit Kordelzug - Dahlia - Transparent - Jootjes Haakcadeautjes\",\"isPartOf\":{\"@id\":\"https:\\\/\\\/www.jootjeshaakcadeautjes.nl\\\/de\\\/#website\"},\"primaryImageOfPage\":{\"@id\":\"https:\\\/\\\/www.jootjeshaakcadeautjes.nl\\\/de\\\/produkt\\\/badgeholder-mit-zugband-dahlia-transparent\\\/#primaryimage\"},\"image\":{\"@id\":\"https:\\\/\\\/www.jootjeshaakcadeautjes.nl\\\/de\\\/produkt\\\/badgeholder-mit-zugband-dahlia-transparent\\\/#primaryimage\"},\"thumbnailUrl\":\"https:\\\/\\\/d1dyryakdmle7o.cloudfront.net\\\/wp-content\\\/uploads\\\/2022\\\/10\\\/Badge-reel-badge-houder-trekkoord-siliconen-kralen-dahlia-magenta.jpg\",\"datePublished\":\"2022-10-20T18:05:48+00:00\",\"dateModified\":\"2025-03-11T03:13:09+00:00\",\"description\":\"Abzeichenhalter mit Kordelzug Farbe Dahlia transparent. Ideal f\u00fcr das Gesundheitswesen und andere Berufe mit Ausweisen. Mit Silikonperlen best\u00fcckt.\",\"breadcrumb\":{\"@id\":\"https:\\\/\\\/www.jootjeshaakcadeautjes.nl\\\/de\\\/produkt\\\/badgeholder-mit-zugband-dahlia-transparent\\\/#breadcrumb\"},\"inLanguage\":\"de\",\"potentialAction\":[{\"@type\":\"ReadAction\",\"target\":[\"https:\\\/\\\/www.jootjeshaakcadeautjes.nl\\\/de\\\/produkt\\\/badgeholder-mit-zugband-dahlia-transparent\\\/\"]}]},{\"@type\":\"ImageObject\",\"inLanguage\":\"de\",\"@id\":\"https:\\\/\\\/www.jootjeshaakcadeautjes.nl\\\/de\\\/produkt\\\/badgeholder-mit-zugband-dahlia-transparent\\\/#primaryimage\",\"url\":\"https:\\\/\\\/d1dyryakdmle7o.cloudfront.net\\\/wp-content\\\/uploads\\\/2022\\\/10\\\/Badge-reel-badge-houder-trekkoord-siliconen-kralen-dahlia-magenta.jpg\",\"contentUrl\":\"https:\\\/\\\/d1dyryakdmle7o.cloudfront.net\\\/wp-content\\\/uploads\\\/2022\\\/10\\\/Badge-reel-badge-houder-trekkoord-siliconen-kralen-dahlia-magenta.jpg\",\"width\":2048,\"height\":2048,\"caption\":\"Ausweisrolle Ausweishalter Kordelzug Silikonperlen Cyclamen transparent\"},{\"@type\":\"BreadcrumbList\",\"@id\":\"https:\\\/\\\/www.jootjeshaakcadeautjes.nl\\\/de\\\/produkt\\\/badgeholder-mit-zugband-dahlia-transparent\\\/#breadcrumb\",\"itemListElement\":[{\"@type\":\"ListItem\",\"position\":1,\"name\":\"Startseite\",\"item\":\"https:\\\/\\\/www.jootjeshaakcadeautjes.nl\\\/de\\\/\"},{\"@type\":\"ListItem\",\"position\":2,\"name\":\"Gro\u00dfhandel mit Silikonperlen &#8211; Business und Consumer\",\"item\":\"https:\\\/\\\/www.jootjeshaakcadeautjes.nl\\\/de\\\/shop\\\/\"},{\"@type\":\"ListItem\",\"position\":3,\"name\":\"Ausweishalter mit Kordelzug &#8211; Dahlia &#8211; Transparent\"}]},{\"@type\":\"WebSite\",\"@id\":\"https:\\\/\\\/www.jootjeshaakcadeautjes.nl\\\/de\\\/#website\",\"url\":\"https:\\\/\\\/www.jootjeshaakcadeautjes.nl\\\/de\\\/\",\"name\":\"Jootjes Haakcadeautjes\",\"description\":\"Silikonperlen Gro\u00dfhandel \",\"publisher\":{\"@id\":\"https:\\\/\\\/www.jootjeshaakcadeautjes.nl\\\/de\\\/#organization\"},\"potentialAction\":[{\"@type\":\"SearchAction\",\"target\":{\"@type\":\"EntryPoint\",\"urlTemplate\":\"https:\\\/\\\/www.jootjeshaakcadeautjes.nl\\\/de\\\/?s={search_term_string}\"},\"query-input\":{\"@type\":\"PropertyValueSpecification\",\"valueRequired\":true,\"valueName\":\"search_term_string\"}}],\"inLanguage\":\"de\"},{\"@type\":\"Organization\",\"@id\":\"https:\\\/\\\/www.jootjeshaakcadeautjes.nl\\\/de\\\/#organization\",\"name\":\"Jootjes Haakcadeautjes\",\"url\":\"https:\\\/\\\/www.jootjeshaakcadeautjes.nl\\\/de\\\/\",\"logo\":{\"@type\":\"ImageObject\",\"inLanguage\":\"de\",\"@id\":\"https:\\\/\\\/www.jootjeshaakcadeautjes.nl\\\/de\\\/#\\\/schema\\\/logo\\\/image\\\/\",\"url\":\"https:\\\/\\\/d1dyryakdmle7o.cloudfront.net\\\/wp-content\\\/uploads\\\/2023\\\/05\\\/Logo-rond.png\",\"contentUrl\":\"https:\\\/\\\/d1dyryakdmle7o.cloudfront.net\\\/wp-content\\\/uploads\\\/2023\\\/05\\\/Logo-rond.png\",\"width\":1222,\"height\":1222,\"caption\":\"Jootjes Haakcadeautjes\"},\"image\":{\"@id\":\"https:\\\/\\\/www.jootjeshaakcadeautjes.nl\\\/de\\\/#\\\/schema\\\/logo\\\/image\\\/\"}}]}<\/script>\n<meta property=\"product:price:amount\" content=\"0.95\" \/>\n<meta property=\"product:price:currency\" content=\"EUR\" \/>\n<meta property=\"og:availability\" content=\"instock\" \/>\n<meta property=\"product:availability\" content=\"instock\" \/>\n<meta property=\"product:retailer_item_id\" content=\"BDG-TRK-DAH\" \/>\n<meta property=\"product:condition\" content=\"new\" \/>\n<!-- \/ Yoast SEO Premium plugin. -->","yoast_head_json":{"title":"Ausweishalter mit Kordelzug - Dahlia - Transparent - Jootjes Haakcadeautjes","description":"Abzeichenhalter mit Kordelzug Farbe Dahlia transparent. Ideal f\u00fcr das Gesundheitswesen und andere Berufe mit Ausweisen. Mit Silikonperlen best\u00fcckt.","robots":{"index":"index","follow":"follow","max-snippet":"max-snippet:-1","max-image-preview":"max-image-preview:large","max-video-preview":"max-video-preview:-1"},"canonical":"https:\/\/www.jootjeshaakcadeautjes.nl\/de\/produkt\/badgeholder-mit-zugband-dahlia-transparent\/","og_locale":"de_DE","og_type":"article","og_title":"Ausweishalter mit Kordelzug - Dahlia - Transparent","og_description":"Abzeichenhalter mit Kordelzug Farbe Dahlia transparent. Ideal f\u00fcr das Gesundheitswesen und andere Berufe mit Ausweisen. Mit Silikonperlen best\u00fcckt.","og_url":"https:\/\/www.jootjeshaakcadeautjes.nl\/de\/produkt\/badgeholder-mit-zugband-dahlia-transparent\/","og_site_name":"Jootjes Haakcadeautjes","article_modified_time":"2025-03-11T03:13:09+00:00","og_image":[{"width":2048,"height":2048,"url":"https:\/\/www.jootjeshaakcadeautjes.nl\/wp-content\/uploads\/2022\/10\/Badge-reel-badge-houder-trekkoord-siliconen-kralen-dahlia-magenta.jpg","type":"image\/jpeg"}],"twitter_card":"summary_large_image","twitter_misc":{"Preis":"&euro;0.95 inkl. MwSt.","Verf\u00fcgbarkeit":"Auf Lager"},"schema":{"@context":"https:\/\/schema.org","@graph":[{"@type":"WebPage","@id":"https:\/\/www.jootjeshaakcadeautjes.nl\/de\/produkt\/badgeholder-mit-zugband-dahlia-transparent\/","url":"https:\/\/www.jootjeshaakcadeautjes.nl\/de\/produkt\/badgeholder-mit-zugband-dahlia-transparent\/","name":"Ausweishalter mit Kordelzug - Dahlia - Transparent - Jootjes Haakcadeautjes","isPartOf":{"@id":"https:\/\/www.jootjeshaakcadeautjes.nl\/de\/#website"},"primaryImageOfPage":{"@id":"https:\/\/www.jootjeshaakcadeautjes.nl\/de\/produkt\/badgeholder-mit-zugband-dahlia-transparent\/#primaryimage"},"image":{"@id":"https:\/\/www.jootjeshaakcadeautjes.nl\/de\/produkt\/badgeholder-mit-zugband-dahlia-transparent\/#primaryimage"},"thumbnailUrl":"https:\/\/d1dyryakdmle7o.cloudfront.net\/wp-content\/uploads\/2022\/10\/Badge-reel-badge-houder-trekkoord-siliconen-kralen-dahlia-magenta.jpg","datePublished":"2022-10-20T18:05:48+00:00","dateModified":"2025-03-11T03:13:09+00:00","description":"Abzeichenhalter mit Kordelzug Farbe Dahlia transparent. Ideal f\u00fcr das Gesundheitswesen und andere Berufe mit Ausweisen. Mit Silikonperlen best\u00fcckt.","breadcrumb":{"@id":"https:\/\/www.jootjeshaakcadeautjes.nl\/de\/produkt\/badgeholder-mit-zugband-dahlia-transparent\/#breadcrumb"},"inLanguage":"de","potentialAction":[{"@type":"ReadAction","target":["https:\/\/www.jootjeshaakcadeautjes.nl\/de\/produkt\/badgeholder-mit-zugband-dahlia-transparent\/"]}]},{"@type":"ImageObject","inLanguage":"de","@id":"https:\/\/www.jootjeshaakcadeautjes.nl\/de\/produkt\/badgeholder-mit-zugband-dahlia-transparent\/#primaryimage","url":"https:\/\/d1dyryakdmle7o.cloudfront.net\/wp-content\/uploads\/2022\/10\/Badge-reel-badge-houder-trekkoord-siliconen-kralen-dahlia-magenta.jpg","contentUrl":"https:\/\/d1dyryakdmle7o.cloudfront.net\/wp-content\/uploads\/2022\/10\/Badge-reel-badge-houder-trekkoord-siliconen-kralen-dahlia-magenta.jpg","width":2048,"height":2048,"caption":"Ausweisrolle Ausweishalter Kordelzug Silikonperlen Cyclamen transparent"},{"@type":"BreadcrumbList","@id":"https:\/\/www.jootjeshaakcadeautjes.nl\/de\/produkt\/badgeholder-mit-zugband-dahlia-transparent\/#breadcrumb","itemListElement":[{"@type":"ListItem","position":1,"name":"Startseite","item":"https:\/\/www.jootjeshaakcadeautjes.nl\/de\/"},{"@type":"ListItem","position":2,"name":"Gro\u00dfhandel mit Silikonperlen &#8211; Business und Consumer","item":"https:\/\/www.jootjeshaakcadeautjes.nl\/de\/shop\/"},{"@type":"ListItem","position":3,"name":"Ausweishalter mit Kordelzug &#8211; Dahlia &#8211; Transparent"}]},{"@type":"WebSite","@id":"https:\/\/www.jootjeshaakcadeautjes.nl\/de\/#website","url":"https:\/\/www.jootjeshaakcadeautjes.nl\/de\/","name":"Jootjes Haakcadeautjes","description":"Silikonperlen Gro\u00dfhandel ","publisher":{"@id":"https:\/\/www.jootjeshaakcadeautjes.nl\/de\/#organization"},"potentialAction":[{"@type":"SearchAction","target":{"@type":"EntryPoint","urlTemplate":"https:\/\/www.jootjeshaakcadeautjes.nl\/de\/?s={search_term_string}"},"query-input":{"@type":"PropertyValueSpecification","valueRequired":true,"valueName":"search_term_string"}}],"inLanguage":"de"},{"@type":"Organization","@id":"https:\/\/www.jootjeshaakcadeautjes.nl\/de\/#organization","name":"Jootjes Haakcadeautjes","url":"https:\/\/www.jootjeshaakcadeautjes.nl\/de\/","logo":{"@type":"ImageObject","inLanguage":"de","@id":"https:\/\/www.jootjeshaakcadeautjes.nl\/de\/#\/schema\/logo\/image\/","url":"https:\/\/d1dyryakdmle7o.cloudfront.net\/wp-content\/uploads\/2023\/05\/Logo-rond.png","contentUrl":"https:\/\/d1dyryakdmle7o.cloudfront.net\/wp-content\/uploads\/2023\/05\/Logo-rond.png","width":1222,"height":1222,"caption":"Jootjes Haakcadeautjes"},"image":{"@id":"https:\/\/www.jootjeshaakcadeautjes.nl\/de\/#\/schema\/logo\/image\/"}}]},"product_price_amount":"0.95","product_price_currency":"EUR","og_availability":"instock","product_availability":"instock","product_retailer_item_id":"BDG-TRK-DAH","product_condition":"new"},"_links":{"self":[{"href":"https:\/\/www.jootjeshaakcadeautjes.nl\/de\/wp-json\/wp\/v2\/product\/120666","targetHints":{"allow":["GET"]}}],"collection":[{"href":"https:\/\/www.jootjeshaakcadeautjes.nl\/de\/wp-json\/wp\/v2\/product"}],"about":[{"href":"https:\/\/www.jootjeshaakcadeautjes.nl\/de\/wp-json\/wp\/v2\/types\/product"}],"version-history":[{"count":0,"href":"https:\/\/www.jootjeshaakcadeautjes.nl\/de\/wp-json\/wp\/v2\/product\/120666\/revisions"}],"wp:featuredmedia":[{"embeddable":true,"href":"https:\/\/www.jootjeshaakcadeautjes.nl\/de\/wp-json\/wp\/v2\/media\/82479"}],"wp:attachment":[{"href":"https:\/\/www.jootjeshaakcadeautjes.nl\/de\/wp-json\/wp\/v2\/media?parent=120666"}],"wp:term":[{"taxonomy":"product_brand","embeddable":true,"href":"https:\/\/www.jootjeshaakcadeautjes.nl\/de\/wp-json\/wp\/v2\/product_brand?post=120666"},{"taxonomy":"product_cat","embeddable":true,"href":"https:\/\/www.jootjeshaakcadeautjes.nl\/de\/wp-json\/wp\/v2\/product_cat?post=120666"},{"taxonomy":"product_tag","embeddable":true,"href":"https:\/\/www.jootjeshaakcadeautjes.nl\/de\/wp-json\/wp\/v2\/product_tag?post=120666"}],"curies":[{"name":"wp","href":"https:\/\/api.w.org\/{rel}","templated":true}]}}