{"id":120673,"date":"2022-10-20T16:18:41","date_gmt":"2022-10-20T14:18:41","guid":{"rendered":"https:\/\/www.jootjeshaakcadeautjes.nl\/product\/silikon-perlen-schleife-dalmatiner-kuhdruck\/"},"modified":"2025-03-11T04:12:32","modified_gmt":"2025-03-11T03:12:32","slug":"silikon-perlen-schleife-dalmatiner-kuhdruck","status":"publish","type":"product","link":"https:\/\/www.jootjeshaakcadeautjes.nl\/de\/produkt\/silikon-perlen-schleife-dalmatiner-kuhdruck\/","title":{"rendered":"Silikonperlen &#8211; Schleife &#8211; Dalmatiner &#8211; Kuhdruck &#8211; Horizontales Bohrloch"},"content":{"rendered":"<h2>Silikonperlen &#8211; Schleife &#8211; Dalmatiner &#8211; Kuhdruck<\/h2>\n<p>Farbcode: Dalmatiner &#8211; Kuhdruck<\/p>\n<p>Typ: Schleife Gr\u00f6\u00dfe: 16 x 26 mm Material: Silikon, BPA-frei, phthalatfrei, PVC-frei, cadmiumfrei Zertifiziert: CE und EN-71<\/p>\n<p>&nbsp;<\/p>\n<p>&nbsp;<\/p>\n","protected":false},"excerpt":{"rendered":"<p>Farbcode: Dalmatiner &#8211; Kuhdruck Typ: Schleife Gr\u00f6\u00dfe: 16 x 26 mm Material: Silikon, BPA-frei, phthalatfrei, PVC-frei, cadmiumfrei Zertifiziert: CE und EN-71<\/p>\n","protected":false},"featured_media":83112,"template":"","meta":[],"product_brand":[],"product_cat":[7380,6991,7994],"product_tag":[7385,7995,7419,9428,7901,7464,7416,7442,7451,9369,9430,7199,7905,7893,7211,7435,7999],"class_list":{"0":"post-120673","1":"product","2":"type-product","3":"status-publish","4":"has-post-thumbnail","6":"product_cat-herstellung-von-baby-beisspielzeug-materialien-fur-schnuller-und-beisringe","7":"product_cat-silikonperlen-bpa-frei-grosshandel","8":"product_cat-silikonperlen-schleife-horizontal","9":"product_tag-beisring","10":"product_tag-bogen","11":"product_tag-bpa-de","12":"product_tag-dalmatinisch","13":"product_tag-en-71-de","14":"product_tag-groshandel","15":"product_tag-gummischnur","16":"product_tag-kinderwagenkette","17":"product_tag-kostenlos","18":"product_tag-kuh","19":"product_tag-kuhdruck","20":"product_tag-perlen","21":"product_tag-phthalat","22":"product_tag-pvc-de","23":"product_tag-silikon","24":"product_tag-wulst","25":"product_tag-zertifiziert-de","27":"first","28":"outofstock","29":"taxable","30":"shipping-taxable","31":"purchasable","32":"product-type-simple"},"bundled_by":[],"bundle_stock_status":"outofstock","bundle_stock_quantity":0,"bundle_virtual":false,"bundle_layout":"","bundle_add_to_cart_form_location":"","bundle_editable_in_cart":false,"bundle_sold_individually_context":"","bundle_item_grouping":"","bundle_min_size":"","bundle_max_size":"","bundle_price":[],"bundled_items":[],"bundle_sell_ids":[],"yoast_head":"<!-- This site is optimized with the Yoast SEO Premium plugin v27.4 (Yoast SEO v27.5) - https:\/\/yoast.com\/product\/yoast-seo-premium-wordpress\/ -->\n<title>Silikonperlen - Schleife - Dalmatiner - Kuhdruck - Horizontales Bohrloch - Gro\u00dfhandel mit babysicheren Perlen<\/title>\n<meta name=\"description\" content=\"Silikonperlenschleife schwarz. Direkt von unserem Gro\u00dfh\u00e4ndler, BPA-frei, CE-zertifiziert. Unter anderem f\u00fcr Schnullerschnur oder Kinderwagenaufh\u00e4nger.\" \/>\n<meta name=\"robots\" content=\"index, follow, max-snippet:-1, max-image-preview:large, max-video-preview:-1\" \/>\n<link rel=\"canonical\" href=\"https:\/\/www.jootjeshaakcadeautjes.nl\/de\/produkt\/silikon-perlen-schleife-dalmatiner-kuhdruck\/\" \/>\n<meta property=\"og:locale\" content=\"de_DE\" \/>\n<meta property=\"og:type\" content=\"article\" \/>\n<meta property=\"og:title\" content=\"Silikonperlen - Schleife - Dalmatiner - Kuhdruck - Horizontales Bohrloch\" \/>\n<meta property=\"og:description\" content=\"Silikonperlenschleife schwarz. Direkt von unserem Gro\u00dfh\u00e4ndler, BPA-frei, CE-zertifiziert. Unter anderem f\u00fcr Schnullerschnur oder Kinderwagenaufh\u00e4nger.\" \/>\n<meta property=\"og:url\" content=\"https:\/\/www.jootjeshaakcadeautjes.nl\/de\/produkt\/silikon-perlen-schleife-dalmatiner-kuhdruck\/\" \/>\n<meta property=\"og:site_name\" content=\"Jootjes Haakcadeautjes\" \/>\n<meta property=\"article:modified_time\" content=\"2025-03-11T03:12:32+00:00\" \/>\n<meta property=\"og:image\" content=\"https:\/\/www.jootjeshaakcadeautjes.nl\/wp-content\/uploads\/2022\/10\/Siliconen-kralen-bpa-vrij-koeienprint-zwart-wit-groothandel-speenkoord-bijtring-bpa-vrij-strik.jpg\" \/>\n\t<meta property=\"og:image:width\" content=\"2048\" \/>\n\t<meta property=\"og:image:height\" content=\"2048\" \/>\n\t<meta property=\"og:image:type\" content=\"image\/jpeg\" \/>\n<meta name=\"twitter:card\" content=\"summary_large_image\" \/>\n<meta name=\"twitter:label1\" content=\"Preis\" \/>\n\t<meta name=\"twitter:data1\" content=\"&euro;0.75 inkl. MwSt.\" \/>\n\t<meta name=\"twitter:label2\" content=\"Verf\u00fcgbarkeit\" \/>\n\t<meta name=\"twitter:data2\" content=\"ausverkauft\" \/>\n<script type=\"application\/ld+json\" class=\"yoast-schema-graph\">{\"@context\":\"https:\\\/\\\/schema.org\",\"@graph\":[{\"@type\":\"WebPage\",\"@id\":\"https:\\\/\\\/www.jootjeshaakcadeautjes.nl\\\/de\\\/produkt\\\/silikon-perlen-schleife-dalmatiner-kuhdruck\\\/\",\"url\":\"https:\\\/\\\/www.jootjeshaakcadeautjes.nl\\\/de\\\/produkt\\\/silikon-perlen-schleife-dalmatiner-kuhdruck\\\/\",\"name\":\"Silikonperlen - Schleife - Dalmatiner - Kuhdruck - Horizontales Bohrloch - Gro\u00dfhandel mit babysicheren Perlen\",\"isPartOf\":{\"@id\":\"https:\\\/\\\/www.jootjeshaakcadeautjes.nl\\\/de\\\/#website\"},\"primaryImageOfPage\":{\"@id\":\"https:\\\/\\\/www.jootjeshaakcadeautjes.nl\\\/de\\\/produkt\\\/silikon-perlen-schleife-dalmatiner-kuhdruck\\\/#primaryimage\"},\"image\":{\"@id\":\"https:\\\/\\\/www.jootjeshaakcadeautjes.nl\\\/de\\\/produkt\\\/silikon-perlen-schleife-dalmatiner-kuhdruck\\\/#primaryimage\"},\"thumbnailUrl\":\"https:\\\/\\\/d1dyryakdmle7o.cloudfront.net\\\/wp-content\\\/uploads\\\/2022\\\/10\\\/Siliconen-kralen-bpa-vrij-koeienprint-zwart-wit-groothandel-speenkoord-bijtring-bpa-vrij-strik.jpg\",\"datePublished\":\"2022-10-20T14:18:41+00:00\",\"dateModified\":\"2025-03-11T03:12:32+00:00\",\"description\":\"Silikonperlenschleife schwarz. Direkt von unserem Gro\u00dfh\u00e4ndler, BPA-frei, CE-zertifiziert. Unter anderem f\u00fcr Schnullerschnur oder Kinderwagenaufh\u00e4nger.\",\"breadcrumb\":{\"@id\":\"https:\\\/\\\/www.jootjeshaakcadeautjes.nl\\\/de\\\/produkt\\\/silikon-perlen-schleife-dalmatiner-kuhdruck\\\/#breadcrumb\"},\"inLanguage\":\"de\",\"potentialAction\":[{\"@type\":\"ReadAction\",\"target\":[\"https:\\\/\\\/www.jootjeshaakcadeautjes.nl\\\/de\\\/produkt\\\/silikon-perlen-schleife-dalmatiner-kuhdruck\\\/\"]}]},{\"@type\":\"ImageObject\",\"inLanguage\":\"de\",\"@id\":\"https:\\\/\\\/www.jootjeshaakcadeautjes.nl\\\/de\\\/produkt\\\/silikon-perlen-schleife-dalmatiner-kuhdruck\\\/#primaryimage\",\"url\":\"https:\\\/\\\/d1dyryakdmle7o.cloudfront.net\\\/wp-content\\\/uploads\\\/2022\\\/10\\\/Siliconen-kralen-bpa-vrij-koeienprint-zwart-wit-groothandel-speenkoord-bijtring-bpa-vrij-strik.jpg\",\"contentUrl\":\"https:\\\/\\\/d1dyryakdmle7o.cloudfront.net\\\/wp-content\\\/uploads\\\/2022\\\/10\\\/Siliconen-kralen-bpa-vrij-koeienprint-zwart-wit-groothandel-speenkoord-bijtring-bpa-vrij-strik.jpg\",\"width\":2048,\"height\":2048,\"caption\":\"Silikonperlen bpa frei Kuh drucken schwarz wei\u00df Gro\u00dfhandel Schnuller Schnur Bei\u00dfring bpa frei Bogen\"},{\"@type\":\"BreadcrumbList\",\"@id\":\"https:\\\/\\\/www.jootjeshaakcadeautjes.nl\\\/de\\\/produkt\\\/silikon-perlen-schleife-dalmatiner-kuhdruck\\\/#breadcrumb\",\"itemListElement\":[{\"@type\":\"ListItem\",\"position\":1,\"name\":\"Startseite\",\"item\":\"https:\\\/\\\/www.jootjeshaakcadeautjes.nl\\\/de\\\/\"},{\"@type\":\"ListItem\",\"position\":2,\"name\":\"Gro\u00dfhandel mit Silikonperlen &#8211; Business und Consumer\",\"item\":\"https:\\\/\\\/www.jootjeshaakcadeautjes.nl\\\/de\\\/shop\\\/\"},{\"@type\":\"ListItem\",\"position\":3,\"name\":\"Silikonperlen &#8211; Schleife &#8211; Dalmatiner &#8211; Kuhdruck &#8211; Horizontales Bohrloch\"}]},{\"@type\":\"WebSite\",\"@id\":\"https:\\\/\\\/www.jootjeshaakcadeautjes.nl\\\/de\\\/#website\",\"url\":\"https:\\\/\\\/www.jootjeshaakcadeautjes.nl\\\/de\\\/\",\"name\":\"Jootjes Haakcadeautjes\",\"description\":\"Silikonperlen Gro\u00dfhandel \",\"publisher\":{\"@id\":\"https:\\\/\\\/www.jootjeshaakcadeautjes.nl\\\/de\\\/#organization\"},\"potentialAction\":[{\"@type\":\"SearchAction\",\"target\":{\"@type\":\"EntryPoint\",\"urlTemplate\":\"https:\\\/\\\/www.jootjeshaakcadeautjes.nl\\\/de\\\/?s={search_term_string}\"},\"query-input\":{\"@type\":\"PropertyValueSpecification\",\"valueRequired\":true,\"valueName\":\"search_term_string\"}}],\"inLanguage\":\"de\"},{\"@type\":\"Organization\",\"@id\":\"https:\\\/\\\/www.jootjeshaakcadeautjes.nl\\\/de\\\/#organization\",\"name\":\"Jootjes Haakcadeautjes\",\"url\":\"https:\\\/\\\/www.jootjeshaakcadeautjes.nl\\\/de\\\/\",\"logo\":{\"@type\":\"ImageObject\",\"inLanguage\":\"de\",\"@id\":\"https:\\\/\\\/www.jootjeshaakcadeautjes.nl\\\/de\\\/#\\\/schema\\\/logo\\\/image\\\/\",\"url\":\"https:\\\/\\\/jootjes-haakcadeautjes-media.s3.amazonaws.com\\\/wp-content\\\/uploads\\\/2023\\\/05\\\/Logo-rond.png\",\"contentUrl\":\"https:\\\/\\\/jootjes-haakcadeautjes-media.s3.amazonaws.com\\\/wp-content\\\/uploads\\\/2023\\\/05\\\/Logo-rond.png\",\"width\":1222,\"height\":1222,\"caption\":\"Jootjes Haakcadeautjes\"},\"image\":{\"@id\":\"https:\\\/\\\/www.jootjeshaakcadeautjes.nl\\\/de\\\/#\\\/schema\\\/logo\\\/image\\\/\"}}]}<\/script>\n<meta property=\"product:price:amount\" content=\"0.75\" \/>\n<meta property=\"product:price:currency\" content=\"EUR\" \/>\n<meta property=\"og:availability\" content=\"out of stock\" \/>\n<meta property=\"product:availability\" content=\"out of stock\" \/>\n<meta property=\"product:retailer_item_id\" content=\"SKR-STRIK-KOP\" \/>\n<meta property=\"product:condition\" content=\"new\" \/>\n<!-- \/ Yoast SEO Premium plugin. -->","yoast_head_json":{"title":"Silikonperlen - Schleife - Dalmatiner - Kuhdruck - Horizontales Bohrloch - Gro\u00dfhandel mit babysicheren Perlen","description":"Silikonperlenschleife schwarz. Direkt von unserem Gro\u00dfh\u00e4ndler, BPA-frei, CE-zertifiziert. Unter anderem f\u00fcr Schnullerschnur oder Kinderwagenaufh\u00e4nger.","robots":{"index":"index","follow":"follow","max-snippet":"max-snippet:-1","max-image-preview":"max-image-preview:large","max-video-preview":"max-video-preview:-1"},"canonical":"https:\/\/www.jootjeshaakcadeautjes.nl\/de\/produkt\/silikon-perlen-schleife-dalmatiner-kuhdruck\/","og_locale":"de_DE","og_type":"article","og_title":"Silikonperlen - Schleife - Dalmatiner - Kuhdruck - Horizontales Bohrloch","og_description":"Silikonperlenschleife schwarz. Direkt von unserem Gro\u00dfh\u00e4ndler, BPA-frei, CE-zertifiziert. Unter anderem f\u00fcr Schnullerschnur oder Kinderwagenaufh\u00e4nger.","og_url":"https:\/\/www.jootjeshaakcadeautjes.nl\/de\/produkt\/silikon-perlen-schleife-dalmatiner-kuhdruck\/","og_site_name":"Jootjes Haakcadeautjes","article_modified_time":"2025-03-11T03:12:32+00:00","og_image":[{"width":2048,"height":2048,"url":"https:\/\/www.jootjeshaakcadeautjes.nl\/wp-content\/uploads\/2022\/10\/Siliconen-kralen-bpa-vrij-koeienprint-zwart-wit-groothandel-speenkoord-bijtring-bpa-vrij-strik.jpg","type":"image\/jpeg"}],"twitter_card":"summary_large_image","twitter_misc":{"Preis":"&euro;0.75 inkl. MwSt.","Verf\u00fcgbarkeit":"ausverkauft"},"schema":{"@context":"https:\/\/schema.org","@graph":[{"@type":"WebPage","@id":"https:\/\/www.jootjeshaakcadeautjes.nl\/de\/produkt\/silikon-perlen-schleife-dalmatiner-kuhdruck\/","url":"https:\/\/www.jootjeshaakcadeautjes.nl\/de\/produkt\/silikon-perlen-schleife-dalmatiner-kuhdruck\/","name":"Silikonperlen - Schleife - Dalmatiner - Kuhdruck - Horizontales Bohrloch - Gro\u00dfhandel mit babysicheren Perlen","isPartOf":{"@id":"https:\/\/www.jootjeshaakcadeautjes.nl\/de\/#website"},"primaryImageOfPage":{"@id":"https:\/\/www.jootjeshaakcadeautjes.nl\/de\/produkt\/silikon-perlen-schleife-dalmatiner-kuhdruck\/#primaryimage"},"image":{"@id":"https:\/\/www.jootjeshaakcadeautjes.nl\/de\/produkt\/silikon-perlen-schleife-dalmatiner-kuhdruck\/#primaryimage"},"thumbnailUrl":"https:\/\/d1dyryakdmle7o.cloudfront.net\/wp-content\/uploads\/2022\/10\/Siliconen-kralen-bpa-vrij-koeienprint-zwart-wit-groothandel-speenkoord-bijtring-bpa-vrij-strik.jpg","datePublished":"2022-10-20T14:18:41+00:00","dateModified":"2025-03-11T03:12:32+00:00","description":"Silikonperlenschleife schwarz. Direkt von unserem Gro\u00dfh\u00e4ndler, BPA-frei, CE-zertifiziert. Unter anderem f\u00fcr Schnullerschnur oder Kinderwagenaufh\u00e4nger.","breadcrumb":{"@id":"https:\/\/www.jootjeshaakcadeautjes.nl\/de\/produkt\/silikon-perlen-schleife-dalmatiner-kuhdruck\/#breadcrumb"},"inLanguage":"de","potentialAction":[{"@type":"ReadAction","target":["https:\/\/www.jootjeshaakcadeautjes.nl\/de\/produkt\/silikon-perlen-schleife-dalmatiner-kuhdruck\/"]}]},{"@type":"ImageObject","inLanguage":"de","@id":"https:\/\/www.jootjeshaakcadeautjes.nl\/de\/produkt\/silikon-perlen-schleife-dalmatiner-kuhdruck\/#primaryimage","url":"https:\/\/d1dyryakdmle7o.cloudfront.net\/wp-content\/uploads\/2022\/10\/Siliconen-kralen-bpa-vrij-koeienprint-zwart-wit-groothandel-speenkoord-bijtring-bpa-vrij-strik.jpg","contentUrl":"https:\/\/d1dyryakdmle7o.cloudfront.net\/wp-content\/uploads\/2022\/10\/Siliconen-kralen-bpa-vrij-koeienprint-zwart-wit-groothandel-speenkoord-bijtring-bpa-vrij-strik.jpg","width":2048,"height":2048,"caption":"Silikonperlen bpa frei Kuh drucken schwarz wei\u00df Gro\u00dfhandel Schnuller Schnur Bei\u00dfring bpa frei Bogen"},{"@type":"BreadcrumbList","@id":"https:\/\/www.jootjeshaakcadeautjes.nl\/de\/produkt\/silikon-perlen-schleife-dalmatiner-kuhdruck\/#breadcrumb","itemListElement":[{"@type":"ListItem","position":1,"name":"Startseite","item":"https:\/\/www.jootjeshaakcadeautjes.nl\/de\/"},{"@type":"ListItem","position":2,"name":"Gro\u00dfhandel mit Silikonperlen &#8211; Business und Consumer","item":"https:\/\/www.jootjeshaakcadeautjes.nl\/de\/shop\/"},{"@type":"ListItem","position":3,"name":"Silikonperlen &#8211; Schleife &#8211; Dalmatiner &#8211; Kuhdruck &#8211; Horizontales Bohrloch"}]},{"@type":"WebSite","@id":"https:\/\/www.jootjeshaakcadeautjes.nl\/de\/#website","url":"https:\/\/www.jootjeshaakcadeautjes.nl\/de\/","name":"Jootjes Haakcadeautjes","description":"Silikonperlen Gro\u00dfhandel ","publisher":{"@id":"https:\/\/www.jootjeshaakcadeautjes.nl\/de\/#organization"},"potentialAction":[{"@type":"SearchAction","target":{"@type":"EntryPoint","urlTemplate":"https:\/\/www.jootjeshaakcadeautjes.nl\/de\/?s={search_term_string}"},"query-input":{"@type":"PropertyValueSpecification","valueRequired":true,"valueName":"search_term_string"}}],"inLanguage":"de"},{"@type":"Organization","@id":"https:\/\/www.jootjeshaakcadeautjes.nl\/de\/#organization","name":"Jootjes Haakcadeautjes","url":"https:\/\/www.jootjeshaakcadeautjes.nl\/de\/","logo":{"@type":"ImageObject","inLanguage":"de","@id":"https:\/\/www.jootjeshaakcadeautjes.nl\/de\/#\/schema\/logo\/image\/","url":"https:\/\/jootjes-haakcadeautjes-media.s3.amazonaws.com\/wp-content\/uploads\/2023\/05\/Logo-rond.png","contentUrl":"https:\/\/jootjes-haakcadeautjes-media.s3.amazonaws.com\/wp-content\/uploads\/2023\/05\/Logo-rond.png","width":1222,"height":1222,"caption":"Jootjes Haakcadeautjes"},"image":{"@id":"https:\/\/www.jootjeshaakcadeautjes.nl\/de\/#\/schema\/logo\/image\/"}}]},"product_price_amount":"0.75","product_price_currency":"EUR","og_availability":"out of stock","product_availability":"out of stock","product_retailer_item_id":"SKR-STRIK-KOP","product_condition":"new"},"_links":{"self":[{"href":"https:\/\/www.jootjeshaakcadeautjes.nl\/de\/wp-json\/wp\/v2\/product\/120673","targetHints":{"allow":["GET"]}}],"collection":[{"href":"https:\/\/www.jootjeshaakcadeautjes.nl\/de\/wp-json\/wp\/v2\/product"}],"about":[{"href":"https:\/\/www.jootjeshaakcadeautjes.nl\/de\/wp-json\/wp\/v2\/types\/product"}],"version-history":[{"count":0,"href":"https:\/\/www.jootjeshaakcadeautjes.nl\/de\/wp-json\/wp\/v2\/product\/120673\/revisions"}],"wp:featuredmedia":[{"embeddable":true,"href":"https:\/\/www.jootjeshaakcadeautjes.nl\/de\/wp-json\/wp\/v2\/media\/83112"}],"wp:attachment":[{"href":"https:\/\/www.jootjeshaakcadeautjes.nl\/de\/wp-json\/wp\/v2\/media?parent=120673"}],"wp:term":[{"taxonomy":"product_brand","embeddable":true,"href":"https:\/\/www.jootjeshaakcadeautjes.nl\/de\/wp-json\/wp\/v2\/product_brand?post=120673"},{"taxonomy":"product_cat","embeddable":true,"href":"https:\/\/www.jootjeshaakcadeautjes.nl\/de\/wp-json\/wp\/v2\/product_cat?post=120673"},{"taxonomy":"product_tag","embeddable":true,"href":"https:\/\/www.jootjeshaakcadeautjes.nl\/de\/wp-json\/wp\/v2\/product_tag?post=120673"}],"curies":[{"name":"wp","href":"https:\/\/api.w.org\/{rel}","templated":true}]}}