{"id":120688,"date":"2022-10-20T21:03:48","date_gmt":"2022-10-20T19:03:48","guid":{"rendered":"https:\/\/www.jootjeshaakcadeautjes.nl\/product\/ausweishalter-mit-zugkordel-blau-stabil\/"},"modified":"2025-07-11T15:27:51","modified_gmt":"2025-07-11T13:27:51","slug":"ausweishalter-mit-zugkordel-blau-stabil","status":"publish","type":"product","link":"https:\/\/www.jootjeshaakcadeautjes.nl\/de\/produkt\/ausweishalter-mit-zugkordel-blau-stabil\/","title":{"rendered":"Ausweishalter mit Kordelzug &#8211; Blau &#8211; Extra stabil"},"content":{"rendered":"<h2>Ausweishalter mit Kordelzug &#8211; Blau &#8211; Extra stabil<\/h2>\n<p>Material: Hochwertiger Kunststoff, mit stabilem Nylon-Zugband. Dieser Ausweishalter ist aus besonders stabilem Metall gefertigt. Diese Ausweishalter haben auch eine verschwei\u00dfte Befestigung. Weil man ihn an Hose oder Jacke anbringt, geht er nicht einfach so ab. Selbst in Berufen, in denen die Ausweise \u00fcberm\u00e4\u00dfig strapaziert werden k\u00f6nnen (z. B. bei der Arbeit mit Kindern, \u00e4lteren Menschen oder in der Behindertenbetreuung), sind diese Ausweishalter also sehr zu empfehlen!<\/p>\n<p>Diese Ausweishalter sind im Gesundheitswesen, aber auch in anderen Berufen, in denen Ausweise, Anmelde- oder Zugangstoken verwendet werden, weit verbreitet.<\/p>\n<p>Der Ausweishalter kann in Kombination mit Silikonperlen verwendet werden. Dazu schneidet man den Kordelzug ab und f\u00e4delt Silikonperlen dar\u00fcber. Dann k\u00f6nnen Sie den Knoten wieder unter die Perle schieben. Achten Sie also darauf, dass Sie nicht in der N\u00e4he des Endes (der Anstecknadel) abschneiden. In diesem Fall kann sie n\u00e4mlich nicht mehr repariert werden. Andererseits sollte man nicht zu viele Silikonperlen verwenden. Schlie\u00dflich funktioniert es auch nicht gut, wenn ein sehr langer &#8220;Schwanz&#8221; entsteht, der den ganzen Tag bei der Arbeit hin und her baumelt. Wir empfehlen zum Beispiel maximal 2-4 Perlen und 1 Akzentperle.<\/p>\n","protected":false},"excerpt":{"rendered":"<p>Typ: Ausweishalter mit Kordelzug &#8211; Stabil<br \/>\nFarbe: Blau<\/p>\n<p>Mit Silikonperlen best\u00fcckt.<\/p>\n<p>F\u00fcr weitere Informationen siehe unten.<\/p>\n","protected":false},"featured_media":82442,"template":"","meta":[],"product_brand":[],"product_cat":[9389],"product_tag":[9395,9403,9396,9394,7683,9402,9053,9398,9399,9391,9392,8325,7199,8273,8459,7211,9401],"class_list":{"0":"post-120688","1":"product","2":"type-product","3":"status-publish","4":"has-post-thumbnail","6":"product_cat-ausweishalter-mit-kordelzug","7":"product_tag-abzeichen","8":"product_tag-altere-menschen","9":"product_tag-ausweis","10":"product_tag-ausweishalter","11":"product_tag-blau","12":"product_tag-deaktiviert","13":"product_tag-durchfahrt","14":"product_tag-geht-de","15":"product_tag-halterung","16":"product_tag-kinder-de","17":"product_tag-kordel-de","18":"product_tag-kordelzug","19":"product_tag-perlen","20":"product_tag-pflege","21":"product_tag-robuste","22":"product_tag-silikon","23":"product_tag-ziehen","25":"first","26":"instock","27":"taxable","28":"shipping-taxable","29":"purchasable","30":"product-type-simple"},"bundled_by":[],"bundle_stock_status":"instock","bundle_stock_quantity":47,"bundle_virtual":false,"bundle_layout":"","bundle_add_to_cart_form_location":"","bundle_editable_in_cart":false,"bundle_sold_individually_context":"","bundle_item_grouping":"","bundle_min_size":"","bundle_max_size":"","bundle_price":[],"bundled_items":[],"bundle_sell_ids":[],"yoast_head":"<!-- This site is optimized with the Yoast SEO Premium plugin v27.6 (Yoast SEO v27.6) - https:\/\/yoast.com\/product\/yoast-seo-premium-wordpress\/ -->\n<title>Ausweishalter mit Kordelzug - Blau - Extra stabil - Jootjes Haakcadeautjes<\/title>\n<meta name=\"description\" content=\"Ausweishalter mit Kordelzug in der Farbe Blau. Ideal f\u00fcr das Gesundheitswesen und andere Berufe, die Ausweise verwenden. Mit Silikonperlen best\u00fcckt.\" \/>\n<meta name=\"robots\" content=\"index, follow, max-snippet:-1, max-image-preview:large, max-video-preview:-1\" \/>\n<link rel=\"canonical\" href=\"https:\/\/www.jootjeshaakcadeautjes.nl\/de\/produkt\/ausweishalter-mit-zugkordel-blau-stabil\/\" \/>\n<meta property=\"og:locale\" content=\"de_DE\" \/>\n<meta property=\"og:type\" content=\"article\" \/>\n<meta property=\"og:title\" content=\"Ausweishalter mit Kordelzug - Blau - Extra stabil\" \/>\n<meta property=\"og:description\" content=\"Ausweishalter mit Kordelzug in der Farbe Blau. Ideal f\u00fcr das Gesundheitswesen und andere Berufe, die Ausweise verwenden. Mit Silikonperlen best\u00fcckt.\" \/>\n<meta property=\"og:url\" content=\"https:\/\/www.jootjeshaakcadeautjes.nl\/de\/produkt\/ausweishalter-mit-zugkordel-blau-stabil\/\" \/>\n<meta property=\"og:site_name\" content=\"Jootjes Haakcadeautjes\" \/>\n<meta property=\"article:modified_time\" content=\"2025-07-11T13:27:51+00:00\" \/>\n<meta property=\"og:image\" content=\"https:\/\/www.jootjeshaakcadeautjes.nl\/wp-content\/uploads\/2022\/10\/Badge-badgehouder-reel-houder-trekkoord-siliconen-kralen-stevig-zorg-blauw.jpg\" \/>\n\t<meta property=\"og:image:width\" content=\"2048\" \/>\n\t<meta property=\"og:image:height\" content=\"2048\" \/>\n\t<meta property=\"og:image:type\" content=\"image\/jpeg\" \/>\n<meta name=\"twitter:card\" content=\"summary_large_image\" \/>\n<meta name=\"twitter:label1\" content=\"Preis\" \/>\n\t<meta name=\"twitter:data1\" content=\"&euro;1.20 inkl. MwSt.\" \/>\n\t<meta name=\"twitter:label2\" content=\"Verf\u00fcgbarkeit\" \/>\n\t<meta name=\"twitter:data2\" content=\"Auf Lager\" \/>\n<script type=\"application\/ld+json\" class=\"yoast-schema-graph\">{\"@context\":\"https:\\\/\\\/schema.org\",\"@graph\":[{\"@type\":\"WebPage\",\"@id\":\"https:\\\/\\\/www.jootjeshaakcadeautjes.nl\\\/de\\\/produkt\\\/ausweishalter-mit-zugkordel-blau-stabil\\\/\",\"url\":\"https:\\\/\\\/www.jootjeshaakcadeautjes.nl\\\/de\\\/produkt\\\/ausweishalter-mit-zugkordel-blau-stabil\\\/\",\"name\":\"Ausweishalter mit Kordelzug - Blau - Extra stabil - Jootjes Haakcadeautjes\",\"isPartOf\":{\"@id\":\"https:\\\/\\\/www.jootjeshaakcadeautjes.nl\\\/de\\\/#website\"},\"primaryImageOfPage\":{\"@id\":\"https:\\\/\\\/www.jootjeshaakcadeautjes.nl\\\/de\\\/produkt\\\/ausweishalter-mit-zugkordel-blau-stabil\\\/#primaryimage\"},\"image\":{\"@id\":\"https:\\\/\\\/www.jootjeshaakcadeautjes.nl\\\/de\\\/produkt\\\/ausweishalter-mit-zugkordel-blau-stabil\\\/#primaryimage\"},\"thumbnailUrl\":\"https:\\\/\\\/d1dyryakdmle7o.cloudfront.net\\\/wp-content\\\/uploads\\\/2022\\\/10\\\/Badge-badgehouder-reel-houder-trekkoord-siliconen-kralen-stevig-zorg-blauw.jpg\",\"datePublished\":\"2022-10-20T19:03:48+00:00\",\"dateModified\":\"2025-07-11T13:27:51+00:00\",\"description\":\"Ausweishalter mit Kordelzug in der Farbe Blau. Ideal f\u00fcr das Gesundheitswesen und andere Berufe, die Ausweise verwenden. Mit Silikonperlen best\u00fcckt.\",\"breadcrumb\":{\"@id\":\"https:\\\/\\\/www.jootjeshaakcadeautjes.nl\\\/de\\\/produkt\\\/ausweishalter-mit-zugkordel-blau-stabil\\\/#breadcrumb\"},\"inLanguage\":\"de\",\"potentialAction\":[{\"@type\":\"ReadAction\",\"target\":[\"https:\\\/\\\/www.jootjeshaakcadeautjes.nl\\\/de\\\/produkt\\\/ausweishalter-mit-zugkordel-blau-stabil\\\/\"]}]},{\"@type\":\"ImageObject\",\"inLanguage\":\"de\",\"@id\":\"https:\\\/\\\/www.jootjeshaakcadeautjes.nl\\\/de\\\/produkt\\\/ausweishalter-mit-zugkordel-blau-stabil\\\/#primaryimage\",\"url\":\"https:\\\/\\\/d1dyryakdmle7o.cloudfront.net\\\/wp-content\\\/uploads\\\/2022\\\/10\\\/Badge-badgehouder-reel-houder-trekkoord-siliconen-kralen-stevig-zorg-blauw.jpg\",\"contentUrl\":\"https:\\\/\\\/d1dyryakdmle7o.cloudfront.net\\\/wp-content\\\/uploads\\\/2022\\\/10\\\/Badge-badgehouder-reel-houder-trekkoord-siliconen-kralen-stevig-zorg-blauw.jpg\",\"width\":2048,\"height\":2048,\"caption\":\"Abzeichen Abzeichenhalter Rolle Halter Kordelzug Silikon Perlen solide Pflege blau\"},{\"@type\":\"BreadcrumbList\",\"@id\":\"https:\\\/\\\/www.jootjeshaakcadeautjes.nl\\\/de\\\/produkt\\\/ausweishalter-mit-zugkordel-blau-stabil\\\/#breadcrumb\",\"itemListElement\":[{\"@type\":\"ListItem\",\"position\":1,\"name\":\"Startseite\",\"item\":\"https:\\\/\\\/www.jootjeshaakcadeautjes.nl\\\/de\\\/\"},{\"@type\":\"ListItem\",\"position\":2,\"name\":\"Gro\u00dfhandel mit Silikonperlen &#8211; Business und Consumer\",\"item\":\"https:\\\/\\\/www.jootjeshaakcadeautjes.nl\\\/de\\\/shop\\\/\"},{\"@type\":\"ListItem\",\"position\":3,\"name\":\"Ausweishalter mit Kordelzug &#8211; Blau &#8211; Extra stabil\"}]},{\"@type\":\"WebSite\",\"@id\":\"https:\\\/\\\/www.jootjeshaakcadeautjes.nl\\\/de\\\/#website\",\"url\":\"https:\\\/\\\/www.jootjeshaakcadeautjes.nl\\\/de\\\/\",\"name\":\"Jootjes Haakcadeautjes\",\"description\":\"Silikonperlen Gro\u00dfhandel \",\"publisher\":{\"@id\":\"https:\\\/\\\/www.jootjeshaakcadeautjes.nl\\\/de\\\/#organization\"},\"potentialAction\":[{\"@type\":\"SearchAction\",\"target\":{\"@type\":\"EntryPoint\",\"urlTemplate\":\"https:\\\/\\\/www.jootjeshaakcadeautjes.nl\\\/de\\\/?s={search_term_string}\"},\"query-input\":{\"@type\":\"PropertyValueSpecification\",\"valueRequired\":true,\"valueName\":\"search_term_string\"}}],\"inLanguage\":\"de\"},{\"@type\":\"Organization\",\"@id\":\"https:\\\/\\\/www.jootjeshaakcadeautjes.nl\\\/de\\\/#organization\",\"name\":\"Jootjes Haakcadeautjes\",\"url\":\"https:\\\/\\\/www.jootjeshaakcadeautjes.nl\\\/de\\\/\",\"logo\":{\"@type\":\"ImageObject\",\"inLanguage\":\"de\",\"@id\":\"https:\\\/\\\/www.jootjeshaakcadeautjes.nl\\\/de\\\/#\\\/schema\\\/logo\\\/image\\\/\",\"url\":\"https:\\\/\\\/d1dyryakdmle7o.cloudfront.net\\\/wp-content\\\/uploads\\\/2023\\\/05\\\/Logo-rond.png\",\"contentUrl\":\"https:\\\/\\\/d1dyryakdmle7o.cloudfront.net\\\/wp-content\\\/uploads\\\/2023\\\/05\\\/Logo-rond.png\",\"width\":1222,\"height\":1222,\"caption\":\"Jootjes Haakcadeautjes\"},\"image\":{\"@id\":\"https:\\\/\\\/www.jootjeshaakcadeautjes.nl\\\/de\\\/#\\\/schema\\\/logo\\\/image\\\/\"}}]}<\/script>\n<meta property=\"product:price:amount\" content=\"1.20\" \/>\n<meta property=\"product:price:currency\" content=\"EUR\" \/>\n<meta property=\"og:availability\" content=\"instock\" \/>\n<meta property=\"product:availability\" content=\"instock\" \/>\n<meta property=\"product:retailer_item_id\" content=\"BDG-STK-BLAU\" \/>\n<meta property=\"product:condition\" content=\"new\" \/>\n<!-- \/ Yoast SEO Premium plugin. -->","yoast_head_json":{"title":"Ausweishalter mit Kordelzug - Blau - Extra stabil - Jootjes Haakcadeautjes","description":"Ausweishalter mit Kordelzug in der Farbe Blau. Ideal f\u00fcr das Gesundheitswesen und andere Berufe, die Ausweise verwenden. Mit Silikonperlen best\u00fcckt.","robots":{"index":"index","follow":"follow","max-snippet":"max-snippet:-1","max-image-preview":"max-image-preview:large","max-video-preview":"max-video-preview:-1"},"canonical":"https:\/\/www.jootjeshaakcadeautjes.nl\/de\/produkt\/ausweishalter-mit-zugkordel-blau-stabil\/","og_locale":"de_DE","og_type":"article","og_title":"Ausweishalter mit Kordelzug - Blau - Extra stabil","og_description":"Ausweishalter mit Kordelzug in der Farbe Blau. Ideal f\u00fcr das Gesundheitswesen und andere Berufe, die Ausweise verwenden. Mit Silikonperlen best\u00fcckt.","og_url":"https:\/\/www.jootjeshaakcadeautjes.nl\/de\/produkt\/ausweishalter-mit-zugkordel-blau-stabil\/","og_site_name":"Jootjes Haakcadeautjes","article_modified_time":"2025-07-11T13:27:51+00:00","og_image":[{"width":2048,"height":2048,"url":"https:\/\/www.jootjeshaakcadeautjes.nl\/wp-content\/uploads\/2022\/10\/Badge-badgehouder-reel-houder-trekkoord-siliconen-kralen-stevig-zorg-blauw.jpg","type":"image\/jpeg"}],"twitter_card":"summary_large_image","twitter_misc":{"Preis":"&euro;1.20 inkl. MwSt.","Verf\u00fcgbarkeit":"Auf Lager"},"schema":{"@context":"https:\/\/schema.org","@graph":[{"@type":"WebPage","@id":"https:\/\/www.jootjeshaakcadeautjes.nl\/de\/produkt\/ausweishalter-mit-zugkordel-blau-stabil\/","url":"https:\/\/www.jootjeshaakcadeautjes.nl\/de\/produkt\/ausweishalter-mit-zugkordel-blau-stabil\/","name":"Ausweishalter mit Kordelzug - Blau - Extra stabil - Jootjes Haakcadeautjes","isPartOf":{"@id":"https:\/\/www.jootjeshaakcadeautjes.nl\/de\/#website"},"primaryImageOfPage":{"@id":"https:\/\/www.jootjeshaakcadeautjes.nl\/de\/produkt\/ausweishalter-mit-zugkordel-blau-stabil\/#primaryimage"},"image":{"@id":"https:\/\/www.jootjeshaakcadeautjes.nl\/de\/produkt\/ausweishalter-mit-zugkordel-blau-stabil\/#primaryimage"},"thumbnailUrl":"https:\/\/d1dyryakdmle7o.cloudfront.net\/wp-content\/uploads\/2022\/10\/Badge-badgehouder-reel-houder-trekkoord-siliconen-kralen-stevig-zorg-blauw.jpg","datePublished":"2022-10-20T19:03:48+00:00","dateModified":"2025-07-11T13:27:51+00:00","description":"Ausweishalter mit Kordelzug in der Farbe Blau. Ideal f\u00fcr das Gesundheitswesen und andere Berufe, die Ausweise verwenden. Mit Silikonperlen best\u00fcckt.","breadcrumb":{"@id":"https:\/\/www.jootjeshaakcadeautjes.nl\/de\/produkt\/ausweishalter-mit-zugkordel-blau-stabil\/#breadcrumb"},"inLanguage":"de","potentialAction":[{"@type":"ReadAction","target":["https:\/\/www.jootjeshaakcadeautjes.nl\/de\/produkt\/ausweishalter-mit-zugkordel-blau-stabil\/"]}]},{"@type":"ImageObject","inLanguage":"de","@id":"https:\/\/www.jootjeshaakcadeautjes.nl\/de\/produkt\/ausweishalter-mit-zugkordel-blau-stabil\/#primaryimage","url":"https:\/\/d1dyryakdmle7o.cloudfront.net\/wp-content\/uploads\/2022\/10\/Badge-badgehouder-reel-houder-trekkoord-siliconen-kralen-stevig-zorg-blauw.jpg","contentUrl":"https:\/\/d1dyryakdmle7o.cloudfront.net\/wp-content\/uploads\/2022\/10\/Badge-badgehouder-reel-houder-trekkoord-siliconen-kralen-stevig-zorg-blauw.jpg","width":2048,"height":2048,"caption":"Abzeichen Abzeichenhalter Rolle Halter Kordelzug Silikon Perlen solide Pflege blau"},{"@type":"BreadcrumbList","@id":"https:\/\/www.jootjeshaakcadeautjes.nl\/de\/produkt\/ausweishalter-mit-zugkordel-blau-stabil\/#breadcrumb","itemListElement":[{"@type":"ListItem","position":1,"name":"Startseite","item":"https:\/\/www.jootjeshaakcadeautjes.nl\/de\/"},{"@type":"ListItem","position":2,"name":"Gro\u00dfhandel mit Silikonperlen &#8211; Business und Consumer","item":"https:\/\/www.jootjeshaakcadeautjes.nl\/de\/shop\/"},{"@type":"ListItem","position":3,"name":"Ausweishalter mit Kordelzug &#8211; Blau &#8211; Extra stabil"}]},{"@type":"WebSite","@id":"https:\/\/www.jootjeshaakcadeautjes.nl\/de\/#website","url":"https:\/\/www.jootjeshaakcadeautjes.nl\/de\/","name":"Jootjes Haakcadeautjes","description":"Silikonperlen Gro\u00dfhandel ","publisher":{"@id":"https:\/\/www.jootjeshaakcadeautjes.nl\/de\/#organization"},"potentialAction":[{"@type":"SearchAction","target":{"@type":"EntryPoint","urlTemplate":"https:\/\/www.jootjeshaakcadeautjes.nl\/de\/?s={search_term_string}"},"query-input":{"@type":"PropertyValueSpecification","valueRequired":true,"valueName":"search_term_string"}}],"inLanguage":"de"},{"@type":"Organization","@id":"https:\/\/www.jootjeshaakcadeautjes.nl\/de\/#organization","name":"Jootjes Haakcadeautjes","url":"https:\/\/www.jootjeshaakcadeautjes.nl\/de\/","logo":{"@type":"ImageObject","inLanguage":"de","@id":"https:\/\/www.jootjeshaakcadeautjes.nl\/de\/#\/schema\/logo\/image\/","url":"https:\/\/d1dyryakdmle7o.cloudfront.net\/wp-content\/uploads\/2023\/05\/Logo-rond.png","contentUrl":"https:\/\/d1dyryakdmle7o.cloudfront.net\/wp-content\/uploads\/2023\/05\/Logo-rond.png","width":1222,"height":1222,"caption":"Jootjes Haakcadeautjes"},"image":{"@id":"https:\/\/www.jootjeshaakcadeautjes.nl\/de\/#\/schema\/logo\/image\/"}}]},"product_price_amount":"1.20","product_price_currency":"EUR","og_availability":"instock","product_availability":"instock","product_retailer_item_id":"BDG-STK-BLAU","product_condition":"new"},"_links":{"self":[{"href":"https:\/\/www.jootjeshaakcadeautjes.nl\/de\/wp-json\/wp\/v2\/product\/120688","targetHints":{"allow":["GET"]}}],"collection":[{"href":"https:\/\/www.jootjeshaakcadeautjes.nl\/de\/wp-json\/wp\/v2\/product"}],"about":[{"href":"https:\/\/www.jootjeshaakcadeautjes.nl\/de\/wp-json\/wp\/v2\/types\/product"}],"version-history":[{"count":0,"href":"https:\/\/www.jootjeshaakcadeautjes.nl\/de\/wp-json\/wp\/v2\/product\/120688\/revisions"}],"wp:featuredmedia":[{"embeddable":true,"href":"https:\/\/www.jootjeshaakcadeautjes.nl\/de\/wp-json\/wp\/v2\/media\/82442"}],"wp:attachment":[{"href":"https:\/\/www.jootjeshaakcadeautjes.nl\/de\/wp-json\/wp\/v2\/media?parent=120688"}],"wp:term":[{"taxonomy":"product_brand","embeddable":true,"href":"https:\/\/www.jootjeshaakcadeautjes.nl\/de\/wp-json\/wp\/v2\/product_brand?post=120688"},{"taxonomy":"product_cat","embeddable":true,"href":"https:\/\/www.jootjeshaakcadeautjes.nl\/de\/wp-json\/wp\/v2\/product_cat?post=120688"},{"taxonomy":"product_tag","embeddable":true,"href":"https:\/\/www.jootjeshaakcadeautjes.nl\/de\/wp-json\/wp\/v2\/product_tag?post=120688"}],"curies":[{"name":"wp","href":"https:\/\/api.w.org\/{rel}","templated":true}]}}