{"id":120701,"date":"2022-10-20T02:54:28","date_gmt":"2022-10-20T00:54:28","guid":{"rendered":"https:\/\/www.jootjeshaakcadeautjes.nl\/product\/holzperlenform-wabenfoermig-gerippt-16-mm-buche\/"},"modified":"2026-03-28T21:59:46","modified_gmt":"2026-03-28T20:59:46","slug":"holzperlenform-wabenfoermig-gerippt-16-mm-buche","status":"publish","type":"product","link":"https:\/\/www.jootjeshaakcadeautjes.nl\/de\/produkt\/holzperlenform-wabenfoermig-gerippt-16-mm-buche\/","title":{"rendered":"Holzperle &#8211; Wabe\/Ribbel &#8211; 16 mm &#8211; Buchenholz"},"content":{"rendered":"<p><strong>Holzperlen 16 mm wabenf\u00f6rmig &#8211; Buchenholz<\/strong><\/p>\n<p>Die Holzperlen werden aus rohem (nicht lackiertem, gebeiztem oder ge\u00f6ltem) Buchenholz hergestellt.<\/p>\n<p>Die Holzperlen sind ein Naturprodukt. Daher k\u00f6nnen die Holzperlen manchmal minimale Abweichungen aufweisen. Sobald wir eine \u00fcberm\u00e4\u00dfige Abweichung feststellen, wird das Produkt nicht verkauft, sondern aussortiert. So k\u00f6nnen wir stets eine hohe Qualit\u00e4t unserer Produkte garantieren.<\/p>\n<p>Diese einzigartigen Wabenperlen eignen sich hervorragend f\u00fcr Schnullerschn\u00fcre, Bei\u00dfringe, Makramee und vieles mehr!<\/p>\n<p>Es ist sehr wichtig, auf diese Produkte zu achten, wenn sie in Baby- oder Kinderspielzeug verwendet werden. In der Tat wird Holz nicht routinem\u00e4\u00dfig f\u00fcr diesen Zweck verwendet.<br \/>\nWeisen Sie daher die Eltern\/Gro\u00dfeltern\/Kunden an, das Produkt sorgf\u00e4ltig auf Abnutzungserscheinungen zu \u00fcberpr\u00fcfen (R\u00f6hrenholz splittert normalerweise nicht\/kaum). Es ist auch wichtig, die Schn\u00fcre, die zum Auff\u00e4deln der Perlen verwendet werden, regelm\u00e4\u00dfig auf Verschlei\u00df zu \u00fcberpr\u00fcfen. Die fertigen Projekte sollten daher nur in Begleitung eines Erwachsenen genutzt werden.<\/p>\n","protected":false},"excerpt":{"rendered":"<p>Unbehandeltes, unlackiertes Buchenholz.<br \/>\nVariante: 16 mm Wabe<\/p>\n<p><small>F\u00fcr weitere Informationen, <\/small><small>finden Sie am Ende der Seite.<\/small><\/p>\n","protected":false},"featured_media":83961,"template":"","meta":[],"product_brand":[],"product_cat":[7380,9404,8045,9405],"product_tag":[7685,7681,7510,7385,8720,8047,7464,7416,7196,8046,7442,7397,7199,7520,7435],"class_list":{"0":"post-120701","1":"product","2":"type-product","3":"status-publish","4":"has-post-thumbnail","6":"product_cat-herstellung-von-baby-beisspielzeug-materialien-fur-schnuller-und-beisringe","7":"product_cat-holzperlen-buchenholz-schnullerschnur-und-beisring","8":"product_cat-holzperlen-schnullerband-und-beisring-alle-holzperlen","9":"product_cat-holzperlen-fur-makramee-und-hakeln","10":"product_tag-16-de","11":"product_tag-16-mm-de","12":"product_tag-baby-de","13":"product_tag-beisring","14":"product_tag-bienenwabe","15":"product_tag-buche","16":"product_tag-groshandel","17":"product_tag-gummischnur","18":"product_tag-holz","19":"product_tag-holz-de","20":"product_tag-kinderwagenkette","21":"product_tag-mm-de","22":"product_tag-perlen","23":"product_tag-sicher","24":"product_tag-wulst","26":"first","27":"instock","28":"taxable","29":"shipping-taxable","30":"purchasable","31":"product-type-simple"},"bundled_by":[],"bundle_stock_status":"instock","bundle_stock_quantity":75,"bundle_virtual":false,"bundle_layout":"","bundle_add_to_cart_form_location":"","bundle_editable_in_cart":false,"bundle_sold_individually_context":"","bundle_item_grouping":"","bundle_min_size":"","bundle_max_size":"","bundle_price":[],"bundled_items":[],"bundle_sell_ids":[],"yoast_head":"<!-- This site is optimized with the Yoast SEO Premium plugin v27.6 (Yoast SEO v27.6) - https:\/\/yoast.com\/product\/yoast-seo-premium-wordpress\/ -->\n<title>Holzperlen 20 mm Honeycomb - Jootjes Crochet Geschenke<\/title>\n<meta name=\"description\" content=\"Holzperlen 20 mm wabenf\u00f6rmig. F\u00fcr lustige Abwechslung in all Ihren handgefertigten Babyspielzeugen aus Holz, jetzt bei Jootjes Crochet Gifts, f\u00fcr nur 0,25 Euro pro St\u00fcck!\" \/>\n<meta name=\"robots\" content=\"index, follow, max-snippet:-1, max-image-preview:large, max-video-preview:-1\" \/>\n<link rel=\"canonical\" href=\"https:\/\/www.jootjeshaakcadeautjes.nl\/de\/produkt\/holzperlenform-wabenfoermig-gerippt-16-mm-buche\/\" \/>\n<meta property=\"og:locale\" content=\"de_DE\" \/>\n<meta property=\"og:type\" content=\"article\" \/>\n<meta property=\"og:title\" content=\"Holzperle - Wabe\/Ribbel - 16 mm - Buchenholz\" \/>\n<meta property=\"og:description\" content=\"Holzperlen 20 mm wabenf\u00f6rmig. F\u00fcr lustige Abwechslung in all Ihren handgefertigten Babyspielzeugen aus Holz, jetzt bei Jootjes Crochet Gifts, f\u00fcr nur 0,25 Euro pro St\u00fcck!\" \/>\n<meta property=\"og:url\" content=\"https:\/\/www.jootjeshaakcadeautjes.nl\/de\/produkt\/holzperlenform-wabenfoermig-gerippt-16-mm-buche\/\" \/>\n<meta property=\"og:site_name\" content=\"Jootjes Haakcadeautjes\" \/>\n<meta property=\"article:modified_time\" content=\"2026-03-28T20:59:46+00:00\" \/>\n<meta property=\"og:image\" content=\"https:\/\/www.jootjeshaakcadeautjes.nl\/wp-content\/uploads\/2022\/10\/20221023_191302.jpg\" \/>\n\t<meta property=\"og:image:width\" content=\"2048\" \/>\n\t<meta property=\"og:image:height\" content=\"2048\" \/>\n\t<meta property=\"og:image:type\" content=\"image\/jpeg\" \/>\n<meta name=\"twitter:card\" content=\"summary_large_image\" \/>\n<meta name=\"twitter:label1\" content=\"Preis\" \/>\n\t<meta name=\"twitter:data1\" content=\"&euro;0.30 inkl. MwSt.\" \/>\n\t<meta name=\"twitter:label2\" content=\"Verf\u00fcgbarkeit\" \/>\n\t<meta name=\"twitter:data2\" content=\"Auf Lager\" \/>\n<script type=\"application\/ld+json\" class=\"yoast-schema-graph\">{\"@context\":\"https:\\\/\\\/schema.org\",\"@graph\":[{\"@type\":\"WebPage\",\"@id\":\"https:\\\/\\\/www.jootjeshaakcadeautjes.nl\\\/de\\\/produkt\\\/holzperlenform-wabenfoermig-gerippt-16-mm-buche\\\/\",\"url\":\"https:\\\/\\\/www.jootjeshaakcadeautjes.nl\\\/de\\\/produkt\\\/holzperlenform-wabenfoermig-gerippt-16-mm-buche\\\/\",\"name\":\"Holzperlen 20 mm Honeycomb - Jootjes Crochet Geschenke\",\"isPartOf\":{\"@id\":\"https:\\\/\\\/www.jootjeshaakcadeautjes.nl\\\/de\\\/#website\"},\"primaryImageOfPage\":{\"@id\":\"https:\\\/\\\/www.jootjeshaakcadeautjes.nl\\\/de\\\/produkt\\\/holzperlenform-wabenfoermig-gerippt-16-mm-buche\\\/#primaryimage\"},\"image\":{\"@id\":\"https:\\\/\\\/www.jootjeshaakcadeautjes.nl\\\/de\\\/produkt\\\/holzperlenform-wabenfoermig-gerippt-16-mm-buche\\\/#primaryimage\"},\"thumbnailUrl\":\"https:\\\/\\\/d1dyryakdmle7o.cloudfront.net\\\/wp-content\\\/uploads\\\/2022\\\/10\\\/20221023_191302.jpg\",\"datePublished\":\"2022-10-20T00:54:28+00:00\",\"dateModified\":\"2026-03-28T20:59:46+00:00\",\"description\":\"Holzperlen 20 mm wabenf\u00f6rmig. F\u00fcr lustige Abwechslung in all Ihren handgefertigten Babyspielzeugen aus Holz, jetzt bei Jootjes Crochet Gifts, f\u00fcr nur 0,25 Euro pro St\u00fcck!\",\"breadcrumb\":{\"@id\":\"https:\\\/\\\/www.jootjeshaakcadeautjes.nl\\\/de\\\/produkt\\\/holzperlenform-wabenfoermig-gerippt-16-mm-buche\\\/#breadcrumb\"},\"inLanguage\":\"de\",\"potentialAction\":[{\"@type\":\"ReadAction\",\"target\":[\"https:\\\/\\\/www.jootjeshaakcadeautjes.nl\\\/de\\\/produkt\\\/holzperlenform-wabenfoermig-gerippt-16-mm-buche\\\/\"]}]},{\"@type\":\"ImageObject\",\"inLanguage\":\"de\",\"@id\":\"https:\\\/\\\/www.jootjeshaakcadeautjes.nl\\\/de\\\/produkt\\\/holzperlenform-wabenfoermig-gerippt-16-mm-buche\\\/#primaryimage\",\"url\":\"https:\\\/\\\/d1dyryakdmle7o.cloudfront.net\\\/wp-content\\\/uploads\\\/2022\\\/10\\\/20221023_191302.jpg\",\"contentUrl\":\"https:\\\/\\\/d1dyryakdmle7o.cloudfront.net\\\/wp-content\\\/uploads\\\/2022\\\/10\\\/20221023_191302.jpg\",\"width\":2048,\"height\":2048,\"caption\":\"Buche Holz Wabe 16 mm Schnuller Schnur Bei\u00dfring Gro\u00dfhandel Perlen\"},{\"@type\":\"BreadcrumbList\",\"@id\":\"https:\\\/\\\/www.jootjeshaakcadeautjes.nl\\\/de\\\/produkt\\\/holzperlenform-wabenfoermig-gerippt-16-mm-buche\\\/#breadcrumb\",\"itemListElement\":[{\"@type\":\"ListItem\",\"position\":1,\"name\":\"Startseite\",\"item\":\"https:\\\/\\\/www.jootjeshaakcadeautjes.nl\\\/de\\\/\"},{\"@type\":\"ListItem\",\"position\":2,\"name\":\"Gro\u00dfhandel mit Silikonperlen &#8211; Business und Consumer\",\"item\":\"https:\\\/\\\/www.jootjeshaakcadeautjes.nl\\\/de\\\/shop\\\/\"},{\"@type\":\"ListItem\",\"position\":3,\"name\":\"Holzperle &#8211; Wabe\\\/Ribbel &#8211; 16 mm &#8211; Buchenholz\"}]},{\"@type\":\"WebSite\",\"@id\":\"https:\\\/\\\/www.jootjeshaakcadeautjes.nl\\\/de\\\/#website\",\"url\":\"https:\\\/\\\/www.jootjeshaakcadeautjes.nl\\\/de\\\/\",\"name\":\"Jootjes Haakcadeautjes\",\"description\":\"Silikonperlen Gro\u00dfhandel \",\"publisher\":{\"@id\":\"https:\\\/\\\/www.jootjeshaakcadeautjes.nl\\\/de\\\/#organization\"},\"potentialAction\":[{\"@type\":\"SearchAction\",\"target\":{\"@type\":\"EntryPoint\",\"urlTemplate\":\"https:\\\/\\\/www.jootjeshaakcadeautjes.nl\\\/de\\\/?s={search_term_string}\"},\"query-input\":{\"@type\":\"PropertyValueSpecification\",\"valueRequired\":true,\"valueName\":\"search_term_string\"}}],\"inLanguage\":\"de\"},{\"@type\":\"Organization\",\"@id\":\"https:\\\/\\\/www.jootjeshaakcadeautjes.nl\\\/de\\\/#organization\",\"name\":\"Jootjes Haakcadeautjes\",\"url\":\"https:\\\/\\\/www.jootjeshaakcadeautjes.nl\\\/de\\\/\",\"logo\":{\"@type\":\"ImageObject\",\"inLanguage\":\"de\",\"@id\":\"https:\\\/\\\/www.jootjeshaakcadeautjes.nl\\\/de\\\/#\\\/schema\\\/logo\\\/image\\\/\",\"url\":\"https:\\\/\\\/d1dyryakdmle7o.cloudfront.net\\\/wp-content\\\/uploads\\\/2023\\\/05\\\/Logo-rond.png\",\"contentUrl\":\"https:\\\/\\\/d1dyryakdmle7o.cloudfront.net\\\/wp-content\\\/uploads\\\/2023\\\/05\\\/Logo-rond.png\",\"width\":1222,\"height\":1222,\"caption\":\"Jootjes Haakcadeautjes\"},\"image\":{\"@id\":\"https:\\\/\\\/www.jootjeshaakcadeautjes.nl\\\/de\\\/#\\\/schema\\\/logo\\\/image\\\/\"}}]}<\/script>\n<meta property=\"product:price:amount\" content=\"0.30\" \/>\n<meta property=\"product:price:currency\" content=\"EUR\" \/>\n<meta property=\"og:availability\" content=\"instock\" \/>\n<meta property=\"product:availability\" content=\"instock\" \/>\n<meta property=\"product:retailer_item_id\" content=\"HOU-KRA-H16-BEU\" \/>\n<meta property=\"product:condition\" content=\"new\" \/>\n<!-- \/ Yoast SEO Premium plugin. -->","yoast_head_json":{"title":"Holzperlen 20 mm Honeycomb - Jootjes Crochet Geschenke","description":"Holzperlen 20 mm wabenf\u00f6rmig. F\u00fcr lustige Abwechslung in all Ihren handgefertigten Babyspielzeugen aus Holz, jetzt bei Jootjes Crochet Gifts, f\u00fcr nur 0,25 Euro pro St\u00fcck!","robots":{"index":"index","follow":"follow","max-snippet":"max-snippet:-1","max-image-preview":"max-image-preview:large","max-video-preview":"max-video-preview:-1"},"canonical":"https:\/\/www.jootjeshaakcadeautjes.nl\/de\/produkt\/holzperlenform-wabenfoermig-gerippt-16-mm-buche\/","og_locale":"de_DE","og_type":"article","og_title":"Holzperle - Wabe\/Ribbel - 16 mm - Buchenholz","og_description":"Holzperlen 20 mm wabenf\u00f6rmig. F\u00fcr lustige Abwechslung in all Ihren handgefertigten Babyspielzeugen aus Holz, jetzt bei Jootjes Crochet Gifts, f\u00fcr nur 0,25 Euro pro St\u00fcck!","og_url":"https:\/\/www.jootjeshaakcadeautjes.nl\/de\/produkt\/holzperlenform-wabenfoermig-gerippt-16-mm-buche\/","og_site_name":"Jootjes Haakcadeautjes","article_modified_time":"2026-03-28T20:59:46+00:00","og_image":[{"width":2048,"height":2048,"url":"https:\/\/www.jootjeshaakcadeautjes.nl\/wp-content\/uploads\/2022\/10\/20221023_191302.jpg","type":"image\/jpeg"}],"twitter_card":"summary_large_image","twitter_misc":{"Preis":"&euro;0.30 inkl. MwSt.","Verf\u00fcgbarkeit":"Auf Lager"},"schema":{"@context":"https:\/\/schema.org","@graph":[{"@type":"WebPage","@id":"https:\/\/www.jootjeshaakcadeautjes.nl\/de\/produkt\/holzperlenform-wabenfoermig-gerippt-16-mm-buche\/","url":"https:\/\/www.jootjeshaakcadeautjes.nl\/de\/produkt\/holzperlenform-wabenfoermig-gerippt-16-mm-buche\/","name":"Holzperlen 20 mm Honeycomb - Jootjes Crochet Geschenke","isPartOf":{"@id":"https:\/\/www.jootjeshaakcadeautjes.nl\/de\/#website"},"primaryImageOfPage":{"@id":"https:\/\/www.jootjeshaakcadeautjes.nl\/de\/produkt\/holzperlenform-wabenfoermig-gerippt-16-mm-buche\/#primaryimage"},"image":{"@id":"https:\/\/www.jootjeshaakcadeautjes.nl\/de\/produkt\/holzperlenform-wabenfoermig-gerippt-16-mm-buche\/#primaryimage"},"thumbnailUrl":"https:\/\/d1dyryakdmle7o.cloudfront.net\/wp-content\/uploads\/2022\/10\/20221023_191302.jpg","datePublished":"2022-10-20T00:54:28+00:00","dateModified":"2026-03-28T20:59:46+00:00","description":"Holzperlen 20 mm wabenf\u00f6rmig. F\u00fcr lustige Abwechslung in all Ihren handgefertigten Babyspielzeugen aus Holz, jetzt bei Jootjes Crochet Gifts, f\u00fcr nur 0,25 Euro pro St\u00fcck!","breadcrumb":{"@id":"https:\/\/www.jootjeshaakcadeautjes.nl\/de\/produkt\/holzperlenform-wabenfoermig-gerippt-16-mm-buche\/#breadcrumb"},"inLanguage":"de","potentialAction":[{"@type":"ReadAction","target":["https:\/\/www.jootjeshaakcadeautjes.nl\/de\/produkt\/holzperlenform-wabenfoermig-gerippt-16-mm-buche\/"]}]},{"@type":"ImageObject","inLanguage":"de","@id":"https:\/\/www.jootjeshaakcadeautjes.nl\/de\/produkt\/holzperlenform-wabenfoermig-gerippt-16-mm-buche\/#primaryimage","url":"https:\/\/d1dyryakdmle7o.cloudfront.net\/wp-content\/uploads\/2022\/10\/20221023_191302.jpg","contentUrl":"https:\/\/d1dyryakdmle7o.cloudfront.net\/wp-content\/uploads\/2022\/10\/20221023_191302.jpg","width":2048,"height":2048,"caption":"Buche Holz Wabe 16 mm Schnuller Schnur Bei\u00dfring Gro\u00dfhandel Perlen"},{"@type":"BreadcrumbList","@id":"https:\/\/www.jootjeshaakcadeautjes.nl\/de\/produkt\/holzperlenform-wabenfoermig-gerippt-16-mm-buche\/#breadcrumb","itemListElement":[{"@type":"ListItem","position":1,"name":"Startseite","item":"https:\/\/www.jootjeshaakcadeautjes.nl\/de\/"},{"@type":"ListItem","position":2,"name":"Gro\u00dfhandel mit Silikonperlen &#8211; Business und Consumer","item":"https:\/\/www.jootjeshaakcadeautjes.nl\/de\/shop\/"},{"@type":"ListItem","position":3,"name":"Holzperle &#8211; Wabe\/Ribbel &#8211; 16 mm &#8211; Buchenholz"}]},{"@type":"WebSite","@id":"https:\/\/www.jootjeshaakcadeautjes.nl\/de\/#website","url":"https:\/\/www.jootjeshaakcadeautjes.nl\/de\/","name":"Jootjes Haakcadeautjes","description":"Silikonperlen Gro\u00dfhandel ","publisher":{"@id":"https:\/\/www.jootjeshaakcadeautjes.nl\/de\/#organization"},"potentialAction":[{"@type":"SearchAction","target":{"@type":"EntryPoint","urlTemplate":"https:\/\/www.jootjeshaakcadeautjes.nl\/de\/?s={search_term_string}"},"query-input":{"@type":"PropertyValueSpecification","valueRequired":true,"valueName":"search_term_string"}}],"inLanguage":"de"},{"@type":"Organization","@id":"https:\/\/www.jootjeshaakcadeautjes.nl\/de\/#organization","name":"Jootjes Haakcadeautjes","url":"https:\/\/www.jootjeshaakcadeautjes.nl\/de\/","logo":{"@type":"ImageObject","inLanguage":"de","@id":"https:\/\/www.jootjeshaakcadeautjes.nl\/de\/#\/schema\/logo\/image\/","url":"https:\/\/d1dyryakdmle7o.cloudfront.net\/wp-content\/uploads\/2023\/05\/Logo-rond.png","contentUrl":"https:\/\/d1dyryakdmle7o.cloudfront.net\/wp-content\/uploads\/2023\/05\/Logo-rond.png","width":1222,"height":1222,"caption":"Jootjes Haakcadeautjes"},"image":{"@id":"https:\/\/www.jootjeshaakcadeautjes.nl\/de\/#\/schema\/logo\/image\/"}}]},"product_price_amount":"0.30","product_price_currency":"EUR","og_availability":"instock","product_availability":"instock","product_retailer_item_id":"HOU-KRA-H16-BEU","product_condition":"new"},"_links":{"self":[{"href":"https:\/\/www.jootjeshaakcadeautjes.nl\/de\/wp-json\/wp\/v2\/product\/120701","targetHints":{"allow":["GET"]}}],"collection":[{"href":"https:\/\/www.jootjeshaakcadeautjes.nl\/de\/wp-json\/wp\/v2\/product"}],"about":[{"href":"https:\/\/www.jootjeshaakcadeautjes.nl\/de\/wp-json\/wp\/v2\/types\/product"}],"version-history":[{"count":0,"href":"https:\/\/www.jootjeshaakcadeautjes.nl\/de\/wp-json\/wp\/v2\/product\/120701\/revisions"}],"wp:featuredmedia":[{"embeddable":true,"href":"https:\/\/www.jootjeshaakcadeautjes.nl\/de\/wp-json\/wp\/v2\/media\/83961"}],"wp:attachment":[{"href":"https:\/\/www.jootjeshaakcadeautjes.nl\/de\/wp-json\/wp\/v2\/media?parent=120701"}],"wp:term":[{"taxonomy":"product_brand","embeddable":true,"href":"https:\/\/www.jootjeshaakcadeautjes.nl\/de\/wp-json\/wp\/v2\/product_brand?post=120701"},{"taxonomy":"product_cat","embeddable":true,"href":"https:\/\/www.jootjeshaakcadeautjes.nl\/de\/wp-json\/wp\/v2\/product_cat?post=120701"},{"taxonomy":"product_tag","embeddable":true,"href":"https:\/\/www.jootjeshaakcadeautjes.nl\/de\/wp-json\/wp\/v2\/product_tag?post=120701"}],"curies":[{"name":"wp","href":"https:\/\/api.w.org\/{rel}","templated":true}]}}