{"id":120717,"date":"2022-10-19T14:12:50","date_gmt":"2022-10-19T13:12:50","guid":{"rendered":"https:\/\/www.jootjeshaakcadeautjes.nl\/product\/silikon-nuckelklammer-gaensebluemchen-hellgrau\/"},"modified":"2025-08-12T17:05:10","modified_gmt":"2025-08-12T15:05:10","slug":"schnullerclip-72","status":"publish","type":"product","link":"https:\/\/www.jootjeshaakcadeautjes.nl\/de\/produkt\/schnullerclip-72\/","title":{"rendered":"Schnullerclip aus Silikon &#8211; G\u00e4nsebl\u00fcmchen &#8211; Hellgrau"},"content":{"rendered":"<h2>Schnullerclip aus Silikon &#8211; G\u00e4nsebl\u00fcmchen &#8211; Hellgrau<\/h2>\n<p>Passende G\u00e4nsebl\u00fcmchenperlen 20 und 30 mm.<\/p>\n<p>Farbe: Hellgrau<br \/>\nMaterial: wie immer BPA-frei, PVC-frei, phthalatfrei und anderes toxinfreies Silikon<br \/>\n100% kindersicher, chemisch sicher getestet.<\/p>\n<p>Stabiler Clip mit Kunststoffeinsatz.<\/p>\n","protected":false},"excerpt":{"rendered":"<h2>Schnullerclip aus Silikon &#8211; G\u00e4nsebl\u00fcmchen &#8211; Hellgrau<\/h2>\n<p>Farbe: Hellgrau<\/p>\n<p>Passende G\u00e4nsebl\u00fcmchenperlen 20 und 30 mm.<\/p>\n<p>Material: wie immer BPA-frei, PVC-frei, phthalatfrei und anderes toxinfreies Silikon<br \/>\n100% kindersicher, chemisch sicher getestet<\/p>\n<p>Stabiler Clip mit Kunststoffeinsatz.<\/p>\n","protected":false},"featured_media":83820,"template":"","meta":[],"product_brand":[],"product_cat":[7380],"product_tag":[7385,7981,7419,8491,8403,9082,8000,7899,7464,7416,9441,7986,7451,7623,9075,7199,7908,7211,7988],"class_list":{"0":"post-120717","1":"product","2":"type-product","3":"status-publish","4":"has-post-thumbnail","6":"product_cat-herstellung-von-baby-beisspielzeug-materialien-fur-schnuller-und-beisringe","7":"product_tag-beisring","8":"product_tag-blume","9":"product_tag-bpa-de","10":"product_tag-bpavfree","11":"product_tag-dummy-clip","12":"product_tag-ftatlaat-de","13":"product_tag-ganseblumchen","14":"product_tag-grau","15":"product_tag-groshandel","16":"product_tag-gummischnur","17":"product_tag-hellgrau-de","18":"product_tag-kindersicher","19":"product_tag-kostenlos","20":"product_tag-licht-de","21":"product_tag-nuckelklammern","22":"product_tag-perlen","23":"product_tag-pvc-frei","24":"product_tag-silikon","25":"product_tag-zertifiziert","27":"first","28":"instock","29":"sale","30":"taxable","31":"shipping-taxable","32":"purchasable","33":"product-type-simple"},"bundled_by":[],"bundle_stock_status":"instock","bundle_stock_quantity":13,"bundle_virtual":false,"bundle_layout":"","bundle_add_to_cart_form_location":"","bundle_editable_in_cart":false,"bundle_sold_individually_context":"","bundle_item_grouping":"","bundle_min_size":"","bundle_max_size":"","bundle_price":[],"bundled_items":[],"bundle_sell_ids":[],"yoast_head":"<!-- This site is optimized with the Yoast SEO Premium plugin v26.4 (Yoast SEO v26.9) - https:\/\/yoast.com\/product\/yoast-seo-premium-wordpress\/ -->\n<title>- BPA frei, CE-Zeichen<\/title>\n<meta name=\"description\" content=\"Schnullerclip aus Silikon Blume Pfirsich Rosa BPA frei . Babysichere Clips f\u00fcr Schnuller oder Kinderwagenschnur. Kaufen Sie hier, im Gro\u00dfhandel.\" \/>\n<meta name=\"robots\" content=\"index, follow, max-snippet:-1, max-image-preview:large, max-video-preview:-1\" \/>\n<link rel=\"canonical\" href=\"https:\/\/www.jootjeshaakcadeautjes.nl\/de\/produkt\/schnullerclip-72\/\" \/>\n<meta property=\"og:locale\" content=\"de_DE\" \/>\n<meta property=\"og:type\" content=\"article\" \/>\n<meta property=\"og:title\" content=\"Schnullerclip aus Silikon - G\u00e4nsebl\u00fcmchen - Hellgrau\" \/>\n<meta property=\"og:description\" content=\"Schnullerclip aus Silikon Blume Pfirsich Rosa BPA frei . Babysichere Clips f\u00fcr Schnuller oder Kinderwagenschnur. Kaufen Sie hier, im Gro\u00dfhandel.\" \/>\n<meta property=\"og:url\" content=\"https:\/\/www.jootjeshaakcadeautjes.nl\/de\/produkt\/schnullerclip-72\/\" \/>\n<meta property=\"og:site_name\" content=\"Jootjes Haakcadeautjes\" \/>\n<meta property=\"article:modified_time\" content=\"2025-08-12T15:05:10+00:00\" \/>\n<meta property=\"og:image\" content=\"https:\/\/www.jootjeshaakcadeautjes.nl\/wp-content\/uploads\/2022\/10\/20221021_211702.jpg\" \/>\n\t<meta property=\"og:image:width\" content=\"2048\" \/>\n\t<meta property=\"og:image:height\" content=\"2048\" \/>\n\t<meta property=\"og:image:type\" content=\"image\/jpeg\" \/>\n<meta name=\"twitter:card\" content=\"summary_large_image\" \/>\n<meta name=\"twitter:label1\" content=\"Preis\" \/>\n\t<meta name=\"twitter:data1\" content=\"&euro;1.50 inkl. MwSt.\" \/>\n\t<meta name=\"twitter:label2\" content=\"Verf\u00fcgbarkeit\" \/>\n\t<meta name=\"twitter:data2\" content=\"Auf Lager\" \/>\n<script type=\"application\/ld+json\" class=\"yoast-schema-graph\">{\"@context\":\"https:\/\/schema.org\",\"@graph\":[{\"@type\":\"WebPage\",\"@id\":\"https:\/\/www.jootjeshaakcadeautjes.nl\/de\/produkt\/schnullerclip-72\/\",\"url\":\"https:\/\/www.jootjeshaakcadeautjes.nl\/de\/produkt\/schnullerclip-72\/\",\"name\":\"- BPA frei, CE-Zeichen\",\"isPartOf\":{\"@id\":\"https:\/\/www.jootjeshaakcadeautjes.nl\/de\/#website\"},\"primaryImageOfPage\":{\"@id\":\"https:\/\/www.jootjeshaakcadeautjes.nl\/de\/produkt\/schnullerclip-72\/#primaryimage\"},\"image\":{\"@id\":\"https:\/\/www.jootjeshaakcadeautjes.nl\/de\/produkt\/schnullerclip-72\/#primaryimage\"},\"thumbnailUrl\":\"https:\/\/d1dyryakdmle7o.cloudfront.net\/wp-content\/uploads\/2022\/10\/20221021_211702.jpg\",\"datePublished\":\"2022-10-19T13:12:50+00:00\",\"dateModified\":\"2025-08-12T15:05:10+00:00\",\"description\":\"Schnullerclip aus Silikon Blume Pfirsich Rosa BPA frei . Babysichere Clips f\u00fcr Schnuller oder Kinderwagenschnur. Kaufen Sie hier, im Gro\u00dfhandel.\",\"breadcrumb\":{\"@id\":\"https:\/\/www.jootjeshaakcadeautjes.nl\/de\/produkt\/schnullerclip-72\/#breadcrumb\"},\"inLanguage\":\"de\",\"potentialAction\":[{\"@type\":\"ReadAction\",\"target\":[\"https:\/\/www.jootjeshaakcadeautjes.nl\/de\/produkt\/schnullerclip-72\/\"]}]},{\"@type\":\"ImageObject\",\"inLanguage\":\"de\",\"@id\":\"https:\/\/www.jootjeshaakcadeautjes.nl\/de\/produkt\/schnullerclip-72\/#primaryimage\",\"url\":\"https:\/\/d1dyryakdmle7o.cloudfront.net\/wp-content\/uploads\/2022\/10\/20221021_211702.jpg\",\"contentUrl\":\"https:\/\/d1dyryakdmle7o.cloudfront.net\/wp-content\/uploads\/2022\/10\/20221021_211702.jpg\",\"width\":2048,\"height\":2048,\"caption\":\"Schnullerclip Silikon Daisy Flower Gro\u00dfhandel bpa frei Schnuller Schnur Kinderwagen Schnur Bei\u00dfring hellgrau\"},{\"@type\":\"BreadcrumbList\",\"@id\":\"https:\/\/www.jootjeshaakcadeautjes.nl\/de\/produkt\/schnullerclip-72\/#breadcrumb\",\"itemListElement\":[{\"@type\":\"ListItem\",\"position\":1,\"name\":\"Startseite\",\"item\":\"https:\/\/www.jootjeshaakcadeautjes.nl\/de\/\"},{\"@type\":\"ListItem\",\"position\":2,\"name\":\"Gro\u00dfhandel mit Silikonperlen &#8211; Business und Consumer\",\"item\":\"https:\/\/www.jootjeshaakcadeautjes.nl\/de\/shop\/\"},{\"@type\":\"ListItem\",\"position\":3,\"name\":\"Schnullerclip aus Silikon &#8211; G\u00e4nsebl\u00fcmchen &#8211; Hellgrau\"}]},{\"@type\":\"WebSite\",\"@id\":\"https:\/\/www.jootjeshaakcadeautjes.nl\/de\/#website\",\"url\":\"https:\/\/www.jootjeshaakcadeautjes.nl\/de\/\",\"name\":\"Jootjes Haakcadeautjes\",\"description\":\"Silikonperlen Gro\u00dfhandel \",\"publisher\":{\"@id\":\"https:\/\/www.jootjeshaakcadeautjes.nl\/de\/#organization\"},\"potentialAction\":[{\"@type\":\"SearchAction\",\"target\":{\"@type\":\"EntryPoint\",\"urlTemplate\":\"https:\/\/www.jootjeshaakcadeautjes.nl\/de\/?s={search_term_string}\"},\"query-input\":{\"@type\":\"PropertyValueSpecification\",\"valueRequired\":true,\"valueName\":\"search_term_string\"}}],\"inLanguage\":\"de\"},{\"@type\":\"Organization\",\"@id\":\"https:\/\/www.jootjeshaakcadeautjes.nl\/de\/#organization\",\"name\":\"Jootjes Haakcadeautjes\",\"url\":\"https:\/\/www.jootjeshaakcadeautjes.nl\/de\/\",\"logo\":{\"@type\":\"ImageObject\",\"inLanguage\":\"de\",\"@id\":\"https:\/\/www.jootjeshaakcadeautjes.nl\/de\/#\/schema\/logo\/image\/\",\"url\":\"https:\/\/jootjes-haakcadeautjes-media.s3.amazonaws.com\/wp-content\/uploads\/2023\/05\/Logo-rond.png\",\"contentUrl\":\"https:\/\/jootjes-haakcadeautjes-media.s3.amazonaws.com\/wp-content\/uploads\/2023\/05\/Logo-rond.png\",\"width\":1222,\"height\":1222,\"caption\":\"Jootjes Haakcadeautjes\"},\"image\":{\"@id\":\"https:\/\/www.jootjeshaakcadeautjes.nl\/de\/#\/schema\/logo\/image\/\"}}]}<\/script>\n<meta property=\"product:price:amount\" content=\"1.50\" \/>\n<meta property=\"product:price:currency\" content=\"EUR\" \/>\n<meta property=\"og:availability\" content=\"instock\" \/>\n<meta property=\"product:availability\" content=\"instock\" \/>\n<meta property=\"product:retailer_item_id\" content=\"SSP-DAY-LGR\" \/>\n<meta property=\"product:condition\" content=\"new\" \/>\n<!-- \/ Yoast SEO Premium plugin. -->","yoast_head_json":{"title":"- BPA frei, CE-Zeichen","description":"Schnullerclip aus Silikon Blume Pfirsich Rosa BPA frei . Babysichere Clips f\u00fcr Schnuller oder Kinderwagenschnur. Kaufen Sie hier, im Gro\u00dfhandel.","robots":{"index":"index","follow":"follow","max-snippet":"max-snippet:-1","max-image-preview":"max-image-preview:large","max-video-preview":"max-video-preview:-1"},"canonical":"https:\/\/www.jootjeshaakcadeautjes.nl\/de\/produkt\/schnullerclip-72\/","og_locale":"de_DE","og_type":"article","og_title":"Schnullerclip aus Silikon - G\u00e4nsebl\u00fcmchen - Hellgrau","og_description":"Schnullerclip aus Silikon Blume Pfirsich Rosa BPA frei . Babysichere Clips f\u00fcr Schnuller oder Kinderwagenschnur. Kaufen Sie hier, im Gro\u00dfhandel.","og_url":"https:\/\/www.jootjeshaakcadeautjes.nl\/de\/produkt\/schnullerclip-72\/","og_site_name":"Jootjes Haakcadeautjes","article_modified_time":"2025-08-12T15:05:10+00:00","og_image":[{"width":2048,"height":2048,"url":"https:\/\/www.jootjeshaakcadeautjes.nl\/wp-content\/uploads\/2022\/10\/20221021_211702.jpg","type":"image\/jpeg"}],"twitter_card":"summary_large_image","twitter_misc":{"Preis":"&euro;1.50 inkl. MwSt.","Verf\u00fcgbarkeit":"Auf Lager"},"schema":{"@context":"https:\/\/schema.org","@graph":[{"@type":"WebPage","@id":"https:\/\/www.jootjeshaakcadeautjes.nl\/de\/produkt\/schnullerclip-72\/","url":"https:\/\/www.jootjeshaakcadeautjes.nl\/de\/produkt\/schnullerclip-72\/","name":"- BPA frei, CE-Zeichen","isPartOf":{"@id":"https:\/\/www.jootjeshaakcadeautjes.nl\/de\/#website"},"primaryImageOfPage":{"@id":"https:\/\/www.jootjeshaakcadeautjes.nl\/de\/produkt\/schnullerclip-72\/#primaryimage"},"image":{"@id":"https:\/\/www.jootjeshaakcadeautjes.nl\/de\/produkt\/schnullerclip-72\/#primaryimage"},"thumbnailUrl":"https:\/\/d1dyryakdmle7o.cloudfront.net\/wp-content\/uploads\/2022\/10\/20221021_211702.jpg","datePublished":"2022-10-19T13:12:50+00:00","dateModified":"2025-08-12T15:05:10+00:00","description":"Schnullerclip aus Silikon Blume Pfirsich Rosa BPA frei . Babysichere Clips f\u00fcr Schnuller oder Kinderwagenschnur. Kaufen Sie hier, im Gro\u00dfhandel.","breadcrumb":{"@id":"https:\/\/www.jootjeshaakcadeautjes.nl\/de\/produkt\/schnullerclip-72\/#breadcrumb"},"inLanguage":"de","potentialAction":[{"@type":"ReadAction","target":["https:\/\/www.jootjeshaakcadeautjes.nl\/de\/produkt\/schnullerclip-72\/"]}]},{"@type":"ImageObject","inLanguage":"de","@id":"https:\/\/www.jootjeshaakcadeautjes.nl\/de\/produkt\/schnullerclip-72\/#primaryimage","url":"https:\/\/d1dyryakdmle7o.cloudfront.net\/wp-content\/uploads\/2022\/10\/20221021_211702.jpg","contentUrl":"https:\/\/d1dyryakdmle7o.cloudfront.net\/wp-content\/uploads\/2022\/10\/20221021_211702.jpg","width":2048,"height":2048,"caption":"Schnullerclip Silikon Daisy Flower Gro\u00dfhandel bpa frei Schnuller Schnur Kinderwagen Schnur Bei\u00dfring hellgrau"},{"@type":"BreadcrumbList","@id":"https:\/\/www.jootjeshaakcadeautjes.nl\/de\/produkt\/schnullerclip-72\/#breadcrumb","itemListElement":[{"@type":"ListItem","position":1,"name":"Startseite","item":"https:\/\/www.jootjeshaakcadeautjes.nl\/de\/"},{"@type":"ListItem","position":2,"name":"Gro\u00dfhandel mit Silikonperlen &#8211; Business und Consumer","item":"https:\/\/www.jootjeshaakcadeautjes.nl\/de\/shop\/"},{"@type":"ListItem","position":3,"name":"Schnullerclip aus Silikon &#8211; G\u00e4nsebl\u00fcmchen &#8211; Hellgrau"}]},{"@type":"WebSite","@id":"https:\/\/www.jootjeshaakcadeautjes.nl\/de\/#website","url":"https:\/\/www.jootjeshaakcadeautjes.nl\/de\/","name":"Jootjes Haakcadeautjes","description":"Silikonperlen Gro\u00dfhandel ","publisher":{"@id":"https:\/\/www.jootjeshaakcadeautjes.nl\/de\/#organization"},"potentialAction":[{"@type":"SearchAction","target":{"@type":"EntryPoint","urlTemplate":"https:\/\/www.jootjeshaakcadeautjes.nl\/de\/?s={search_term_string}"},"query-input":{"@type":"PropertyValueSpecification","valueRequired":true,"valueName":"search_term_string"}}],"inLanguage":"de"},{"@type":"Organization","@id":"https:\/\/www.jootjeshaakcadeautjes.nl\/de\/#organization","name":"Jootjes Haakcadeautjes","url":"https:\/\/www.jootjeshaakcadeautjes.nl\/de\/","logo":{"@type":"ImageObject","inLanguage":"de","@id":"https:\/\/www.jootjeshaakcadeautjes.nl\/de\/#\/schema\/logo\/image\/","url":"https:\/\/jootjes-haakcadeautjes-media.s3.amazonaws.com\/wp-content\/uploads\/2023\/05\/Logo-rond.png","contentUrl":"https:\/\/jootjes-haakcadeautjes-media.s3.amazonaws.com\/wp-content\/uploads\/2023\/05\/Logo-rond.png","width":1222,"height":1222,"caption":"Jootjes Haakcadeautjes"},"image":{"@id":"https:\/\/www.jootjeshaakcadeautjes.nl\/de\/#\/schema\/logo\/image\/"}}]},"product_price_amount":"1.50","product_price_currency":"EUR","og_availability":"instock","product_availability":"instock","product_retailer_item_id":"SSP-DAY-LGR","product_condition":"new"},"_links":{"self":[{"href":"https:\/\/www.jootjeshaakcadeautjes.nl\/de\/wp-json\/wp\/v2\/product\/120717","targetHints":{"allow":["GET"]}}],"collection":[{"href":"https:\/\/www.jootjeshaakcadeautjes.nl\/de\/wp-json\/wp\/v2\/product"}],"about":[{"href":"https:\/\/www.jootjeshaakcadeautjes.nl\/de\/wp-json\/wp\/v2\/types\/product"}],"version-history":[{"count":0,"href":"https:\/\/www.jootjeshaakcadeautjes.nl\/de\/wp-json\/wp\/v2\/product\/120717\/revisions"}],"wp:featuredmedia":[{"embeddable":true,"href":"https:\/\/www.jootjeshaakcadeautjes.nl\/de\/wp-json\/wp\/v2\/media\/83820"}],"wp:attachment":[{"href":"https:\/\/www.jootjeshaakcadeautjes.nl\/de\/wp-json\/wp\/v2\/media?parent=120717"}],"wp:term":[{"taxonomy":"product_brand","embeddable":true,"href":"https:\/\/www.jootjeshaakcadeautjes.nl\/de\/wp-json\/wp\/v2\/product_brand?post=120717"},{"taxonomy":"product_cat","embeddable":true,"href":"https:\/\/www.jootjeshaakcadeautjes.nl\/de\/wp-json\/wp\/v2\/product_cat?post=120717"},{"taxonomy":"product_tag","embeddable":true,"href":"https:\/\/www.jootjeshaakcadeautjes.nl\/de\/wp-json\/wp\/v2\/product_tag?post=120717"}],"curies":[{"name":"wp","href":"https:\/\/api.w.org\/{rel}","templated":true}]}}