{"id":120719,"date":"2022-10-19T15:38:54","date_gmt":"2022-10-19T13:38:54","guid":{"rendered":"https:\/\/www.jootjeshaakcadeautjes.nl\/product\/zahnfigur-silikon-und-holz-schmetterling-alt-rosa\/"},"modified":"2026-03-12T20:00:34","modified_gmt":"2026-03-12T19:00:34","slug":"zahnfigur-silikon-und-holz-schmetterling-alt-rosa","status":"publish","type":"product","link":"https:\/\/www.jootjeshaakcadeautjes.nl\/de\/produkt\/zahnfigur-silikon-und-holz-schmetterling-alt-rosa\/","title":{"rendered":"Bei\u00dffigur &#8211; Silikon und Holz &#8211; Schmetterling &#8211; Dunkelrosa"},"content":{"rendered":"<h2>Silikon-Bei\u00dfring \u2013 Silikon und Holz \u2013 Schmetterling \u2013 Dunkelrosa<\/h2>\n<ul>\n<li>Modell: Schmetterling<\/li>\n<li>Farbe: Dunkelrosa<\/li>\n<li>Material: EN-71 chemisch sicher getestetes Buchenholz und Silikonmaterial, v\u00f6llig BPA-frei.<\/li>\n<\/ul>\n<h2 data-start=\"309\" data-end=\"339\">\ud83c\udf3f Material und Sicherheit<\/h2>\n<p data-start=\"340\" data-end=\"613\">Dieser Schmetterlings-Bei\u00dfring aus Silikon und Holz besteht aus unbehandeltem Holz. Das Holz ist weder lackiert noch gebeizt oder ge\u00f6lt. Er ist au\u00dferdem aus chemisch unbedenklichem Silikon gem\u00e4\u00df EN-71 gefertigt. Alle unsere Holz- und Silikonprodukte wurden von einem ISO-zertifizierten Labor unabh\u00e4ngig gepr\u00fcft und als absolut unbedenklich f\u00fcr Babys eingestuft.   <\/p>\n<h2 data-start=\"615\" data-end=\"644\">\ud83c\udf32 Nat\u00fcrliche Variationen<\/h2>\n<p data-start=\"645\" data-end=\"906\">So ist eine Bei\u00dffigur aus Silikon und Holz auch teilweise aus Holz, einem <strong data-start=\"692\" data-end=\"716\">nat\u00fcrlichen Material<\/strong>, gefertigt. Daher kann sich jede Bei\u00dffigur leicht in Farbe, Markierungen oder \u00c4sten unterscheiden. <\/p>\n<h2 data-start=\"908\" data-end=\"935\">\u26a0\ufe0f Kontrolle und Abnutzung<\/h2>\n<p data-start=\"936\" data-end=\"1155\">Holz ist anf\u00e4llig f\u00fcr Abnutzung durch Gebrauch, Temperatur und Feuchtigkeit. \u00dcberpr\u00fcfen Sie einen Bei\u00dfring aus Holz <strong data-start=\"1036\" data-end=\"1056\">vor jedem Gebrauch<\/strong> auf Sch\u00e4den. Ersetzen Sie ihn bei den ersten Anzeichen von Abnutzung, um eine sichere Verwendung zu gew\u00e4hrleisten.  <\/p>\n<h2 data-start=\"1157\" data-end=\"1190\">\ud83d\udd27 Verwendung als DIY-Teil<\/h2>\n<p data-start=\"1191\" data-end=\"1309\">Diese Bissanzeiger sind zum <strong data-start=\"1225\" data-end=\"1242\">Selbermachen<\/strong> gedacht, in Kombination mit anderen Materialien. Sie k\u00f6nnen sie verwenden f\u00fcr: <\/p>\n<ul data-start=\"1310\" data-end=\"1415\">\n<li data-start=\"1310\" data-end=\"1326\">\n<p data-start=\"1312\" data-end=\"1326\">einen Bei\u00dfring<\/p>\n<\/li>\n<li data-start=\"1327\" data-end=\"1352\">\n<p data-start=\"1329\" data-end=\"1352\">ein Aktivit\u00e4tsw\u00fcrfel<\/p>\n<\/li>\n<li data-start=\"1353\" data-end=\"1373\">\n<p data-start=\"1355\" data-end=\"1373\">einen Waggonspanner<\/p>\n<\/li>\n<li data-start=\"1374\" data-end=\"1398\">\n<p data-start=\"1376\" data-end=\"1398\">Sinnesspielzeug<\/p>\n<\/li>\n<li data-start=\"1399\" data-end=\"1415\">\n<p data-start=\"1401\" data-end=\"1415\">andere Geschenke f\u00fcr die Mutterschaft<\/p>\n<\/li>\n<\/ul>\n<p data-start=\"1417\" data-end=\"1726\">Das von Ihnen hergestellte <strong data-start=\"1421\" data-end=\"1436\">Endprodukt<\/strong> muss den <strong data-start=\"1470\" data-end=\"1494\">Spielzeugrichtlinien<\/strong> entsprechen. Wir bieten die chemische Sicherheit des Holzes, aber wir k\u00f6nnen die <strong data-start=\"1558\" data-end=\"1584\">mechanische Sicherheit<\/strong> (die Konstruktion) nicht pr\u00fcfen. Das liegt daran, dass jede Kombination anders ist. Die Verantwortung daf\u00fcr liegt bei Ihnen als Hersteller.   <\/p>\n<p>Diese Bei\u00dffigur passt perfekt zu unseren Buchenholzperlen, Ringen und anderen Produkten in der Farbe Dunkelrosa.<\/p>\n","protected":false},"excerpt":{"rendered":"<ul>\n<li>Modell: Schmetterling\n<\/li>\n<li>Farbe: Dunkelrosa<\/li>\n<li>Hergestellt aus rohem Buchenholz (nicht lackiert, gebeizt oder ge\u00f6lt) und Silikonmaterial. Beides chemisch babysicher getestet nach EN-71, REACH und EU-Spielzeugrichtlinie.  BPA-frei!<\/li>\n<li>Bei\u00dffigur \/ Bei\u00dfring, bestimmt als Teil eines Bei\u00dfrings oder eines anderen Produkts.<\/li>\n<\/ul>\n<p>Weitere Informationen zur Verwendung finden Sie am Ende der Seite.<\/p>\n","protected":false},"featured_media":82651,"template":"","meta":[],"product_brand":[],"product_cat":[8308],"product_tag":[7510,7562,7419,8047,7924,8315,7901,8046,7451,8317,8376,7520,7211,8309],"class_list":{"0":"post-120719","1":"product","2":"type-product","3":"status-publish","4":"has-post-thumbnail","6":"product_cat-beisringe-und-beismarken-aus-silikon-und-holz","7":"product_tag-baby-de","8":"product_tag-bisswunde","9":"product_tag-bpa-de","10":"product_tag-buche","11":"product_tag-dunkle-rose","12":"product_tag-durchkommend","13":"product_tag-en-71-de","14":"product_tag-holz-de","15":"product_tag-kostenlos","16":"product_tag-kuhlung","17":"product_tag-schmetterling","18":"product_tag-sicher","19":"product_tag-silikon","20":"product_tag-zahne","22":"first","23":"instock","24":"taxable","25":"shipping-taxable","26":"purchasable","27":"product-type-simple"},"bundled_by":[],"bundle_stock_status":"instock","bundle_stock_quantity":5,"bundle_virtual":false,"bundle_layout":"","bundle_add_to_cart_form_location":"","bundle_editable_in_cart":false,"bundle_sold_individually_context":"","bundle_item_grouping":"","bundle_min_size":"","bundle_max_size":"","bundle_price":[],"bundled_items":[],"bundle_sell_ids":[],"yoast_head":"<!-- This site is optimized with the Yoast SEO Premium plugin v27.6 (Yoast SEO v27.6) - https:\/\/yoast.com\/product\/yoast-seo-premium-wordpress\/ -->\n<title>Bei\u00dffigur - Silikon und Holz - Schmetterling Dunkelrosa<\/title>\n<meta name=\"description\" content=\"Schmetterlings-Bei\u00dfring - Dunkelrosa, hergestellt aus hochwertigem, babysicherem Silikon und babysicherem Buchenholz in Dunkelrosa. BPA-frei.\" \/>\n<meta name=\"robots\" content=\"index, follow, max-snippet:-1, max-image-preview:large, max-video-preview:-1\" \/>\n<link rel=\"canonical\" href=\"https:\/\/www.jootjeshaakcadeautjes.nl\/de\/produkt\/zahnfigur-silikon-und-holz-schmetterling-alt-rosa\/\" \/>\n<meta property=\"og:locale\" content=\"de_DE\" \/>\n<meta property=\"og:type\" content=\"article\" \/>\n<meta property=\"og:title\" content=\"Bei\u00dffigur - Silikon und Holz - Schmetterling - Dunkelrosa\" \/>\n<meta property=\"og:description\" content=\"Schmetterlings-Bei\u00dfring - Dunkelrosa, hergestellt aus hochwertigem, babysicherem Silikon und babysicherem Buchenholz in Dunkelrosa. BPA-frei.\" \/>\n<meta property=\"og:url\" content=\"https:\/\/www.jootjeshaakcadeautjes.nl\/de\/produkt\/zahnfigur-silikon-und-holz-schmetterling-alt-rosa\/\" \/>\n<meta property=\"og:site_name\" content=\"Jootjes Haakcadeautjes\" \/>\n<meta property=\"article:modified_time\" content=\"2026-03-12T19:00:34+00:00\" \/>\n<meta property=\"og:image\" content=\"https:\/\/d1dyryakdmle7o.cloudfront.net\/wp-content\/uploads\/2022\/10\/Siliconen-bijtfiguur-bijtring-vlinder-dark-rose-hout-speenkoord-groothandel.jpg\" \/>\n\t<meta property=\"og:image:width\" content=\"2048\" \/>\n\t<meta property=\"og:image:height\" content=\"2048\" \/>\n\t<meta property=\"og:image:type\" content=\"image\/jpeg\" \/>\n<meta name=\"twitter:card\" content=\"summary_large_image\" \/>\n<meta name=\"twitter:label1\" content=\"Preis\" \/>\n\t<meta name=\"twitter:data1\" content=\"&euro;3.75 inkl. MwSt.\" \/>\n\t<meta name=\"twitter:label2\" content=\"Verf\u00fcgbarkeit\" \/>\n\t<meta name=\"twitter:data2\" content=\"Auf Lager\" \/>\n<script type=\"application\/ld+json\" class=\"yoast-schema-graph\">{\"@context\":\"https:\\\/\\\/schema.org\",\"@graph\":[{\"@type\":\"WebPage\",\"@id\":\"https:\\\/\\\/www.jootjeshaakcadeautjes.nl\\\/de\\\/produkt\\\/zahnfigur-silikon-und-holz-schmetterling-alt-rosa\\\/\",\"url\":\"https:\\\/\\\/www.jootjeshaakcadeautjes.nl\\\/de\\\/produkt\\\/zahnfigur-silikon-und-holz-schmetterling-alt-rosa\\\/\",\"name\":\"Bei\u00dffigur - Silikon und Holz - Schmetterling Dunkelrosa\",\"isPartOf\":{\"@id\":\"https:\\\/\\\/www.jootjeshaakcadeautjes.nl\\\/de\\\/#website\"},\"primaryImageOfPage\":{\"@id\":\"https:\\\/\\\/www.jootjeshaakcadeautjes.nl\\\/de\\\/produkt\\\/zahnfigur-silikon-und-holz-schmetterling-alt-rosa\\\/#primaryimage\"},\"image\":{\"@id\":\"https:\\\/\\\/www.jootjeshaakcadeautjes.nl\\\/de\\\/produkt\\\/zahnfigur-silikon-und-holz-schmetterling-alt-rosa\\\/#primaryimage\"},\"thumbnailUrl\":\"https:\\\/\\\/d1dyryakdmle7o.cloudfront.net\\\/wp-content\\\/uploads\\\/2022\\\/10\\\/Siliconen-bijtfiguur-bijtring-vlinder-dark-rose-hout-speenkoord-groothandel.jpg\",\"datePublished\":\"2022-10-19T13:38:54+00:00\",\"dateModified\":\"2026-03-12T19:00:34+00:00\",\"description\":\"Schmetterlings-Bei\u00dfring - Dunkelrosa, hergestellt aus hochwertigem, babysicherem Silikon und babysicherem Buchenholz in Dunkelrosa. BPA-frei.\",\"breadcrumb\":{\"@id\":\"https:\\\/\\\/www.jootjeshaakcadeautjes.nl\\\/de\\\/produkt\\\/zahnfigur-silikon-und-holz-schmetterling-alt-rosa\\\/#breadcrumb\"},\"inLanguage\":\"de\",\"potentialAction\":[{\"@type\":\"ReadAction\",\"target\":[\"https:\\\/\\\/www.jootjeshaakcadeautjes.nl\\\/de\\\/produkt\\\/zahnfigur-silikon-und-holz-schmetterling-alt-rosa\\\/\"]}]},{\"@type\":\"ImageObject\",\"inLanguage\":\"de\",\"@id\":\"https:\\\/\\\/www.jootjeshaakcadeautjes.nl\\\/de\\\/produkt\\\/zahnfigur-silikon-und-holz-schmetterling-alt-rosa\\\/#primaryimage\",\"url\":\"https:\\\/\\\/d1dyryakdmle7o.cloudfront.net\\\/wp-content\\\/uploads\\\/2022\\\/10\\\/Siliconen-bijtfiguur-bijtring-vlinder-dark-rose-hout-speenkoord-groothandel.jpg\",\"contentUrl\":\"https:\\\/\\\/d1dyryakdmle7o.cloudfront.net\\\/wp-content\\\/uploads\\\/2022\\\/10\\\/Siliconen-bijtfiguur-bijtring-vlinder-dark-rose-hout-speenkoord-groothandel.jpg\",\"width\":2048,\"height\":2048,\"caption\":\"Silikon Bei\u00dfring Schmetterling dunkel rosa Holz Schnuller Schnur Gro\u00dfhandel\"},{\"@type\":\"BreadcrumbList\",\"@id\":\"https:\\\/\\\/www.jootjeshaakcadeautjes.nl\\\/de\\\/produkt\\\/zahnfigur-silikon-und-holz-schmetterling-alt-rosa\\\/#breadcrumb\",\"itemListElement\":[{\"@type\":\"ListItem\",\"position\":1,\"name\":\"Startseite\",\"item\":\"https:\\\/\\\/www.jootjeshaakcadeautjes.nl\\\/de\\\/\"},{\"@type\":\"ListItem\",\"position\":2,\"name\":\"Gro\u00dfhandel mit Silikonperlen &#8211; Business und Consumer\",\"item\":\"https:\\\/\\\/www.jootjeshaakcadeautjes.nl\\\/de\\\/shop\\\/\"},{\"@type\":\"ListItem\",\"position\":3,\"name\":\"Bei\u00dffigur &#8211; Silikon und Holz &#8211; Schmetterling &#8211; Dunkelrosa\"}]},{\"@type\":\"WebSite\",\"@id\":\"https:\\\/\\\/www.jootjeshaakcadeautjes.nl\\\/de\\\/#website\",\"url\":\"https:\\\/\\\/www.jootjeshaakcadeautjes.nl\\\/de\\\/\",\"name\":\"Jootjes Haakcadeautjes\",\"description\":\"Silikonperlen Gro\u00dfhandel \",\"publisher\":{\"@id\":\"https:\\\/\\\/www.jootjeshaakcadeautjes.nl\\\/de\\\/#organization\"},\"potentialAction\":[{\"@type\":\"SearchAction\",\"target\":{\"@type\":\"EntryPoint\",\"urlTemplate\":\"https:\\\/\\\/www.jootjeshaakcadeautjes.nl\\\/de\\\/?s={search_term_string}\"},\"query-input\":{\"@type\":\"PropertyValueSpecification\",\"valueRequired\":true,\"valueName\":\"search_term_string\"}}],\"inLanguage\":\"de\"},{\"@type\":\"Organization\",\"@id\":\"https:\\\/\\\/www.jootjeshaakcadeautjes.nl\\\/de\\\/#organization\",\"name\":\"Jootjes Haakcadeautjes\",\"url\":\"https:\\\/\\\/www.jootjeshaakcadeautjes.nl\\\/de\\\/\",\"logo\":{\"@type\":\"ImageObject\",\"inLanguage\":\"de\",\"@id\":\"https:\\\/\\\/www.jootjeshaakcadeautjes.nl\\\/de\\\/#\\\/schema\\\/logo\\\/image\\\/\",\"url\":\"https:\\\/\\\/d1dyryakdmle7o.cloudfront.net\\\/wp-content\\\/uploads\\\/2023\\\/05\\\/Logo-rond.png\",\"contentUrl\":\"https:\\\/\\\/d1dyryakdmle7o.cloudfront.net\\\/wp-content\\\/uploads\\\/2023\\\/05\\\/Logo-rond.png\",\"width\":1222,\"height\":1222,\"caption\":\"Jootjes Haakcadeautjes\"},\"image\":{\"@id\":\"https:\\\/\\\/www.jootjeshaakcadeautjes.nl\\\/de\\\/#\\\/schema\\\/logo\\\/image\\\/\"}}]}<\/script>\n<meta property=\"product:price:amount\" content=\"3.75\" \/>\n<meta property=\"product:price:currency\" content=\"EUR\" \/>\n<meta property=\"og:availability\" content=\"instock\" \/>\n<meta property=\"product:availability\" content=\"instock\" \/>\n<meta property=\"product:retailer_item_id\" content=\"SIL-VLR-DRO\" \/>\n<meta property=\"product:condition\" content=\"new\" \/>\n<!-- \/ Yoast SEO Premium plugin. -->","yoast_head_json":{"title":"Bei\u00dffigur - Silikon und Holz - Schmetterling Dunkelrosa","description":"Schmetterlings-Bei\u00dfring - Dunkelrosa, hergestellt aus hochwertigem, babysicherem Silikon und babysicherem Buchenholz in Dunkelrosa. BPA-frei.","robots":{"index":"index","follow":"follow","max-snippet":"max-snippet:-1","max-image-preview":"max-image-preview:large","max-video-preview":"max-video-preview:-1"},"canonical":"https:\/\/www.jootjeshaakcadeautjes.nl\/de\/produkt\/zahnfigur-silikon-und-holz-schmetterling-alt-rosa\/","og_locale":"de_DE","og_type":"article","og_title":"Bei\u00dffigur - Silikon und Holz - Schmetterling - Dunkelrosa","og_description":"Schmetterlings-Bei\u00dfring - Dunkelrosa, hergestellt aus hochwertigem, babysicherem Silikon und babysicherem Buchenholz in Dunkelrosa. BPA-frei.","og_url":"https:\/\/www.jootjeshaakcadeautjes.nl\/de\/produkt\/zahnfigur-silikon-und-holz-schmetterling-alt-rosa\/","og_site_name":"Jootjes Haakcadeautjes","article_modified_time":"2026-03-12T19:00:34+00:00","og_image":[{"width":2048,"height":2048,"url":"https:\/\/d1dyryakdmle7o.cloudfront.net\/wp-content\/uploads\/2022\/10\/Siliconen-bijtfiguur-bijtring-vlinder-dark-rose-hout-speenkoord-groothandel.jpg","type":"image\/jpeg"}],"twitter_card":"summary_large_image","twitter_misc":{"Preis":"&euro;3.75 inkl. MwSt.","Verf\u00fcgbarkeit":"Auf Lager"},"schema":{"@context":"https:\/\/schema.org","@graph":[{"@type":"WebPage","@id":"https:\/\/www.jootjeshaakcadeautjes.nl\/de\/produkt\/zahnfigur-silikon-und-holz-schmetterling-alt-rosa\/","url":"https:\/\/www.jootjeshaakcadeautjes.nl\/de\/produkt\/zahnfigur-silikon-und-holz-schmetterling-alt-rosa\/","name":"Bei\u00dffigur - Silikon und Holz - Schmetterling Dunkelrosa","isPartOf":{"@id":"https:\/\/www.jootjeshaakcadeautjes.nl\/de\/#website"},"primaryImageOfPage":{"@id":"https:\/\/www.jootjeshaakcadeautjes.nl\/de\/produkt\/zahnfigur-silikon-und-holz-schmetterling-alt-rosa\/#primaryimage"},"image":{"@id":"https:\/\/www.jootjeshaakcadeautjes.nl\/de\/produkt\/zahnfigur-silikon-und-holz-schmetterling-alt-rosa\/#primaryimage"},"thumbnailUrl":"https:\/\/d1dyryakdmle7o.cloudfront.net\/wp-content\/uploads\/2022\/10\/Siliconen-bijtfiguur-bijtring-vlinder-dark-rose-hout-speenkoord-groothandel.jpg","datePublished":"2022-10-19T13:38:54+00:00","dateModified":"2026-03-12T19:00:34+00:00","description":"Schmetterlings-Bei\u00dfring - Dunkelrosa, hergestellt aus hochwertigem, babysicherem Silikon und babysicherem Buchenholz in Dunkelrosa. BPA-frei.","breadcrumb":{"@id":"https:\/\/www.jootjeshaakcadeautjes.nl\/de\/produkt\/zahnfigur-silikon-und-holz-schmetterling-alt-rosa\/#breadcrumb"},"inLanguage":"de","potentialAction":[{"@type":"ReadAction","target":["https:\/\/www.jootjeshaakcadeautjes.nl\/de\/produkt\/zahnfigur-silikon-und-holz-schmetterling-alt-rosa\/"]}]},{"@type":"ImageObject","inLanguage":"de","@id":"https:\/\/www.jootjeshaakcadeautjes.nl\/de\/produkt\/zahnfigur-silikon-und-holz-schmetterling-alt-rosa\/#primaryimage","url":"https:\/\/d1dyryakdmle7o.cloudfront.net\/wp-content\/uploads\/2022\/10\/Siliconen-bijtfiguur-bijtring-vlinder-dark-rose-hout-speenkoord-groothandel.jpg","contentUrl":"https:\/\/d1dyryakdmle7o.cloudfront.net\/wp-content\/uploads\/2022\/10\/Siliconen-bijtfiguur-bijtring-vlinder-dark-rose-hout-speenkoord-groothandel.jpg","width":2048,"height":2048,"caption":"Silikon Bei\u00dfring Schmetterling dunkel rosa Holz Schnuller Schnur Gro\u00dfhandel"},{"@type":"BreadcrumbList","@id":"https:\/\/www.jootjeshaakcadeautjes.nl\/de\/produkt\/zahnfigur-silikon-und-holz-schmetterling-alt-rosa\/#breadcrumb","itemListElement":[{"@type":"ListItem","position":1,"name":"Startseite","item":"https:\/\/www.jootjeshaakcadeautjes.nl\/de\/"},{"@type":"ListItem","position":2,"name":"Gro\u00dfhandel mit Silikonperlen &#8211; Business und Consumer","item":"https:\/\/www.jootjeshaakcadeautjes.nl\/de\/shop\/"},{"@type":"ListItem","position":3,"name":"Bei\u00dffigur &#8211; Silikon und Holz &#8211; Schmetterling &#8211; Dunkelrosa"}]},{"@type":"WebSite","@id":"https:\/\/www.jootjeshaakcadeautjes.nl\/de\/#website","url":"https:\/\/www.jootjeshaakcadeautjes.nl\/de\/","name":"Jootjes Haakcadeautjes","description":"Silikonperlen Gro\u00dfhandel ","publisher":{"@id":"https:\/\/www.jootjeshaakcadeautjes.nl\/de\/#organization"},"potentialAction":[{"@type":"SearchAction","target":{"@type":"EntryPoint","urlTemplate":"https:\/\/www.jootjeshaakcadeautjes.nl\/de\/?s={search_term_string}"},"query-input":{"@type":"PropertyValueSpecification","valueRequired":true,"valueName":"search_term_string"}}],"inLanguage":"de"},{"@type":"Organization","@id":"https:\/\/www.jootjeshaakcadeautjes.nl\/de\/#organization","name":"Jootjes Haakcadeautjes","url":"https:\/\/www.jootjeshaakcadeautjes.nl\/de\/","logo":{"@type":"ImageObject","inLanguage":"de","@id":"https:\/\/www.jootjeshaakcadeautjes.nl\/de\/#\/schema\/logo\/image\/","url":"https:\/\/d1dyryakdmle7o.cloudfront.net\/wp-content\/uploads\/2023\/05\/Logo-rond.png","contentUrl":"https:\/\/d1dyryakdmle7o.cloudfront.net\/wp-content\/uploads\/2023\/05\/Logo-rond.png","width":1222,"height":1222,"caption":"Jootjes Haakcadeautjes"},"image":{"@id":"https:\/\/www.jootjeshaakcadeautjes.nl\/de\/#\/schema\/logo\/image\/"}}]},"product_price_amount":"3.75","product_price_currency":"EUR","og_availability":"instock","product_availability":"instock","product_retailer_item_id":"SIL-VLR-DRO","product_condition":"new"},"_links":{"self":[{"href":"https:\/\/www.jootjeshaakcadeautjes.nl\/de\/wp-json\/wp\/v2\/product\/120719","targetHints":{"allow":["GET"]}}],"collection":[{"href":"https:\/\/www.jootjeshaakcadeautjes.nl\/de\/wp-json\/wp\/v2\/product"}],"about":[{"href":"https:\/\/www.jootjeshaakcadeautjes.nl\/de\/wp-json\/wp\/v2\/types\/product"}],"version-history":[{"count":1,"href":"https:\/\/www.jootjeshaakcadeautjes.nl\/de\/wp-json\/wp\/v2\/product\/120719\/revisions"}],"predecessor-version":[{"id":273636,"href":"https:\/\/www.jootjeshaakcadeautjes.nl\/de\/wp-json\/wp\/v2\/product\/120719\/revisions\/273636"}],"wp:featuredmedia":[{"embeddable":true,"href":"https:\/\/www.jootjeshaakcadeautjes.nl\/de\/wp-json\/wp\/v2\/media\/82651"}],"wp:attachment":[{"href":"https:\/\/www.jootjeshaakcadeautjes.nl\/de\/wp-json\/wp\/v2\/media?parent=120719"}],"wp:term":[{"taxonomy":"product_brand","embeddable":true,"href":"https:\/\/www.jootjeshaakcadeautjes.nl\/de\/wp-json\/wp\/v2\/product_brand?post=120719"},{"taxonomy":"product_cat","embeddable":true,"href":"https:\/\/www.jootjeshaakcadeautjes.nl\/de\/wp-json\/wp\/v2\/product_cat?post=120719"},{"taxonomy":"product_tag","embeddable":true,"href":"https:\/\/www.jootjeshaakcadeautjes.nl\/de\/wp-json\/wp\/v2\/product_tag?post=120719"}],"curies":[{"name":"wp","href":"https:\/\/api.w.org\/{rel}","templated":true}]}}