{"id":120763,"date":"2022-10-09T21:37:49","date_gmt":"2022-10-09T19:37:49","guid":{"rendered":"https:\/\/www.jootjeshaakcadeautjes.nl\/product\/spieldose-abwaschbar-zwinker-zwinker-kleiner-stern-klein\/"},"modified":"2025-11-11T12:28:37","modified_gmt":"2025-11-11T11:28:37","slug":"spieldose-abwaschbar-zwinker-zwinker-kleiner-stern-klein","status":"publish","type":"product","link":"https:\/\/www.jootjeshaakcadeautjes.nl\/de\/produkt\/spieldose-abwaschbar-zwinker-zwinker-kleiner-stern-klein\/","title":{"rendered":"Spieluhr Waschbar &#8211; Twinkle Twinkle Little Star &#8211; Klein"},"content":{"rendered":"<h1>Spieluhr Twinkle Twinkle Little Star &#8211; Handwaschbar<\/h1>\n<p>Spieluhr mit dem Lied Twinkle Twinkle Little Star. Die Spieluhr wird mit Kordel und Griff geliefert. Die Spieluhr ist von Hand waschbar, nicht maschinenwaschbar. Maximal 40 Grad. Gr\u00f6\u00dfe: 46,5 x 38,5 x 27,5<\/p>\n<p>Diese Spieluhr eignet sich perfekt f\u00fcr geh\u00e4kelte Pl\u00fcschtiere oder Amigurumi oder andere selbstgemachte Geschenke f\u00fcr M\u00fctter. Die Spieldosen haben den gleichen Preis wie die gr\u00f6\u00dferen Spieldosen. Der Grund daf\u00fcr ist, dass die Herstellung kleinerer Spieldosen bei gleichbleibend hoher Qualit\u00e4t mehr Arbeit erfordert als bei normalen Spieldosen. Trotzdem haben Sie bei uns immer den besten Preis f\u00fcr Ihre Spieluhren! Auf diese Weise bleibt es f\u00fcr alle cool, sch\u00f6ne Produkte herzustellen!<\/p>\n","protected":false},"excerpt":{"rendered":"<p>Lied:<\/p>\n<p>Twinkle Twinkle Little Star, auch bekannt als Always Sick is Shorty. Wei\u00df, mit Kordelzug und Griff. Gr\u00f6\u00dfe: Klein, 45 x 38 x 27,5 mm Handwaschbar, maximal 40 Grad, nicht maschinenwaschbar.<\/p>\n","protected":false},"featured_media":234853,"template":"","meta":[],"product_brand":[],"product_cat":[8247,8294],"product_tag":[8305,7510,9461,9158,9464,8316,8325,7549,8311,8323,9091,8327,8299,8355],"class_list":{"0":"post-120763","1":"product","2":"type-product","3":"status-publish","4":"has-post-thumbnail","6":"product_cat-bastelmaterial-hakelzubehor","7":"product_cat-spieldosen","8":"product_tag-amigurumi-de","9":"product_tag-baby-de","10":"product_tag-funkeln-funkeln","11":"product_tag-glitzern","12":"product_tag-handwasche","13":"product_tag-klang","14":"product_tag-kordelzug","15":"product_tag-mini-de","16":"product_tag-spieldose","17":"product_tag-spieluhr","18":"product_tag-stern-de","19":"product_tag-waschbar","20":"product_tag-wenig","21":"product_tag-wiegenlied","22":"product_shipping_class-paketversand-erforderlich","24":"first","25":"instock","26":"taxable","27":"shipping-taxable","28":"purchasable","29":"product-type-simple"},"bundled_by":[],"bundle_stock_status":"instock","bundle_stock_quantity":36,"bundle_virtual":false,"bundle_layout":"","bundle_add_to_cart_form_location":"","bundle_editable_in_cart":false,"bundle_sold_individually_context":"","bundle_item_grouping":"","bundle_min_size":"","bundle_max_size":"","bundle_price":[],"bundled_items":[],"bundle_sell_ids":[],"yoast_head":"<!-- This site is optimized with the Yoast SEO Premium plugin v27.6 (Yoast SEO v27.6) - https:\/\/yoast.com\/product\/yoast-seo-premium-wordpress\/ -->\n<title>Spieluhr - Twinkle Little Star - H\u00e4keln - Waschbar<\/title>\n<meta name=\"description\" content=\"Spieluhr Twinkle Little Star klein zum H\u00e4keln \/ Amigurumi f\u00fcr Baby und Kleinkind, handgemachtes Stofftier oder Mutterschaftsgeschenk. Handwaschbar.\" \/>\n<meta name=\"robots\" content=\"index, follow, max-snippet:-1, max-image-preview:large, max-video-preview:-1\" \/>\n<link rel=\"canonical\" href=\"https:\/\/www.jootjeshaakcadeautjes.nl\/de\/produkt\/spieldose-abwaschbar-zwinker-zwinker-kleiner-stern-klein\/\" \/>\n<meta property=\"og:locale\" content=\"de_DE\" \/>\n<meta property=\"og:type\" content=\"article\" \/>\n<meta property=\"og:title\" content=\"Spieluhr Waschbar - Twinkle Twinkle Little Star - Klein\" \/>\n<meta property=\"og:description\" content=\"Spieluhr Twinkle Little Star klein zum H\u00e4keln \/ Amigurumi f\u00fcr Baby und Kleinkind, handgemachtes Stofftier oder Mutterschaftsgeschenk. Handwaschbar.\" \/>\n<meta property=\"og:url\" content=\"https:\/\/www.jootjeshaakcadeautjes.nl\/de\/produkt\/spieldose-abwaschbar-zwinker-zwinker-kleiner-stern-klein\/\" \/>\n<meta property=\"og:site_name\" content=\"Jootjes Haakcadeautjes\" \/>\n<meta property=\"article:modified_time\" content=\"2025-11-11T11:28:37+00:00\" \/>\n<meta property=\"og:image\" content=\"https:\/\/www.jootjeshaakcadeautjes.nl\/wp-content\/uploads\/2025\/06\/Naamloos-1509.webp\" \/>\n\t<meta property=\"og:image:width\" content=\"2048\" \/>\n\t<meta property=\"og:image:height\" content=\"2048\" \/>\n\t<meta property=\"og:image:type\" content=\"image\/webp\" \/>\n<meta name=\"twitter:card\" content=\"summary_large_image\" \/>\n<meta name=\"twitter:label1\" content=\"Preis\" \/>\n\t<meta name=\"twitter:data1\" content=\"&euro;6.45 inkl. MwSt.\" \/>\n\t<meta name=\"twitter:label2\" content=\"Verf\u00fcgbarkeit\" \/>\n\t<meta name=\"twitter:data2\" content=\"Auf Lager\" \/>\n<script type=\"application\/ld+json\" class=\"yoast-schema-graph\">{\"@context\":\"https:\\\/\\\/schema.org\",\"@graph\":[{\"@type\":\"WebPage\",\"@id\":\"https:\\\/\\\/www.jootjeshaakcadeautjes.nl\\\/de\\\/produkt\\\/spieldose-abwaschbar-zwinker-zwinker-kleiner-stern-klein\\\/\",\"url\":\"https:\\\/\\\/www.jootjeshaakcadeautjes.nl\\\/de\\\/produkt\\\/spieldose-abwaschbar-zwinker-zwinker-kleiner-stern-klein\\\/\",\"name\":\"Spieluhr - Twinkle Little Star - H\u00e4keln - Waschbar\",\"isPartOf\":{\"@id\":\"https:\\\/\\\/www.jootjeshaakcadeautjes.nl\\\/de\\\/#website\"},\"primaryImageOfPage\":{\"@id\":\"https:\\\/\\\/www.jootjeshaakcadeautjes.nl\\\/de\\\/produkt\\\/spieldose-abwaschbar-zwinker-zwinker-kleiner-stern-klein\\\/#primaryimage\"},\"image\":{\"@id\":\"https:\\\/\\\/www.jootjeshaakcadeautjes.nl\\\/de\\\/produkt\\\/spieldose-abwaschbar-zwinker-zwinker-kleiner-stern-klein\\\/#primaryimage\"},\"thumbnailUrl\":\"https:\\\/\\\/d1dyryakdmle7o.cloudfront.net\\\/wp-content\\\/uploads\\\/2025\\\/06\\\/Naamloos-1509.webp\",\"datePublished\":\"2022-10-09T19:37:49+00:00\",\"dateModified\":\"2025-11-11T11:28:37+00:00\",\"description\":\"Spieluhr Twinkle Little Star klein zum H\u00e4keln \\\/ Amigurumi f\u00fcr Baby und Kleinkind, handgemachtes Stofftier oder Mutterschaftsgeschenk. Handwaschbar.\",\"breadcrumb\":{\"@id\":\"https:\\\/\\\/www.jootjeshaakcadeautjes.nl\\\/de\\\/produkt\\\/spieldose-abwaschbar-zwinker-zwinker-kleiner-stern-klein\\\/#breadcrumb\"},\"inLanguage\":\"de\",\"potentialAction\":[{\"@type\":\"ReadAction\",\"target\":[\"https:\\\/\\\/www.jootjeshaakcadeautjes.nl\\\/de\\\/produkt\\\/spieldose-abwaschbar-zwinker-zwinker-kleiner-stern-klein\\\/\"]}]},{\"@type\":\"ImageObject\",\"inLanguage\":\"de\",\"@id\":\"https:\\\/\\\/www.jootjeshaakcadeautjes.nl\\\/de\\\/produkt\\\/spieldose-abwaschbar-zwinker-zwinker-kleiner-stern-klein\\\/#primaryimage\",\"url\":\"https:\\\/\\\/d1dyryakdmle7o.cloudfront.net\\\/wp-content\\\/uploads\\\/2025\\\/06\\\/Naamloos-1509.webp\",\"contentUrl\":\"https:\\\/\\\/d1dyryakdmle7o.cloudfront.net\\\/wp-content\\\/uploads\\\/2025\\\/06\\\/Naamloos-1509.webp\",\"width\":2048,\"height\":2048},{\"@type\":\"BreadcrumbList\",\"@id\":\"https:\\\/\\\/www.jootjeshaakcadeautjes.nl\\\/de\\\/produkt\\\/spieldose-abwaschbar-zwinker-zwinker-kleiner-stern-klein\\\/#breadcrumb\",\"itemListElement\":[{\"@type\":\"ListItem\",\"position\":1,\"name\":\"Startseite\",\"item\":\"https:\\\/\\\/www.jootjeshaakcadeautjes.nl\\\/de\\\/\"},{\"@type\":\"ListItem\",\"position\":2,\"name\":\"Gro\u00dfhandel mit Silikonperlen &#8211; Business und Consumer\",\"item\":\"https:\\\/\\\/www.jootjeshaakcadeautjes.nl\\\/de\\\/shop\\\/\"},{\"@type\":\"ListItem\",\"position\":3,\"name\":\"Spieluhr Waschbar &#8211; Twinkle Twinkle Little Star &#8211; Klein\"}]},{\"@type\":\"WebSite\",\"@id\":\"https:\\\/\\\/www.jootjeshaakcadeautjes.nl\\\/de\\\/#website\",\"url\":\"https:\\\/\\\/www.jootjeshaakcadeautjes.nl\\\/de\\\/\",\"name\":\"Jootjes Haakcadeautjes\",\"description\":\"Silikonperlen Gro\u00dfhandel \",\"publisher\":{\"@id\":\"https:\\\/\\\/www.jootjeshaakcadeautjes.nl\\\/de\\\/#organization\"},\"potentialAction\":[{\"@type\":\"SearchAction\",\"target\":{\"@type\":\"EntryPoint\",\"urlTemplate\":\"https:\\\/\\\/www.jootjeshaakcadeautjes.nl\\\/de\\\/?s={search_term_string}\"},\"query-input\":{\"@type\":\"PropertyValueSpecification\",\"valueRequired\":true,\"valueName\":\"search_term_string\"}}],\"inLanguage\":\"de\"},{\"@type\":\"Organization\",\"@id\":\"https:\\\/\\\/www.jootjeshaakcadeautjes.nl\\\/de\\\/#organization\",\"name\":\"Jootjes Haakcadeautjes\",\"url\":\"https:\\\/\\\/www.jootjeshaakcadeautjes.nl\\\/de\\\/\",\"logo\":{\"@type\":\"ImageObject\",\"inLanguage\":\"de\",\"@id\":\"https:\\\/\\\/www.jootjeshaakcadeautjes.nl\\\/de\\\/#\\\/schema\\\/logo\\\/image\\\/\",\"url\":\"https:\\\/\\\/d1dyryakdmle7o.cloudfront.net\\\/wp-content\\\/uploads\\\/2023\\\/05\\\/Logo-rond.png\",\"contentUrl\":\"https:\\\/\\\/d1dyryakdmle7o.cloudfront.net\\\/wp-content\\\/uploads\\\/2023\\\/05\\\/Logo-rond.png\",\"width\":1222,\"height\":1222,\"caption\":\"Jootjes Haakcadeautjes\"},\"image\":{\"@id\":\"https:\\\/\\\/www.jootjeshaakcadeautjes.nl\\\/de\\\/#\\\/schema\\\/logo\\\/image\\\/\"}}]}<\/script>\n<meta property=\"product:price:amount\" content=\"6.45\" \/>\n<meta property=\"product:price:currency\" content=\"EUR\" \/>\n<meta property=\"og:availability\" content=\"instock\" \/>\n<meta property=\"product:availability\" content=\"instock\" \/>\n<meta property=\"product:retailer_item_id\" content=\"MUZ-DOO-TLSS\" \/>\n<meta property=\"product:condition\" content=\"new\" \/>\n<!-- \/ Yoast SEO Premium plugin. -->","yoast_head_json":{"title":"Spieluhr - Twinkle Little Star - H\u00e4keln - Waschbar","description":"Spieluhr Twinkle Little Star klein zum H\u00e4keln \/ Amigurumi f\u00fcr Baby und Kleinkind, handgemachtes Stofftier oder Mutterschaftsgeschenk. Handwaschbar.","robots":{"index":"index","follow":"follow","max-snippet":"max-snippet:-1","max-image-preview":"max-image-preview:large","max-video-preview":"max-video-preview:-1"},"canonical":"https:\/\/www.jootjeshaakcadeautjes.nl\/de\/produkt\/spieldose-abwaschbar-zwinker-zwinker-kleiner-stern-klein\/","og_locale":"de_DE","og_type":"article","og_title":"Spieluhr Waschbar - Twinkle Twinkle Little Star - Klein","og_description":"Spieluhr Twinkle Little Star klein zum H\u00e4keln \/ Amigurumi f\u00fcr Baby und Kleinkind, handgemachtes Stofftier oder Mutterschaftsgeschenk. Handwaschbar.","og_url":"https:\/\/www.jootjeshaakcadeautjes.nl\/de\/produkt\/spieldose-abwaschbar-zwinker-zwinker-kleiner-stern-klein\/","og_site_name":"Jootjes Haakcadeautjes","article_modified_time":"2025-11-11T11:28:37+00:00","og_image":[{"width":2048,"height":2048,"url":"https:\/\/www.jootjeshaakcadeautjes.nl\/wp-content\/uploads\/2025\/06\/Naamloos-1509.webp","type":"image\/webp"}],"twitter_card":"summary_large_image","twitter_misc":{"Preis":"&euro;6.45 inkl. MwSt.","Verf\u00fcgbarkeit":"Auf Lager"},"schema":{"@context":"https:\/\/schema.org","@graph":[{"@type":"WebPage","@id":"https:\/\/www.jootjeshaakcadeautjes.nl\/de\/produkt\/spieldose-abwaschbar-zwinker-zwinker-kleiner-stern-klein\/","url":"https:\/\/www.jootjeshaakcadeautjes.nl\/de\/produkt\/spieldose-abwaschbar-zwinker-zwinker-kleiner-stern-klein\/","name":"Spieluhr - Twinkle Little Star - H\u00e4keln - Waschbar","isPartOf":{"@id":"https:\/\/www.jootjeshaakcadeautjes.nl\/de\/#website"},"primaryImageOfPage":{"@id":"https:\/\/www.jootjeshaakcadeautjes.nl\/de\/produkt\/spieldose-abwaschbar-zwinker-zwinker-kleiner-stern-klein\/#primaryimage"},"image":{"@id":"https:\/\/www.jootjeshaakcadeautjes.nl\/de\/produkt\/spieldose-abwaschbar-zwinker-zwinker-kleiner-stern-klein\/#primaryimage"},"thumbnailUrl":"https:\/\/d1dyryakdmle7o.cloudfront.net\/wp-content\/uploads\/2025\/06\/Naamloos-1509.webp","datePublished":"2022-10-09T19:37:49+00:00","dateModified":"2025-11-11T11:28:37+00:00","description":"Spieluhr Twinkle Little Star klein zum H\u00e4keln \/ Amigurumi f\u00fcr Baby und Kleinkind, handgemachtes Stofftier oder Mutterschaftsgeschenk. Handwaschbar.","breadcrumb":{"@id":"https:\/\/www.jootjeshaakcadeautjes.nl\/de\/produkt\/spieldose-abwaschbar-zwinker-zwinker-kleiner-stern-klein\/#breadcrumb"},"inLanguage":"de","potentialAction":[{"@type":"ReadAction","target":["https:\/\/www.jootjeshaakcadeautjes.nl\/de\/produkt\/spieldose-abwaschbar-zwinker-zwinker-kleiner-stern-klein\/"]}]},{"@type":"ImageObject","inLanguage":"de","@id":"https:\/\/www.jootjeshaakcadeautjes.nl\/de\/produkt\/spieldose-abwaschbar-zwinker-zwinker-kleiner-stern-klein\/#primaryimage","url":"https:\/\/d1dyryakdmle7o.cloudfront.net\/wp-content\/uploads\/2025\/06\/Naamloos-1509.webp","contentUrl":"https:\/\/d1dyryakdmle7o.cloudfront.net\/wp-content\/uploads\/2025\/06\/Naamloos-1509.webp","width":2048,"height":2048},{"@type":"BreadcrumbList","@id":"https:\/\/www.jootjeshaakcadeautjes.nl\/de\/produkt\/spieldose-abwaschbar-zwinker-zwinker-kleiner-stern-klein\/#breadcrumb","itemListElement":[{"@type":"ListItem","position":1,"name":"Startseite","item":"https:\/\/www.jootjeshaakcadeautjes.nl\/de\/"},{"@type":"ListItem","position":2,"name":"Gro\u00dfhandel mit Silikonperlen &#8211; Business und Consumer","item":"https:\/\/www.jootjeshaakcadeautjes.nl\/de\/shop\/"},{"@type":"ListItem","position":3,"name":"Spieluhr Waschbar &#8211; Twinkle Twinkle Little Star &#8211; Klein"}]},{"@type":"WebSite","@id":"https:\/\/www.jootjeshaakcadeautjes.nl\/de\/#website","url":"https:\/\/www.jootjeshaakcadeautjes.nl\/de\/","name":"Jootjes Haakcadeautjes","description":"Silikonperlen Gro\u00dfhandel ","publisher":{"@id":"https:\/\/www.jootjeshaakcadeautjes.nl\/de\/#organization"},"potentialAction":[{"@type":"SearchAction","target":{"@type":"EntryPoint","urlTemplate":"https:\/\/www.jootjeshaakcadeautjes.nl\/de\/?s={search_term_string}"},"query-input":{"@type":"PropertyValueSpecification","valueRequired":true,"valueName":"search_term_string"}}],"inLanguage":"de"},{"@type":"Organization","@id":"https:\/\/www.jootjeshaakcadeautjes.nl\/de\/#organization","name":"Jootjes Haakcadeautjes","url":"https:\/\/www.jootjeshaakcadeautjes.nl\/de\/","logo":{"@type":"ImageObject","inLanguage":"de","@id":"https:\/\/www.jootjeshaakcadeautjes.nl\/de\/#\/schema\/logo\/image\/","url":"https:\/\/d1dyryakdmle7o.cloudfront.net\/wp-content\/uploads\/2023\/05\/Logo-rond.png","contentUrl":"https:\/\/d1dyryakdmle7o.cloudfront.net\/wp-content\/uploads\/2023\/05\/Logo-rond.png","width":1222,"height":1222,"caption":"Jootjes Haakcadeautjes"},"image":{"@id":"https:\/\/www.jootjeshaakcadeautjes.nl\/de\/#\/schema\/logo\/image\/"}}]},"product_price_amount":"6.45","product_price_currency":"EUR","og_availability":"instock","product_availability":"instock","product_retailer_item_id":"MUZ-DOO-TLSS","product_condition":"new"},"_links":{"self":[{"href":"https:\/\/www.jootjeshaakcadeautjes.nl\/de\/wp-json\/wp\/v2\/product\/120763","targetHints":{"allow":["GET"]}}],"collection":[{"href":"https:\/\/www.jootjeshaakcadeautjes.nl\/de\/wp-json\/wp\/v2\/product"}],"about":[{"href":"https:\/\/www.jootjeshaakcadeautjes.nl\/de\/wp-json\/wp\/v2\/types\/product"}],"version-history":[{"count":0,"href":"https:\/\/www.jootjeshaakcadeautjes.nl\/de\/wp-json\/wp\/v2\/product\/120763\/revisions"}],"wp:featuredmedia":[{"embeddable":true,"href":"https:\/\/www.jootjeshaakcadeautjes.nl\/de\/wp-json\/wp\/v2\/media\/234853"}],"wp:attachment":[{"href":"https:\/\/www.jootjeshaakcadeautjes.nl\/de\/wp-json\/wp\/v2\/media?parent=120763"}],"wp:term":[{"taxonomy":"product_brand","embeddable":true,"href":"https:\/\/www.jootjeshaakcadeautjes.nl\/de\/wp-json\/wp\/v2\/product_brand?post=120763"},{"taxonomy":"product_cat","embeddable":true,"href":"https:\/\/www.jootjeshaakcadeautjes.nl\/de\/wp-json\/wp\/v2\/product_cat?post=120763"},{"taxonomy":"product_tag","embeddable":true,"href":"https:\/\/www.jootjeshaakcadeautjes.nl\/de\/wp-json\/wp\/v2\/product_tag?post=120763"}],"curies":[{"name":"wp","href":"https:\/\/api.w.org\/{rel}","templated":true}]}}