{"id":120823,"date":"2022-09-25T20:30:56","date_gmt":"2022-09-25T18:30:56","guid":{"rendered":"https:\/\/www.jootjeshaakcadeautjes.nl\/product\/holztraeger-wal-80x52-cm\/"},"modified":"2026-03-18T13:32:25","modified_gmt":"2026-03-18T12:32:25","slug":"holztraeger-wal-80x52-cm","status":"publish","type":"product","link":"https:\/\/www.jootjeshaakcadeautjes.nl\/de\/produkt\/holztraeger-wal-80x52-cm\/","title":{"rendered":"Bei\u00dfring aus Holz &#8211; Walfisch &#8211; 80 x 52 mm &#8211; Buchenholz"},"content":{"rendered":"<h1>Bei\u00dfring aus Holz &#8211; Walfisch &#8211; 80 x 52 mm &#8211; Buchenholz<\/h1>\n<p>Hergestellt aus rohem (nicht lackiertem, gebeiztem oder ge\u00f6ltem) Holz.<br \/>\nGr\u00f6\u00dfe: 80 x 52 mm.<br \/>\nInnendurchmesser 28 mm. Die Wal-Bei\u00dfringe aus Holz sind aus hochwertigem Buchenholz gefertigt. Da es sich um ein Naturprodukt handelt, k\u00f6nnen die Ringe daher minimale Abweichungen aufweisen.<\/p>\n<p>&nbsp;<\/p>\n","protected":false},"excerpt":{"rendered":"<p>Aus rohem (nicht lackiertem, gebeiztem oder ge\u00f6ltem) Holz. Glatt verarbeitet. Gr\u00f6\u00dfe: 80 x 52 mm Lochdurchmesser: 28 mm (weitere Informationen siehe unten auf der Seite)<\/p>\n","protected":false},"featured_media":81250,"template":"","meta":[],"product_brand":[],"product_cat":[8071,8264,7380,8072,8070,9067],"product_tag":[7984,7510,8088,7385,8571,8564,7933,7464,7416,7196,7442,8089,7520,9490],"class_list":{"0":"post-120823","1":"product","2":"type-product","3":"status-publish","4":"has-post-thumbnail","6":"product_cat-beisringe-baby-silikon-und-holz","7":"product_cat-beisringe-aus-holz-buchenholz","8":"product_cat-herstellung-von-baby-beisspielzeug-materialien-fur-schnuller-und-beisringe","9":"product_cat-holzringe-fur-macrame-und-crochet","10":"product_cat-ringe-aus-holz","11":"product_cat-tier-beisringe","12":"product_tag-anhanger","13":"product_tag-baby-de","14":"product_tag-baby-turnhalle","15":"product_tag-beisring","16":"product_tag-beisspielzeug","17":"product_tag-buchenholz-de","18":"product_tag-geschenk-fur-die-mutterschaft","19":"product_tag-groshandel","20":"product_tag-gummischnur","21":"product_tag-holz","22":"product_tag-kinderwagenkette","23":"product_tag-roh","24":"product_tag-sicher","25":"product_tag-wal","27":"first","28":"instock","29":"taxable","30":"shipping-taxable","31":"purchasable","32":"product-type-simple"},"bundled_by":[],"bundle_stock_status":"instock","bundle_stock_quantity":14,"bundle_virtual":false,"bundle_layout":"","bundle_add_to_cart_form_location":"","bundle_editable_in_cart":false,"bundle_sold_individually_context":"","bundle_item_grouping":"","bundle_min_size":"","bundle_max_size":"","bundle_price":[],"bundled_items":[],"bundle_sell_ids":[],"yoast_head":"<!-- This site is optimized with the Yoast SEO Premium plugin v27.6 (Yoast SEO v27.6) - https:\/\/yoast.com\/product\/yoast-seo-premium-wordpress\/ -->\n<title>Bei\u00dfring aus Holz - Walfisch - 80 x 52 mm - Buchenholz<\/title>\n<meta name=\"description\" content=\"H\u00f6lzerne Elefanten Bei\u00dfring \/ Ring Anh\u00e4nger Elefant f\u00fcr Ihre handgemachte Baby-Spielzeug. Zum Beispiel f\u00fcr einen Bei\u00dfring, eine Rassel oder einen Kinderwagenaufh\u00e4nger aus Holz.\" \/>\n<meta name=\"robots\" content=\"index, follow, max-snippet:-1, max-image-preview:large, max-video-preview:-1\" \/>\n<link rel=\"canonical\" href=\"https:\/\/www.jootjeshaakcadeautjes.nl\/de\/produkt\/holztraeger-wal-80x52-cm\/\" \/>\n<meta property=\"og:locale\" content=\"de_DE\" \/>\n<meta property=\"og:type\" content=\"article\" \/>\n<meta property=\"og:title\" content=\"Bei\u00dfring aus Holz - Walfisch - 80 x 52 mm - Buchenholz\" \/>\n<meta property=\"og:description\" content=\"H\u00f6lzerne Elefanten Bei\u00dfring \/ Ring Anh\u00e4nger Elefant f\u00fcr Ihre handgemachte Baby-Spielzeug. Zum Beispiel f\u00fcr einen Bei\u00dfring, eine Rassel oder einen Kinderwagenaufh\u00e4nger aus Holz.\" \/>\n<meta property=\"og:url\" content=\"https:\/\/www.jootjeshaakcadeautjes.nl\/de\/produkt\/holztraeger-wal-80x52-cm\/\" \/>\n<meta property=\"og:site_name\" content=\"Jootjes Haakcadeautjes\" \/>\n<meta property=\"article:modified_time\" content=\"2026-03-18T12:32:25+00:00\" \/>\n<meta property=\"og:image\" content=\"https:\/\/www.jootjeshaakcadeautjes.nl\/wp-content\/uploads\/2022\/08\/20220718_095046.jpg\" \/>\n\t<meta property=\"og:image:width\" content=\"2048\" \/>\n\t<meta property=\"og:image:height\" content=\"2048\" \/>\n\t<meta property=\"og:image:type\" content=\"image\/jpeg\" \/>\n<meta name=\"twitter:card\" content=\"summary_large_image\" \/>\n<meta name=\"twitter:label1\" content=\"Preis\" \/>\n\t<meta name=\"twitter:data1\" content=\"&euro;2.00 inkl. MwSt.\" \/>\n\t<meta name=\"twitter:label2\" content=\"Verf\u00fcgbarkeit\" \/>\n\t<meta name=\"twitter:data2\" content=\"Auf Lager\" \/>\n<script type=\"application\/ld+json\" class=\"yoast-schema-graph\">{\"@context\":\"https:\\\/\\\/schema.org\",\"@graph\":[{\"@type\":\"WebPage\",\"@id\":\"https:\\\/\\\/www.jootjeshaakcadeautjes.nl\\\/de\\\/produkt\\\/holztraeger-wal-80x52-cm\\\/\",\"url\":\"https:\\\/\\\/www.jootjeshaakcadeautjes.nl\\\/de\\\/produkt\\\/holztraeger-wal-80x52-cm\\\/\",\"name\":\"Bei\u00dfring aus Holz - Walfisch - 80 x 52 mm - Buchenholz\",\"isPartOf\":{\"@id\":\"https:\\\/\\\/www.jootjeshaakcadeautjes.nl\\\/de\\\/#website\"},\"primaryImageOfPage\":{\"@id\":\"https:\\\/\\\/www.jootjeshaakcadeautjes.nl\\\/de\\\/produkt\\\/holztraeger-wal-80x52-cm\\\/#primaryimage\"},\"image\":{\"@id\":\"https:\\\/\\\/www.jootjeshaakcadeautjes.nl\\\/de\\\/produkt\\\/holztraeger-wal-80x52-cm\\\/#primaryimage\"},\"thumbnailUrl\":\"https:\\\/\\\/d1dyryakdmle7o.cloudfront.net\\\/wp-content\\\/uploads\\\/2022\\\/08\\\/20220718_095046.jpg\",\"datePublished\":\"2022-09-25T18:30:56+00:00\",\"dateModified\":\"2026-03-18T12:32:25+00:00\",\"description\":\"H\u00f6lzerne Elefanten Bei\u00dfring \\\/ Ring Anh\u00e4nger Elefant f\u00fcr Ihre handgemachte Baby-Spielzeug. Zum Beispiel f\u00fcr einen Bei\u00dfring, eine Rassel oder einen Kinderwagenaufh\u00e4nger aus Holz.\",\"breadcrumb\":{\"@id\":\"https:\\\/\\\/www.jootjeshaakcadeautjes.nl\\\/de\\\/produkt\\\/holztraeger-wal-80x52-cm\\\/#breadcrumb\"},\"inLanguage\":\"de\",\"potentialAction\":[{\"@type\":\"ReadAction\",\"target\":[\"https:\\\/\\\/www.jootjeshaakcadeautjes.nl\\\/de\\\/produkt\\\/holztraeger-wal-80x52-cm\\\/\"]}]},{\"@type\":\"ImageObject\",\"inLanguage\":\"de\",\"@id\":\"https:\\\/\\\/www.jootjeshaakcadeautjes.nl\\\/de\\\/produkt\\\/holztraeger-wal-80x52-cm\\\/#primaryimage\",\"url\":\"https:\\\/\\\/d1dyryakdmle7o.cloudfront.net\\\/wp-content\\\/uploads\\\/2022\\\/08\\\/20220718_095046.jpg\",\"contentUrl\":\"https:\\\/\\\/d1dyryakdmle7o.cloudfront.net\\\/wp-content\\\/uploads\\\/2022\\\/08\\\/20220718_095046.jpg\",\"width\":2048,\"height\":2048,\"caption\":\"H\u00f6lzerne Bei\u00dfring Wal Buche Gro\u00dfhandel Baby sicher\"},{\"@type\":\"BreadcrumbList\",\"@id\":\"https:\\\/\\\/www.jootjeshaakcadeautjes.nl\\\/de\\\/produkt\\\/holztraeger-wal-80x52-cm\\\/#breadcrumb\",\"itemListElement\":[{\"@type\":\"ListItem\",\"position\":1,\"name\":\"Startseite\",\"item\":\"https:\\\/\\\/www.jootjeshaakcadeautjes.nl\\\/de\\\/\"},{\"@type\":\"ListItem\",\"position\":2,\"name\":\"Gro\u00dfhandel mit Silikonperlen &#8211; Business und Consumer\",\"item\":\"https:\\\/\\\/www.jootjeshaakcadeautjes.nl\\\/de\\\/shop\\\/\"},{\"@type\":\"ListItem\",\"position\":3,\"name\":\"Bei\u00dfring aus Holz &#8211; Walfisch &#8211; 80 x 52 mm &#8211; Buchenholz\"}]},{\"@type\":\"WebSite\",\"@id\":\"https:\\\/\\\/www.jootjeshaakcadeautjes.nl\\\/de\\\/#website\",\"url\":\"https:\\\/\\\/www.jootjeshaakcadeautjes.nl\\\/de\\\/\",\"name\":\"Jootjes Haakcadeautjes\",\"description\":\"Silikonperlen Gro\u00dfhandel \",\"publisher\":{\"@id\":\"https:\\\/\\\/www.jootjeshaakcadeautjes.nl\\\/de\\\/#organization\"},\"potentialAction\":[{\"@type\":\"SearchAction\",\"target\":{\"@type\":\"EntryPoint\",\"urlTemplate\":\"https:\\\/\\\/www.jootjeshaakcadeautjes.nl\\\/de\\\/?s={search_term_string}\"},\"query-input\":{\"@type\":\"PropertyValueSpecification\",\"valueRequired\":true,\"valueName\":\"search_term_string\"}}],\"inLanguage\":\"de\"},{\"@type\":\"Organization\",\"@id\":\"https:\\\/\\\/www.jootjeshaakcadeautjes.nl\\\/de\\\/#organization\",\"name\":\"Jootjes Haakcadeautjes\",\"url\":\"https:\\\/\\\/www.jootjeshaakcadeautjes.nl\\\/de\\\/\",\"logo\":{\"@type\":\"ImageObject\",\"inLanguage\":\"de\",\"@id\":\"https:\\\/\\\/www.jootjeshaakcadeautjes.nl\\\/de\\\/#\\\/schema\\\/logo\\\/image\\\/\",\"url\":\"https:\\\/\\\/d1dyryakdmle7o.cloudfront.net\\\/wp-content\\\/uploads\\\/2023\\\/05\\\/Logo-rond.png\",\"contentUrl\":\"https:\\\/\\\/d1dyryakdmle7o.cloudfront.net\\\/wp-content\\\/uploads\\\/2023\\\/05\\\/Logo-rond.png\",\"width\":1222,\"height\":1222,\"caption\":\"Jootjes Haakcadeautjes\"},\"image\":{\"@id\":\"https:\\\/\\\/www.jootjeshaakcadeautjes.nl\\\/de\\\/#\\\/schema\\\/logo\\\/image\\\/\"}}]}<\/script>\n<meta property=\"product:price:amount\" content=\"2.00\" \/>\n<meta property=\"product:price:currency\" content=\"EUR\" \/>\n<meta property=\"og:availability\" content=\"instock\" \/>\n<meta property=\"product:availability\" content=\"instock\" \/>\n<meta property=\"product:retailer_item_id\" content=\"HOU-HAN-WAL\" \/>\n<meta property=\"product:condition\" content=\"new\" \/>\n<!-- \/ Yoast SEO Premium plugin. -->","yoast_head_json":{"title":"Bei\u00dfring aus Holz - Walfisch - 80 x 52 mm - Buchenholz","description":"H\u00f6lzerne Elefanten Bei\u00dfring \/ Ring Anh\u00e4nger Elefant f\u00fcr Ihre handgemachte Baby-Spielzeug. Zum Beispiel f\u00fcr einen Bei\u00dfring, eine Rassel oder einen Kinderwagenaufh\u00e4nger aus Holz.","robots":{"index":"index","follow":"follow","max-snippet":"max-snippet:-1","max-image-preview":"max-image-preview:large","max-video-preview":"max-video-preview:-1"},"canonical":"https:\/\/www.jootjeshaakcadeautjes.nl\/de\/produkt\/holztraeger-wal-80x52-cm\/","og_locale":"de_DE","og_type":"article","og_title":"Bei\u00dfring aus Holz - Walfisch - 80 x 52 mm - Buchenholz","og_description":"H\u00f6lzerne Elefanten Bei\u00dfring \/ Ring Anh\u00e4nger Elefant f\u00fcr Ihre handgemachte Baby-Spielzeug. Zum Beispiel f\u00fcr einen Bei\u00dfring, eine Rassel oder einen Kinderwagenaufh\u00e4nger aus Holz.","og_url":"https:\/\/www.jootjeshaakcadeautjes.nl\/de\/produkt\/holztraeger-wal-80x52-cm\/","og_site_name":"Jootjes Haakcadeautjes","article_modified_time":"2026-03-18T12:32:25+00:00","og_image":[{"width":2048,"height":2048,"url":"https:\/\/www.jootjeshaakcadeautjes.nl\/wp-content\/uploads\/2022\/08\/20220718_095046.jpg","type":"image\/jpeg"}],"twitter_card":"summary_large_image","twitter_misc":{"Preis":"&euro;2.00 inkl. MwSt.","Verf\u00fcgbarkeit":"Auf Lager"},"schema":{"@context":"https:\/\/schema.org","@graph":[{"@type":"WebPage","@id":"https:\/\/www.jootjeshaakcadeautjes.nl\/de\/produkt\/holztraeger-wal-80x52-cm\/","url":"https:\/\/www.jootjeshaakcadeautjes.nl\/de\/produkt\/holztraeger-wal-80x52-cm\/","name":"Bei\u00dfring aus Holz - Walfisch - 80 x 52 mm - Buchenholz","isPartOf":{"@id":"https:\/\/www.jootjeshaakcadeautjes.nl\/de\/#website"},"primaryImageOfPage":{"@id":"https:\/\/www.jootjeshaakcadeautjes.nl\/de\/produkt\/holztraeger-wal-80x52-cm\/#primaryimage"},"image":{"@id":"https:\/\/www.jootjeshaakcadeautjes.nl\/de\/produkt\/holztraeger-wal-80x52-cm\/#primaryimage"},"thumbnailUrl":"https:\/\/d1dyryakdmle7o.cloudfront.net\/wp-content\/uploads\/2022\/08\/20220718_095046.jpg","datePublished":"2022-09-25T18:30:56+00:00","dateModified":"2026-03-18T12:32:25+00:00","description":"H\u00f6lzerne Elefanten Bei\u00dfring \/ Ring Anh\u00e4nger Elefant f\u00fcr Ihre handgemachte Baby-Spielzeug. Zum Beispiel f\u00fcr einen Bei\u00dfring, eine Rassel oder einen Kinderwagenaufh\u00e4nger aus Holz.","breadcrumb":{"@id":"https:\/\/www.jootjeshaakcadeautjes.nl\/de\/produkt\/holztraeger-wal-80x52-cm\/#breadcrumb"},"inLanguage":"de","potentialAction":[{"@type":"ReadAction","target":["https:\/\/www.jootjeshaakcadeautjes.nl\/de\/produkt\/holztraeger-wal-80x52-cm\/"]}]},{"@type":"ImageObject","inLanguage":"de","@id":"https:\/\/www.jootjeshaakcadeautjes.nl\/de\/produkt\/holztraeger-wal-80x52-cm\/#primaryimage","url":"https:\/\/d1dyryakdmle7o.cloudfront.net\/wp-content\/uploads\/2022\/08\/20220718_095046.jpg","contentUrl":"https:\/\/d1dyryakdmle7o.cloudfront.net\/wp-content\/uploads\/2022\/08\/20220718_095046.jpg","width":2048,"height":2048,"caption":"H\u00f6lzerne Bei\u00dfring Wal Buche Gro\u00dfhandel Baby sicher"},{"@type":"BreadcrumbList","@id":"https:\/\/www.jootjeshaakcadeautjes.nl\/de\/produkt\/holztraeger-wal-80x52-cm\/#breadcrumb","itemListElement":[{"@type":"ListItem","position":1,"name":"Startseite","item":"https:\/\/www.jootjeshaakcadeautjes.nl\/de\/"},{"@type":"ListItem","position":2,"name":"Gro\u00dfhandel mit Silikonperlen &#8211; Business und Consumer","item":"https:\/\/www.jootjeshaakcadeautjes.nl\/de\/shop\/"},{"@type":"ListItem","position":3,"name":"Bei\u00dfring aus Holz &#8211; Walfisch &#8211; 80 x 52 mm &#8211; Buchenholz"}]},{"@type":"WebSite","@id":"https:\/\/www.jootjeshaakcadeautjes.nl\/de\/#website","url":"https:\/\/www.jootjeshaakcadeautjes.nl\/de\/","name":"Jootjes Haakcadeautjes","description":"Silikonperlen Gro\u00dfhandel ","publisher":{"@id":"https:\/\/www.jootjeshaakcadeautjes.nl\/de\/#organization"},"potentialAction":[{"@type":"SearchAction","target":{"@type":"EntryPoint","urlTemplate":"https:\/\/www.jootjeshaakcadeautjes.nl\/de\/?s={search_term_string}"},"query-input":{"@type":"PropertyValueSpecification","valueRequired":true,"valueName":"search_term_string"}}],"inLanguage":"de"},{"@type":"Organization","@id":"https:\/\/www.jootjeshaakcadeautjes.nl\/de\/#organization","name":"Jootjes Haakcadeautjes","url":"https:\/\/www.jootjeshaakcadeautjes.nl\/de\/","logo":{"@type":"ImageObject","inLanguage":"de","@id":"https:\/\/www.jootjeshaakcadeautjes.nl\/de\/#\/schema\/logo\/image\/","url":"https:\/\/d1dyryakdmle7o.cloudfront.net\/wp-content\/uploads\/2023\/05\/Logo-rond.png","contentUrl":"https:\/\/d1dyryakdmle7o.cloudfront.net\/wp-content\/uploads\/2023\/05\/Logo-rond.png","width":1222,"height":1222,"caption":"Jootjes Haakcadeautjes"},"image":{"@id":"https:\/\/www.jootjeshaakcadeautjes.nl\/de\/#\/schema\/logo\/image\/"}}]},"product_price_amount":"2.00","product_price_currency":"EUR","og_availability":"instock","product_availability":"instock","product_retailer_item_id":"HOU-HAN-WAL","product_condition":"new"},"_links":{"self":[{"href":"https:\/\/www.jootjeshaakcadeautjes.nl\/de\/wp-json\/wp\/v2\/product\/120823","targetHints":{"allow":["GET"]}}],"collection":[{"href":"https:\/\/www.jootjeshaakcadeautjes.nl\/de\/wp-json\/wp\/v2\/product"}],"about":[{"href":"https:\/\/www.jootjeshaakcadeautjes.nl\/de\/wp-json\/wp\/v2\/types\/product"}],"version-history":[{"count":0,"href":"https:\/\/www.jootjeshaakcadeautjes.nl\/de\/wp-json\/wp\/v2\/product\/120823\/revisions"}],"wp:featuredmedia":[{"embeddable":true,"href":"https:\/\/www.jootjeshaakcadeautjes.nl\/de\/wp-json\/wp\/v2\/media\/81250"}],"wp:attachment":[{"href":"https:\/\/www.jootjeshaakcadeautjes.nl\/de\/wp-json\/wp\/v2\/media?parent=120823"}],"wp:term":[{"taxonomy":"product_brand","embeddable":true,"href":"https:\/\/www.jootjeshaakcadeautjes.nl\/de\/wp-json\/wp\/v2\/product_brand?post=120823"},{"taxonomy":"product_cat","embeddable":true,"href":"https:\/\/www.jootjeshaakcadeautjes.nl\/de\/wp-json\/wp\/v2\/product_cat?post=120823"},{"taxonomy":"product_tag","embeddable":true,"href":"https:\/\/www.jootjeshaakcadeautjes.nl\/de\/wp-json\/wp\/v2\/product_tag?post=120823"}],"curies":[{"name":"wp","href":"https:\/\/api.w.org\/{rel}","templated":true}]}}